{"id":28704,"date":"2026-05-02T17:27:12","date_gmt":"2026-05-02T17:27:12","guid":{"rendered":"https:\/\/ateliervae.fr\/?product=antivol-u-kryptonite-new-york-fahgettaboudit-mini"},"modified":"2026-05-02T18:38:47","modified_gmt":"2026-05-02T18:38:47","slug":"decouvrez-lantivol-velo-kryptonite-haute-resistance-u-new-york-mini","status":"publish","type":"product","link":"https:\/\/ateliervae.fr\/?product=decouvrez-lantivol-velo-kryptonite-haute-resistance-u-new-york-mini","title":{"rendered":"Antivol pour v\u00e9lo Kryptonite U  New York Fahgettaboudit Mini"},"content":{"rendered":"<section class=\"text-token-text-primary w-full focus:outline-none [--shadow-height:45px] has-data-writing-block:pointer-events-none has-data-writing-block:-mt-(--shadow-height) has-data-writing-block:pt-(--shadow-height) [&amp;:has([data-writing-block])&gt;*]:pointer-events-auto [content-visibility:auto] supports-[content-visibility:auto]:[contain-intrinsic-size:auto_100lvh] R6Vx5W_threadScrollVars scroll-mb-[calc(var(--scroll-root-safe-area-inset-bottom,0px)+var(--thread-response-height))] scroll-mt-[calc(var(--header-height)+min(200px,max(70px,20svh)))]\" dir=\"auto\" data-turn-id=\"request-WEB:ee1c77aa-c974-4238-bf8e-4b10a1b68db7-28\" data-testid=\"conversation-turn-2\" data-scroll-anchor=\"false\" data-turn=\"assistant\">\n<div class=\"text-base my-auto mx-auto pb-10 [--thread-content-margin:var(--thread-content-margin-xs,calc(var(--spacing)*4))] @w-sm\/main:[--thread-content-margin:var(--thread-content-margin-sm,calc(var(--spacing)*6))] @w-lg\/main:[--thread-content-margin:var(--thread-content-margin-lg,calc(var(--spacing)*16))] px-(--thread-content-margin)\">\n<div class=\"[--thread-content-max-width:40rem] @w-lg\/main:[--thread-content-max-width:48rem] mx-auto max-w-(--thread-content-max-width) flex-1 group\/turn-messages focus-visible:outline-hidden relative flex w-full min-w-0 flex-col agent-turn\">\n<div class=\"flex max-w-full flex-col gap-4 grow\">\n<div class=\"min-h-8 text-message relative flex w-full flex-col items-end gap-2 text-start break-words whitespace-normal outline-none keyboard-focused:focus-ring [.text-message+&amp;]:mt-1\" dir=\"auto\" tabindex=\"0\" data-message-author-role=\"assistant\" data-message-id=\"47eb8ca3-32b7-4f18-9a9f-586bac58fe3b\" data-message-model-slug=\"gpt-5-3-mini\" data-turn-start-message=\"true\">\n<div class=\"flex w-full flex-col gap-1 empty:hidden\">\n<div class=\"markdown prose dark:prose-invert w-full wrap-break-word light markdown-new-styling\">\n<p data-start=\"727\" data-end=\"1034\"><strong>DESCRIPTION PRODUIT<\/strong><\/p>\n<p data-start=\"727\" data-end=\"1034\"><br data-start=\"746\" data-end=\"749\" \/>Le Kryptonite New York Fahgettaboudit Mini est consid\u00e9r\u00e9 comme l\u2019un des antivols en U les plus robustes du march\u00e9. Il est pens\u00e9 pour les cyclistes urbains, les v\u00e9los \u00e9lectriques, les VTT haut de gamme et tous ceux qui refusent de prendre le moindre risque avec leur moyen de transport.<\/p>\n<p data-start=\"1036\" data-end=\"1158\">Son objectif est simple : offrir une <strong data-start=\"1073\" data-end=\"1118\">protection maximale contre le vol de v\u00e9lo<\/strong>, m\u00eame dans les zones les plus expos\u00e9es.<\/p>\n<p data-start=\"1160\" data-end=\"1402\">Gr\u00e2ce \u00e0 son acier tremp\u00e9 ultra dense et \u00e0 sa conception compacte, il limite les points de levier et emp\u00eache les attaques rapides. Contrairement aux antivols classiques, il r\u00e9siste aux outils de coupe, aux leviers et aux tentatives de torsion.<\/p>\n<p data-start=\"1404\" data-end=\"1532\">Il s\u2019adresse aux cyclistes urbains exigeants, aux travailleurs en d\u00e9placement quotidien et aux propri\u00e9taires de v\u00e9los de valeur.<\/p>\n<p data-start=\"1534\" data-end=\"1633\">Utilisez-le dans la rue, devant votre bureau, en gare ou lors de stationnements prolong\u00e9s en ville.<\/p>\n<p data-start=\"1657\" data-end=\"1673\"><strong>AVANTAGES CL\u00c9S<\/strong><\/p>\n<ul data-start=\"1674\" data-end=\"1980\">\n<li data-section-id=\"lvruyi\" data-start=\"1674\" data-end=\"1745\">Protection maximale contre le vol gr\u00e2ce \u00e0 un acier haute r\u00e9sistance<\/li>\n<li data-section-id=\"1mlzoy0\" data-start=\"1746\" data-end=\"1797\">Format compact limitant les attaques par levier<\/li>\n<li data-section-id=\"1j6engt\" data-start=\"1798\" data-end=\"1862\">R\u00e9sistance \u00e9lev\u00e9e aux coupe-boulons et outils professionnels<\/li>\n<li data-section-id=\"14m2rne\" data-start=\"1863\" data-end=\"1918\">Convient aux v\u00e9los \u00e9lectriques et VTT haut de gamme<\/li>\n<li data-section-id=\"1jy0n36\" data-start=\"1919\" data-end=\"1980\">S\u00e9curit\u00e9 renforc\u00e9e pour stationnement urbain longue dur\u00e9e<\/li>\n<\/ul>\n<p data-start=\"1987\" data-end=\"2434\"><strong>CARACT\u00c9RISTIQUES TECHNIQUES<\/strong><br data-start=\"2014\" data-end=\"2017\" \/>L\u2019acier tremp\u00e9 de qualit\u00e9 industrielle offre une <strong data-start=\"2066\" data-end=\"2111\">r\u00e9sistance accrue aux tentatives de coupe<\/strong>.<br data-start=\"2112\" data-end=\"2115\" \/>Le format U compact r\u00e9duit les espaces d\u2019attaque, rendant le vol beaucoup plus difficile.<br data-start=\"2204\" data-end=\"2207\" \/>Le syst\u00e8me de verrouillage haute s\u00e9curit\u00e9 limite les manipulations et le crochetage.<br data-start=\"2291\" data-end=\"2294\" \/>Le design robuste est optimis\u00e9 pour les environnements urbains \u00e0 haut risque.<br data-start=\"2371\" data-end=\"2374\" \/>Le rev\u00eatement prot\u00e8ge le cadre du v\u00e9lo contre les rayures.<\/p>\n<p data-start=\"2441\" data-end=\"2460\"><strong>TABLEAU TECHNIQUE<\/strong><\/p>\n<p data-start=\"2462\" data-end=\"3075\">Marque : <a href=\"https:\/\/ateliervae.fr\/?product=antivol-velo-kryptonite-new-york-ls-securite-maximale\">Kryptonite<\/a><br data-start=\"2481\" data-end=\"2484\" \/>Mod\u00e8le : New York Fahgettaboudit Mini<br data-start=\"2521\" data-end=\"2524\" \/>Type : Antivol en U haute s\u00e9curit\u00e9<br data-start=\"2558\" data-end=\"2561\" \/>Mat\u00e9riau : Acier tremp\u00e9 renforc\u00e9<br data-start=\"2593\" data-end=\"2596\" \/>Niveau de s\u00e9curit\u00e9 : Tr\u00e8s \u00e9lev\u00e9 (usage urbain extr\u00eame)<br data-start=\"2650\" data-end=\"2653\" \/>Dimensions : Format compact optimis\u00e9 anti-levier<br data-start=\"2701\" data-end=\"2704\" \/>Poids : Lourd (renforce la r\u00e9sistance au vol)<br data-start=\"2749\" data-end=\"2752\" \/>Compatibilit\u00e9 : V\u00e9los urbains, VAE, VTT<br data-start=\"2791\" data-end=\"2794\" \/>Syst\u00e8me de verrouillage : Double verrouillage haute s\u00e9curit\u00e9<br data-start=\"2854\" data-end=\"2857\" \/>Utilisation : Ville, stationnement longue dur\u00e9e, zones \u00e0 risque \u00e9lev\u00e9<br data-start=\"2926\" data-end=\"2929\" \/>R\u00e9sistance : Coupe-boulons, levier, torsion<br data-start=\"2972\" data-end=\"2975\" \/>Garantie : Garantie constructeur Kryptonite<br data-start=\"3018\" data-end=\"3021\" \/>Normes : Certification s\u00e9curit\u00e9 antivol v\u00e9lo premium<\/p>\n<p data-start=\"3091\" data-end=\"3111\"><strong>TABLEAU COMPARATIF<\/strong><\/p>\n<p data-start=\"3113\" data-end=\"3495\">Mod\u00e8le | Caract\u00e9ristiques | Performance | Avantages | Prix<br data-start=\"3171\" data-end=\"3174\" \/>Kryptonite New York Mini | Acier tremp\u00e9 ultra dense | Tr\u00e8s haute s\u00e9curit\u00e9 | Anti-coupe et anti-levier extr\u00eame | 120-150\u20ac<br data-start=\"3294\" data-end=\"3297\" \/>Abus Bordo 6500 | Antivol pliable acier | Haute s\u00e9curit\u00e9 | Flexible et transportable | 90-130\u20ac<br data-start=\"3391\" data-end=\"3394\" \/>Antivol U basique | Acier standard | S\u00e9curit\u00e9 moyenne | Prix faible mais faible protection | 25-60\u20ac<\/p>\n<p data-start=\"4352\" data-end=\"4872\"><strong>FAQ<\/strong><br data-start=\"4355\" data-end=\"4358\" \/>Est-il adapt\u00e9 aux v\u00e9los \u00e9lectriques ? Oui, il est id\u00e9al pour les v\u00e9los \u00e0 forte valeur.<br data-start=\"4444\" data-end=\"4447\" \/>Peut-il \u00eatre coup\u00e9 facilement ? Non, l\u2019acier tremp\u00e9 r\u00e9siste aux outils classiques.<br data-start=\"4529\" data-end=\"4532\" \/>Est-il lourd \u00e0 transporter ? Oui, mais ce poids est un gage de s\u00e9curit\u00e9.<br data-start=\"4604\" data-end=\"4607\" \/>Convient-il pour un usage quotidien ? Oui, il est con\u00e7u pour un usage intensif urbain.<br data-start=\"4693\" data-end=\"4696\" \/>Est-il homologu\u00e9 assurance ? Oui, il r\u00e9pond aux standards de s\u00e9curit\u00e9 \u00e9lev\u00e9s.<br data-start=\"4773\" data-end=\"4776\" \/>Peut-il \u00eatre utilis\u00e9 en ext\u00e9rieur longtemps ? Oui, il est con\u00e7u pour r\u00e9sister aux intemp\u00e9ries.<\/p>\n<p data-start=\"4879\" data-end=\"5131\"><strong>CONCLUSION<\/strong><br data-start=\"4889\" data-end=\"4892\" \/>Si vous recherchez une solution fiable pour prot\u00e9ger votre v\u00e9lo contre le vol, le Kryptonite New York Fahgettaboudit Mini est l\u2019un des choix les plus s\u00fbrs du march\u00e9. Il combine robustesse, technologie et conception anti-effraction avanc\u00e9e.<\/p>\n<\/div>\n<\/div>\n<\/div>\n<\/div>\n<\/div>\n<\/div>\n<\/section>\n<div class=\"pointer-events-none -mt-px h-px translate-y-[calc(var(--scroll-root-safe-area-inset-bottom)-14*var(--spacing))]\" aria-hidden=\"true\"><\/div>\n","protected":false},"excerpt":{"rendered":"<section class=\"text-token-text-primary w-full focus:outline-none [--shadow-height:45px] has-data-writing-block:pointer-events-none has-data-writing-block:-mt-(--shadow-height) has-data-writing-block:pt-(--shadow-height) [&amp;:has([data-writing-block])&gt;*]:pointer-events-auto [content-visibility:auto] supports-[content-visibility:auto]:[contain-intrinsic-size:auto_100lvh] R6Vx5W_threadScrollVars scroll-mb-[calc(var(--scroll-root-safe-area-inset-bottom,0px)+var(--thread-response-height))] scroll-mt-[calc(var(--header-height)+min(200px,max(70px,20svh)))]\" dir=\"auto\" data-turn-id=\"request-WEB:ee1c77aa-c974-4238-bf8e-4b10a1b68db7-28\" data-testid=\"conversation-turn-2\" data-scroll-anchor=\"false\" data-turn=\"assistant\">\n<div class=\"text-base my-auto mx-auto pb-10 [--thread-content-margin:var(--thread-content-margin-xs,calc(var(--spacing)*4))] @w-sm\/main:[--thread-content-margin:var(--thread-content-margin-sm,calc(var(--spacing)*6))] @w-lg\/main:[--thread-content-margin:var(--thread-content-margin-lg,calc(var(--spacing)*16))] px-(--thread-content-margin)\">\n<div class=\"[--thread-content-max-width:40rem] @w-lg\/main:[--thread-content-max-width:48rem] mx-auto max-w-(--thread-content-max-width) flex-1 group\/turn-messages focus-visible:outline-hidden relative flex w-full min-w-0 flex-col agent-turn\">\n<div class=\"flex max-w-full flex-col gap-4 grow\">\n<div class=\"min-h-8 text-message relative flex w-full flex-col items-end gap-2 text-start break-words whitespace-normal outline-none keyboard-focused:focus-ring [.text-message+&amp;]:mt-1\" dir=\"auto\" tabindex=\"0\" data-message-author-role=\"assistant\" data-message-id=\"47eb8ca3-32b7-4f18-9a9f-586bac58fe3b\" data-message-model-slug=\"gpt-5-3-mini\" data-turn-start-message=\"true\">\n<div class=\"flex w-full flex-col gap-1 empty:hidden\">\n<div class=\"markdown prose dark:prose-invert w-full wrap-break-word light markdown-new-styling\">\n<p data-start=\"4879\" data-end=\"5131\"><strong>R\u00c9DUCTION DES OBJECTIONS<\/strong><br data-start=\"3543\" data-end=\"3546\" \/>Cet antivol est-il vraiment fiable ? Oui, il est con\u00e7u pour r\u00e9sister aux attaques professionnelles.<br data-start=\"3645\" data-end=\"3648\" \/>Est-il compatible avec tous les v\u00e9los ? Oui, il s\u2019adapte \u00e0 la majorit\u00e9 des cadres standards et \u00e9lectriques.<br data-start=\"3755\" data-end=\"3758\" \/>Est-il durable ? L\u2019acier tremp\u00e9 garantit une long\u00e9vit\u00e9 exceptionnelle m\u00eame en usage quotidien.<br data-start=\"3852\" data-end=\"3855\" \/>Est-il facile \u00e0 utiliser ? Oui, son verrouillage est rapide et intuitif malgr\u00e9 sa haute s\u00e9curit\u00e9.<\/p>\n<p data-start=\"3961\" data-end=\"4239\"><strong>PREUVE ET CR\u00c9DIBILIT\u00c9<\/strong><br data-start=\"3982\" data-end=\"3985\" \/>Les antivols Kryptonite sont reconnus mondialement pour leur fiabilit\u00e9. Le mod\u00e8le New York Mini est souvent recommand\u00e9 pour les zones \u00e0 tr\u00e8s haut risque. Les utilisateurs soulignent une r\u00e9duction significative des tentatives de vol lorsqu\u2019il est utilis\u00e9.<\/p>\n<p data-start=\"4241\" data-end=\"4345\">Note moyenne observ\u00e9e : 4,7\/5<br data-start=\"4270\" data-end=\"4273\" \/>Utilisation recommand\u00e9e par de nombreux cyclistes urbains exp\u00e9riment\u00e9s<\/p>\n<p data-start=\"5133\" data-end=\"5333\" data-is-last-node=\"\" data-is-only-node=\"\">Ne laissez plus votre v\u00e9lo sans protection r\u00e9elle face aux risques urbains.<br data-start=\"5208\" data-end=\"5211\" \/><strong data-start=\"5211\" data-end=\"5333\" data-is-last-node=\"\">Commandez d\u00e8s maintenant votre antivol v\u00e9lo Kryptonite haute r\u00e9sistance et s\u00e9curisez votre investissement durablement.<\/strong><\/p>\n<\/div>\n<\/div>\n<\/div>\n<\/div>\n<\/div>\n<\/div>\n<\/section>\n<div class=\"pointer-events-none -mt-px h-px translate-y-[calc(var(--scroll-root-safe-area-inset-bottom)-14*var(--spacing))]\" aria-hidden=\"true\"><\/div>\n","protected":false},"featured_media":28703,"comment_status":"open","ping_status":"closed","template":"","meta":[],"product_brand":[558],"product_cat":[58,101],"product_tag":[555],"class_list":{"0":"post-28704","1":"product","2":"type-product","3":"status-publish","4":"has-post-thumbnail","6":"product_brand-kryptonite","7":"product_cat-antivols-de-velos","8":"product_cat-antivols-en-u","9":"product_tag-antivol-velo-haute-securite","11":"first","12":"instock","13":"shipping-taxable","14":"purchasable","15":"product-type-simple"},"yoast_head":"<!-- This site is optimized with the Yoast SEO plugin v27.5 - https:\/\/yoast.com\/product\/yoast-seo-wordpress\/ -->\n<title>Antivol pour v\u00e9lo Kryptonite U New York Fahgettaboudit Mini - ateliervae.fr<\/title>\n<meta name=\"description\" content=\"D\u00e9couvrez l\u2019antivol v\u00e9lo Kryptonite haute r\u00e9sistance U New York Mini : protection anti-vol extr\u00eame, acier tremp\u00e9, s\u00e9curit\u00e9 urbaine premium.\" \/>\n<meta name=\"robots\" content=\"index, follow, max-snippet:-1, max-image-preview:large, max-video-preview:-1\" \/>\n<link rel=\"canonical\" href=\"https:\/\/ateliervae.fr\/?product=decouvrez-lantivol-velo-kryptonite-haute-resistance-u-new-york-mini\" \/>\n<meta property=\"og:locale\" content=\"fr_FR\" \/>\n<meta property=\"og:type\" content=\"article\" \/>\n<meta property=\"og:title\" content=\"Antivol pour v\u00e9lo Kryptonite U New York Fahgettaboudit Mini - ateliervae.fr\" \/>\n<meta property=\"og:description\" content=\"D\u00e9couvrez l\u2019antivol v\u00e9lo Kryptonite haute r\u00e9sistance U New York Mini : protection anti-vol extr\u00eame, acier tremp\u00e9, s\u00e9curit\u00e9 urbaine premium.\" \/>\n<meta property=\"og:url\" content=\"https:\/\/ateliervae.fr\/?product=decouvrez-lantivol-velo-kryptonite-haute-resistance-u-new-york-mini\" \/>\n<meta property=\"og:site_name\" content=\"ateliervae.fr\" \/>\n<meta property=\"article:modified_time\" content=\"2026-05-02T18:38:47+00:00\" \/>\n<meta property=\"og:image\" content=\"https:\/\/ateliervae.fr\/wp-content\/uploads\/2026\/05\/antivol-u-kryptonite-new-york-fahgettaboudit-mini.jpg\" \/>\n\t<meta property=\"og:image:width\" content=\"800\" \/>\n\t<meta property=\"og:image:height\" content=\"800\" \/>\n\t<meta property=\"og:image:type\" content=\"image\/jpeg\" \/>\n<meta name=\"twitter:card\" content=\"summary_large_image\" \/>\n<meta name=\"twitter:label1\" content=\"Dur\u00e9e de lecture estim\u00e9e\" \/>\n\t<meta name=\"twitter:data1\" content=\"3 minutes\" \/>\n<script type=\"application\/ld+json\" class=\"yoast-schema-graph\">{\"@context\":\"https:\\\/\\\/schema.org\",\"@graph\":[{\"@type\":\"WebPage\",\"@id\":\"https:\\\/\\\/ateliervae.fr\\\/?product=decouvrez-lantivol-velo-kryptonite-haute-resistance-u-new-york-mini\",\"url\":\"https:\\\/\\\/ateliervae.fr\\\/?product=decouvrez-lantivol-velo-kryptonite-haute-resistance-u-new-york-mini\",\"name\":\"Antivol pour v\u00e9lo Kryptonite U New York Fahgettaboudit Mini - ateliervae.fr\",\"isPartOf\":{\"@id\":\"https:\\\/\\\/ateliervae.fr\\\/#website\"},\"primaryImageOfPage\":{\"@id\":\"https:\\\/\\\/ateliervae.fr\\\/?product=decouvrez-lantivol-velo-kryptonite-haute-resistance-u-new-york-mini#primaryimage\"},\"image\":{\"@id\":\"https:\\\/\\\/ateliervae.fr\\\/?product=decouvrez-lantivol-velo-kryptonite-haute-resistance-u-new-york-mini#primaryimage\"},\"thumbnailUrl\":\"https:\\\/\\\/ateliervae.fr\\\/wp-content\\\/uploads\\\/2026\\\/05\\\/antivol-u-kryptonite-new-york-fahgettaboudit-mini.jpg\",\"datePublished\":\"2026-05-02T17:27:12+00:00\",\"dateModified\":\"2026-05-02T18:38:47+00:00\",\"description\":\"D\u00e9couvrez l\u2019antivol v\u00e9lo Kryptonite haute r\u00e9sistance U New York Mini : protection anti-vol extr\u00eame, acier tremp\u00e9, s\u00e9curit\u00e9 urbaine premium.\",\"breadcrumb\":{\"@id\":\"https:\\\/\\\/ateliervae.fr\\\/?product=decouvrez-lantivol-velo-kryptonite-haute-resistance-u-new-york-mini#breadcrumb\"},\"inLanguage\":\"fr-FR\",\"potentialAction\":[{\"@type\":\"ReadAction\",\"target\":[\"https:\\\/\\\/ateliervae.fr\\\/?product=decouvrez-lantivol-velo-kryptonite-haute-resistance-u-new-york-mini\"]}]},{\"@type\":\"ImageObject\",\"inLanguage\":\"fr-FR\",\"@id\":\"https:\\\/\\\/ateliervae.fr\\\/?product=decouvrez-lantivol-velo-kryptonite-haute-resistance-u-new-york-mini#primaryimage\",\"url\":\"https:\\\/\\\/ateliervae.fr\\\/wp-content\\\/uploads\\\/2026\\\/05\\\/antivol-u-kryptonite-new-york-fahgettaboudit-mini.jpg\",\"contentUrl\":\"https:\\\/\\\/ateliervae.fr\\\/wp-content\\\/uploads\\\/2026\\\/05\\\/antivol-u-kryptonite-new-york-fahgettaboudit-mini.jpg\",\"width\":800,\"height\":800,\"caption\":\"antivol v\u00e9lo Kryptonite haute r\u00e9sistance\"},{\"@type\":\"BreadcrumbList\",\"@id\":\"https:\\\/\\\/ateliervae.fr\\\/?product=decouvrez-lantivol-velo-kryptonite-haute-resistance-u-new-york-mini#breadcrumb\",\"itemListElement\":[{\"@type\":\"ListItem\",\"position\":1,\"name\":\"Home\",\"item\":\"https:\\\/\\\/ateliervae.fr\\\/\"},{\"@type\":\"ListItem\",\"position\":2,\"name\":\"Produits\",\"item\":\"https:\\\/\\\/ateliervae.fr\\\/shop\\\/\"},{\"@type\":\"ListItem\",\"position\":3,\"name\":\"Antivol pour v\u00e9lo Kryptonite U New York Fahgettaboudit Mini\"}]},{\"@type\":\"WebSite\",\"@id\":\"https:\\\/\\\/ateliervae.fr\\\/#website\",\"url\":\"https:\\\/\\\/ateliervae.fr\\\/\",\"name\":\"ateliervae.fr\",\"description\":\"L\u2019\u00e9nergie au c\u0153ur de vos trajets\",\"publisher\":{\"@id\":\"https:\\\/\\\/ateliervae.fr\\\/#organization\"},\"potentialAction\":[{\"@type\":\"SearchAction\",\"target\":{\"@type\":\"EntryPoint\",\"urlTemplate\":\"https:\\\/\\\/ateliervae.fr\\\/?s={search_term_string}\"},\"query-input\":{\"@type\":\"PropertyValueSpecification\",\"valueRequired\":true,\"valueName\":\"search_term_string\"}}],\"inLanguage\":\"fr-FR\"},{\"@type\":\"Organization\",\"@id\":\"https:\\\/\\\/ateliervae.fr\\\/#organization\",\"name\":\"ateliervae.fr\",\"url\":\"https:\\\/\\\/ateliervae.fr\\\/\",\"logo\":{\"@type\":\"ImageObject\",\"inLanguage\":\"fr-FR\",\"@id\":\"https:\\\/\\\/ateliervae.fr\\\/#\\\/schema\\\/logo\\\/image\\\/\",\"url\":\"https:\\\/\\\/ateliervae.fr\\\/wp-content\\\/uploads\\\/2026\\\/04\\\/ChatGPT-Image-6-avr.-2026-11_58_22.png\",\"contentUrl\":\"https:\\\/\\\/ateliervae.fr\\\/wp-content\\\/uploads\\\/2026\\\/04\\\/ChatGPT-Image-6-avr.-2026-11_58_22.png\",\"width\":1536,\"height\":1024,\"caption\":\"ateliervae.fr\"},\"image\":{\"@id\":\"https:\\\/\\\/ateliervae.fr\\\/#\\\/schema\\\/logo\\\/image\\\/\"}}]}<\/script>\n<!-- \/ Yoast SEO plugin. -->","yoast_head_json":{"title":"Antivol pour v\u00e9lo Kryptonite U New York Fahgettaboudit Mini - ateliervae.fr","description":"D\u00e9couvrez l\u2019antivol v\u00e9lo Kryptonite haute r\u00e9sistance U New York Mini : protection anti-vol extr\u00eame, acier tremp\u00e9, s\u00e9curit\u00e9 urbaine premium.","robots":{"index":"index","follow":"follow","max-snippet":"max-snippet:-1","max-image-preview":"max-image-preview:large","max-video-preview":"max-video-preview:-1"},"canonical":"https:\/\/ateliervae.fr\/?product=decouvrez-lantivol-velo-kryptonite-haute-resistance-u-new-york-mini","og_locale":"fr_FR","og_type":"article","og_title":"Antivol pour v\u00e9lo Kryptonite U New York Fahgettaboudit Mini - ateliervae.fr","og_description":"D\u00e9couvrez l\u2019antivol v\u00e9lo Kryptonite haute r\u00e9sistance U New York Mini : protection anti-vol extr\u00eame, acier tremp\u00e9, s\u00e9curit\u00e9 urbaine premium.","og_url":"https:\/\/ateliervae.fr\/?product=decouvrez-lantivol-velo-kryptonite-haute-resistance-u-new-york-mini","og_site_name":"ateliervae.fr","article_modified_time":"2026-05-02T18:38:47+00:00","og_image":[{"width":800,"height":800,"url":"https:\/\/ateliervae.fr\/wp-content\/uploads\/2026\/05\/antivol-u-kryptonite-new-york-fahgettaboudit-mini.jpg","type":"image\/jpeg"}],"twitter_card":"summary_large_image","twitter_misc":{"Dur\u00e9e de lecture estim\u00e9e":"3 minutes"},"schema":{"@context":"https:\/\/schema.org","@graph":[{"@type":"WebPage","@id":"https:\/\/ateliervae.fr\/?product=decouvrez-lantivol-velo-kryptonite-haute-resistance-u-new-york-mini","url":"https:\/\/ateliervae.fr\/?product=decouvrez-lantivol-velo-kryptonite-haute-resistance-u-new-york-mini","name":"Antivol pour v\u00e9lo Kryptonite U New York Fahgettaboudit Mini - ateliervae.fr","isPartOf":{"@id":"https:\/\/ateliervae.fr\/#website"},"primaryImageOfPage":{"@id":"https:\/\/ateliervae.fr\/?product=decouvrez-lantivol-velo-kryptonite-haute-resistance-u-new-york-mini#primaryimage"},"image":{"@id":"https:\/\/ateliervae.fr\/?product=decouvrez-lantivol-velo-kryptonite-haute-resistance-u-new-york-mini#primaryimage"},"thumbnailUrl":"https:\/\/ateliervae.fr\/wp-content\/uploads\/2026\/05\/antivol-u-kryptonite-new-york-fahgettaboudit-mini.jpg","datePublished":"2026-05-02T17:27:12+00:00","dateModified":"2026-05-02T18:38:47+00:00","description":"D\u00e9couvrez l\u2019antivol v\u00e9lo Kryptonite haute r\u00e9sistance U New York Mini : protection anti-vol extr\u00eame, acier tremp\u00e9, s\u00e9curit\u00e9 urbaine premium.","breadcrumb":{"@id":"https:\/\/ateliervae.fr\/?product=decouvrez-lantivol-velo-kryptonite-haute-resistance-u-new-york-mini#breadcrumb"},"inLanguage":"fr-FR","potentialAction":[{"@type":"ReadAction","target":["https:\/\/ateliervae.fr\/?product=decouvrez-lantivol-velo-kryptonite-haute-resistance-u-new-york-mini"]}]},{"@type":"ImageObject","inLanguage":"fr-FR","@id":"https:\/\/ateliervae.fr\/?product=decouvrez-lantivol-velo-kryptonite-haute-resistance-u-new-york-mini#primaryimage","url":"https:\/\/ateliervae.fr\/wp-content\/uploads\/2026\/05\/antivol-u-kryptonite-new-york-fahgettaboudit-mini.jpg","contentUrl":"https:\/\/ateliervae.fr\/wp-content\/uploads\/2026\/05\/antivol-u-kryptonite-new-york-fahgettaboudit-mini.jpg","width":800,"height":800,"caption":"antivol v\u00e9lo Kryptonite haute r\u00e9sistance"},{"@type":"BreadcrumbList","@id":"https:\/\/ateliervae.fr\/?product=decouvrez-lantivol-velo-kryptonite-haute-resistance-u-new-york-mini#breadcrumb","itemListElement":[{"@type":"ListItem","position":1,"name":"Home","item":"https:\/\/ateliervae.fr\/"},{"@type":"ListItem","position":2,"name":"Produits","item":"https:\/\/ateliervae.fr\/shop\/"},{"@type":"ListItem","position":3,"name":"Antivol pour v\u00e9lo Kryptonite U New York Fahgettaboudit Mini"}]},{"@type":"WebSite","@id":"https:\/\/ateliervae.fr\/#website","url":"https:\/\/ateliervae.fr\/","name":"ateliervae.fr","description":"L\u2019\u00e9nergie au c\u0153ur de vos trajets","publisher":{"@id":"https:\/\/ateliervae.fr\/#organization"},"potentialAction":[{"@type":"SearchAction","target":{"@type":"EntryPoint","urlTemplate":"https:\/\/ateliervae.fr\/?s={search_term_string}"},"query-input":{"@type":"PropertyValueSpecification","valueRequired":true,"valueName":"search_term_string"}}],"inLanguage":"fr-FR"},{"@type":"Organization","@id":"https:\/\/ateliervae.fr\/#organization","name":"ateliervae.fr","url":"https:\/\/ateliervae.fr\/","logo":{"@type":"ImageObject","inLanguage":"fr-FR","@id":"https:\/\/ateliervae.fr\/#\/schema\/logo\/image\/","url":"https:\/\/ateliervae.fr\/wp-content\/uploads\/2026\/04\/ChatGPT-Image-6-avr.-2026-11_58_22.png","contentUrl":"https:\/\/ateliervae.fr\/wp-content\/uploads\/2026\/04\/ChatGPT-Image-6-avr.-2026-11_58_22.png","width":1536,"height":1024,"caption":"ateliervae.fr"},"image":{"@id":"https:\/\/ateliervae.fr\/#\/schema\/logo\/image\/"}}]}},"_links":{"self":[{"href":"https:\/\/ateliervae.fr\/index.php?rest_route=\/wp\/v2\/product\/28704","targetHints":{"allow":["GET"]}}],"collection":[{"href":"https:\/\/ateliervae.fr\/index.php?rest_route=\/wp\/v2\/product"}],"about":[{"href":"https:\/\/ateliervae.fr\/index.php?rest_route=\/wp\/v2\/types\/product"}],"replies":[{"embeddable":true,"href":"https:\/\/ateliervae.fr\/index.php?rest_route=%2Fwp%2Fv2%2Fcomments&post=28704"}],"version-history":[{"count":3,"href":"https:\/\/ateliervae.fr\/index.php?rest_route=\/wp\/v2\/product\/28704\/revisions"}],"predecessor-version":[{"id":28736,"href":"https:\/\/ateliervae.fr\/index.php?rest_route=\/wp\/v2\/product\/28704\/revisions\/28736"}],"wp:featuredmedia":[{"embeddable":true,"href":"https:\/\/ateliervae.fr\/index.php?rest_route=\/wp\/v2\/media\/28703"}],"wp:attachment":[{"href":"https:\/\/ateliervae.fr\/index.php?rest_route=%2Fwp%2Fv2%2Fmedia&parent=28704"}],"wp:term":[{"taxonomy":"product_brand","embeddable":true,"href":"https:\/\/ateliervae.fr\/index.php?rest_route=%2Fwp%2Fv2%2Fproduct_brand&post=28704"},{"taxonomy":"product_cat","embeddable":true,"href":"https:\/\/ateliervae.fr\/index.php?rest_route=%2Fwp%2Fv2%2Fproduct_cat&post=28704"},{"taxonomy":"product_tag","embeddable":true,"href":"https:\/\/ateliervae.fr\/index.php?rest_route=%2Fwp%2Fv2%2Fproduct_tag&post=28704"}],"curies":[{"name":"wp","href":"https:\/\/api.w.org\/{rel}","templated":true}]}}