{"id":28325,"date":"2026-04-26T15:40:28","date_gmt":"2026-04-26T15:40:28","guid":{"rendered":"https:\/\/ateliervae.fr\/?product=batterie-hailong-48v-11ah-compatible"},"modified":"2026-04-27T09:49:34","modified_gmt":"2026-04-27T09:49:34","slug":"batterie-hailong-48v-11ah-compatible","status":"publish","type":"product","link":"https:\/\/ateliervae.fr\/?product=batterie-hailong-48v-11ah-compatible","title":{"rendered":"Batterie universelle pour velos  Hailong 48V 11Ah compatible"},"content":{"rendered":"<h2 data-section-id=\"861lo3\" data-start=\"204\" data-end=\"244\">Description d\u00e9taill\u00e9e du produit<\/h2>\n<p data-start=\"246\" data-end=\"617\">La <strong data-start=\"249\" data-end=\"290\">batterie universelle Hailong 48V 11Ah<\/strong> est une solution id\u00e9ale pour tous les utilisateurs recherchant une <strong data-start=\"358\" data-end=\"397\">batterie v\u00e9lo 48V haute performance<\/strong> fiable, durable et compatible avec de nombreux mod\u00e8les de v\u00e9los \u00e9lectriques. Con\u00e7ue avec une <strong data-start=\"491\" data-end=\"518\">technologie Lithium-ion<\/strong>, elle garantit une excellente densit\u00e9 \u00e9nerg\u00e9tique, une recharge rapide et une longue dur\u00e9e de vie.<\/p>\n<p data-start=\"619\" data-end=\"928\">Parfaitement adapt\u00e9e aux usages urbains comme aux trajets longue distance, cette <strong data-start=\"700\" data-end=\"727\">batterie lithium e-bike<\/strong> offre un excellent compromis entre puissance et autonomie. Que vous utilisiez un VTT \u00e9lectrique, un v\u00e9lo de trekking ou un v\u00e9lo urbain, elle assure une alimentation stable et efficace de votre moteur.<\/p>\n<h3 data-section-id=\"10t42w9\" data-start=\"930\" data-end=\"966\">\ud83d\udeb4\u200d\u2642\ufe0f Performance et autonomie<\/h3>\n<p data-start=\"967\" data-end=\"1311\">Gr\u00e2ce \u00e0 sa capacit\u00e9 de <strong data-start=\"990\" data-end=\"1014\">11Ah (amp\u00e8res-heure)<\/strong> et son voltage de 48V, cette batterie propose une <strong data-start=\"1065\" data-end=\"1103\">autonomie batterie v\u00e9lo \u00e9lectrique<\/strong> estim\u00e9e entre <strong data-start=\"1118\" data-end=\"1133\">40 et 80 km<\/strong>, selon le mode d\u2019assistance, le poids de l\u2019utilisateur et le terrain. Elle s\u2019inscrit parmi les meilleures solutions pour ceux qui recherchent une <strong data-start=\"1280\" data-end=\"1310\">batterie v\u00e9lo longue dur\u00e9e<\/strong>.<\/p>\n<h3 data-section-id=\"1y9ng9v\" data-start=\"1313\" data-end=\"1340\">\u26a1 Technologie avanc\u00e9e<\/h3>\n<p data-start=\"1341\" data-end=\"1662\">La batterie utilise des cellules Lithium-ion de haute qualit\u00e9, connues pour leur fiabilit\u00e9 et leur faible taux d\u2019autod\u00e9charge. Elle int\u00e8gre un syst\u00e8me de gestion intelligent (BMS) qui prot\u00e8ge contre les surcharges, les courts-circuits et les surchauffes, assurant ainsi une <strong data-start=\"1615\" data-end=\"1652\">s\u00e9curit\u00e9 batterie v\u00e9lo \u00e9lectrique<\/strong> optimale.<\/p>\n<h3 data-section-id=\"b29sn4\" data-start=\"1664\" data-end=\"1694\">\ud83d\udd27 Compatibilit\u00e9 \u00e9tendue<\/h3>\n<p data-start=\"1695\" data-end=\"1951\">Cette <strong data-start=\"1701\" data-end=\"1737\">batterie 36V 48V v\u00e9lo \u00e9lectrique<\/strong> est compatible avec la majorit\u00e9 des kits moteurs (Bafang, Voilamart, etc.) et des cadres de v\u00e9los gr\u00e2ce \u00e0 son format Hailong standard. Elle se fixe facilement sur le cadre et se retire rapidement pour la recharge.<\/p>\n<div><\/div>\n<h2 data-section-id=\"141w4px\" data-start=\"2156\" data-end=\"2189\">4. Tableau technique complet<\/h2>\n<div class=\"TyagGW_tableContainer\">\n<div class=\"group TyagGW_tableWrapper flex flex-col-reverse w-fit\" tabindex=\"-1\">\n<table class=\"w-fit min-w-(--thread-content-width)\" data-start=\"2191\" data-end=\"2733\">\n<thead data-start=\"2191\" data-end=\"2219\">\n<tr data-start=\"2191\" data-end=\"2219\">\n<th class=\"\" data-start=\"2191\" data-end=\"2209\" data-col-size=\"sm\">Caract\u00e9ristique<\/th>\n<th class=\"\" data-start=\"2209\" data-end=\"2219\" data-col-size=\"sm\">D\u00e9tail<\/th>\n<\/tr>\n<\/thead>\n<tbody data-start=\"2248\" data-end=\"2733\">\n<tr data-start=\"2248\" data-end=\"2300\">\n<td data-start=\"2248\" data-end=\"2267\" data-col-size=\"sm\">Type de batterie<\/td>\n<td data-start=\"2267\" data-end=\"2300\" data-col-size=\"sm\"><a href=\"https:\/\/ateliervae.fr\/?product=batterie-velo-electrique-36v-15ah-multi-marque\">Batterie pour v\u00e9lo \u00e9lectrique<\/a><\/td>\n<\/tr>\n<tr data-start=\"2301\" data-end=\"2330\">\n<td data-start=\"2301\" data-end=\"2315\" data-col-size=\"sm\">Technologie<\/td>\n<td data-start=\"2315\" data-end=\"2330\" data-col-size=\"sm\">Lithium-ion<\/td>\n<\/tr>\n<tr data-start=\"2331\" data-end=\"2348\">\n<td data-start=\"2331\" data-end=\"2341\" data-col-size=\"sm\">Voltage<\/td>\n<td data-start=\"2341\" data-end=\"2348\" data-col-size=\"sm\">48V<\/td>\n<\/tr>\n<tr data-start=\"2349\" data-end=\"2376\">\n<td data-start=\"2349\" data-end=\"2360\" data-col-size=\"sm\">Capacit\u00e9<\/td>\n<td data-start=\"2360\" data-end=\"2376\" data-col-size=\"sm\">11Ah (528Wh)<\/td>\n<\/tr>\n<tr data-start=\"2377\" data-end=\"2411\">\n<td data-start=\"2377\" data-end=\"2397\" data-col-size=\"sm\">Autonomie estim\u00e9e<\/td>\n<td data-start=\"2397\" data-end=\"2411\" data-col-size=\"sm\">40 \u00e0 80 km<\/td>\n<\/tr>\n<tr data-start=\"2412\" data-end=\"2446\">\n<td data-start=\"2412\" data-end=\"2430\" data-col-size=\"sm\">Temps de charge<\/td>\n<td data-start=\"2430\" data-end=\"2446\" data-col-size=\"sm\">4 \u00e0 6 heures<\/td>\n<\/tr>\n<tr data-start=\"2447\" data-end=\"2483\">\n<td data-start=\"2447\" data-end=\"2462\" data-col-size=\"sm\">Dur\u00e9e de vie<\/td>\n<td data-start=\"2462\" data-end=\"2483\" data-col-size=\"sm\">800 \u00e0 1000 cycles<\/td>\n<\/tr>\n<tr data-start=\"2484\" data-end=\"2527\">\n<td data-start=\"2484\" data-end=\"2500\" data-col-size=\"sm\">Compatibilit\u00e9<\/td>\n<td data-start=\"2500\" data-end=\"2527\" data-col-size=\"sm\">Kits moteurs universels<\/td>\n<\/tr>\n<tr data-start=\"2528\" data-end=\"2569\">\n<td data-start=\"2528\" data-end=\"2550\" data-col-size=\"sm\">Syst\u00e8me de fixation<\/td>\n<td data-start=\"2550\" data-end=\"2569\" data-col-size=\"sm\">Hailong (cadre)<\/td>\n<\/tr>\n<tr data-start=\"2570\" data-end=\"2594\">\n<td data-start=\"2570\" data-end=\"2578\" data-col-size=\"sm\">Poids<\/td>\n<td data-start=\"2578\" data-end=\"2594\" data-col-size=\"sm\">Environ 3 kg<\/td>\n<\/tr>\n<tr data-start=\"2595\" data-end=\"2626\">\n<td data-start=\"2595\" data-end=\"2609\" data-col-size=\"sm\">Emplacement<\/td>\n<td data-start=\"2609\" data-end=\"2626\" data-col-size=\"sm\">Tube diagonal<\/td>\n<\/tr>\n<tr data-start=\"2627\" data-end=\"2653\">\n<td data-start=\"2627\" data-end=\"2638\" data-col-size=\"sm\">S\u00e9curit\u00e9<\/td>\n<td data-start=\"2638\" data-end=\"2653\" data-col-size=\"sm\">BMS int\u00e9gr\u00e9<\/td>\n<\/tr>\n<tr data-start=\"2654\" data-end=\"2698\">\n<td data-start=\"2654\" data-end=\"2682\" data-col-size=\"sm\">Temp\u00e9rature d\u2019utilisation<\/td>\n<td data-start=\"2682\" data-end=\"2698\" data-col-size=\"sm\">-10\u00b0C \u00e0 45\u00b0C<\/td>\n<\/tr>\n<tr data-start=\"2699\" data-end=\"2733\">\n<td data-start=\"2699\" data-end=\"2715\" data-col-size=\"sm\">Ann\u00e9e \/ gamme<\/td>\n<td data-start=\"2715\" data-end=\"2733\" data-col-size=\"sm\">Gamme actuelle<\/td>\n<\/tr>\n<\/tbody>\n<\/table>\n<\/div>\n<\/div>\n<div><\/div>\n<h2 data-section-id=\"1mijje4\" data-start=\"2842\" data-end=\"2868\">5. Tableau comparatif<\/h2>\n<div class=\"TyagGW_tableContainer\">\n<div class=\"group TyagGW_tableWrapper flex flex-col-reverse w-fit\" tabindex=\"-1\">\n<table class=\"w-fit min-w-(--thread-content-width)\" data-start=\"2870\" data-end=\"3321\">\n<thead data-start=\"2870\" data-end=\"2955\">\n<tr data-start=\"2870\" data-end=\"2955\">\n<th class=\"\" data-start=\"2870\" data-end=\"2879\" data-col-size=\"sm\">Mod\u00e8le<\/th>\n<th class=\"\" data-start=\"2879\" data-end=\"2886\" data-col-size=\"sm\">Type<\/th>\n<th class=\"\" data-start=\"2886\" data-end=\"2907\" data-col-size=\"sm\">Voltage \/ capacit\u00e9<\/th>\n<th class=\"\" data-start=\"2907\" data-end=\"2919\" data-col-size=\"sm\">Autonomie<\/th>\n<th class=\"\" data-start=\"2919\" data-end=\"2935\" data-col-size=\"sm\">Compatibilit\u00e9<\/th>\n<th class=\"\" data-start=\"2935\" data-end=\"2943\" data-col-size=\"sm\">Poids<\/th>\n<th class=\"\" data-start=\"2943\" data-end=\"2955\" data-col-size=\"sm\">Prix TTC<\/th>\n<\/tr>\n<\/thead>\n<tbody data-start=\"3043\" data-end=\"3321\">\n<tr data-start=\"3043\" data-end=\"3130\">\n<td data-start=\"3043\" data-end=\"3062\" data-col-size=\"sm\">Hailong 48V 11Ah<\/td>\n<td data-start=\"3062\" data-end=\"3076\" data-col-size=\"sm\">Lithium-ion<\/td>\n<td data-start=\"3076\" data-end=\"3089\" data-col-size=\"sm\">48V \/ 11Ah<\/td>\n<td data-start=\"3089\" data-end=\"3100\" data-col-size=\"sm\">40-80 km<\/td>\n<td data-start=\"3100\" data-end=\"3114\" data-col-size=\"sm\">Universelle<\/td>\n<td data-start=\"3114\" data-end=\"3121\" data-col-size=\"sm\">3 kg<\/td>\n<td data-start=\"3121\" data-end=\"3130\" data-col-size=\"sm\">~299\u20ac<\/td>\n<\/tr>\n<tr data-start=\"3131\" data-end=\"3231\">\n<td data-start=\"3131\" data-end=\"3153\" data-col-size=\"sm\"><a href=\"https:\/\/ateliervae.fr\/?product=bosch-powerpack-500-smart-porte-bagages\">Bosch PowerPack 500<\/a><\/td>\n<td data-start=\"3153\" data-end=\"3167\" data-col-size=\"sm\">Lithium-ion<\/td>\n<td data-start=\"3167\" data-end=\"3182\" data-col-size=\"sm\">36V \/ 13.4Ah<\/td>\n<td data-start=\"3182\" data-end=\"3194\" data-col-size=\"sm\">50-100 km<\/td>\n<td data-start=\"3194\" data-end=\"3213\" data-col-size=\"sm\">Bosch uniquement<\/td>\n<td data-start=\"3213\" data-end=\"3222\" data-col-size=\"sm\">2.6 kg<\/td>\n<td data-start=\"3222\" data-end=\"3231\" data-col-size=\"sm\">~699\u20ac<\/td>\n<\/tr>\n<tr data-start=\"3232\" data-end=\"3321\">\n<td data-start=\"3232\" data-end=\"3253\" data-col-size=\"sm\"><a href=\"https:\/\/ateliervae.fr\/?product=batterie-panasonic-velo-electrique-36v-13ah\">Panasonic 48V 12Ah<\/a><\/td>\n<td data-start=\"3253\" data-end=\"3267\" data-col-size=\"sm\">Lithium-ion<\/td>\n<td data-start=\"3267\" data-end=\"3280\" data-col-size=\"sm\">48V \/ 12Ah<\/td>\n<td data-start=\"3280\" data-end=\"3291\" data-col-size=\"sm\">50-90 km<\/td>\n<td data-start=\"3291\" data-end=\"3303\" data-col-size=\"sm\">Panasonic<\/td>\n<td data-start=\"3303\" data-end=\"3312\" data-col-size=\"sm\">3.2 kg<\/td>\n<td data-start=\"3312\" data-end=\"3321\" data-col-size=\"sm\">~499\u20ac<\/td>\n<\/tr>\n<\/tbody>\n<\/table>\n<\/div>\n<\/div>\n<div><\/div>\n<h2 data-section-id=\"160c69i\" data-start=\"3527\" data-end=\"3564\">6. Conclusion<\/h2>\n<p data-start=\"3566\" data-end=\"3883\">La <strong data-start=\"3569\" data-end=\"3610\">batterie universelle Hailong 48V 11Ah<\/strong> s\u2019impose comme un excellent choix pour tous les cyclistes souhaitant am\u00e9liorer ou remplacer leur batterie actuelle. Gr\u00e2ce \u00e0 sa <strong data-start=\"3738\" data-end=\"3759\">haute performance<\/strong>, sa compatibilit\u00e9 \u00e9tendue et sa technologie Lithium-ion fiable, elle garantit une exp\u00e9rience de conduite fluide et durable.<\/p>\n<p data-start=\"4088\" data-end=\"4202\">\n<h2 data-section-id=\"34dife\" data-start=\"4209\" data-end=\"4220\">7. FAQ<\/h2>\n<p data-start=\"4222\" data-end=\"4333\"><strong data-start=\"4222\" data-end=\"4266\">\u2753 Quelle autonomie pour cette batterie ?<\/strong><br data-start=\"4266\" data-end=\"4269\" \/>Elle offre entre 40 et 80 km selon les conditions d\u2019utilisation.<\/p>\n<p data-start=\"4335\" data-end=\"4468\"><strong data-start=\"4335\" data-end=\"4376\">\u2753 Est-elle compatible avec mon v\u00e9lo ?<\/strong><br data-start=\"4376\" data-end=\"4379\" \/>Oui, elle est compatible avec la plupart des v\u00e9los \u00e9lectriques \u00e9quip\u00e9s de kits standards.<\/p>\n<p data-start=\"4470\" data-end=\"4560\"><strong data-start=\"4470\" data-end=\"4509\">\u2753 Combien de temps dure la charge ?<\/strong><br data-start=\"4509\" data-end=\"4512\" \/>Environ 4 \u00e0 6 heures pour une recharge compl\u00e8te.<\/p>\n<p data-start=\"4562\" data-end=\"4678\"><strong data-start=\"4562\" data-end=\"4609\">\u2753 Peut-on remplacer une ancienne batterie ?<\/strong><br data-start=\"4609\" data-end=\"4612\" \/>Oui, c\u2019est une excellente option pour remplacer une batterie us\u00e9e.<\/p>\n<p data-start=\"4680\" data-end=\"4752\"><strong data-start=\"4680\" data-end=\"4714\">\u2753 Quelle est sa dur\u00e9e de vie ?<\/strong><br data-start=\"4714\" data-end=\"4717\" \/>Entre 800 et 1000 cycles de charge.<\/p>\n<p data-start=\"4754\" data-end=\"4863\"><strong data-start=\"4754\" data-end=\"4780\">\u2753 Est-elle s\u00e9curis\u00e9e ?<\/strong><br data-start=\"4780\" data-end=\"4783\" \/>Oui, elle dispose d\u2019un syst\u00e8me BMS pour prot\u00e9ger contre les risques \u00e9lectriques.<\/p>\n<p data-start=\"4865\" data-end=\"4984\"><strong data-start=\"4865\" data-end=\"4900\">\u2753 Est-ce une batterie \u00e9tanche ?<\/strong><br data-start=\"4900\" data-end=\"4903\" \/>Elle est r\u00e9sistante aux \u00e9claboussures mais doit \u00eatre prot\u00e9g\u00e9e de l\u2019eau excessive.<\/p>\n","protected":false},"excerpt":{"rendered":"<ul data-start=\"5019\" data-end=\"5321\">\n<li data-section-id=\"fdrd5f\" data-start=\"5019\" data-end=\"5083\"><span style=\"color: #99cc00;\">\u26a1 <strong data-start=\"5023\" data-end=\"5049\">Puissance et autonomie<\/strong> : 48V \/ 11Ah pour jusqu\u2019\u00e0 80 km<\/span><\/li>\n<li data-section-id=\"1c35j0q\" data-start=\"5084\" data-end=\"5149\"><span style=\"color: #99cc00;\">\ud83d\udd0b <strong data-start=\"5089\" data-end=\"5116\">Technologie et s\u00e9curit\u00e9<\/strong> : Lithium-ion avec BMS int\u00e9gr\u00e9<\/span><\/li>\n<li data-section-id=\"khfvqg\" data-start=\"5150\" data-end=\"5213\"><span style=\"color: #99cc00;\">\ud83d\udd27 <strong data-start=\"5155\" data-end=\"5172\">Compatibilit\u00e9<\/strong> : Universelle, format Hailong standard<\/span><\/li>\n<li data-section-id=\"h1takg\" data-start=\"5214\" data-end=\"5321\"><span style=\"color: #99cc00;\">\ud83d\ude80 <strong data-start=\"5219\" data-end=\"5241\">Avantage principal<\/strong> : Excellent rapport qualit\u00e9\/prix pour une batterie v\u00e9lo 48V haute performance<\/span><\/li>\n<\/ul>\n<p data-start=\"3885\" data-end=\"4086\">Que vous recherchiez une <strong data-start=\"3910\" data-end=\"3948\">batterie v\u00e9lo \u00e9lectrique pas ch\u00e8re<\/strong>, une solution pour augmenter votre autonomie ou une batterie robuste pour vos trajets quotidiens, ce mod\u00e8le r\u00e9pond \u00e0 toutes les attentes.<\/p>\n<p data-start=\"4088\" data-end=\"4202\">\ud83d\udc49 <strong data-start=\"4091\" data-end=\"4202\">Passez \u00e0 la puissance 48V d\u00e8s aujourd\u2019hui et profitez d\u2019une autonomie optimale pour tous vos d\u00e9placements !<\/strong><\/p>\n","protected":false},"featured_media":28301,"comment_status":"open","ping_status":"closed","template":"","meta":[],"product_brand":[528],"product_cat":[364,343,360,112,33],"product_tag":[537,522,480],"class_list":{"0":"post-28325","1":"product","2":"type-product","3":"status-publish","4":"has-post-thumbnail","6":"product_brand-hailong","7":"product_cat-380-580-wh-8-12-ah-48v-batterie-universelle","8":"product_cat-48v-batterie-universelle","9":"product_cat-8-12-ah-48v-batterie-universelle","10":"product_cat-batterie-universelle","11":"product_cat-batteries-de-velos","12":"product_tag-batterie-universelle-de-velos","13":"product_tag-batterie-velo-assistance-electrique-puissante-fiable","14":"product_tag-batterie-velo-resistante","16":"first","17":"instock","18":"shipping-taxable","19":"purchasable","20":"product-type-simple"},"yoast_head":"<!-- This site is optimized with the Yoast SEO plugin v27.5 - https:\/\/yoast.com\/product\/yoast-seo-wordpress\/ -->\n<title>Batterie universelle pour velos Hailong 48V 11Ah compatible - ateliervae.fr<\/title>\n<meta name=\"description\" content=\"Batterie v\u00e9lo 48V haute performance un prix de 449\u20ac : autonomie longue dur\u00e9e, lithium-ion fiable, id\u00e9ale pour e-bike puissant.\" \/>\n<meta name=\"robots\" content=\"index, follow, max-snippet:-1, max-image-preview:large, max-video-preview:-1\" \/>\n<link rel=\"canonical\" href=\"https:\/\/ateliervae.fr\/?product=batterie-hailong-48v-11ah-compatible\" \/>\n<meta property=\"og:locale\" content=\"fr_FR\" \/>\n<meta property=\"og:type\" content=\"article\" \/>\n<meta property=\"og:title\" content=\"Batterie universelle pour velos Hailong 48V 11Ah compatible - ateliervae.fr\" \/>\n<meta property=\"og:description\" content=\"Batterie v\u00e9lo 48V haute performance un prix de 449\u20ac : autonomie longue dur\u00e9e, lithium-ion fiable, id\u00e9ale pour e-bike puissant.\" \/>\n<meta property=\"og:url\" content=\"https:\/\/ateliervae.fr\/?product=batterie-hailong-48v-11ah-compatible\" \/>\n<meta property=\"og:site_name\" content=\"ateliervae.fr\" \/>\n<meta property=\"article:modified_time\" content=\"2026-04-27T09:49:34+00:00\" \/>\n<meta property=\"og:image\" content=\"https:\/\/ateliervae.fr\/wp-content\/uploads\/2026\/04\/batterie-hailong-multi-marque-compatible-36v-104ah_2_1.jpeg\" \/>\n\t<meta property=\"og:image:width\" content=\"360\" \/>\n\t<meta property=\"og:image:height\" content=\"360\" \/>\n\t<meta property=\"og:image:type\" content=\"image\/jpeg\" \/>\n<meta name=\"twitter:card\" content=\"summary_large_image\" \/>\n<meta name=\"twitter:label1\" content=\"Dur\u00e9e de lecture estim\u00e9e\" \/>\n\t<meta name=\"twitter:data1\" content=\"3 minutes\" \/>\n<script type=\"application\/ld+json\" class=\"yoast-schema-graph\">{\"@context\":\"https:\\\/\\\/schema.org\",\"@graph\":[{\"@type\":\"WebPage\",\"@id\":\"https:\\\/\\\/ateliervae.fr\\\/?product=batterie-hailong-48v-11ah-compatible\",\"url\":\"https:\\\/\\\/ateliervae.fr\\\/?product=batterie-hailong-48v-11ah-compatible\",\"name\":\"Batterie universelle pour velos Hailong 48V 11Ah compatible - ateliervae.fr\",\"isPartOf\":{\"@id\":\"https:\\\/\\\/ateliervae.fr\\\/#website\"},\"primaryImageOfPage\":{\"@id\":\"https:\\\/\\\/ateliervae.fr\\\/?product=batterie-hailong-48v-11ah-compatible#primaryimage\"},\"image\":{\"@id\":\"https:\\\/\\\/ateliervae.fr\\\/?product=batterie-hailong-48v-11ah-compatible#primaryimage\"},\"thumbnailUrl\":\"https:\\\/\\\/ateliervae.fr\\\/wp-content\\\/uploads\\\/2026\\\/04\\\/batterie-hailong-multi-marque-compatible-36v-104ah_2_1.jpeg\",\"datePublished\":\"2026-04-26T15:40:28+00:00\",\"dateModified\":\"2026-04-27T09:49:34+00:00\",\"description\":\"Batterie v\u00e9lo 48V haute performance un prix de 449\u20ac : autonomie longue dur\u00e9e, lithium-ion fiable, id\u00e9ale pour e-bike puissant.\",\"breadcrumb\":{\"@id\":\"https:\\\/\\\/ateliervae.fr\\\/?product=batterie-hailong-48v-11ah-compatible#breadcrumb\"},\"inLanguage\":\"fr-FR\",\"potentialAction\":[{\"@type\":\"ReadAction\",\"target\":[\"https:\\\/\\\/ateliervae.fr\\\/?product=batterie-hailong-48v-11ah-compatible\"]}]},{\"@type\":\"ImageObject\",\"inLanguage\":\"fr-FR\",\"@id\":\"https:\\\/\\\/ateliervae.fr\\\/?product=batterie-hailong-48v-11ah-compatible#primaryimage\",\"url\":\"https:\\\/\\\/ateliervae.fr\\\/wp-content\\\/uploads\\\/2026\\\/04\\\/batterie-hailong-multi-marque-compatible-36v-104ah_2_1.jpeg\",\"contentUrl\":\"https:\\\/\\\/ateliervae.fr\\\/wp-content\\\/uploads\\\/2026\\\/04\\\/batterie-hailong-multi-marque-compatible-36v-104ah_2_1.jpeg\",\"width\":360,\"height\":360,\"caption\":\"batterie v\u00e9lo 48V haute performance\"},{\"@type\":\"BreadcrumbList\",\"@id\":\"https:\\\/\\\/ateliervae.fr\\\/?product=batterie-hailong-48v-11ah-compatible#breadcrumb\",\"itemListElement\":[{\"@type\":\"ListItem\",\"position\":1,\"name\":\"Home\",\"item\":\"https:\\\/\\\/ateliervae.fr\\\/\"},{\"@type\":\"ListItem\",\"position\":2,\"name\":\"Produits\",\"item\":\"https:\\\/\\\/ateliervae.fr\\\/shop\\\/\"},{\"@type\":\"ListItem\",\"position\":3,\"name\":\"Batterie universelle pour velos Hailong 48V 11Ah compatible\"}]},{\"@type\":\"WebSite\",\"@id\":\"https:\\\/\\\/ateliervae.fr\\\/#website\",\"url\":\"https:\\\/\\\/ateliervae.fr\\\/\",\"name\":\"ateliervae.fr\",\"description\":\"L\u2019\u00e9nergie au c\u0153ur de vos trajets\",\"publisher\":{\"@id\":\"https:\\\/\\\/ateliervae.fr\\\/#organization\"},\"potentialAction\":[{\"@type\":\"SearchAction\",\"target\":{\"@type\":\"EntryPoint\",\"urlTemplate\":\"https:\\\/\\\/ateliervae.fr\\\/?s={search_term_string}\"},\"query-input\":{\"@type\":\"PropertyValueSpecification\",\"valueRequired\":true,\"valueName\":\"search_term_string\"}}],\"inLanguage\":\"fr-FR\"},{\"@type\":\"Organization\",\"@id\":\"https:\\\/\\\/ateliervae.fr\\\/#organization\",\"name\":\"ateliervae.fr\",\"url\":\"https:\\\/\\\/ateliervae.fr\\\/\",\"logo\":{\"@type\":\"ImageObject\",\"inLanguage\":\"fr-FR\",\"@id\":\"https:\\\/\\\/ateliervae.fr\\\/#\\\/schema\\\/logo\\\/image\\\/\",\"url\":\"https:\\\/\\\/ateliervae.fr\\\/wp-content\\\/uploads\\\/2026\\\/04\\\/ChatGPT-Image-6-avr.-2026-11_58_22.png\",\"contentUrl\":\"https:\\\/\\\/ateliervae.fr\\\/wp-content\\\/uploads\\\/2026\\\/04\\\/ChatGPT-Image-6-avr.-2026-11_58_22.png\",\"width\":1536,\"height\":1024,\"caption\":\"ateliervae.fr\"},\"image\":{\"@id\":\"https:\\\/\\\/ateliervae.fr\\\/#\\\/schema\\\/logo\\\/image\\\/\"}}]}<\/script>\n<!-- \/ Yoast SEO plugin. -->","yoast_head_json":{"title":"Batterie universelle pour velos Hailong 48V 11Ah compatible - ateliervae.fr","description":"Batterie v\u00e9lo 48V haute performance un prix de 449\u20ac : autonomie longue dur\u00e9e, lithium-ion fiable, id\u00e9ale pour e-bike puissant.","robots":{"index":"index","follow":"follow","max-snippet":"max-snippet:-1","max-image-preview":"max-image-preview:large","max-video-preview":"max-video-preview:-1"},"canonical":"https:\/\/ateliervae.fr\/?product=batterie-hailong-48v-11ah-compatible","og_locale":"fr_FR","og_type":"article","og_title":"Batterie universelle pour velos Hailong 48V 11Ah compatible - ateliervae.fr","og_description":"Batterie v\u00e9lo 48V haute performance un prix de 449\u20ac : autonomie longue dur\u00e9e, lithium-ion fiable, id\u00e9ale pour e-bike puissant.","og_url":"https:\/\/ateliervae.fr\/?product=batterie-hailong-48v-11ah-compatible","og_site_name":"ateliervae.fr","article_modified_time":"2026-04-27T09:49:34+00:00","og_image":[{"width":360,"height":360,"url":"https:\/\/ateliervae.fr\/wp-content\/uploads\/2026\/04\/batterie-hailong-multi-marque-compatible-36v-104ah_2_1.jpeg","type":"image\/jpeg"}],"twitter_card":"summary_large_image","twitter_misc":{"Dur\u00e9e de lecture estim\u00e9e":"3 minutes"},"schema":{"@context":"https:\/\/schema.org","@graph":[{"@type":"WebPage","@id":"https:\/\/ateliervae.fr\/?product=batterie-hailong-48v-11ah-compatible","url":"https:\/\/ateliervae.fr\/?product=batterie-hailong-48v-11ah-compatible","name":"Batterie universelle pour velos Hailong 48V 11Ah compatible - ateliervae.fr","isPartOf":{"@id":"https:\/\/ateliervae.fr\/#website"},"primaryImageOfPage":{"@id":"https:\/\/ateliervae.fr\/?product=batterie-hailong-48v-11ah-compatible#primaryimage"},"image":{"@id":"https:\/\/ateliervae.fr\/?product=batterie-hailong-48v-11ah-compatible#primaryimage"},"thumbnailUrl":"https:\/\/ateliervae.fr\/wp-content\/uploads\/2026\/04\/batterie-hailong-multi-marque-compatible-36v-104ah_2_1.jpeg","datePublished":"2026-04-26T15:40:28+00:00","dateModified":"2026-04-27T09:49:34+00:00","description":"Batterie v\u00e9lo 48V haute performance un prix de 449\u20ac : autonomie longue dur\u00e9e, lithium-ion fiable, id\u00e9ale pour e-bike puissant.","breadcrumb":{"@id":"https:\/\/ateliervae.fr\/?product=batterie-hailong-48v-11ah-compatible#breadcrumb"},"inLanguage":"fr-FR","potentialAction":[{"@type":"ReadAction","target":["https:\/\/ateliervae.fr\/?product=batterie-hailong-48v-11ah-compatible"]}]},{"@type":"ImageObject","inLanguage":"fr-FR","@id":"https:\/\/ateliervae.fr\/?product=batterie-hailong-48v-11ah-compatible#primaryimage","url":"https:\/\/ateliervae.fr\/wp-content\/uploads\/2026\/04\/batterie-hailong-multi-marque-compatible-36v-104ah_2_1.jpeg","contentUrl":"https:\/\/ateliervae.fr\/wp-content\/uploads\/2026\/04\/batterie-hailong-multi-marque-compatible-36v-104ah_2_1.jpeg","width":360,"height":360,"caption":"batterie v\u00e9lo 48V haute performance"},{"@type":"BreadcrumbList","@id":"https:\/\/ateliervae.fr\/?product=batterie-hailong-48v-11ah-compatible#breadcrumb","itemListElement":[{"@type":"ListItem","position":1,"name":"Home","item":"https:\/\/ateliervae.fr\/"},{"@type":"ListItem","position":2,"name":"Produits","item":"https:\/\/ateliervae.fr\/shop\/"},{"@type":"ListItem","position":3,"name":"Batterie universelle pour velos Hailong 48V 11Ah compatible"}]},{"@type":"WebSite","@id":"https:\/\/ateliervae.fr\/#website","url":"https:\/\/ateliervae.fr\/","name":"ateliervae.fr","description":"L\u2019\u00e9nergie au c\u0153ur de vos trajets","publisher":{"@id":"https:\/\/ateliervae.fr\/#organization"},"potentialAction":[{"@type":"SearchAction","target":{"@type":"EntryPoint","urlTemplate":"https:\/\/ateliervae.fr\/?s={search_term_string}"},"query-input":{"@type":"PropertyValueSpecification","valueRequired":true,"valueName":"search_term_string"}}],"inLanguage":"fr-FR"},{"@type":"Organization","@id":"https:\/\/ateliervae.fr\/#organization","name":"ateliervae.fr","url":"https:\/\/ateliervae.fr\/","logo":{"@type":"ImageObject","inLanguage":"fr-FR","@id":"https:\/\/ateliervae.fr\/#\/schema\/logo\/image\/","url":"https:\/\/ateliervae.fr\/wp-content\/uploads\/2026\/04\/ChatGPT-Image-6-avr.-2026-11_58_22.png","contentUrl":"https:\/\/ateliervae.fr\/wp-content\/uploads\/2026\/04\/ChatGPT-Image-6-avr.-2026-11_58_22.png","width":1536,"height":1024,"caption":"ateliervae.fr"},"image":{"@id":"https:\/\/ateliervae.fr\/#\/schema\/logo\/image\/"}}]}},"_links":{"self":[{"href":"https:\/\/ateliervae.fr\/index.php?rest_route=\/wp\/v2\/product\/28325","targetHints":{"allow":["GET"]}}],"collection":[{"href":"https:\/\/ateliervae.fr\/index.php?rest_route=\/wp\/v2\/product"}],"about":[{"href":"https:\/\/ateliervae.fr\/index.php?rest_route=\/wp\/v2\/types\/product"}],"replies":[{"embeddable":true,"href":"https:\/\/ateliervae.fr\/index.php?rest_route=%2Fwp%2Fv2%2Fcomments&post=28325"}],"version-history":[{"count":2,"href":"https:\/\/ateliervae.fr\/index.php?rest_route=\/wp\/v2\/product\/28325\/revisions"}],"predecessor-version":[{"id":28337,"href":"https:\/\/ateliervae.fr\/index.php?rest_route=\/wp\/v2\/product\/28325\/revisions\/28337"}],"wp:featuredmedia":[{"embeddable":true,"href":"https:\/\/ateliervae.fr\/index.php?rest_route=\/wp\/v2\/media\/28301"}],"wp:attachment":[{"href":"https:\/\/ateliervae.fr\/index.php?rest_route=%2Fwp%2Fv2%2Fmedia&parent=28325"}],"wp:term":[{"taxonomy":"product_brand","embeddable":true,"href":"https:\/\/ateliervae.fr\/index.php?rest_route=%2Fwp%2Fv2%2Fproduct_brand&post=28325"},{"taxonomy":"product_cat","embeddable":true,"href":"https:\/\/ateliervae.fr\/index.php?rest_route=%2Fwp%2Fv2%2Fproduct_cat&post=28325"},{"taxonomy":"product_tag","embeddable":true,"href":"https:\/\/ateliervae.fr\/index.php?rest_route=%2Fwp%2Fv2%2Fproduct_tag&post=28325"}],"curies":[{"name":"wp","href":"https:\/\/api.w.org\/{rel}","templated":true}]}}