{"id":28277,"date":"2026-04-26T15:35:52","date_gmt":"2026-04-26T15:35:52","guid":{"rendered":"https:\/\/ateliervae.fr\/?product=samsung-sdi-batterie-compatible-ssdi-e36-b-36v-10-4ah"},"modified":"2026-04-27T12:47:11","modified_gmt":"2026-04-27T12:47:11","slug":"batterie-velo-performante-autonomie-et-elevee-samsung-sdi","status":"publish","type":"product","link":"https:\/\/ateliervae.fr\/?product=batterie-velo-performante-autonomie-et-elevee-samsung-sdi","title":{"rendered":"Batterie universelle pour velos Samsung SDI  SSDI E36 B 36V 10.4Ah"},"content":{"rendered":"<h2 data-section-id=\"1j581aj\" data-start=\"235\" data-end=\"276\">Description d\u00e9taill\u00e9e de la batterie<\/h2>\n<p data-start=\"278\" data-end=\"616\">La <strong data-start=\"281\" data-end=\"350\">batterie universelle pour v\u00e9los Samsung SDI SSDI E36 B 36V 10.4Ah<\/strong> est une solution id\u00e9ale pour tous les cyclistes \u00e0 la recherche d\u2019une <strong data-start=\"420\" data-end=\"469\">batterie v\u00e9lo performante autonomie et \u00e9lev\u00e9e<\/strong>. Con\u00e7ue avec la technologie <strong data-start=\"498\" data-end=\"513\">Lithium-ion<\/strong>, elle garantit une excellente densit\u00e9 \u00e9nerg\u00e9tique, une grande stabilit\u00e9 et une dur\u00e9e de vie prolong\u00e9e.<\/p>\n<p data-start=\"618\" data-end=\"860\">Cette batterie est parfaitement adapt\u00e9e aux v\u00e9los \u00e9lectriques urbains, VTT \u00e9lectriques et v\u00e9los de trekking. Gr\u00e2ce \u00e0 sa capacit\u00e9 de <strong data-start=\"750\" data-end=\"760\">10.4Ah<\/strong>, elle offre une autonomie confortable pour les trajets quotidiens comme pour les longues distances.<\/p>\n<p data-start=\"862\" data-end=\"1097\">Elle fait partie des meilleures solutions en mati\u00e8re de <strong data-start=\"918\" data-end=\"945\">batterie lithium e-bike<\/strong>, combinant s\u00e9curit\u00e9, puissance et compatibilit\u00e9 universelle. Son syst\u00e8me BMS int\u00e9gr\u00e9 prot\u00e8ge contre la surcharge, la surchauffe et les courts-circuits.<\/p>\n<p data-start=\"1099\" data-end=\"1232\">\ud83d\udc49 Cette batterie est id\u00e9ale pour le <strong data-start=\"1136\" data-end=\"1177\">remplacement batterie v\u00e9lo \u00e9lectrique<\/strong> ou pour am\u00e9liorer les performances d\u2019un v\u00e9lo existant.<\/p>\n<h2 data-section-id=\"13nc71f\" data-start=\"1241\" data-end=\"1284\">\u00a0Caract\u00e9ristiques techniques compl\u00e8tes<\/h2>\n<div class=\"TyagGW_tableContainer\">\n<div class=\"group TyagGW_tableWrapper flex flex-col-reverse w-fit\" tabindex=\"-1\">\n<table class=\"w-fit min-w-(--thread-content-width)\" data-start=\"1286\" data-end=\"1857\">\n<thead data-start=\"1286\" data-end=\"1306\">\n<tr data-start=\"1286\" data-end=\"1306\">\n<th class=\"\" data-start=\"1286\" data-end=\"1296\" data-col-size=\"sm\">\u00c9l\u00e9ment<\/th>\n<th class=\"\" data-start=\"1296\" data-end=\"1306\" data-col-size=\"sm\">D\u00e9tail<\/th>\n<\/tr>\n<\/thead>\n<tbody data-start=\"1327\" data-end=\"1857\">\n<tr data-start=\"1327\" data-end=\"1351\">\n<td data-start=\"1327\" data-end=\"1336\" data-col-size=\"sm\">Marque<\/td>\n<td data-start=\"1336\" data-end=\"1351\" data-col-size=\"sm\">Samsung SDI<\/td>\n<\/tr>\n<tr data-start=\"1352\" data-end=\"1399\">\n<td data-start=\"1352\" data-end=\"1359\" data-col-size=\"sm\">Type<\/td>\n<td data-start=\"1359\" data-end=\"1399\" data-col-size=\"sm\">Batterie v\u00e9lo \u00e9lectrique universelle<\/td>\n<\/tr>\n<tr data-start=\"1400\" data-end=\"1429\">\n<td data-start=\"1400\" data-end=\"1414\" data-col-size=\"sm\">Technologie<\/td>\n<td data-start=\"1414\" data-end=\"1429\" data-col-size=\"sm\">Lithium-ion<\/td>\n<\/tr>\n<tr data-start=\"1430\" data-end=\"1447\">\n<td data-start=\"1430\" data-end=\"1440\" data-col-size=\"sm\">Voltage<\/td>\n<td data-start=\"1440\" data-end=\"1447\" data-col-size=\"sm\">36V<\/td>\n<\/tr>\n<tr data-start=\"1448\" data-end=\"1479\">\n<td data-start=\"1448\" data-end=\"1459\" data-col-size=\"sm\">Capacit\u00e9<\/td>\n<td data-start=\"1459\" data-end=\"1479\" data-col-size=\"sm\">10.4Ah (\u2248 374Wh)<\/td>\n<\/tr>\n<tr data-start=\"1480\" data-end=\"1514\">\n<td data-start=\"1480\" data-end=\"1500\" data-col-size=\"sm\">Autonomie estim\u00e9e<\/td>\n<td data-start=\"1500\" data-end=\"1514\" data-col-size=\"sm\">45 \u00e0 90 km<\/td>\n<\/tr>\n<tr data-start=\"1515\" data-end=\"1549\">\n<td data-start=\"1515\" data-end=\"1533\" data-col-size=\"sm\">Temps de charge<\/td>\n<td data-start=\"1533\" data-end=\"1549\" data-col-size=\"sm\">4 \u00e0 6 heures<\/td>\n<\/tr>\n<tr data-start=\"1550\" data-end=\"1586\">\n<td data-start=\"1550\" data-end=\"1565\" data-col-size=\"sm\">Dur\u00e9e de vie<\/td>\n<td data-start=\"1565\" data-end=\"1586\" data-col-size=\"sm\">700 \u00e0 1000 cycles<\/td>\n<\/tr>\n<tr data-start=\"1587\" data-end=\"1635\">\n<td data-start=\"1587\" data-end=\"1603\" data-col-size=\"sm\">Compatibilit\u00e9<\/td>\n<td data-start=\"1603\" data-end=\"1635\" data-col-size=\"sm\">Moteurs 36V (VAE universels)<\/td>\n<\/tr>\n<tr data-start=\"1636\" data-end=\"1685\">\n<td data-start=\"1636\" data-end=\"1647\" data-col-size=\"sm\">Fixation<\/td>\n<td data-start=\"1647\" data-end=\"1685\" data-col-size=\"sm\">Porte-bagage \/ cadre selon support<\/td>\n<\/tr>\n<tr data-start=\"1686\" data-end=\"1710\">\n<td data-start=\"1686\" data-end=\"1694\" data-col-size=\"sm\">Poids<\/td>\n<td data-start=\"1694\" data-end=\"1710\" data-col-size=\"sm\">Environ 3 kg<\/td>\n<\/tr>\n<tr data-start=\"1711\" data-end=\"1749\">\n<td data-start=\"1711\" data-end=\"1725\" data-col-size=\"sm\">Emplacement<\/td>\n<td data-start=\"1725\" data-end=\"1749\" data-col-size=\"sm\">Porte-bagage arri\u00e8re<\/td>\n<\/tr>\n<tr data-start=\"1750\" data-end=\"1788\">\n<td data-start=\"1750\" data-end=\"1761\" data-col-size=\"sm\">S\u00e9curit\u00e9<\/td>\n<td data-start=\"1761\" data-end=\"1788\" data-col-size=\"sm\">BMS intelligent int\u00e9gr\u00e9<\/td>\n<\/tr>\n<tr data-start=\"1789\" data-end=\"1820\">\n<td data-start=\"1789\" data-end=\"1803\" data-col-size=\"sm\">Temp\u00e9rature<\/td>\n<td data-start=\"1803\" data-end=\"1820\" data-col-size=\"sm\">-10\u00b0C \u00e0 +45\u00b0C<\/td>\n<\/tr>\n<tr data-start=\"1821\" data-end=\"1857\">\n<td data-start=\"1821\" data-end=\"1829\" data-col-size=\"sm\">Gamme<\/td>\n<td data-start=\"1829\" data-end=\"1857\" data-col-size=\"sm\">2025 \u2013 haute performance<\/td>\n<\/tr>\n<\/tbody>\n<\/table>\n<\/div>\n<\/div>\n<h2 data-section-id=\"12pdv0u\" data-start=\"1866\" data-end=\"1890\">\u00a0Tableau comparatif<\/h2>\n<div class=\"TyagGW_tableContainer\">\n<div class=\"group TyagGW_tableWrapper flex flex-col-reverse w-fit\" tabindex=\"-1\">\n<table class=\"w-fit min-w-(--thread-content-width)\" data-start=\"1892\" data-end=\"2400\">\n<thead data-start=\"1892\" data-end=\"1990\">\n<tr data-start=\"1892\" data-end=\"1990\">\n<th class=\"\" data-start=\"1892\" data-end=\"1901\" data-col-size=\"sm\">Mod\u00e8le<\/th>\n<th class=\"\" data-start=\"1901\" data-end=\"1908\" data-col-size=\"sm\">Type<\/th>\n<th class=\"\" data-start=\"1908\" data-end=\"1929\" data-col-size=\"sm\">Voltage \/ Capacit\u00e9<\/th>\n<th class=\"\" data-start=\"1929\" data-end=\"1941\" data-col-size=\"sm\">Autonomie<\/th>\n<th class=\"\" data-start=\"1941\" data-end=\"1957\" data-col-size=\"sm\">Compatibilit\u00e9<\/th>\n<th class=\"\" data-start=\"1957\" data-end=\"1965\" data-col-size=\"sm\">Poids<\/th>\n<th class=\"\" data-start=\"1965\" data-end=\"1990\" data-col-size=\"sm\">Prix TTC constructeur<\/th>\n<\/tr>\n<\/thead>\n<tbody data-start=\"2093\" data-end=\"2400\">\n<tr data-start=\"2093\" data-end=\"2194\">\n<td data-start=\"2093\" data-end=\"2120\" data-col-size=\"sm\">Samsung SDI E36 B 10.4Ah<\/td>\n<td data-start=\"2120\" data-end=\"2134\" data-col-size=\"sm\">Lithium-ion<\/td>\n<td data-start=\"2134\" data-end=\"2149\" data-col-size=\"sm\">36V \/ 10.4Ah<\/td>\n<td data-start=\"2149\" data-end=\"2160\" data-col-size=\"sm\">45\u201390 km<\/td>\n<td data-start=\"2160\" data-end=\"2178\" data-col-size=\"sm\">Universelle 36V<\/td>\n<td data-start=\"2178\" data-end=\"2185\" data-col-size=\"sm\">3 kg<\/td>\n<td data-start=\"2185\" data-end=\"2194\" data-col-size=\"sm\">289 \u20ac<\/td>\n<\/tr>\n<tr data-start=\"2195\" data-end=\"2293\">\n<td data-start=\"2195\" data-end=\"2217\" data-col-size=\"sm\">Bosch PowerPack 400<\/td>\n<td data-start=\"2217\" data-end=\"2231\" data-col-size=\"sm\">Lithium-ion<\/td>\n<td data-start=\"2231\" data-end=\"2244\" data-col-size=\"sm\">36V \/ 11Ah<\/td>\n<td data-start=\"2244\" data-end=\"2256\" data-col-size=\"sm\">50\u2013100 km<\/td>\n<td data-start=\"2256\" data-end=\"2275\" data-col-size=\"sm\">Bosch uniquement<\/td>\n<td data-start=\"2275\" data-end=\"2284\" data-col-size=\"sm\">2.5 kg<\/td>\n<td data-start=\"2284\" data-end=\"2293\" data-col-size=\"sm\">499 \u20ac<\/td>\n<\/tr>\n<tr data-start=\"2294\" data-end=\"2400\">\n<td data-start=\"2294\" data-end=\"2315\" data-col-size=\"sm\">Panasonic 36V 13Ah<\/td>\n<td data-start=\"2315\" data-end=\"2329\" data-col-size=\"sm\">Lithium-ion<\/td>\n<td data-start=\"2329\" data-end=\"2342\" data-col-size=\"sm\">36V \/ 13Ah<\/td>\n<td data-start=\"2342\" data-end=\"2354\" data-col-size=\"sm\">60\u2013110 km<\/td>\n<td data-start=\"2354\" data-end=\"2382\" data-col-size=\"sm\">VAE compatibles Panasonic<\/td>\n<td data-start=\"2382\" data-end=\"2391\" data-col-size=\"sm\">3.2 kg<\/td>\n<td data-start=\"2391\" data-end=\"2400\" data-col-size=\"sm\">420 \u20ac<\/td>\n<\/tr>\n<\/tbody>\n<\/table>\n<\/div>\n<\/div>\n<h2 data-section-id=\"1ev0jyv\" data-start=\"2409\" data-end=\"2435\"><\/h2>\n<h2 data-section-id=\"1ev0jyv\" data-start=\"2409\" data-end=\"2435\">Avantages principaux<\/h2>\n<p data-start=\"2437\" data-end=\"2715\">Cette batterie se distingue par sa <strong data-start=\"2472\" data-end=\"2507\">batterie v\u00e9lo haute performance<\/strong>, sa stabilit\u00e9 \u00e9nerg\u00e9tique et sa compatibilit\u00e9 universelle. Elle repr\u00e9sente une excellente alternative pour tous ceux qui souhaitent am\u00e9liorer leur <strong data-start=\"2655\" data-end=\"2693\">autonomie batterie v\u00e9lo \u00e9lectrique<\/strong> sans changer de v\u00e9lo.<\/p>\n<h2 data-section-id=\"1mc32b4\" data-start=\"2722\" data-end=\"2757\">\u00a0Conclusion<\/h2>\n<p data-start=\"2759\" data-end=\"2969\">La <strong data-start=\"2762\" data-end=\"2788\">Samsung SDI 36V 10.4Ah<\/strong> est une solution fiable, durable et performante pour tous les utilisateurs de v\u00e9los \u00e9lectriques. Elle combine autonomie, s\u00e9curit\u00e9 et compatibilit\u00e9 universelle \u00e0 un prix comp\u00e9titif.<\/p>\n<p data-start=\"3105\" data-end=\"3201\">\n<h2 data-section-id=\"h5hji8\" data-start=\"3208\" data-end=\"3216\">FAQ<\/h2>\n<p data-start=\"3218\" data-end=\"3315\"><strong data-start=\"3218\" data-end=\"3264\">1. Quelle autonomie offre cette batterie ?<\/strong><br data-start=\"3264\" data-end=\"3267\" \/>Entre 45 et 90 km selon le moteur et le terrain.<\/p>\n<p data-start=\"3317\" data-end=\"3436\"><strong data-start=\"3317\" data-end=\"3365\">2. Est-elle compatible avec tous les v\u00e9los ?<\/strong><br data-start=\"3365\" data-end=\"3368\" \/>Oui, elle est compatible avec la majorit\u00e9 des v\u00e9los \u00e9lectriques 36V.<\/p>\n<p data-start=\"3438\" data-end=\"3502\"><strong data-start=\"3438\" data-end=\"3478\">3. Combien de temps dure la charge ?<\/strong><br data-start=\"3478\" data-end=\"3481\" \/>Environ 4 \u00e0 6 heures.<\/p>\n<p data-start=\"3504\" data-end=\"3631\"><strong data-start=\"3504\" data-end=\"3552\">4. Peut-on remplacer une ancienne batterie ?<\/strong><br data-start=\"3552\" data-end=\"3555\" \/>Oui, c\u2019est une excellente solution de remplacement batterie v\u00e9lo \u00e9lectrique.<\/p>\n<p data-start=\"3633\" data-end=\"3707\"><strong data-start=\"3633\" data-end=\"3668\">5. Quelle est sa dur\u00e9e de vie ?<\/strong><br data-start=\"3668\" data-end=\"3671\" \/>Environ 700 \u00e0 1000 cycles de charge.<\/p>\n<p data-start=\"3709\" data-end=\"3795\"><strong data-start=\"3709\" data-end=\"3747\">6. Est-ce une batterie s\u00e9curis\u00e9e ?<\/strong><br data-start=\"3747\" data-end=\"3750\" \/>Oui, elle int\u00e8gre un syst\u00e8me BMS intelligent.<\/p>\n<p data-start=\"3797\" data-end=\"3910\"><strong data-start=\"3797\" data-end=\"3842\">7. Est-ce une batterie rapide \u00e0 charger ?<\/strong><br data-start=\"3842\" data-end=\"3845\" \/>Oui, elle fait partie des mod\u00e8les de charge rapide batterie v\u00e9lo.<\/p>\n","protected":false},"excerpt":{"rendered":"<ul data-start=\"3943\" data-end=\"4232\">\n<li data-section-id=\"8xw5u4\" data-start=\"3943\" data-end=\"4000\"><span style=\"color: #99cc00;\"><strong>\ud83d\udd0b Puissance et autonomie : 36V 10.4Ah, jusqu\u2019\u00e0 90 km<\/strong><\/span><\/li>\n<li data-section-id=\"1s8aenk\" data-start=\"4001\" data-end=\"4059\"><span style=\"color: #99cc00;\"><strong>\u2699\ufe0f Technologie et s\u00e9curit\u00e9 : Lithium-ion + BMS int\u00e9gr\u00e9<\/strong><\/span><\/li>\n<li data-section-id=\"1wnxsa6\" data-start=\"4060\" data-end=\"4115\"><span style=\"color: #99cc00;\"><strong>\ud83d\udd27 Compatibilit\u00e9 : v\u00e9los \u00e9lectriques 36V universels<\/strong><\/span><\/li>\n<li data-section-id=\"3ww3v0\" data-start=\"4116\" data-end=\"4232\"><span style=\"color: #99cc00;\"><strong>\u2b50 Avantage principal : excellent rapport performance\/prix pour une batterie v\u00e9lo performante autonomie et \u00e9lev\u00e9e<\/strong><\/span><\/li>\n<\/ul>\n<p data-start=\"2971\" data-end=\"3103\">\ud83d\udc49 Si vous recherchez une <strong data-start=\"2997\" data-end=\"3027\">batterie v\u00e9lo longue dur\u00e9e<\/strong> avec un excellent rapport qualit\u00e9\/prix, ce mod\u00e8le est un choix strat\u00e9gique.<\/p>\n<p data-start=\"3105\" data-end=\"3201\"><strong data-start=\"3105\" data-end=\"3201\">Passez \u00e0 la performance sup\u00e9rieure d\u00e8s aujourd\u2019hui et redonnez vie \u00e0 votre v\u00e9lo \u00e9lectrique !<\/strong><\/p>\n","protected":false},"featured_media":28276,"comment_status":"open","ping_status":"closed","template":"","meta":[],"product_brand":[82],"product_cat":[33],"product_tag":[537,522],"class_list":{"0":"post-28277","1":"product","2":"type-product","3":"status-publish","4":"has-post-thumbnail","6":"product_brand-samsung-sdi","7":"product_cat-batteries-de-velos","8":"product_tag-batterie-universelle-de-velos","9":"product_tag-batterie-velo-assistance-electrique-puissante-fiable","11":"first","12":"instock","13":"shipping-taxable","14":"purchasable","15":"product-type-simple"},"yoast_head":"<!-- This site is optimized with the Yoast SEO plugin v27.5 - https:\/\/yoast.com\/product\/yoast-seo-wordpress\/ -->\n<title>Batterie universelle pour velos Samsung SDI SSDI E36 B 36V 10.4Ah - ateliervae.fr<\/title>\n<meta name=\"description\" content=\"Batterie v\u00e9lo performante autonomie et \u00e9lev\u00e9e Samsung SDI 36V 10.4Ah, environ 289\u20ac \u2013 autonomie longue dur\u00e9e et haute fiabilit\u00e9 pour v\u00e9lo \u00e9lectrique.\" \/>\n<meta name=\"robots\" content=\"index, follow, max-snippet:-1, max-image-preview:large, max-video-preview:-1\" \/>\n<link rel=\"canonical\" href=\"https:\/\/ateliervae.fr\/?product=batterie-velo-performante-autonomie-et-elevee-samsung-sdi\" \/>\n<meta property=\"og:locale\" content=\"fr_FR\" \/>\n<meta property=\"og:type\" content=\"article\" \/>\n<meta property=\"og:title\" content=\"Batterie universelle pour velos Samsung SDI SSDI E36 B 36V 10.4Ah - ateliervae.fr\" \/>\n<meta property=\"og:description\" content=\"Batterie v\u00e9lo performante autonomie et \u00e9lev\u00e9e Samsung SDI 36V 10.4Ah, environ 289\u20ac \u2013 autonomie longue dur\u00e9e et haute fiabilit\u00e9 pour v\u00e9lo \u00e9lectrique.\" \/>\n<meta property=\"og:url\" content=\"https:\/\/ateliervae.fr\/?product=batterie-velo-performante-autonomie-et-elevee-samsung-sdi\" \/>\n<meta property=\"og:site_name\" content=\"ateliervae.fr\" \/>\n<meta property=\"article:modified_time\" content=\"2026-04-27T12:47:11+00:00\" \/>\n<meta property=\"og:image\" content=\"https:\/\/ateliervae.fr\/wp-content\/uploads\/2026\/04\/samsung_sdi_accu_e24_b_ssdi_2.jpg\" \/>\n\t<meta property=\"og:image:width\" content=\"360\" \/>\n\t<meta property=\"og:image:height\" content=\"360\" \/>\n\t<meta property=\"og:image:type\" content=\"image\/jpeg\" \/>\n<meta name=\"twitter:card\" content=\"summary_large_image\" \/>\n<meta name=\"twitter:label1\" content=\"Dur\u00e9e de lecture estim\u00e9e\" \/>\n\t<meta name=\"twitter:data1\" content=\"3 minutes\" \/>\n<script type=\"application\/ld+json\" class=\"yoast-schema-graph\">{\"@context\":\"https:\\\/\\\/schema.org\",\"@graph\":[{\"@type\":\"WebPage\",\"@id\":\"https:\\\/\\\/ateliervae.fr\\\/?product=batterie-velo-performante-autonomie-et-elevee-samsung-sdi\",\"url\":\"https:\\\/\\\/ateliervae.fr\\\/?product=batterie-velo-performante-autonomie-et-elevee-samsung-sdi\",\"name\":\"Batterie universelle pour velos Samsung SDI SSDI E36 B 36V 10.4Ah - ateliervae.fr\",\"isPartOf\":{\"@id\":\"https:\\\/\\\/ateliervae.fr\\\/#website\"},\"primaryImageOfPage\":{\"@id\":\"https:\\\/\\\/ateliervae.fr\\\/?product=batterie-velo-performante-autonomie-et-elevee-samsung-sdi#primaryimage\"},\"image\":{\"@id\":\"https:\\\/\\\/ateliervae.fr\\\/?product=batterie-velo-performante-autonomie-et-elevee-samsung-sdi#primaryimage\"},\"thumbnailUrl\":\"https:\\\/\\\/ateliervae.fr\\\/wp-content\\\/uploads\\\/2026\\\/04\\\/samsung_sdi_accu_e24_b_ssdi_2.jpg\",\"datePublished\":\"2026-04-26T15:35:52+00:00\",\"dateModified\":\"2026-04-27T12:47:11+00:00\",\"description\":\"Batterie v\u00e9lo performante autonomie et \u00e9lev\u00e9e Samsung SDI 36V 10.4Ah, environ 289\u20ac \u2013 autonomie longue dur\u00e9e et haute fiabilit\u00e9 pour v\u00e9lo \u00e9lectrique.\",\"breadcrumb\":{\"@id\":\"https:\\\/\\\/ateliervae.fr\\\/?product=batterie-velo-performante-autonomie-et-elevee-samsung-sdi#breadcrumb\"},\"inLanguage\":\"fr-FR\",\"potentialAction\":[{\"@type\":\"ReadAction\",\"target\":[\"https:\\\/\\\/ateliervae.fr\\\/?product=batterie-velo-performante-autonomie-et-elevee-samsung-sdi\"]}]},{\"@type\":\"ImageObject\",\"inLanguage\":\"fr-FR\",\"@id\":\"https:\\\/\\\/ateliervae.fr\\\/?product=batterie-velo-performante-autonomie-et-elevee-samsung-sdi#primaryimage\",\"url\":\"https:\\\/\\\/ateliervae.fr\\\/wp-content\\\/uploads\\\/2026\\\/04\\\/samsung_sdi_accu_e24_b_ssdi_2.jpg\",\"contentUrl\":\"https:\\\/\\\/ateliervae.fr\\\/wp-content\\\/uploads\\\/2026\\\/04\\\/samsung_sdi_accu_e24_b_ssdi_2.jpg\",\"width\":360,\"height\":360,\"caption\":\"batterie v\u00e9lo performante autonomie et \u00e9lev\u00e9e\"},{\"@type\":\"BreadcrumbList\",\"@id\":\"https:\\\/\\\/ateliervae.fr\\\/?product=batterie-velo-performante-autonomie-et-elevee-samsung-sdi#breadcrumb\",\"itemListElement\":[{\"@type\":\"ListItem\",\"position\":1,\"name\":\"Home\",\"item\":\"https:\\\/\\\/ateliervae.fr\\\/\"},{\"@type\":\"ListItem\",\"position\":2,\"name\":\"Produits\",\"item\":\"https:\\\/\\\/ateliervae.fr\\\/shop\\\/\"},{\"@type\":\"ListItem\",\"position\":3,\"name\":\"Batterie universelle pour velos Samsung SDI SSDI E36 B 36V 10.4Ah\"}]},{\"@type\":\"WebSite\",\"@id\":\"https:\\\/\\\/ateliervae.fr\\\/#website\",\"url\":\"https:\\\/\\\/ateliervae.fr\\\/\",\"name\":\"ateliervae.fr\",\"description\":\"L\u2019\u00e9nergie au c\u0153ur de vos trajets\",\"publisher\":{\"@id\":\"https:\\\/\\\/ateliervae.fr\\\/#organization\"},\"potentialAction\":[{\"@type\":\"SearchAction\",\"target\":{\"@type\":\"EntryPoint\",\"urlTemplate\":\"https:\\\/\\\/ateliervae.fr\\\/?s={search_term_string}\"},\"query-input\":{\"@type\":\"PropertyValueSpecification\",\"valueRequired\":true,\"valueName\":\"search_term_string\"}}],\"inLanguage\":\"fr-FR\"},{\"@type\":\"Organization\",\"@id\":\"https:\\\/\\\/ateliervae.fr\\\/#organization\",\"name\":\"ateliervae.fr\",\"url\":\"https:\\\/\\\/ateliervae.fr\\\/\",\"logo\":{\"@type\":\"ImageObject\",\"inLanguage\":\"fr-FR\",\"@id\":\"https:\\\/\\\/ateliervae.fr\\\/#\\\/schema\\\/logo\\\/image\\\/\",\"url\":\"https:\\\/\\\/ateliervae.fr\\\/wp-content\\\/uploads\\\/2026\\\/04\\\/ChatGPT-Image-6-avr.-2026-11_58_22.png\",\"contentUrl\":\"https:\\\/\\\/ateliervae.fr\\\/wp-content\\\/uploads\\\/2026\\\/04\\\/ChatGPT-Image-6-avr.-2026-11_58_22.png\",\"width\":1536,\"height\":1024,\"caption\":\"ateliervae.fr\"},\"image\":{\"@id\":\"https:\\\/\\\/ateliervae.fr\\\/#\\\/schema\\\/logo\\\/image\\\/\"}}]}<\/script>\n<!-- \/ Yoast SEO plugin. -->","yoast_head_json":{"title":"Batterie universelle pour velos Samsung SDI SSDI E36 B 36V 10.4Ah - ateliervae.fr","description":"Batterie v\u00e9lo performante autonomie et \u00e9lev\u00e9e Samsung SDI 36V 10.4Ah, environ 289\u20ac \u2013 autonomie longue dur\u00e9e et haute fiabilit\u00e9 pour v\u00e9lo \u00e9lectrique.","robots":{"index":"index","follow":"follow","max-snippet":"max-snippet:-1","max-image-preview":"max-image-preview:large","max-video-preview":"max-video-preview:-1"},"canonical":"https:\/\/ateliervae.fr\/?product=batterie-velo-performante-autonomie-et-elevee-samsung-sdi","og_locale":"fr_FR","og_type":"article","og_title":"Batterie universelle pour velos Samsung SDI SSDI E36 B 36V 10.4Ah - ateliervae.fr","og_description":"Batterie v\u00e9lo performante autonomie et \u00e9lev\u00e9e Samsung SDI 36V 10.4Ah, environ 289\u20ac \u2013 autonomie longue dur\u00e9e et haute fiabilit\u00e9 pour v\u00e9lo \u00e9lectrique.","og_url":"https:\/\/ateliervae.fr\/?product=batterie-velo-performante-autonomie-et-elevee-samsung-sdi","og_site_name":"ateliervae.fr","article_modified_time":"2026-04-27T12:47:11+00:00","og_image":[{"width":360,"height":360,"url":"https:\/\/ateliervae.fr\/wp-content\/uploads\/2026\/04\/samsung_sdi_accu_e24_b_ssdi_2.jpg","type":"image\/jpeg"}],"twitter_card":"summary_large_image","twitter_misc":{"Dur\u00e9e de lecture estim\u00e9e":"3 minutes"},"schema":{"@context":"https:\/\/schema.org","@graph":[{"@type":"WebPage","@id":"https:\/\/ateliervae.fr\/?product=batterie-velo-performante-autonomie-et-elevee-samsung-sdi","url":"https:\/\/ateliervae.fr\/?product=batterie-velo-performante-autonomie-et-elevee-samsung-sdi","name":"Batterie universelle pour velos Samsung SDI SSDI E36 B 36V 10.4Ah - ateliervae.fr","isPartOf":{"@id":"https:\/\/ateliervae.fr\/#website"},"primaryImageOfPage":{"@id":"https:\/\/ateliervae.fr\/?product=batterie-velo-performante-autonomie-et-elevee-samsung-sdi#primaryimage"},"image":{"@id":"https:\/\/ateliervae.fr\/?product=batterie-velo-performante-autonomie-et-elevee-samsung-sdi#primaryimage"},"thumbnailUrl":"https:\/\/ateliervae.fr\/wp-content\/uploads\/2026\/04\/samsung_sdi_accu_e24_b_ssdi_2.jpg","datePublished":"2026-04-26T15:35:52+00:00","dateModified":"2026-04-27T12:47:11+00:00","description":"Batterie v\u00e9lo performante autonomie et \u00e9lev\u00e9e Samsung SDI 36V 10.4Ah, environ 289\u20ac \u2013 autonomie longue dur\u00e9e et haute fiabilit\u00e9 pour v\u00e9lo \u00e9lectrique.","breadcrumb":{"@id":"https:\/\/ateliervae.fr\/?product=batterie-velo-performante-autonomie-et-elevee-samsung-sdi#breadcrumb"},"inLanguage":"fr-FR","potentialAction":[{"@type":"ReadAction","target":["https:\/\/ateliervae.fr\/?product=batterie-velo-performante-autonomie-et-elevee-samsung-sdi"]}]},{"@type":"ImageObject","inLanguage":"fr-FR","@id":"https:\/\/ateliervae.fr\/?product=batterie-velo-performante-autonomie-et-elevee-samsung-sdi#primaryimage","url":"https:\/\/ateliervae.fr\/wp-content\/uploads\/2026\/04\/samsung_sdi_accu_e24_b_ssdi_2.jpg","contentUrl":"https:\/\/ateliervae.fr\/wp-content\/uploads\/2026\/04\/samsung_sdi_accu_e24_b_ssdi_2.jpg","width":360,"height":360,"caption":"batterie v\u00e9lo performante autonomie et \u00e9lev\u00e9e"},{"@type":"BreadcrumbList","@id":"https:\/\/ateliervae.fr\/?product=batterie-velo-performante-autonomie-et-elevee-samsung-sdi#breadcrumb","itemListElement":[{"@type":"ListItem","position":1,"name":"Home","item":"https:\/\/ateliervae.fr\/"},{"@type":"ListItem","position":2,"name":"Produits","item":"https:\/\/ateliervae.fr\/shop\/"},{"@type":"ListItem","position":3,"name":"Batterie universelle pour velos Samsung SDI SSDI E36 B 36V 10.4Ah"}]},{"@type":"WebSite","@id":"https:\/\/ateliervae.fr\/#website","url":"https:\/\/ateliervae.fr\/","name":"ateliervae.fr","description":"L\u2019\u00e9nergie au c\u0153ur de vos trajets","publisher":{"@id":"https:\/\/ateliervae.fr\/#organization"},"potentialAction":[{"@type":"SearchAction","target":{"@type":"EntryPoint","urlTemplate":"https:\/\/ateliervae.fr\/?s={search_term_string}"},"query-input":{"@type":"PropertyValueSpecification","valueRequired":true,"valueName":"search_term_string"}}],"inLanguage":"fr-FR"},{"@type":"Organization","@id":"https:\/\/ateliervae.fr\/#organization","name":"ateliervae.fr","url":"https:\/\/ateliervae.fr\/","logo":{"@type":"ImageObject","inLanguage":"fr-FR","@id":"https:\/\/ateliervae.fr\/#\/schema\/logo\/image\/","url":"https:\/\/ateliervae.fr\/wp-content\/uploads\/2026\/04\/ChatGPT-Image-6-avr.-2026-11_58_22.png","contentUrl":"https:\/\/ateliervae.fr\/wp-content\/uploads\/2026\/04\/ChatGPT-Image-6-avr.-2026-11_58_22.png","width":1536,"height":1024,"caption":"ateliervae.fr"},"image":{"@id":"https:\/\/ateliervae.fr\/#\/schema\/logo\/image\/"}}]}},"_links":{"self":[{"href":"https:\/\/ateliervae.fr\/index.php?rest_route=\/wp\/v2\/product\/28277","targetHints":{"allow":["GET"]}}],"collection":[{"href":"https:\/\/ateliervae.fr\/index.php?rest_route=\/wp\/v2\/product"}],"about":[{"href":"https:\/\/ateliervae.fr\/index.php?rest_route=\/wp\/v2\/types\/product"}],"replies":[{"embeddable":true,"href":"https:\/\/ateliervae.fr\/index.php?rest_route=%2Fwp%2Fv2%2Fcomments&post=28277"}],"version-history":[{"count":2,"href":"https:\/\/ateliervae.fr\/index.php?rest_route=\/wp\/v2\/product\/28277\/revisions"}],"predecessor-version":[{"id":28365,"href":"https:\/\/ateliervae.fr\/index.php?rest_route=\/wp\/v2\/product\/28277\/revisions\/28365"}],"wp:featuredmedia":[{"embeddable":true,"href":"https:\/\/ateliervae.fr\/index.php?rest_route=\/wp\/v2\/media\/28276"}],"wp:attachment":[{"href":"https:\/\/ateliervae.fr\/index.php?rest_route=%2Fwp%2Fv2%2Fmedia&parent=28277"}],"wp:term":[{"taxonomy":"product_brand","embeddable":true,"href":"https:\/\/ateliervae.fr\/index.php?rest_route=%2Fwp%2Fv2%2Fproduct_brand&post=28277"},{"taxonomy":"product_cat","embeddable":true,"href":"https:\/\/ateliervae.fr\/index.php?rest_route=%2Fwp%2Fv2%2Fproduct_cat&post=28277"},{"taxonomy":"product_tag","embeddable":true,"href":"https:\/\/ateliervae.fr\/index.php?rest_route=%2Fwp%2Fv2%2Fproduct_tag&post=28277"}],"curies":[{"name":"wp","href":"https:\/\/api.w.org\/{rel}","templated":true}]}}