{"id":28223,"date":"2026-04-24T11:36:41","date_gmt":"2026-04-24T11:36:41","guid":{"rendered":"https:\/\/ateliervae.fr\/?product=stromer-bq618-48v-12-3ah-618wh"},"modified":"2026-04-26T12:24:03","modified_gmt":"2026-04-26T12:24:03","slug":"stromer-bq618-48v-12-3ah-618wh","status":"publish","type":"product","link":"https:\/\/ateliervae.fr\/?product=stromer-bq618-48v-12-3ah-618wh","title":{"rendered":"Batterie pour velos Stromer BQ618 48V 12.3Ah 618Wh"},"content":{"rendered":"<h2 data-section-id=\"10qs832\" data-start=\"219\" data-end=\"254\">Description d\u00e9taill\u00e9e du produit<\/h2>\n<p data-start=\"256\" data-end=\"614\">La <strong data-start=\"259\" data-end=\"313\">batterie pour v\u00e9los Stromer BQ618 48V 12.3Ah 618Wh<\/strong> s\u2019impose comme une solution haut de gamme pour tous les utilisateurs \u00e0 la recherche de la <strong data-start=\"404\" data-end=\"447\">meilleure batterie v\u00e9lo 48V performante<\/strong>. Con\u00e7ue avec une technologie <strong data-start=\"477\" data-end=\"499\">Lithium-ion e-bike<\/strong>, elle garantit une puissance constante, une excellente autonomie et une grande durabilit\u00e9, m\u00eame en usage intensif.<\/p>\n<p data-start=\"616\" data-end=\"908\">Adapt\u00e9e aux v\u00e9los \u00e9lectriques urbains comme aux VTT \u00e9lectriques, cette batterie offre une capacit\u00e9 de <strong data-start=\"718\" data-end=\"727\">618Wh<\/strong>, id\u00e9ale pour les trajets quotidiens ou les longues randonn\u00e9es. Gr\u00e2ce \u00e0 son voltage de 48V, elle assure une assistance fluide et puissante, m\u00eame en mont\u00e9e ou sur terrains exigeants.<\/p>\n<p data-start=\"910\" data-end=\"1154\">Son design ergonomique permet une int\u00e9gration facile sur les v\u00e9los compatibles Stromer. Elle s\u2019adresse aussi bien aux cyclistes r\u00e9guliers qu\u2019aux professionnels recherchant une <strong data-start=\"1086\" data-end=\"1131\">batterie longue autonomie v\u00e9lo \u00e9lectrique<\/strong> fiable et performante.<\/p>\n<h3 data-section-id=\"13fpz2n\" data-start=\"1156\" data-end=\"1180\">Les avantages cl\u00e9s :<\/h3>\n<ul data-start=\"1181\" data-end=\"1453\">\n<li data-section-id=\"1yr6dw1\" data-start=\"1181\" data-end=\"1266\">Excellente <strong data-start=\"1194\" data-end=\"1232\">autonomie batterie v\u00e9lo \u00e9lectrique<\/strong> (jusqu\u2019\u00e0 120 km selon conditions)<\/li>\n<li data-section-id=\"12bui8g\" data-start=\"1267\" data-end=\"1333\">Technologie <strong data-start=\"1281\" data-end=\"1308\">batterie lithium e-bike<\/strong> performante et s\u00e9curis\u00e9e<\/li>\n<li data-section-id=\"1huvvk9\" data-start=\"1334\" data-end=\"1377\">Compatible avec plusieurs mod\u00e8les Stromer<\/li>\n<li data-section-id=\"zva2s7\" data-start=\"1378\" data-end=\"1407\">Recharge rapide et efficace<\/li>\n<li data-section-id=\"1jbnb2q\" data-start=\"1408\" data-end=\"1453\">Id\u00e9ale pour usage urbain et longue distance<\/li>\n<\/ul>\n<p data-start=\"1457\" data-end=\"1713\">Cette batterie est \u00e9galement \u00e9quip\u00e9e d\u2019un syst\u00e8me de gestion intelligent (BMS) garantissant la protection contre les surcharges, les courts-circuits et la surchauffe, ce qui en fait une <strong data-start=\"1643\" data-end=\"1684\">batterie rechargeable v\u00e9lo \u00e9lectrique<\/strong> \u00e0 la fois fiable et durable.<\/p>\n<hr data-start=\"1715\" data-end=\"1718\" \/>\n<h2 data-section-id=\"t5bigv\" data-start=\"1720\" data-end=\"1748\">Tableau technique complet<\/h2>\n<div class=\"TyagGW_tableContainer\">\n<div class=\"group TyagGW_tableWrapper flex flex-col-reverse w-fit\" tabindex=\"-1\">\n<table class=\"w-fit min-w-(--thread-content-width)\" data-start=\"1750\" data-end=\"2316\">\n<thead data-start=\"1750\" data-end=\"1778\">\n<tr data-start=\"1750\" data-end=\"1778\">\n<th class=\"\" data-start=\"1750\" data-end=\"1768\" data-col-size=\"sm\">Caract\u00e9ristique<\/th>\n<th class=\"\" data-start=\"1768\" data-end=\"1778\" data-col-size=\"sm\">D\u00e9tail<\/th>\n<\/tr>\n<\/thead>\n<tbody data-start=\"1807\" data-end=\"2316\">\n<tr data-start=\"1807\" data-end=\"1859\">\n<td data-start=\"1807\" data-end=\"1826\" data-col-size=\"sm\">Type de batterie<\/td>\n<td data-start=\"1826\" data-end=\"1859\" data-col-size=\"sm\"><a href=\"https:\/\/ateliervae.fr\/?product=stromer-st1-bo630-36v-16-5ah-630wh\">Batterie pour v\u00e9lo \u00e9lectrique<\/a><\/td>\n<\/tr>\n<tr data-start=\"1860\" data-end=\"1889\">\n<td data-start=\"1860\" data-end=\"1874\" data-col-size=\"sm\">Technologie<\/td>\n<td data-start=\"1874\" data-end=\"1889\" data-col-size=\"sm\">Lithium-ion<\/td>\n<\/tr>\n<tr data-start=\"1890\" data-end=\"1907\">\n<td data-start=\"1890\" data-end=\"1900\" data-col-size=\"sm\">Voltage<\/td>\n<td data-start=\"1900\" data-end=\"1907\" data-col-size=\"sm\">48V<\/td>\n<\/tr>\n<tr data-start=\"1908\" data-end=\"1937\">\n<td data-start=\"1908\" data-end=\"1919\" data-col-size=\"sm\">Capacit\u00e9<\/td>\n<td data-start=\"1919\" data-end=\"1937\" data-col-size=\"sm\">12.3Ah \/ 618Wh<\/td>\n<\/tr>\n<tr data-start=\"1938\" data-end=\"1973\">\n<td data-start=\"1938\" data-end=\"1958\" data-col-size=\"sm\">Autonomie estim\u00e9e<\/td>\n<td data-start=\"1958\" data-end=\"1973\" data-col-size=\"sm\">70 \u00e0 120 km<\/td>\n<\/tr>\n<tr data-start=\"1974\" data-end=\"2008\">\n<td data-start=\"1974\" data-end=\"1992\" data-col-size=\"sm\">Temps de charge<\/td>\n<td data-start=\"1992\" data-end=\"2008\" data-col-size=\"sm\">4 \u00e0 6 heures<\/td>\n<\/tr>\n<tr data-start=\"2009\" data-end=\"2045\">\n<td data-start=\"2009\" data-end=\"2024\" data-col-size=\"sm\">Dur\u00e9e de vie<\/td>\n<td data-start=\"2024\" data-end=\"2045\" data-col-size=\"sm\">800 \u00e0 1000 cycles<\/td>\n<\/tr>\n<tr data-start=\"2046\" data-end=\"2079\">\n<td data-start=\"2046\" data-end=\"2062\" data-col-size=\"sm\">Compatibilit\u00e9<\/td>\n<td data-start=\"2062\" data-end=\"2079\" data-col-size=\"sm\">V\u00e9los Stromer<\/td>\n<\/tr>\n<tr data-start=\"2080\" data-end=\"2122\">\n<td data-start=\"2080\" data-end=\"2102\" data-col-size=\"sm\">Syst\u00e8me de fixation<\/td>\n<td data-start=\"2102\" data-end=\"2122\" data-col-size=\"sm\">Int\u00e9gr\u00e9 au cadre<\/td>\n<\/tr>\n<tr data-start=\"2123\" data-end=\"2149\">\n<td data-start=\"2123\" data-end=\"2131\" data-col-size=\"sm\">Poids<\/td>\n<td data-start=\"2131\" data-end=\"2149\" data-col-size=\"sm\">Environ 3.5 kg<\/td>\n<\/tr>\n<tr data-start=\"2150\" data-end=\"2181\">\n<td data-start=\"2150\" data-end=\"2164\" data-col-size=\"sm\">Emplacement<\/td>\n<td data-start=\"2164\" data-end=\"2181\" data-col-size=\"sm\">Tube diagonal<\/td>\n<\/tr>\n<tr data-start=\"2182\" data-end=\"2210\">\n<td data-start=\"2182\" data-end=\"2189\" data-col-size=\"sm\">Type<\/td>\n<td data-start=\"2189\" data-end=\"2210\" data-col-size=\"sm\">Batterie amovible<\/td>\n<\/tr>\n<tr data-start=\"2211\" data-end=\"2237\">\n<td data-start=\"2211\" data-end=\"2222\" data-col-size=\"sm\">S\u00e9curit\u00e9<\/td>\n<td data-start=\"2222\" data-end=\"2237\" data-col-size=\"sm\">BMS int\u00e9gr\u00e9<\/td>\n<\/tr>\n<tr data-start=\"2238\" data-end=\"2282\">\n<td data-start=\"2238\" data-end=\"2266\" data-col-size=\"sm\">Temp\u00e9rature d\u2019utilisation<\/td>\n<td data-start=\"2266\" data-end=\"2282\" data-col-size=\"sm\">-10\u00b0C \u00e0 45\u00b0C<\/td>\n<\/tr>\n<tr data-start=\"2283\" data-end=\"2316\">\n<td data-start=\"2283\" data-end=\"2299\" data-col-size=\"sm\">Ann\u00e9e \/ gamme<\/td>\n<td data-start=\"2299\" data-end=\"2316\" data-col-size=\"sm\">Haut de gamme<\/td>\n<\/tr>\n<\/tbody>\n<\/table>\n<\/div>\n<\/div>\n<h2 data-section-id=\"1mu3gfr\" data-start=\"2325\" data-end=\"2346\">Tableau comparatif<\/h2>\n<div class=\"TyagGW_tableContainer\">\n<div class=\"group TyagGW_tableWrapper flex flex-col-reverse w-fit\" tabindex=\"-1\">\n<table class=\"w-fit min-w-(--thread-content-width)\" data-start=\"2348\" data-end=\"2797\">\n<thead data-start=\"2348\" data-end=\"2445\">\n<tr data-start=\"2348\" data-end=\"2445\">\n<th class=\"\" data-start=\"2348\" data-end=\"2357\" data-col-size=\"sm\">Mod\u00e8le<\/th>\n<th class=\"\" data-start=\"2357\" data-end=\"2376\" data-col-size=\"sm\">Type de batterie<\/th>\n<th class=\"\" data-start=\"2376\" data-end=\"2397\" data-col-size=\"sm\">Voltage \/ capacit\u00e9<\/th>\n<th class=\"\" data-start=\"2397\" data-end=\"2409\" data-col-size=\"sm\">Autonomie<\/th>\n<th class=\"\" data-start=\"2409\" data-end=\"2425\" data-col-size=\"sm\">Compatibilit\u00e9<\/th>\n<th class=\"\" data-start=\"2425\" data-end=\"2433\" data-col-size=\"sm\">Poids<\/th>\n<th class=\"\" data-start=\"2433\" data-end=\"2445\" data-col-size=\"sm\">Prix TTC<\/th>\n<\/tr>\n<\/thead>\n<tbody data-start=\"2543\" data-end=\"2797\">\n<tr data-start=\"2543\" data-end=\"2624\">\n<td data-start=\"2543\" data-end=\"2559\" data-col-size=\"sm\">Stromer BQ618<\/td>\n<td data-start=\"2559\" data-end=\"2573\" data-col-size=\"sm\">Lithium-ion<\/td>\n<td data-start=\"2573\" data-end=\"2588\" data-col-size=\"sm\">48V \/ 12.3Ah<\/td>\n<td data-start=\"2588\" data-end=\"2597\" data-col-size=\"sm\">120 km<\/td>\n<td data-start=\"2597\" data-end=\"2607\" data-col-size=\"sm\">Stromer<\/td>\n<td data-start=\"2607\" data-end=\"2616\" data-col-size=\"sm\">3.5 kg<\/td>\n<td data-start=\"2616\" data-end=\"2624\" data-col-size=\"sm\">699\u20ac<\/td>\n<\/tr>\n<tr data-start=\"2625\" data-end=\"2710\">\n<td data-start=\"2625\" data-end=\"2647\" data-col-size=\"sm\"><a href=\"https:\/\/ateliervae.fr\/?product=bosch-powerpack-500-classic-compatible-cadre\">Bosch PowerPack 500<\/a><\/td>\n<td data-start=\"2647\" data-end=\"2661\" data-col-size=\"sm\">Lithium-ion<\/td>\n<td data-start=\"2661\" data-end=\"2676\" data-col-size=\"sm\">36V \/ 13.4Ah<\/td>\n<td data-start=\"2676\" data-end=\"2685\" data-col-size=\"sm\">100 km<\/td>\n<td data-start=\"2685\" data-end=\"2693\" data-col-size=\"sm\">Bosch<\/td>\n<td data-start=\"2693\" data-end=\"2702\" data-col-size=\"sm\">2.8 kg<\/td>\n<td data-start=\"2702\" data-end=\"2710\" data-col-size=\"sm\">749\u20ac<\/td>\n<\/tr>\n<tr data-start=\"2711\" data-end=\"2797\">\n<td data-start=\"2711\" data-end=\"2732\" data-col-size=\"sm\"><a href=\"https:\/\/ateliervae.fr\/?product=batterie-panasonic-velo-electrique-36v-13ah\">Panasonic 48V 14Ah<\/a><\/td>\n<td data-start=\"2732\" data-end=\"2746\" data-col-size=\"sm\">Lithium-ion<\/td>\n<td data-start=\"2746\" data-end=\"2759\" data-col-size=\"sm\">48V \/ 14Ah<\/td>\n<td data-start=\"2759\" data-end=\"2768\" data-col-size=\"sm\">130 km<\/td>\n<td data-start=\"2768\" data-end=\"2780\" data-col-size=\"sm\">Universel<\/td>\n<td data-start=\"2780\" data-end=\"2789\" data-col-size=\"sm\">3.8 kg<\/td>\n<td data-start=\"2789\" data-end=\"2797\" data-col-size=\"sm\">729\u20ac<\/td>\n<\/tr>\n<\/tbody>\n<\/table>\n<\/div>\n<\/div>\n<h2 data-section-id=\"105r1gu\" data-start=\"2806\" data-end=\"2838\">Conclusion<\/h2>\n<p data-start=\"2840\" data-end=\"3141\">La batterie Stromer BQ618 est un choix incontournable pour tous ceux qui recherchent une <strong data-start=\"2929\" data-end=\"2968\">batterie v\u00e9lo \u00e9lectrique 48V fiable<\/strong>, performante et durable. Gr\u00e2ce \u00e0 sa grande capacit\u00e9, sa technologie avanc\u00e9e et sa compatibilit\u00e9 optimale, elle garantit une exp\u00e9rience de conduite fluide et sans compromis.<\/p>\n<h2 data-section-id=\"1hryhf7\" data-start=\"3439\" data-end=\"3445\">FAQ<\/h2>\n<p data-start=\"3447\" data-end=\"3573\"><strong data-start=\"3447\" data-end=\"3489\">Quelle autonomie pour cette batterie ?<\/strong><br data-start=\"3489\" data-end=\"3492\" \/>Elle offre entre 70 et 120 km selon le terrain, le poids et le mode d\u2019assistance.<\/p>\n<p data-start=\"3575\" data-end=\"3687\"><strong data-start=\"3575\" data-end=\"3614\">Est-elle compatible avec mon v\u00e9lo ?<\/strong><br data-start=\"3614\" data-end=\"3617\" \/>Elle est sp\u00e9cialement con\u00e7ue pour les v\u00e9los Stromer compatibles BQ618.<\/p>\n<p data-start=\"3689\" data-end=\"3775\"><strong data-start=\"3689\" data-end=\"3726\">Combien de temps dure la charge ?<\/strong><br data-start=\"3726\" data-end=\"3729\" \/>Environ 4 \u00e0 6 heures pour une charge compl\u00e8te.<\/p>\n<p data-start=\"3777\" data-end=\"3890\"><strong data-start=\"3777\" data-end=\"3822\">Peut-on remplacer une batterie ancienne ?<\/strong><br data-start=\"3822\" data-end=\"3825\" \/>Oui, elle est id\u00e9ale en remplacement d\u2019une batterie Stromer us\u00e9e.<\/p>\n<p data-start=\"3892\" data-end=\"3962\"><strong data-start=\"3892\" data-end=\"3924\">Quelle est sa dur\u00e9e de vie ?<\/strong><br data-start=\"3924\" data-end=\"3927\" \/>Entre 800 et 1000 cycles de charge.<\/p>\n<p data-start=\"3964\" data-end=\"4040\"><strong data-start=\"3964\" data-end=\"4000\">La batterie est-elle s\u00e9curis\u00e9e ?<\/strong><br data-start=\"4000\" data-end=\"4003\" \/>Oui, gr\u00e2ce \u00e0 son syst\u00e8me BMS int\u00e9gr\u00e9.<\/p>\n<p data-start=\"4042\" data-end=\"4126\"><strong data-start=\"4042\" data-end=\"4082\">Peut-on l\u2019utiliser par temps froid ?<\/strong><br data-start=\"4082\" data-end=\"4085\" \/>Oui, elle fonctionne entre -10\u00b0C et 45\u00b0C.<\/p>\n","protected":false},"excerpt":{"rendered":"<ul data-start=\"4156\" data-end=\"4440\">\n<li data-section-id=\"1qezxsw\" data-start=\"4156\" data-end=\"4225\"><span style=\"color: #99cc00;\">\ud83d\udd0b <strong data-start=\"4161\" data-end=\"4186\">Puissance &amp; autonomie<\/strong> : 48V \u2013 618Wh pour longues distances<\/span><\/li>\n<li data-section-id=\"1kn7s0a\" data-start=\"4226\" data-end=\"4289\"><span style=\"color: #99cc00;\">\u26a1 <strong data-start=\"4230\" data-end=\"4256\">Technologie &amp; s\u00e9curit\u00e9<\/strong> : Lithium-ion avec BMS int\u00e9gr\u00e9<\/span><\/li>\n<li data-section-id=\"130we3f\" data-start=\"4290\" data-end=\"4355\"><span style=\"color: #99cc00;\">\ud83d\udeb2 <strong data-start=\"4295\" data-end=\"4312\">Compatibilit\u00e9<\/strong> : Sp\u00e9cialement con\u00e7ue pour v\u00e9los Stromer<\/span><\/li>\n<li data-section-id=\"b2nhtg\" data-start=\"4356\" data-end=\"4440\"><span style=\"color: #99cc00;\">\u2b50 <strong data-start=\"4360\" data-end=\"4376\">Avantage cl\u00e9<\/strong> : Batterie performante, fiable et durable pour usage intensif<\/span><\/li>\n<\/ul>\n<p data-start=\"3143\" data-end=\"3319\">Que vous soyez un cycliste urbain ou un adepte de longues balades, cette <strong data-start=\"3216\" data-end=\"3259\">batterie haute capacit\u00e9 v\u00e9lo \u00e9lectrique<\/strong> vous offrira puissance, autonomie et tranquillit\u00e9 d\u2019esprit.<\/p>\n<p data-start=\"3321\" data-end=\"3432\"><strong>\ud83d\udc49 Passez \u00e0 une performance sup\u00e9rieure d\u00e8s aujourd\u2019hui et \u00e9quipez votre v\u00e9lo d\u2019une batterie con\u00e7ue pour durer !<\/strong><\/p>\n","protected":false},"featured_media":28222,"comment_status":"open","ping_status":"closed","template":"","meta":[],"product_brand":[530],"product_cat":[145,119,149,111,33,115],"product_tag":[522,479],"class_list":{"0":"post-28223","1":"product","2":"type-product","3":"status-publish","4":"has-post-thumbnail","6":"product_brand-stromer","7":"product_cat-12-15-ah-48v","8":"product_cat-48v","9":"product_cat-580-720-wh","10":"product_cat-batterie-amovible-batterie-36v-velo-electrique-autonomie-performance","11":"product_cat-batteries-de-velos-batterie-pour-velo-electrique-autonomie-longue-duree","12":"product_cat-tube-diagonal-integre","13":"product_tag-batterie-velo-assistance-electrique-puissante-fiable","14":"product_tag-batterie-velo-fiable","16":"first","17":"outofstock","18":"shipping-taxable","19":"purchasable","20":"product-type-simple"},"yoast_head":"<!-- This site is optimized with the Yoast SEO plugin v27.5 - https:\/\/yoast.com\/product\/yoast-seo-wordpress\/ -->\n<title>Batterie pour velos Stromer BQ618 48V 12.3Ah 618Wh - ateliervae.fr<\/title>\n<meta name=\"description\" content=\"Meilleure batterie v\u00e9lo 48V performante d\u00e8s 699\u20ac : autonomie \u00e9lev\u00e9e, fiabilit\u00e9 Lithium-ion et recharge rapide pour vos trajets longue distance.\" \/>\n<meta name=\"robots\" content=\"index, follow, max-snippet:-1, max-image-preview:large, max-video-preview:-1\" \/>\n<link rel=\"canonical\" href=\"https:\/\/ateliervae.fr\/?product=stromer-bq618-48v-12-3ah-618wh\" \/>\n<meta property=\"og:locale\" content=\"fr_FR\" \/>\n<meta property=\"og:type\" content=\"article\" \/>\n<meta property=\"og:title\" content=\"Batterie pour velos Stromer BQ618 48V 12.3Ah 618Wh - ateliervae.fr\" \/>\n<meta property=\"og:description\" content=\"Meilleure batterie v\u00e9lo 48V performante d\u00e8s 699\u20ac : autonomie \u00e9lev\u00e9e, fiabilit\u00e9 Lithium-ion et recharge rapide pour vos trajets longue distance.\" \/>\n<meta property=\"og:url\" content=\"https:\/\/ateliervae.fr\/?product=stromer-bq618-48v-12-3ah-618wh\" \/>\n<meta property=\"og:site_name\" content=\"ateliervae.fr\" \/>\n<meta property=\"article:modified_time\" content=\"2026-04-26T12:24:03+00:00\" \/>\n<meta property=\"og:image\" content=\"https:\/\/ateliervae.fr\/wp-content\/uploads\/2026\/04\/st618battery160916_01_1.jpg\" \/>\n\t<meta property=\"og:image:width\" content=\"360\" \/>\n\t<meta property=\"og:image:height\" content=\"360\" \/>\n\t<meta property=\"og:image:type\" content=\"image\/jpeg\" \/>\n<meta name=\"twitter:card\" content=\"summary_large_image\" \/>\n<meta name=\"twitter:label1\" content=\"Dur\u00e9e de lecture estim\u00e9e\" \/>\n\t<meta name=\"twitter:data1\" content=\"3 minutes\" \/>\n<script type=\"application\/ld+json\" class=\"yoast-schema-graph\">{\"@context\":\"https:\\\/\\\/schema.org\",\"@graph\":[{\"@type\":\"WebPage\",\"@id\":\"https:\\\/\\\/ateliervae.fr\\\/?product=stromer-bq618-48v-12-3ah-618wh\",\"url\":\"https:\\\/\\\/ateliervae.fr\\\/?product=stromer-bq618-48v-12-3ah-618wh\",\"name\":\"Batterie pour velos Stromer BQ618 48V 12.3Ah 618Wh - ateliervae.fr\",\"isPartOf\":{\"@id\":\"https:\\\/\\\/ateliervae.fr\\\/#website\"},\"primaryImageOfPage\":{\"@id\":\"https:\\\/\\\/ateliervae.fr\\\/?product=stromer-bq618-48v-12-3ah-618wh#primaryimage\"},\"image\":{\"@id\":\"https:\\\/\\\/ateliervae.fr\\\/?product=stromer-bq618-48v-12-3ah-618wh#primaryimage\"},\"thumbnailUrl\":\"https:\\\/\\\/ateliervae.fr\\\/wp-content\\\/uploads\\\/2026\\\/04\\\/st618battery160916_01_1.jpg\",\"datePublished\":\"2026-04-24T11:36:41+00:00\",\"dateModified\":\"2026-04-26T12:24:03+00:00\",\"description\":\"Meilleure batterie v\u00e9lo 48V performante d\u00e8s 699\u20ac : autonomie \u00e9lev\u00e9e, fiabilit\u00e9 Lithium-ion et recharge rapide pour vos trajets longue distance.\",\"breadcrumb\":{\"@id\":\"https:\\\/\\\/ateliervae.fr\\\/?product=stromer-bq618-48v-12-3ah-618wh#breadcrumb\"},\"inLanguage\":\"fr-FR\",\"potentialAction\":[{\"@type\":\"ReadAction\",\"target\":[\"https:\\\/\\\/ateliervae.fr\\\/?product=stromer-bq618-48v-12-3ah-618wh\"]}]},{\"@type\":\"ImageObject\",\"inLanguage\":\"fr-FR\",\"@id\":\"https:\\\/\\\/ateliervae.fr\\\/?product=stromer-bq618-48v-12-3ah-618wh#primaryimage\",\"url\":\"https:\\\/\\\/ateliervae.fr\\\/wp-content\\\/uploads\\\/2026\\\/04\\\/st618battery160916_01_1.jpg\",\"contentUrl\":\"https:\\\/\\\/ateliervae.fr\\\/wp-content\\\/uploads\\\/2026\\\/04\\\/st618battery160916_01_1.jpg\",\"width\":360,\"height\":360,\"caption\":\"meilleure batterie v\u00e9lo 48V performante\"},{\"@type\":\"BreadcrumbList\",\"@id\":\"https:\\\/\\\/ateliervae.fr\\\/?product=stromer-bq618-48v-12-3ah-618wh#breadcrumb\",\"itemListElement\":[{\"@type\":\"ListItem\",\"position\":1,\"name\":\"Home\",\"item\":\"https:\\\/\\\/ateliervae.fr\\\/\"},{\"@type\":\"ListItem\",\"position\":2,\"name\":\"Produits\",\"item\":\"https:\\\/\\\/ateliervae.fr\\\/shop\\\/\"},{\"@type\":\"ListItem\",\"position\":3,\"name\":\"Batterie pour velos Stromer BQ618 48V 12.3Ah 618Wh\"}]},{\"@type\":\"WebSite\",\"@id\":\"https:\\\/\\\/ateliervae.fr\\\/#website\",\"url\":\"https:\\\/\\\/ateliervae.fr\\\/\",\"name\":\"ateliervae.fr\",\"description\":\"L\u2019\u00e9nergie au c\u0153ur de vos trajets\",\"publisher\":{\"@id\":\"https:\\\/\\\/ateliervae.fr\\\/#organization\"},\"potentialAction\":[{\"@type\":\"SearchAction\",\"target\":{\"@type\":\"EntryPoint\",\"urlTemplate\":\"https:\\\/\\\/ateliervae.fr\\\/?s={search_term_string}\"},\"query-input\":{\"@type\":\"PropertyValueSpecification\",\"valueRequired\":true,\"valueName\":\"search_term_string\"}}],\"inLanguage\":\"fr-FR\"},{\"@type\":\"Organization\",\"@id\":\"https:\\\/\\\/ateliervae.fr\\\/#organization\",\"name\":\"ateliervae.fr\",\"url\":\"https:\\\/\\\/ateliervae.fr\\\/\",\"logo\":{\"@type\":\"ImageObject\",\"inLanguage\":\"fr-FR\",\"@id\":\"https:\\\/\\\/ateliervae.fr\\\/#\\\/schema\\\/logo\\\/image\\\/\",\"url\":\"https:\\\/\\\/ateliervae.fr\\\/wp-content\\\/uploads\\\/2026\\\/04\\\/ChatGPT-Image-6-avr.-2026-11_58_22.png\",\"contentUrl\":\"https:\\\/\\\/ateliervae.fr\\\/wp-content\\\/uploads\\\/2026\\\/04\\\/ChatGPT-Image-6-avr.-2026-11_58_22.png\",\"width\":1536,\"height\":1024,\"caption\":\"ateliervae.fr\"},\"image\":{\"@id\":\"https:\\\/\\\/ateliervae.fr\\\/#\\\/schema\\\/logo\\\/image\\\/\"}}]}<\/script>\n<!-- \/ Yoast SEO plugin. -->","yoast_head_json":{"title":"Batterie pour velos Stromer BQ618 48V 12.3Ah 618Wh - ateliervae.fr","description":"Meilleure batterie v\u00e9lo 48V performante d\u00e8s 699\u20ac : autonomie \u00e9lev\u00e9e, fiabilit\u00e9 Lithium-ion et recharge rapide pour vos trajets longue distance.","robots":{"index":"index","follow":"follow","max-snippet":"max-snippet:-1","max-image-preview":"max-image-preview:large","max-video-preview":"max-video-preview:-1"},"canonical":"https:\/\/ateliervae.fr\/?product=stromer-bq618-48v-12-3ah-618wh","og_locale":"fr_FR","og_type":"article","og_title":"Batterie pour velos Stromer BQ618 48V 12.3Ah 618Wh - ateliervae.fr","og_description":"Meilleure batterie v\u00e9lo 48V performante d\u00e8s 699\u20ac : autonomie \u00e9lev\u00e9e, fiabilit\u00e9 Lithium-ion et recharge rapide pour vos trajets longue distance.","og_url":"https:\/\/ateliervae.fr\/?product=stromer-bq618-48v-12-3ah-618wh","og_site_name":"ateliervae.fr","article_modified_time":"2026-04-26T12:24:03+00:00","og_image":[{"width":360,"height":360,"url":"https:\/\/ateliervae.fr\/wp-content\/uploads\/2026\/04\/st618battery160916_01_1.jpg","type":"image\/jpeg"}],"twitter_card":"summary_large_image","twitter_misc":{"Dur\u00e9e de lecture estim\u00e9e":"3 minutes"},"schema":{"@context":"https:\/\/schema.org","@graph":[{"@type":"WebPage","@id":"https:\/\/ateliervae.fr\/?product=stromer-bq618-48v-12-3ah-618wh","url":"https:\/\/ateliervae.fr\/?product=stromer-bq618-48v-12-3ah-618wh","name":"Batterie pour velos Stromer BQ618 48V 12.3Ah 618Wh - ateliervae.fr","isPartOf":{"@id":"https:\/\/ateliervae.fr\/#website"},"primaryImageOfPage":{"@id":"https:\/\/ateliervae.fr\/?product=stromer-bq618-48v-12-3ah-618wh#primaryimage"},"image":{"@id":"https:\/\/ateliervae.fr\/?product=stromer-bq618-48v-12-3ah-618wh#primaryimage"},"thumbnailUrl":"https:\/\/ateliervae.fr\/wp-content\/uploads\/2026\/04\/st618battery160916_01_1.jpg","datePublished":"2026-04-24T11:36:41+00:00","dateModified":"2026-04-26T12:24:03+00:00","description":"Meilleure batterie v\u00e9lo 48V performante d\u00e8s 699\u20ac : autonomie \u00e9lev\u00e9e, fiabilit\u00e9 Lithium-ion et recharge rapide pour vos trajets longue distance.","breadcrumb":{"@id":"https:\/\/ateliervae.fr\/?product=stromer-bq618-48v-12-3ah-618wh#breadcrumb"},"inLanguage":"fr-FR","potentialAction":[{"@type":"ReadAction","target":["https:\/\/ateliervae.fr\/?product=stromer-bq618-48v-12-3ah-618wh"]}]},{"@type":"ImageObject","inLanguage":"fr-FR","@id":"https:\/\/ateliervae.fr\/?product=stromer-bq618-48v-12-3ah-618wh#primaryimage","url":"https:\/\/ateliervae.fr\/wp-content\/uploads\/2026\/04\/st618battery160916_01_1.jpg","contentUrl":"https:\/\/ateliervae.fr\/wp-content\/uploads\/2026\/04\/st618battery160916_01_1.jpg","width":360,"height":360,"caption":"meilleure batterie v\u00e9lo 48V performante"},{"@type":"BreadcrumbList","@id":"https:\/\/ateliervae.fr\/?product=stromer-bq618-48v-12-3ah-618wh#breadcrumb","itemListElement":[{"@type":"ListItem","position":1,"name":"Home","item":"https:\/\/ateliervae.fr\/"},{"@type":"ListItem","position":2,"name":"Produits","item":"https:\/\/ateliervae.fr\/shop\/"},{"@type":"ListItem","position":3,"name":"Batterie pour velos Stromer BQ618 48V 12.3Ah 618Wh"}]},{"@type":"WebSite","@id":"https:\/\/ateliervae.fr\/#website","url":"https:\/\/ateliervae.fr\/","name":"ateliervae.fr","description":"L\u2019\u00e9nergie au c\u0153ur de vos trajets","publisher":{"@id":"https:\/\/ateliervae.fr\/#organization"},"potentialAction":[{"@type":"SearchAction","target":{"@type":"EntryPoint","urlTemplate":"https:\/\/ateliervae.fr\/?s={search_term_string}"},"query-input":{"@type":"PropertyValueSpecification","valueRequired":true,"valueName":"search_term_string"}}],"inLanguage":"fr-FR"},{"@type":"Organization","@id":"https:\/\/ateliervae.fr\/#organization","name":"ateliervae.fr","url":"https:\/\/ateliervae.fr\/","logo":{"@type":"ImageObject","inLanguage":"fr-FR","@id":"https:\/\/ateliervae.fr\/#\/schema\/logo\/image\/","url":"https:\/\/ateliervae.fr\/wp-content\/uploads\/2026\/04\/ChatGPT-Image-6-avr.-2026-11_58_22.png","contentUrl":"https:\/\/ateliervae.fr\/wp-content\/uploads\/2026\/04\/ChatGPT-Image-6-avr.-2026-11_58_22.png","width":1536,"height":1024,"caption":"ateliervae.fr"},"image":{"@id":"https:\/\/ateliervae.fr\/#\/schema\/logo\/image\/"}}]}},"_links":{"self":[{"href":"https:\/\/ateliervae.fr\/index.php?rest_route=\/wp\/v2\/product\/28223","targetHints":{"allow":["GET"]}}],"collection":[{"href":"https:\/\/ateliervae.fr\/index.php?rest_route=\/wp\/v2\/product"}],"about":[{"href":"https:\/\/ateliervae.fr\/index.php?rest_route=\/wp\/v2\/types\/product"}],"replies":[{"embeddable":true,"href":"https:\/\/ateliervae.fr\/index.php?rest_route=%2Fwp%2Fv2%2Fcomments&post=28223"}],"version-history":[{"count":2,"href":"https:\/\/ateliervae.fr\/index.php?rest_route=\/wp\/v2\/product\/28223\/revisions"}],"predecessor-version":[{"id":28228,"href":"https:\/\/ateliervae.fr\/index.php?rest_route=\/wp\/v2\/product\/28223\/revisions\/28228"}],"wp:featuredmedia":[{"embeddable":true,"href":"https:\/\/ateliervae.fr\/index.php?rest_route=\/wp\/v2\/media\/28222"}],"wp:attachment":[{"href":"https:\/\/ateliervae.fr\/index.php?rest_route=%2Fwp%2Fv2%2Fmedia&parent=28223"}],"wp:term":[{"taxonomy":"product_brand","embeddable":true,"href":"https:\/\/ateliervae.fr\/index.php?rest_route=%2Fwp%2Fv2%2Fproduct_brand&post=28223"},{"taxonomy":"product_cat","embeddable":true,"href":"https:\/\/ateliervae.fr\/index.php?rest_route=%2Fwp%2Fv2%2Fproduct_cat&post=28223"},{"taxonomy":"product_tag","embeddable":true,"href":"https:\/\/ateliervae.fr\/index.php?rest_route=%2Fwp%2Fv2%2Fproduct_tag&post=28223"}],"curies":[{"name":"wp","href":"https:\/\/api.w.org\/{rel}","templated":true}]}}