{"id":28212,"date":"2026-04-24T11:02:51","date_gmt":"2026-04-24T11:02:51","guid":{"rendered":"https:\/\/ateliervae.fr\/?product=batterie-de-velo-gazelle-impulse-gold-36v-11-4ah"},"modified":"2026-04-26T13:08:54","modified_gmt":"2026-04-26T13:08:54","slug":"batterie-de-velo-gazelle-impulse-gold-36v-11-4ah","status":"publish","type":"product","link":"https:\/\/ateliervae.fr\/?product=batterie-de-velo-gazelle-impulse-gold-36v-11-4ah","title":{"rendered":"Batterie pour velos Gazelle Impulse Gold 36V 11.4Ah"},"content":{"rendered":"<h2 data-section-id=\"861lo3\" data-start=\"237\" data-end=\"277\">Description d\u00e9taill\u00e9e du produit<\/h2>\n<p data-start=\"279\" data-end=\"626\">La <strong data-start=\"282\" data-end=\"337\">batterie pour v\u00e9los Gazelle Impulse Gold 36V 11.4Ah<\/strong> est con\u00e7ue pour offrir une solution fiable et performante aux utilisateurs de v\u00e9los \u00e9lectriques exigeants. Gr\u00e2ce \u00e0 sa <strong data-start=\"456\" data-end=\"483\">technologie Lithium-ion<\/strong>, la meilleure batterie v\u00e9lo 36V r\u00e9sistante garantit une excellente densit\u00e9 \u00e9nerg\u00e9tique, une dur\u00e9e de vie prolong\u00e9e et une stabilit\u00e9 optimale m\u00eame lors d\u2019une utilisation intensive.<\/p>\n<p data-start=\"628\" data-end=\"930\">Pens\u00e9e pour les cyclistes urbains comme pour les amateurs de longues distances, cette batterie s\u2019impose comme une <strong data-start=\"742\" data-end=\"784\">meilleure batterie v\u00e9lo 36V r\u00e9sistante<\/strong>, combinant puissance, s\u00e9curit\u00e9 et endurance. Elle est id\u00e9ale pour remplacer une batterie d\u2019origine ou am\u00e9liorer les performances de votre e-bike.<\/p>\n<h3 data-section-id=\"1p08jyr\" data-start=\"1752\" data-end=\"1778\">Avantages principaux :<\/h3>\n<ul data-start=\"1779\" data-end=\"2006\">\n<li data-section-id=\"1g2xgb3\" data-start=\"1779\" data-end=\"1830\">Excellente <strong data-start=\"1792\" data-end=\"1830\">autonomie batterie v\u00e9lo \u00e9lectrique<\/strong><\/li>\n<li data-section-id=\"z62u9b\" data-start=\"1831\" data-end=\"1894\">Technologie <strong data-start=\"1845\" data-end=\"1874\">batterie lithium-ion v\u00e9lo<\/strong> fiable et durable<\/li>\n<li data-section-id=\"1mz28dl\" data-start=\"1895\" data-end=\"1925\">Compatible Gazelle Impulse<\/li>\n<li data-section-id=\"fcb3jr\" data-start=\"1926\" data-end=\"1958\">Recharge rapide et s\u00e9curis\u00e9e<\/li>\n<li data-section-id=\"d4jj2q\" data-start=\"1959\" data-end=\"2006\">Id\u00e9ale pour usage urbain et longue distance<\/li>\n<\/ul>\n<h2 data-section-id=\"141w4px\" data-start=\"2015\" data-end=\"2048\">4. Tableau technique complet<\/h2>\n<div class=\"TyagGW_tableContainer\">\n<div class=\"group TyagGW_tableWrapper flex flex-col-reverse w-fit\" tabindex=\"-1\">\n<table class=\"w-fit min-w-(--thread-content-width)\" data-start=\"2050\" data-end=\"2611\">\n<thead data-start=\"2050\" data-end=\"2078\">\n<tr data-start=\"2050\" data-end=\"2078\">\n<th class=\"\" data-start=\"2050\" data-end=\"2068\" data-col-size=\"sm\">Caract\u00e9ristique<\/th>\n<th class=\"\" data-start=\"2068\" data-end=\"2078\" data-col-size=\"sm\">D\u00e9tail<\/th>\n<\/tr>\n<\/thead>\n<tbody data-start=\"2107\" data-end=\"2611\">\n<tr data-start=\"2107\" data-end=\"2154\">\n<td data-start=\"2107\" data-end=\"2126\" data-col-size=\"sm\">Type de batterie<\/td>\n<td data-start=\"2126\" data-end=\"2154\" data-col-size=\"sm\"><a href=\"https:\/\/ateliervae.fr\/?product=batterie-de-velo-electrique-gazelle-innergy-en-argent-36v-8-6ah\">Batterie v\u00e9lo \u00e9lectriq<\/a>ue<\/td>\n<\/tr>\n<tr data-start=\"2155\" data-end=\"2184\">\n<td data-start=\"2155\" data-end=\"2169\" data-col-size=\"sm\">Technologie<\/td>\n<td data-start=\"2169\" data-end=\"2184\" data-col-size=\"sm\">Lithium-ion<\/td>\n<\/tr>\n<tr data-start=\"2185\" data-end=\"2202\">\n<td data-start=\"2185\" data-end=\"2195\" data-col-size=\"sm\">Voltage<\/td>\n<td data-start=\"2195\" data-end=\"2202\" data-col-size=\"sm\">36V<\/td>\n<\/tr>\n<tr data-start=\"2203\" data-end=\"2233\">\n<td data-start=\"2203\" data-end=\"2214\" data-col-size=\"sm\">Capacit\u00e9<\/td>\n<td data-start=\"2214\" data-end=\"2233\" data-col-size=\"sm\">11.4Ah (410 Wh)<\/td>\n<\/tr>\n<tr data-start=\"2234\" data-end=\"2268\">\n<td data-start=\"2234\" data-end=\"2254\" data-col-size=\"sm\">Autonomie estim\u00e9e<\/td>\n<td data-start=\"2254\" data-end=\"2268\" data-col-size=\"sm\">60 \u00e0 90 km<\/td>\n<\/tr>\n<tr data-start=\"2269\" data-end=\"2303\">\n<td data-start=\"2269\" data-end=\"2287\" data-col-size=\"sm\">Temps de charge<\/td>\n<td data-start=\"2287\" data-end=\"2303\" data-col-size=\"sm\">4 \u00e0 6 heures<\/td>\n<\/tr>\n<tr data-start=\"2304\" data-end=\"2340\">\n<td data-start=\"2304\" data-end=\"2319\" data-col-size=\"sm\">Dur\u00e9e de vie<\/td>\n<td data-start=\"2319\" data-end=\"2340\" data-col-size=\"sm\">700 \u00e0 1000 cycles<\/td>\n<\/tr>\n<tr data-start=\"2341\" data-end=\"2376\">\n<td data-start=\"2341\" data-end=\"2357\" data-col-size=\"sm\">Compatibilit\u00e9<\/td>\n<td data-start=\"2357\" data-end=\"2376\" data-col-size=\"sm\">Gazelle Impulse<\/td>\n<\/tr>\n<tr data-start=\"2377\" data-end=\"2416\">\n<td data-start=\"2377\" data-end=\"2399\" data-col-size=\"sm\">Syst\u00e8me de fixation<\/td>\n<td data-start=\"2399\" data-end=\"2416\" data-col-size=\"sm\">Int\u00e9gr\u00e9 cadre<\/td>\n<\/tr>\n<tr data-start=\"2417\" data-end=\"2443\">\n<td data-start=\"2417\" data-end=\"2425\" data-col-size=\"sm\">Poids<\/td>\n<td data-start=\"2425\" data-end=\"2443\" data-col-size=\"sm\">Environ 2.8 kg<\/td>\n<\/tr>\n<tr data-start=\"2444\" data-end=\"2467\">\n<td data-start=\"2444\" data-end=\"2458\" data-col-size=\"sm\">Emplacement<\/td>\n<td data-start=\"2458\" data-end=\"2467\" data-col-size=\"sm\">Cadre<\/td>\n<\/tr>\n<tr data-start=\"2468\" data-end=\"2500\">\n<td data-start=\"2468\" data-end=\"2475\" data-col-size=\"sm\">Type<\/td>\n<td data-start=\"2475\" data-end=\"2500\" data-col-size=\"sm\">Batterie rechargeable<\/td>\n<\/tr>\n<tr data-start=\"2501\" data-end=\"2527\">\n<td data-start=\"2501\" data-end=\"2512\" data-col-size=\"sm\">S\u00e9curit\u00e9<\/td>\n<td data-start=\"2512\" data-end=\"2527\" data-col-size=\"sm\">BMS int\u00e9gr\u00e9<\/td>\n<\/tr>\n<tr data-start=\"2528\" data-end=\"2572\">\n<td data-start=\"2528\" data-end=\"2556\" data-col-size=\"sm\">Temp\u00e9rature d\u2019utilisation<\/td>\n<td data-start=\"2556\" data-end=\"2572\" data-col-size=\"sm\">-10\u00b0C \u00e0 45\u00b0C<\/td>\n<\/tr>\n<tr data-start=\"2573\" data-end=\"2611\">\n<td data-start=\"2573\" data-end=\"2589\" data-col-size=\"sm\">Ann\u00e9e \/ gamme<\/td>\n<td data-start=\"2589\" data-end=\"2611\" data-col-size=\"sm\">Gamme Impulse Gold<\/td>\n<\/tr>\n<\/tbody>\n<\/table>\n<\/div>\n<\/div>\n<h2 data-section-id=\"1mijje4\" data-start=\"2620\" data-end=\"2646\">5. Tableau comparatif<\/h2>\n<div class=\"TyagGW_tableContainer\">\n<div class=\"group TyagGW_tableWrapper flex flex-col-reverse w-fit\" tabindex=\"-1\">\n<table class=\"w-fit min-w-(--thread-content-width)\" data-start=\"2648\" data-end=\"3127\">\n<thead data-start=\"2648\" data-end=\"2745\">\n<tr data-start=\"2648\" data-end=\"2745\">\n<th class=\"\" data-start=\"2648\" data-end=\"2657\" data-col-size=\"sm\">Mod\u00e8le<\/th>\n<th class=\"\" data-start=\"2657\" data-end=\"2676\" data-col-size=\"sm\">Type de batterie<\/th>\n<th class=\"\" data-start=\"2676\" data-end=\"2697\" data-col-size=\"sm\">Voltage \/ Capacit\u00e9<\/th>\n<th class=\"\" data-start=\"2697\" data-end=\"2709\" data-col-size=\"sm\">Autonomie<\/th>\n<th class=\"\" data-start=\"2709\" data-end=\"2725\" data-col-size=\"sm\">Compatibilit\u00e9<\/th>\n<th class=\"\" data-start=\"2725\" data-end=\"2733\" data-col-size=\"sm\">Poids<\/th>\n<th class=\"\" data-start=\"2733\" data-end=\"2745\" data-col-size=\"sm\">Prix TTC<\/th>\n<\/tr>\n<\/thead>\n<tbody data-start=\"2840\" data-end=\"3127\">\n<tr data-start=\"2840\" data-end=\"2942\">\n<td data-start=\"2840\" data-end=\"2867\" data-col-size=\"sm\">Gazelle Impulse Gold 36V<\/td>\n<td data-start=\"2867\" data-end=\"2881\" data-col-size=\"sm\">Lithium-ion<\/td>\n<td data-start=\"2881\" data-end=\"2896\" data-col-size=\"sm\">36V \/ 11.4Ah<\/td>\n<td data-start=\"2896\" data-end=\"2907\" data-col-size=\"sm\">60-90 km<\/td>\n<td data-start=\"2907\" data-end=\"2925\" data-col-size=\"sm\">Gazelle Impulse<\/td>\n<td data-start=\"2925\" data-end=\"2934\" data-col-size=\"sm\">2.8 kg<\/td>\n<td data-start=\"2934\" data-end=\"2942\" data-col-size=\"sm\">499\u20ac<\/td>\n<\/tr>\n<tr data-start=\"2943\" data-end=\"3040\">\n<td data-start=\"2943\" data-end=\"2965\" data-col-size=\"sm\"><a href=\"https:\/\/ateliervae.fr\/?product=bosch-powerpack-400-smart-porte-bagages\">Bosch PowerPack 400<\/a><\/td>\n<td data-start=\"2965\" data-end=\"2979\" data-col-size=\"sm\">Lithium-ion<\/td>\n<td data-start=\"2979\" data-end=\"2992\" data-col-size=\"sm\">36V \/ 11Ah<\/td>\n<td data-start=\"2992\" data-end=\"3003\" data-col-size=\"sm\">50-80 km<\/td>\n<td data-start=\"3003\" data-end=\"3023\" data-col-size=\"sm\">Bosch Active Line<\/td>\n<td data-start=\"3023\" data-end=\"3032\" data-col-size=\"sm\">2.6 kg<\/td>\n<td data-start=\"3032\" data-end=\"3040\" data-col-size=\"sm\">549\u20ac<\/td>\n<\/tr>\n<tr data-start=\"3041\" data-end=\"3127\">\n<td data-start=\"3041\" data-end=\"3059\" data-col-size=\"sm\"><a href=\"https:\/\/ateliervae.fr\/?product=batterie-velo-electrique-occasion-yamaha-36v-13ah-batterie-du-cadre-compatible\">Yamaha 36V 13Ah<\/a><\/td>\n<td data-start=\"3059\" data-end=\"3073\" data-col-size=\"sm\">Lithium-ion<\/td>\n<td data-start=\"3073\" data-end=\"3086\" data-col-size=\"sm\">36V \/ 13Ah<\/td>\n<td data-start=\"3086\" data-end=\"3098\" data-col-size=\"sm\">70-100 km<\/td>\n<td data-start=\"3098\" data-end=\"3110\" data-col-size=\"sm\">Yamaha PW<\/td>\n<td data-start=\"3110\" data-end=\"3119\" data-col-size=\"sm\">3.0 kg<\/td>\n<td data-start=\"3119\" data-end=\"3127\" data-col-size=\"sm\">599\u20ac<\/td>\n<\/tr>\n<\/tbody>\n<\/table>\n<\/div>\n<\/div>\n<h2 data-section-id=\"160c69i\" data-start=\"3136\" data-end=\"3173\">6. Conclusion<\/h2>\n<p data-start=\"3175\" data-end=\"3518\">La <strong data-start=\"3178\" data-end=\"3222\">batterie Gazelle Impulse Gold 36V 11.4Ah<\/strong> se positionne comme une solution incontournable pour tous les utilisateurs recherchant une <strong data-start=\"3314\" data-end=\"3381\">batterie pour v\u00e9lo \u00e9lectrique performante, durable et s\u00e9curis\u00e9e<\/strong>. Gr\u00e2ce \u00e0 sa technologie avanc\u00e9e, son autonomie optimis\u00e9e et sa compatibilit\u00e9 parfaite, elle r\u00e9pond aux exigences des cyclistes modernes.<\/p>\n<h2 data-section-id=\"34dife\" data-start=\"3791\" data-end=\"3802\">7. FAQ<\/h2>\n<p data-start=\"3804\" data-end=\"3922\"><strong data-start=\"3804\" data-end=\"3846\">Quelle autonomie pour cette batterie ?<\/strong><br data-start=\"3846\" data-end=\"3849\" \/>Elle offre entre 60 et 90 km selon l\u2019utilisation et le mode d\u2019assistance.<\/p>\n<p data-start=\"3924\" data-end=\"4045\"><strong data-start=\"3924\" data-end=\"3963\">Est-elle compatible avec mon v\u00e9lo ?<\/strong><br data-start=\"3963\" data-end=\"3966\" \/>Elle est sp\u00e9cialement con\u00e7ue pour les v\u00e9los Gazelle \u00e9quip\u00e9s du syst\u00e8me Impulse.<\/p>\n<p data-start=\"4047\" data-end=\"4134\"><strong data-start=\"4047\" data-end=\"4084\">Combien de temps dure la charge ?<\/strong><br data-start=\"4084\" data-end=\"4087\" \/>Le temps de charge complet est de 4 \u00e0 6 heures.<\/p>\n<p data-start=\"4136\" data-end=\"4253\"><strong data-start=\"4136\" data-end=\"4181\">Peut-on remplacer une batterie ancienne ?<\/strong><br data-start=\"4181\" data-end=\"4184\" \/>Oui, elle est id\u00e9ale pour remplacer une batterie us\u00e9e ou d\u00e9fectueuse.<\/p>\n<p data-start=\"4255\" data-end=\"4326\"><strong data-start=\"4255\" data-end=\"4287\">Quelle est sa dur\u00e9e de vie ?<\/strong><br data-start=\"4287\" data-end=\"4290\" \/>Environ 700 \u00e0 1000 cycles de charge.<\/p>\n<p data-start=\"4328\" data-end=\"4428\"><strong data-start=\"4328\" data-end=\"4363\">Est-ce une batterie s\u00e9curis\u00e9e ?<\/strong><br data-start=\"4363\" data-end=\"4366\" \/>Oui, elle int\u00e8gre un syst\u00e8me BMS pour une protection optimale.<\/p>\n<p data-start=\"4430\" data-end=\"4551\"><strong data-start=\"4430\" data-end=\"4476\">Convient-elle pour les longues distances ?<\/strong><br data-start=\"4476\" data-end=\"4479\" \/>Oui, elle est con\u00e7ue pour les trajets urbains et les longues randonn\u00e9es.<\/p>\n","protected":false},"excerpt":{"rendered":"<ul data-start=\"4586\" data-end=\"4877\">\n<li data-section-id=\"1klvme1\" data-start=\"4586\" data-end=\"4651\"><span style=\"color: #99cc00;\">\ud83d\udd0b <strong data-start=\"4591\" data-end=\"4617\">Puissance et autonomie<\/strong> : 36V 11.4Ah pour jusqu\u2019\u00e0 90 km<\/span><\/li>\n<li data-section-id=\"6nazze\" data-start=\"4652\" data-end=\"4717\"><span style=\"color: #99cc00;\">\u2699\ufe0f <strong data-start=\"4657\" data-end=\"4684\">Technologie et s\u00e9curit\u00e9<\/strong> : Lithium-ion avec BMS int\u00e9gr\u00e9<\/span><\/li>\n<li data-section-id=\"1xi9tlf\" data-start=\"4718\" data-end=\"4785\"><span style=\"color: #99cc00;\">\ud83d\udeb2 <strong data-start=\"4723\" data-end=\"4740\">Compatibilit\u00e9<\/strong> : Sp\u00e9cialement con\u00e7ue pour Gazelle Impulse<\/span><\/li>\n<li data-section-id=\"r91cfo\" data-start=\"4786\" data-end=\"4877\"><span style=\"color: #99cc00;\">\u2b50 <strong data-start=\"4790\" data-end=\"4812\">Avantage principal<\/strong> : Batterie fiable, performante et durable pour usage quotidien<\/span><\/li>\n<\/ul>\n<p data-start=\"3520\" data-end=\"3670\">Que vous souhaitiez remplacer votre batterie actuelle ou am\u00e9liorer les performances de votre v\u00e9lo, ce mod\u00e8le repr\u00e9sente un excellent investissement.<\/p>\n<p data-start=\"3672\" data-end=\"3784\">\ud83d\udc49 Optez d\u00e8s maintenant pour une batterie fiable et profitez pleinement de votre v\u00e9lo \u00e9lectrique sans compromis.<\/p>\n","protected":false},"featured_media":28211,"comment_status":"open","ping_status":"closed","template":"","meta":[],"product_brand":[535],"product_cat":[223,227,212,113,33,114],"product_tag":[522,480],"class_list":{"0":"post-28212","1":"product","2":"type-product","3":"status-publish","4":"has-post-thumbnail","6":"product_brand-gazelle","7":"product_cat-10-15-ah-36v-batterie-integree","8":"product_cat-360-540-wh-10-15-ah-36v-batterie-integree","9":"product_cat-36v-batterie-integree","10":"product_cat-batterie-integree","11":"product_cat-batteries-de-velos","12":"product_cat-cadre-integre","13":"product_tag-batterie-velo-assistance-electrique-puissante-fiable","14":"product_tag-batterie-velo-resistante","16":"first","17":"instock","18":"featured","19":"shipping-taxable","20":"purchasable","21":"product-type-simple"},"yoast_head":"<!-- This site is optimized with the Yoast SEO plugin v27.5 - https:\/\/yoast.com\/product\/yoast-seo-wordpress\/ -->\n<title>Batterie pour velos Gazelle Impulse Gold 36V 11.4Ah - ateliervae.fr<\/title>\n<meta name=\"description\" content=\"Meilleure batterie v\u00e9lo 36V r\u00e9sistante \u00e0 un prix de 426\u20ac : autonomie longue dur\u00e9e et recharge rapide pour v\u00e9los Gazelle Impulse.\" \/>\n<meta name=\"robots\" content=\"index, follow, max-snippet:-1, max-image-preview:large, max-video-preview:-1\" \/>\n<link rel=\"canonical\" href=\"https:\/\/ateliervae.fr\/?product=batterie-de-velo-gazelle-impulse-gold-36v-11-4ah\" \/>\n<meta property=\"og:locale\" content=\"fr_FR\" \/>\n<meta property=\"og:type\" content=\"article\" \/>\n<meta property=\"og:title\" content=\"Batterie pour velos Gazelle Impulse Gold 36V 11.4Ah - ateliervae.fr\" \/>\n<meta property=\"og:description\" content=\"Meilleure batterie v\u00e9lo 36V r\u00e9sistante \u00e0 un prix de 426\u20ac : autonomie longue dur\u00e9e et recharge rapide pour v\u00e9los Gazelle Impulse.\" \/>\n<meta property=\"og:url\" content=\"https:\/\/ateliervae.fr\/?product=batterie-de-velo-gazelle-impulse-gold-36v-11-4ah\" \/>\n<meta property=\"og:site_name\" content=\"ateliervae.fr\" \/>\n<meta property=\"article:modified_time\" content=\"2026-04-26T13:08:54+00:00\" \/>\n<meta property=\"og:image\" content=\"https:\/\/ateliervae.fr\/wp-content\/uploads\/2026\/04\/gazelle-impulse-36v-11-4ah-afbeelding-1_1_1.png\" \/>\n\t<meta property=\"og:image:width\" content=\"360\" \/>\n\t<meta property=\"og:image:height\" content=\"360\" \/>\n\t<meta property=\"og:image:type\" content=\"image\/png\" \/>\n<meta name=\"twitter:card\" content=\"summary_large_image\" \/>\n<meta name=\"twitter:label1\" content=\"Dur\u00e9e de lecture estim\u00e9e\" \/>\n\t<meta name=\"twitter:data1\" content=\"3 minutes\" \/>\n<script type=\"application\/ld+json\" class=\"yoast-schema-graph\">{\"@context\":\"https:\\\/\\\/schema.org\",\"@graph\":[{\"@type\":\"WebPage\",\"@id\":\"https:\\\/\\\/ateliervae.fr\\\/?product=batterie-de-velo-gazelle-impulse-gold-36v-11-4ah\",\"url\":\"https:\\\/\\\/ateliervae.fr\\\/?product=batterie-de-velo-gazelle-impulse-gold-36v-11-4ah\",\"name\":\"Batterie pour velos Gazelle Impulse Gold 36V 11.4Ah - ateliervae.fr\",\"isPartOf\":{\"@id\":\"https:\\\/\\\/ateliervae.fr\\\/#website\"},\"primaryImageOfPage\":{\"@id\":\"https:\\\/\\\/ateliervae.fr\\\/?product=batterie-de-velo-gazelle-impulse-gold-36v-11-4ah#primaryimage\"},\"image\":{\"@id\":\"https:\\\/\\\/ateliervae.fr\\\/?product=batterie-de-velo-gazelle-impulse-gold-36v-11-4ah#primaryimage\"},\"thumbnailUrl\":\"https:\\\/\\\/ateliervae.fr\\\/wp-content\\\/uploads\\\/2026\\\/04\\\/gazelle-impulse-36v-11-4ah-afbeelding-1_1_1.png\",\"datePublished\":\"2026-04-24T11:02:51+00:00\",\"dateModified\":\"2026-04-26T13:08:54+00:00\",\"description\":\"Meilleure batterie v\u00e9lo 36V r\u00e9sistante \u00e0 un prix de 426\u20ac : autonomie longue dur\u00e9e et recharge rapide pour v\u00e9los Gazelle Impulse.\",\"breadcrumb\":{\"@id\":\"https:\\\/\\\/ateliervae.fr\\\/?product=batterie-de-velo-gazelle-impulse-gold-36v-11-4ah#breadcrumb\"},\"inLanguage\":\"fr-FR\",\"potentialAction\":[{\"@type\":\"ReadAction\",\"target\":[\"https:\\\/\\\/ateliervae.fr\\\/?product=batterie-de-velo-gazelle-impulse-gold-36v-11-4ah\"]}]},{\"@type\":\"ImageObject\",\"inLanguage\":\"fr-FR\",\"@id\":\"https:\\\/\\\/ateliervae.fr\\\/?product=batterie-de-velo-gazelle-impulse-gold-36v-11-4ah#primaryimage\",\"url\":\"https:\\\/\\\/ateliervae.fr\\\/wp-content\\\/uploads\\\/2026\\\/04\\\/gazelle-impulse-36v-11-4ah-afbeelding-1_1_1.png\",\"contentUrl\":\"https:\\\/\\\/ateliervae.fr\\\/wp-content\\\/uploads\\\/2026\\\/04\\\/gazelle-impulse-36v-11-4ah-afbeelding-1_1_1.png\",\"width\":360,\"height\":360,\"caption\":\"meilleure batterie v\u00e9lo 36V r\u00e9sistante\"},{\"@type\":\"BreadcrumbList\",\"@id\":\"https:\\\/\\\/ateliervae.fr\\\/?product=batterie-de-velo-gazelle-impulse-gold-36v-11-4ah#breadcrumb\",\"itemListElement\":[{\"@type\":\"ListItem\",\"position\":1,\"name\":\"Home\",\"item\":\"https:\\\/\\\/ateliervae.fr\\\/\"},{\"@type\":\"ListItem\",\"position\":2,\"name\":\"Produits\",\"item\":\"https:\\\/\\\/ateliervae.fr\\\/shop\\\/\"},{\"@type\":\"ListItem\",\"position\":3,\"name\":\"Batterie pour velos Gazelle Impulse Gold 36V 11.4Ah\"}]},{\"@type\":\"WebSite\",\"@id\":\"https:\\\/\\\/ateliervae.fr\\\/#website\",\"url\":\"https:\\\/\\\/ateliervae.fr\\\/\",\"name\":\"ateliervae.fr\",\"description\":\"L\u2019\u00e9nergie au c\u0153ur de vos trajets\",\"publisher\":{\"@id\":\"https:\\\/\\\/ateliervae.fr\\\/#organization\"},\"potentialAction\":[{\"@type\":\"SearchAction\",\"target\":{\"@type\":\"EntryPoint\",\"urlTemplate\":\"https:\\\/\\\/ateliervae.fr\\\/?s={search_term_string}\"},\"query-input\":{\"@type\":\"PropertyValueSpecification\",\"valueRequired\":true,\"valueName\":\"search_term_string\"}}],\"inLanguage\":\"fr-FR\"},{\"@type\":\"Organization\",\"@id\":\"https:\\\/\\\/ateliervae.fr\\\/#organization\",\"name\":\"ateliervae.fr\",\"url\":\"https:\\\/\\\/ateliervae.fr\\\/\",\"logo\":{\"@type\":\"ImageObject\",\"inLanguage\":\"fr-FR\",\"@id\":\"https:\\\/\\\/ateliervae.fr\\\/#\\\/schema\\\/logo\\\/image\\\/\",\"url\":\"https:\\\/\\\/ateliervae.fr\\\/wp-content\\\/uploads\\\/2026\\\/04\\\/ChatGPT-Image-6-avr.-2026-11_58_22.png\",\"contentUrl\":\"https:\\\/\\\/ateliervae.fr\\\/wp-content\\\/uploads\\\/2026\\\/04\\\/ChatGPT-Image-6-avr.-2026-11_58_22.png\",\"width\":1536,\"height\":1024,\"caption\":\"ateliervae.fr\"},\"image\":{\"@id\":\"https:\\\/\\\/ateliervae.fr\\\/#\\\/schema\\\/logo\\\/image\\\/\"}}]}<\/script>\n<!-- \/ Yoast SEO plugin. -->","yoast_head_json":{"title":"Batterie pour velos Gazelle Impulse Gold 36V 11.4Ah - ateliervae.fr","description":"Meilleure batterie v\u00e9lo 36V r\u00e9sistante \u00e0 un prix de 426\u20ac : autonomie longue dur\u00e9e et recharge rapide pour v\u00e9los Gazelle Impulse.","robots":{"index":"index","follow":"follow","max-snippet":"max-snippet:-1","max-image-preview":"max-image-preview:large","max-video-preview":"max-video-preview:-1"},"canonical":"https:\/\/ateliervae.fr\/?product=batterie-de-velo-gazelle-impulse-gold-36v-11-4ah","og_locale":"fr_FR","og_type":"article","og_title":"Batterie pour velos Gazelle Impulse Gold 36V 11.4Ah - ateliervae.fr","og_description":"Meilleure batterie v\u00e9lo 36V r\u00e9sistante \u00e0 un prix de 426\u20ac : autonomie longue dur\u00e9e et recharge rapide pour v\u00e9los Gazelle Impulse.","og_url":"https:\/\/ateliervae.fr\/?product=batterie-de-velo-gazelle-impulse-gold-36v-11-4ah","og_site_name":"ateliervae.fr","article_modified_time":"2026-04-26T13:08:54+00:00","og_image":[{"width":360,"height":360,"url":"https:\/\/ateliervae.fr\/wp-content\/uploads\/2026\/04\/gazelle-impulse-36v-11-4ah-afbeelding-1_1_1.png","type":"image\/png"}],"twitter_card":"summary_large_image","twitter_misc":{"Dur\u00e9e de lecture estim\u00e9e":"3 minutes"},"schema":{"@context":"https:\/\/schema.org","@graph":[{"@type":"WebPage","@id":"https:\/\/ateliervae.fr\/?product=batterie-de-velo-gazelle-impulse-gold-36v-11-4ah","url":"https:\/\/ateliervae.fr\/?product=batterie-de-velo-gazelle-impulse-gold-36v-11-4ah","name":"Batterie pour velos Gazelle Impulse Gold 36V 11.4Ah - ateliervae.fr","isPartOf":{"@id":"https:\/\/ateliervae.fr\/#website"},"primaryImageOfPage":{"@id":"https:\/\/ateliervae.fr\/?product=batterie-de-velo-gazelle-impulse-gold-36v-11-4ah#primaryimage"},"image":{"@id":"https:\/\/ateliervae.fr\/?product=batterie-de-velo-gazelle-impulse-gold-36v-11-4ah#primaryimage"},"thumbnailUrl":"https:\/\/ateliervae.fr\/wp-content\/uploads\/2026\/04\/gazelle-impulse-36v-11-4ah-afbeelding-1_1_1.png","datePublished":"2026-04-24T11:02:51+00:00","dateModified":"2026-04-26T13:08:54+00:00","description":"Meilleure batterie v\u00e9lo 36V r\u00e9sistante \u00e0 un prix de 426\u20ac : autonomie longue dur\u00e9e et recharge rapide pour v\u00e9los Gazelle Impulse.","breadcrumb":{"@id":"https:\/\/ateliervae.fr\/?product=batterie-de-velo-gazelle-impulse-gold-36v-11-4ah#breadcrumb"},"inLanguage":"fr-FR","potentialAction":[{"@type":"ReadAction","target":["https:\/\/ateliervae.fr\/?product=batterie-de-velo-gazelle-impulse-gold-36v-11-4ah"]}]},{"@type":"ImageObject","inLanguage":"fr-FR","@id":"https:\/\/ateliervae.fr\/?product=batterie-de-velo-gazelle-impulse-gold-36v-11-4ah#primaryimage","url":"https:\/\/ateliervae.fr\/wp-content\/uploads\/2026\/04\/gazelle-impulse-36v-11-4ah-afbeelding-1_1_1.png","contentUrl":"https:\/\/ateliervae.fr\/wp-content\/uploads\/2026\/04\/gazelle-impulse-36v-11-4ah-afbeelding-1_1_1.png","width":360,"height":360,"caption":"meilleure batterie v\u00e9lo 36V r\u00e9sistante"},{"@type":"BreadcrumbList","@id":"https:\/\/ateliervae.fr\/?product=batterie-de-velo-gazelle-impulse-gold-36v-11-4ah#breadcrumb","itemListElement":[{"@type":"ListItem","position":1,"name":"Home","item":"https:\/\/ateliervae.fr\/"},{"@type":"ListItem","position":2,"name":"Produits","item":"https:\/\/ateliervae.fr\/shop\/"},{"@type":"ListItem","position":3,"name":"Batterie pour velos Gazelle Impulse Gold 36V 11.4Ah"}]},{"@type":"WebSite","@id":"https:\/\/ateliervae.fr\/#website","url":"https:\/\/ateliervae.fr\/","name":"ateliervae.fr","description":"L\u2019\u00e9nergie au c\u0153ur de vos trajets","publisher":{"@id":"https:\/\/ateliervae.fr\/#organization"},"potentialAction":[{"@type":"SearchAction","target":{"@type":"EntryPoint","urlTemplate":"https:\/\/ateliervae.fr\/?s={search_term_string}"},"query-input":{"@type":"PropertyValueSpecification","valueRequired":true,"valueName":"search_term_string"}}],"inLanguage":"fr-FR"},{"@type":"Organization","@id":"https:\/\/ateliervae.fr\/#organization","name":"ateliervae.fr","url":"https:\/\/ateliervae.fr\/","logo":{"@type":"ImageObject","inLanguage":"fr-FR","@id":"https:\/\/ateliervae.fr\/#\/schema\/logo\/image\/","url":"https:\/\/ateliervae.fr\/wp-content\/uploads\/2026\/04\/ChatGPT-Image-6-avr.-2026-11_58_22.png","contentUrl":"https:\/\/ateliervae.fr\/wp-content\/uploads\/2026\/04\/ChatGPT-Image-6-avr.-2026-11_58_22.png","width":1536,"height":1024,"caption":"ateliervae.fr"},"image":{"@id":"https:\/\/ateliervae.fr\/#\/schema\/logo\/image\/"}}]}},"_links":{"self":[{"href":"https:\/\/ateliervae.fr\/index.php?rest_route=\/wp\/v2\/product\/28212","targetHints":{"allow":["GET"]}}],"collection":[{"href":"https:\/\/ateliervae.fr\/index.php?rest_route=\/wp\/v2\/product"}],"about":[{"href":"https:\/\/ateliervae.fr\/index.php?rest_route=\/wp\/v2\/types\/product"}],"replies":[{"embeddable":true,"href":"https:\/\/ateliervae.fr\/index.php?rest_route=%2Fwp%2Fv2%2Fcomments&post=28212"}],"version-history":[{"count":2,"href":"https:\/\/ateliervae.fr\/index.php?rest_route=\/wp\/v2\/product\/28212\/revisions"}],"predecessor-version":[{"id":28238,"href":"https:\/\/ateliervae.fr\/index.php?rest_route=\/wp\/v2\/product\/28212\/revisions\/28238"}],"wp:featuredmedia":[{"embeddable":true,"href":"https:\/\/ateliervae.fr\/index.php?rest_route=\/wp\/v2\/media\/28211"}],"wp:attachment":[{"href":"https:\/\/ateliervae.fr\/index.php?rest_route=%2Fwp%2Fv2%2Fmedia&parent=28212"}],"wp:term":[{"taxonomy":"product_brand","embeddable":true,"href":"https:\/\/ateliervae.fr\/index.php?rest_route=%2Fwp%2Fv2%2Fproduct_brand&post=28212"},{"taxonomy":"product_cat","embeddable":true,"href":"https:\/\/ateliervae.fr\/index.php?rest_route=%2Fwp%2Fv2%2Fproduct_cat&post=28212"},{"taxonomy":"product_tag","embeddable":true,"href":"https:\/\/ateliervae.fr\/index.php?rest_route=%2Fwp%2Fv2%2Fproduct_tag&post=28212"}],"curies":[{"name":"wp","href":"https:\/\/api.w.org\/{rel}","templated":true}]}}