{"id":28201,"date":"2026-04-24T10:55:44","date_gmt":"2026-04-24T10:55:44","guid":{"rendered":"https:\/\/ateliervae.fr\/?product=batterie-de-velo-gazelle-panasonic-36v-8-8ah-argentee"},"modified":"2026-04-26T14:23:08","modified_gmt":"2026-04-26T14:23:08","slug":"batterie-36v-pour-velo-pas-cher-gazelle-panasonic-8-8ah","status":"publish","type":"product","link":"https:\/\/ateliervae.fr\/?product=batterie-36v-pour-velo-pas-cher-gazelle-panasonic-8-8ah","title":{"rendered":"Batterie pour velos Gazelle Panasonic 36V 8.8Ah argent\u00e9e"},"content":{"rendered":"<h2 data-section-id=\"w9kl81\" data-start=\"273\" data-end=\"315\"><span role=\"text\"><strong data-start=\"276\" data-end=\"315\">Description d\u00e9taill\u00e9e du produit<\/strong><\/span><\/h2>\n<p data-start=\"317\" data-end=\"617\">La <strong data-start=\"320\" data-end=\"380\">batterie pour v\u00e9los Gazelle Panasonic 36V 8.8Ah argent\u00e9e<\/strong> est une solution de remplacement ou d\u2019am\u00e9lioration id\u00e9ale pour les v\u00e9los \u00e9lectriques \u00e9quip\u00e9s d\u2019un syst\u00e8me Panasonic. Con\u00e7ue avec une technologie <strong data-start=\"526\" data-end=\"541\">Lithium-ion<\/strong>, elle offre un excellent compromis entre l\u00e9g\u00e8ret\u00e9, puissance et durabilit\u00e9.<\/p>\n<p data-start=\"619\" data-end=\"881\">Cette <strong data-start=\"625\" data-end=\"660\">batterie 36V pour v\u00e9lo pas cher<\/strong> s\u2019adresse aux cyclistes urbains comme aux amateurs de longues balades. Gr\u00e2ce \u00e0 sa capacit\u00e9 de 8.8Ah, elle garantit une autonomie confortable pour les trajets quotidiens, les d\u00e9placements professionnels ou les randonn\u00e9es.<\/p>\n<p data-start=\"883\" data-end=\"1144\">\n<div><\/div>\n<h2 data-section-id=\"bsirx3\" data-start=\"1543\" data-end=\"1593\"><span role=\"text\"><strong data-start=\"1546\" data-end=\"1593\">2. Tableau technique complet de la batterie<\/strong><\/span><\/h2>\n<div class=\"TyagGW_tableContainer\">\n<div class=\"group TyagGW_tableWrapper flex flex-col-reverse w-fit\" tabindex=\"-1\">\n<table class=\"w-fit min-w-(--thread-content-width)\" data-start=\"1595\" data-end=\"2227\">\n<thead data-start=\"1595\" data-end=\"1623\">\n<tr data-start=\"1595\" data-end=\"1623\">\n<th class=\"\" data-start=\"1595\" data-end=\"1613\" data-col-size=\"sm\">Caract\u00e9ristique<\/th>\n<th class=\"\" data-start=\"1613\" data-end=\"1623\" data-col-size=\"sm\">D\u00e9tail<\/th>\n<\/tr>\n<\/thead>\n<tbody data-start=\"1652\" data-end=\"2227\">\n<tr data-start=\"1652\" data-end=\"1699\">\n<td data-start=\"1652\" data-end=\"1671\" data-col-size=\"sm\">Type de batterie<\/td>\n<td data-start=\"1671\" data-end=\"1699\" data-col-size=\"sm\">Batterie v\u00e9lo \u00e9lectrique<\/td>\n<\/tr>\n<tr data-start=\"1700\" data-end=\"1729\">\n<td data-start=\"1700\" data-end=\"1714\" data-col-size=\"sm\">Technologie<\/td>\n<td data-start=\"1714\" data-end=\"1729\" data-col-size=\"sm\">Lithium-ion<\/td>\n<\/tr>\n<tr data-start=\"1730\" data-end=\"1747\">\n<td data-start=\"1730\" data-end=\"1740\" data-col-size=\"sm\">Voltage<\/td>\n<td data-start=\"1740\" data-end=\"1747\" data-col-size=\"sm\">36V<\/td>\n<\/tr>\n<tr data-start=\"1748\" data-end=\"1768\">\n<td data-start=\"1748\" data-end=\"1759\" data-col-size=\"sm\">Capacit\u00e9<\/td>\n<td data-start=\"1759\" data-end=\"1768\" data-col-size=\"sm\">8.8Ah<\/td>\n<\/tr>\n<tr data-start=\"1769\" data-end=\"1790\">\n<td data-start=\"1769\" data-end=\"1779\" data-col-size=\"sm\">\u00c9nergie<\/td>\n<td data-start=\"1779\" data-end=\"1790\" data-col-size=\"sm\">~316 Wh<\/td>\n<\/tr>\n<tr data-start=\"1791\" data-end=\"1825\">\n<td data-start=\"1791\" data-end=\"1811\" data-col-size=\"sm\">Autonomie estim\u00e9e<\/td>\n<td data-start=\"1811\" data-end=\"1825\" data-col-size=\"sm\">40 \u00e0 80 km<\/td>\n<\/tr>\n<tr data-start=\"1826\" data-end=\"1860\">\n<td data-start=\"1826\" data-end=\"1844\" data-col-size=\"sm\">Temps de charge<\/td>\n<td data-start=\"1844\" data-end=\"1860\" data-col-size=\"sm\">4 \u00e0 6 heures<\/td>\n<\/tr>\n<tr data-start=\"1861\" data-end=\"1896\">\n<td data-start=\"1861\" data-end=\"1876\" data-col-size=\"sm\">Dur\u00e9e de vie<\/td>\n<td data-start=\"1876\" data-end=\"1896\" data-col-size=\"sm\">500 \u00e0 800 cycles<\/td>\n<\/tr>\n<tr data-start=\"1897\" data-end=\"1944\">\n<td data-start=\"1897\" data-end=\"1913\" data-col-size=\"sm\">Compatibilit\u00e9<\/td>\n<td data-start=\"1913\" data-end=\"1944\" data-col-size=\"sm\">Moteurs Panasonic \/ Gazelle<\/td>\n<\/tr>\n<tr data-start=\"1945\" data-end=\"1995\">\n<td data-start=\"1945\" data-end=\"1967\" data-col-size=\"sm\">Syst\u00e8me de fixation<\/td>\n<td data-start=\"1967\" data-end=\"1995\" data-col-size=\"sm\">Rail coulissant s\u00e9curis\u00e9<\/td>\n<\/tr>\n<tr data-start=\"1996\" data-end=\"2015\">\n<td data-start=\"1996\" data-end=\"2004\" data-col-size=\"sm\">Poids<\/td>\n<td data-start=\"2004\" data-end=\"2015\" data-col-size=\"sm\">~2,5 kg<\/td>\n<\/tr>\n<tr data-start=\"2016\" data-end=\"2067\">\n<td data-start=\"2016\" data-end=\"2030\" data-col-size=\"sm\">Emplacement<\/td>\n<td data-start=\"2030\" data-end=\"2067\" data-col-size=\"sm\">Porte-bagage \/ cadre selon mod\u00e8le<\/td>\n<\/tr>\n<tr data-start=\"2068\" data-end=\"2096\">\n<td data-start=\"2068\" data-end=\"2075\" data-col-size=\"sm\">Type<\/td>\n<td data-start=\"2075\" data-end=\"2096\" data-col-size=\"sm\">Batterie amovible<\/td>\n<\/tr>\n<tr data-start=\"2097\" data-end=\"2135\">\n<td data-start=\"2097\" data-end=\"2108\" data-col-size=\"sm\">S\u00e9curit\u00e9<\/td>\n<td data-start=\"2108\" data-end=\"2135\" data-col-size=\"sm\">BMS int\u00e9gr\u00e9 intelligent<\/td>\n<\/tr>\n<tr data-start=\"2136\" data-end=\"2181\">\n<td data-start=\"2136\" data-end=\"2164\" data-col-size=\"sm\">Temp\u00e9rature d\u2019utilisation<\/td>\n<td data-start=\"2164\" data-end=\"2181\" data-col-size=\"sm\">-10\u00b0C \u00e0 +45\u00b0C<\/td>\n<\/tr>\n<tr data-start=\"2182\" data-end=\"2227\">\n<td data-start=\"2182\" data-end=\"2190\" data-col-size=\"sm\">Gamme<\/td>\n<td data-start=\"2190\" data-end=\"2227\" data-col-size=\"sm\">V\u00e9lo \u00e9lectrique urbain &amp; trekking<\/td>\n<\/tr>\n<\/tbody>\n<\/table>\n<\/div>\n<\/div>\n<h2 data-section-id=\"72j8gi\" data-start=\"2381\" data-end=\"2423\"><span role=\"text\"><strong data-start=\"2384\" data-end=\"2423\">3. Tableau comparatif (concurrence)<\/strong><\/span><\/h2>\n<div class=\"TyagGW_tableContainer\">\n<div class=\"group TyagGW_tableWrapper flex flex-col-reverse w-fit\" tabindex=\"-1\">\n<table class=\"w-fit min-w-(--thread-content-width)\" data-start=\"2425\" data-end=\"2941\">\n<thead data-start=\"2425\" data-end=\"2535\">\n<tr data-start=\"2425\" data-end=\"2535\">\n<th class=\"\" data-start=\"2425\" data-end=\"2434\" data-col-size=\"sm\">Mod\u00e8le<\/th>\n<th class=\"\" data-start=\"2434\" data-end=\"2453\" data-col-size=\"sm\">Type de batterie<\/th>\n<th class=\"\" data-start=\"2453\" data-end=\"2474\" data-col-size=\"sm\">Voltage \/ capacit\u00e9<\/th>\n<th class=\"\" data-start=\"2474\" data-end=\"2486\" data-col-size=\"sm\">Autonomie<\/th>\n<th class=\"\" data-start=\"2486\" data-end=\"2502\" data-col-size=\"sm\">Compatibilit\u00e9<\/th>\n<th class=\"\" data-start=\"2502\" data-end=\"2510\" data-col-size=\"sm\">Poids<\/th>\n<th class=\"\" data-start=\"2510\" data-end=\"2535\" data-col-size=\"sm\">Prix TTC constructeur<\/th>\n<\/tr>\n<\/thead>\n<tbody data-start=\"2647\" data-end=\"2941\">\n<tr data-start=\"2647\" data-end=\"2752\">\n<td data-start=\"2647\" data-end=\"2673\" data-col-size=\"sm\">Gazelle Panasonic 8.8Ah<\/td>\n<td data-start=\"2673\" data-end=\"2687\" data-col-size=\"sm\">Lithium-ion<\/td>\n<td data-start=\"2687\" data-end=\"2701\" data-col-size=\"sm\">36V \/ 8.8Ah<\/td>\n<td data-start=\"2701\" data-end=\"2712\" data-col-size=\"sm\">40\u201380 km<\/td>\n<td data-start=\"2712\" data-end=\"2734\" data-col-size=\"sm\">Gazelle \/ Panasonic<\/td>\n<td data-start=\"2734\" data-end=\"2743\" data-col-size=\"sm\">2,5 kg<\/td>\n<td data-start=\"2743\" data-end=\"2752\" data-col-size=\"sm\">~299\u20ac<\/td>\n<\/tr>\n<tr data-start=\"2753\" data-end=\"2846\">\n<td data-start=\"2753\" data-end=\"2775\" data-col-size=\"sm\"><a href=\"https:\/\/ateliervae.fr\/?product=bosch-powerpack-400-classic-compatible-par-e-bike-vision\">Bosch PowerPack 400<\/a><\/td>\n<td data-start=\"2775\" data-end=\"2789\" data-col-size=\"sm\">Lithium-ion<\/td>\n<td data-start=\"2789\" data-end=\"2802\" data-col-size=\"sm\">36V \/ 11Ah<\/td>\n<td data-start=\"2802\" data-end=\"2813\" data-col-size=\"sm\">50\u201390 km<\/td>\n<td data-start=\"2813\" data-end=\"2828\" data-col-size=\"sm\">Bosch e-bike<\/td>\n<td data-start=\"2828\" data-end=\"2837\" data-col-size=\"sm\">2,6 kg<\/td>\n<td data-start=\"2837\" data-end=\"2846\" data-col-size=\"sm\">~449\u20ac<\/td>\n<\/tr>\n<tr data-start=\"2847\" data-end=\"2941\">\n<td data-start=\"2847\" data-end=\"2866\" data-col-size=\"sm\"><a href=\"https:\/\/ateliervae.fr\/?product=shimano-bt-e6000-36v-13-5ah-compatible-chargeur-eyxon\">Shimano BT-E6000<\/a><\/td>\n<td data-start=\"2866\" data-end=\"2880\" data-col-size=\"sm\">Lithium-ion<\/td>\n<td data-start=\"2880\" data-end=\"2895\" data-col-size=\"sm\">36V \/ 11.6Ah<\/td>\n<td data-start=\"2895\" data-end=\"2907\" data-col-size=\"sm\">60\u2013100 km<\/td>\n<td data-start=\"2907\" data-end=\"2923\" data-col-size=\"sm\">Shimano Steps<\/td>\n<td data-start=\"2923\" data-end=\"2932\" data-col-size=\"sm\">2,7 kg<\/td>\n<td data-start=\"2932\" data-end=\"2941\" data-col-size=\"sm\">~429\u20ac<\/td>\n<\/tr>\n<\/tbody>\n<\/table>\n<\/div>\n<\/div>\n<h2 data-section-id=\"welx0\" data-start=\"3337\" data-end=\"3376\"><span role=\"text\"><strong data-start=\"3340\" data-end=\"3376\">4. Conclusion<\/strong><\/span><\/h2>\n<p data-start=\"3378\" data-end=\"3612\">La <strong data-start=\"3381\" data-end=\"3430\">batterie Gazelle Panasonic 36V 8.8Ah argent\u00e9e<\/strong> est une solution fiable, \u00e9conomique et performante pour redonner vie \u00e0 votre v\u00e9lo \u00e9lectrique. Elle combine s\u00e9curit\u00e9, autonomie et compatibilit\u00e9 parfaite avec les syst\u00e8mes Panasonic.<\/p>\n<p data-start=\"3841\" data-end=\"3928\">\n<h2 data-section-id=\"1b6co5k\" data-start=\"3935\" data-end=\"3948\"><span role=\"text\"><strong data-start=\"3938\" data-end=\"3948\">5. FAQ<\/strong><\/span><\/h2>\n<p data-start=\"3950\" data-end=\"4046\"><strong data-start=\"3950\" data-end=\"3992\">Quelle autonomie pour cette batterie ?<\/strong><br data-start=\"3992\" data-end=\"3995\" \/>Entre 40 et 80 km selon le terrain et l\u2019assistance.<\/p>\n<p data-start=\"4048\" data-end=\"4149\"><strong data-start=\"4048\" data-end=\"4087\">Est-elle compatible avec mon v\u00e9lo ?<\/strong><br data-start=\"4087\" data-end=\"4090\" \/>Oui si votre v\u00e9lo utilise un syst\u00e8me Gazelle Panasonic 36V.<\/p>\n<p data-start=\"4151\" data-end=\"4237\"><strong data-start=\"4151\" data-end=\"4188\">Combien de temps dure la charge ?<\/strong><br data-start=\"4188\" data-end=\"4191\" \/>Environ 4 \u00e0 6 heures pour une charge compl\u00e8te.<\/p>\n<p data-start=\"4239\" data-end=\"4336\"><strong data-start=\"4239\" data-end=\"4284\">Peut-on remplacer une ancienne batterie ?<\/strong><br data-start=\"4284\" data-end=\"4287\" \/>Oui, elle est con\u00e7ue pour le remplacement direct.<\/p>\n<p data-start=\"4338\" data-end=\"4409\"><strong data-start=\"4338\" data-end=\"4370\">Quelle est sa dur\u00e9e de vie ?<\/strong><br data-start=\"4370\" data-end=\"4373\" \/>Entre 500 et 800 cycles de recharge.<\/p>\n<p data-start=\"4411\" data-end=\"4504\"><strong data-start=\"4411\" data-end=\"4448\">Est-ce une batterie lithium-ion ?<\/strong><br data-start=\"4448\" data-end=\"4451\" \/>Oui, elle utilise la technologie Lithium-ion moderne.<\/p>\n<p data-start=\"4506\" data-end=\"4587\"><strong data-start=\"4506\" data-end=\"4541\">Peut-on la retirer facilement ?<\/strong><br data-start=\"4541\" data-end=\"4544\" \/>Oui, c\u2019est une batterie amovible s\u00e9curis\u00e9e.<\/p>\n","protected":false},"excerpt":{"rendered":"<ul data-start=\"4624\" data-end=\"4875\">\n<li data-section-id=\"18sil9f\" data-start=\"4624\" data-end=\"4678\">\u26a1 <strong>Puissance et autonomie<\/strong> : 36V 8.8Ah jusqu\u2019\u00e0 80 km<\/li>\n<li data-section-id=\"11crpw0\" data-start=\"4679\" data-end=\"4737\">\ud83d\udd0b <strong>Technologie et s\u00e9curit\u00e9<\/strong> : Lithium-ion + BMS int\u00e9gr\u00e9<\/li>\n<li data-section-id=\"krsaez\" data-start=\"4738\" data-end=\"4787\">\ud83d\udeb2 <strong>Compatibilit\u00e9<\/strong> : Gazelle \/ Panasonic e-bike<\/li>\n<li data-section-id=\"3dtrqh\" data-start=\"4788\" data-end=\"4875\">\ud83d\udcb0 <strong>Avantage principal<\/strong> : batterie performante \u00e0 prix accessible pour v\u00e9lo \u00e9lectrique<\/li>\n<\/ul>\n<p data-start=\"3614\" data-end=\"3839\">Si vous recherchez une <strong data-start=\"3637\" data-end=\"3672\">batterie 36V pour v\u00e9lo pas cher<\/strong>, durable et facile \u00e0 installer, ce mod\u00e8le est un excellent choix. Sa technologie Lithium-ion garantit une longue dur\u00e9e de vie et une performance stable dans le temps.<\/p>\n<p data-start=\"3841\" data-end=\"3928\"><strong>\ud83d\udc49 Passez \u00e0 l\u2019action d\u00e8s maintenant et am\u00e9liorez l\u2019autonomie de votre v\u00e9lo \u00e9lectrique !<\/strong><\/p>\n","protected":false},"featured_media":28200,"comment_status":"open","ping_status":"closed","template":"","meta":[],"product_brand":[535],"product_cat":[270,256,266,109,33],"product_tag":[522,480,481],"class_list":{"0":"post-28201","1":"product","2":"type-product","3":"status-publish","4":"has-post-thumbnail","6":"product_brand-gazelle","7":"product_cat-180-360-wh-5-10-ah-36v-batterie-porte-bagage","8":"product_cat-36v-batterie-porte-bagage","9":"product_cat-5-10-ah-36v-batterie-porte-bagage","10":"product_cat-batterie-porte-bagage-batteries-de-velo-electrique-batteries-velo-electrique-autonomie-longue-duree","11":"product_cat-batteries-de-velos-batterie-pour-velo-electrique-autonomie-longue-duree","12":"product_tag-batterie-velo-assistance-electrique-puissante-fiable","13":"product_tag-batterie-velo-resistante","14":"product_tag-batterie-velo-securite","16":"first","17":"instock","18":"sale","19":"featured","20":"shipping-taxable","21":"purchasable","22":"product-type-simple"},"yoast_head":"<!-- This site is optimized with the Yoast SEO plugin v27.5 - https:\/\/yoast.com\/product\/yoast-seo-wordpress\/ -->\n<title>Batterie pour velos Gazelle Panasonic 36V 8.8Ah argent\u00e9e - ateliervae.fr<\/title>\n<meta name=\"description\" content=\"Batterie 36V pour v\u00e9lo pas cher Gazelle Panasonic 8.8Ah ~299\u20ac : autonomie fiable et performance optimale pour v\u00e9lo \u00e9lectrique.\" \/>\n<meta name=\"robots\" content=\"index, follow, max-snippet:-1, max-image-preview:large, max-video-preview:-1\" \/>\n<link rel=\"canonical\" href=\"https:\/\/ateliervae.fr\/?product=batterie-36v-pour-velo-pas-cher-gazelle-panasonic-8-8ah\" \/>\n<meta property=\"og:locale\" content=\"fr_FR\" \/>\n<meta property=\"og:type\" content=\"article\" \/>\n<meta property=\"og:title\" content=\"Batterie pour velos Gazelle Panasonic 36V 8.8Ah argent\u00e9e - ateliervae.fr\" \/>\n<meta property=\"og:description\" content=\"Batterie 36V pour v\u00e9lo pas cher Gazelle Panasonic 8.8Ah ~299\u20ac : autonomie fiable et performance optimale pour v\u00e9lo \u00e9lectrique.\" \/>\n<meta property=\"og:url\" content=\"https:\/\/ateliervae.fr\/?product=batterie-36v-pour-velo-pas-cher-gazelle-panasonic-8-8ah\" \/>\n<meta property=\"og:site_name\" content=\"ateliervae.fr\" \/>\n<meta property=\"article:modified_time\" content=\"2026-04-26T14:23:08+00:00\" \/>\n<meta property=\"og:image\" content=\"https:\/\/ateliervae.fr\/wp-content\/uploads\/2026\/04\/gazelle-panasonic-zilver.png\" \/>\n\t<meta property=\"og:image:width\" content=\"360\" \/>\n\t<meta property=\"og:image:height\" content=\"360\" \/>\n\t<meta property=\"og:image:type\" content=\"image\/png\" \/>\n<meta name=\"twitter:card\" content=\"summary_large_image\" \/>\n<meta name=\"twitter:label1\" content=\"Dur\u00e9e de lecture estim\u00e9e\" \/>\n\t<meta name=\"twitter:data1\" content=\"2 minutes\" \/>\n<script type=\"application\/ld+json\" class=\"yoast-schema-graph\">{\"@context\":\"https:\\\/\\\/schema.org\",\"@graph\":[{\"@type\":\"WebPage\",\"@id\":\"https:\\\/\\\/ateliervae.fr\\\/?product=batterie-36v-pour-velo-pas-cher-gazelle-panasonic-8-8ah\",\"url\":\"https:\\\/\\\/ateliervae.fr\\\/?product=batterie-36v-pour-velo-pas-cher-gazelle-panasonic-8-8ah\",\"name\":\"Batterie pour velos Gazelle Panasonic 36V 8.8Ah argent\u00e9e - ateliervae.fr\",\"isPartOf\":{\"@id\":\"https:\\\/\\\/ateliervae.fr\\\/#website\"},\"primaryImageOfPage\":{\"@id\":\"https:\\\/\\\/ateliervae.fr\\\/?product=batterie-36v-pour-velo-pas-cher-gazelle-panasonic-8-8ah#primaryimage\"},\"image\":{\"@id\":\"https:\\\/\\\/ateliervae.fr\\\/?product=batterie-36v-pour-velo-pas-cher-gazelle-panasonic-8-8ah#primaryimage\"},\"thumbnailUrl\":\"https:\\\/\\\/ateliervae.fr\\\/wp-content\\\/uploads\\\/2026\\\/04\\\/gazelle-panasonic-zilver.png\",\"datePublished\":\"2026-04-24T10:55:44+00:00\",\"dateModified\":\"2026-04-26T14:23:08+00:00\",\"description\":\"Batterie 36V pour v\u00e9lo pas cher Gazelle Panasonic 8.8Ah ~299\u20ac : autonomie fiable et performance optimale pour v\u00e9lo \u00e9lectrique.\",\"breadcrumb\":{\"@id\":\"https:\\\/\\\/ateliervae.fr\\\/?product=batterie-36v-pour-velo-pas-cher-gazelle-panasonic-8-8ah#breadcrumb\"},\"inLanguage\":\"fr-FR\",\"potentialAction\":[{\"@type\":\"ReadAction\",\"target\":[\"https:\\\/\\\/ateliervae.fr\\\/?product=batterie-36v-pour-velo-pas-cher-gazelle-panasonic-8-8ah\"]}]},{\"@type\":\"ImageObject\",\"inLanguage\":\"fr-FR\",\"@id\":\"https:\\\/\\\/ateliervae.fr\\\/?product=batterie-36v-pour-velo-pas-cher-gazelle-panasonic-8-8ah#primaryimage\",\"url\":\"https:\\\/\\\/ateliervae.fr\\\/wp-content\\\/uploads\\\/2026\\\/04\\\/gazelle-panasonic-zilver.png\",\"contentUrl\":\"https:\\\/\\\/ateliervae.fr\\\/wp-content\\\/uploads\\\/2026\\\/04\\\/gazelle-panasonic-zilver.png\",\"width\":360,\"height\":360,\"caption\":\"batterie 36V pour v\u00e9lo pas cher\"},{\"@type\":\"BreadcrumbList\",\"@id\":\"https:\\\/\\\/ateliervae.fr\\\/?product=batterie-36v-pour-velo-pas-cher-gazelle-panasonic-8-8ah#breadcrumb\",\"itemListElement\":[{\"@type\":\"ListItem\",\"position\":1,\"name\":\"Home\",\"item\":\"https:\\\/\\\/ateliervae.fr\\\/\"},{\"@type\":\"ListItem\",\"position\":2,\"name\":\"Produits\",\"item\":\"https:\\\/\\\/ateliervae.fr\\\/shop\\\/\"},{\"@type\":\"ListItem\",\"position\":3,\"name\":\"Batterie pour velos Gazelle Panasonic 36V 8.8Ah argent\u00e9e\"}]},{\"@type\":\"WebSite\",\"@id\":\"https:\\\/\\\/ateliervae.fr\\\/#website\",\"url\":\"https:\\\/\\\/ateliervae.fr\\\/\",\"name\":\"ateliervae.fr\",\"description\":\"L\u2019\u00e9nergie au c\u0153ur de vos trajets\",\"publisher\":{\"@id\":\"https:\\\/\\\/ateliervae.fr\\\/#organization\"},\"potentialAction\":[{\"@type\":\"SearchAction\",\"target\":{\"@type\":\"EntryPoint\",\"urlTemplate\":\"https:\\\/\\\/ateliervae.fr\\\/?s={search_term_string}\"},\"query-input\":{\"@type\":\"PropertyValueSpecification\",\"valueRequired\":true,\"valueName\":\"search_term_string\"}}],\"inLanguage\":\"fr-FR\"},{\"@type\":\"Organization\",\"@id\":\"https:\\\/\\\/ateliervae.fr\\\/#organization\",\"name\":\"ateliervae.fr\",\"url\":\"https:\\\/\\\/ateliervae.fr\\\/\",\"logo\":{\"@type\":\"ImageObject\",\"inLanguage\":\"fr-FR\",\"@id\":\"https:\\\/\\\/ateliervae.fr\\\/#\\\/schema\\\/logo\\\/image\\\/\",\"url\":\"https:\\\/\\\/ateliervae.fr\\\/wp-content\\\/uploads\\\/2026\\\/04\\\/ChatGPT-Image-6-avr.-2026-11_58_22.png\",\"contentUrl\":\"https:\\\/\\\/ateliervae.fr\\\/wp-content\\\/uploads\\\/2026\\\/04\\\/ChatGPT-Image-6-avr.-2026-11_58_22.png\",\"width\":1536,\"height\":1024,\"caption\":\"ateliervae.fr\"},\"image\":{\"@id\":\"https:\\\/\\\/ateliervae.fr\\\/#\\\/schema\\\/logo\\\/image\\\/\"}}]}<\/script>\n<!-- \/ Yoast SEO plugin. -->","yoast_head_json":{"title":"Batterie pour velos Gazelle Panasonic 36V 8.8Ah argent\u00e9e - ateliervae.fr","description":"Batterie 36V pour v\u00e9lo pas cher Gazelle Panasonic 8.8Ah ~299\u20ac : autonomie fiable et performance optimale pour v\u00e9lo \u00e9lectrique.","robots":{"index":"index","follow":"follow","max-snippet":"max-snippet:-1","max-image-preview":"max-image-preview:large","max-video-preview":"max-video-preview:-1"},"canonical":"https:\/\/ateliervae.fr\/?product=batterie-36v-pour-velo-pas-cher-gazelle-panasonic-8-8ah","og_locale":"fr_FR","og_type":"article","og_title":"Batterie pour velos Gazelle Panasonic 36V 8.8Ah argent\u00e9e - ateliervae.fr","og_description":"Batterie 36V pour v\u00e9lo pas cher Gazelle Panasonic 8.8Ah ~299\u20ac : autonomie fiable et performance optimale pour v\u00e9lo \u00e9lectrique.","og_url":"https:\/\/ateliervae.fr\/?product=batterie-36v-pour-velo-pas-cher-gazelle-panasonic-8-8ah","og_site_name":"ateliervae.fr","article_modified_time":"2026-04-26T14:23:08+00:00","og_image":[{"width":360,"height":360,"url":"https:\/\/ateliervae.fr\/wp-content\/uploads\/2026\/04\/gazelle-panasonic-zilver.png","type":"image\/png"}],"twitter_card":"summary_large_image","twitter_misc":{"Dur\u00e9e de lecture estim\u00e9e":"2 minutes"},"schema":{"@context":"https:\/\/schema.org","@graph":[{"@type":"WebPage","@id":"https:\/\/ateliervae.fr\/?product=batterie-36v-pour-velo-pas-cher-gazelle-panasonic-8-8ah","url":"https:\/\/ateliervae.fr\/?product=batterie-36v-pour-velo-pas-cher-gazelle-panasonic-8-8ah","name":"Batterie pour velos Gazelle Panasonic 36V 8.8Ah argent\u00e9e - ateliervae.fr","isPartOf":{"@id":"https:\/\/ateliervae.fr\/#website"},"primaryImageOfPage":{"@id":"https:\/\/ateliervae.fr\/?product=batterie-36v-pour-velo-pas-cher-gazelle-panasonic-8-8ah#primaryimage"},"image":{"@id":"https:\/\/ateliervae.fr\/?product=batterie-36v-pour-velo-pas-cher-gazelle-panasonic-8-8ah#primaryimage"},"thumbnailUrl":"https:\/\/ateliervae.fr\/wp-content\/uploads\/2026\/04\/gazelle-panasonic-zilver.png","datePublished":"2026-04-24T10:55:44+00:00","dateModified":"2026-04-26T14:23:08+00:00","description":"Batterie 36V pour v\u00e9lo pas cher Gazelle Panasonic 8.8Ah ~299\u20ac : autonomie fiable et performance optimale pour v\u00e9lo \u00e9lectrique.","breadcrumb":{"@id":"https:\/\/ateliervae.fr\/?product=batterie-36v-pour-velo-pas-cher-gazelle-panasonic-8-8ah#breadcrumb"},"inLanguage":"fr-FR","potentialAction":[{"@type":"ReadAction","target":["https:\/\/ateliervae.fr\/?product=batterie-36v-pour-velo-pas-cher-gazelle-panasonic-8-8ah"]}]},{"@type":"ImageObject","inLanguage":"fr-FR","@id":"https:\/\/ateliervae.fr\/?product=batterie-36v-pour-velo-pas-cher-gazelle-panasonic-8-8ah#primaryimage","url":"https:\/\/ateliervae.fr\/wp-content\/uploads\/2026\/04\/gazelle-panasonic-zilver.png","contentUrl":"https:\/\/ateliervae.fr\/wp-content\/uploads\/2026\/04\/gazelle-panasonic-zilver.png","width":360,"height":360,"caption":"batterie 36V pour v\u00e9lo pas cher"},{"@type":"BreadcrumbList","@id":"https:\/\/ateliervae.fr\/?product=batterie-36v-pour-velo-pas-cher-gazelle-panasonic-8-8ah#breadcrumb","itemListElement":[{"@type":"ListItem","position":1,"name":"Home","item":"https:\/\/ateliervae.fr\/"},{"@type":"ListItem","position":2,"name":"Produits","item":"https:\/\/ateliervae.fr\/shop\/"},{"@type":"ListItem","position":3,"name":"Batterie pour velos Gazelle Panasonic 36V 8.8Ah argent\u00e9e"}]},{"@type":"WebSite","@id":"https:\/\/ateliervae.fr\/#website","url":"https:\/\/ateliervae.fr\/","name":"ateliervae.fr","description":"L\u2019\u00e9nergie au c\u0153ur de vos trajets","publisher":{"@id":"https:\/\/ateliervae.fr\/#organization"},"potentialAction":[{"@type":"SearchAction","target":{"@type":"EntryPoint","urlTemplate":"https:\/\/ateliervae.fr\/?s={search_term_string}"},"query-input":{"@type":"PropertyValueSpecification","valueRequired":true,"valueName":"search_term_string"}}],"inLanguage":"fr-FR"},{"@type":"Organization","@id":"https:\/\/ateliervae.fr\/#organization","name":"ateliervae.fr","url":"https:\/\/ateliervae.fr\/","logo":{"@type":"ImageObject","inLanguage":"fr-FR","@id":"https:\/\/ateliervae.fr\/#\/schema\/logo\/image\/","url":"https:\/\/ateliervae.fr\/wp-content\/uploads\/2026\/04\/ChatGPT-Image-6-avr.-2026-11_58_22.png","contentUrl":"https:\/\/ateliervae.fr\/wp-content\/uploads\/2026\/04\/ChatGPT-Image-6-avr.-2026-11_58_22.png","width":1536,"height":1024,"caption":"ateliervae.fr"},"image":{"@id":"https:\/\/ateliervae.fr\/#\/schema\/logo\/image\/"}}]}},"_links":{"self":[{"href":"https:\/\/ateliervae.fr\/index.php?rest_route=\/wp\/v2\/product\/28201","targetHints":{"allow":["GET"]}}],"collection":[{"href":"https:\/\/ateliervae.fr\/index.php?rest_route=\/wp\/v2\/product"}],"about":[{"href":"https:\/\/ateliervae.fr\/index.php?rest_route=\/wp\/v2\/types\/product"}],"replies":[{"embeddable":true,"href":"https:\/\/ateliervae.fr\/index.php?rest_route=%2Fwp%2Fv2%2Fcomments&post=28201"}],"version-history":[{"count":2,"href":"https:\/\/ateliervae.fr\/index.php?rest_route=\/wp\/v2\/product\/28201\/revisions"}],"predecessor-version":[{"id":28253,"href":"https:\/\/ateliervae.fr\/index.php?rest_route=\/wp\/v2\/product\/28201\/revisions\/28253"}],"wp:featuredmedia":[{"embeddable":true,"href":"https:\/\/ateliervae.fr\/index.php?rest_route=\/wp\/v2\/media\/28200"}],"wp:attachment":[{"href":"https:\/\/ateliervae.fr\/index.php?rest_route=%2Fwp%2Fv2%2Fmedia&parent=28201"}],"wp:term":[{"taxonomy":"product_brand","embeddable":true,"href":"https:\/\/ateliervae.fr\/index.php?rest_route=%2Fwp%2Fv2%2Fproduct_brand&post=28201"},{"taxonomy":"product_cat","embeddable":true,"href":"https:\/\/ateliervae.fr\/index.php?rest_route=%2Fwp%2Fv2%2Fproduct_cat&post=28201"},{"taxonomy":"product_tag","embeddable":true,"href":"https:\/\/ateliervae.fr\/index.php?rest_route=%2Fwp%2Fv2%2Fproduct_tag&post=28201"}],"curies":[{"name":"wp","href":"https:\/\/api.w.org\/{rel}","templated":true}]}}