{"id":28199,"date":"2026-04-24T10:55:43","date_gmt":"2026-04-24T10:55:43","guid":{"rendered":"https:\/\/ateliervae.fr\/?product=batterie-de-velo-gazelle-panasonic-gold-36v-11ah"},"modified":"2026-04-26T13:51:35","modified_gmt":"2026-04-26T13:51:35","slug":"batterie-de-velo-gazelle-panasonic-gold-36v-11ah","status":"publish","type":"product","link":"https:\/\/ateliervae.fr\/?product=batterie-de-velo-gazelle-panasonic-gold-36v-11ah","title":{"rendered":"Batterie pour velos Gazelle Panasonic Gold 36V 11Ah"},"content":{"rendered":"<h2 data-section-id=\"16sn4z7\" data-start=\"224\" data-end=\"262\">Description d\u00e9taill\u00e9e du produit<\/h2>\n<p data-start=\"264\" data-end=\"614\">La <strong data-start=\"267\" data-end=\"322\">Batterie pour v\u00e9los Gazelle Panasonic Gold 36V 11Ah<\/strong> est une batterie lithium-ion haut de gamme con\u00e7ue pour offrir une performance stable, durable et s\u00e9curis\u00e9e aux v\u00e9los \u00e9lectriques urbains et VTC. Gr\u00e2ce \u00e0 la technologie <strong data-start=\"491\" data-end=\"516\">Panasonic Lithium-ion<\/strong>, La Batterie v\u00e9lo 36V pas cher fiable et durable garantit une excellente densit\u00e9 \u00e9nerg\u00e9tique, une recharge efficace et une grande long\u00e9vit\u00e9.<\/p>\n<p data-start=\"616\" data-end=\"904\">Cette batterie est id\u00e9ale pour les utilisateurs recherchant une <strong data-start=\"680\" data-end=\"728\">batterie v\u00e9lo 36V pas cher fiable et durable<\/strong>, capable d\u2019assurer des trajets quotidiens ou longue distance sans perte de puissance. Elle est parfaitement adapt\u00e9e aux v\u00e9los \u00e9lectriques Gazelle \u00e9quip\u00e9s de moteurs Panasonic.<\/p>\n<p data-start=\"906\" data-end=\"1132\">\n<p data-start=\"1134\" data-end=\"1293\">\n<h2 data-section-id=\"1kq4v9t\" data-start=\"1625\" data-end=\"1671\">4. Tableau technique complet de la batterie<\/h2>\n<div class=\"TyagGW_tableContainer\">\n<div class=\"group TyagGW_tableWrapper flex flex-col-reverse w-fit\" tabindex=\"-1\">\n<table class=\"w-fit min-w-(--thread-content-width)\" data-start=\"1673\" data-end=\"2330\">\n<thead data-start=\"1673\" data-end=\"1702\">\n<tr data-start=\"1673\" data-end=\"1702\">\n<th class=\"\" data-start=\"1673\" data-end=\"1691\" data-col-size=\"sm\">Caract\u00e9ristique<\/th>\n<th class=\"\" data-start=\"1691\" data-end=\"1702\" data-col-size=\"md\">D\u00e9tails<\/th>\n<\/tr>\n<\/thead>\n<tbody data-start=\"1731\" data-end=\"2330\">\n<tr data-start=\"1731\" data-end=\"1783\">\n<td data-start=\"1731\" data-end=\"1750\" data-col-size=\"sm\">Type de batterie<\/td>\n<td data-start=\"1750\" data-end=\"1783\" data-col-size=\"md\"><a href=\"https:\/\/ateliervae.fr\/?product=stromer-bq814-48v-159ah-814wh\">Batterie pour v\u00e9lo \u00e9lectrique<\/a><\/td>\n<\/tr>\n<tr data-start=\"1784\" data-end=\"1823\">\n<td data-start=\"1784\" data-end=\"1798\" data-col-size=\"sm\">Technologie<\/td>\n<td data-start=\"1798\" data-end=\"1823\" data-col-size=\"md\">Lithium-ion Panasonic<\/td>\n<\/tr>\n<tr data-start=\"1824\" data-end=\"1841\">\n<td data-start=\"1824\" data-end=\"1834\" data-col-size=\"sm\">Voltage<\/td>\n<td data-start=\"1834\" data-end=\"1841\" data-col-size=\"md\">36V<\/td>\n<\/tr>\n<tr data-start=\"1842\" data-end=\"1869\">\n<td data-start=\"1842\" data-end=\"1853\" data-col-size=\"sm\">Capacit\u00e9<\/td>\n<td data-start=\"1853\" data-end=\"1869\" data-col-size=\"md\">11Ah (396Wh)<\/td>\n<\/tr>\n<tr data-start=\"1870\" data-end=\"1905\">\n<td data-start=\"1870\" data-end=\"1890\" data-col-size=\"sm\">Autonomie estim\u00e9e<\/td>\n<td data-start=\"1890\" data-end=\"1905\" data-col-size=\"md\">60 \u00e0 120 km<\/td>\n<\/tr>\n<tr data-start=\"1906\" data-end=\"1940\">\n<td data-start=\"1906\" data-end=\"1924\" data-col-size=\"sm\">Temps de charge<\/td>\n<td data-start=\"1924\" data-end=\"1940\" data-col-size=\"md\">4 \u00e0 6 heures<\/td>\n<\/tr>\n<tr data-start=\"1941\" data-end=\"1977\">\n<td data-start=\"1941\" data-end=\"1956\" data-col-size=\"sm\">Dur\u00e9e de vie<\/td>\n<td data-start=\"1956\" data-end=\"1977\" data-col-size=\"md\">700 \u00e0 1000 cycles<\/td>\n<\/tr>\n<tr data-start=\"1978\" data-end=\"2031\">\n<td data-start=\"1978\" data-end=\"1994\" data-col-size=\"sm\">Compatibilit\u00e9<\/td>\n<td data-start=\"1994\" data-end=\"2031\" data-col-size=\"md\">V\u00e9los Gazelle \/ moteurs Panasonic<\/td>\n<\/tr>\n<tr data-start=\"2032\" data-end=\"2092\">\n<td data-start=\"2032\" data-end=\"2054\" data-col-size=\"sm\">Syst\u00e8me de fixation<\/td>\n<td data-start=\"2054\" data-end=\"2092\" data-col-size=\"md\">Int\u00e9gration cadre ou porte-bagages<\/td>\n<\/tr>\n<tr data-start=\"2093\" data-end=\"2117\">\n<td data-start=\"2093\" data-end=\"2101\" data-col-size=\"sm\">Poids<\/td>\n<td data-start=\"2101\" data-end=\"2117\" data-col-size=\"md\">Environ 3 kg<\/td>\n<\/tr>\n<tr data-start=\"2118\" data-end=\"2152\">\n<td data-start=\"2118\" data-end=\"2132\" data-col-size=\"sm\">Emplacement<\/td>\n<td data-start=\"2132\" data-end=\"2152\" data-col-size=\"md\">Cadre ou arri\u00e8re<\/td>\n<\/tr>\n<tr data-start=\"2153\" data-end=\"2181\">\n<td data-start=\"2153\" data-end=\"2160\" data-col-size=\"sm\">Type<\/td>\n<td data-start=\"2160\" data-end=\"2181\" data-col-size=\"md\">Batterie amovible<\/td>\n<\/tr>\n<tr data-start=\"2182\" data-end=\"2246\">\n<td data-start=\"2182\" data-end=\"2193\" data-col-size=\"sm\">S\u00e9curit\u00e9<\/td>\n<td data-start=\"2193\" data-end=\"2246\" data-col-size=\"md\">BMS int\u00e9gr\u00e9 (protection surcharge, court-circuit)<\/td>\n<\/tr>\n<tr data-start=\"2247\" data-end=\"2292\">\n<td data-start=\"2247\" data-end=\"2275\" data-col-size=\"sm\">Temp\u00e9rature d\u2019utilisation<\/td>\n<td data-start=\"2275\" data-end=\"2292\" data-col-size=\"md\">-10\u00b0C \u00e0 +45\u00b0C<\/td>\n<\/tr>\n<tr data-start=\"2293\" data-end=\"2330\">\n<td data-start=\"2293\" data-end=\"2301\" data-col-size=\"sm\">Gamme<\/td>\n<td data-start=\"2301\" data-end=\"2330\" data-col-size=\"md\">Premium Gazelle Panasonic<\/td>\n<\/tr>\n<\/tbody>\n<\/table>\n<\/div>\n<\/div>\n<div><\/div>\n<h2 data-section-id=\"aj7k93\" data-start=\"2436\" data-end=\"2476\">5. Tableau comparatif (2 concurrents)<\/h2>\n<div class=\"TyagGW_tableContainer\">\n<div class=\"group TyagGW_tableWrapper flex flex-col-reverse w-fit\" tabindex=\"-1\">\n<table class=\"w-fit min-w-(--thread-content-width)\" data-start=\"2478\" data-end=\"2998\">\n<thead data-start=\"2478\" data-end=\"2588\">\n<tr data-start=\"2478\" data-end=\"2588\">\n<th class=\"\" data-start=\"2478\" data-end=\"2487\" data-col-size=\"sm\">Mod\u00e8le<\/th>\n<th class=\"\" data-start=\"2487\" data-end=\"2506\" data-col-size=\"sm\">Type de batterie<\/th>\n<th class=\"\" data-start=\"2506\" data-end=\"2527\" data-col-size=\"sm\">Voltage \/ capacit\u00e9<\/th>\n<th class=\"\" data-start=\"2527\" data-end=\"2539\" data-col-size=\"sm\">Autonomie<\/th>\n<th class=\"\" data-start=\"2539\" data-end=\"2555\" data-col-size=\"sm\">Compatibilit\u00e9<\/th>\n<th class=\"\" data-start=\"2555\" data-end=\"2563\" data-col-size=\"sm\">Poids<\/th>\n<th class=\"\" data-start=\"2563\" data-end=\"2588\" data-col-size=\"sm\">Prix TTC constructeur<\/th>\n<\/tr>\n<\/thead>\n<tbody data-start=\"2702\" data-end=\"2998\">\n<tr data-start=\"2702\" data-end=\"2812\">\n<td data-start=\"2702\" data-end=\"2736\" data-col-size=\"sm\">Gazelle Panasonic Gold 36V 11Ah<\/td>\n<td data-start=\"2736\" data-end=\"2750\" data-col-size=\"sm\">Lithium-ion<\/td>\n<td data-start=\"2750\" data-end=\"2763\" data-col-size=\"sm\">36V \/ 11Ah<\/td>\n<td data-start=\"2763\" data-end=\"2775\" data-col-size=\"sm\">60\u2013120 km<\/td>\n<td data-start=\"2775\" data-end=\"2797\" data-col-size=\"sm\">Gazelle \/ Panasonic<\/td>\n<td data-start=\"2797\" data-end=\"2804\" data-col-size=\"sm\">3 kg<\/td>\n<td data-start=\"2804\" data-end=\"2812\" data-col-size=\"sm\">549\u20ac<\/td>\n<\/tr>\n<tr data-start=\"2813\" data-end=\"2906\">\n<td data-start=\"2813\" data-end=\"2835\" data-col-size=\"sm\"><a href=\"https:\/\/ateliervae.fr\/?product=bosch-powerpack-400-classic-cadre-36v-11ah\">Bosch PowerPack 400<\/a><\/td>\n<td data-start=\"2835\" data-end=\"2849\" data-col-size=\"sm\">Lithium-ion<\/td>\n<td data-start=\"2849\" data-end=\"2862\" data-col-size=\"sm\">36V \/ 11Ah<\/td>\n<td data-start=\"2862\" data-end=\"2874\" data-col-size=\"sm\">50\u2013110 km<\/td>\n<td data-start=\"2874\" data-end=\"2889\" data-col-size=\"sm\">Bosch e-bike<\/td>\n<td data-start=\"2889\" data-end=\"2898\" data-col-size=\"sm\">2.7 kg<\/td>\n<td data-start=\"2898\" data-end=\"2906\" data-col-size=\"sm\">599\u20ac<\/td>\n<\/tr>\n<tr data-start=\"2907\" data-end=\"2998\">\n<td data-start=\"2907\" data-end=\"2926\" data-col-size=\"sm\"><a href=\"https:\/\/ateliervae.fr\/?product=batterie-shimano-steps-bt-e8010-14ah-gris\">Shimano BT-E8010<\/a><\/td>\n<td data-start=\"2926\" data-end=\"2940\" data-col-size=\"sm\">Lithium-ion<\/td>\n<td data-start=\"2940\" data-end=\"2953\" data-col-size=\"sm\">36V \/ 11Ah<\/td>\n<td data-start=\"2953\" data-end=\"2965\" data-col-size=\"sm\">60\u2013130 km<\/td>\n<td data-start=\"2965\" data-end=\"2981\" data-col-size=\"sm\">Shimano Steps<\/td>\n<td data-start=\"2981\" data-end=\"2990\" data-col-size=\"sm\">2.8 kg<\/td>\n<td data-start=\"2990\" data-end=\"2998\" data-col-size=\"sm\">579\u20ac<\/td>\n<\/tr>\n<\/tbody>\n<\/table>\n<\/div>\n<\/div>\n<h2 data-section-id=\"yeup86\" data-start=\"3330\" data-end=\"3365\">6. Conclusion<\/h2>\n<p data-start=\"3367\" data-end=\"3672\">La <strong data-start=\"3370\" data-end=\"3414\">Batterie Gazelle Panasonic Gold 36V 11Ah<\/strong> est un choix id\u00e9al pour tous les cyclistes recherchant une solution fiable, performante et durable. Gr\u00e2ce \u00e0 sa technologie lithium-ion avanc\u00e9e, elle garantit une excellente autonomie, une recharge rapide et une compatibilit\u00e9 parfaite avec les v\u00e9los Gazelle.<\/p>\n<h2 data-section-id=\"xsfmkq\" data-start=\"3964\" data-end=\"3973\">7. FAQ<\/h2>\n<p data-start=\"3975\" data-end=\"4082\"><strong data-start=\"3975\" data-end=\"4017\">Quelle autonomie pour cette batterie ?<\/strong><br data-start=\"4017\" data-end=\"4020\" \/>Entre 60 et 120 km selon le terrain et le niveau d\u2019assistance.<\/p>\n<p data-start=\"4084\" data-end=\"4186\"><strong data-start=\"4084\" data-end=\"4123\">Est-elle compatible avec mon v\u00e9lo ?<\/strong><br data-start=\"4123\" data-end=\"4126\" \/>Oui, si votre v\u00e9lo est \u00e9quip\u00e9 d\u2019un moteur Panasonic Gazelle.<\/p>\n<p data-start=\"4188\" data-end=\"4274\"><strong data-start=\"4188\" data-end=\"4225\">Combien de temps dure la charge ?<\/strong><br data-start=\"4225\" data-end=\"4228\" \/>Environ 4 \u00e0 6 heures pour une charge compl\u00e8te.<\/p>\n<p data-start=\"4276\" data-end=\"4399\"><strong data-start=\"4276\" data-end=\"4321\">Peut-on remplacer une ancienne batterie ?<\/strong><br data-start=\"4321\" data-end=\"4324\" \/>Oui, elle est id\u00e9ale pour un remplacement batterie v\u00e9lo \u00e9lectrique Gazelle.<\/p>\n<p data-start=\"4401\" data-end=\"4472\"><strong data-start=\"4401\" data-end=\"4433\">Quelle est sa dur\u00e9e de vie ?<\/strong><br data-start=\"4433\" data-end=\"4436\" \/>Environ 700 \u00e0 1000 cycles de charge.<\/p>\n<p data-start=\"4474\" data-end=\"4569\"><strong data-start=\"4474\" data-end=\"4511\">Est-ce une batterie lithium-ion ?<\/strong><br data-start=\"4511\" data-end=\"4514\" \/>Oui, une batterie lithium-ion e-bike haute performance.<\/p>\n<p data-start=\"4571\" data-end=\"4670\"><strong data-start=\"4571\" data-end=\"4611\">Est-elle adapt\u00e9e aux longs trajets ?<\/strong><br data-start=\"4611\" data-end=\"4614\" \/>Oui, parfaite pour usage quotidien et longues distances.<\/p>\n","protected":false},"excerpt":{"rendered":"<ul data-start=\"4703\" data-end=\"4985\" data-is-last-node=\"\" data-is-only-node=\"\">\n<li data-section-id=\"yp4ppy\" data-start=\"4703\" data-end=\"4757\"><span style=\"color: #99cc00;\">\u26a1 <strong>Puissance et autonomie<\/strong> : 36V 11Ah jusqu\u2019\u00e0 120 km<\/span><\/li>\n<li data-section-id=\"1by7loq\" data-start=\"4758\" data-end=\"4819\"><span style=\"color: #99cc00;\">\ud83d\udd0b <strong>Technologie et s\u00e9curit\u00e9<\/strong> : Lithium-ion avec BMS int\u00e9gr\u00e9<\/span><\/li>\n<li data-section-id=\"5h65b4\" data-start=\"4820\" data-end=\"4877\"><span style=\"color: #99cc00;\">\ud83d\udeb2 <strong>Compatibilit\u00e9<\/strong> : V\u00e9los Gazelle et moteurs Panasonic<\/span><\/li>\n<li data-section-id=\"1lmy1gz\" data-start=\"4878\" data-end=\"4985\" data-is-last-node=\"\"><span style=\"color: #99cc00;\">\ud83d\udcb0 <strong>Avantage principal<\/strong> : Batterie v\u00e9lo 36V pas cher fiable et durable, excellente performance et long\u00e9vit\u00e9.<\/span><\/li>\n<\/ul>\n<p data-start=\"3674\" data-end=\"3823\">Si vous cherchez une <strong data-start=\"3695\" data-end=\"3736\">batterie v\u00e9lo \u00e9lectrique longue dur\u00e9e<\/strong> offrant un excellent rapport qualit\u00e9\/prix, ce mod\u00e8le est une r\u00e9f\u00e9rence incontournable.<\/p>\n<p data-start=\"3825\" data-end=\"3957\">\ud83d\udc49 Passez \u00e0 l\u2019action d\u00e8s maintenant et redonnez une nouvelle vie \u00e0 votre v\u00e9lo \u00e9lectrique avec une batterie performante et s\u00e9curis\u00e9e.<\/p>\n","protected":false},"featured_media":28198,"comment_status":"open","ping_status":"closed","template":"","meta":[],"product_brand":[535],"product_cat":[267,271,256,109,33],"product_tag":[478,481,525],"class_list":{"0":"post-28199","1":"product","2":"type-product","3":"status-publish","4":"has-post-thumbnail","6":"product_brand-gazelle","7":"product_cat-10-15-ah-36v-batterie-porte-bagage","8":"product_cat-360-540-wh-10-15-ah-36v-batterie-porte-bagage","9":"product_cat-36v-batterie-porte-bagage","10":"product_cat-batterie-porte-bagage-batteries-de-velo-electrique-batteries-velo-electrique-autonomie-longue-duree","11":"product_cat-batteries-de-velos-batterie-pour-velo-electrique-autonomie-longue-duree","12":"product_tag-batterie-velo-electrique","13":"product_tag-batterie-velo-securite","14":"product_tag-batterie-velo-vtt-electrique","16":"first","17":"instock","18":"sale","19":"shipping-taxable","20":"purchasable","21":"product-type-simple"},"yoast_head":"<!-- This site is optimized with the Yoast SEO plugin v27.5 - https:\/\/yoast.com\/product\/yoast-seo-wordpress\/ -->\n<title>Batterie pour velos Gazelle Panasonic Gold 36V 11Ah - ateliervae.fr<\/title>\n<meta name=\"description\" content=\"Batterie v\u00e9lo 36V pas cher fiable et durable d\u00e8s 399\u20ac, autonomie longue dur\u00e9e et performance optimale pour v\u00e9lo \u00e9lectrique Gazelle.\" \/>\n<meta name=\"robots\" content=\"index, follow, max-snippet:-1, max-image-preview:large, max-video-preview:-1\" \/>\n<link rel=\"canonical\" href=\"https:\/\/ateliervae.fr\/?product=batterie-de-velo-gazelle-panasonic-gold-36v-11ah\" \/>\n<meta property=\"og:locale\" content=\"fr_FR\" \/>\n<meta property=\"og:type\" content=\"article\" \/>\n<meta property=\"og:title\" content=\"Batterie pour velos Gazelle Panasonic Gold 36V 11Ah - ateliervae.fr\" \/>\n<meta property=\"og:description\" content=\"Batterie v\u00e9lo 36V pas cher fiable et durable d\u00e8s 399\u20ac, autonomie longue dur\u00e9e et performance optimale pour v\u00e9lo \u00e9lectrique Gazelle.\" \/>\n<meta property=\"og:url\" content=\"https:\/\/ateliervae.fr\/?product=batterie-de-velo-gazelle-panasonic-gold-36v-11ah\" \/>\n<meta property=\"og:site_name\" content=\"ateliervae.fr\" \/>\n<meta property=\"article:modified_time\" content=\"2026-04-26T13:51:35+00:00\" \/>\n<meta property=\"og:image\" content=\"https:\/\/ateliervae.fr\/wp-content\/uploads\/2026\/04\/gazelle-panasonic-goud_1.png\" \/>\n\t<meta property=\"og:image:width\" content=\"360\" \/>\n\t<meta property=\"og:image:height\" content=\"360\" \/>\n\t<meta property=\"og:image:type\" content=\"image\/png\" \/>\n<meta name=\"twitter:card\" content=\"summary_large_image\" \/>\n<meta name=\"twitter:label1\" content=\"Dur\u00e9e de lecture estim\u00e9e\" \/>\n\t<meta name=\"twitter:data1\" content=\"3 minutes\" \/>\n<script type=\"application\/ld+json\" class=\"yoast-schema-graph\">{\"@context\":\"https:\\\/\\\/schema.org\",\"@graph\":[{\"@type\":\"WebPage\",\"@id\":\"https:\\\/\\\/ateliervae.fr\\\/?product=batterie-de-velo-gazelle-panasonic-gold-36v-11ah\",\"url\":\"https:\\\/\\\/ateliervae.fr\\\/?product=batterie-de-velo-gazelle-panasonic-gold-36v-11ah\",\"name\":\"Batterie pour velos Gazelle Panasonic Gold 36V 11Ah - ateliervae.fr\",\"isPartOf\":{\"@id\":\"https:\\\/\\\/ateliervae.fr\\\/#website\"},\"primaryImageOfPage\":{\"@id\":\"https:\\\/\\\/ateliervae.fr\\\/?product=batterie-de-velo-gazelle-panasonic-gold-36v-11ah#primaryimage\"},\"image\":{\"@id\":\"https:\\\/\\\/ateliervae.fr\\\/?product=batterie-de-velo-gazelle-panasonic-gold-36v-11ah#primaryimage\"},\"thumbnailUrl\":\"https:\\\/\\\/ateliervae.fr\\\/wp-content\\\/uploads\\\/2026\\\/04\\\/gazelle-panasonic-goud_1.png\",\"datePublished\":\"2026-04-24T10:55:43+00:00\",\"dateModified\":\"2026-04-26T13:51:35+00:00\",\"description\":\"Batterie v\u00e9lo 36V pas cher fiable et durable d\u00e8s 399\u20ac, autonomie longue dur\u00e9e et performance optimale pour v\u00e9lo \u00e9lectrique Gazelle.\",\"breadcrumb\":{\"@id\":\"https:\\\/\\\/ateliervae.fr\\\/?product=batterie-de-velo-gazelle-panasonic-gold-36v-11ah#breadcrumb\"},\"inLanguage\":\"fr-FR\",\"potentialAction\":[{\"@type\":\"ReadAction\",\"target\":[\"https:\\\/\\\/ateliervae.fr\\\/?product=batterie-de-velo-gazelle-panasonic-gold-36v-11ah\"]}]},{\"@type\":\"ImageObject\",\"inLanguage\":\"fr-FR\",\"@id\":\"https:\\\/\\\/ateliervae.fr\\\/?product=batterie-de-velo-gazelle-panasonic-gold-36v-11ah#primaryimage\",\"url\":\"https:\\\/\\\/ateliervae.fr\\\/wp-content\\\/uploads\\\/2026\\\/04\\\/gazelle-panasonic-goud_1.png\",\"contentUrl\":\"https:\\\/\\\/ateliervae.fr\\\/wp-content\\\/uploads\\\/2026\\\/04\\\/gazelle-panasonic-goud_1.png\",\"width\":360,\"height\":360,\"caption\":\"Batterie v\u00e9lo 36V pas cher fiable et durable\"},{\"@type\":\"BreadcrumbList\",\"@id\":\"https:\\\/\\\/ateliervae.fr\\\/?product=batterie-de-velo-gazelle-panasonic-gold-36v-11ah#breadcrumb\",\"itemListElement\":[{\"@type\":\"ListItem\",\"position\":1,\"name\":\"Home\",\"item\":\"https:\\\/\\\/ateliervae.fr\\\/\"},{\"@type\":\"ListItem\",\"position\":2,\"name\":\"Produits\",\"item\":\"https:\\\/\\\/ateliervae.fr\\\/shop\\\/\"},{\"@type\":\"ListItem\",\"position\":3,\"name\":\"Batterie pour velos Gazelle Panasonic Gold 36V 11Ah\"}]},{\"@type\":\"WebSite\",\"@id\":\"https:\\\/\\\/ateliervae.fr\\\/#website\",\"url\":\"https:\\\/\\\/ateliervae.fr\\\/\",\"name\":\"ateliervae.fr\",\"description\":\"L\u2019\u00e9nergie au c\u0153ur de vos trajets\",\"publisher\":{\"@id\":\"https:\\\/\\\/ateliervae.fr\\\/#organization\"},\"potentialAction\":[{\"@type\":\"SearchAction\",\"target\":{\"@type\":\"EntryPoint\",\"urlTemplate\":\"https:\\\/\\\/ateliervae.fr\\\/?s={search_term_string}\"},\"query-input\":{\"@type\":\"PropertyValueSpecification\",\"valueRequired\":true,\"valueName\":\"search_term_string\"}}],\"inLanguage\":\"fr-FR\"},{\"@type\":\"Organization\",\"@id\":\"https:\\\/\\\/ateliervae.fr\\\/#organization\",\"name\":\"ateliervae.fr\",\"url\":\"https:\\\/\\\/ateliervae.fr\\\/\",\"logo\":{\"@type\":\"ImageObject\",\"inLanguage\":\"fr-FR\",\"@id\":\"https:\\\/\\\/ateliervae.fr\\\/#\\\/schema\\\/logo\\\/image\\\/\",\"url\":\"https:\\\/\\\/ateliervae.fr\\\/wp-content\\\/uploads\\\/2026\\\/04\\\/ChatGPT-Image-6-avr.-2026-11_58_22.png\",\"contentUrl\":\"https:\\\/\\\/ateliervae.fr\\\/wp-content\\\/uploads\\\/2026\\\/04\\\/ChatGPT-Image-6-avr.-2026-11_58_22.png\",\"width\":1536,\"height\":1024,\"caption\":\"ateliervae.fr\"},\"image\":{\"@id\":\"https:\\\/\\\/ateliervae.fr\\\/#\\\/schema\\\/logo\\\/image\\\/\"}}]}<\/script>\n<!-- \/ Yoast SEO plugin. -->","yoast_head_json":{"title":"Batterie pour velos Gazelle Panasonic Gold 36V 11Ah - ateliervae.fr","description":"Batterie v\u00e9lo 36V pas cher fiable et durable d\u00e8s 399\u20ac, autonomie longue dur\u00e9e et performance optimale pour v\u00e9lo \u00e9lectrique Gazelle.","robots":{"index":"index","follow":"follow","max-snippet":"max-snippet:-1","max-image-preview":"max-image-preview:large","max-video-preview":"max-video-preview:-1"},"canonical":"https:\/\/ateliervae.fr\/?product=batterie-de-velo-gazelle-panasonic-gold-36v-11ah","og_locale":"fr_FR","og_type":"article","og_title":"Batterie pour velos Gazelle Panasonic Gold 36V 11Ah - ateliervae.fr","og_description":"Batterie v\u00e9lo 36V pas cher fiable et durable d\u00e8s 399\u20ac, autonomie longue dur\u00e9e et performance optimale pour v\u00e9lo \u00e9lectrique Gazelle.","og_url":"https:\/\/ateliervae.fr\/?product=batterie-de-velo-gazelle-panasonic-gold-36v-11ah","og_site_name":"ateliervae.fr","article_modified_time":"2026-04-26T13:51:35+00:00","og_image":[{"width":360,"height":360,"url":"https:\/\/ateliervae.fr\/wp-content\/uploads\/2026\/04\/gazelle-panasonic-goud_1.png","type":"image\/png"}],"twitter_card":"summary_large_image","twitter_misc":{"Dur\u00e9e de lecture estim\u00e9e":"3 minutes"},"schema":{"@context":"https:\/\/schema.org","@graph":[{"@type":"WebPage","@id":"https:\/\/ateliervae.fr\/?product=batterie-de-velo-gazelle-panasonic-gold-36v-11ah","url":"https:\/\/ateliervae.fr\/?product=batterie-de-velo-gazelle-panasonic-gold-36v-11ah","name":"Batterie pour velos Gazelle Panasonic Gold 36V 11Ah - ateliervae.fr","isPartOf":{"@id":"https:\/\/ateliervae.fr\/#website"},"primaryImageOfPage":{"@id":"https:\/\/ateliervae.fr\/?product=batterie-de-velo-gazelle-panasonic-gold-36v-11ah#primaryimage"},"image":{"@id":"https:\/\/ateliervae.fr\/?product=batterie-de-velo-gazelle-panasonic-gold-36v-11ah#primaryimage"},"thumbnailUrl":"https:\/\/ateliervae.fr\/wp-content\/uploads\/2026\/04\/gazelle-panasonic-goud_1.png","datePublished":"2026-04-24T10:55:43+00:00","dateModified":"2026-04-26T13:51:35+00:00","description":"Batterie v\u00e9lo 36V pas cher fiable et durable d\u00e8s 399\u20ac, autonomie longue dur\u00e9e et performance optimale pour v\u00e9lo \u00e9lectrique Gazelle.","breadcrumb":{"@id":"https:\/\/ateliervae.fr\/?product=batterie-de-velo-gazelle-panasonic-gold-36v-11ah#breadcrumb"},"inLanguage":"fr-FR","potentialAction":[{"@type":"ReadAction","target":["https:\/\/ateliervae.fr\/?product=batterie-de-velo-gazelle-panasonic-gold-36v-11ah"]}]},{"@type":"ImageObject","inLanguage":"fr-FR","@id":"https:\/\/ateliervae.fr\/?product=batterie-de-velo-gazelle-panasonic-gold-36v-11ah#primaryimage","url":"https:\/\/ateliervae.fr\/wp-content\/uploads\/2026\/04\/gazelle-panasonic-goud_1.png","contentUrl":"https:\/\/ateliervae.fr\/wp-content\/uploads\/2026\/04\/gazelle-panasonic-goud_1.png","width":360,"height":360,"caption":"Batterie v\u00e9lo 36V pas cher fiable et durable"},{"@type":"BreadcrumbList","@id":"https:\/\/ateliervae.fr\/?product=batterie-de-velo-gazelle-panasonic-gold-36v-11ah#breadcrumb","itemListElement":[{"@type":"ListItem","position":1,"name":"Home","item":"https:\/\/ateliervae.fr\/"},{"@type":"ListItem","position":2,"name":"Produits","item":"https:\/\/ateliervae.fr\/shop\/"},{"@type":"ListItem","position":3,"name":"Batterie pour velos Gazelle Panasonic Gold 36V 11Ah"}]},{"@type":"WebSite","@id":"https:\/\/ateliervae.fr\/#website","url":"https:\/\/ateliervae.fr\/","name":"ateliervae.fr","description":"L\u2019\u00e9nergie au c\u0153ur de vos trajets","publisher":{"@id":"https:\/\/ateliervae.fr\/#organization"},"potentialAction":[{"@type":"SearchAction","target":{"@type":"EntryPoint","urlTemplate":"https:\/\/ateliervae.fr\/?s={search_term_string}"},"query-input":{"@type":"PropertyValueSpecification","valueRequired":true,"valueName":"search_term_string"}}],"inLanguage":"fr-FR"},{"@type":"Organization","@id":"https:\/\/ateliervae.fr\/#organization","name":"ateliervae.fr","url":"https:\/\/ateliervae.fr\/","logo":{"@type":"ImageObject","inLanguage":"fr-FR","@id":"https:\/\/ateliervae.fr\/#\/schema\/logo\/image\/","url":"https:\/\/ateliervae.fr\/wp-content\/uploads\/2026\/04\/ChatGPT-Image-6-avr.-2026-11_58_22.png","contentUrl":"https:\/\/ateliervae.fr\/wp-content\/uploads\/2026\/04\/ChatGPT-Image-6-avr.-2026-11_58_22.png","width":1536,"height":1024,"caption":"ateliervae.fr"},"image":{"@id":"https:\/\/ateliervae.fr\/#\/schema\/logo\/image\/"}}]}},"_links":{"self":[{"href":"https:\/\/ateliervae.fr\/index.php?rest_route=\/wp\/v2\/product\/28199","targetHints":{"allow":["GET"]}}],"collection":[{"href":"https:\/\/ateliervae.fr\/index.php?rest_route=\/wp\/v2\/product"}],"about":[{"href":"https:\/\/ateliervae.fr\/index.php?rest_route=\/wp\/v2\/types\/product"}],"replies":[{"embeddable":true,"href":"https:\/\/ateliervae.fr\/index.php?rest_route=%2Fwp%2Fv2%2Fcomments&post=28199"}],"version-history":[{"count":2,"href":"https:\/\/ateliervae.fr\/index.php?rest_route=\/wp\/v2\/product\/28199\/revisions"}],"predecessor-version":[{"id":28249,"href":"https:\/\/ateliervae.fr\/index.php?rest_route=\/wp\/v2\/product\/28199\/revisions\/28249"}],"wp:featuredmedia":[{"embeddable":true,"href":"https:\/\/ateliervae.fr\/index.php?rest_route=\/wp\/v2\/media\/28198"}],"wp:attachment":[{"href":"https:\/\/ateliervae.fr\/index.php?rest_route=%2Fwp%2Fv2%2Fmedia&parent=28199"}],"wp:term":[{"taxonomy":"product_brand","embeddable":true,"href":"https:\/\/ateliervae.fr\/index.php?rest_route=%2Fwp%2Fv2%2Fproduct_brand&post=28199"},{"taxonomy":"product_cat","embeddable":true,"href":"https:\/\/ateliervae.fr\/index.php?rest_route=%2Fwp%2Fv2%2Fproduct_cat&post=28199"},{"taxonomy":"product_tag","embeddable":true,"href":"https:\/\/ateliervae.fr\/index.php?rest_route=%2Fwp%2Fv2%2Fproduct_tag&post=28199"}],"curies":[{"name":"wp","href":"https:\/\/api.w.org\/{rel}","templated":true}]}}