{"id":28193,"date":"2026-04-24T10:55:42","date_gmt":"2026-04-24T10:55:42","guid":{"rendered":"https:\/\/ateliervae.fr\/?product=batterie-de-velo-compatible-gazelle-innergy-gold-36v-13ah"},"modified":"2026-04-26T15:16:43","modified_gmt":"2026-04-26T15:16:43","slug":"batterie-36v-velo-electrique-fiable-autonomie-gazelle-13ah-innergy-gold","status":"publish","type":"product","link":"https:\/\/ateliervae.fr\/?product=batterie-36v-velo-electrique-fiable-autonomie-gazelle-13ah-innergy-gold","title":{"rendered":"{ Batterie pour velos Gazelle Innergy Gold 36V 13Ah}"},"content":{"rendered":"<h2 data-section-id=\"w9kl81\" data-start=\"235\" data-end=\"277\"><span role=\"text\"><strong data-start=\"238\" data-end=\"277\">1. Description d\u00e9taill\u00e9e du produit<\/strong><\/span><\/h2>\n<p data-start=\"279\" data-end=\"634\">La <strong data-start=\"282\" data-end=\"345\">batterie pour v\u00e9lo \u00e9lectrique Gazelle Innergy Gold 36V 13Ah<\/strong> est une solution haut de gamme con\u00e7ue pour offrir une alimentation stable, une excellente autonomie et une compatibilit\u00e9 optimale avec les v\u00e9los \u00e9lectriques de la marque Gazelle. Il s\u2019agit d\u2019une <strong data-start=\"541\" data-end=\"577\">batterie lithium-ion pour e-bike<\/strong>, reconnue pour sa l\u00e9g\u00e8ret\u00e9, sa s\u00e9curit\u00e9 et sa long\u00e9vit\u00e9.<\/p>\n<p data-start=\"636\" data-end=\"936\">Cette batterie est sp\u00e9cialement pens\u00e9e pour les cyclistes urbains et les longues distances. Gr\u00e2ce \u00e0 sa capacit\u00e9 de <strong data-start=\"751\" data-end=\"781\">13Ah et son voltage de 36V<\/strong>, elle assure une excellente <strong data-start=\"810\" data-end=\"848\">autonomie batterie v\u00e9lo \u00e9lectrique<\/strong>, id\u00e9ale pour les trajets quotidiens, les randonn\u00e9es ou les d\u00e9placements professionnels.<\/p>\n<div><\/div>\n<h2 data-section-id=\"15c931f\" data-start=\"1638\" data-end=\"1673\"><span role=\"text\"><strong data-start=\"1641\" data-end=\"1673\">2. Tableau technique complet<\/strong><\/span><\/h2>\n<div class=\"TyagGW_tableContainer\">\n<div class=\"group TyagGW_tableWrapper flex flex-col-reverse w-fit\" tabindex=\"-1\">\n<table class=\"w-fit min-w-(--thread-content-width)\" data-start=\"1675\" data-end=\"2231\">\n<thead data-start=\"1675\" data-end=\"1703\">\n<tr data-start=\"1675\" data-end=\"1703\">\n<th class=\"\" data-start=\"1675\" data-end=\"1693\" data-col-size=\"sm\">Caract\u00e9ristique<\/th>\n<th class=\"\" data-start=\"1693\" data-end=\"1703\" data-col-size=\"sm\">D\u00e9tail<\/th>\n<\/tr>\n<\/thead>\n<tbody data-start=\"1732\" data-end=\"2231\">\n<tr data-start=\"1732\" data-end=\"1766\">\n<td data-start=\"1732\" data-end=\"1751\" data-col-size=\"sm\">Type de batterie<\/td>\n<td data-start=\"1751\" data-end=\"1766\" data-col-size=\"sm\">Lithium-ion<\/td>\n<\/tr>\n<tr data-start=\"1767\" data-end=\"1805\">\n<td data-start=\"1767\" data-end=\"1781\" data-col-size=\"sm\">Technologie<\/td>\n<td data-start=\"1781\" data-end=\"1805\" data-col-size=\"sm\">Li-ion haute densit\u00e9<\/td>\n<\/tr>\n<tr data-start=\"1806\" data-end=\"1823\">\n<td data-start=\"1806\" data-end=\"1816\" data-col-size=\"sm\">Voltage<\/td>\n<td data-start=\"1816\" data-end=\"1823\" data-col-size=\"sm\">36V<\/td>\n<\/tr>\n<tr data-start=\"1824\" data-end=\"1843\">\n<td data-start=\"1824\" data-end=\"1835\" data-col-size=\"sm\">Capacit\u00e9<\/td>\n<td data-start=\"1835\" data-end=\"1843\" data-col-size=\"sm\">13Ah<\/td>\n<\/tr>\n<tr data-start=\"1844\" data-end=\"1864\">\n<td data-start=\"1844\" data-end=\"1854\" data-col-size=\"sm\">\u00c9nergie<\/td>\n<td data-start=\"1854\" data-end=\"1864\" data-col-size=\"sm\">~468Wh<\/td>\n<\/tr>\n<tr data-start=\"1865\" data-end=\"1900\">\n<td data-start=\"1865\" data-end=\"1885\" data-col-size=\"sm\">Autonomie estim\u00e9e<\/td>\n<td data-start=\"1885\" data-end=\"1900\" data-col-size=\"sm\">50 \u00e0 120 km<\/td>\n<\/tr>\n<tr data-start=\"1901\" data-end=\"1935\">\n<td data-start=\"1901\" data-end=\"1919\" data-col-size=\"sm\">Temps de charge<\/td>\n<td data-start=\"1919\" data-end=\"1935\" data-col-size=\"sm\">4 \u00e0 6 heures<\/td>\n<\/tr>\n<tr data-start=\"1936\" data-end=\"1971\">\n<td data-start=\"1936\" data-end=\"1951\" data-col-size=\"sm\">Dur\u00e9e de vie<\/td>\n<td data-start=\"1951\" data-end=\"1971\" data-col-size=\"sm\">500 \u00e0 800 cycles<\/td>\n<\/tr>\n<tr data-start=\"1972\" data-end=\"2017\">\n<td data-start=\"1972\" data-end=\"1988\" data-col-size=\"sm\">Compatibilit\u00e9<\/td>\n<td data-start=\"1988\" data-end=\"2017\" data-col-size=\"sm\">V\u00e9lo Gazelle Innergy Gold<\/td>\n<\/tr>\n<tr data-start=\"2018\" data-end=\"2056\">\n<td data-start=\"2018\" data-end=\"2040\" data-col-size=\"sm\">Syst\u00e8me de fixation<\/td>\n<td data-start=\"2040\" data-end=\"2056\" data-col-size=\"sm\">Rail int\u00e9gr\u00e9<\/td>\n<\/tr>\n<tr data-start=\"2057\" data-end=\"2074\">\n<td data-start=\"2057\" data-end=\"2065\" data-col-size=\"sm\">Poids<\/td>\n<td data-start=\"2065\" data-end=\"2074\" data-col-size=\"sm\">~3 kg<\/td>\n<\/tr>\n<tr data-start=\"2075\" data-end=\"2105\">\n<td data-start=\"2075\" data-end=\"2089\" data-col-size=\"sm\">Emplacement<\/td>\n<td data-start=\"2089\" data-end=\"2105\" data-col-size=\"sm\">Porte-bagage<\/td>\n<\/tr>\n<tr data-start=\"2106\" data-end=\"2134\">\n<td data-start=\"2106\" data-end=\"2113\" data-col-size=\"sm\">Type<\/td>\n<td data-start=\"2113\" data-end=\"2134\" data-col-size=\"sm\">Batterie amovible<\/td>\n<\/tr>\n<tr data-start=\"2135\" data-end=\"2161\">\n<td data-start=\"2135\" data-end=\"2146\" data-col-size=\"sm\">S\u00e9curit\u00e9<\/td>\n<td data-start=\"2146\" data-end=\"2161\" data-col-size=\"sm\">BMS int\u00e9gr\u00e9<\/td>\n<\/tr>\n<tr data-start=\"2162\" data-end=\"2207\">\n<td data-start=\"2162\" data-end=\"2190\" data-col-size=\"sm\">Temp\u00e9rature d\u2019utilisation<\/td>\n<td data-start=\"2190\" data-end=\"2207\" data-col-size=\"sm\">-10\u00b0C \u00e0 +45\u00b0C<\/td>\n<\/tr>\n<tr data-start=\"2208\" data-end=\"2231\">\n<td data-start=\"2208\" data-end=\"2216\" data-col-size=\"sm\">Gamme<\/td>\n<td data-start=\"2216\" data-end=\"2231\" data-col-size=\"sm\">OEM Gazelle<\/td>\n<\/tr>\n<\/tbody>\n<\/table>\n<\/div>\n<\/div>\n<h3 data-section-id=\"1v6rdsb\" data-start=\"2426\" data-end=\"2448\"><\/h3>\n<h2 data-section-id=\"1plakq2\" data-start=\"2567\" data-end=\"2595\"><span role=\"text\"><strong data-start=\"2570\" data-end=\"2595\">3. Tableau comparatif<\/strong><\/span><\/h2>\n<div class=\"TyagGW_tableContainer\">\n<div class=\"group TyagGW_tableWrapper flex flex-col-reverse w-fit\" tabindex=\"-1\">\n<table class=\"w-fit min-w-(--thread-content-width)\" data-start=\"2597\" data-end=\"3118\">\n<thead data-start=\"2597\" data-end=\"2707\">\n<tr data-start=\"2597\" data-end=\"2707\">\n<th class=\"\" data-start=\"2597\" data-end=\"2606\" data-col-size=\"sm\">Mod\u00e8le<\/th>\n<th class=\"\" data-start=\"2606\" data-end=\"2625\" data-col-size=\"sm\">Type de batterie<\/th>\n<th class=\"\" data-start=\"2625\" data-end=\"2646\" data-col-size=\"sm\">Voltage \/ capacit\u00e9<\/th>\n<th class=\"\" data-start=\"2646\" data-end=\"2658\" data-col-size=\"sm\">Autonomie<\/th>\n<th class=\"\" data-start=\"2658\" data-end=\"2674\" data-col-size=\"sm\">Compatibilit\u00e9<\/th>\n<th class=\"\" data-start=\"2674\" data-end=\"2682\" data-col-size=\"sm\">Poids<\/th>\n<th class=\"\" data-start=\"2682\" data-end=\"2707\" data-col-size=\"sm\">Prix TTC constructeur<\/th>\n<\/tr>\n<\/thead>\n<tbody data-start=\"2821\" data-end=\"3118\">\n<tr data-start=\"2821\" data-end=\"2926\">\n<td data-start=\"2821\" data-end=\"2853\" data-col-size=\"sm\">Gazelle Innergy Gold 36V 13Ah<\/td>\n<td data-start=\"2853\" data-end=\"2867\" data-col-size=\"sm\">Lithium-ion<\/td>\n<td data-start=\"2867\" data-end=\"2880\" data-col-size=\"sm\">36V \/ 13Ah<\/td>\n<td data-start=\"2880\" data-end=\"2892\" data-col-size=\"sm\">50\u2013120 km<\/td>\n<td data-start=\"2892\" data-end=\"2910\" data-col-size=\"sm\">Gazelle Innergy<\/td>\n<td data-start=\"2910\" data-end=\"2917\" data-col-size=\"sm\">3 kg<\/td>\n<td data-start=\"2917\" data-end=\"2926\" data-col-size=\"sm\">450 \u20ac<\/td>\n<\/tr>\n<tr data-start=\"2927\" data-end=\"3019\">\n<td data-start=\"2927\" data-end=\"2949\" data-col-size=\"sm\"><a href=\"https:\/\/ateliervae.fr\/?product=bosch-powerpack-400-classic-cadre-36v-11ah\">Bosch PowerPack 400<\/a><\/td>\n<td data-start=\"2949\" data-end=\"2963\" data-col-size=\"sm\">Lithium-ion<\/td>\n<td data-start=\"2963\" data-end=\"2976\" data-col-size=\"sm\">36V \/ 11Ah<\/td>\n<td data-start=\"2976\" data-end=\"2988\" data-col-size=\"sm\">40\u2013100 km<\/td>\n<td data-start=\"2988\" data-end=\"3001\" data-col-size=\"sm\">V\u00e9lo Bosch<\/td>\n<td data-start=\"3001\" data-end=\"3010\" data-col-size=\"sm\">2.6 kg<\/td>\n<td data-start=\"3010\" data-end=\"3019\" data-col-size=\"sm\">499 \u20ac<\/td>\n<\/tr>\n<tr data-start=\"3020\" data-end=\"3118\">\n<td data-start=\"3020\" data-end=\"3045\" data-col-size=\"sm\"><a href=\"https:\/\/ateliervae.fr\/?product=batterie-shimano-steps-bt-e8010-14ah-gris\">Shimano Steps BT-E8010<\/a><\/td>\n<td data-start=\"3045\" data-end=\"3059\" data-col-size=\"sm\">Lithium-ion<\/td>\n<td data-start=\"3059\" data-end=\"3072\" data-col-size=\"sm\">36V \/ 14Ah<\/td>\n<td data-start=\"3072\" data-end=\"3084\" data-col-size=\"sm\">60\u2013130 km<\/td>\n<td data-start=\"3084\" data-end=\"3100\" data-col-size=\"sm\">Shimano Steps<\/td>\n<td data-start=\"3100\" data-end=\"3109\" data-col-size=\"sm\">3.2 kg<\/td>\n<td data-start=\"3109\" data-end=\"3118\" data-col-size=\"sm\">520 \u20ac<\/td>\n<\/tr>\n<\/tbody>\n<\/table>\n<\/div>\n<\/div>\n<div><\/div>\n<h2 data-section-id=\"welx0\" data-start=\"3573\" data-end=\"3612\"><span role=\"text\"><strong data-start=\"3576\" data-end=\"3612\">4. Conclusion\u00a0<\/strong><\/span><\/h2>\n<p data-start=\"3614\" data-end=\"3958\">La <strong data-start=\"3617\" data-end=\"3659\">batterie Gazelle Innergy Gold 36V 13Ah<\/strong> est un choix id\u00e9al pour tous les cyclistes recherchant une <strong data-start=\"3719\" data-end=\"3764\">batterie v\u00e9lo \u00e9lectrique fiable autonomie<\/strong>, performante et durable. Gr\u00e2ce \u00e0 sa technologie lithium-ion avanc\u00e9e, elle garantit une excellente stabilit\u00e9 \u00e9nerg\u00e9tique et une autonomie adapt\u00e9e aux trajets urbains comme aux longues distances.<\/p>\n<h2 data-section-id=\"1b6co5k\" data-start=\"4239\" data-end=\"4252\"><span role=\"text\"><strong data-start=\"4242\" data-end=\"4252\">5. FAQ<\/strong><\/span><\/h2>\n<p data-start=\"4254\" data-end=\"4360\"><strong data-start=\"4254\" data-end=\"4297\">Quelle autonomie offre cette batterie ?<\/strong><br data-start=\"4297\" data-end=\"4300\" \/>Entre 50 et 120 km selon le mode d\u2019assistance et le terrain.<\/p>\n<p data-start=\"4362\" data-end=\"4475\"><strong data-start=\"4362\" data-end=\"4407\">Est-elle compatible avec tous les v\u00e9los ?<\/strong><br data-start=\"4407\" data-end=\"4410\" \/>Non, elle est sp\u00e9cialement con\u00e7ue pour les v\u00e9los Gazelle Innergy.<\/p>\n<p data-start=\"4477\" data-end=\"4547\"><strong data-start=\"4477\" data-end=\"4523\">Combien de temps dure la charge compl\u00e8te ?<\/strong><br data-start=\"4523\" data-end=\"4526\" \/>Environ 4 \u00e0 6 heures.<\/p>\n<p data-start=\"4549\" data-end=\"4646\"><strong data-start=\"4549\" data-end=\"4594\">Peut-on remplacer une ancienne batterie ?<\/strong><br data-start=\"4594\" data-end=\"4597\" \/>Oui, si elle est du m\u00eame syst\u00e8me Gazelle Innergy.<\/p>\n<p data-start=\"4648\" data-end=\"4718\"><strong data-start=\"4648\" data-end=\"4680\">Quelle est sa dur\u00e9e de vie ?<\/strong><br data-start=\"4680\" data-end=\"4683\" \/>Environ 500 \u00e0 800 cycles de charge.<\/p>\n<p data-start=\"4720\" data-end=\"4815\"><strong data-start=\"4720\" data-end=\"4756\">La batterie est-elle s\u00e9curis\u00e9e ?<\/strong><br data-start=\"4756\" data-end=\"4759\" \/>Oui, elle int\u00e8gre un BMS contre surcharge et surchauffe.<\/p>\n","protected":false},"excerpt":{"rendered":"<ul data-start=\"4852\" data-end=\"5116\">\n<li data-section-id=\"d32kv7\" data-start=\"4852\" data-end=\"4911\"><span style=\"color: #99cc00;\">\ud83d\udd0b <strong data-start=\"4857\" data-end=\"4883\">Puissance et autonomie<\/strong> : 36V 13Ah jusqu\u2019\u00e0 120 km<\/span><\/li>\n<li data-section-id=\"1cmewep\" data-start=\"4912\" data-end=\"4978\"><span style=\"color: #99cc00;\">\u2699\ufe0f <strong data-start=\"4917\" data-end=\"4944\">Technologie et s\u00e9curit\u00e9<\/strong> : Lithium-ion + BMS intelligent<\/span><\/li>\n<li data-section-id=\"li4dcz\" data-start=\"4979\" data-end=\"5031\"><span style=\"color: #99cc00;\">\ud83d\udeb2 <strong data-start=\"4984\" data-end=\"5001\">Compatibilit\u00e9<\/strong> : V\u00e9lo Gazelle Innergy Gold<\/span><\/li>\n<li data-section-id=\"pc7k4c\" data-start=\"5032\" data-end=\"5116\"><span style=\"color: #99cc00;\">\u2b50 <strong data-start=\"5036\" data-end=\"5058\">Avantage principal<\/strong> : autonomie fiable et longue dur\u00e9e pour usage quotidien<\/span><\/li>\n<\/ul>\n<p data-start=\"3960\" data-end=\"4133\">Si vous souhaitez remplacer ou am\u00e9liorer la batterie de votre v\u00e9lo Gazelle, ce mod\u00e8le repr\u00e9sente un excellent investissement en termes de performance, s\u00e9curit\u00e9 et long\u00e9vit\u00e9.<\/p>\n<p data-start=\"4135\" data-end=\"4232\">\ud83d\udc49 <strong data-start=\"4138\" data-end=\"4232\">Passez \u00e0 une autonomie sup\u00e9rieure et redonnez vie \u00e0 votre v\u00e9lo \u00e9lectrique d\u00e8s aujourd\u2019hui.<\/strong><\/p>\n","protected":false},"featured_media":28192,"comment_status":"open","ping_status":"closed","template":"","meta":[],"product_brand":[535],"product_cat":[267,271,256,109,33],"product_tag":[522,480,525],"class_list":{"0":"post-28193","1":"product","2":"type-product","3":"status-publish","4":"has-post-thumbnail","6":"product_brand-gazelle","7":"product_cat-10-15-ah-36v-batterie-porte-bagage","8":"product_cat-360-540-wh-10-15-ah-36v-batterie-porte-bagage","9":"product_cat-36v-batterie-porte-bagage","10":"product_cat-batterie-porte-bagage","11":"product_cat-batteries-de-velos","12":"product_tag-batterie-velo-assistance-electrique-puissante-fiable","13":"product_tag-batterie-velo-resistante","14":"product_tag-batterie-velo-vtt-electrique","16":"first","17":"instock","18":"sale","19":"shipping-taxable","20":"purchasable","21":"product-type-simple"},"yoast_head":"<!-- This site is optimized with the Yoast SEO plugin v27.5 - https:\/\/yoast.com\/product\/yoast-seo-wordpress\/ -->\n<title>{ Batterie pour velos Gazelle Innergy Gold 36V 13Ah} - ateliervae.fr<\/title>\n<meta name=\"description\" content=\"Batterie 36V v\u00e9lo \u00e9lectrique fiable autonomie Gazelle 13Ah Innergy Gold. Prix estim\u00e9 350\u2013500\u20ac, grande autonomie et performance durable.\" \/>\n<meta name=\"robots\" content=\"index, follow, max-snippet:-1, max-image-preview:large, max-video-preview:-1\" \/>\n<link rel=\"canonical\" href=\"https:\/\/ateliervae.fr\/?product=batterie-36v-velo-electrique-fiable-autonomie-gazelle-13ah-innergy-gold\" \/>\n<meta property=\"og:locale\" content=\"fr_FR\" \/>\n<meta property=\"og:type\" content=\"article\" \/>\n<meta property=\"og:title\" content=\"{ Batterie pour velos Gazelle Innergy Gold 36V 13Ah} - ateliervae.fr\" \/>\n<meta property=\"og:description\" content=\"Batterie 36V v\u00e9lo \u00e9lectrique fiable autonomie Gazelle 13Ah Innergy Gold. Prix estim\u00e9 350\u2013500\u20ac, grande autonomie et performance durable.\" \/>\n<meta property=\"og:url\" content=\"https:\/\/ateliervae.fr\/?product=batterie-36v-velo-electrique-fiable-autonomie-gazelle-13ah-innergy-gold\" \/>\n<meta property=\"og:site_name\" content=\"ateliervae.fr\" \/>\n<meta property=\"article:modified_time\" content=\"2026-04-26T15:16:43+00:00\" \/>\n<meta property=\"og:image\" content=\"https:\/\/ateliervae.fr\/wp-content\/uploads\/2026\/04\/gazelle_innergy_compatible_naast_oplader_1.jpg\" \/>\n\t<meta property=\"og:image:width\" content=\"360\" \/>\n\t<meta property=\"og:image:height\" content=\"360\" \/>\n\t<meta property=\"og:image:type\" content=\"image\/jpeg\" \/>\n<meta name=\"twitter:card\" content=\"summary_large_image\" \/>\n<meta name=\"twitter:label1\" content=\"Dur\u00e9e de lecture estim\u00e9e\" \/>\n\t<meta name=\"twitter:data1\" content=\"3 minutes\" \/>\n<script type=\"application\/ld+json\" class=\"yoast-schema-graph\">{\"@context\":\"https:\\\/\\\/schema.org\",\"@graph\":[{\"@type\":\"WebPage\",\"@id\":\"https:\\\/\\\/ateliervae.fr\\\/?product=batterie-36v-velo-electrique-fiable-autonomie-gazelle-13ah-innergy-gold\",\"url\":\"https:\\\/\\\/ateliervae.fr\\\/?product=batterie-36v-velo-electrique-fiable-autonomie-gazelle-13ah-innergy-gold\",\"name\":\"{ Batterie pour velos Gazelle Innergy Gold 36V 13Ah} - ateliervae.fr\",\"isPartOf\":{\"@id\":\"https:\\\/\\\/ateliervae.fr\\\/#website\"},\"primaryImageOfPage\":{\"@id\":\"https:\\\/\\\/ateliervae.fr\\\/?product=batterie-36v-velo-electrique-fiable-autonomie-gazelle-13ah-innergy-gold#primaryimage\"},\"image\":{\"@id\":\"https:\\\/\\\/ateliervae.fr\\\/?product=batterie-36v-velo-electrique-fiable-autonomie-gazelle-13ah-innergy-gold#primaryimage\"},\"thumbnailUrl\":\"https:\\\/\\\/ateliervae.fr\\\/wp-content\\\/uploads\\\/2026\\\/04\\\/gazelle_innergy_compatible_naast_oplader_1.jpg\",\"datePublished\":\"2026-04-24T10:55:42+00:00\",\"dateModified\":\"2026-04-26T15:16:43+00:00\",\"description\":\"Batterie 36V v\u00e9lo \u00e9lectrique fiable autonomie Gazelle 13Ah Innergy Gold. Prix estim\u00e9 350\u2013500\u20ac, grande autonomie et performance durable.\",\"breadcrumb\":{\"@id\":\"https:\\\/\\\/ateliervae.fr\\\/?product=batterie-36v-velo-electrique-fiable-autonomie-gazelle-13ah-innergy-gold#breadcrumb\"},\"inLanguage\":\"fr-FR\",\"potentialAction\":[{\"@type\":\"ReadAction\",\"target\":[\"https:\\\/\\\/ateliervae.fr\\\/?product=batterie-36v-velo-electrique-fiable-autonomie-gazelle-13ah-innergy-gold\"]}]},{\"@type\":\"ImageObject\",\"inLanguage\":\"fr-FR\",\"@id\":\"https:\\\/\\\/ateliervae.fr\\\/?product=batterie-36v-velo-electrique-fiable-autonomie-gazelle-13ah-innergy-gold#primaryimage\",\"url\":\"https:\\\/\\\/ateliervae.fr\\\/wp-content\\\/uploads\\\/2026\\\/04\\\/gazelle_innergy_compatible_naast_oplader_1.jpg\",\"contentUrl\":\"https:\\\/\\\/ateliervae.fr\\\/wp-content\\\/uploads\\\/2026\\\/04\\\/gazelle_innergy_compatible_naast_oplader_1.jpg\",\"width\":360,\"height\":360,\"caption\":\"batterie 36V v\u00e9lo \u00e9lectrique fiable autonomie\"},{\"@type\":\"BreadcrumbList\",\"@id\":\"https:\\\/\\\/ateliervae.fr\\\/?product=batterie-36v-velo-electrique-fiable-autonomie-gazelle-13ah-innergy-gold#breadcrumb\",\"itemListElement\":[{\"@type\":\"ListItem\",\"position\":1,\"name\":\"Home\",\"item\":\"https:\\\/\\\/ateliervae.fr\\\/\"},{\"@type\":\"ListItem\",\"position\":2,\"name\":\"Produits\",\"item\":\"https:\\\/\\\/ateliervae.fr\\\/shop\\\/\"},{\"@type\":\"ListItem\",\"position\":3,\"name\":\"{ Batterie pour velos Gazelle Innergy Gold 36V 13Ah}\"}]},{\"@type\":\"WebSite\",\"@id\":\"https:\\\/\\\/ateliervae.fr\\\/#website\",\"url\":\"https:\\\/\\\/ateliervae.fr\\\/\",\"name\":\"ateliervae.fr\",\"description\":\"L\u2019\u00e9nergie au c\u0153ur de vos trajets\",\"publisher\":{\"@id\":\"https:\\\/\\\/ateliervae.fr\\\/#organization\"},\"potentialAction\":[{\"@type\":\"SearchAction\",\"target\":{\"@type\":\"EntryPoint\",\"urlTemplate\":\"https:\\\/\\\/ateliervae.fr\\\/?s={search_term_string}\"},\"query-input\":{\"@type\":\"PropertyValueSpecification\",\"valueRequired\":true,\"valueName\":\"search_term_string\"}}],\"inLanguage\":\"fr-FR\"},{\"@type\":\"Organization\",\"@id\":\"https:\\\/\\\/ateliervae.fr\\\/#organization\",\"name\":\"ateliervae.fr\",\"url\":\"https:\\\/\\\/ateliervae.fr\\\/\",\"logo\":{\"@type\":\"ImageObject\",\"inLanguage\":\"fr-FR\",\"@id\":\"https:\\\/\\\/ateliervae.fr\\\/#\\\/schema\\\/logo\\\/image\\\/\",\"url\":\"https:\\\/\\\/ateliervae.fr\\\/wp-content\\\/uploads\\\/2026\\\/04\\\/ChatGPT-Image-6-avr.-2026-11_58_22.png\",\"contentUrl\":\"https:\\\/\\\/ateliervae.fr\\\/wp-content\\\/uploads\\\/2026\\\/04\\\/ChatGPT-Image-6-avr.-2026-11_58_22.png\",\"width\":1536,\"height\":1024,\"caption\":\"ateliervae.fr\"},\"image\":{\"@id\":\"https:\\\/\\\/ateliervae.fr\\\/#\\\/schema\\\/logo\\\/image\\\/\"}}]}<\/script>\n<!-- \/ Yoast SEO plugin. -->","yoast_head_json":{"title":"{ Batterie pour velos Gazelle Innergy Gold 36V 13Ah} - ateliervae.fr","description":"Batterie 36V v\u00e9lo \u00e9lectrique fiable autonomie Gazelle 13Ah Innergy Gold. Prix estim\u00e9 350\u2013500\u20ac, grande autonomie et performance durable.","robots":{"index":"index","follow":"follow","max-snippet":"max-snippet:-1","max-image-preview":"max-image-preview:large","max-video-preview":"max-video-preview:-1"},"canonical":"https:\/\/ateliervae.fr\/?product=batterie-36v-velo-electrique-fiable-autonomie-gazelle-13ah-innergy-gold","og_locale":"fr_FR","og_type":"article","og_title":"{ Batterie pour velos Gazelle Innergy Gold 36V 13Ah} - ateliervae.fr","og_description":"Batterie 36V v\u00e9lo \u00e9lectrique fiable autonomie Gazelle 13Ah Innergy Gold. Prix estim\u00e9 350\u2013500\u20ac, grande autonomie et performance durable.","og_url":"https:\/\/ateliervae.fr\/?product=batterie-36v-velo-electrique-fiable-autonomie-gazelle-13ah-innergy-gold","og_site_name":"ateliervae.fr","article_modified_time":"2026-04-26T15:16:43+00:00","og_image":[{"width":360,"height":360,"url":"https:\/\/ateliervae.fr\/wp-content\/uploads\/2026\/04\/gazelle_innergy_compatible_naast_oplader_1.jpg","type":"image\/jpeg"}],"twitter_card":"summary_large_image","twitter_misc":{"Dur\u00e9e de lecture estim\u00e9e":"3 minutes"},"schema":{"@context":"https:\/\/schema.org","@graph":[{"@type":"WebPage","@id":"https:\/\/ateliervae.fr\/?product=batterie-36v-velo-electrique-fiable-autonomie-gazelle-13ah-innergy-gold","url":"https:\/\/ateliervae.fr\/?product=batterie-36v-velo-electrique-fiable-autonomie-gazelle-13ah-innergy-gold","name":"{ Batterie pour velos Gazelle Innergy Gold 36V 13Ah} - ateliervae.fr","isPartOf":{"@id":"https:\/\/ateliervae.fr\/#website"},"primaryImageOfPage":{"@id":"https:\/\/ateliervae.fr\/?product=batterie-36v-velo-electrique-fiable-autonomie-gazelle-13ah-innergy-gold#primaryimage"},"image":{"@id":"https:\/\/ateliervae.fr\/?product=batterie-36v-velo-electrique-fiable-autonomie-gazelle-13ah-innergy-gold#primaryimage"},"thumbnailUrl":"https:\/\/ateliervae.fr\/wp-content\/uploads\/2026\/04\/gazelle_innergy_compatible_naast_oplader_1.jpg","datePublished":"2026-04-24T10:55:42+00:00","dateModified":"2026-04-26T15:16:43+00:00","description":"Batterie 36V v\u00e9lo \u00e9lectrique fiable autonomie Gazelle 13Ah Innergy Gold. Prix estim\u00e9 350\u2013500\u20ac, grande autonomie et performance durable.","breadcrumb":{"@id":"https:\/\/ateliervae.fr\/?product=batterie-36v-velo-electrique-fiable-autonomie-gazelle-13ah-innergy-gold#breadcrumb"},"inLanguage":"fr-FR","potentialAction":[{"@type":"ReadAction","target":["https:\/\/ateliervae.fr\/?product=batterie-36v-velo-electrique-fiable-autonomie-gazelle-13ah-innergy-gold"]}]},{"@type":"ImageObject","inLanguage":"fr-FR","@id":"https:\/\/ateliervae.fr\/?product=batterie-36v-velo-electrique-fiable-autonomie-gazelle-13ah-innergy-gold#primaryimage","url":"https:\/\/ateliervae.fr\/wp-content\/uploads\/2026\/04\/gazelle_innergy_compatible_naast_oplader_1.jpg","contentUrl":"https:\/\/ateliervae.fr\/wp-content\/uploads\/2026\/04\/gazelle_innergy_compatible_naast_oplader_1.jpg","width":360,"height":360,"caption":"batterie 36V v\u00e9lo \u00e9lectrique fiable autonomie"},{"@type":"BreadcrumbList","@id":"https:\/\/ateliervae.fr\/?product=batterie-36v-velo-electrique-fiable-autonomie-gazelle-13ah-innergy-gold#breadcrumb","itemListElement":[{"@type":"ListItem","position":1,"name":"Home","item":"https:\/\/ateliervae.fr\/"},{"@type":"ListItem","position":2,"name":"Produits","item":"https:\/\/ateliervae.fr\/shop\/"},{"@type":"ListItem","position":3,"name":"{ Batterie pour velos Gazelle Innergy Gold 36V 13Ah}"}]},{"@type":"WebSite","@id":"https:\/\/ateliervae.fr\/#website","url":"https:\/\/ateliervae.fr\/","name":"ateliervae.fr","description":"L\u2019\u00e9nergie au c\u0153ur de vos trajets","publisher":{"@id":"https:\/\/ateliervae.fr\/#organization"},"potentialAction":[{"@type":"SearchAction","target":{"@type":"EntryPoint","urlTemplate":"https:\/\/ateliervae.fr\/?s={search_term_string}"},"query-input":{"@type":"PropertyValueSpecification","valueRequired":true,"valueName":"search_term_string"}}],"inLanguage":"fr-FR"},{"@type":"Organization","@id":"https:\/\/ateliervae.fr\/#organization","name":"ateliervae.fr","url":"https:\/\/ateliervae.fr\/","logo":{"@type":"ImageObject","inLanguage":"fr-FR","@id":"https:\/\/ateliervae.fr\/#\/schema\/logo\/image\/","url":"https:\/\/ateliervae.fr\/wp-content\/uploads\/2026\/04\/ChatGPT-Image-6-avr.-2026-11_58_22.png","contentUrl":"https:\/\/ateliervae.fr\/wp-content\/uploads\/2026\/04\/ChatGPT-Image-6-avr.-2026-11_58_22.png","width":1536,"height":1024,"caption":"ateliervae.fr"},"image":{"@id":"https:\/\/ateliervae.fr\/#\/schema\/logo\/image\/"}}]}},"_links":{"self":[{"href":"https:\/\/ateliervae.fr\/index.php?rest_route=\/wp\/v2\/product\/28193","targetHints":{"allow":["GET"]}}],"collection":[{"href":"https:\/\/ateliervae.fr\/index.php?rest_route=\/wp\/v2\/product"}],"about":[{"href":"https:\/\/ateliervae.fr\/index.php?rest_route=\/wp\/v2\/types\/product"}],"replies":[{"embeddable":true,"href":"https:\/\/ateliervae.fr\/index.php?rest_route=%2Fwp%2Fv2%2Fcomments&post=28193"}],"version-history":[{"count":2,"href":"https:\/\/ateliervae.fr\/index.php?rest_route=\/wp\/v2\/product\/28193\/revisions"}],"predecessor-version":[{"id":28265,"href":"https:\/\/ateliervae.fr\/index.php?rest_route=\/wp\/v2\/product\/28193\/revisions\/28265"}],"wp:featuredmedia":[{"embeddable":true,"href":"https:\/\/ateliervae.fr\/index.php?rest_route=\/wp\/v2\/media\/28192"}],"wp:attachment":[{"href":"https:\/\/ateliervae.fr\/index.php?rest_route=%2Fwp%2Fv2%2Fmedia&parent=28193"}],"wp:term":[{"taxonomy":"product_brand","embeddable":true,"href":"https:\/\/ateliervae.fr\/index.php?rest_route=%2Fwp%2Fv2%2Fproduct_brand&post=28193"},{"taxonomy":"product_cat","embeddable":true,"href":"https:\/\/ateliervae.fr\/index.php?rest_route=%2Fwp%2Fv2%2Fproduct_cat&post=28193"},{"taxonomy":"product_tag","embeddable":true,"href":"https:\/\/ateliervae.fr\/index.php?rest_route=%2Fwp%2Fv2%2Fproduct_tag&post=28193"}],"curies":[{"name":"wp","href":"https:\/\/api.w.org\/{rel}","templated":true}]}}