{"id":28144,"date":"2026-04-22T20:08:38","date_gmt":"2026-04-22T20:08:38","guid":{"rendered":"https:\/\/ateliervae.fr\/?product=bulls-green-mover-e45-735wh-bmz-batterie"},"modified":"2026-04-23T00:30:38","modified_gmt":"2026-04-23T00:30:38","slug":"bulls-green-mover-e45-735wh-bmz-batterie","status":"publish","type":"product","link":"https:\/\/ateliervae.fr\/?product=bulls-green-mover-e45-735wh-bmz-batterie","title":{"rendered":"Batterie pour velos BMZ Bulls Green Mover E45 735Wh"},"content":{"rendered":"<h2 data-section-id=\"10qs832\" data-start=\"208\" data-end=\"243\">Description d\u00e9taill\u00e9e du produit<\/h2>\n<p>&nbsp;<\/p>\n<p data-start=\"245\" data-end=\"687\">La <strong data-start=\"248\" data-end=\"303\">batterie pour v\u00e9los BMZ Bulls Green Mover E45 735Wh<\/strong> est une solution id\u00e9ale pour les cyclistes exigeants \u00e0 la recherche d\u2019une <strong data-start=\"378\" data-end=\"410\">batterie haute capacit\u00e9 v\u00e9lo<\/strong> offrant performance, autonomie et durabilit\u00e9. Con\u00e7ue avec une technologie <strong data-start=\"485\" data-end=\"500\">Lithium-ion<\/strong>, elle garantit une excellente densit\u00e9 \u00e9nerg\u00e9tique et une stabilit\u00e9 optimale pour tous types de trajets, qu\u2019il s\u2019agisse de d\u00e9placements urbains ou de longues randonn\u00e9es en VTT \u00e9lectrique.<\/p>\n<p data-start=\"689\" data-end=\"1001\">Gr\u00e2ce \u00e0 sa capacit\u00e9 de <strong data-start=\"712\" data-end=\"721\">735Wh<\/strong>, cette batterie assure une <strong data-start=\"749\" data-end=\"787\">autonomie batterie v\u00e9lo \u00e9lectrique<\/strong> remarquable pouvant atteindre jusqu\u2019\u00e0 150 km selon le mode d\u2019assistance et le terrain. Elle est parfaitement adapt\u00e9e aux utilisateurs recherchant une <strong data-start=\"938\" data-end=\"970\">batterie longue dur\u00e9e e-bike<\/strong> fiable pour un usage intensif.<\/p>\n<p data-start=\"1003\" data-end=\"1275\">Cette batterie s\u2019int\u00e8gre facilement sur les v\u00e9los compatibles Bulls Green Mover E45 et offre une recharge efficace. Sa conception robuste inclut un syst\u00e8me <strong data-start=\"1159\" data-end=\"1194\">BMS (Battery Management System)<\/strong> garantissant la s\u00e9curit\u00e9 contre les surtensions, surchauffes et courts-circuits.<\/p>\n<p data-start=\"1277\" data-end=\"1303\">Parmi ses atouts majeurs :<\/p>\n<ul data-start=\"1304\" data-end=\"1486\">\n<li data-section-id=\"b4tfpg\" data-start=\"1304\" data-end=\"1340\">Haute autonomie pour longs trajets<\/li>\n<li data-section-id=\"1bldell\" data-start=\"1341\" data-end=\"1394\">Technologie <strong data-start=\"1355\" data-end=\"1382\">batterie lithium e-bike<\/strong> performante<\/li>\n<li data-section-id=\"18x96n0\" data-start=\"1395\" data-end=\"1415\">Recharge optimis\u00e9e<\/li>\n<li data-section-id=\"k3wktz\" data-start=\"1416\" data-end=\"1440\">Dur\u00e9e de vie prolong\u00e9e<\/li>\n<li data-section-id=\"5lgtey\" data-start=\"1441\" data-end=\"1486\">Compatibilit\u00e9 sp\u00e9cifique avec moteurs Bulls<\/li>\n<\/ul>\n<p data-start=\"1488\" data-end=\"1655\">Elle repr\u00e9sente un excellent choix pour les utilisateurs souhaitant am\u00e9liorer leur exp\u00e9rience avec une <strong data-start=\"1591\" data-end=\"1632\">batterie rechargeable v\u00e9lo \u00e9lectrique<\/strong> fiable et performante.<\/p>\n<div><\/div>\n<h2 data-section-id=\"t5bigv\" data-start=\"1779\" data-end=\"1807\">Tableau technique complet<\/h2>\n<div class=\"TyagGW_tableContainer\">\n<div class=\"group TyagGW_tableWrapper flex flex-col-reverse w-fit\" tabindex=\"-1\">\n<table class=\"w-fit min-w-(--thread-content-width)\" data-start=\"1809\" data-end=\"2363\">\n<thead data-start=\"1809\" data-end=\"1837\">\n<tr data-start=\"1809\" data-end=\"1837\">\n<th class=\"\" data-start=\"1809\" data-end=\"1827\" data-col-size=\"sm\">Caract\u00e9ristique<\/th>\n<th class=\"\" data-start=\"1827\" data-end=\"1837\" data-col-size=\"sm\">D\u00e9tail<\/th>\n<\/tr>\n<\/thead>\n<tbody data-start=\"1866\" data-end=\"2363\">\n<tr data-start=\"1866\" data-end=\"1918\">\n<td data-start=\"1866\" data-end=\"1885\" data-col-size=\"sm\">Type de batterie<\/td>\n<td data-start=\"1885\" data-end=\"1918\" data-col-size=\"sm\"><a href=\"https:\/\/ateliervae.fr\/?product=bosch-powerpack-800-smart-cadre\">Batterie pour v\u00e9lo \u00e9lectrique<\/a><\/td>\n<\/tr>\n<tr data-start=\"1919\" data-end=\"1948\">\n<td data-start=\"1919\" data-end=\"1933\" data-col-size=\"sm\">Technologie<\/td>\n<td data-start=\"1933\" data-end=\"1948\" data-col-size=\"sm\">Lithium-ion<\/td>\n<\/tr>\n<tr data-start=\"1949\" data-end=\"1966\">\n<td data-start=\"1949\" data-end=\"1959\" data-col-size=\"sm\">Voltage<\/td>\n<td data-start=\"1959\" data-end=\"1966\" data-col-size=\"sm\">36V<\/td>\n<\/tr>\n<tr data-start=\"1967\" data-end=\"1996\">\n<td data-start=\"1967\" data-end=\"1978\" data-col-size=\"sm\">Capacit\u00e9<\/td>\n<td data-start=\"1978\" data-end=\"1996\" data-col-size=\"sm\">20.4Ah \/ 735Wh<\/td>\n<\/tr>\n<tr data-start=\"1997\" data-end=\"2032\">\n<td data-start=\"1997\" data-end=\"2017\" data-col-size=\"sm\">Autonomie estim\u00e9e<\/td>\n<td data-start=\"2017\" data-end=\"2032\" data-col-size=\"sm\">80 \u00e0 150 km<\/td>\n<\/tr>\n<tr data-start=\"2033\" data-end=\"2067\">\n<td data-start=\"2033\" data-end=\"2051\" data-col-size=\"sm\">Temps de charge<\/td>\n<td data-start=\"2051\" data-end=\"2067\" data-col-size=\"sm\">4 \u00e0 6 heures<\/td>\n<\/tr>\n<tr data-start=\"2068\" data-end=\"2104\">\n<td data-start=\"2068\" data-end=\"2083\" data-col-size=\"sm\">Dur\u00e9e de vie<\/td>\n<td data-start=\"2083\" data-end=\"2104\" data-col-size=\"sm\">800 \u00e0 1000 cycles<\/td>\n<\/tr>\n<tr data-start=\"2105\" data-end=\"2146\">\n<td data-start=\"2105\" data-end=\"2121\" data-col-size=\"sm\">Compatibilit\u00e9<\/td>\n<td data-start=\"2121\" data-end=\"2146\" data-col-size=\"sm\">Bulls Green Mover E45<\/td>\n<\/tr>\n<tr data-start=\"2147\" data-end=\"2186\">\n<td data-start=\"2147\" data-end=\"2169\" data-col-size=\"sm\">Syst\u00e8me de fixation<\/td>\n<td data-start=\"2169\" data-end=\"2186\" data-col-size=\"sm\">Int\u00e9gr\u00e9 cadre<\/td>\n<\/tr>\n<tr data-start=\"2187\" data-end=\"2213\">\n<td data-start=\"2187\" data-end=\"2195\" data-col-size=\"sm\">Poids<\/td>\n<td data-start=\"2195\" data-end=\"2213\" data-col-size=\"sm\">Environ 3.5 kg<\/td>\n<\/tr>\n<tr data-start=\"2214\" data-end=\"2237\">\n<td data-start=\"2214\" data-end=\"2228\" data-col-size=\"sm\">Emplacement<\/td>\n<td data-start=\"2228\" data-end=\"2237\" data-col-size=\"sm\">Cadre<\/td>\n<\/tr>\n<tr data-start=\"2238\" data-end=\"2257\">\n<td data-start=\"2238\" data-end=\"2245\" data-col-size=\"sm\">Type<\/td>\n<td data-start=\"2245\" data-end=\"2257\" data-col-size=\"sm\">Amovible<\/td>\n<\/tr>\n<tr data-start=\"2258\" data-end=\"2284\">\n<td data-start=\"2258\" data-end=\"2269\" data-col-size=\"sm\">S\u00e9curit\u00e9<\/td>\n<td data-start=\"2269\" data-end=\"2284\" data-col-size=\"sm\">BMS int\u00e9gr\u00e9<\/td>\n<\/tr>\n<tr data-start=\"2285\" data-end=\"2329\">\n<td data-start=\"2285\" data-end=\"2313\" data-col-size=\"sm\">Temp\u00e9rature d\u2019utilisation<\/td>\n<td data-start=\"2313\" data-end=\"2329\" data-col-size=\"sm\">-10\u00b0C \u00e0 45\u00b0C<\/td>\n<\/tr>\n<tr data-start=\"2330\" data-end=\"2363\">\n<td data-start=\"2330\" data-end=\"2346\" data-col-size=\"sm\">Ann\u00e9e \/ gamme<\/td>\n<td data-start=\"2346\" data-end=\"2363\" data-col-size=\"sm\">Gamme premium<\/td>\n<\/tr>\n<\/tbody>\n<\/table>\n<\/div>\n<\/div>\n<div><\/div>\n<h2 data-section-id=\"1mu3gfr\" data-start=\"2428\" data-end=\"2449\">Tableau comparatif<\/h2>\n<div class=\"TyagGW_tableContainer\">\n<div class=\"group TyagGW_tableWrapper flex flex-col-reverse w-fit\" tabindex=\"-1\">\n<table class=\"w-fit min-w-(--thread-content-width)\" data-start=\"2451\" data-end=\"2920\">\n<thead data-start=\"2451\" data-end=\"2548\">\n<tr data-start=\"2451\" data-end=\"2548\">\n<th class=\"\" data-start=\"2451\" data-end=\"2460\" data-col-size=\"sm\">Mod\u00e8le<\/th>\n<th class=\"\" data-start=\"2460\" data-end=\"2479\" data-col-size=\"sm\">Type de batterie<\/th>\n<th class=\"\" data-start=\"2479\" data-end=\"2500\" data-col-size=\"sm\">Voltage \/ capacit\u00e9<\/th>\n<th class=\"\" data-start=\"2500\" data-end=\"2512\" data-col-size=\"sm\">Autonomie<\/th>\n<th class=\"\" data-start=\"2512\" data-end=\"2528\" data-col-size=\"sm\">Compatibilit\u00e9<\/th>\n<th class=\"\" data-start=\"2528\" data-end=\"2536\" data-col-size=\"sm\">Poids<\/th>\n<th class=\"\" data-start=\"2536\" data-end=\"2548\" data-col-size=\"sm\">Prix TTC<\/th>\n<\/tr>\n<\/thead>\n<tbody data-start=\"2643\" data-end=\"2920\">\n<tr data-start=\"2643\" data-end=\"2731\">\n<td data-start=\"2643\" data-end=\"2665\" data-col-size=\"sm\">BMZ Bulls E45 735Wh<\/td>\n<td data-start=\"2665\" data-end=\"2679\" data-col-size=\"sm\">Lithium-ion<\/td>\n<td data-start=\"2679\" data-end=\"2693\" data-col-size=\"sm\">36V \/ 735Wh<\/td>\n<td data-start=\"2693\" data-end=\"2702\" data-col-size=\"sm\">150 km<\/td>\n<td data-start=\"2702\" data-end=\"2714\" data-col-size=\"sm\">Bulls E45<\/td>\n<td data-start=\"2714\" data-end=\"2723\" data-col-size=\"sm\">3.5 kg<\/td>\n<td data-start=\"2723\" data-end=\"2731\" data-col-size=\"sm\">899\u20ac<\/td>\n<\/tr>\n<tr data-start=\"2732\" data-end=\"2824\">\n<td data-start=\"2732\" data-end=\"2754\" data-col-size=\"sm\"><a href=\"https:\/\/ateliervae.fr\/?product=bosch-powertube-625-horizontal-compatible-par-e-bike-vision\">Bosch PowerTube 625<\/a><\/td>\n<td data-start=\"2754\" data-end=\"2768\" data-col-size=\"sm\">Lithium-ion<\/td>\n<td data-start=\"2768\" data-end=\"2782\" data-col-size=\"sm\">36V \/ 625Wh<\/td>\n<td data-start=\"2782\" data-end=\"2791\" data-col-size=\"sm\">120 km<\/td>\n<td data-start=\"2791\" data-end=\"2807\" data-col-size=\"sm\">Bosch moteurs<\/td>\n<td data-start=\"2807\" data-end=\"2816\" data-col-size=\"sm\">3.6 kg<\/td>\n<td data-start=\"2816\" data-end=\"2824\" data-col-size=\"sm\">849\u20ac<\/td>\n<\/tr>\n<tr data-start=\"2825\" data-end=\"2920\">\n<td data-start=\"2825\" data-end=\"2850\" data-col-size=\"sm\"><a href=\"https:\/\/ateliervae.fr\/?product=batterie-shimano-steps-bt-e8036-17-5ah\">Shimano Steps BT-E8036<\/a><\/td>\n<td data-start=\"2850\" data-end=\"2864\" data-col-size=\"sm\">Lithium-ion<\/td>\n<td data-start=\"2864\" data-end=\"2878\" data-col-size=\"sm\">36V \/ 630Wh<\/td>\n<td data-start=\"2878\" data-end=\"2887\" data-col-size=\"sm\">130 km<\/td>\n<td data-start=\"2887\" data-end=\"2903\" data-col-size=\"sm\">Shimano Steps<\/td>\n<td data-start=\"2903\" data-end=\"2912\" data-col-size=\"sm\">3.7 kg<\/td>\n<td data-start=\"2912\" data-end=\"2920\" data-col-size=\"sm\">829\u20ac<\/td>\n<\/tr>\n<\/tbody>\n<\/table>\n<\/div>\n<\/div>\n<div><\/div>\n<h2 data-section-id=\"105r1gu\" data-start=\"3047\" data-end=\"3079\">Conclusion<\/h2>\n<p data-start=\"3081\" data-end=\"3395\">La batterie BMZ Bulls Green Mover E45 735Wh s\u2019impose comme une r\u00e9f\u00e9rence pour tous ceux qui recherchent une <strong data-start=\"3189\" data-end=\"3221\">batterie haute capacit\u00e9 v\u00e9lo<\/strong> fiable et performante. Sa grande autonomie, sa robustesse et sa technologie avanc\u00e9e en font un investissement id\u00e9al pour optimiser les performances de votre v\u00e9lo \u00e9lectrique.<\/p>\n<p data-start=\"3397\" data-end=\"3562\">Que vous soyez un utilisateur quotidien ou un passionn\u00e9 de longues distances, cette <strong data-start=\"3481\" data-end=\"3514\">batterie pour v\u00e9lo \u00e9lectrique<\/strong> vous garantit puissance, s\u00e9curit\u00e9 et long\u00e9vit\u00e9.<\/p>\n<p data-start=\"3564\" data-end=\"3711\">\n<h2 data-section-id=\"1hryhf7\" data-start=\"3718\" data-end=\"3724\">FAQ<\/h2>\n<p data-start=\"3726\" data-end=\"3841\"><strong data-start=\"3726\" data-end=\"3768\">Quelle autonomie pour cette batterie ?<\/strong><br data-start=\"3768\" data-end=\"3771\" \/>Elle peut atteindre jusqu\u2019\u00e0 150 km selon les conditions d\u2019utilisation.<\/p>\n<p data-start=\"3843\" data-end=\"3938\"><strong data-start=\"3843\" data-end=\"3882\">Est-elle compatible avec mon v\u00e9lo ?<\/strong><br data-start=\"3882\" data-end=\"3885\" \/>Elle est con\u00e7ue pour les v\u00e9los Bulls Green Mover E45.<\/p>\n<p data-start=\"3940\" data-end=\"4026\"><strong data-start=\"3940\" data-end=\"3977\">Combien de temps dure la charge ?<\/strong><br data-start=\"3977\" data-end=\"3980\" \/>Environ 4 \u00e0 6 heures pour une charge compl\u00e8te.<\/p>\n<p data-start=\"4028\" data-end=\"4116\"><strong data-start=\"4028\" data-end=\"4073\">Peut-on remplacer une batterie ancienne ?<\/strong><br data-start=\"4073\" data-end=\"4076\" \/>Oui, si votre mod\u00e8le est compatible E45.<\/p>\n<p data-start=\"4118\" data-end=\"4188\"><strong data-start=\"4118\" data-end=\"4150\">Quelle est sa dur\u00e9e de vie ?<\/strong><br data-start=\"4150\" data-end=\"4153\" \/>Entre 800 et 1000 cycles de charge.<\/p>\n<p data-start=\"4190\" data-end=\"4280\"><strong data-start=\"4190\" data-end=\"4223\">Est-ce une batterie lithium ?<\/strong><br data-start=\"4223\" data-end=\"4226\" \/>Oui, c\u2019est une batterie Lithium-ion haute performance.<\/p>\n<p data-start=\"4282\" data-end=\"4345\"><strong data-start=\"4282\" data-end=\"4306\">Est-elle s\u00e9curis\u00e9e ?<\/strong><br data-start=\"4306\" data-end=\"4309\" \/>Oui, gr\u00e2ce \u00e0 un syst\u00e8me BMS int\u00e9gr\u00e9.<\/p>\n","protected":false},"excerpt":{"rendered":"<ul data-start=\"4375\" data-end=\"4621\">\n<li data-section-id=\"1u8u1sa\" data-start=\"4375\" data-end=\"4436\"><span style=\"color: #99cc00;\">\ud83d\udd0b <strong data-start=\"4380\" data-end=\"4408\">Puissance et autonomie :<\/strong> 735Wh pour jusqu\u2019\u00e0 150 km<\/span><\/li>\n<li data-section-id=\"c6zhyf\" data-start=\"4437\" data-end=\"4498\"><span style=\"color: #99cc00;\">\u26a1 <strong data-start=\"4441\" data-end=\"4470\">Technologie et s\u00e9curit\u00e9 :<\/strong> Lithium-ion + BMS int\u00e9gr\u00e9<\/span><\/li>\n<li data-section-id=\"64eqry\" data-start=\"4499\" data-end=\"4547\"><span style=\"color: #99cc00;\">\ud83d\udd27 <strong data-start=\"4504\" data-end=\"4523\">Compatibilit\u00e9 :<\/strong> Bulls Green Mover E45<\/span><\/li>\n<li data-section-id=\"92s96x\" data-start=\"4548\" data-end=\"4621\"><span style=\"color: #99cc00;\">\ud83d\ude80 <strong data-start=\"4553\" data-end=\"4577\">Avantage principal :<\/strong> batterie longue dur\u00e9e e-bike ultra fiable<\/span><\/li>\n<\/ul>\n<p><strong>\ud83d\udc49 Ne laissez pas votre autonomie limiter vos trajets : optez d\u00e8s maintenant pour une batterie performante et profitez pleinement de votre e-bike !<\/strong><\/p>\n","protected":false},"featured_media":28143,"comment_status":"open","ping_status":"closed","template":"","meta":[],"product_brand":[79],"product_cat":[111,113,33,115],"product_tag":[479,480],"class_list":{"0":"post-28144","1":"product","2":"type-product","3":"status-publish","4":"has-post-thumbnail","6":"product_brand-bmz","7":"product_cat-batterie-amovible","8":"product_cat-batterie-integree","9":"product_cat-batteries-de-velos","10":"product_cat-tube-diagonal-integre","11":"product_tag-batterie-velo-fiable","12":"product_tag-batterie-velo-resistante","14":"first","15":"instock","16":"shipping-taxable","17":"purchasable","18":"product-type-simple"},"yoast_head":"<!-- This site is optimized with the Yoast SEO plugin v27.5 - https:\/\/yoast.com\/product\/yoast-seo-wordpress\/ -->\n<title>Batterie pour velos BMZ Bulls Green Mover E45 735Wh - ateliervae.fr<\/title>\n<meta name=\"description\" content=\"Batterie haute capacit\u00e9 v\u00e9lo 735Wh \u00e0 749\u20ac \u2013 autonomie longue dur\u00e9e, puissance fiable et recharge rapide pour e-bike performant.\" \/>\n<meta name=\"robots\" content=\"index, follow, max-snippet:-1, max-image-preview:large, max-video-preview:-1\" \/>\n<link rel=\"canonical\" href=\"https:\/\/ateliervae.fr\/?product=bulls-green-mover-e45-735wh-bmz-batterie\" \/>\n<meta property=\"og:locale\" content=\"fr_FR\" \/>\n<meta property=\"og:type\" content=\"article\" \/>\n<meta property=\"og:title\" content=\"Batterie pour velos BMZ Bulls Green Mover E45 735Wh - ateliervae.fr\" \/>\n<meta property=\"og:description\" content=\"Batterie haute capacit\u00e9 v\u00e9lo 735Wh \u00e0 749\u20ac \u2013 autonomie longue dur\u00e9e, puissance fiable et recharge rapide pour e-bike performant.\" \/>\n<meta property=\"og:url\" content=\"https:\/\/ateliervae.fr\/?product=bulls-green-mover-e45-735wh-bmz-batterie\" \/>\n<meta property=\"og:site_name\" content=\"ateliervae.fr\" \/>\n<meta property=\"article:modified_time\" content=\"2026-04-23T00:30:38+00:00\" \/>\n<meta property=\"og:image\" content=\"https:\/\/ateliervae.fr\/wp-content\/uploads\/2026\/04\/bm.001_afb1.jpg\" \/>\n\t<meta property=\"og:image:width\" content=\"360\" \/>\n\t<meta property=\"og:image:height\" content=\"360\" \/>\n\t<meta property=\"og:image:type\" content=\"image\/jpeg\" \/>\n<meta name=\"twitter:card\" content=\"summary_large_image\" \/>\n<meta name=\"twitter:label1\" content=\"Dur\u00e9e de lecture estim\u00e9e\" \/>\n\t<meta name=\"twitter:data1\" content=\"3 minutes\" \/>\n<script type=\"application\/ld+json\" class=\"yoast-schema-graph\">{\"@context\":\"https:\\\/\\\/schema.org\",\"@graph\":[{\"@type\":\"WebPage\",\"@id\":\"https:\\\/\\\/ateliervae.fr\\\/?product=bulls-green-mover-e45-735wh-bmz-batterie\",\"url\":\"https:\\\/\\\/ateliervae.fr\\\/?product=bulls-green-mover-e45-735wh-bmz-batterie\",\"name\":\"Batterie pour velos BMZ Bulls Green Mover E45 735Wh - ateliervae.fr\",\"isPartOf\":{\"@id\":\"https:\\\/\\\/ateliervae.fr\\\/#website\"},\"primaryImageOfPage\":{\"@id\":\"https:\\\/\\\/ateliervae.fr\\\/?product=bulls-green-mover-e45-735wh-bmz-batterie#primaryimage\"},\"image\":{\"@id\":\"https:\\\/\\\/ateliervae.fr\\\/?product=bulls-green-mover-e45-735wh-bmz-batterie#primaryimage\"},\"thumbnailUrl\":\"https:\\\/\\\/ateliervae.fr\\\/wp-content\\\/uploads\\\/2026\\\/04\\\/bm.001_afb1.jpg\",\"datePublished\":\"2026-04-22T20:08:38+00:00\",\"dateModified\":\"2026-04-23T00:30:38+00:00\",\"description\":\"Batterie haute capacit\u00e9 v\u00e9lo 735Wh \u00e0 749\u20ac \u2013 autonomie longue dur\u00e9e, puissance fiable et recharge rapide pour e-bike performant.\",\"breadcrumb\":{\"@id\":\"https:\\\/\\\/ateliervae.fr\\\/?product=bulls-green-mover-e45-735wh-bmz-batterie#breadcrumb\"},\"inLanguage\":\"fr-FR\",\"potentialAction\":[{\"@type\":\"ReadAction\",\"target\":[\"https:\\\/\\\/ateliervae.fr\\\/?product=bulls-green-mover-e45-735wh-bmz-batterie\"]}]},{\"@type\":\"ImageObject\",\"inLanguage\":\"fr-FR\",\"@id\":\"https:\\\/\\\/ateliervae.fr\\\/?product=bulls-green-mover-e45-735wh-bmz-batterie#primaryimage\",\"url\":\"https:\\\/\\\/ateliervae.fr\\\/wp-content\\\/uploads\\\/2026\\\/04\\\/bm.001_afb1.jpg\",\"contentUrl\":\"https:\\\/\\\/ateliervae.fr\\\/wp-content\\\/uploads\\\/2026\\\/04\\\/bm.001_afb1.jpg\",\"width\":360,\"height\":360,\"caption\":\"batterie haute capacit\u00e9 v\u00e9lo\"},{\"@type\":\"BreadcrumbList\",\"@id\":\"https:\\\/\\\/ateliervae.fr\\\/?product=bulls-green-mover-e45-735wh-bmz-batterie#breadcrumb\",\"itemListElement\":[{\"@type\":\"ListItem\",\"position\":1,\"name\":\"Home\",\"item\":\"https:\\\/\\\/ateliervae.fr\\\/\"},{\"@type\":\"ListItem\",\"position\":2,\"name\":\"Produits\",\"item\":\"https:\\\/\\\/ateliervae.fr\\\/shop\\\/\"},{\"@type\":\"ListItem\",\"position\":3,\"name\":\"Batterie pour velos BMZ Bulls Green Mover E45 735Wh\"}]},{\"@type\":\"WebSite\",\"@id\":\"https:\\\/\\\/ateliervae.fr\\\/#website\",\"url\":\"https:\\\/\\\/ateliervae.fr\\\/\",\"name\":\"ateliervae.fr\",\"description\":\"L\u2019\u00e9nergie au c\u0153ur de vos trajets\",\"publisher\":{\"@id\":\"https:\\\/\\\/ateliervae.fr\\\/#organization\"},\"potentialAction\":[{\"@type\":\"SearchAction\",\"target\":{\"@type\":\"EntryPoint\",\"urlTemplate\":\"https:\\\/\\\/ateliervae.fr\\\/?s={search_term_string}\"},\"query-input\":{\"@type\":\"PropertyValueSpecification\",\"valueRequired\":true,\"valueName\":\"search_term_string\"}}],\"inLanguage\":\"fr-FR\"},{\"@type\":\"Organization\",\"@id\":\"https:\\\/\\\/ateliervae.fr\\\/#organization\",\"name\":\"ateliervae.fr\",\"url\":\"https:\\\/\\\/ateliervae.fr\\\/\",\"logo\":{\"@type\":\"ImageObject\",\"inLanguage\":\"fr-FR\",\"@id\":\"https:\\\/\\\/ateliervae.fr\\\/#\\\/schema\\\/logo\\\/image\\\/\",\"url\":\"https:\\\/\\\/ateliervae.fr\\\/wp-content\\\/uploads\\\/2026\\\/04\\\/ChatGPT-Image-6-avr.-2026-11_58_22.png\",\"contentUrl\":\"https:\\\/\\\/ateliervae.fr\\\/wp-content\\\/uploads\\\/2026\\\/04\\\/ChatGPT-Image-6-avr.-2026-11_58_22.png\",\"width\":1536,\"height\":1024,\"caption\":\"ateliervae.fr\"},\"image\":{\"@id\":\"https:\\\/\\\/ateliervae.fr\\\/#\\\/schema\\\/logo\\\/image\\\/\"}}]}<\/script>\n<!-- \/ Yoast SEO plugin. -->","yoast_head_json":{"title":"Batterie pour velos BMZ Bulls Green Mover E45 735Wh - ateliervae.fr","description":"Batterie haute capacit\u00e9 v\u00e9lo 735Wh \u00e0 749\u20ac \u2013 autonomie longue dur\u00e9e, puissance fiable et recharge rapide pour e-bike performant.","robots":{"index":"index","follow":"follow","max-snippet":"max-snippet:-1","max-image-preview":"max-image-preview:large","max-video-preview":"max-video-preview:-1"},"canonical":"https:\/\/ateliervae.fr\/?product=bulls-green-mover-e45-735wh-bmz-batterie","og_locale":"fr_FR","og_type":"article","og_title":"Batterie pour velos BMZ Bulls Green Mover E45 735Wh - ateliervae.fr","og_description":"Batterie haute capacit\u00e9 v\u00e9lo 735Wh \u00e0 749\u20ac \u2013 autonomie longue dur\u00e9e, puissance fiable et recharge rapide pour e-bike performant.","og_url":"https:\/\/ateliervae.fr\/?product=bulls-green-mover-e45-735wh-bmz-batterie","og_site_name":"ateliervae.fr","article_modified_time":"2026-04-23T00:30:38+00:00","og_image":[{"width":360,"height":360,"url":"https:\/\/ateliervae.fr\/wp-content\/uploads\/2026\/04\/bm.001_afb1.jpg","type":"image\/jpeg"}],"twitter_card":"summary_large_image","twitter_misc":{"Dur\u00e9e de lecture estim\u00e9e":"3 minutes"},"schema":{"@context":"https:\/\/schema.org","@graph":[{"@type":"WebPage","@id":"https:\/\/ateliervae.fr\/?product=bulls-green-mover-e45-735wh-bmz-batterie","url":"https:\/\/ateliervae.fr\/?product=bulls-green-mover-e45-735wh-bmz-batterie","name":"Batterie pour velos BMZ Bulls Green Mover E45 735Wh - ateliervae.fr","isPartOf":{"@id":"https:\/\/ateliervae.fr\/#website"},"primaryImageOfPage":{"@id":"https:\/\/ateliervae.fr\/?product=bulls-green-mover-e45-735wh-bmz-batterie#primaryimage"},"image":{"@id":"https:\/\/ateliervae.fr\/?product=bulls-green-mover-e45-735wh-bmz-batterie#primaryimage"},"thumbnailUrl":"https:\/\/ateliervae.fr\/wp-content\/uploads\/2026\/04\/bm.001_afb1.jpg","datePublished":"2026-04-22T20:08:38+00:00","dateModified":"2026-04-23T00:30:38+00:00","description":"Batterie haute capacit\u00e9 v\u00e9lo 735Wh \u00e0 749\u20ac \u2013 autonomie longue dur\u00e9e, puissance fiable et recharge rapide pour e-bike performant.","breadcrumb":{"@id":"https:\/\/ateliervae.fr\/?product=bulls-green-mover-e45-735wh-bmz-batterie#breadcrumb"},"inLanguage":"fr-FR","potentialAction":[{"@type":"ReadAction","target":["https:\/\/ateliervae.fr\/?product=bulls-green-mover-e45-735wh-bmz-batterie"]}]},{"@type":"ImageObject","inLanguage":"fr-FR","@id":"https:\/\/ateliervae.fr\/?product=bulls-green-mover-e45-735wh-bmz-batterie#primaryimage","url":"https:\/\/ateliervae.fr\/wp-content\/uploads\/2026\/04\/bm.001_afb1.jpg","contentUrl":"https:\/\/ateliervae.fr\/wp-content\/uploads\/2026\/04\/bm.001_afb1.jpg","width":360,"height":360,"caption":"batterie haute capacit\u00e9 v\u00e9lo"},{"@type":"BreadcrumbList","@id":"https:\/\/ateliervae.fr\/?product=bulls-green-mover-e45-735wh-bmz-batterie#breadcrumb","itemListElement":[{"@type":"ListItem","position":1,"name":"Home","item":"https:\/\/ateliervae.fr\/"},{"@type":"ListItem","position":2,"name":"Produits","item":"https:\/\/ateliervae.fr\/shop\/"},{"@type":"ListItem","position":3,"name":"Batterie pour velos BMZ Bulls Green Mover E45 735Wh"}]},{"@type":"WebSite","@id":"https:\/\/ateliervae.fr\/#website","url":"https:\/\/ateliervae.fr\/","name":"ateliervae.fr","description":"L\u2019\u00e9nergie au c\u0153ur de vos trajets","publisher":{"@id":"https:\/\/ateliervae.fr\/#organization"},"potentialAction":[{"@type":"SearchAction","target":{"@type":"EntryPoint","urlTemplate":"https:\/\/ateliervae.fr\/?s={search_term_string}"},"query-input":{"@type":"PropertyValueSpecification","valueRequired":true,"valueName":"search_term_string"}}],"inLanguage":"fr-FR"},{"@type":"Organization","@id":"https:\/\/ateliervae.fr\/#organization","name":"ateliervae.fr","url":"https:\/\/ateliervae.fr\/","logo":{"@type":"ImageObject","inLanguage":"fr-FR","@id":"https:\/\/ateliervae.fr\/#\/schema\/logo\/image\/","url":"https:\/\/ateliervae.fr\/wp-content\/uploads\/2026\/04\/ChatGPT-Image-6-avr.-2026-11_58_22.png","contentUrl":"https:\/\/ateliervae.fr\/wp-content\/uploads\/2026\/04\/ChatGPT-Image-6-avr.-2026-11_58_22.png","width":1536,"height":1024,"caption":"ateliervae.fr"},"image":{"@id":"https:\/\/ateliervae.fr\/#\/schema\/logo\/image\/"}}]}},"_links":{"self":[{"href":"https:\/\/ateliervae.fr\/index.php?rest_route=\/wp\/v2\/product\/28144","targetHints":{"allow":["GET"]}}],"collection":[{"href":"https:\/\/ateliervae.fr\/index.php?rest_route=\/wp\/v2\/product"}],"about":[{"href":"https:\/\/ateliervae.fr\/index.php?rest_route=\/wp\/v2\/types\/product"}],"replies":[{"embeddable":true,"href":"https:\/\/ateliervae.fr\/index.php?rest_route=%2Fwp%2Fv2%2Fcomments&post=28144"}],"version-history":[{"count":2,"href":"https:\/\/ateliervae.fr\/index.php?rest_route=\/wp\/v2\/product\/28144\/revisions"}],"predecessor-version":[{"id":28148,"href":"https:\/\/ateliervae.fr\/index.php?rest_route=\/wp\/v2\/product\/28144\/revisions\/28148"}],"wp:featuredmedia":[{"embeddable":true,"href":"https:\/\/ateliervae.fr\/index.php?rest_route=\/wp\/v2\/media\/28143"}],"wp:attachment":[{"href":"https:\/\/ateliervae.fr\/index.php?rest_route=%2Fwp%2Fv2%2Fmedia&parent=28144"}],"wp:term":[{"taxonomy":"product_brand","embeddable":true,"href":"https:\/\/ateliervae.fr\/index.php?rest_route=%2Fwp%2Fv2%2Fproduct_brand&post=28144"},{"taxonomy":"product_cat","embeddable":true,"href":"https:\/\/ateliervae.fr\/index.php?rest_route=%2Fwp%2Fv2%2Fproduct_cat&post=28144"},{"taxonomy":"product_tag","embeddable":true,"href":"https:\/\/ateliervae.fr\/index.php?rest_route=%2Fwp%2Fv2%2Fproduct_tag&post=28144"}],"curies":[{"name":"wp","href":"https:\/\/api.w.org\/{rel}","templated":true}]}}