{"id":28121,"date":"2026-04-22T20:06:22","date_gmt":"2026-04-22T20:06:22","guid":{"rendered":"https:\/\/ateliervae.fr\/?product=bmz-brose-down-tube-half-geintegreerd-36v-17-5ah-wake"},"modified":"2026-04-23T08:17:50","modified_gmt":"2026-04-23T08:17:50","slug":"bmz-brose-down-tube-half-geintegreerd-36v-17-5ah-wake","status":"publish","type":"product","link":"https:\/\/ateliervae.fr\/?product=bmz-brose-down-tube-half-geintegreerd-36v-17-5ah-wake","title":{"rendered":"Batterie pour velos BMZ Brose Down tube Half-Ge\u00efntegreerd 36V 17.5Ah \/ 630Wh Wake"},"content":{"rendered":"<h2 data-section-id=\"v8i9bv\" data-start=\"208\" data-end=\"263\">Description d\u00e9taill\u00e9e de la batterie v\u00e9lo \u00e9lectrique<\/h2>\n<p data-start=\"265\" data-end=\"644\">La <strong data-start=\"268\" data-end=\"340\">Batterie pour v\u00e9los BMZ Brose Down tube Half-Int\u00e9gr\u00e9 36V 17.5Ah Wake<\/strong> repr\u00e9sente une solution haut de gamme pour tous les cyclistes \u00e0 la recherche de la <strong data-start=\"424\" data-end=\"466\">meilleure batterie v\u00e9lo \u00e9lectrique 36V<\/strong>. Con\u00e7ue avec une technologie <strong data-start=\"496\" data-end=\"518\">lithium-ion e-bike<\/strong> de derni\u00e8re g\u00e9n\u00e9ration, elle garantit une excellente performance \u00e9nerg\u00e9tique, une grande durabilit\u00e9 et une s\u00e9curit\u00e9 optimale.<\/p>\n<p data-start=\"646\" data-end=\"1000\">Avec une capacit\u00e9 g\u00e9n\u00e9reuse de <strong data-start=\"677\" data-end=\"695\">17,5Ah (630Wh)<\/strong>, cette batterie offre une <strong data-start=\"722\" data-end=\"760\">autonomie batterie v\u00e9lo \u00e9lectrique<\/strong> remarquable, id\u00e9ale pour les trajets urbains quotidiens comme pour les longues sorties en VTT \u00e9lectrique. Elle s\u2019int\u00e8gre parfaitement dans le cadre (down tube semi-int\u00e9gr\u00e9), assurant un design discret et une meilleure r\u00e9partition du poids.<\/p>\n<p data-start=\"1002\" data-end=\"1204\">Elle est compatible avec les moteurs <strong data-start=\"1039\" data-end=\"1048\">Brose<\/strong>, tr\u00e8s populaires sur les v\u00e9los \u00e9lectriques modernes, et s\u2019adresse aussi bien aux utilisateurs de v\u00e9los urbains qu\u2019aux amateurs de trekking ou de randonn\u00e9e.<\/p>\n<h3 data-section-id=\"1f9fvp1\" data-start=\"1206\" data-end=\"1226\">Avantages cl\u00e9s :<\/h3>\n<ul data-start=\"1227\" data-end=\"1489\">\n<li data-section-id=\"5ymhgy\" data-start=\"1227\" data-end=\"1276\">Excellente <strong data-start=\"1240\" data-end=\"1276\">autonomie longue distance e-bike<\/strong><\/li>\n<li data-section-id=\"1mu6eor\" data-start=\"1277\" data-end=\"1331\">Technologie fiable <strong data-start=\"1298\" data-end=\"1331\">batterie lithium v\u00e9lo durable<\/strong><\/li>\n<li data-section-id=\"zva2s7\" data-start=\"1332\" data-end=\"1361\">Recharge rapide et efficace<\/li>\n<li data-section-id=\"s8b01z\" data-start=\"1362\" data-end=\"1415\">Syst\u00e8me s\u00e9curis\u00e9 avec <strong data-start=\"1386\" data-end=\"1415\">BMS int\u00e9gr\u00e9 batterie v\u00e9lo<\/strong><\/li>\n<li data-section-id=\"2uraaj\" data-start=\"1416\" data-end=\"1489\">Id\u00e9ale pour remplacer ou am\u00e9liorer une <strong data-start=\"1457\" data-end=\"1489\">batterie 36V v\u00e9lo \u00e9lectrique<\/strong><\/li>\n<\/ul>\n<h2 data-section-id=\"t5bigv\" data-start=\"1498\" data-end=\"1526\"><\/h2>\n<h2 data-section-id=\"t5bigv\" data-start=\"1498\" data-end=\"1526\">Tableau technique complet<\/h2>\n<div class=\"TyagGW_tableContainer\">\n<div class=\"group TyagGW_tableWrapper flex flex-col-reverse w-fit\" tabindex=\"-1\">\n<table class=\"w-fit min-w-(--thread-content-width)\" data-start=\"1528\" data-end=\"2060\">\n<thead data-start=\"1528\" data-end=\"1556\">\n<tr data-start=\"1528\" data-end=\"1556\">\n<th class=\"\" data-start=\"1528\" data-end=\"1546\" data-col-size=\"sm\">Caract\u00e9ristique<\/th>\n<th class=\"\" data-start=\"1546\" data-end=\"1556\" data-col-size=\"sm\">D\u00e9tail<\/th>\n<\/tr>\n<\/thead>\n<tbody data-start=\"1585\" data-end=\"2060\">\n<tr data-start=\"1585\" data-end=\"1632\">\n<td data-start=\"1585\" data-end=\"1604\" data-col-size=\"sm\">Type de batterie<\/td>\n<td data-start=\"1604\" data-end=\"1632\" data-col-size=\"sm\">Batterie v\u00e9lo \u00e9lectrique<\/td>\n<\/tr>\n<tr data-start=\"1633\" data-end=\"1662\">\n<td data-start=\"1633\" data-end=\"1647\" data-col-size=\"sm\">Technologie<\/td>\n<td data-start=\"1647\" data-end=\"1662\" data-col-size=\"sm\">Lithium-ion<\/td>\n<\/tr>\n<tr data-start=\"1663\" data-end=\"1680\">\n<td data-start=\"1663\" data-end=\"1673\" data-col-size=\"sm\">Voltage<\/td>\n<td data-start=\"1673\" data-end=\"1680\" data-col-size=\"sm\">36V<\/td>\n<\/tr>\n<tr data-start=\"1681\" data-end=\"1710\">\n<td data-start=\"1681\" data-end=\"1692\" data-col-size=\"sm\">Capacit\u00e9<\/td>\n<td data-start=\"1692\" data-end=\"1710\" data-col-size=\"sm\">17.5Ah \/ 630Wh<\/td>\n<\/tr>\n<tr data-start=\"1711\" data-end=\"1746\">\n<td data-start=\"1711\" data-end=\"1731\" data-col-size=\"sm\">Autonomie estim\u00e9e<\/td>\n<td data-start=\"1731\" data-end=\"1746\" data-col-size=\"sm\">80 \u00e0 150 km<\/td>\n<\/tr>\n<tr data-start=\"1747\" data-end=\"1781\">\n<td data-start=\"1747\" data-end=\"1765\" data-col-size=\"sm\">Temps de charge<\/td>\n<td data-start=\"1765\" data-end=\"1781\" data-col-size=\"sm\">4 \u00e0 6 heures<\/td>\n<\/tr>\n<tr data-start=\"1782\" data-end=\"1818\">\n<td data-start=\"1782\" data-end=\"1797\" data-col-size=\"sm\">Dur\u00e9e de vie<\/td>\n<td data-start=\"1797\" data-end=\"1818\" data-col-size=\"sm\">800 \u00e0 1000 cycles<\/td>\n<\/tr>\n<tr data-start=\"1819\" data-end=\"1864\">\n<td data-start=\"1819\" data-end=\"1835\" data-col-size=\"sm\">Compatibilit\u00e9<\/td>\n<td data-start=\"1835\" data-end=\"1864\" data-col-size=\"sm\">Moteurs Brose \/ v\u00e9los BMZ<\/td>\n<\/tr>\n<tr data-start=\"1865\" data-end=\"1903\">\n<td data-start=\"1865\" data-end=\"1876\" data-col-size=\"sm\">Fixation<\/td>\n<td data-start=\"1876\" data-end=\"1903\" data-col-size=\"sm\">Down tube semi-int\u00e9gr\u00e9e<\/td>\n<\/tr>\n<tr data-start=\"1904\" data-end=\"1923\">\n<td data-start=\"1904\" data-end=\"1912\" data-col-size=\"sm\">Poids<\/td>\n<td data-start=\"1912\" data-end=\"1923\" data-col-size=\"sm\">~3.5 kg<\/td>\n<\/tr>\n<tr data-start=\"1924\" data-end=\"1963\">\n<td data-start=\"1924\" data-end=\"1938\" data-col-size=\"sm\">Emplacement<\/td>\n<td data-start=\"1938\" data-end=\"1963\" data-col-size=\"sm\">Cadre (tube diagonal)<\/td>\n<\/tr>\n<tr data-start=\"1964\" data-end=\"1990\">\n<td data-start=\"1964\" data-end=\"1975\" data-col-size=\"sm\">S\u00e9curit\u00e9<\/td>\n<td data-start=\"1975\" data-end=\"1990\" data-col-size=\"sm\">BMS int\u00e9gr\u00e9<\/td>\n<\/tr>\n<tr data-start=\"1991\" data-end=\"2035\">\n<td data-start=\"1991\" data-end=\"2019\" data-col-size=\"sm\">Temp\u00e9rature d\u2019utilisation<\/td>\n<td data-start=\"2019\" data-end=\"2035\" data-col-size=\"sm\">-10\u00b0C \u00e0 45\u00b0C<\/td>\n<\/tr>\n<tr data-start=\"2036\" data-end=\"2060\">\n<td data-start=\"2036\" data-end=\"2044\" data-col-size=\"sm\">Gamme<\/td>\n<td data-start=\"2044\" data-end=\"2060\" data-col-size=\"sm\">Premium 2024<\/td>\n<\/tr>\n<\/tbody>\n<\/table>\n<\/div>\n<\/div>\n<h2 data-section-id=\"abh3a6\" data-start=\"2069\" data-end=\"2107\">Tableau comparatif avec concurrents<\/h2>\n<div class=\"TyagGW_tableContainer\">\n<div class=\"group TyagGW_tableWrapper flex flex-col-reverse w-fit\" tabindex=\"-1\">\n<table class=\"w-fit min-w-(--thread-content-width)\" data-start=\"2109\" data-end=\"2547\">\n<thead data-start=\"2109\" data-end=\"2194\">\n<tr data-start=\"2109\" data-end=\"2194\">\n<th class=\"\" data-start=\"2109\" data-end=\"2118\" data-col-size=\"sm\">Mod\u00e8le<\/th>\n<th class=\"\" data-start=\"2118\" data-end=\"2125\" data-col-size=\"sm\">Type<\/th>\n<th class=\"\" data-start=\"2125\" data-end=\"2146\" data-col-size=\"sm\">Voltage \/ Capacit\u00e9<\/th>\n<th class=\"\" data-start=\"2146\" data-end=\"2158\" data-col-size=\"sm\">Autonomie<\/th>\n<th class=\"\" data-start=\"2158\" data-end=\"2174\" data-col-size=\"sm\">Compatibilit\u00e9<\/th>\n<th class=\"\" data-start=\"2174\" data-end=\"2182\" data-col-size=\"sm\">Poids<\/th>\n<th class=\"\" data-start=\"2182\" data-end=\"2194\" data-col-size=\"sm\">Prix TTC<\/th>\n<\/tr>\n<\/thead>\n<tbody data-start=\"2280\" data-end=\"2547\">\n<tr data-start=\"2280\" data-end=\"2364\">\n<td data-start=\"2280\" data-end=\"2297\" data-col-size=\"sm\">BMZ Brose Wake<\/td>\n<td data-start=\"2297\" data-end=\"2311\" data-col-size=\"sm\">Lithium-ion<\/td>\n<td data-start=\"2311\" data-end=\"2326\" data-col-size=\"sm\">36V \/ 17.5Ah<\/td>\n<td data-start=\"2326\" data-end=\"2338\" data-col-size=\"sm\">80\u2013150 km<\/td>\n<td data-start=\"2338\" data-end=\"2346\" data-col-size=\"sm\">Brose<\/td>\n<td data-start=\"2346\" data-end=\"2355\" data-col-size=\"sm\">3.5 kg<\/td>\n<td data-start=\"2355\" data-end=\"2364\" data-col-size=\"sm\">~649\u20ac<\/td>\n<\/tr>\n<tr data-start=\"2365\" data-end=\"2454\">\n<td data-start=\"2365\" data-end=\"2387\" data-col-size=\"sm\"><a href=\"https:\/\/ateliervae.fr\/?product=bosch-powerpack-500-smart-porte-bagages\">Bosch PowerPack 500<\/a><\/td>\n<td data-start=\"2387\" data-end=\"2401\" data-col-size=\"sm\">Lithium-ion<\/td>\n<td data-start=\"2401\" data-end=\"2416\" data-col-size=\"sm\">36V \/ 13.4Ah<\/td>\n<td data-start=\"2416\" data-end=\"2428\" data-col-size=\"sm\">60\u2013120 km<\/td>\n<td data-start=\"2428\" data-end=\"2436\" data-col-size=\"sm\">Bosch<\/td>\n<td data-start=\"2436\" data-end=\"2445\" data-col-size=\"sm\">2.7 kg<\/td>\n<td data-start=\"2445\" data-end=\"2454\" data-col-size=\"sm\">~729\u20ac<\/td>\n<\/tr>\n<tr data-start=\"2455\" data-end=\"2547\">\n<td data-start=\"2455\" data-end=\"2480\" data-col-size=\"sm\"><a href=\"https:\/\/ateliervae.fr\/?product=batterie-shimano-steps-bt-e8010-14ah-gris\">Shimano Steps BT-E8010<\/a><\/td>\n<td data-start=\"2480\" data-end=\"2494\" data-col-size=\"sm\">Lithium-ion<\/td>\n<td data-start=\"2494\" data-end=\"2507\" data-col-size=\"sm\">36V \/ 14Ah<\/td>\n<td data-start=\"2507\" data-end=\"2519\" data-col-size=\"sm\">70\u2013130 km<\/td>\n<td data-start=\"2519\" data-end=\"2529\" data-col-size=\"sm\">Shimano<\/td>\n<td data-start=\"2529\" data-end=\"2538\" data-col-size=\"sm\">3.0 kg<\/td>\n<td data-start=\"2538\" data-end=\"2547\" data-col-size=\"sm\">~699\u20ac<\/td>\n<\/tr>\n<\/tbody>\n<\/table>\n<\/div>\n<\/div>\n<p data-start=\"2549\" data-end=\"2727\">\ud83d\udc49 Cette batterie se distingue par une <strong data-start=\"2588\" data-end=\"2611\">capacit\u00e9 sup\u00e9rieure<\/strong>, offrant une meilleure <strong data-start=\"2635\" data-end=\"2673\">autonomie batterie v\u00e9lo \u00e9lectrique<\/strong> et une excellente rentabilit\u00e9 pour les longs trajets.<\/p>\n<h2 data-section-id=\"1bvnyjr\" data-start=\"2736\" data-end=\"2785\">Conclusion : pourquoi choisir cette batterie ?<\/h2>\n<p data-start=\"2787\" data-end=\"3070\">La batterie BMZ Brose Wake est un choix strat\u00e9gique pour tout utilisateur recherchant une <strong data-start=\"2877\" data-end=\"2906\">batterie v\u00e9lo performance<\/strong> fiable, puissante et durable. Gr\u00e2ce \u00e0 sa technologie avanc\u00e9e et sa capacit\u00e9 \u00e9lev\u00e9e, elle garantit une exp\u00e9rience de conduite fluide, sans stress li\u00e9 \u00e0 l\u2019autonomie.<\/p>\n<h2 data-section-id=\"1hryhf7\" data-start=\"3311\" data-end=\"3317\">FAQ<\/h2>\n<p data-start=\"3319\" data-end=\"3427\"><strong data-start=\"3319\" data-end=\"3364\">1. Quelle autonomie pour cette batterie ?<\/strong><br data-start=\"3364\" data-end=\"3367\" \/>Entre 80 et 150 km selon le mode d\u2019assistance et le terrain.<\/p>\n<p data-start=\"3429\" data-end=\"3549\"><strong data-start=\"3429\" data-end=\"3477\">2. Est-elle compatible avec tous les v\u00e9los ?<\/strong><br data-start=\"3477\" data-end=\"3480\" \/>Elle est principalement con\u00e7ue pour les syst\u00e8mes Brose et cadres BMZ.<\/p>\n<p data-start=\"3551\" data-end=\"3627\"><strong data-start=\"3551\" data-end=\"3603\">3. Combien de temps pour une recharge compl\u00e8te ?<\/strong><br data-start=\"3603\" data-end=\"3606\" \/>Environ 4 \u00e0 6 heures.<\/p>\n<p data-start=\"3629\" data-end=\"3740\"><strong data-start=\"3629\" data-end=\"3677\">4. Peut-on remplacer une ancienne batterie ?<\/strong><br data-start=\"3677\" data-end=\"3680\" \/>Oui, si votre v\u00e9lo est compatible avec ce format et voltage.<\/p>\n<p data-start=\"3742\" data-end=\"3815\"><strong data-start=\"3742\" data-end=\"3777\">5. Quelle est sa dur\u00e9e de vie ?<\/strong><br data-start=\"3777\" data-end=\"3780\" \/>Entre 800 et 1000 cycles de charge.<\/p>\n<p data-start=\"3817\" data-end=\"3902\"><strong data-start=\"3817\" data-end=\"3844\">6. Est-elle s\u00e9curis\u00e9e ?<\/strong><br data-start=\"3844\" data-end=\"3847\" \/>Oui, gr\u00e2ce \u00e0 son syst\u00e8me <strong data-start=\"3872\" data-end=\"3901\">BMS int\u00e9gr\u00e9 batterie v\u00e9lo<\/strong>.<\/p>\n<p data-start=\"3904\" data-end=\"4026\"><strong data-start=\"3904\" data-end=\"3955\">7. Est-ce une bonne batterie pour long trajet ?<\/strong><br data-start=\"3955\" data-end=\"3958\" \/>Absolument, c\u2019est une <strong data-start=\"3980\" data-end=\"4025\">batterie longue autonomie v\u00e9lo \u00e9lectrique<\/strong>.<\/p>\n","protected":false},"excerpt":{"rendered":"<ul data-start=\"4056\" data-end=\"4302\">\n<li data-section-id=\"sa9r7n\" data-start=\"4056\" data-end=\"4119\"><span style=\"color: #99cc00;\">\ud83d\udd0b <strong data-start=\"4061\" data-end=\"4086\">Puissance &amp; autonomie<\/strong> : 630Wh pour longues distances<\/span><\/li>\n<li data-section-id=\"7q77jb\" data-start=\"4120\" data-end=\"4181\"><span style=\"color: #99cc00;\">\u2699\ufe0f <strong data-start=\"4125\" data-end=\"4151\">Technologie &amp; s\u00e9curit\u00e9<\/strong> : Lithium-ion + BMS int\u00e9gr\u00e9<\/span><\/li>\n<li data-section-id=\"1dp1dhp\" data-start=\"4182\" data-end=\"4234\"><span style=\"color: #99cc00;\">\ud83d\udd27 <strong data-start=\"4187\" data-end=\"4204\">Compatibilit\u00e9<\/strong> : moteurs Brose \/ v\u00e9los BMZ<\/span><\/li>\n<li data-section-id=\"1ftozkn\" data-start=\"4235\" data-end=\"4302\"><span style=\"color: #99cc00;\">\u2b50 <strong data-start=\"4239\" data-end=\"4255\">Avantage cl\u00e9<\/strong> : excellente performance et grande autonomie<\/span><\/li>\n<\/ul>\n<p data-start=\"3072\" data-end=\"3209\">\ud83d\udc49 Que vous soyez un cycliste urbain ou un passionn\u00e9 de VTT, cette <strong data-start=\"3139\" data-end=\"3171\">batterie 36V v\u00e9lo \u00e9lectrique<\/strong> r\u00e9pondra parfaitement \u00e0 vos attentes.<\/p>\n<p data-start=\"3211\" data-end=\"3304\"><strong data-start=\"3211\" data-end=\"3304\">Passez \u00e0 l\u2019action d\u00e8s maintenant et am\u00e9liorez les performances de votre v\u00e9lo \u00e9lectrique !<\/strong><\/p>\n","protected":false},"featured_media":28120,"comment_status":"open","ping_status":"closed","template":"","meta":[],"product_brand":[79],"product_cat":[224,212,228,113,33,115],"product_tag":[522,479],"class_list":{"0":"post-28121","1":"product","2":"type-product","3":"status-publish","4":"has-post-thumbnail","6":"product_brand-bmz","7":"product_cat-15-20-ah-36v-batterie-integree","8":"product_cat-36v-batterie-integree","9":"product_cat-540-720-wh-15-20-ah-36v-batterie-integree","10":"product_cat-batterie-integree","11":"product_cat-batteries-de-velos","12":"product_cat-tube-diagonal-integre","13":"product_tag-batterie-velo-assistance-electrique-puissante-fiable","14":"product_tag-batterie-velo-fiable","16":"first","17":"outofstock","18":"shipping-taxable","19":"purchasable","20":"product-type-simple"},"yoast_head":"<!-- This site is optimized with the Yoast SEO plugin v27.5 - https:\/\/yoast.com\/product\/yoast-seo-wordpress\/ -->\n<title>Batterie pour velos BMZ Brose Down tube Half-Ge\u00efntegreerd 36V 17.5Ah \/ 630Wh Wake - ateliervae.fr<\/title>\n<meta name=\"description\" content=\"Meilleure batterie v\u00e9lo \u00e9lectrique 36V d\u00e8s 649\u20ac : autonomie longue, performance fiable et recharge rapide pour tous vos trajets.\" \/>\n<meta name=\"robots\" content=\"index, follow, max-snippet:-1, max-image-preview:large, max-video-preview:-1\" \/>\n<link rel=\"canonical\" href=\"https:\/\/ateliervae.fr\/?product=bmz-brose-down-tube-half-geintegreerd-36v-17-5ah-wake\" \/>\n<meta property=\"og:locale\" content=\"fr_FR\" \/>\n<meta property=\"og:type\" content=\"article\" \/>\n<meta property=\"og:title\" content=\"Batterie pour velos BMZ Brose Down tube Half-Ge\u00efntegreerd 36V 17.5Ah \/ 630Wh Wake - ateliervae.fr\" \/>\n<meta property=\"og:description\" content=\"Meilleure batterie v\u00e9lo \u00e9lectrique 36V d\u00e8s 649\u20ac : autonomie longue, performance fiable et recharge rapide pour tous vos trajets.\" \/>\n<meta property=\"og:url\" content=\"https:\/\/ateliervae.fr\/?product=bmz-brose-down-tube-half-geintegreerd-36v-17-5ah-wake\" \/>\n<meta property=\"og:site_name\" content=\"ateliervae.fr\" \/>\n<meta property=\"article:modified_time\" content=\"2026-04-23T08:17:50+00:00\" \/>\n<meta property=\"og:image\" content=\"https:\/\/ateliervae.fr\/wp-content\/uploads\/2026\/04\/doc597648.jpg\" \/>\n\t<meta property=\"og:image:width\" content=\"360\" \/>\n\t<meta property=\"og:image:height\" content=\"360\" \/>\n\t<meta property=\"og:image:type\" content=\"image\/jpeg\" \/>\n<meta name=\"twitter:card\" content=\"summary_large_image\" \/>\n<meta name=\"twitter:label1\" content=\"Dur\u00e9e de lecture estim\u00e9e\" \/>\n\t<meta name=\"twitter:data1\" content=\"3 minutes\" \/>\n<script type=\"application\/ld+json\" class=\"yoast-schema-graph\">{\"@context\":\"https:\\\/\\\/schema.org\",\"@graph\":[{\"@type\":\"WebPage\",\"@id\":\"https:\\\/\\\/ateliervae.fr\\\/?product=bmz-brose-down-tube-half-geintegreerd-36v-17-5ah-wake\",\"url\":\"https:\\\/\\\/ateliervae.fr\\\/?product=bmz-brose-down-tube-half-geintegreerd-36v-17-5ah-wake\",\"name\":\"Batterie pour velos BMZ Brose Down tube Half-Ge\u00efntegreerd 36V 17.5Ah \\\/ 630Wh Wake - ateliervae.fr\",\"isPartOf\":{\"@id\":\"https:\\\/\\\/ateliervae.fr\\\/#website\"},\"primaryImageOfPage\":{\"@id\":\"https:\\\/\\\/ateliervae.fr\\\/?product=bmz-brose-down-tube-half-geintegreerd-36v-17-5ah-wake#primaryimage\"},\"image\":{\"@id\":\"https:\\\/\\\/ateliervae.fr\\\/?product=bmz-brose-down-tube-half-geintegreerd-36v-17-5ah-wake#primaryimage\"},\"thumbnailUrl\":\"https:\\\/\\\/ateliervae.fr\\\/wp-content\\\/uploads\\\/2026\\\/04\\\/doc597648.jpg\",\"datePublished\":\"2026-04-22T20:06:22+00:00\",\"dateModified\":\"2026-04-23T08:17:50+00:00\",\"description\":\"Meilleure batterie v\u00e9lo \u00e9lectrique 36V d\u00e8s 649\u20ac : autonomie longue, performance fiable et recharge rapide pour tous vos trajets.\",\"breadcrumb\":{\"@id\":\"https:\\\/\\\/ateliervae.fr\\\/?product=bmz-brose-down-tube-half-geintegreerd-36v-17-5ah-wake#breadcrumb\"},\"inLanguage\":\"fr-FR\",\"potentialAction\":[{\"@type\":\"ReadAction\",\"target\":[\"https:\\\/\\\/ateliervae.fr\\\/?product=bmz-brose-down-tube-half-geintegreerd-36v-17-5ah-wake\"]}]},{\"@type\":\"ImageObject\",\"inLanguage\":\"fr-FR\",\"@id\":\"https:\\\/\\\/ateliervae.fr\\\/?product=bmz-brose-down-tube-half-geintegreerd-36v-17-5ah-wake#primaryimage\",\"url\":\"https:\\\/\\\/ateliervae.fr\\\/wp-content\\\/uploads\\\/2026\\\/04\\\/doc597648.jpg\",\"contentUrl\":\"https:\\\/\\\/ateliervae.fr\\\/wp-content\\\/uploads\\\/2026\\\/04\\\/doc597648.jpg\",\"width\":360,\"height\":360,\"caption\":\"meilleure batterie v\u00e9lo \u00e9lectrique 36V\"},{\"@type\":\"BreadcrumbList\",\"@id\":\"https:\\\/\\\/ateliervae.fr\\\/?product=bmz-brose-down-tube-half-geintegreerd-36v-17-5ah-wake#breadcrumb\",\"itemListElement\":[{\"@type\":\"ListItem\",\"position\":1,\"name\":\"Home\",\"item\":\"https:\\\/\\\/ateliervae.fr\\\/\"},{\"@type\":\"ListItem\",\"position\":2,\"name\":\"Produits\",\"item\":\"https:\\\/\\\/ateliervae.fr\\\/shop\\\/\"},{\"@type\":\"ListItem\",\"position\":3,\"name\":\"Batterie pour velos BMZ Brose Down tube Half-Ge\u00efntegreerd 36V 17.5Ah \\\/ 630Wh Wake\"}]},{\"@type\":\"WebSite\",\"@id\":\"https:\\\/\\\/ateliervae.fr\\\/#website\",\"url\":\"https:\\\/\\\/ateliervae.fr\\\/\",\"name\":\"ateliervae.fr\",\"description\":\"L\u2019\u00e9nergie au c\u0153ur de vos trajets\",\"publisher\":{\"@id\":\"https:\\\/\\\/ateliervae.fr\\\/#organization\"},\"potentialAction\":[{\"@type\":\"SearchAction\",\"target\":{\"@type\":\"EntryPoint\",\"urlTemplate\":\"https:\\\/\\\/ateliervae.fr\\\/?s={search_term_string}\"},\"query-input\":{\"@type\":\"PropertyValueSpecification\",\"valueRequired\":true,\"valueName\":\"search_term_string\"}}],\"inLanguage\":\"fr-FR\"},{\"@type\":\"Organization\",\"@id\":\"https:\\\/\\\/ateliervae.fr\\\/#organization\",\"name\":\"ateliervae.fr\",\"url\":\"https:\\\/\\\/ateliervae.fr\\\/\",\"logo\":{\"@type\":\"ImageObject\",\"inLanguage\":\"fr-FR\",\"@id\":\"https:\\\/\\\/ateliervae.fr\\\/#\\\/schema\\\/logo\\\/image\\\/\",\"url\":\"https:\\\/\\\/ateliervae.fr\\\/wp-content\\\/uploads\\\/2026\\\/04\\\/ChatGPT-Image-6-avr.-2026-11_58_22.png\",\"contentUrl\":\"https:\\\/\\\/ateliervae.fr\\\/wp-content\\\/uploads\\\/2026\\\/04\\\/ChatGPT-Image-6-avr.-2026-11_58_22.png\",\"width\":1536,\"height\":1024,\"caption\":\"ateliervae.fr\"},\"image\":{\"@id\":\"https:\\\/\\\/ateliervae.fr\\\/#\\\/schema\\\/logo\\\/image\\\/\"}}]}<\/script>\n<!-- \/ Yoast SEO plugin. -->","yoast_head_json":{"title":"Batterie pour velos BMZ Brose Down tube Half-Ge\u00efntegreerd 36V 17.5Ah \/ 630Wh Wake - ateliervae.fr","description":"Meilleure batterie v\u00e9lo \u00e9lectrique 36V d\u00e8s 649\u20ac : autonomie longue, performance fiable et recharge rapide pour tous vos trajets.","robots":{"index":"index","follow":"follow","max-snippet":"max-snippet:-1","max-image-preview":"max-image-preview:large","max-video-preview":"max-video-preview:-1"},"canonical":"https:\/\/ateliervae.fr\/?product=bmz-brose-down-tube-half-geintegreerd-36v-17-5ah-wake","og_locale":"fr_FR","og_type":"article","og_title":"Batterie pour velos BMZ Brose Down tube Half-Ge\u00efntegreerd 36V 17.5Ah \/ 630Wh Wake - ateliervae.fr","og_description":"Meilleure batterie v\u00e9lo \u00e9lectrique 36V d\u00e8s 649\u20ac : autonomie longue, performance fiable et recharge rapide pour tous vos trajets.","og_url":"https:\/\/ateliervae.fr\/?product=bmz-brose-down-tube-half-geintegreerd-36v-17-5ah-wake","og_site_name":"ateliervae.fr","article_modified_time":"2026-04-23T08:17:50+00:00","og_image":[{"width":360,"height":360,"url":"https:\/\/ateliervae.fr\/wp-content\/uploads\/2026\/04\/doc597648.jpg","type":"image\/jpeg"}],"twitter_card":"summary_large_image","twitter_misc":{"Dur\u00e9e de lecture estim\u00e9e":"3 minutes"},"schema":{"@context":"https:\/\/schema.org","@graph":[{"@type":"WebPage","@id":"https:\/\/ateliervae.fr\/?product=bmz-brose-down-tube-half-geintegreerd-36v-17-5ah-wake","url":"https:\/\/ateliervae.fr\/?product=bmz-brose-down-tube-half-geintegreerd-36v-17-5ah-wake","name":"Batterie pour velos BMZ Brose Down tube Half-Ge\u00efntegreerd 36V 17.5Ah \/ 630Wh Wake - ateliervae.fr","isPartOf":{"@id":"https:\/\/ateliervae.fr\/#website"},"primaryImageOfPage":{"@id":"https:\/\/ateliervae.fr\/?product=bmz-brose-down-tube-half-geintegreerd-36v-17-5ah-wake#primaryimage"},"image":{"@id":"https:\/\/ateliervae.fr\/?product=bmz-brose-down-tube-half-geintegreerd-36v-17-5ah-wake#primaryimage"},"thumbnailUrl":"https:\/\/ateliervae.fr\/wp-content\/uploads\/2026\/04\/doc597648.jpg","datePublished":"2026-04-22T20:06:22+00:00","dateModified":"2026-04-23T08:17:50+00:00","description":"Meilleure batterie v\u00e9lo \u00e9lectrique 36V d\u00e8s 649\u20ac : autonomie longue, performance fiable et recharge rapide pour tous vos trajets.","breadcrumb":{"@id":"https:\/\/ateliervae.fr\/?product=bmz-brose-down-tube-half-geintegreerd-36v-17-5ah-wake#breadcrumb"},"inLanguage":"fr-FR","potentialAction":[{"@type":"ReadAction","target":["https:\/\/ateliervae.fr\/?product=bmz-brose-down-tube-half-geintegreerd-36v-17-5ah-wake"]}]},{"@type":"ImageObject","inLanguage":"fr-FR","@id":"https:\/\/ateliervae.fr\/?product=bmz-brose-down-tube-half-geintegreerd-36v-17-5ah-wake#primaryimage","url":"https:\/\/ateliervae.fr\/wp-content\/uploads\/2026\/04\/doc597648.jpg","contentUrl":"https:\/\/ateliervae.fr\/wp-content\/uploads\/2026\/04\/doc597648.jpg","width":360,"height":360,"caption":"meilleure batterie v\u00e9lo \u00e9lectrique 36V"},{"@type":"BreadcrumbList","@id":"https:\/\/ateliervae.fr\/?product=bmz-brose-down-tube-half-geintegreerd-36v-17-5ah-wake#breadcrumb","itemListElement":[{"@type":"ListItem","position":1,"name":"Home","item":"https:\/\/ateliervae.fr\/"},{"@type":"ListItem","position":2,"name":"Produits","item":"https:\/\/ateliervae.fr\/shop\/"},{"@type":"ListItem","position":3,"name":"Batterie pour velos BMZ Brose Down tube Half-Ge\u00efntegreerd 36V 17.5Ah \/ 630Wh Wake"}]},{"@type":"WebSite","@id":"https:\/\/ateliervae.fr\/#website","url":"https:\/\/ateliervae.fr\/","name":"ateliervae.fr","description":"L\u2019\u00e9nergie au c\u0153ur de vos trajets","publisher":{"@id":"https:\/\/ateliervae.fr\/#organization"},"potentialAction":[{"@type":"SearchAction","target":{"@type":"EntryPoint","urlTemplate":"https:\/\/ateliervae.fr\/?s={search_term_string}"},"query-input":{"@type":"PropertyValueSpecification","valueRequired":true,"valueName":"search_term_string"}}],"inLanguage":"fr-FR"},{"@type":"Organization","@id":"https:\/\/ateliervae.fr\/#organization","name":"ateliervae.fr","url":"https:\/\/ateliervae.fr\/","logo":{"@type":"ImageObject","inLanguage":"fr-FR","@id":"https:\/\/ateliervae.fr\/#\/schema\/logo\/image\/","url":"https:\/\/ateliervae.fr\/wp-content\/uploads\/2026\/04\/ChatGPT-Image-6-avr.-2026-11_58_22.png","contentUrl":"https:\/\/ateliervae.fr\/wp-content\/uploads\/2026\/04\/ChatGPT-Image-6-avr.-2026-11_58_22.png","width":1536,"height":1024,"caption":"ateliervae.fr"},"image":{"@id":"https:\/\/ateliervae.fr\/#\/schema\/logo\/image\/"}}]}},"_links":{"self":[{"href":"https:\/\/ateliervae.fr\/index.php?rest_route=\/wp\/v2\/product\/28121","targetHints":{"allow":["GET"]}}],"collection":[{"href":"https:\/\/ateliervae.fr\/index.php?rest_route=\/wp\/v2\/product"}],"about":[{"href":"https:\/\/ateliervae.fr\/index.php?rest_route=\/wp\/v2\/types\/product"}],"replies":[{"embeddable":true,"href":"https:\/\/ateliervae.fr\/index.php?rest_route=%2Fwp%2Fv2%2Fcomments&post=28121"}],"version-history":[{"count":2,"href":"https:\/\/ateliervae.fr\/index.php?rest_route=\/wp\/v2\/product\/28121\/revisions"}],"predecessor-version":[{"id":28171,"href":"https:\/\/ateliervae.fr\/index.php?rest_route=\/wp\/v2\/product\/28121\/revisions\/28171"}],"wp:featuredmedia":[{"embeddable":true,"href":"https:\/\/ateliervae.fr\/index.php?rest_route=\/wp\/v2\/media\/28120"}],"wp:attachment":[{"href":"https:\/\/ateliervae.fr\/index.php?rest_route=%2Fwp%2Fv2%2Fmedia&parent=28121"}],"wp:term":[{"taxonomy":"product_brand","embeddable":true,"href":"https:\/\/ateliervae.fr\/index.php?rest_route=%2Fwp%2Fv2%2Fproduct_brand&post=28121"},{"taxonomy":"product_cat","embeddable":true,"href":"https:\/\/ateliervae.fr\/index.php?rest_route=%2Fwp%2Fv2%2Fproduct_cat&post=28121"},{"taxonomy":"product_tag","embeddable":true,"href":"https:\/\/ateliervae.fr\/index.php?rest_route=%2Fwp%2Fv2%2Fproduct_tag&post=28121"}],"curies":[{"name":"wp","href":"https:\/\/api.w.org\/{rel}","templated":true}]}}