{"id":28117,"date":"2026-04-22T20:06:21","date_gmt":"2026-04-22T20:06:21","guid":{"rendered":"https:\/\/ateliervae.fr\/?product=bmz-brose-supercore-37v-20ah-down-tube-semi-integral"},"modified":"2026-04-23T08:04:37","modified_gmt":"2026-04-23T08:04:37","slug":"meilleure-batterie-velo-electrique-bmz","status":"publish","type":"product","link":"https:\/\/ateliervae.fr\/?product=meilleure-batterie-velo-electrique-bmz","title":{"rendered":"Batterie pour velos BMZ Brose Supercore 37V 20Ah \/ 720Wh Down Tube Semi Integral"},"content":{"rendered":"<h2 data-section-id=\"ntdnji\" data-start=\"202\" data-end=\"239\">Description d\u00e9taill\u00e9e du produit<\/h2>\n<p data-start=\"241\" data-end=\"638\">La <strong data-start=\"244\" data-end=\"320\">Batterie pour v\u00e9los BMZ Brose Supercore 37V 20Ah Down Tube Semi Integral<\/strong> s\u2019impose comme une r\u00e9f\u00e9rence pour les cyclistes exigeants \u00e0 la recherche de la <strong data-start=\"400\" data-end=\"438\">meilleure batterie v\u00e9lo \u00e9lectrique<\/strong>. Con\u00e7ue avec une technologie <strong data-start=\"468\" data-end=\"490\">Lithium-ion e-bike<\/strong>, elle combine puissance, autonomie et durabilit\u00e9 pour r\u00e9pondre aux besoins des trajets urbains comme des sorties longue distance en VTT \u00e9lectrique.<\/p>\n<p data-start=\"640\" data-end=\"1000\">Gr\u00e2ce \u00e0 sa capacit\u00e9 de <strong data-start=\"663\" data-end=\"679\">20Ah (720Wh)<\/strong> et son voltage de <strong data-start=\"698\" data-end=\"705\">37V<\/strong>, cette batterie offre une <strong data-start=\"732\" data-end=\"770\">autonomie batterie v\u00e9lo \u00e9lectrique<\/strong> impressionnante, pouvant atteindre jusqu\u2019\u00e0 150 km selon les conditions d\u2019utilisation. Elle est id\u00e9ale pour les utilisateurs r\u00e9guliers souhaitant une solution fiable pour leurs d\u00e9placements quotidiens ou leurs aventures sportives.<\/p>\n<p data-start=\"1002\" data-end=\"1314\">Sa conception <strong data-start=\"1016\" data-end=\"1043\">Down Tube Semi Integral<\/strong> garantit une int\u00e9gration \u00e9l\u00e9gante au cadre du v\u00e9lo, tout en assurant une excellente r\u00e9partition du poids. Compatible avec les moteurs Brose, cette batterie est parfaitement adapt\u00e9e aux v\u00e9los haut de gamme n\u00e9cessitant une <strong data-start=\"1265\" data-end=\"1313\">batterie lithium v\u00e9lo \u00e9lectrique performante<\/strong>.<\/p>\n<p data-start=\"1316\" data-end=\"1353\">Les principaux avantages incluent :<\/p>\n<ul data-start=\"1354\" data-end=\"1596\">\n<li data-section-id=\"1iwnzq0\" data-start=\"1354\" data-end=\"1433\">Une <strong data-start=\"1360\" data-end=\"1404\">grande capacit\u00e9 batterie v\u00e9lo \u00e9lectrique<\/strong> pour des trajets prolong\u00e9s<\/li>\n<li data-section-id=\"1omtqlu\" data-start=\"1434\" data-end=\"1503\">Une excellente stabilit\u00e9 \u00e9nerg\u00e9tique gr\u00e2ce au syst\u00e8me BMS int\u00e9gr\u00e9<\/li>\n<li data-section-id=\"8io361\" data-start=\"1504\" data-end=\"1537\">Une recharge rapide optimis\u00e9e<\/li>\n<li data-section-id=\"1c6yk1m\" data-start=\"1538\" data-end=\"1596\">Une dur\u00e9e de vie \u00e9lev\u00e9e, id\u00e9ale pour un usage intensif<\/li>\n<\/ul>\n<div><\/div>\n<h2 data-section-id=\"1q517wf\" data-start=\"1796\" data-end=\"1826\">Tableau technique complet<\/h2>\n<div class=\"TyagGW_tableContainer\">\n<div class=\"group TyagGW_tableWrapper flex flex-col-reverse w-fit\" tabindex=\"-1\">\n<table class=\"w-fit min-w-(--thread-content-width)\" data-start=\"1828\" data-end=\"2443\">\n<thead data-start=\"1828\" data-end=\"1856\">\n<tr data-start=\"1828\" data-end=\"1856\">\n<th class=\"\" data-start=\"1828\" data-end=\"1846\" data-col-size=\"sm\">Caract\u00e9ristique<\/th>\n<th class=\"\" data-start=\"1846\" data-end=\"1856\" data-col-size=\"md\">D\u00e9tail<\/th>\n<\/tr>\n<\/thead>\n<tbody data-start=\"1885\" data-end=\"2443\">\n<tr data-start=\"1885\" data-end=\"1937\">\n<td data-start=\"1885\" data-end=\"1904\" data-col-size=\"sm\">Type de batterie<\/td>\n<td data-start=\"1904\" data-end=\"1937\" data-col-size=\"md\"><a href=\"https:\/\/ateliervae.fr\/?product=bmz-brose-37v-17-5ah-batterie-velo-electrique-semi-integre-avec-function-reveille\">Batterie pour v\u00e9lo \u00e9lectrique<\/a><\/td>\n<\/tr>\n<tr data-start=\"1938\" data-end=\"1967\">\n<td data-start=\"1938\" data-end=\"1952\" data-col-size=\"sm\">Technologie<\/td>\n<td data-start=\"1952\" data-end=\"1967\" data-col-size=\"md\">Lithium-ion<\/td>\n<\/tr>\n<tr data-start=\"1968\" data-end=\"1985\">\n<td data-start=\"1968\" data-end=\"1978\" data-col-size=\"sm\">Voltage<\/td>\n<td data-start=\"1978\" data-end=\"1985\" data-col-size=\"md\">37V<\/td>\n<\/tr>\n<tr data-start=\"1986\" data-end=\"2013\">\n<td data-start=\"1986\" data-end=\"1997\" data-col-size=\"sm\">Capacit\u00e9<\/td>\n<td data-start=\"1997\" data-end=\"2013\" data-col-size=\"md\">20Ah \/ 720Wh<\/td>\n<\/tr>\n<tr data-start=\"2014\" data-end=\"2049\">\n<td data-start=\"2014\" data-end=\"2034\" data-col-size=\"sm\">Autonomie estim\u00e9e<\/td>\n<td data-start=\"2034\" data-end=\"2049\" data-col-size=\"md\">80 \u00e0 150 km<\/td>\n<\/tr>\n<tr data-start=\"2050\" data-end=\"2084\">\n<td data-start=\"2050\" data-end=\"2068\" data-col-size=\"sm\">Temps de charge<\/td>\n<td data-start=\"2068\" data-end=\"2084\" data-col-size=\"md\">5 \u00e0 6 heures<\/td>\n<\/tr>\n<tr data-start=\"2085\" data-end=\"2121\">\n<td data-start=\"2085\" data-end=\"2100\" data-col-size=\"sm\">Dur\u00e9e de vie<\/td>\n<td data-start=\"2100\" data-end=\"2121\" data-col-size=\"md\">800 \u00e0 1000 cycles<\/td>\n<\/tr>\n<tr data-start=\"2122\" data-end=\"2155\">\n<td data-start=\"2122\" data-end=\"2138\" data-col-size=\"sm\">Compatibilit\u00e9<\/td>\n<td data-start=\"2138\" data-end=\"2155\" data-col-size=\"md\">Moteurs Brose<\/td>\n<\/tr>\n<tr data-start=\"2156\" data-end=\"2205\">\n<td data-start=\"2156\" data-end=\"2178\" data-col-size=\"sm\">Syst\u00e8me de fixation<\/td>\n<td data-start=\"2178\" data-end=\"2205\" data-col-size=\"md\">Down Tube Semi Integral<\/td>\n<\/tr>\n<tr data-start=\"2206\" data-end=\"2232\">\n<td data-start=\"2206\" data-end=\"2214\" data-col-size=\"sm\">Poids<\/td>\n<td data-start=\"2214\" data-end=\"2232\" data-col-size=\"md\">Environ 3,8 kg<\/td>\n<\/tr>\n<tr data-start=\"2233\" data-end=\"2272\">\n<td data-start=\"2233\" data-end=\"2247\" data-col-size=\"sm\">Emplacement<\/td>\n<td data-start=\"2247\" data-end=\"2272\" data-col-size=\"md\">Cadre (tube diagonal)<\/td>\n<\/tr>\n<tr data-start=\"2273\" data-end=\"2297\">\n<td data-start=\"2273\" data-end=\"2280\" data-col-size=\"sm\">Type<\/td>\n<td data-start=\"2280\" data-end=\"2297\" data-col-size=\"md\">Semi int\u00e9gr\u00e9e<\/td>\n<\/tr>\n<tr data-start=\"2298\" data-end=\"2360\">\n<td data-start=\"2298\" data-end=\"2309\" data-col-size=\"sm\">S\u00e9curit\u00e9<\/td>\n<td data-start=\"2309\" data-end=\"2360\" data-col-size=\"md\">BMS int\u00e9gr\u00e9 (protection surtension, surchauffe)<\/td>\n<\/tr>\n<tr data-start=\"2361\" data-end=\"2405\">\n<td data-start=\"2361\" data-end=\"2389\" data-col-size=\"sm\">Temp\u00e9rature d\u2019utilisation<\/td>\n<td data-start=\"2389\" data-end=\"2405\" data-col-size=\"md\">-10\u00b0C \u00e0 45\u00b0C<\/td>\n<\/tr>\n<tr data-start=\"2406\" data-end=\"2443\">\n<td data-start=\"2406\" data-end=\"2422\" data-col-size=\"sm\">Ann\u00e9e \/ gamme<\/td>\n<td data-start=\"2422\" data-end=\"2443\" data-col-size=\"md\">Gamme premium BMZ<\/td>\n<\/tr>\n<\/tbody>\n<\/table>\n<\/div>\n<\/div>\n<div><\/div>\n<h2 data-section-id=\"2iyrjr\" data-start=\"2541\" data-end=\"2564\">Tableau comparatif<\/h2>\n<div class=\"TyagGW_tableContainer\">\n<div class=\"group TyagGW_tableWrapper flex flex-col-reverse w-fit\" tabindex=\"-1\">\n<table class=\"w-fit min-w-(--thread-content-width)\" data-start=\"2566\" data-end=\"3031\">\n<thead data-start=\"2566\" data-end=\"2663\">\n<tr data-start=\"2566\" data-end=\"2663\">\n<th class=\"\" data-start=\"2566\" data-end=\"2575\" data-col-size=\"sm\">Mod\u00e8le<\/th>\n<th class=\"\" data-start=\"2575\" data-end=\"2594\" data-col-size=\"sm\">Type de batterie<\/th>\n<th class=\"\" data-start=\"2594\" data-end=\"2615\" data-col-size=\"sm\">Voltage \/ capacit\u00e9<\/th>\n<th class=\"\" data-start=\"2615\" data-end=\"2627\" data-col-size=\"sm\">Autonomie<\/th>\n<th class=\"\" data-start=\"2627\" data-end=\"2643\" data-col-size=\"sm\">Compatibilit\u00e9<\/th>\n<th class=\"\" data-start=\"2643\" data-end=\"2651\" data-col-size=\"sm\">Poids<\/th>\n<th class=\"\" data-start=\"2651\" data-end=\"2663\" data-col-size=\"sm\">Prix TTC<\/th>\n<\/tr>\n<\/thead>\n<tbody data-start=\"2759\" data-end=\"3031\">\n<tr data-start=\"2759\" data-end=\"2852\">\n<td data-start=\"2759\" data-end=\"2790\" data-col-size=\"sm\">BMZ Brose Supercore 37V 20Ah<\/td>\n<td data-start=\"2790\" data-end=\"2804\" data-col-size=\"sm\">Lithium-ion<\/td>\n<td data-start=\"2804\" data-end=\"2817\" data-col-size=\"sm\">37V \/ 20Ah<\/td>\n<td data-start=\"2817\" data-end=\"2826\" data-col-size=\"sm\">150 km<\/td>\n<td data-start=\"2826\" data-end=\"2834\" data-col-size=\"sm\">Brose<\/td>\n<td data-start=\"2834\" data-end=\"2843\" data-col-size=\"sm\">3,8 kg<\/td>\n<td data-start=\"2843\" data-end=\"2852\" data-col-size=\"sm\">~899\u20ac<\/td>\n<\/tr>\n<tr data-start=\"2853\" data-end=\"2939\">\n<td data-start=\"2853\" data-end=\"2875\" data-col-size=\"sm\"><a href=\"https:\/\/ateliervae.fr\/?product=bosch-powertube-625-horizontal-compatible-par-e-bike-vision\">Bosch PowerTube 625<\/a><\/td>\n<td data-start=\"2875\" data-end=\"2889\" data-col-size=\"sm\">Lithium-ion<\/td>\n<td data-start=\"2889\" data-end=\"2904\" data-col-size=\"sm\">36V \/ 17,4Ah<\/td>\n<td data-start=\"2904\" data-end=\"2913\" data-col-size=\"sm\">120 km<\/td>\n<td data-start=\"2913\" data-end=\"2921\" data-col-size=\"sm\">Bosch<\/td>\n<td data-start=\"2921\" data-end=\"2930\" data-col-size=\"sm\">3,5 kg<\/td>\n<td data-start=\"2930\" data-end=\"2939\" data-col-size=\"sm\">~949\u20ac<\/td>\n<\/tr>\n<tr data-start=\"2940\" data-end=\"3031\">\n<td data-start=\"2940\" data-end=\"2965\" data-col-size=\"sm\"><a href=\"https:\/\/ateliervae.fr\/?product=batterie-shimano-steps-bt-e8036-17-5ah\">Shimano Steps BT-E8036<\/a><\/td>\n<td data-start=\"2965\" data-end=\"2979\" data-col-size=\"sm\">Lithium-ion<\/td>\n<td data-start=\"2979\" data-end=\"2994\" data-col-size=\"sm\">36V \/ 17,5Ah<\/td>\n<td data-start=\"2994\" data-end=\"3003\" data-col-size=\"sm\">100 km<\/td>\n<td data-start=\"3003\" data-end=\"3013\" data-col-size=\"sm\">Shimano<\/td>\n<td data-start=\"3013\" data-end=\"3022\" data-col-size=\"sm\">2,9 kg<\/td>\n<td data-start=\"3022\" data-end=\"3031\" data-col-size=\"sm\">~799\u20ac<\/td>\n<\/tr>\n<\/tbody>\n<\/table>\n<\/div>\n<\/div>\n<div><\/div>\n<div><\/div>\n<h2 data-section-id=\"qukz3i\" data-start=\"3230\" data-end=\"3264\">Conclusion<\/h2>\n<p data-start=\"3266\" data-end=\"3575\">La batterie BMZ Brose Supercore 37V 20Ah est sans conteste une solution haut de gamme pour les cyclistes recherchant une <strong data-start=\"3387\" data-end=\"3432\">batterie longue autonomie v\u00e9lo \u00e9lectrique<\/strong> fiable et performante. Sa capacit\u00e9 \u00e9lev\u00e9e, sa compatibilit\u00e9 avec les moteurs Brose et sa conception robuste en font un investissement durable.<\/p>\n<h2 data-section-id=\"x9bttf\" data-start=\"3898\" data-end=\"3906\">FAQ<\/h2>\n<p data-start=\"3908\" data-end=\"4029\"><strong data-start=\"3908\" data-end=\"3950\">Quelle autonomie pour cette batterie ?<\/strong><br data-start=\"3950\" data-end=\"3953\" \/>Elle peut atteindre jusqu\u2019\u00e0 150 km selon le mode d\u2019assistance et le terrain.<\/p>\n<p data-start=\"4031\" data-end=\"4133\"><strong data-start=\"4031\" data-end=\"4070\">Est-elle compatible avec mon v\u00e9lo ?<\/strong><br data-start=\"4070\" data-end=\"4073\" \/>Elle est compatible avec les v\u00e9los \u00e9quip\u00e9s de moteurs Brose.<\/p>\n<p data-start=\"4135\" data-end=\"4221\"><strong data-start=\"4135\" data-end=\"4172\">Combien de temps dure la charge ?<\/strong><br data-start=\"4172\" data-end=\"4175\" \/>Environ 5 \u00e0 6 heures pour une charge compl\u00e8te.<\/p>\n<p data-start=\"4223\" data-end=\"4337\"><strong data-start=\"4223\" data-end=\"4268\">Peut-on remplacer une batterie ancienne ?<\/strong><br data-start=\"4268\" data-end=\"4271\" \/>Oui, \u00e0 condition de respecter la compatibilit\u00e9 moteur et fixation.<\/p>\n<p data-start=\"4339\" data-end=\"4409\"><strong data-start=\"4339\" data-end=\"4371\">Quelle est sa dur\u00e9e de vie ?<\/strong><br data-start=\"4371\" data-end=\"4374\" \/>Entre 800 et 1000 cycles de charge.<\/p>\n<p data-start=\"4411\" data-end=\"4537\"><strong data-start=\"4411\" data-end=\"4450\">Cette batterie est-elle s\u00e9curis\u00e9e ?<\/strong><br data-start=\"4450\" data-end=\"4453\" \/>Oui, elle dispose d\u2019un syst\u00e8me BMS prot\u00e9geant contre les surtensions et surchauffes.<\/p>\n<p data-start=\"4539\" data-end=\"4656\"><strong data-start=\"4539\" data-end=\"4581\">Convient-elle pour un usage intensif ?<\/strong><br data-start=\"4581\" data-end=\"4584\" \/>Absolument, elle est con\u00e7ue pour les longs trajets et le VTT \u00e9lectrique.<\/p>\n","protected":false},"excerpt":{"rendered":"<ul data-start=\"4688\" data-end=\"4946\">\n<li data-section-id=\"1kdvne6\" data-start=\"4688\" data-end=\"4749\"><span style=\"color: #99cc00;\">\ud83d\udd0b <strong data-start=\"4693\" data-end=\"4719\">Puissance et autonomie<\/strong> : 720Wh pour jusqu\u2019\u00e0 150 km<\/span><\/li>\n<li data-section-id=\"thkvrx\" data-start=\"4750\" data-end=\"4814\"><span style=\"color: #99cc00;\">\u26a1 <strong data-start=\"4754\" data-end=\"4781\">Technologie et s\u00e9curit\u00e9<\/strong> : Lithium-ion avec BMS int\u00e9gr\u00e9<\/span><\/li>\n<li data-section-id=\"164i433\" data-start=\"4815\" data-end=\"4869\"><span style=\"color: #99cc00;\">\ud83d\udeb4 <strong data-start=\"4820\" data-end=\"4837\">Compatibilit\u00e9<\/strong> : Parfaite pour moteurs Brose<\/span><\/li>\n<li data-section-id=\"17tascj\" data-start=\"4870\" data-end=\"4946\"><span style=\"color: #99cc00;\">\u2b50 <strong data-start=\"4874\" data-end=\"4896\">Avantage principal<\/strong> : Batterie fiable, durable et haute performance<\/span><\/li>\n<\/ul>\n<p data-start=\"3577\" data-end=\"3768\">Si vous cherchez une <strong data-start=\"3598\" data-end=\"3642\">batterie 36V v\u00e9lo \u00e9lectrique performante<\/strong>, capable de r\u00e9pondre \u00e0 des usages intensifs tout en garantissant s\u00e9curit\u00e9 et long\u00e9vit\u00e9, ce mod\u00e8le est un choix strat\u00e9gique.<\/p>\n<p data-start=\"3770\" data-end=\"3891\">\ud83d\udc49 Optez d\u00e8s maintenant pour cette batterie et profitez d\u2019une exp\u00e9rience de conduite fluide, puissante et sans compromis.<\/p>\n","protected":false},"featured_media":28116,"comment_status":"open","ping_status":"closed","template":"","meta":[],"product_brand":[79],"product_cat":[113,33,115],"product_tag":[522,478],"class_list":{"0":"post-28117","1":"product","2":"type-product","3":"status-publish","4":"has-post-thumbnail","6":"product_brand-bmz","7":"product_cat-batterie-integree","8":"product_cat-batteries-de-velos","9":"product_cat-tube-diagonal-integre","10":"product_tag-batterie-velo-assistance-electrique-puissante-fiable","11":"product_tag-batterie-velo-electrique","13":"first","14":"instock","15":"shipping-taxable","16":"purchasable","17":"product-type-simple"},"yoast_head":"<!-- This site is optimized with the Yoast SEO plugin v27.5 - https:\/\/yoast.com\/product\/yoast-seo-wordpress\/ -->\n<title>Batterie pour velos BMZ Brose Supercore 37V 20Ah \/ 720Wh Down Tube Semi Integral - ateliervae.fr<\/title>\n<meta name=\"description\" content=\"Meilleure batterie v\u00e9lo \u00e9lectrique BMZ 37V 20Ah d\u00e8s ~899\u20ac : autonomie longue dur\u00e9e, performance fiable et recharge rapide.\" \/>\n<meta name=\"robots\" content=\"index, follow, max-snippet:-1, max-image-preview:large, max-video-preview:-1\" \/>\n<link rel=\"canonical\" href=\"https:\/\/ateliervae.fr\/?product=meilleure-batterie-velo-electrique-bmz\" \/>\n<meta property=\"og:locale\" content=\"fr_FR\" \/>\n<meta property=\"og:type\" content=\"article\" \/>\n<meta property=\"og:title\" content=\"Batterie pour velos BMZ Brose Supercore 37V 20Ah \/ 720Wh Down Tube Semi Integral - ateliervae.fr\" \/>\n<meta property=\"og:description\" content=\"Meilleure batterie v\u00e9lo \u00e9lectrique BMZ 37V 20Ah d\u00e8s ~899\u20ac : autonomie longue dur\u00e9e, performance fiable et recharge rapide.\" \/>\n<meta property=\"og:url\" content=\"https:\/\/ateliervae.fr\/?product=meilleure-batterie-velo-electrique-bmz\" \/>\n<meta property=\"og:site_name\" content=\"ateliervae.fr\" \/>\n<meta property=\"article:modified_time\" content=\"2026-04-23T08:04:37+00:00\" \/>\n<meta property=\"og:image\" content=\"https:\/\/ateliervae.fr\/wp-content\/uploads\/2026\/04\/doc571534.jpg\" \/>\n\t<meta property=\"og:image:width\" content=\"360\" \/>\n\t<meta property=\"og:image:height\" content=\"360\" \/>\n\t<meta property=\"og:image:type\" content=\"image\/jpeg\" \/>\n<meta name=\"twitter:card\" content=\"summary_large_image\" \/>\n<meta name=\"twitter:label1\" content=\"Dur\u00e9e de lecture estim\u00e9e\" \/>\n\t<meta name=\"twitter:data1\" content=\"3 minutes\" \/>\n<script type=\"application\/ld+json\" class=\"yoast-schema-graph\">{\"@context\":\"https:\\\/\\\/schema.org\",\"@graph\":[{\"@type\":\"WebPage\",\"@id\":\"https:\\\/\\\/ateliervae.fr\\\/?product=meilleure-batterie-velo-electrique-bmz\",\"url\":\"https:\\\/\\\/ateliervae.fr\\\/?product=meilleure-batterie-velo-electrique-bmz\",\"name\":\"Batterie pour velos BMZ Brose Supercore 37V 20Ah \\\/ 720Wh Down Tube Semi Integral - ateliervae.fr\",\"isPartOf\":{\"@id\":\"https:\\\/\\\/ateliervae.fr\\\/#website\"},\"primaryImageOfPage\":{\"@id\":\"https:\\\/\\\/ateliervae.fr\\\/?product=meilleure-batterie-velo-electrique-bmz#primaryimage\"},\"image\":{\"@id\":\"https:\\\/\\\/ateliervae.fr\\\/?product=meilleure-batterie-velo-electrique-bmz#primaryimage\"},\"thumbnailUrl\":\"https:\\\/\\\/ateliervae.fr\\\/wp-content\\\/uploads\\\/2026\\\/04\\\/doc571534.jpg\",\"datePublished\":\"2026-04-22T20:06:21+00:00\",\"dateModified\":\"2026-04-23T08:04:37+00:00\",\"description\":\"Meilleure batterie v\u00e9lo \u00e9lectrique BMZ 37V 20Ah d\u00e8s ~899\u20ac : autonomie longue dur\u00e9e, performance fiable et recharge rapide.\",\"breadcrumb\":{\"@id\":\"https:\\\/\\\/ateliervae.fr\\\/?product=meilleure-batterie-velo-electrique-bmz#breadcrumb\"},\"inLanguage\":\"fr-FR\",\"potentialAction\":[{\"@type\":\"ReadAction\",\"target\":[\"https:\\\/\\\/ateliervae.fr\\\/?product=meilleure-batterie-velo-electrique-bmz\"]}]},{\"@type\":\"ImageObject\",\"inLanguage\":\"fr-FR\",\"@id\":\"https:\\\/\\\/ateliervae.fr\\\/?product=meilleure-batterie-velo-electrique-bmz#primaryimage\",\"url\":\"https:\\\/\\\/ateliervae.fr\\\/wp-content\\\/uploads\\\/2026\\\/04\\\/doc571534.jpg\",\"contentUrl\":\"https:\\\/\\\/ateliervae.fr\\\/wp-content\\\/uploads\\\/2026\\\/04\\\/doc571534.jpg\",\"width\":360,\"height\":360,\"caption\":\"meilleure batterie v\u00e9lo \u00e9lectrique\"},{\"@type\":\"BreadcrumbList\",\"@id\":\"https:\\\/\\\/ateliervae.fr\\\/?product=meilleure-batterie-velo-electrique-bmz#breadcrumb\",\"itemListElement\":[{\"@type\":\"ListItem\",\"position\":1,\"name\":\"Home\",\"item\":\"https:\\\/\\\/ateliervae.fr\\\/\"},{\"@type\":\"ListItem\",\"position\":2,\"name\":\"Produits\",\"item\":\"https:\\\/\\\/ateliervae.fr\\\/shop\\\/\"},{\"@type\":\"ListItem\",\"position\":3,\"name\":\"Batterie pour velos BMZ Brose Supercore 37V 20Ah \\\/ 720Wh Down Tube Semi Integral\"}]},{\"@type\":\"WebSite\",\"@id\":\"https:\\\/\\\/ateliervae.fr\\\/#website\",\"url\":\"https:\\\/\\\/ateliervae.fr\\\/\",\"name\":\"ateliervae.fr\",\"description\":\"L\u2019\u00e9nergie au c\u0153ur de vos trajets\",\"publisher\":{\"@id\":\"https:\\\/\\\/ateliervae.fr\\\/#organization\"},\"potentialAction\":[{\"@type\":\"SearchAction\",\"target\":{\"@type\":\"EntryPoint\",\"urlTemplate\":\"https:\\\/\\\/ateliervae.fr\\\/?s={search_term_string}\"},\"query-input\":{\"@type\":\"PropertyValueSpecification\",\"valueRequired\":true,\"valueName\":\"search_term_string\"}}],\"inLanguage\":\"fr-FR\"},{\"@type\":\"Organization\",\"@id\":\"https:\\\/\\\/ateliervae.fr\\\/#organization\",\"name\":\"ateliervae.fr\",\"url\":\"https:\\\/\\\/ateliervae.fr\\\/\",\"logo\":{\"@type\":\"ImageObject\",\"inLanguage\":\"fr-FR\",\"@id\":\"https:\\\/\\\/ateliervae.fr\\\/#\\\/schema\\\/logo\\\/image\\\/\",\"url\":\"https:\\\/\\\/ateliervae.fr\\\/wp-content\\\/uploads\\\/2026\\\/04\\\/ChatGPT-Image-6-avr.-2026-11_58_22.png\",\"contentUrl\":\"https:\\\/\\\/ateliervae.fr\\\/wp-content\\\/uploads\\\/2026\\\/04\\\/ChatGPT-Image-6-avr.-2026-11_58_22.png\",\"width\":1536,\"height\":1024,\"caption\":\"ateliervae.fr\"},\"image\":{\"@id\":\"https:\\\/\\\/ateliervae.fr\\\/#\\\/schema\\\/logo\\\/image\\\/\"}}]}<\/script>\n<!-- \/ Yoast SEO plugin. -->","yoast_head_json":{"title":"Batterie pour velos BMZ Brose Supercore 37V 20Ah \/ 720Wh Down Tube Semi Integral - ateliervae.fr","description":"Meilleure batterie v\u00e9lo \u00e9lectrique BMZ 37V 20Ah d\u00e8s ~899\u20ac : autonomie longue dur\u00e9e, performance fiable et recharge rapide.","robots":{"index":"index","follow":"follow","max-snippet":"max-snippet:-1","max-image-preview":"max-image-preview:large","max-video-preview":"max-video-preview:-1"},"canonical":"https:\/\/ateliervae.fr\/?product=meilleure-batterie-velo-electrique-bmz","og_locale":"fr_FR","og_type":"article","og_title":"Batterie pour velos BMZ Brose Supercore 37V 20Ah \/ 720Wh Down Tube Semi Integral - ateliervae.fr","og_description":"Meilleure batterie v\u00e9lo \u00e9lectrique BMZ 37V 20Ah d\u00e8s ~899\u20ac : autonomie longue dur\u00e9e, performance fiable et recharge rapide.","og_url":"https:\/\/ateliervae.fr\/?product=meilleure-batterie-velo-electrique-bmz","og_site_name":"ateliervae.fr","article_modified_time":"2026-04-23T08:04:37+00:00","og_image":[{"width":360,"height":360,"url":"https:\/\/ateliervae.fr\/wp-content\/uploads\/2026\/04\/doc571534.jpg","type":"image\/jpeg"}],"twitter_card":"summary_large_image","twitter_misc":{"Dur\u00e9e de lecture estim\u00e9e":"3 minutes"},"schema":{"@context":"https:\/\/schema.org","@graph":[{"@type":"WebPage","@id":"https:\/\/ateliervae.fr\/?product=meilleure-batterie-velo-electrique-bmz","url":"https:\/\/ateliervae.fr\/?product=meilleure-batterie-velo-electrique-bmz","name":"Batterie pour velos BMZ Brose Supercore 37V 20Ah \/ 720Wh Down Tube Semi Integral - ateliervae.fr","isPartOf":{"@id":"https:\/\/ateliervae.fr\/#website"},"primaryImageOfPage":{"@id":"https:\/\/ateliervae.fr\/?product=meilleure-batterie-velo-electrique-bmz#primaryimage"},"image":{"@id":"https:\/\/ateliervae.fr\/?product=meilleure-batterie-velo-electrique-bmz#primaryimage"},"thumbnailUrl":"https:\/\/ateliervae.fr\/wp-content\/uploads\/2026\/04\/doc571534.jpg","datePublished":"2026-04-22T20:06:21+00:00","dateModified":"2026-04-23T08:04:37+00:00","description":"Meilleure batterie v\u00e9lo \u00e9lectrique BMZ 37V 20Ah d\u00e8s ~899\u20ac : autonomie longue dur\u00e9e, performance fiable et recharge rapide.","breadcrumb":{"@id":"https:\/\/ateliervae.fr\/?product=meilleure-batterie-velo-electrique-bmz#breadcrumb"},"inLanguage":"fr-FR","potentialAction":[{"@type":"ReadAction","target":["https:\/\/ateliervae.fr\/?product=meilleure-batterie-velo-electrique-bmz"]}]},{"@type":"ImageObject","inLanguage":"fr-FR","@id":"https:\/\/ateliervae.fr\/?product=meilleure-batterie-velo-electrique-bmz#primaryimage","url":"https:\/\/ateliervae.fr\/wp-content\/uploads\/2026\/04\/doc571534.jpg","contentUrl":"https:\/\/ateliervae.fr\/wp-content\/uploads\/2026\/04\/doc571534.jpg","width":360,"height":360,"caption":"meilleure batterie v\u00e9lo \u00e9lectrique"},{"@type":"BreadcrumbList","@id":"https:\/\/ateliervae.fr\/?product=meilleure-batterie-velo-electrique-bmz#breadcrumb","itemListElement":[{"@type":"ListItem","position":1,"name":"Home","item":"https:\/\/ateliervae.fr\/"},{"@type":"ListItem","position":2,"name":"Produits","item":"https:\/\/ateliervae.fr\/shop\/"},{"@type":"ListItem","position":3,"name":"Batterie pour velos BMZ Brose Supercore 37V 20Ah \/ 720Wh Down Tube Semi Integral"}]},{"@type":"WebSite","@id":"https:\/\/ateliervae.fr\/#website","url":"https:\/\/ateliervae.fr\/","name":"ateliervae.fr","description":"L\u2019\u00e9nergie au c\u0153ur de vos trajets","publisher":{"@id":"https:\/\/ateliervae.fr\/#organization"},"potentialAction":[{"@type":"SearchAction","target":{"@type":"EntryPoint","urlTemplate":"https:\/\/ateliervae.fr\/?s={search_term_string}"},"query-input":{"@type":"PropertyValueSpecification","valueRequired":true,"valueName":"search_term_string"}}],"inLanguage":"fr-FR"},{"@type":"Organization","@id":"https:\/\/ateliervae.fr\/#organization","name":"ateliervae.fr","url":"https:\/\/ateliervae.fr\/","logo":{"@type":"ImageObject","inLanguage":"fr-FR","@id":"https:\/\/ateliervae.fr\/#\/schema\/logo\/image\/","url":"https:\/\/ateliervae.fr\/wp-content\/uploads\/2026\/04\/ChatGPT-Image-6-avr.-2026-11_58_22.png","contentUrl":"https:\/\/ateliervae.fr\/wp-content\/uploads\/2026\/04\/ChatGPT-Image-6-avr.-2026-11_58_22.png","width":1536,"height":1024,"caption":"ateliervae.fr"},"image":{"@id":"https:\/\/ateliervae.fr\/#\/schema\/logo\/image\/"}}]}},"_links":{"self":[{"href":"https:\/\/ateliervae.fr\/index.php?rest_route=\/wp\/v2\/product\/28117","targetHints":{"allow":["GET"]}}],"collection":[{"href":"https:\/\/ateliervae.fr\/index.php?rest_route=\/wp\/v2\/product"}],"about":[{"href":"https:\/\/ateliervae.fr\/index.php?rest_route=\/wp\/v2\/types\/product"}],"replies":[{"embeddable":true,"href":"https:\/\/ateliervae.fr\/index.php?rest_route=%2Fwp%2Fv2%2Fcomments&post=28117"}],"version-history":[{"count":2,"href":"https:\/\/ateliervae.fr\/index.php?rest_route=\/wp\/v2\/product\/28117\/revisions"}],"predecessor-version":[{"id":28167,"href":"https:\/\/ateliervae.fr\/index.php?rest_route=\/wp\/v2\/product\/28117\/revisions\/28167"}],"wp:featuredmedia":[{"embeddable":true,"href":"https:\/\/ateliervae.fr\/index.php?rest_route=\/wp\/v2\/media\/28116"}],"wp:attachment":[{"href":"https:\/\/ateliervae.fr\/index.php?rest_route=%2Fwp%2Fv2%2Fmedia&parent=28117"}],"wp:term":[{"taxonomy":"product_brand","embeddable":true,"href":"https:\/\/ateliervae.fr\/index.php?rest_route=%2Fwp%2Fv2%2Fproduct_brand&post=28117"},{"taxonomy":"product_cat","embeddable":true,"href":"https:\/\/ateliervae.fr\/index.php?rest_route=%2Fwp%2Fv2%2Fproduct_cat&post=28117"},{"taxonomy":"product_tag","embeddable":true,"href":"https:\/\/ateliervae.fr\/index.php?rest_route=%2Fwp%2Fv2%2Fproduct_tag&post=28117"}],"curies":[{"name":"wp","href":"https:\/\/api.w.org\/{rel}","templated":true}]}}