{"id":28111,"date":"2026-04-22T20:06:19","date_gmt":"2026-04-22T20:06:19","guid":{"rendered":"https:\/\/ateliervae.fr\/?product=bmz-gp-v2-batterie-velo-36v-17ah"},"modified":"2026-04-23T08:42:53","modified_gmt":"2026-04-23T08:42:53","slug":"bmz-gp-v2-batterie-velo-36v-17ah","status":"publish","type":"product","link":"https:\/\/ateliervae.fr\/?product=bmz-gp-v2-batterie-velo-36v-17ah","title":{"rendered":"Batterie pour velos BMZ GP-V2 Batterie v\u00e9lo 36V 17Ah (\u2248 612\u2013624 Wh)"},"content":{"rendered":"<h3 data-section-id=\"32pjg0\" data-start=\"334\" data-end=\"373\">. Description d\u00e9taill\u00e9e du produit<\/h3>\n<p data-start=\"375\" data-end=\"738\">La <strong data-start=\"378\" data-end=\"409\">batterie BMZ GP-V2 36V 17Ah<\/strong> est une batterie lithium-ion haut de gamme con\u00e7ue pour les v\u00e9los \u00e9lectriques modernes n\u00e9cessitant puissance, autonomie et fiabilit\u00e9. Elle fait partie des solutions les plus recherch\u00e9es dans la cat\u00e9gorie <strong data-start=\"613\" data-end=\"656\">meilleure batterie 36V v\u00e9lo performance<\/strong>, gr\u00e2ce \u00e0 sa capacit\u00e9 \u00e9lev\u00e9e et sa compatibilit\u00e9 avec de nombreux syst\u00e8mes e-bike.<\/p>\n<p data-start=\"740\" data-end=\"1049\">Dot\u00e9e d\u2019une technologie <strong data-start=\"764\" data-end=\"787\">Lithium-ion avanc\u00e9e<\/strong>, cette batterie offre une excellente densit\u00e9 \u00e9nerg\u00e9tique et une stabilit\u00e9 optimale sur les longues distances. Avec une capacit\u00e9 d\u2019environ <strong data-start=\"926\" data-end=\"942\">612 \u00e0 624 Wh<\/strong>, elle garantit une autonomie \u00e9lev\u00e9e id\u00e9ale pour les trajets urbains, VTT \u00e9lectrique ou longues randonn\u00e9es.<\/p>\n<p data-start=\"1051\" data-end=\"1374\">Elle est particuli\u00e8rement adapt\u00e9e aux utilisateurs recherchant une <strong data-start=\"1118\" data-end=\"1169\">autonomie batterie v\u00e9lo \u00e9lectrique longue dur\u00e9e<\/strong>, tout en conservant un format compact et robuste. Son syst\u00e8me de gestion \u00e9lectronique (BMS int\u00e9gr\u00e9) prot\u00e8ge contre les surcharges, les courts-circuits et la surchauffe, garantissant une s\u00e9curit\u00e9 maximale.<\/p>\n<p data-start=\"1376\" data-end=\"1628\">Gr\u00e2ce \u00e0 son voltage standard de <strong data-start=\"1408\" data-end=\"1415\">36V<\/strong>, elle est compatible avec de nombreux moteurs centraux et roues arri\u00e8re, notamment sur des v\u00e9los de marques premium. Elle s\u2019impose comme une r\u00e9f\u00e9rence dans l\u2019univers de la <strong data-start=\"1588\" data-end=\"1627\">batterie lithium e-bike performante<\/strong>.<\/p>\n<p data-start=\"1635\" data-end=\"1658\">\n<h3 data-section-id=\"17gbbie\" data-start=\"1667\" data-end=\"1699\">4. Tableau technique complet<\/h3>\n<div class=\"TyagGW_tableContainer\">\n<div class=\"group TyagGW_tableWrapper flex flex-col-reverse w-fit\" tabindex=\"-1\">\n<table class=\"w-fit min-w-(--thread-content-width)\" data-start=\"1701\" data-end=\"2322\">\n<thead data-start=\"1701\" data-end=\"1729\">\n<tr data-start=\"1701\" data-end=\"1729\">\n<th class=\"\" data-start=\"1701\" data-end=\"1719\" data-col-size=\"sm\">Caract\u00e9ristique<\/th>\n<th class=\"\" data-start=\"1719\" data-end=\"1729\" data-col-size=\"sm\">D\u00e9tail<\/th>\n<\/tr>\n<\/thead>\n<tbody data-start=\"1758\" data-end=\"2322\">\n<tr data-start=\"1758\" data-end=\"1805\">\n<td data-start=\"1758\" data-end=\"1777\" data-col-size=\"sm\">Type de batterie<\/td>\n<td data-start=\"1777\" data-end=\"1805\" data-col-size=\"sm\"><a href=\"https:\/\/ateliervae.fr\/?product=batterie-velo-haute-performance-36v-14ah-bmz-brose\">Batterie v\u00e9lo \u00e9lectrique<\/a><\/td>\n<\/tr>\n<tr data-start=\"1806\" data-end=\"1835\">\n<td data-start=\"1806\" data-end=\"1820\" data-col-size=\"sm\">Technologie<\/td>\n<td data-start=\"1820\" data-end=\"1835\" data-col-size=\"sm\">Lithium-ion<\/td>\n<\/tr>\n<tr data-start=\"1836\" data-end=\"1853\">\n<td data-start=\"1836\" data-end=\"1846\" data-col-size=\"sm\">Voltage<\/td>\n<td data-start=\"1846\" data-end=\"1853\" data-col-size=\"sm\">36V<\/td>\n<\/tr>\n<tr data-start=\"1854\" data-end=\"1888\">\n<td data-start=\"1854\" data-end=\"1865\" data-col-size=\"sm\">Capacit\u00e9<\/td>\n<td data-start=\"1865\" data-end=\"1888\" data-col-size=\"sm\">17Ah (\u2248 612\u2013624 Wh)<\/td>\n<\/tr>\n<tr data-start=\"1889\" data-end=\"1936\">\n<td data-start=\"1889\" data-end=\"1909\" data-col-size=\"sm\">Autonomie estim\u00e9e<\/td>\n<td data-start=\"1909\" data-end=\"1936\" data-col-size=\"sm\">80 \u00e0 120 km selon usage<\/td>\n<\/tr>\n<tr data-start=\"1937\" data-end=\"1971\">\n<td data-start=\"1937\" data-end=\"1955\" data-col-size=\"sm\">Temps de charge<\/td>\n<td data-start=\"1955\" data-end=\"1971\" data-col-size=\"sm\">5 \u00e0 7 heures<\/td>\n<\/tr>\n<tr data-start=\"1972\" data-end=\"2008\">\n<td data-start=\"1972\" data-end=\"1987\" data-col-size=\"sm\">Dur\u00e9e de vie<\/td>\n<td data-start=\"1987\" data-end=\"2008\" data-col-size=\"sm\">500 \u00e0 1000 cycles<\/td>\n<\/tr>\n<tr data-start=\"2009\" data-end=\"2064\">\n<td data-start=\"2009\" data-end=\"2025\" data-col-size=\"sm\">Compatibilit\u00e9<\/td>\n<td data-start=\"2025\" data-end=\"2064\" data-col-size=\"sm\">V\u00e9los \u00e9lectriques 36V (Brose, etc.)<\/td>\n<\/tr>\n<tr data-start=\"2065\" data-end=\"2125\">\n<td data-start=\"2065\" data-end=\"2087\" data-col-size=\"sm\">Syst\u00e8me de fixation<\/td>\n<td data-start=\"2087\" data-end=\"2125\" data-col-size=\"sm\">Cadre \/ porte-bagage selon version<\/td>\n<\/tr>\n<tr data-start=\"2126\" data-end=\"2146\">\n<td data-start=\"2126\" data-end=\"2134\" data-col-size=\"sm\">Poids<\/td>\n<td data-start=\"2134\" data-end=\"2146\" data-col-size=\"sm\">\u2248 3.5 kg<\/td>\n<\/tr>\n<tr data-start=\"2147\" data-end=\"2183\">\n<td data-start=\"2147\" data-end=\"2161\" data-col-size=\"sm\">Emplacement<\/td>\n<td data-start=\"2161\" data-end=\"2183\" data-col-size=\"sm\">Cadre ou bagagerie<\/td>\n<\/tr>\n<tr data-start=\"2184\" data-end=\"2232\">\n<td data-start=\"2184\" data-end=\"2195\" data-col-size=\"sm\">S\u00e9curit\u00e9<\/td>\n<td data-start=\"2195\" data-end=\"2232\" data-col-size=\"sm\">BMS int\u00e9gr\u00e9 (protection compl\u00e8te)<\/td>\n<\/tr>\n<tr data-start=\"2233\" data-end=\"2278\">\n<td data-start=\"2233\" data-end=\"2261\" data-col-size=\"sm\">Temp\u00e9rature d\u2019utilisation<\/td>\n<td data-start=\"2261\" data-end=\"2278\" data-col-size=\"sm\">-10\u00b0C \u00e0 +50\u00b0C<\/td>\n<\/tr>\n<tr data-start=\"2279\" data-end=\"2322\">\n<td data-start=\"2279\" data-end=\"2295\" data-col-size=\"sm\">Ann\u00e9e \/ gamme<\/td>\n<td data-start=\"2295\" data-end=\"2322\" data-col-size=\"sm\">Gamme premium BMZ GP-V2<\/td>\n<\/tr>\n<\/tbody>\n<\/table>\n<\/div>\n<\/div>\n<p data-start=\"2329\" data-end=\"2357\">\n<h3 data-section-id=\"xsjdee\" data-start=\"2366\" data-end=\"2405\">5. Tableau comparatif (concurrents)<\/h3>\n<div class=\"TyagGW_tableContainer\">\n<div class=\"group TyagGW_tableWrapper flex flex-col-reverse w-fit\" tabindex=\"-1\">\n<table class=\"w-fit min-w-(--thread-content-width)\" data-start=\"2407\" data-end=\"2923\">\n<thead data-start=\"2407\" data-end=\"2517\">\n<tr data-start=\"2407\" data-end=\"2517\">\n<th class=\"\" data-start=\"2407\" data-end=\"2416\" data-col-size=\"sm\">Mod\u00e8le<\/th>\n<th class=\"\" data-start=\"2416\" data-end=\"2435\" data-col-size=\"sm\">Type de batterie<\/th>\n<th class=\"\" data-start=\"2435\" data-end=\"2456\" data-col-size=\"sm\">Voltage \/ capacit\u00e9<\/th>\n<th class=\"\" data-start=\"2456\" data-end=\"2468\" data-col-size=\"sm\">Autonomie<\/th>\n<th class=\"\" data-start=\"2468\" data-end=\"2484\" data-col-size=\"sm\">Compatibilit\u00e9<\/th>\n<th class=\"\" data-start=\"2484\" data-end=\"2492\" data-col-size=\"sm\">Poids<\/th>\n<th class=\"\" data-start=\"2492\" data-end=\"2517\" data-col-size=\"sm\">Prix TTC constructeur<\/th>\n<\/tr>\n<\/thead>\n<tbody data-start=\"2629\" data-end=\"2923\">\n<tr data-start=\"2629\" data-end=\"2720\">\n<td data-start=\"2629\" data-end=\"2641\" data-col-size=\"sm\">BMZ GP-V2<\/td>\n<td data-start=\"2641\" data-end=\"2655\" data-col-size=\"sm\">Lithium-ion<\/td>\n<td data-start=\"2655\" data-end=\"2668\" data-col-size=\"sm\">36V \/ 17Ah<\/td>\n<td data-start=\"2668\" data-end=\"2680\" data-col-size=\"sm\">80\u2013120 km<\/td>\n<td data-start=\"2680\" data-end=\"2701\" data-col-size=\"sm\">Brose \/ e-bike 36V<\/td>\n<td data-start=\"2701\" data-end=\"2710\" data-col-size=\"sm\">3.5 kg<\/td>\n<td data-start=\"2710\" data-end=\"2720\" data-col-size=\"sm\">~650 \u20ac<\/td>\n<\/tr>\n<tr data-start=\"2721\" data-end=\"2820\">\n<td data-start=\"2721\" data-end=\"2742\" data-col-size=\"sm\"><a href=\"https:\/\/ateliervae.fr\/?product=panasonic-deluxe-36v-14ah\">Panasonic 36V 14Ah<\/a><\/td>\n<td data-start=\"2742\" data-end=\"2756\" data-col-size=\"sm\">Lithium-ion<\/td>\n<td data-start=\"2756\" data-end=\"2769\" data-col-size=\"sm\">36V \/ 14Ah<\/td>\n<td data-start=\"2769\" data-end=\"2781\" data-col-size=\"sm\">60\u2013100 km<\/td>\n<td data-start=\"2781\" data-end=\"2801\" data-col-size=\"sm\">V\u00e9los urbains 36V<\/td>\n<td data-start=\"2801\" data-end=\"2810\" data-col-size=\"sm\">3.2 kg<\/td>\n<td data-start=\"2810\" data-end=\"2820\" data-col-size=\"sm\">~600 \u20ac<\/td>\n<\/tr>\n<tr data-start=\"2821\" data-end=\"2923\">\n<td data-start=\"2821\" data-end=\"2842\" data-col-size=\"sm\">Samsung 36V 17.5Ah<\/td>\n<td data-start=\"2842\" data-end=\"2856\" data-col-size=\"sm\">Lithium-ion<\/td>\n<td data-start=\"2856\" data-end=\"2871\" data-col-size=\"sm\">36V \/ 17.5Ah<\/td>\n<td data-start=\"2871\" data-end=\"2883\" data-col-size=\"sm\">90\u2013130 km<\/td>\n<td data-start=\"2883\" data-end=\"2904\" data-col-size=\"sm\">VAE universels 36V<\/td>\n<td data-start=\"2904\" data-end=\"2913\" data-col-size=\"sm\">3.6 kg<\/td>\n<td data-start=\"2913\" data-end=\"2923\" data-col-size=\"sm\">~680 \u20ac<\/td>\n<\/tr>\n<\/tbody>\n<\/table>\n<\/div>\n<\/div>\n<p data-start=\"2930\" data-end=\"2970\">\n<h3 data-section-id=\"oks0yd\" data-start=\"2979\" data-end=\"3015\">6. Conclusion<\/h3>\n<p data-start=\"3017\" data-end=\"3241\">La <strong data-start=\"3020\" data-end=\"3042\">BMZ GP-V2 36V 17Ah<\/strong> est une solution id\u00e9ale pour les cyclistes exigeants recherchant une <strong data-start=\"3112\" data-end=\"3158\">batterie v\u00e9lo \u00e9lectrique haute performance<\/strong>. Elle combine autonomie, s\u00e9curit\u00e9 et durabilit\u00e9 dans un format compact et robuste.<\/p>\n<p data-start=\"3243\" data-end=\"3540\">Si vous souhaitez am\u00e9liorer votre exp\u00e9rience de conduite, remplacer une batterie vieillissante ou augmenter votre autonomie, ce mod\u00e8le repr\u00e9sente un excellent choix. Gr\u00e2ce \u00e0 sa technologie avanc\u00e9e, elle se positionne comme l\u2019une des r\u00e9f\u00e9rences de la cat\u00e9gorie <strong data-start=\"3503\" data-end=\"3539\">batterie 36V 48V v\u00e9lo \u00e9lectrique<\/strong>.<\/p>\n<h3 data-section-id=\"4irijt\" data-start=\"3666\" data-end=\"3676\">7. FAQ<\/h3>\n<p data-start=\"3678\" data-end=\"3773\"><strong data-start=\"3678\" data-end=\"3721\">Quelle autonomie offre cette batterie ?<\/strong><br data-start=\"3721\" data-end=\"3724\" \/>Entre 80 et 120 km selon le moteur et le terrain.<\/p>\n<p data-start=\"3775\" data-end=\"3894\"><strong data-start=\"3775\" data-end=\"3820\">Est-elle compatible avec tous les v\u00e9los ?<\/strong><br data-start=\"3820\" data-end=\"3823\" \/>Elle est compatible avec de nombreux VAE 36V, notamment syst\u00e8mes Brose.<\/p>\n<p data-start=\"3896\" data-end=\"3975\"><strong data-start=\"3896\" data-end=\"3933\">Combien de temps dure la charge ?<\/strong><br data-start=\"3933\" data-end=\"3936\" \/>Environ 5 \u00e0 7 heures selon le chargeur.<\/p>\n<p data-start=\"3977\" data-end=\"4081\"><strong data-start=\"3977\" data-end=\"4022\">Peut-on remplacer une ancienne batterie ?<\/strong><br data-start=\"4022\" data-end=\"4025\" \/>Oui, si le voltage et le syst\u00e8me sont compatibles (36V).<\/p>\n<p data-start=\"4083\" data-end=\"4153\"><strong data-start=\"4083\" data-end=\"4115\">Quelle est sa dur\u00e9e de vie ?<\/strong><br data-start=\"4115\" data-end=\"4118\" \/>Entre 500 et 1000 cycles de charge.<\/p>\n<p data-start=\"4155\" data-end=\"4236\"><strong data-start=\"4155\" data-end=\"4190\">Est-ce une batterie s\u00e9curis\u00e9e ?<\/strong><br data-start=\"4190\" data-end=\"4193\" \/>Oui, elle dispose d\u2019un syst\u00e8me BMS int\u00e9gr\u00e9.<\/p>\n<p data-start=\"4238\" data-end=\"4330\"><strong data-start=\"4238\" data-end=\"4282\">Est-elle adapt\u00e9e aux longues distances ?<\/strong><br data-start=\"4282\" data-end=\"4285\" \/>Oui, parfaite pour usage urbain et randonn\u00e9e.<\/p>\n","protected":false},"excerpt":{"rendered":"<ul data-start=\"4364\" data-end=\"4624\">\n<li data-section-id=\"512qok\" data-start=\"4364\" data-end=\"4421\"><span style=\"color: #99cc00;\">\ud83d\udd0b Puissance et autonomie : 36V \u2013 17Ah jusqu\u2019\u00e0 120 km<\/span><\/li>\n<li data-section-id=\"1s8aenk\" data-start=\"4422\" data-end=\"4480\"><span style=\"color: #99cc00;\">\u2699\ufe0f Technologie et s\u00e9curit\u00e9 : Lithium-ion + BMS int\u00e9gr\u00e9<\/span><\/li>\n<li data-section-id=\"1d0610c\" data-start=\"4481\" data-end=\"4544\"><span style=\"color: #99cc00;\">\ud83d\udeb2 Compatibilit\u00e9 : v\u00e9los \u00e9lectriques 36V multiples syst\u00e8mes<\/span><\/li>\n<li data-section-id=\"pkviop\" data-start=\"4545\" data-end=\"4624\"><span style=\"color: #99cc00;\">\u2b50 Avantage principal : excellente performance pour un usage longue distance<\/span><\/li>\n<\/ul>\n<p><strong>\ud83d\udc49 Optez pour la BMZ GP-V2 et redonnez une nouvelle vie \u00e0 votre v\u00e9lo \u00e9lectrique avec plus de puissance et de libert\u00e9.<\/strong><\/p>\n","protected":false},"featured_media":28110,"comment_status":"open","ping_status":"closed","template":"","meta":[],"product_brand":[79],"product_cat":[268,256,272,109,33],"product_tag":[525,524],"class_list":{"0":"post-28111","1":"product","2":"type-product","3":"status-publish","4":"has-post-thumbnail","6":"product_brand-bmz","7":"product_cat-15-20-ah-36v-batterie-porte-bagage","8":"product_cat-36v-batterie-porte-bagage","9":"product_cat-540-720-wh-15-20-ah-36v-batterie-porte-bagage","10":"product_cat-batterie-porte-bagage","11":"product_cat-batteries-de-velos","12":"product_tag-batterie-velo-vtt-electrique","13":"product_tag-batterie-velos-autonomie-puissante","15":"first","16":"instock","17":"shipping-taxable","18":"purchasable","19":"product-type-simple"},"yoast_head":"<!-- This site is optimized with the Yoast SEO plugin v27.5 - https:\/\/yoast.com\/product\/yoast-seo-wordpress\/ -->\n<title>Batterie pour velos BMZ GP-V2 Batterie v\u00e9lo 36V 17Ah (\u2248 612\u2013624 Wh) - ateliervae.fr<\/title>\n<meta name=\"description\" content=\"Meilleure batterie 36V v\u00e9lo performance BMZ GP-V2 17Ah, autonomie jusqu\u2019\u00e0 120 km, prix env. 650\u20ac, puissance et fiabilit\u00e9 premium e-bike.\" \/>\n<meta name=\"robots\" content=\"index, follow, max-snippet:-1, max-image-preview:large, max-video-preview:-1\" \/>\n<link rel=\"canonical\" href=\"https:\/\/ateliervae.fr\/?product=bmz-gp-v2-batterie-velo-36v-17ah\" \/>\n<meta property=\"og:locale\" content=\"fr_FR\" \/>\n<meta property=\"og:type\" content=\"article\" \/>\n<meta property=\"og:title\" content=\"Batterie pour velos BMZ GP-V2 Batterie v\u00e9lo 36V 17Ah (\u2248 612\u2013624 Wh) - ateliervae.fr\" \/>\n<meta property=\"og:description\" content=\"Meilleure batterie 36V v\u00e9lo performance BMZ GP-V2 17Ah, autonomie jusqu\u2019\u00e0 120 km, prix env. 650\u20ac, puissance et fiabilit\u00e9 premium e-bike.\" \/>\n<meta property=\"og:url\" content=\"https:\/\/ateliervae.fr\/?product=bmz-gp-v2-batterie-velo-36v-17ah\" \/>\n<meta property=\"og:site_name\" content=\"ateliervae.fr\" \/>\n<meta property=\"article:modified_time\" content=\"2026-04-23T08:42:53+00:00\" \/>\n<meta property=\"og:image\" content=\"https:\/\/ateliervae.fr\/wp-content\/uploads\/2026\/04\/29844-00_1.jpg\" \/>\n\t<meta property=\"og:image:width\" content=\"360\" \/>\n\t<meta property=\"og:image:height\" content=\"360\" \/>\n\t<meta property=\"og:image:type\" content=\"image\/jpeg\" \/>\n<meta name=\"twitter:card\" content=\"summary_large_image\" \/>\n<meta name=\"twitter:label1\" content=\"Dur\u00e9e de lecture estim\u00e9e\" \/>\n\t<meta name=\"twitter:data1\" content=\"3 minutes\" \/>\n<script type=\"application\/ld+json\" class=\"yoast-schema-graph\">{\"@context\":\"https:\\\/\\\/schema.org\",\"@graph\":[{\"@type\":\"WebPage\",\"@id\":\"https:\\\/\\\/ateliervae.fr\\\/?product=bmz-gp-v2-batterie-velo-36v-17ah\",\"url\":\"https:\\\/\\\/ateliervae.fr\\\/?product=bmz-gp-v2-batterie-velo-36v-17ah\",\"name\":\"Batterie pour velos BMZ GP-V2 Batterie v\u00e9lo 36V 17Ah (\u2248 612\u2013624 Wh) - ateliervae.fr\",\"isPartOf\":{\"@id\":\"https:\\\/\\\/ateliervae.fr\\\/#website\"},\"primaryImageOfPage\":{\"@id\":\"https:\\\/\\\/ateliervae.fr\\\/?product=bmz-gp-v2-batterie-velo-36v-17ah#primaryimage\"},\"image\":{\"@id\":\"https:\\\/\\\/ateliervae.fr\\\/?product=bmz-gp-v2-batterie-velo-36v-17ah#primaryimage\"},\"thumbnailUrl\":\"https:\\\/\\\/ateliervae.fr\\\/wp-content\\\/uploads\\\/2026\\\/04\\\/29844-00_1.jpg\",\"datePublished\":\"2026-04-22T20:06:19+00:00\",\"dateModified\":\"2026-04-23T08:42:53+00:00\",\"description\":\"Meilleure batterie 36V v\u00e9lo performance BMZ GP-V2 17Ah, autonomie jusqu\u2019\u00e0 120 km, prix env. 650\u20ac, puissance et fiabilit\u00e9 premium e-bike.\",\"breadcrumb\":{\"@id\":\"https:\\\/\\\/ateliervae.fr\\\/?product=bmz-gp-v2-batterie-velo-36v-17ah#breadcrumb\"},\"inLanguage\":\"fr-FR\",\"potentialAction\":[{\"@type\":\"ReadAction\",\"target\":[\"https:\\\/\\\/ateliervae.fr\\\/?product=bmz-gp-v2-batterie-velo-36v-17ah\"]}]},{\"@type\":\"ImageObject\",\"inLanguage\":\"fr-FR\",\"@id\":\"https:\\\/\\\/ateliervae.fr\\\/?product=bmz-gp-v2-batterie-velo-36v-17ah#primaryimage\",\"url\":\"https:\\\/\\\/ateliervae.fr\\\/wp-content\\\/uploads\\\/2026\\\/04\\\/29844-00_1.jpg\",\"contentUrl\":\"https:\\\/\\\/ateliervae.fr\\\/wp-content\\\/uploads\\\/2026\\\/04\\\/29844-00_1.jpg\",\"width\":360,\"height\":360,\"caption\":\"meilleure batterie 36V v\u00e9lo performance\"},{\"@type\":\"BreadcrumbList\",\"@id\":\"https:\\\/\\\/ateliervae.fr\\\/?product=bmz-gp-v2-batterie-velo-36v-17ah#breadcrumb\",\"itemListElement\":[{\"@type\":\"ListItem\",\"position\":1,\"name\":\"Home\",\"item\":\"https:\\\/\\\/ateliervae.fr\\\/\"},{\"@type\":\"ListItem\",\"position\":2,\"name\":\"Produits\",\"item\":\"https:\\\/\\\/ateliervae.fr\\\/shop\\\/\"},{\"@type\":\"ListItem\",\"position\":3,\"name\":\"Batterie pour velos BMZ GP-V2 Batterie v\u00e9lo 36V 17Ah (\u2248 612\u2013624 Wh)\"}]},{\"@type\":\"WebSite\",\"@id\":\"https:\\\/\\\/ateliervae.fr\\\/#website\",\"url\":\"https:\\\/\\\/ateliervae.fr\\\/\",\"name\":\"ateliervae.fr\",\"description\":\"L\u2019\u00e9nergie au c\u0153ur de vos trajets\",\"publisher\":{\"@id\":\"https:\\\/\\\/ateliervae.fr\\\/#organization\"},\"potentialAction\":[{\"@type\":\"SearchAction\",\"target\":{\"@type\":\"EntryPoint\",\"urlTemplate\":\"https:\\\/\\\/ateliervae.fr\\\/?s={search_term_string}\"},\"query-input\":{\"@type\":\"PropertyValueSpecification\",\"valueRequired\":true,\"valueName\":\"search_term_string\"}}],\"inLanguage\":\"fr-FR\"},{\"@type\":\"Organization\",\"@id\":\"https:\\\/\\\/ateliervae.fr\\\/#organization\",\"name\":\"ateliervae.fr\",\"url\":\"https:\\\/\\\/ateliervae.fr\\\/\",\"logo\":{\"@type\":\"ImageObject\",\"inLanguage\":\"fr-FR\",\"@id\":\"https:\\\/\\\/ateliervae.fr\\\/#\\\/schema\\\/logo\\\/image\\\/\",\"url\":\"https:\\\/\\\/ateliervae.fr\\\/wp-content\\\/uploads\\\/2026\\\/04\\\/ChatGPT-Image-6-avr.-2026-11_58_22.png\",\"contentUrl\":\"https:\\\/\\\/ateliervae.fr\\\/wp-content\\\/uploads\\\/2026\\\/04\\\/ChatGPT-Image-6-avr.-2026-11_58_22.png\",\"width\":1536,\"height\":1024,\"caption\":\"ateliervae.fr\"},\"image\":{\"@id\":\"https:\\\/\\\/ateliervae.fr\\\/#\\\/schema\\\/logo\\\/image\\\/\"}}]}<\/script>\n<!-- \/ Yoast SEO plugin. -->","yoast_head_json":{"title":"Batterie pour velos BMZ GP-V2 Batterie v\u00e9lo 36V 17Ah (\u2248 612\u2013624 Wh) - ateliervae.fr","description":"Meilleure batterie 36V v\u00e9lo performance BMZ GP-V2 17Ah, autonomie jusqu\u2019\u00e0 120 km, prix env. 650\u20ac, puissance et fiabilit\u00e9 premium e-bike.","robots":{"index":"index","follow":"follow","max-snippet":"max-snippet:-1","max-image-preview":"max-image-preview:large","max-video-preview":"max-video-preview:-1"},"canonical":"https:\/\/ateliervae.fr\/?product=bmz-gp-v2-batterie-velo-36v-17ah","og_locale":"fr_FR","og_type":"article","og_title":"Batterie pour velos BMZ GP-V2 Batterie v\u00e9lo 36V 17Ah (\u2248 612\u2013624 Wh) - ateliervae.fr","og_description":"Meilleure batterie 36V v\u00e9lo performance BMZ GP-V2 17Ah, autonomie jusqu\u2019\u00e0 120 km, prix env. 650\u20ac, puissance et fiabilit\u00e9 premium e-bike.","og_url":"https:\/\/ateliervae.fr\/?product=bmz-gp-v2-batterie-velo-36v-17ah","og_site_name":"ateliervae.fr","article_modified_time":"2026-04-23T08:42:53+00:00","og_image":[{"width":360,"height":360,"url":"https:\/\/ateliervae.fr\/wp-content\/uploads\/2026\/04\/29844-00_1.jpg","type":"image\/jpeg"}],"twitter_card":"summary_large_image","twitter_misc":{"Dur\u00e9e de lecture estim\u00e9e":"3 minutes"},"schema":{"@context":"https:\/\/schema.org","@graph":[{"@type":"WebPage","@id":"https:\/\/ateliervae.fr\/?product=bmz-gp-v2-batterie-velo-36v-17ah","url":"https:\/\/ateliervae.fr\/?product=bmz-gp-v2-batterie-velo-36v-17ah","name":"Batterie pour velos BMZ GP-V2 Batterie v\u00e9lo 36V 17Ah (\u2248 612\u2013624 Wh) - ateliervae.fr","isPartOf":{"@id":"https:\/\/ateliervae.fr\/#website"},"primaryImageOfPage":{"@id":"https:\/\/ateliervae.fr\/?product=bmz-gp-v2-batterie-velo-36v-17ah#primaryimage"},"image":{"@id":"https:\/\/ateliervae.fr\/?product=bmz-gp-v2-batterie-velo-36v-17ah#primaryimage"},"thumbnailUrl":"https:\/\/ateliervae.fr\/wp-content\/uploads\/2026\/04\/29844-00_1.jpg","datePublished":"2026-04-22T20:06:19+00:00","dateModified":"2026-04-23T08:42:53+00:00","description":"Meilleure batterie 36V v\u00e9lo performance BMZ GP-V2 17Ah, autonomie jusqu\u2019\u00e0 120 km, prix env. 650\u20ac, puissance et fiabilit\u00e9 premium e-bike.","breadcrumb":{"@id":"https:\/\/ateliervae.fr\/?product=bmz-gp-v2-batterie-velo-36v-17ah#breadcrumb"},"inLanguage":"fr-FR","potentialAction":[{"@type":"ReadAction","target":["https:\/\/ateliervae.fr\/?product=bmz-gp-v2-batterie-velo-36v-17ah"]}]},{"@type":"ImageObject","inLanguage":"fr-FR","@id":"https:\/\/ateliervae.fr\/?product=bmz-gp-v2-batterie-velo-36v-17ah#primaryimage","url":"https:\/\/ateliervae.fr\/wp-content\/uploads\/2026\/04\/29844-00_1.jpg","contentUrl":"https:\/\/ateliervae.fr\/wp-content\/uploads\/2026\/04\/29844-00_1.jpg","width":360,"height":360,"caption":"meilleure batterie 36V v\u00e9lo performance"},{"@type":"BreadcrumbList","@id":"https:\/\/ateliervae.fr\/?product=bmz-gp-v2-batterie-velo-36v-17ah#breadcrumb","itemListElement":[{"@type":"ListItem","position":1,"name":"Home","item":"https:\/\/ateliervae.fr\/"},{"@type":"ListItem","position":2,"name":"Produits","item":"https:\/\/ateliervae.fr\/shop\/"},{"@type":"ListItem","position":3,"name":"Batterie pour velos BMZ GP-V2 Batterie v\u00e9lo 36V 17Ah (\u2248 612\u2013624 Wh)"}]},{"@type":"WebSite","@id":"https:\/\/ateliervae.fr\/#website","url":"https:\/\/ateliervae.fr\/","name":"ateliervae.fr","description":"L\u2019\u00e9nergie au c\u0153ur de vos trajets","publisher":{"@id":"https:\/\/ateliervae.fr\/#organization"},"potentialAction":[{"@type":"SearchAction","target":{"@type":"EntryPoint","urlTemplate":"https:\/\/ateliervae.fr\/?s={search_term_string}"},"query-input":{"@type":"PropertyValueSpecification","valueRequired":true,"valueName":"search_term_string"}}],"inLanguage":"fr-FR"},{"@type":"Organization","@id":"https:\/\/ateliervae.fr\/#organization","name":"ateliervae.fr","url":"https:\/\/ateliervae.fr\/","logo":{"@type":"ImageObject","inLanguage":"fr-FR","@id":"https:\/\/ateliervae.fr\/#\/schema\/logo\/image\/","url":"https:\/\/ateliervae.fr\/wp-content\/uploads\/2026\/04\/ChatGPT-Image-6-avr.-2026-11_58_22.png","contentUrl":"https:\/\/ateliervae.fr\/wp-content\/uploads\/2026\/04\/ChatGPT-Image-6-avr.-2026-11_58_22.png","width":1536,"height":1024,"caption":"ateliervae.fr"},"image":{"@id":"https:\/\/ateliervae.fr\/#\/schema\/logo\/image\/"}}]}},"_links":{"self":[{"href":"https:\/\/ateliervae.fr\/index.php?rest_route=\/wp\/v2\/product\/28111","targetHints":{"allow":["GET"]}}],"collection":[{"href":"https:\/\/ateliervae.fr\/index.php?rest_route=\/wp\/v2\/product"}],"about":[{"href":"https:\/\/ateliervae.fr\/index.php?rest_route=\/wp\/v2\/types\/product"}],"replies":[{"embeddable":true,"href":"https:\/\/ateliervae.fr\/index.php?rest_route=%2Fwp%2Fv2%2Fcomments&post=28111"}],"version-history":[{"count":2,"href":"https:\/\/ateliervae.fr\/index.php?rest_route=\/wp\/v2\/product\/28111\/revisions"}],"predecessor-version":[{"id":28179,"href":"https:\/\/ateliervae.fr\/index.php?rest_route=\/wp\/v2\/product\/28111\/revisions\/28179"}],"wp:featuredmedia":[{"embeddable":true,"href":"https:\/\/ateliervae.fr\/index.php?rest_route=\/wp\/v2\/media\/28110"}],"wp:attachment":[{"href":"https:\/\/ateliervae.fr\/index.php?rest_route=%2Fwp%2Fv2%2Fmedia&parent=28111"}],"wp:term":[{"taxonomy":"product_brand","embeddable":true,"href":"https:\/\/ateliervae.fr\/index.php?rest_route=%2Fwp%2Fv2%2Fproduct_brand&post=28111"},{"taxonomy":"product_cat","embeddable":true,"href":"https:\/\/ateliervae.fr\/index.php?rest_route=%2Fwp%2Fv2%2Fproduct_cat&post=28111"},{"taxonomy":"product_tag","embeddable":true,"href":"https:\/\/ateliervae.fr\/index.php?rest_route=%2Fwp%2Fv2%2Fproduct_tag&post=28111"}],"curies":[{"name":"wp","href":"https:\/\/api.w.org\/{rel}","templated":true}]}}