{"id":28049,"date":"2026-04-22T11:21:46","date_gmt":"2026-04-22T11:21:46","guid":{"rendered":"https:\/\/ateliervae.fr\/?product=batterie-de-velo-ansmann-36v-11-4ah"},"modified":"2026-04-22T12:25:20","modified_gmt":"2026-04-22T12:25:20","slug":"batterie-de-velo-ansmann-36v-11-4ah","status":"publish","type":"product","link":"https:\/\/ateliervae.fr\/?product=batterie-de-velo-ansmann-36v-11-4ah","title":{"rendered":"Batterie pour velos Ansmann 36V 11.4Ah ~410 Wh"},"content":{"rendered":"<h2 data-section-id=\"16yehiw\" data-start=\"276\" data-end=\"314\">Description d\u00e9taill\u00e9e du produit<\/h2>\n<p data-start=\"316\" data-end=\"598\">La <strong data-start=\"319\" data-end=\"371\">batterie pour v\u00e9lo \u00e9lectrique Ansmann 36V 11.4Ah<\/strong> est une solution performante con\u00e7ue pour offrir une alimentation fiable et durable \u00e0 votre v\u00e9lo \u00e9lectrique. Bas\u00e9e sur la technologie <strong data-start=\"505\" data-end=\"520\">Lithium-ion<\/strong>, la batterie 36V v\u00e9lo autonomie durable garantit un excellent compromis entre puissance, l\u00e9g\u00e8ret\u00e9 et long\u00e9vit\u00e9.<\/p>\n<p data-start=\"600\" data-end=\"916\">Gr\u00e2ce \u00e0 sa capacit\u00e9 de <strong data-start=\"623\" data-end=\"650\">11.4Ah (environ 410 Wh)<\/strong>, cette batterie assure une <strong data-start=\"678\" data-end=\"716\">autonomie batterie v\u00e9lo \u00e9lectrique<\/strong> confortable, id\u00e9ale pour les trajets urbains quotidiens comme pour les longues balades en VTT \u00e9lectrique. Elle s\u2019adresse aux cyclistes recherchant une <strong data-start=\"868\" data-end=\"895\">batterie lithium e-bike<\/strong> fiable et s\u00e9curis\u00e9e.<\/p>\n<p data-start=\"918\" data-end=\"1177\">Son format compact permet une installation simple sur de nombreux mod\u00e8les compatibles, notamment les v\u00e9los \u00e9lectriques \u00e9quip\u00e9s de syst\u00e8mes 36V. Elle offre une excellente stabilit\u00e9 \u00e9nerg\u00e9tique, r\u00e9duisant les pertes de puissance m\u00eame sur les parcours exigeants.<\/p>\n<p data-start=\"1179\" data-end=\"1347\">Cette batterie est pens\u00e9e pour am\u00e9liorer la performance globale du v\u00e9lo, avec une charge rapide et une dur\u00e9e de vie optimis\u00e9e gr\u00e2ce \u00e0 un syst\u00e8me de gestion intelligent.<\/p>\n<h2 data-section-id=\"1ohrphl\" data-start=\"1356\" data-end=\"1387\">\u2699\ufe0f Tableau technique complet<\/h2>\n<div class=\"TyagGW_tableContainer\">\n<div class=\"group TyagGW_tableWrapper flex flex-col-reverse w-fit\" tabindex=\"-1\">\n<table class=\"w-fit min-w-(--thread-content-width)\" data-start=\"1389\" data-end=\"2063\">\n<thead data-start=\"1389\" data-end=\"1417\">\n<tr data-start=\"1389\" data-end=\"1417\">\n<th class=\"\" data-start=\"1389\" data-end=\"1407\" data-col-size=\"sm\">Caract\u00e9ristique<\/th>\n<th class=\"\" data-start=\"1407\" data-end=\"1417\" data-col-size=\"md\">D\u00e9tail<\/th>\n<\/tr>\n<\/thead>\n<tbody data-start=\"1446\" data-end=\"2063\">\n<tr data-start=\"1446\" data-end=\"1498\">\n<td data-start=\"1446\" data-end=\"1465\" data-col-size=\"sm\">Type de batterie<\/td>\n<td data-start=\"1465\" data-end=\"1498\" data-col-size=\"md\"><a href=\"https:\/\/ateliervae.fr\/?product=giant-aspiro-prime-ease-300wh-batterie-velo-electrique\">Batterie pour v\u00e9lo \u00e9lectrique<\/a><\/td>\n<\/tr>\n<tr data-start=\"1499\" data-end=\"1528\">\n<td data-start=\"1499\" data-end=\"1513\" data-col-size=\"sm\">Technologie<\/td>\n<td data-start=\"1513\" data-end=\"1528\" data-col-size=\"md\">Lithium-ion<\/td>\n<\/tr>\n<tr data-start=\"1529\" data-end=\"1546\">\n<td data-start=\"1529\" data-end=\"1539\" data-col-size=\"sm\">Voltage<\/td>\n<td data-start=\"1539\" data-end=\"1546\" data-col-size=\"md\">36V<\/td>\n<\/tr>\n<tr data-start=\"1547\" data-end=\"1578\">\n<td data-start=\"1547\" data-end=\"1558\" data-col-size=\"sm\">Capacit\u00e9<\/td>\n<td data-start=\"1558\" data-end=\"1578\" data-col-size=\"md\">11.4Ah (~410 Wh)<\/td>\n<\/tr>\n<tr data-start=\"1579\" data-end=\"1625\">\n<td data-start=\"1579\" data-end=\"1599\" data-col-size=\"sm\">Autonomie estim\u00e9e<\/td>\n<td data-start=\"1599\" data-end=\"1625\" data-col-size=\"md\">50 \u00e0 90 km selon usage<\/td>\n<\/tr>\n<tr data-start=\"1626\" data-end=\"1660\">\n<td data-start=\"1626\" data-end=\"1644\" data-col-size=\"sm\">Temps de charge<\/td>\n<td data-start=\"1644\" data-end=\"1660\" data-col-size=\"md\">4 \u00e0 6 heures<\/td>\n<\/tr>\n<tr data-start=\"1661\" data-end=\"1696\">\n<td data-start=\"1661\" data-end=\"1676\" data-col-size=\"sm\">Dur\u00e9e de vie<\/td>\n<td data-start=\"1676\" data-end=\"1696\" data-col-size=\"md\">500 \u00e0 800 cycles<\/td>\n<\/tr>\n<tr data-start=\"1697\" data-end=\"1757\">\n<td data-start=\"1697\" data-end=\"1713\" data-col-size=\"sm\">Compatibilit\u00e9<\/td>\n<td data-start=\"1713\" data-end=\"1757\" data-col-size=\"md\">Moteurs 36V (VAE urbain, VTT \u00e9lectrique)<\/td>\n<\/tr>\n<tr data-start=\"1758\" data-end=\"1818\">\n<td data-start=\"1758\" data-end=\"1780\" data-col-size=\"sm\">Syst\u00e8me de fixation<\/td>\n<td data-start=\"1780\" data-end=\"1818\" data-col-size=\"md\">Rail ou support sp\u00e9cifique Ansmann<\/td>\n<\/tr>\n<tr data-start=\"1819\" data-end=\"1844\">\n<td data-start=\"1819\" data-end=\"1827\" data-col-size=\"sm\">Poids<\/td>\n<td data-start=\"1827\" data-end=\"1844\" data-col-size=\"md\">~2.5 \u00e0 3.2 kg<\/td>\n<\/tr>\n<tr data-start=\"1845\" data-end=\"1884\">\n<td data-start=\"1845\" data-end=\"1859\" data-col-size=\"sm\">Emplacement<\/td>\n<td data-start=\"1859\" data-end=\"1884\" data-col-size=\"md\">Porte-bagage ou cadre<\/td>\n<\/tr>\n<tr data-start=\"1885\" data-end=\"1913\">\n<td data-start=\"1885\" data-end=\"1892\" data-col-size=\"sm\">Type<\/td>\n<td data-start=\"1892\" data-end=\"1913\" data-col-size=\"md\">Batterie amovible<\/td>\n<\/tr>\n<tr data-start=\"1914\" data-end=\"1972\">\n<td data-start=\"1914\" data-end=\"1925\" data-col-size=\"sm\">S\u00e9curit\u00e9<\/td>\n<td data-start=\"1925\" data-end=\"1972\" data-col-size=\"md\">BMS int\u00e9gr\u00e9 (protection surcharge\/d\u00e9charge)<\/td>\n<\/tr>\n<tr data-start=\"1973\" data-end=\"2018\">\n<td data-start=\"1973\" data-end=\"2001\" data-col-size=\"sm\">Temp\u00e9rature d\u2019utilisation<\/td>\n<td data-start=\"2001\" data-end=\"2018\" data-col-size=\"md\">-10\u00b0C \u00e0 +45\u00b0C<\/td>\n<\/tr>\n<tr data-start=\"2019\" data-end=\"2063\">\n<td data-start=\"2019\" data-end=\"2027\" data-col-size=\"sm\">Gamme<\/td>\n<td data-start=\"2027\" data-end=\"2063\" data-col-size=\"md\">V\u00e9lo \u00e9lectrique urbain et loisir<\/td>\n<\/tr>\n<\/tbody>\n<\/table>\n<\/div>\n<\/div>\n<hr data-start=\"2067\" data-end=\"2070\" \/>\n<h2 data-section-id=\"11uad63\" data-start=\"2072\" data-end=\"2112\">\ud83d\udcca Tableau comparatif (2 concurrents)<\/h2>\n<div class=\"TyagGW_tableContainer\">\n<div class=\"group TyagGW_tableWrapper flex flex-col-reverse w-fit\" tabindex=\"-1\">\n<table class=\"w-fit min-w-(--thread-content-width)\" data-start=\"2114\" data-end=\"2617\">\n<thead data-start=\"2114\" data-end=\"2224\">\n<tr data-start=\"2114\" data-end=\"2224\">\n<th class=\"\" data-start=\"2114\" data-end=\"2123\" data-col-size=\"sm\">Mod\u00e8le<\/th>\n<th class=\"\" data-start=\"2123\" data-end=\"2142\" data-col-size=\"sm\">Type de batterie<\/th>\n<th class=\"\" data-start=\"2142\" data-end=\"2163\" data-col-size=\"sm\">Voltage \/ capacit\u00e9<\/th>\n<th class=\"\" data-start=\"2163\" data-end=\"2175\" data-col-size=\"sm\">Autonomie<\/th>\n<th class=\"\" data-start=\"2175\" data-end=\"2191\" data-col-size=\"sm\">Compatibilit\u00e9<\/th>\n<th class=\"\" data-start=\"2191\" data-end=\"2199\" data-col-size=\"sm\">Poids<\/th>\n<th class=\"\" data-start=\"2199\" data-end=\"2224\" data-col-size=\"sm\">Prix TTC constructeur<\/th>\n<\/tr>\n<\/thead>\n<tbody data-start=\"2337\" data-end=\"2617\">\n<tr data-start=\"2337\" data-end=\"2428\">\n<td data-start=\"2337\" data-end=\"2358\" data-col-size=\"sm\">Ansmann 36V 11.4Ah<\/td>\n<td data-start=\"2358\" data-end=\"2372\" data-col-size=\"sm\">Lithium-ion<\/td>\n<td data-start=\"2372\" data-end=\"2387\" data-col-size=\"sm\">36V \/ 11.4Ah<\/td>\n<td data-start=\"2387\" data-end=\"2398\" data-col-size=\"sm\">50-90 km<\/td>\n<td data-start=\"2398\" data-end=\"2408\" data-col-size=\"sm\">VAE 36V<\/td>\n<td data-start=\"2408\" data-end=\"2418\" data-col-size=\"sm\">~2.8 kg<\/td>\n<td data-start=\"2418\" data-end=\"2428\" data-col-size=\"sm\">~450 \u20ac<\/td>\n<\/tr>\n<tr data-start=\"2429\" data-end=\"2521\">\n<td data-start=\"2429\" data-end=\"2451\" data-col-size=\"sm\"><a href=\"https:\/\/ateliervae.fr\/?product=batterie-velo-electrique-occasion-bosch-powerpack-400-cadre-36v-11ah\">Bosch PowerPack 400<\/a><\/td>\n<td data-start=\"2451\" data-end=\"2465\" data-col-size=\"sm\">Lithium-ion<\/td>\n<td data-start=\"2465\" data-end=\"2478\" data-col-size=\"sm\">36V \/ 11Ah<\/td>\n<td data-start=\"2478\" data-end=\"2489\" data-col-size=\"sm\">40-80 km<\/td>\n<td data-start=\"2489\" data-end=\"2501\" data-col-size=\"sm\">Bosch VAE<\/td>\n<td data-start=\"2501\" data-end=\"2511\" data-col-size=\"sm\">~2.6 kg<\/td>\n<td data-start=\"2511\" data-end=\"2521\" data-col-size=\"sm\">~500 \u20ac<\/td>\n<\/tr>\n<tr data-start=\"2522\" data-end=\"2617\">\n<td data-start=\"2522\" data-end=\"2541\" data-col-size=\"sm\"><a href=\"https:\/\/ateliervae.fr\/?product=batterie-shimano-steps-bt-e8010-14ah-gris\">Shimano BT-E8010<\/a><\/td>\n<td data-start=\"2541\" data-end=\"2555\" data-col-size=\"sm\">Lithium-ion<\/td>\n<td data-start=\"2555\" data-end=\"2568\" data-col-size=\"sm\">36V \/ 14Ah<\/td>\n<td data-start=\"2568\" data-end=\"2580\" data-col-size=\"sm\">60-100 km<\/td>\n<td data-start=\"2580\" data-end=\"2597\" data-col-size=\"sm\">Shimano E-bike<\/td>\n<td data-start=\"2597\" data-end=\"2607\" data-col-size=\"sm\">~3.2 kg<\/td>\n<td data-start=\"2607\" data-end=\"2617\" data-col-size=\"sm\">~550 \u20ac<\/td>\n<\/tr>\n<\/tbody>\n<\/table>\n<\/div>\n<\/div>\n<h2 data-section-id=\"1b9p05x\" data-start=\"2626\" data-end=\"2669\">\ud83d\ude80 Avantages cl\u00e9s de la batterie Ansmann<\/h2>\n<p data-start=\"2671\" data-end=\"2897\">La <strong data-start=\"2674\" data-end=\"2713\">batterie 36V v\u00e9lo autonomie durable<\/strong> Ansmann se distingue par sa fiabilit\u00e9 et sa performance stable dans le temps. Elle am\u00e9liore significativement l\u2019exp\u00e9rience de conduite gr\u00e2ce \u00e0 une alimentation r\u00e9guli\u00e8re et s\u00e9curis\u00e9e.<\/p>\n<p data-start=\"2899\" data-end=\"2950\">Elle est id\u00e9ale pour les utilisateurs recherchant :<\/p>\n<ul data-start=\"2951\" data-end=\"3202\">\n<li data-section-id=\"fgt5mu\" data-start=\"2951\" data-end=\"3036\">une <strong data-start=\"2957\" data-end=\"2993\">batterie 36V 48V v\u00e9lo \u00e9lectrique<\/strong> polyvalente (compatibilit\u00e9 36V principale)<\/li>\n<li data-section-id=\"cwgh5d\" data-start=\"3037\" data-end=\"3088\">une <strong data-start=\"3043\" data-end=\"3088\">autonomie v\u00e9lo \u00e9lectrique longue distance<\/strong><\/li>\n<li data-section-id=\"qu40we\" data-start=\"3089\" data-end=\"3148\">une solution durable pour remplacer une ancienne batterie<\/li>\n<li data-section-id=\"1isitk0\" data-start=\"3149\" data-end=\"3202\">une performance stable en mont\u00e9e et en usage urbain<\/li>\n<\/ul>\n<h2 data-section-id=\"1f84ky0\" data-start=\"3209\" data-end=\"3237\"><\/h2>\n<h2 data-section-id=\"i2mwwl\" data-start=\"3587\" data-end=\"3603\">\ud83e\udded Conclusion<\/h2>\n<p data-start=\"3605\" data-end=\"3880\">La batterie pour v\u00e9lo \u00e9lectrique Ansmann 36V 11.4Ah est un excellent choix pour tous les cyclistes souhaitant am\u00e9liorer leur autonomie et remplacer une batterie vieillissante. Fiable, s\u00e9curis\u00e9e et performante, elle garantit une excellente exp\u00e9rience de conduite au quotidien.<\/p>\n<p data-start=\"3882\" data-end=\"4033\">Que ce soit pour vos trajets urbains ou vos sorties sportives, cette batterie vous assure une puissance constante et une grande libert\u00e9 de d\u00e9placement.<\/p>\n<h2 data-section-id=\"h5hji8\" data-start=\"4135\" data-end=\"4143\">\u2753 FAQ<\/h2>\n<p data-start=\"4145\" data-end=\"4254\"><strong data-start=\"4145\" data-end=\"4191\">1. Quelle autonomie offre cette batterie ?<\/strong><br data-start=\"4191\" data-end=\"4194\" \/>Entre 50 et 90 km selon le terrain et l\u2019assistance utilis\u00e9e.<\/p>\n<p data-start=\"4256\" data-end=\"4391\"><strong data-start=\"4256\" data-end=\"4316\">2. Est-elle compatible avec tous les v\u00e9los \u00e9lectriques ?<\/strong><br data-start=\"4316\" data-end=\"4319\" \/>Non, uniquement avec les mod\u00e8les 36V compatibles Ansmann ou \u00e9quivalents.<\/p>\n<p data-start=\"4393\" data-end=\"4482\"><strong data-start=\"4393\" data-end=\"4433\">3. Combien de temps dure la charge ?<\/strong><br data-start=\"4433\" data-end=\"4436\" \/>Environ 4 \u00e0 6 heures pour une charge compl\u00e8te.<\/p>\n<p data-start=\"4484\" data-end=\"4600\"><strong data-start=\"4484\" data-end=\"4532\">4. Peut-on remplacer une ancienne batterie ?<\/strong><br data-start=\"4532\" data-end=\"4535\" \/>Oui, si votre syst\u00e8me est compatible 36V et le connecteur adapt\u00e9.<\/p>\n<p data-start=\"4602\" data-end=\"4676\"><strong data-start=\"4602\" data-end=\"4637\">5. Quelle est sa dur\u00e9e de vie ?<\/strong><br data-start=\"4637\" data-end=\"4640\" \/>Entre 500 et 800 cycles de recharge.<\/p>\n<p data-start=\"4678\" data-end=\"4768\"><strong data-start=\"4678\" data-end=\"4705\">6. Est-elle s\u00e9curis\u00e9e ?<\/strong><br data-start=\"4705\" data-end=\"4708\" \/>Oui, gr\u00e2ce \u00e0 son BMS int\u00e9gr\u00e9 contre surcharge et surchauffe.<\/p>\n<p data-start=\"4770\" data-end=\"4864\"><strong data-start=\"4770\" data-end=\"4811\">7. Peut-elle \u00eatre utilis\u00e9e en hiver ?<\/strong><br data-start=\"4811\" data-end=\"4814\" \/>Oui, jusqu\u2019\u00e0 -10\u00b0C avec l\u00e9g\u00e8re baisse d\u2019autonomie.<\/p>\n","protected":false},"excerpt":{"rendered":"<p data-start=\"4770\" data-end=\"4864\">.<\/p>\n<ul data-start=\"4897\" data-end=\"5148\" data-is-last-node=\"\" data-is-only-node=\"\">\n<li data-section-id=\"tlwce9\" data-start=\"4897\" data-end=\"4946\"><span style=\"color: #99cc00;\">\ud83d\udd0b <strong data-start=\"4902\" data-end=\"4928\">Puissance et autonomie<\/strong> : jusqu\u2019\u00e0 90 km<\/span><\/li>\n<li data-section-id=\"17i2ncg\" data-start=\"4947\" data-end=\"5009\"><span style=\"color: #99cc00;\">\u2699\ufe0f <strong data-start=\"4952\" data-end=\"4979\">Technologie et s\u00e9curit\u00e9<\/strong> : Lithium-ion + BMS int\u00e9gr\u00e9<\/span><\/li>\n<li data-section-id=\"r6avwh\" data-start=\"5010\" data-end=\"5058\"><span style=\"color: #99cc00;\">\ud83d\udeb2 <strong data-start=\"5015\" data-end=\"5032\">Compatibilit\u00e9<\/strong> : v\u00e9los \u00e9lectriques 36V<\/span><\/li>\n<li data-section-id=\"1ukhf1t\" data-start=\"5059\" data-end=\"5148\" data-is-last-node=\"\"><span style=\"color: #99cc00;\">\u2b50 <strong data-start=\"5063\" data-end=\"5085\">Avantage principal<\/strong> : excellent rapport autonomie \/ fiabilit\u00e9 pour usage quotidien<\/span><\/li>\n<\/ul>\n<p>\ud83d\udc49 <strong data-start=\"4038\" data-end=\"4128\">Passez \u00e0 une autonomie sup\u00e9rieure d\u00e8s aujourd\u2019hui avec la batterie Ansmann 36V 11.4Ah.<\/strong><\/p>\n","protected":false},"featured_media":28048,"comment_status":"closed","ping_status":"closed","template":"","meta":[],"product_brand":[526],"product_cat":[267,271,111,109,33],"product_tag":[522,480],"class_list":{"0":"post-28049","1":"product","2":"type-product","3":"status-publish","4":"has-post-thumbnail","6":"product_brand-ansmann","7":"product_cat-10-15-ah-36v-batterie-porte-bagage","8":"product_cat-360-540-wh-10-15-ah-36v-batterie-porte-bagage","9":"product_cat-batterie-amovible","10":"product_cat-batterie-porte-bagage","11":"product_cat-batteries-de-velos","12":"product_tag-batterie-velo-assistance-electrique-puissante-fiable","13":"product_tag-batterie-velo-resistante","15":"first","16":"instock","17":"featured","18":"shipping-taxable","19":"purchasable","20":"product-type-simple"},"yoast_head":"<!-- This site is optimized with the Yoast SEO plugin v27.5 - https:\/\/yoast.com\/product\/yoast-seo-wordpress\/ -->\n<title>Batterie pour velos Ansmann 36V 11.4Ah ~410 Wh - ateliervae.fr<\/title>\n<meta name=\"description\" content=\"Batterie 36V v\u00e9lo autonomie durable Ansmann 11.4Ah, haute performance, longue dur\u00e9e de vie, id\u00e9ale pour v\u00e9lo \u00e9lectrique urbain et VTT.\" \/>\n<meta name=\"robots\" content=\"index, follow, max-snippet:-1, max-image-preview:large, max-video-preview:-1\" \/>\n<link rel=\"canonical\" href=\"https:\/\/ateliervae.fr\/?product=batterie-de-velo-ansmann-36v-11-4ah\" \/>\n<meta property=\"og:locale\" content=\"fr_FR\" \/>\n<meta property=\"og:type\" content=\"article\" \/>\n<meta property=\"og:title\" content=\"Batterie pour velos Ansmann 36V 11.4Ah ~410 Wh - ateliervae.fr\" \/>\n<meta property=\"og:description\" content=\"Batterie 36V v\u00e9lo autonomie durable Ansmann 11.4Ah, haute performance, longue dur\u00e9e de vie, id\u00e9ale pour v\u00e9lo \u00e9lectrique urbain et VTT.\" \/>\n<meta property=\"og:url\" content=\"https:\/\/ateliervae.fr\/?product=batterie-de-velo-ansmann-36v-11-4ah\" \/>\n<meta property=\"og:site_name\" content=\"ateliervae.fr\" \/>\n<meta property=\"article:modified_time\" content=\"2026-04-22T12:25:20+00:00\" \/>\n<meta property=\"og:image\" content=\"https:\/\/ateliervae.fr\/wp-content\/uploads\/2026\/04\/ansmann-36v-11ah-fietsaccu-afbeelding-1_1.png\" \/>\n\t<meta property=\"og:image:width\" content=\"360\" \/>\n\t<meta property=\"og:image:height\" content=\"360\" \/>\n\t<meta property=\"og:image:type\" content=\"image\/png\" \/>\n<meta name=\"twitter:card\" content=\"summary_large_image\" \/>\n<meta name=\"twitter:label1\" content=\"Dur\u00e9e de lecture estim\u00e9e\" \/>\n\t<meta name=\"twitter:data1\" content=\"4 minutes\" \/>\n<script type=\"application\/ld+json\" class=\"yoast-schema-graph\">{\"@context\":\"https:\\\/\\\/schema.org\",\"@graph\":[{\"@type\":\"WebPage\",\"@id\":\"https:\\\/\\\/ateliervae.fr\\\/?product=batterie-de-velo-ansmann-36v-11-4ah\",\"url\":\"https:\\\/\\\/ateliervae.fr\\\/?product=batterie-de-velo-ansmann-36v-11-4ah\",\"name\":\"Batterie pour velos Ansmann 36V 11.4Ah ~410 Wh - ateliervae.fr\",\"isPartOf\":{\"@id\":\"https:\\\/\\\/ateliervae.fr\\\/#website\"},\"primaryImageOfPage\":{\"@id\":\"https:\\\/\\\/ateliervae.fr\\\/?product=batterie-de-velo-ansmann-36v-11-4ah#primaryimage\"},\"image\":{\"@id\":\"https:\\\/\\\/ateliervae.fr\\\/?product=batterie-de-velo-ansmann-36v-11-4ah#primaryimage\"},\"thumbnailUrl\":\"https:\\\/\\\/ateliervae.fr\\\/wp-content\\\/uploads\\\/2026\\\/04\\\/ansmann-36v-11ah-fietsaccu-afbeelding-1_1.png\",\"datePublished\":\"2026-04-22T11:21:46+00:00\",\"dateModified\":\"2026-04-22T12:25:20+00:00\",\"description\":\"Batterie 36V v\u00e9lo autonomie durable Ansmann 11.4Ah, haute performance, longue dur\u00e9e de vie, id\u00e9ale pour v\u00e9lo \u00e9lectrique urbain et VTT.\",\"breadcrumb\":{\"@id\":\"https:\\\/\\\/ateliervae.fr\\\/?product=batterie-de-velo-ansmann-36v-11-4ah#breadcrumb\"},\"inLanguage\":\"fr-FR\",\"potentialAction\":[{\"@type\":\"ReadAction\",\"target\":[\"https:\\\/\\\/ateliervae.fr\\\/?product=batterie-de-velo-ansmann-36v-11-4ah\"]}]},{\"@type\":\"ImageObject\",\"inLanguage\":\"fr-FR\",\"@id\":\"https:\\\/\\\/ateliervae.fr\\\/?product=batterie-de-velo-ansmann-36v-11-4ah#primaryimage\",\"url\":\"https:\\\/\\\/ateliervae.fr\\\/wp-content\\\/uploads\\\/2026\\\/04\\\/ansmann-36v-11ah-fietsaccu-afbeelding-1_1.png\",\"contentUrl\":\"https:\\\/\\\/ateliervae.fr\\\/wp-content\\\/uploads\\\/2026\\\/04\\\/ansmann-36v-11ah-fietsaccu-afbeelding-1_1.png\",\"width\":360,\"height\":360,\"caption\":\"batterie 36V v\u00e9lo autonomie durable\"},{\"@type\":\"BreadcrumbList\",\"@id\":\"https:\\\/\\\/ateliervae.fr\\\/?product=batterie-de-velo-ansmann-36v-11-4ah#breadcrumb\",\"itemListElement\":[{\"@type\":\"ListItem\",\"position\":1,\"name\":\"Home\",\"item\":\"https:\\\/\\\/ateliervae.fr\\\/\"},{\"@type\":\"ListItem\",\"position\":2,\"name\":\"Produits\",\"item\":\"https:\\\/\\\/ateliervae.fr\\\/shop\\\/\"},{\"@type\":\"ListItem\",\"position\":3,\"name\":\"Batterie pour velos Ansmann 36V 11.4Ah ~410 Wh\"}]},{\"@type\":\"WebSite\",\"@id\":\"https:\\\/\\\/ateliervae.fr\\\/#website\",\"url\":\"https:\\\/\\\/ateliervae.fr\\\/\",\"name\":\"ateliervae.fr\",\"description\":\"L\u2019\u00e9nergie au c\u0153ur de vos trajets\",\"publisher\":{\"@id\":\"https:\\\/\\\/ateliervae.fr\\\/#organization\"},\"potentialAction\":[{\"@type\":\"SearchAction\",\"target\":{\"@type\":\"EntryPoint\",\"urlTemplate\":\"https:\\\/\\\/ateliervae.fr\\\/?s={search_term_string}\"},\"query-input\":{\"@type\":\"PropertyValueSpecification\",\"valueRequired\":true,\"valueName\":\"search_term_string\"}}],\"inLanguage\":\"fr-FR\"},{\"@type\":\"Organization\",\"@id\":\"https:\\\/\\\/ateliervae.fr\\\/#organization\",\"name\":\"ateliervae.fr\",\"url\":\"https:\\\/\\\/ateliervae.fr\\\/\",\"logo\":{\"@type\":\"ImageObject\",\"inLanguage\":\"fr-FR\",\"@id\":\"https:\\\/\\\/ateliervae.fr\\\/#\\\/schema\\\/logo\\\/image\\\/\",\"url\":\"https:\\\/\\\/ateliervae.fr\\\/wp-content\\\/uploads\\\/2026\\\/04\\\/ChatGPT-Image-6-avr.-2026-11_58_22.png\",\"contentUrl\":\"https:\\\/\\\/ateliervae.fr\\\/wp-content\\\/uploads\\\/2026\\\/04\\\/ChatGPT-Image-6-avr.-2026-11_58_22.png\",\"width\":1536,\"height\":1024,\"caption\":\"ateliervae.fr\"},\"image\":{\"@id\":\"https:\\\/\\\/ateliervae.fr\\\/#\\\/schema\\\/logo\\\/image\\\/\"}}]}<\/script>\n<!-- \/ Yoast SEO plugin. -->","yoast_head_json":{"title":"Batterie pour velos Ansmann 36V 11.4Ah ~410 Wh - ateliervae.fr","description":"Batterie 36V v\u00e9lo autonomie durable Ansmann 11.4Ah, haute performance, longue dur\u00e9e de vie, id\u00e9ale pour v\u00e9lo \u00e9lectrique urbain et VTT.","robots":{"index":"index","follow":"follow","max-snippet":"max-snippet:-1","max-image-preview":"max-image-preview:large","max-video-preview":"max-video-preview:-1"},"canonical":"https:\/\/ateliervae.fr\/?product=batterie-de-velo-ansmann-36v-11-4ah","og_locale":"fr_FR","og_type":"article","og_title":"Batterie pour velos Ansmann 36V 11.4Ah ~410 Wh - ateliervae.fr","og_description":"Batterie 36V v\u00e9lo autonomie durable Ansmann 11.4Ah, haute performance, longue dur\u00e9e de vie, id\u00e9ale pour v\u00e9lo \u00e9lectrique urbain et VTT.","og_url":"https:\/\/ateliervae.fr\/?product=batterie-de-velo-ansmann-36v-11-4ah","og_site_name":"ateliervae.fr","article_modified_time":"2026-04-22T12:25:20+00:00","og_image":[{"width":360,"height":360,"url":"https:\/\/ateliervae.fr\/wp-content\/uploads\/2026\/04\/ansmann-36v-11ah-fietsaccu-afbeelding-1_1.png","type":"image\/png"}],"twitter_card":"summary_large_image","twitter_misc":{"Dur\u00e9e de lecture estim\u00e9e":"4 minutes"},"schema":{"@context":"https:\/\/schema.org","@graph":[{"@type":"WebPage","@id":"https:\/\/ateliervae.fr\/?product=batterie-de-velo-ansmann-36v-11-4ah","url":"https:\/\/ateliervae.fr\/?product=batterie-de-velo-ansmann-36v-11-4ah","name":"Batterie pour velos Ansmann 36V 11.4Ah ~410 Wh - ateliervae.fr","isPartOf":{"@id":"https:\/\/ateliervae.fr\/#website"},"primaryImageOfPage":{"@id":"https:\/\/ateliervae.fr\/?product=batterie-de-velo-ansmann-36v-11-4ah#primaryimage"},"image":{"@id":"https:\/\/ateliervae.fr\/?product=batterie-de-velo-ansmann-36v-11-4ah#primaryimage"},"thumbnailUrl":"https:\/\/ateliervae.fr\/wp-content\/uploads\/2026\/04\/ansmann-36v-11ah-fietsaccu-afbeelding-1_1.png","datePublished":"2026-04-22T11:21:46+00:00","dateModified":"2026-04-22T12:25:20+00:00","description":"Batterie 36V v\u00e9lo autonomie durable Ansmann 11.4Ah, haute performance, longue dur\u00e9e de vie, id\u00e9ale pour v\u00e9lo \u00e9lectrique urbain et VTT.","breadcrumb":{"@id":"https:\/\/ateliervae.fr\/?product=batterie-de-velo-ansmann-36v-11-4ah#breadcrumb"},"inLanguage":"fr-FR","potentialAction":[{"@type":"ReadAction","target":["https:\/\/ateliervae.fr\/?product=batterie-de-velo-ansmann-36v-11-4ah"]}]},{"@type":"ImageObject","inLanguage":"fr-FR","@id":"https:\/\/ateliervae.fr\/?product=batterie-de-velo-ansmann-36v-11-4ah#primaryimage","url":"https:\/\/ateliervae.fr\/wp-content\/uploads\/2026\/04\/ansmann-36v-11ah-fietsaccu-afbeelding-1_1.png","contentUrl":"https:\/\/ateliervae.fr\/wp-content\/uploads\/2026\/04\/ansmann-36v-11ah-fietsaccu-afbeelding-1_1.png","width":360,"height":360,"caption":"batterie 36V v\u00e9lo autonomie durable"},{"@type":"BreadcrumbList","@id":"https:\/\/ateliervae.fr\/?product=batterie-de-velo-ansmann-36v-11-4ah#breadcrumb","itemListElement":[{"@type":"ListItem","position":1,"name":"Home","item":"https:\/\/ateliervae.fr\/"},{"@type":"ListItem","position":2,"name":"Produits","item":"https:\/\/ateliervae.fr\/shop\/"},{"@type":"ListItem","position":3,"name":"Batterie pour velos Ansmann 36V 11.4Ah ~410 Wh"}]},{"@type":"WebSite","@id":"https:\/\/ateliervae.fr\/#website","url":"https:\/\/ateliervae.fr\/","name":"ateliervae.fr","description":"L\u2019\u00e9nergie au c\u0153ur de vos trajets","publisher":{"@id":"https:\/\/ateliervae.fr\/#organization"},"potentialAction":[{"@type":"SearchAction","target":{"@type":"EntryPoint","urlTemplate":"https:\/\/ateliervae.fr\/?s={search_term_string}"},"query-input":{"@type":"PropertyValueSpecification","valueRequired":true,"valueName":"search_term_string"}}],"inLanguage":"fr-FR"},{"@type":"Organization","@id":"https:\/\/ateliervae.fr\/#organization","name":"ateliervae.fr","url":"https:\/\/ateliervae.fr\/","logo":{"@type":"ImageObject","inLanguage":"fr-FR","@id":"https:\/\/ateliervae.fr\/#\/schema\/logo\/image\/","url":"https:\/\/ateliervae.fr\/wp-content\/uploads\/2026\/04\/ChatGPT-Image-6-avr.-2026-11_58_22.png","contentUrl":"https:\/\/ateliervae.fr\/wp-content\/uploads\/2026\/04\/ChatGPT-Image-6-avr.-2026-11_58_22.png","width":1536,"height":1024,"caption":"ateliervae.fr"},"image":{"@id":"https:\/\/ateliervae.fr\/#\/schema\/logo\/image\/"}}]}},"_links":{"self":[{"href":"https:\/\/ateliervae.fr\/index.php?rest_route=\/wp\/v2\/product\/28049","targetHints":{"allow":["GET"]}}],"collection":[{"href":"https:\/\/ateliervae.fr\/index.php?rest_route=\/wp\/v2\/product"}],"about":[{"href":"https:\/\/ateliervae.fr\/index.php?rest_route=\/wp\/v2\/types\/product"}],"replies":[{"embeddable":true,"href":"https:\/\/ateliervae.fr\/index.php?rest_route=%2Fwp%2Fv2%2Fcomments&post=28049"}],"version-history":[{"count":2,"href":"https:\/\/ateliervae.fr\/index.php?rest_route=\/wp\/v2\/product\/28049\/revisions"}],"predecessor-version":[{"id":28063,"href":"https:\/\/ateliervae.fr\/index.php?rest_route=\/wp\/v2\/product\/28049\/revisions\/28063"}],"wp:featuredmedia":[{"embeddable":true,"href":"https:\/\/ateliervae.fr\/index.php?rest_route=\/wp\/v2\/media\/28048"}],"wp:attachment":[{"href":"https:\/\/ateliervae.fr\/index.php?rest_route=%2Fwp%2Fv2%2Fmedia&parent=28049"}],"wp:term":[{"taxonomy":"product_brand","embeddable":true,"href":"https:\/\/ateliervae.fr\/index.php?rest_route=%2Fwp%2Fv2%2Fproduct_brand&post=28049"},{"taxonomy":"product_cat","embeddable":true,"href":"https:\/\/ateliervae.fr\/index.php?rest_route=%2Fwp%2Fv2%2Fproduct_cat&post=28049"},{"taxonomy":"product_tag","embeddable":true,"href":"https:\/\/ateliervae.fr\/index.php?rest_route=%2Fwp%2Fv2%2Fproduct_tag&post=28049"}],"curies":[{"name":"wp","href":"https:\/\/api.w.org\/{rel}","templated":true}]}}