{"id":28047,"date":"2026-04-22T11:21:45","date_gmt":"2026-04-22T11:21:45","guid":{"rendered":"https:\/\/ateliervae.fr\/?product=batterie-de-velo-compatible-ansmann-24v-12ah"},"modified":"2026-04-22T12:12:45","modified_gmt":"2026-04-22T12:12:45","slug":"batterie-de-velo-compatible-ansmann-24v-12ah","status":"publish","type":"product","link":"https:\/\/ateliervae.fr\/?product=batterie-de-velo-compatible-ansmann-24v-12ah","title":{"rendered":"Batterie pour velos  Ansmann 24V 12Ah 288Wh"},"content":{"rendered":"<h1 data-section-id=\"1ca7m3v\" data-start=\"273\" data-end=\"324\">Batterie pour v\u00e9lo \u00e9lectrique ANSMANN 24V 12Ah<\/h1>\n<p data-start=\"326\" data-end=\"699\">La <strong data-start=\"329\" data-end=\"379\">batterie ANSMANN 24V 12Ah pour v\u00e9lo \u00e9lectrique<\/strong> est une solution fiable et performante con\u00e7ue pour offrir une <strong data-start=\"442\" data-end=\"473\">autonomie stable et durable<\/strong> aux cyclistes urbains comme aux amateurs de balades longues distances. Gr\u00e2ce \u00e0 sa technologie Lithium-ion, elle garantit un excellent rapport poids\/puissance et une long\u00e9vit\u00e9 sup\u00e9rieure aux anciennes g\u00e9n\u00e9rations de batteries.<\/p>\n<p data-start=\"701\" data-end=\"858\">Pens\u00e9e pour les v\u00e9los \u00e9lectriques \u00e9quip\u00e9s en 24V, cette batterie assure une alimentation constante du moteur, tout en optimisant la consommation \u00e9nerg\u00e9tique.<\/p>\n<p data-start=\"862\" data-end=\"1101\">Elle est particuli\u00e8rement adapt\u00e9e aux utilisateurs recherchant une <strong data-start=\"929\" data-end=\"970\">batterie v\u00e9lo \u00e9lectrique longue dur\u00e9e<\/strong>, fiable et simple \u00e0 installer. Compatible avec plusieurs mod\u00e8les de VAE, elle s\u2019inscrit comme une solution de remplacement id\u00e9ale.<\/p>\n<h2 data-section-id=\"1dj4cqo\" data-start=\"1110\" data-end=\"1158\">\u2699\ufe0f Caract\u00e9ristiques techniques de la batterie<\/h2>\n<div class=\"TyagGW_tableContainer\">\n<div class=\"group TyagGW_tableWrapper flex flex-col-reverse w-fit\" tabindex=\"-1\">\n<table class=\"w-fit min-w-(--thread-content-width)\" data-start=\"1160\" data-end=\"1764\">\n<thead data-start=\"1160\" data-end=\"1188\">\n<tr data-start=\"1160\" data-end=\"1188\">\n<th class=\"\" data-start=\"1160\" data-end=\"1178\" data-col-size=\"sm\">Caract\u00e9ristique<\/th>\n<th class=\"\" data-start=\"1178\" data-end=\"1188\" data-col-size=\"sm\">D\u00e9tail<\/th>\n<\/tr>\n<\/thead>\n<tbody data-start=\"1217\" data-end=\"1764\">\n<tr data-start=\"1217\" data-end=\"1269\">\n<td data-start=\"1217\" data-end=\"1236\" data-col-size=\"sm\">Type de batterie<\/td>\n<td data-start=\"1236\" data-end=\"1269\" data-col-size=\"sm\">Batterie pour v\u00e9lo \u00e9lectrique<\/td>\n<\/tr>\n<tr data-start=\"1270\" data-end=\"1299\">\n<td data-start=\"1270\" data-end=\"1284\" data-col-size=\"sm\">Technologie<\/td>\n<td data-start=\"1284\" data-end=\"1299\" data-col-size=\"sm\">Lithium-ion<\/td>\n<\/tr>\n<tr data-start=\"1300\" data-end=\"1317\">\n<td data-start=\"1300\" data-end=\"1310\" data-col-size=\"sm\">Voltage<\/td>\n<td data-start=\"1310\" data-end=\"1317\" data-col-size=\"sm\">24V<\/td>\n<\/tr>\n<tr data-start=\"1318\" data-end=\"1337\">\n<td data-start=\"1318\" data-end=\"1329\" data-col-size=\"sm\">Capacit\u00e9<\/td>\n<td data-start=\"1329\" data-end=\"1337\" data-col-size=\"sm\">12Ah<\/td>\n<\/tr>\n<tr data-start=\"1338\" data-end=\"1357\">\n<td data-start=\"1338\" data-end=\"1348\" data-col-size=\"sm\">\u00c9nergie<\/td>\n<td data-start=\"1348\" data-end=\"1357\" data-col-size=\"sm\">288Wh<\/td>\n<\/tr>\n<tr data-start=\"1358\" data-end=\"1404\">\n<td data-start=\"1358\" data-end=\"1378\" data-col-size=\"sm\">Autonomie estim\u00e9e<\/td>\n<td data-start=\"1378\" data-end=\"1404\" data-col-size=\"sm\">35 \u00e0 70 km selon usage<\/td>\n<\/tr>\n<tr data-start=\"1405\" data-end=\"1439\">\n<td data-start=\"1405\" data-end=\"1423\" data-col-size=\"sm\">Temps de charge<\/td>\n<td data-start=\"1423\" data-end=\"1439\" data-col-size=\"sm\">4 \u00e0 6 heures<\/td>\n<\/tr>\n<tr data-start=\"1440\" data-end=\"1475\">\n<td data-start=\"1440\" data-end=\"1455\" data-col-size=\"sm\">Dur\u00e9e de vie<\/td>\n<td data-start=\"1455\" data-end=\"1475\" data-col-size=\"sm\">500 \u00e0 800 cycles<\/td>\n<\/tr>\n<tr data-start=\"1476\" data-end=\"1511\">\n<td data-start=\"1476\" data-end=\"1492\" data-col-size=\"sm\">Compatibilit\u00e9<\/td>\n<td data-start=\"1492\" data-end=\"1511\" data-col-size=\"sm\">Moteurs 24V VAE<\/td>\n<\/tr>\n<tr data-start=\"1512\" data-end=\"1565\">\n<td data-start=\"1512\" data-end=\"1534\" data-col-size=\"sm\">Syst\u00e8me de fixation<\/td>\n<td data-start=\"1534\" data-end=\"1565\" data-col-size=\"sm\">Rail \/ support porte-bagage<\/td>\n<\/tr>\n<tr data-start=\"1566\" data-end=\"1583\">\n<td data-start=\"1566\" data-end=\"1574\" data-col-size=\"sm\">Poids<\/td>\n<td data-start=\"1574\" data-end=\"1583\" data-col-size=\"sm\">~3 kg<\/td>\n<\/tr>\n<tr data-start=\"1584\" data-end=\"1623\">\n<td data-start=\"1584\" data-end=\"1598\" data-col-size=\"sm\">Emplacement<\/td>\n<td data-start=\"1598\" data-end=\"1623\" data-col-size=\"sm\">Porte-bagage ou cadre<\/td>\n<\/tr>\n<tr data-start=\"1624\" data-end=\"1668\">\n<td data-start=\"1624\" data-end=\"1631\" data-col-size=\"sm\">Type<\/td>\n<td data-start=\"1631\" data-end=\"1668\" data-col-size=\"sm\"><a href=\"https:\/\/ateliervae.fr\/?product=batterie-de-velo-ansmann-36v-14ah\">Batterie amovible v\u00e9lo \u00e9lectrique<\/a><\/td>\n<\/tr>\n<tr data-start=\"1669\" data-end=\"1718\">\n<td data-start=\"1669\" data-end=\"1680\" data-col-size=\"sm\">S\u00e9curit\u00e9<\/td>\n<td data-start=\"1680\" data-end=\"1718\" data-col-size=\"sm\">BMS batterie v\u00e9lo s\u00e9curit\u00e9 int\u00e9gr\u00e9<\/td>\n<\/tr>\n<tr data-start=\"1719\" data-end=\"1764\">\n<td data-start=\"1719\" data-end=\"1747\" data-col-size=\"sm\">Temp\u00e9rature d\u2019utilisation<\/td>\n<td data-start=\"1747\" data-end=\"1764\" data-col-size=\"sm\">-10\u00b0C \u00e0 +45\u00b0C<\/td>\n<\/tr>\n<\/tbody>\n<\/table>\n<\/div>\n<\/div>\n<h2 data-section-id=\"iipvjt\" data-start=\"1773\" data-end=\"1822\"><\/h2>\n<h2 data-section-id=\"iipvjt\" data-start=\"1773\" data-end=\"1822\">\ud83d\udd04 Tableau comparatif (batteries concurrentes)<\/h2>\n<div class=\"TyagGW_tableContainer\">\n<div class=\"group TyagGW_tableWrapper flex flex-col-reverse w-fit\" tabindex=\"-1\">\n<table class=\"w-fit min-w-(--thread-content-width)\" data-start=\"1824\" data-end=\"2291\">\n<thead data-start=\"1824\" data-end=\"1922\">\n<tr data-start=\"1824\" data-end=\"1922\">\n<th class=\"\" data-start=\"1824\" data-end=\"1833\" data-col-size=\"sm\">Mod\u00e8le<\/th>\n<th class=\"\" data-start=\"1833\" data-end=\"1840\" data-col-size=\"sm\">Type<\/th>\n<th class=\"\" data-start=\"1840\" data-end=\"1861\" data-col-size=\"sm\">Voltage \/ Capacit\u00e9<\/th>\n<th class=\"\" data-start=\"1861\" data-end=\"1873\" data-col-size=\"sm\">Autonomie<\/th>\n<th class=\"\" data-start=\"1873\" data-end=\"1889\" data-col-size=\"sm\">Compatibilit\u00e9<\/th>\n<th class=\"\" data-start=\"1889\" data-end=\"1897\" data-col-size=\"sm\">Poids<\/th>\n<th class=\"\" data-start=\"1897\" data-end=\"1922\" data-col-size=\"sm\">Prix TTC constructeur<\/th>\n<\/tr>\n<\/thead>\n<tbody data-start=\"2026\" data-end=\"2291\">\n<tr data-start=\"2026\" data-end=\"2109\">\n<td data-start=\"2026\" data-end=\"2045\" data-col-size=\"sm\">ANSMANN 24V 12Ah<\/td>\n<td data-start=\"2045\" data-end=\"2059\" data-col-size=\"sm\">Lithium-ion<\/td>\n<td data-start=\"2059\" data-end=\"2072\" data-col-size=\"sm\">24V \/ 12Ah<\/td>\n<td data-start=\"2072\" data-end=\"2083\" data-col-size=\"sm\">35-70 km<\/td>\n<td data-start=\"2083\" data-end=\"2093\" data-col-size=\"sm\">VAE 24V<\/td>\n<td data-start=\"2093\" data-end=\"2100\" data-col-size=\"sm\">3 kg<\/td>\n<td data-start=\"2100\" data-end=\"2109\" data-col-size=\"sm\">~280\u20ac<\/td>\n<\/tr>\n<tr data-start=\"2110\" data-end=\"2197\">\n<td data-start=\"2110\" data-end=\"2131\" data-col-size=\"sm\">GreenCell 36V 10Ah<\/td>\n<td data-start=\"2131\" data-end=\"2145\" data-col-size=\"sm\">Lithium-ion<\/td>\n<td data-start=\"2145\" data-end=\"2158\" data-col-size=\"sm\">36V \/ 10Ah<\/td>\n<td data-start=\"2158\" data-end=\"2169\" data-col-size=\"sm\">40-80 km<\/td>\n<td data-start=\"2169\" data-end=\"2179\" data-col-size=\"sm\">VAE 36V<\/td>\n<td data-start=\"2179\" data-end=\"2188\" data-col-size=\"sm\">2.8 kg<\/td>\n<td data-start=\"2188\" data-end=\"2197\" data-col-size=\"sm\">~320\u20ac<\/td>\n<\/tr>\n<tr data-start=\"2198\" data-end=\"2291\">\n<td data-start=\"2198\" data-end=\"2224\" data-col-size=\"sm\">Samsung E-Bike 36V 13Ah<\/td>\n<td data-start=\"2224\" data-end=\"2238\" data-col-size=\"sm\">Lithium-ion<\/td>\n<td data-start=\"2238\" data-end=\"2251\" data-col-size=\"sm\">36V \/ 13Ah<\/td>\n<td data-start=\"2251\" data-end=\"2263\" data-col-size=\"sm\">60-100 km<\/td>\n<td data-start=\"2263\" data-end=\"2273\" data-col-size=\"sm\">VAE 36V<\/td>\n<td data-start=\"2273\" data-end=\"2282\" data-col-size=\"sm\">3.5 kg<\/td>\n<td data-start=\"2282\" data-end=\"2291\" data-col-size=\"sm\">~450\u20ac<\/td>\n<\/tr>\n<\/tbody>\n<\/table>\n<\/div>\n<\/div>\n<h2 data-section-id=\"owvilk\" data-start=\"2300\" data-end=\"2363\"><\/h2>\n<h2 data-section-id=\"owvilk\" data-start=\"2300\" data-end=\"2363\">\ud83d\udeb4\u200d\u2642\ufe0f Une batterie pens\u00e9e pour la performance et l\u2019autonomie<\/h2>\n<p data-start=\"2365\" data-end=\"2572\">Cette batterie ANSMANN se distingue par sa fiabilit\u00e9 et son efficacit\u00e9 \u00e9nerg\u00e9tique. Elle am\u00e9liore nettement l\u2019<strong data-start=\"2475\" data-end=\"2513\">autonomie batterie v\u00e9lo \u00e9lectrique<\/strong>, tout en garantissant une puissance stable m\u00eame en mont\u00e9e.<\/p>\n<p data-start=\"2574\" data-end=\"2596\">Elle est id\u00e9ale pour :<\/p>\n<ul data-start=\"2597\" data-end=\"2724\">\n<li data-section-id=\"5s3idl\" data-start=\"2597\" data-end=\"2626\">v\u00e9los urbains \u00e9lectriques<\/li>\n<li data-section-id=\"162oo3q\" data-start=\"2627\" data-end=\"2653\">VTT \u00e9lectriques l\u00e9gers<\/li>\n<li data-section-id=\"1q1i3ir\" data-start=\"2654\" data-end=\"2682\">trajets domicile-travail<\/li>\n<li data-section-id=\"xwqdsi\" data-start=\"2683\" data-end=\"2724\">remplacement batterie v\u00e9lo \u00e9lectrique<\/li>\n<\/ul>\n<p data-start=\"2726\" data-end=\"2826\">Gr\u00e2ce \u00e0 sa technologie Lithium-ion, elle r\u00e9duit l\u2019effet m\u00e9moire et augmente la dur\u00e9e de vie globale.<\/p>\n<h2 data-section-id=\"1pwcezm\" data-start=\"3203\" data-end=\"3242\"><\/h2>\n<h2 data-section-id=\"1pwcezm\" data-start=\"3203\" data-end=\"3242\">\ud83d\udca1 Pourquoi choisir cette batterie ?<\/h2>\n<p data-start=\"3244\" data-end=\"3461\">La batterie ANSMANN 24V 12Ah offre un excellent compromis entre performance et prix. Elle est id\u00e9ale pour les cyclistes cherchant une solution simple, efficace et durable sans passer sur des syst\u00e8mes 36V plus co\u00fbteux.<\/p>\n<p data-start=\"3463\" data-end=\"3478\">Elle garantit :<\/p>\n<ul data-start=\"3479\" data-end=\"3633\">\n<li data-section-id=\"1ggw2mo\" data-start=\"3479\" data-end=\"3502\">une recharge rapide<\/li>\n<li data-section-id=\"1pcsrgk\" data-start=\"3503\" data-end=\"3549\">une s\u00e9curit\u00e9 optimale gr\u00e2ce au BMS int\u00e9gr\u00e9<\/li>\n<li data-section-id=\"1w1pij2\" data-start=\"3550\" data-end=\"3584\">une bonne stabilit\u00e9 de tension<\/li>\n<li data-section-id=\"5zbq3t\" data-start=\"3585\" data-end=\"3633\">une compatibilit\u00e9 large avec les moteurs 24V<\/li>\n<\/ul>\n<h2 data-section-id=\"20nd6j\" data-start=\"3640\" data-end=\"3656\">\ud83c\udfc1 Conclusion<\/h2>\n<p data-start=\"3658\" data-end=\"3961\">La <strong data-start=\"3661\" data-end=\"3711\">batterie pour v\u00e9lo \u00e9lectrique ANSMANN 24V 12Ah<\/strong> est un choix intelligent pour tous ceux qui veulent am\u00e9liorer leur autonomie sans changer tout leur syst\u00e8me \u00e9lectrique. Fiable, robuste et simple \u00e0 installer, elle repr\u00e9sente une excellente alternative pour prolonger la vie de votre v\u00e9lo \u00e9lectrique.<\/p>\n<h2 data-section-id=\"ymvgld\" data-start=\"4093\" data-end=\"4129\">\u2753 FAQ \u2013 Batterie ANSMANN 24V 12Ah<\/h2>\n<p data-start=\"4131\" data-end=\"4231\"><strong data-start=\"4131\" data-end=\"4177\">1. Quelle autonomie offre cette batterie ?<\/strong><br data-start=\"4177\" data-end=\"4180\" \/>Entre 35 et 70 km selon le terrain et l\u2019assistance.<\/p>\n<p data-start=\"4233\" data-end=\"4343\"><strong data-start=\"4233\" data-end=\"4281\">2. Est-elle compatible avec tous les v\u00e9los ?<\/strong><br data-start=\"4281\" data-end=\"4284\" \/>Non, uniquement avec les v\u00e9los \u00e9lectriques 24V compatibles.<\/p>\n<p data-start=\"4345\" data-end=\"4434\"><strong data-start=\"4345\" data-end=\"4385\">3. Combien de temps dure la charge ?<\/strong><br data-start=\"4385\" data-end=\"4388\" \/>Environ 4 \u00e0 6 heures pour une charge compl\u00e8te.<\/p>\n<p data-start=\"4436\" data-end=\"4565\"><strong data-start=\"4436\" data-end=\"4495\">4. Peut-on remplacer facilement une ancienne batterie ?<\/strong><br data-start=\"4495\" data-end=\"4498\" \/>Oui, elle est con\u00e7ue pour le remplacement batterie v\u00e9lo \u00e9lectrique.<\/p>\n<p data-start=\"4567\" data-end=\"4640\"><strong data-start=\"4567\" data-end=\"4602\">5. Quelle est sa dur\u00e9e de vie ?<\/strong><br data-start=\"4602\" data-end=\"4605\" \/>Environ 500 \u00e0 800 cycles de charge.<\/p>\n<p data-start=\"4642\" data-end=\"4731\"><strong data-start=\"4642\" data-end=\"4669\">6. Est-elle s\u00e9curis\u00e9e ?<\/strong><br data-start=\"4669\" data-end=\"4672\" \/>Oui, gr\u00e2ce \u00e0 un syst\u00e8me BMS batterie v\u00e9lo s\u00e9curit\u00e9 int\u00e9gr\u00e9.<\/p>\n<p data-start=\"4733\" data-end=\"4811\"><strong data-start=\"4733\" data-end=\"4759\">7. Est-elle amovible ?<\/strong><br data-start=\"4759\" data-end=\"4762\" \/>Oui, c\u2019est une batterie amovible v\u00e9lo \u00e9lectrique.<\/p>\n","protected":false},"excerpt":{"rendered":"<ul data-start=\"4844\" data-end=\"5060\">\n<li data-section-id=\"axo73m\" data-start=\"4844\" data-end=\"4900\"><span style=\"color: #99cc00;\">\u26a1 Puissance et autonomie stable pour usage quotidien<\/span><\/li>\n<li data-section-id=\"mxtg65\" data-start=\"4901\" data-end=\"4949\"><span style=\"color: #99cc00;\">\ud83d\udd0b Technologie Lithium-ion fiable et durable<\/span><\/li>\n<li data-section-id=\"1dqol3h\" data-start=\"4950\" data-end=\"4992\"><span style=\"color: #99cc00;\">\ud83d\udd27 Compatibilit\u00e9 v\u00e9los \u00e9lectriques 24V<\/span><\/li>\n<li data-section-id=\"jkdqgd\" data-start=\"4993\" data-end=\"5060\"><span style=\"color: #99cc00;\">\ud83d\udeb4\u200d\u2642\ufe0f Excellent rapport qualit\u00e9\/prix pour remplacement batterie<\/span><\/li>\n<\/ul>\n<p><strong>\ud83d\udc49 C\u2019est une solution id\u00e9ale pour remplacer une batterie vieillissante et retrouver une autonomie confortable au quotidien.<\/strong><\/p>\n","protected":false},"featured_media":28046,"comment_status":"closed","ping_status":"closed","template":"","meta":[],"product_brand":[526],"product_cat":[33],"product_tag":[478,479],"class_list":{"0":"post-28047","1":"product","2":"type-product","3":"status-publish","4":"has-post-thumbnail","6":"product_brand-ansmann","7":"product_cat-batteries-de-velos-batterie-pour-velo-electrique-autonomie-longue-duree","8":"product_tag-batterie-velo-electrique","9":"product_tag-batterie-velo-fiable","11":"first","12":"instock","13":"shipping-taxable","14":"purchasable","15":"product-type-simple"},"yoast_head":"<!-- This site is optimized with the Yoast SEO plugin v27.5 - https:\/\/yoast.com\/product\/yoast-seo-wordpress\/ -->\n<title>Batterie pour velos Ansmann 24V 12Ah 288Wh - ateliervae.fr<\/title>\n<meta name=\"description\" content=\"Batterie pour v\u00e9lo \u00e9lectrique ANSMANN 24V 12Ah, autonomie performante, prix estim\u00e9 250-350\u20ac, id\u00e9ale pour remplacer votre batterie e-bike durable.\" \/>\n<meta name=\"robots\" content=\"index, follow, max-snippet:-1, max-image-preview:large, max-video-preview:-1\" \/>\n<link rel=\"canonical\" href=\"https:\/\/ateliervae.fr\/?product=batterie-de-velo-compatible-ansmann-24v-12ah\" \/>\n<meta property=\"og:locale\" content=\"fr_FR\" \/>\n<meta property=\"og:type\" content=\"article\" \/>\n<meta property=\"og:title\" content=\"Batterie pour velos Ansmann 24V 12Ah 288Wh - ateliervae.fr\" \/>\n<meta property=\"og:description\" content=\"Batterie pour v\u00e9lo \u00e9lectrique ANSMANN 24V 12Ah, autonomie performante, prix estim\u00e9 250-350\u20ac, id\u00e9ale pour remplacer votre batterie e-bike durable.\" \/>\n<meta property=\"og:url\" content=\"https:\/\/ateliervae.fr\/?product=batterie-de-velo-compatible-ansmann-24v-12ah\" \/>\n<meta property=\"og:site_name\" content=\"ateliervae.fr\" \/>\n<meta property=\"article:modified_time\" content=\"2026-04-22T12:12:45+00:00\" \/>\n<meta property=\"og:image\" content=\"https:\/\/ateliervae.fr\/wp-content\/uploads\/2026\/04\/ansmann-36v-11ah-fietsaccu-afbeelding-1_1-min.png\" \/>\n\t<meta property=\"og:image:width\" content=\"360\" \/>\n\t<meta property=\"og:image:height\" content=\"360\" \/>\n\t<meta property=\"og:image:type\" content=\"image\/png\" \/>\n<meta name=\"twitter:card\" content=\"summary_large_image\" \/>\n<meta name=\"twitter:label1\" content=\"Dur\u00e9e de lecture estim\u00e9e\" \/>\n\t<meta name=\"twitter:data1\" content=\"3 minutes\" \/>\n<script type=\"application\/ld+json\" class=\"yoast-schema-graph\">{\"@context\":\"https:\\\/\\\/schema.org\",\"@graph\":[{\"@type\":\"WebPage\",\"@id\":\"https:\\\/\\\/ateliervae.fr\\\/?product=batterie-de-velo-compatible-ansmann-24v-12ah\",\"url\":\"https:\\\/\\\/ateliervae.fr\\\/?product=batterie-de-velo-compatible-ansmann-24v-12ah\",\"name\":\"Batterie pour velos Ansmann 24V 12Ah 288Wh - ateliervae.fr\",\"isPartOf\":{\"@id\":\"https:\\\/\\\/ateliervae.fr\\\/#website\"},\"primaryImageOfPage\":{\"@id\":\"https:\\\/\\\/ateliervae.fr\\\/?product=batterie-de-velo-compatible-ansmann-24v-12ah#primaryimage\"},\"image\":{\"@id\":\"https:\\\/\\\/ateliervae.fr\\\/?product=batterie-de-velo-compatible-ansmann-24v-12ah#primaryimage\"},\"thumbnailUrl\":\"https:\\\/\\\/ateliervae.fr\\\/wp-content\\\/uploads\\\/2026\\\/04\\\/ansmann-36v-11ah-fietsaccu-afbeelding-1_1-min.png\",\"datePublished\":\"2026-04-22T11:21:45+00:00\",\"dateModified\":\"2026-04-22T12:12:45+00:00\",\"description\":\"Batterie pour v\u00e9lo \u00e9lectrique ANSMANN 24V 12Ah, autonomie performante, prix estim\u00e9 250-350\u20ac, id\u00e9ale pour remplacer votre batterie e-bike durable.\",\"breadcrumb\":{\"@id\":\"https:\\\/\\\/ateliervae.fr\\\/?product=batterie-de-velo-compatible-ansmann-24v-12ah#breadcrumb\"},\"inLanguage\":\"fr-FR\",\"potentialAction\":[{\"@type\":\"ReadAction\",\"target\":[\"https:\\\/\\\/ateliervae.fr\\\/?product=batterie-de-velo-compatible-ansmann-24v-12ah\"]}]},{\"@type\":\"ImageObject\",\"inLanguage\":\"fr-FR\",\"@id\":\"https:\\\/\\\/ateliervae.fr\\\/?product=batterie-de-velo-compatible-ansmann-24v-12ah#primaryimage\",\"url\":\"https:\\\/\\\/ateliervae.fr\\\/wp-content\\\/uploads\\\/2026\\\/04\\\/ansmann-36v-11ah-fietsaccu-afbeelding-1_1-min.png\",\"contentUrl\":\"https:\\\/\\\/ateliervae.fr\\\/wp-content\\\/uploads\\\/2026\\\/04\\\/ansmann-36v-11ah-fietsaccu-afbeelding-1_1-min.png\",\"width\":360,\"height\":360,\"caption\":\"batterie 36V v\u00e9lo autonomie performante\"},{\"@type\":\"BreadcrumbList\",\"@id\":\"https:\\\/\\\/ateliervae.fr\\\/?product=batterie-de-velo-compatible-ansmann-24v-12ah#breadcrumb\",\"itemListElement\":[{\"@type\":\"ListItem\",\"position\":1,\"name\":\"Home\",\"item\":\"https:\\\/\\\/ateliervae.fr\\\/\"},{\"@type\":\"ListItem\",\"position\":2,\"name\":\"Produits\",\"item\":\"https:\\\/\\\/ateliervae.fr\\\/shop\\\/\"},{\"@type\":\"ListItem\",\"position\":3,\"name\":\"Batterie pour velos Ansmann 24V 12Ah 288Wh\"}]},{\"@type\":\"WebSite\",\"@id\":\"https:\\\/\\\/ateliervae.fr\\\/#website\",\"url\":\"https:\\\/\\\/ateliervae.fr\\\/\",\"name\":\"ateliervae.fr\",\"description\":\"L\u2019\u00e9nergie au c\u0153ur de vos trajets\",\"publisher\":{\"@id\":\"https:\\\/\\\/ateliervae.fr\\\/#organization\"},\"potentialAction\":[{\"@type\":\"SearchAction\",\"target\":{\"@type\":\"EntryPoint\",\"urlTemplate\":\"https:\\\/\\\/ateliervae.fr\\\/?s={search_term_string}\"},\"query-input\":{\"@type\":\"PropertyValueSpecification\",\"valueRequired\":true,\"valueName\":\"search_term_string\"}}],\"inLanguage\":\"fr-FR\"},{\"@type\":\"Organization\",\"@id\":\"https:\\\/\\\/ateliervae.fr\\\/#organization\",\"name\":\"ateliervae.fr\",\"url\":\"https:\\\/\\\/ateliervae.fr\\\/\",\"logo\":{\"@type\":\"ImageObject\",\"inLanguage\":\"fr-FR\",\"@id\":\"https:\\\/\\\/ateliervae.fr\\\/#\\\/schema\\\/logo\\\/image\\\/\",\"url\":\"https:\\\/\\\/ateliervae.fr\\\/wp-content\\\/uploads\\\/2026\\\/04\\\/ChatGPT-Image-6-avr.-2026-11_58_22.png\",\"contentUrl\":\"https:\\\/\\\/ateliervae.fr\\\/wp-content\\\/uploads\\\/2026\\\/04\\\/ChatGPT-Image-6-avr.-2026-11_58_22.png\",\"width\":1536,\"height\":1024,\"caption\":\"ateliervae.fr\"},\"image\":{\"@id\":\"https:\\\/\\\/ateliervae.fr\\\/#\\\/schema\\\/logo\\\/image\\\/\"}}]}<\/script>\n<!-- \/ Yoast SEO plugin. -->","yoast_head_json":{"title":"Batterie pour velos Ansmann 24V 12Ah 288Wh - ateliervae.fr","description":"Batterie pour v\u00e9lo \u00e9lectrique ANSMANN 24V 12Ah, autonomie performante, prix estim\u00e9 250-350\u20ac, id\u00e9ale pour remplacer votre batterie e-bike durable.","robots":{"index":"index","follow":"follow","max-snippet":"max-snippet:-1","max-image-preview":"max-image-preview:large","max-video-preview":"max-video-preview:-1"},"canonical":"https:\/\/ateliervae.fr\/?product=batterie-de-velo-compatible-ansmann-24v-12ah","og_locale":"fr_FR","og_type":"article","og_title":"Batterie pour velos Ansmann 24V 12Ah 288Wh - ateliervae.fr","og_description":"Batterie pour v\u00e9lo \u00e9lectrique ANSMANN 24V 12Ah, autonomie performante, prix estim\u00e9 250-350\u20ac, id\u00e9ale pour remplacer votre batterie e-bike durable.","og_url":"https:\/\/ateliervae.fr\/?product=batterie-de-velo-compatible-ansmann-24v-12ah","og_site_name":"ateliervae.fr","article_modified_time":"2026-04-22T12:12:45+00:00","og_image":[{"width":360,"height":360,"url":"https:\/\/ateliervae.fr\/wp-content\/uploads\/2026\/04\/ansmann-36v-11ah-fietsaccu-afbeelding-1_1-min.png","type":"image\/png"}],"twitter_card":"summary_large_image","twitter_misc":{"Dur\u00e9e de lecture estim\u00e9e":"3 minutes"},"schema":{"@context":"https:\/\/schema.org","@graph":[{"@type":"WebPage","@id":"https:\/\/ateliervae.fr\/?product=batterie-de-velo-compatible-ansmann-24v-12ah","url":"https:\/\/ateliervae.fr\/?product=batterie-de-velo-compatible-ansmann-24v-12ah","name":"Batterie pour velos Ansmann 24V 12Ah 288Wh - ateliervae.fr","isPartOf":{"@id":"https:\/\/ateliervae.fr\/#website"},"primaryImageOfPage":{"@id":"https:\/\/ateliervae.fr\/?product=batterie-de-velo-compatible-ansmann-24v-12ah#primaryimage"},"image":{"@id":"https:\/\/ateliervae.fr\/?product=batterie-de-velo-compatible-ansmann-24v-12ah#primaryimage"},"thumbnailUrl":"https:\/\/ateliervae.fr\/wp-content\/uploads\/2026\/04\/ansmann-36v-11ah-fietsaccu-afbeelding-1_1-min.png","datePublished":"2026-04-22T11:21:45+00:00","dateModified":"2026-04-22T12:12:45+00:00","description":"Batterie pour v\u00e9lo \u00e9lectrique ANSMANN 24V 12Ah, autonomie performante, prix estim\u00e9 250-350\u20ac, id\u00e9ale pour remplacer votre batterie e-bike durable.","breadcrumb":{"@id":"https:\/\/ateliervae.fr\/?product=batterie-de-velo-compatible-ansmann-24v-12ah#breadcrumb"},"inLanguage":"fr-FR","potentialAction":[{"@type":"ReadAction","target":["https:\/\/ateliervae.fr\/?product=batterie-de-velo-compatible-ansmann-24v-12ah"]}]},{"@type":"ImageObject","inLanguage":"fr-FR","@id":"https:\/\/ateliervae.fr\/?product=batterie-de-velo-compatible-ansmann-24v-12ah#primaryimage","url":"https:\/\/ateliervae.fr\/wp-content\/uploads\/2026\/04\/ansmann-36v-11ah-fietsaccu-afbeelding-1_1-min.png","contentUrl":"https:\/\/ateliervae.fr\/wp-content\/uploads\/2026\/04\/ansmann-36v-11ah-fietsaccu-afbeelding-1_1-min.png","width":360,"height":360,"caption":"batterie 36V v\u00e9lo autonomie performante"},{"@type":"BreadcrumbList","@id":"https:\/\/ateliervae.fr\/?product=batterie-de-velo-compatible-ansmann-24v-12ah#breadcrumb","itemListElement":[{"@type":"ListItem","position":1,"name":"Home","item":"https:\/\/ateliervae.fr\/"},{"@type":"ListItem","position":2,"name":"Produits","item":"https:\/\/ateliervae.fr\/shop\/"},{"@type":"ListItem","position":3,"name":"Batterie pour velos Ansmann 24V 12Ah 288Wh"}]},{"@type":"WebSite","@id":"https:\/\/ateliervae.fr\/#website","url":"https:\/\/ateliervae.fr\/","name":"ateliervae.fr","description":"L\u2019\u00e9nergie au c\u0153ur de vos trajets","publisher":{"@id":"https:\/\/ateliervae.fr\/#organization"},"potentialAction":[{"@type":"SearchAction","target":{"@type":"EntryPoint","urlTemplate":"https:\/\/ateliervae.fr\/?s={search_term_string}"},"query-input":{"@type":"PropertyValueSpecification","valueRequired":true,"valueName":"search_term_string"}}],"inLanguage":"fr-FR"},{"@type":"Organization","@id":"https:\/\/ateliervae.fr\/#organization","name":"ateliervae.fr","url":"https:\/\/ateliervae.fr\/","logo":{"@type":"ImageObject","inLanguage":"fr-FR","@id":"https:\/\/ateliervae.fr\/#\/schema\/logo\/image\/","url":"https:\/\/ateliervae.fr\/wp-content\/uploads\/2026\/04\/ChatGPT-Image-6-avr.-2026-11_58_22.png","contentUrl":"https:\/\/ateliervae.fr\/wp-content\/uploads\/2026\/04\/ChatGPT-Image-6-avr.-2026-11_58_22.png","width":1536,"height":1024,"caption":"ateliervae.fr"},"image":{"@id":"https:\/\/ateliervae.fr\/#\/schema\/logo\/image\/"}}]}},"_links":{"self":[{"href":"https:\/\/ateliervae.fr\/index.php?rest_route=\/wp\/v2\/product\/28047","targetHints":{"allow":["GET"]}}],"collection":[{"href":"https:\/\/ateliervae.fr\/index.php?rest_route=\/wp\/v2\/product"}],"about":[{"href":"https:\/\/ateliervae.fr\/index.php?rest_route=\/wp\/v2\/types\/product"}],"replies":[{"embeddable":true,"href":"https:\/\/ateliervae.fr\/index.php?rest_route=%2Fwp%2Fv2%2Fcomments&post=28047"}],"version-history":[{"count":2,"href":"https:\/\/ateliervae.fr\/index.php?rest_route=\/wp\/v2\/product\/28047\/revisions"}],"predecessor-version":[{"id":28058,"href":"https:\/\/ateliervae.fr\/index.php?rest_route=\/wp\/v2\/product\/28047\/revisions\/28058"}],"wp:featuredmedia":[{"embeddable":true,"href":"https:\/\/ateliervae.fr\/index.php?rest_route=\/wp\/v2\/media\/28046"}],"wp:attachment":[{"href":"https:\/\/ateliervae.fr\/index.php?rest_route=%2Fwp%2Fv2%2Fmedia&parent=28047"}],"wp:term":[{"taxonomy":"product_brand","embeddable":true,"href":"https:\/\/ateliervae.fr\/index.php?rest_route=%2Fwp%2Fv2%2Fproduct_brand&post=28047"},{"taxonomy":"product_cat","embeddable":true,"href":"https:\/\/ateliervae.fr\/index.php?rest_route=%2Fwp%2Fv2%2Fproduct_cat&post=28047"},{"taxonomy":"product_tag","embeddable":true,"href":"https:\/\/ateliervae.fr\/index.php?rest_route=%2Fwp%2Fv2%2Fproduct_tag&post=28047"}],"curies":[{"name":"wp","href":"https:\/\/api.w.org\/{rel}","templated":true}]}}