{"id":28039,"date":"2026-04-22T11:21:42","date_gmt":"2026-04-22T11:21:42","guid":{"rendered":"https:\/\/ateliervae.fr\/?product=ansmann-36v-14ah-smart-batterie-de-velo-compatible"},"modified":"2026-04-22T13:11:46","modified_gmt":"2026-04-22T13:11:46","slug":"ansmann-36v-14ah-smart-batterie-de-velo-compatible","status":"publish","type":"product","link":"https:\/\/ateliervae.fr\/?product=ansmann-36v-14ah-smart-batterie-de-velo-compatible","title":{"rendered":"Batterie pour velos Ansmann 36V 14Ah 504Wh SMART"},"content":{"rendered":"<h2 data-section-id=\"cbnwj5\" data-start=\"248\" data-end=\"286\">1. Description d\u00e9taill\u00e9e du produit<\/h2>\n<p data-start=\"288\" data-end=\"597\">La <strong data-start=\"291\" data-end=\"347\">batterie pour v\u00e9lo \u00e9lectrique Ansmann 36V 14Ah SMART<\/strong> est une batterie Lithium-ion haute performance con\u00e7ue pour offrir puissance, fiabilit\u00e9 et grande autonomie aux cyclistes exigeants. Elle s\u2019adresse aussi bien aux utilisateurs de VTT \u00e9lectrique, de v\u00e9los urbains qu\u2019aux amateurs de longues randonn\u00e9es.<\/p>\n<p data-start=\"599\" data-end=\"922\">Gr\u00e2ce \u00e0 sa technologie <strong data-start=\"622\" data-end=\"649\">batterie lithium e-bike<\/strong>, elle garantit une excellente densit\u00e9 \u00e9nerg\u00e9tique et une charge stable, tout en r\u00e9duisant le poids global du v\u00e9lo. Cette batterie est pens\u00e9e pour optimiser la <strong data-start=\"809\" data-end=\"847\">performance moteur \u00e9lectrique v\u00e9lo<\/strong>, assurant une assistance fluide et constante m\u00eame sur terrains difficiles.<\/p>\n<p data-start=\"924\" data-end=\"1167\">Elle s\u2019int\u00e8gre parfaitement dans les syst\u00e8mes 36V et est compatible avec de nombreux mod\u00e8les \u00e9quip\u00e9s de moteurs Ansmann ou \u00e9quivalents. Son syst\u00e8me SMART int\u00e9gr\u00e9 permet une gestion intelligente de l\u2019\u00e9nergie, am\u00e9liorant la dur\u00e9e de vie globale.<\/p>\n<p data-start=\"1169\" data-end=\"1192\">\ud83d\udc49 <strong data-start=\"1172\" data-end=\"1192\">Avantages cl\u00e9s :<\/strong><\/p>\n<ul data-start=\"1193\" data-end=\"1477\">\n<li data-section-id=\"12m71da\" data-start=\"1193\" data-end=\"1268\">Excellente autonomie batterie v\u00e9lo \u00e9lectrique (jusqu\u2019\u00e0 90 km selon usage)<\/li>\n<li data-section-id=\"1tltp7p\" data-start=\"1269\" data-end=\"1332\">Batterie v\u00e9lo \u00e9lectrique longue dur\u00e9e avec plus de 800 cycles<\/li>\n<li data-section-id=\"1ptkajh\" data-start=\"1333\" data-end=\"1382\">S\u00e9curit\u00e9 renforc\u00e9e gr\u00e2ce au syst\u00e8me BMS int\u00e9gr\u00e9<\/li>\n<li data-section-id=\"1ueoacn\" data-start=\"1383\" data-end=\"1447\">Compatible avec de nombreux kits de conversion v\u00e9lo \u00e9lectrique<\/li>\n<li data-section-id=\"zva2s7\" data-start=\"1448\" data-end=\"1477\">Recharge rapide et efficace<\/li>\n<\/ul>\n<div><\/div>\n<h2 data-section-id=\"19oqy77\" data-start=\"1713\" data-end=\"1744\">2. Tableau technique complet<\/h2>\n<div class=\"TyagGW_tableContainer\">\n<div class=\"group TyagGW_tableWrapper flex flex-col-reverse w-fit\" tabindex=\"-1\">\n<table class=\"w-fit min-w-(--thread-content-width)\" data-start=\"1746\" data-end=\"2375\">\n<thead data-start=\"1746\" data-end=\"1774\">\n<tr data-start=\"1746\" data-end=\"1774\">\n<th class=\"\" data-start=\"1746\" data-end=\"1764\" data-col-size=\"sm\">Caract\u00e9ristique<\/th>\n<th class=\"\" data-start=\"1764\" data-end=\"1774\" data-col-size=\"sm\">D\u00e9tail<\/th>\n<\/tr>\n<\/thead>\n<tbody data-start=\"1803\" data-end=\"2375\">\n<tr data-start=\"1803\" data-end=\"1837\">\n<td data-start=\"1803\" data-end=\"1822\" data-col-size=\"sm\">Type de batterie<\/td>\n<td data-start=\"1822\" data-end=\"1837\" data-col-size=\"sm\">Lithium-ion<\/td>\n<\/tr>\n<tr data-start=\"1838\" data-end=\"1885\">\n<td data-start=\"1838\" data-end=\"1852\" data-col-size=\"sm\">Technologie<\/td>\n<td data-start=\"1852\" data-end=\"1885\" data-col-size=\"sm\">Batterie lithium e-bike SMART<\/td>\n<\/tr>\n<tr data-start=\"1886\" data-end=\"1903\">\n<td data-start=\"1886\" data-end=\"1896\" data-col-size=\"sm\">Voltage<\/td>\n<td data-start=\"1896\" data-end=\"1903\" data-col-size=\"sm\">36V<\/td>\n<\/tr>\n<tr data-start=\"1904\" data-end=\"1931\">\n<td data-start=\"1904\" data-end=\"1915\" data-col-size=\"sm\">Capacit\u00e9<\/td>\n<td data-start=\"1915\" data-end=\"1931\" data-col-size=\"sm\">14Ah (504Wh)<\/td>\n<\/tr>\n<tr data-start=\"1932\" data-end=\"1966\">\n<td data-start=\"1932\" data-end=\"1952\" data-col-size=\"sm\">Autonomie estim\u00e9e<\/td>\n<td data-start=\"1952\" data-end=\"1966\" data-col-size=\"sm\">60 \u00e0 90 km<\/td>\n<\/tr>\n<tr data-start=\"1967\" data-end=\"2001\">\n<td data-start=\"1967\" data-end=\"1985\" data-col-size=\"sm\">Temps de charge<\/td>\n<td data-start=\"1985\" data-end=\"2001\" data-col-size=\"sm\">4 \u00e0 6 heures<\/td>\n<\/tr>\n<tr data-start=\"2002\" data-end=\"2038\">\n<td data-start=\"2002\" data-end=\"2017\" data-col-size=\"sm\">Dur\u00e9e de vie<\/td>\n<td data-start=\"2017\" data-end=\"2038\" data-col-size=\"sm\">800 \u00e0 1000 cycles<\/td>\n<\/tr>\n<tr data-start=\"2039\" data-end=\"2092\">\n<td data-start=\"2039\" data-end=\"2055\" data-col-size=\"sm\">Compatibilit\u00e9<\/td>\n<td data-start=\"2055\" data-end=\"2092\" data-col-size=\"sm\">Moteurs 36V Ansmann et similaires<\/td>\n<\/tr>\n<tr data-start=\"2093\" data-end=\"2151\">\n<td data-start=\"2093\" data-end=\"2115\" data-col-size=\"sm\">Syst\u00e8me de fixation<\/td>\n<td data-start=\"2115\" data-end=\"2151\" data-col-size=\"sm\">Rail coulissant ou support cadre<\/td>\n<\/tr>\n<tr data-start=\"2152\" data-end=\"2178\">\n<td data-start=\"2152\" data-end=\"2160\" data-col-size=\"sm\">Poids<\/td>\n<td data-start=\"2160\" data-end=\"2178\" data-col-size=\"sm\">Environ 3,2 kg<\/td>\n<\/tr>\n<tr data-start=\"2179\" data-end=\"2218\">\n<td data-start=\"2179\" data-end=\"2193\" data-col-size=\"sm\">Emplacement<\/td>\n<td data-start=\"2193\" data-end=\"2218\" data-col-size=\"sm\">Porte-bagage ou cadre<\/td>\n<\/tr>\n<tr data-start=\"2219\" data-end=\"2247\">\n<td data-start=\"2219\" data-end=\"2226\" data-col-size=\"sm\">Type<\/td>\n<td data-start=\"2226\" data-end=\"2247\" data-col-size=\"sm\">Batterie amovible<\/td>\n<\/tr>\n<tr data-start=\"2248\" data-end=\"2297\">\n<td data-start=\"2248\" data-end=\"2259\" data-col-size=\"sm\">S\u00e9curit\u00e9<\/td>\n<td data-start=\"2259\" data-end=\"2297\" data-col-size=\"sm\">BMS int\u00e9gr\u00e9 (protection surcharge)<\/td>\n<\/tr>\n<tr data-start=\"2298\" data-end=\"2343\">\n<td data-start=\"2298\" data-end=\"2326\" data-col-size=\"sm\">Temp\u00e9rature d\u2019utilisation<\/td>\n<td data-start=\"2326\" data-end=\"2343\" data-col-size=\"sm\">-10\u00b0C \u00e0 +45\u00b0C<\/td>\n<\/tr>\n<tr data-start=\"2344\" data-end=\"2375\">\n<td data-start=\"2344\" data-end=\"2352\" data-col-size=\"sm\">Gamme<\/td>\n<td data-start=\"2352\" data-end=\"2375\" data-col-size=\"sm\">Haut de gamme SMART<\/td>\n<\/tr>\n<\/tbody>\n<\/table>\n<\/div>\n<\/div>\n<div><\/div>\n<h2 data-section-id=\"1sj8b1m\" data-start=\"2520\" data-end=\"2544\">3. Tableau comparatif<\/h2>\n<div class=\"TyagGW_tableContainer\">\n<div class=\"group TyagGW_tableWrapper flex flex-col-reverse w-fit\" tabindex=\"-1\">\n<table class=\"w-fit min-w-(--thread-content-width)\" data-start=\"2546\" data-end=\"3080\">\n<thead data-start=\"2546\" data-end=\"2656\">\n<tr data-start=\"2546\" data-end=\"2656\">\n<th class=\"\" data-start=\"2546\" data-end=\"2555\" data-col-size=\"sm\">Mod\u00e8le<\/th>\n<th class=\"\" data-start=\"2555\" data-end=\"2574\" data-col-size=\"sm\">Type de batterie<\/th>\n<th class=\"\" data-start=\"2574\" data-end=\"2595\" data-col-size=\"sm\">Voltage \/ capacit\u00e9<\/th>\n<th class=\"\" data-start=\"2595\" data-end=\"2607\" data-col-size=\"sm\">Autonomie<\/th>\n<th class=\"\" data-start=\"2607\" data-end=\"2623\" data-col-size=\"sm\">Compatibilit\u00e9<\/th>\n<th class=\"\" data-start=\"2623\" data-end=\"2631\" data-col-size=\"sm\">Poids<\/th>\n<th class=\"\" data-start=\"2631\" data-end=\"2656\" data-col-size=\"sm\">Prix TTC constructeur<\/th>\n<\/tr>\n<\/thead>\n<tbody data-start=\"2770\" data-end=\"3080\">\n<tr data-start=\"2770\" data-end=\"2877\">\n<td data-start=\"2770\" data-end=\"2795\" data-col-size=\"sm\">Ansmann 36V 14Ah SMART<\/td>\n<td data-start=\"2795\" data-end=\"2809\" data-col-size=\"sm\">Lithium-ion<\/td>\n<td data-start=\"2809\" data-end=\"2822\" data-col-size=\"sm\">36V \/ 14Ah<\/td>\n<td data-start=\"2822\" data-end=\"2833\" data-col-size=\"sm\">60\u201390 km<\/td>\n<td data-start=\"2833\" data-end=\"2859\" data-col-size=\"sm\">Ansmann \/ universel 36V<\/td>\n<td data-start=\"2859\" data-end=\"2868\" data-col-size=\"sm\">3,2 kg<\/td>\n<td data-start=\"2868\" data-end=\"2877\" data-col-size=\"sm\">~399\u20ac<\/td>\n<\/tr>\n<tr data-start=\"2878\" data-end=\"2980\">\n<td data-start=\"2878\" data-end=\"2900\" data-col-size=\"sm\"><a href=\"https:\/\/ateliervae.fr\/?product=bosch-powerpack-500-classic-compatible-cadre\">Bosch PowerPack 500<\/a><\/td>\n<td data-start=\"2900\" data-end=\"2914\" data-col-size=\"sm\">Lithium-ion<\/td>\n<td data-start=\"2914\" data-end=\"2929\" data-col-size=\"sm\">36V \/ 13,4Ah<\/td>\n<td data-start=\"2929\" data-end=\"2941\" data-col-size=\"sm\">50\u2013100 km<\/td>\n<td data-start=\"2941\" data-end=\"2962\" data-col-size=\"sm\">Bosch eBike System<\/td>\n<td data-start=\"2962\" data-end=\"2971\" data-col-size=\"sm\">2,8 kg<\/td>\n<td data-start=\"2971\" data-end=\"2980\" data-col-size=\"sm\">~549\u20ac<\/td>\n<\/tr>\n<tr data-start=\"2981\" data-end=\"3080\">\n<td data-start=\"2981\" data-end=\"3002\" data-col-size=\"sm\"><a href=\"https:\/\/ateliervae.fr\/?product=batterie-panasonic-velo-electrique-36v-13ah\">Panasonic 36V 13Ah<\/a><\/td>\n<td data-start=\"3002\" data-end=\"3016\" data-col-size=\"sm\">Lithium-ion<\/td>\n<td data-start=\"3016\" data-end=\"3029\" data-col-size=\"sm\">36V \/ 13Ah<\/td>\n<td data-start=\"3029\" data-end=\"3040\" data-col-size=\"sm\">60\u201385 km<\/td>\n<td data-start=\"3040\" data-end=\"3062\" data-col-size=\"sm\">VAE compatibles 36V<\/td>\n<td data-start=\"3062\" data-end=\"3071\" data-col-size=\"sm\">3,1 kg<\/td>\n<td data-start=\"3071\" data-end=\"3080\" data-col-size=\"sm\">~429\u20ac<\/td>\n<\/tr>\n<\/tbody>\n<\/table>\n<\/div>\n<\/div>\n<div><\/div>\n<h2 data-section-id=\"a7mwac\" data-start=\"3309\" data-end=\"3344\">4. Conclusion<\/h2>\n<p data-start=\"3346\" data-end=\"3665\">La <strong data-start=\"3349\" data-end=\"3418\">batterie v\u00e9lo \u00e9lectrique 36V haute performance Ansmann 14Ah SMART<\/strong> est un choix id\u00e9al pour les cyclistes recherchant autonomie, s\u00e9curit\u00e9 et puissance. Sa technologie Lithium-ion avanc\u00e9e, son syst\u00e8me SMART et sa compatibilit\u00e9 \u00e9tendue en font une solution fiable pour remplacer ou am\u00e9liorer votre batterie actuelle.<\/p>\n<p data-start=\"3667\" data-end=\"3842\">Si vous souhaitez augmenter l\u2019autonomie de votre v\u00e9lo \u00e9lectrique et profiter de trajets plus longs sans contrainte, cette batterie est un investissement durable et performant.<\/p>\n<h2 data-section-id=\"wkklvs\" data-start=\"3937\" data-end=\"3946\">5. FAQ<\/h2>\n<p data-start=\"3948\" data-end=\"4055\"><strong data-start=\"3948\" data-end=\"3991\">Quelle autonomie offre cette batterie ?<\/strong><br data-start=\"3991\" data-end=\"3994\" \/>Entre 60 et 90 km selon le terrain et le niveau d\u2019assistance.<\/p>\n<p data-start=\"4057\" data-end=\"4173\"><strong data-start=\"4057\" data-end=\"4096\">Est-elle compatible avec mon v\u00e9lo ?<\/strong><br data-start=\"4096\" data-end=\"4099\" \/>Oui, si votre v\u00e9lo utilise un syst\u00e8me 36V compatible Ansmann ou universel.<\/p>\n<p data-start=\"4175\" data-end=\"4261\"><strong data-start=\"4175\" data-end=\"4212\">Combien de temps dure la charge ?<\/strong><br data-start=\"4212\" data-end=\"4215\" \/>Environ 4 \u00e0 6 heures pour une charge compl\u00e8te.<\/p>\n<p data-start=\"4263\" data-end=\"4379\"><strong data-start=\"4263\" data-end=\"4308\">Peut-on remplacer une ancienne batterie ?<\/strong><br data-start=\"4308\" data-end=\"4311\" \/>Oui, elle est id\u00e9ale comme batterie de remplacement v\u00e9lo \u00e9lectrique.<\/p>\n<p data-start=\"4381\" data-end=\"4451\"><strong data-start=\"4381\" data-end=\"4413\">Quelle est sa dur\u00e9e de vie ?<\/strong><br data-start=\"4413\" data-end=\"4416\" \/>Entre 800 et 1000 cycles de charge.<\/p>\n<p data-start=\"4453\" data-end=\"4585\"><strong data-start=\"4453\" data-end=\"4493\">Est-elle adapt\u00e9e aux longs trajets ?<\/strong><br data-start=\"4493\" data-end=\"4496\" \/>Oui, c\u2019est une batterie v\u00e9lo \u00e9lectrique longue dur\u00e9e parfaitement adapt\u00e9e aux randonn\u00e9es.<\/p>\n<p data-start=\"4587\" data-end=\"4696\"><strong data-start=\"4587\" data-end=\"4624\">Dispose-t-elle d\u2019une protection ?<\/strong><br data-start=\"4624\" data-end=\"4627\" \/>Oui, un syst\u00e8me BMS prot\u00e8ge contre surcharge, d\u00e9charge et surchauffe.<\/p>\n","protected":false},"excerpt":{"rendered":"<ul data-start=\"4729\" data-end=\"5028\">\n<li data-section-id=\"13mcg0x\" data-start=\"4729\" data-end=\"4792\"><span style=\"color: #99cc00;\">\ud83d\udd0b Puissance et autonomie : 36V 14Ah pour longues distances<\/span><\/li>\n<li data-section-id=\"1opnu6r\" data-start=\"4793\" data-end=\"4860\"><span style=\"color: #99cc00;\">\u2699\ufe0f Technologie et s\u00e9curit\u00e9 : Lithium-ion SMART avec BMS int\u00e9gr\u00e9<\/span><\/li>\n<li data-section-id=\"cdwcmy\" data-start=\"4861\" data-end=\"4927\"><span style=\"color: #99cc00;\">\ud83d\udeb2 Compatibilit\u00e9 : V\u00e9los \u00e9lectriques 36V Ansmann et universels<\/span><\/li>\n<li data-section-id=\"1owk4ka\" data-start=\"4928\" data-end=\"5028\"><span style=\"color: #99cc00;\">\u2b50 Avantage principal : excellent rapport autonomie \/ fiabilit\u00e9 pour usage quotidien et randonn\u00e9e<\/span><\/li>\n<\/ul>\n<p>\ud83d\udc49 <strong data-start=\"3847\" data-end=\"3930\">Commandez d\u00e8s maintenant et redonnez une nouvelle vie \u00e0 votre v\u00e9lo \u00e9lectrique !<\/strong><\/p>\n","protected":false},"featured_media":28038,"comment_status":"closed","ping_status":"closed","template":"","meta":[],"product_brand":[526],"product_cat":[33],"product_tag":[478,521],"class_list":{"0":"post-28039","1":"product","2":"type-product","3":"status-publish","4":"has-post-thumbnail","6":"product_brand-ansmann","7":"product_cat-batteries-de-velos","8":"product_tag-batterie-velo-electrique","9":"product_tag-batterie-velo-electrique-haute-capacite","11":"first","12":"instock","13":"sale","14":"shipping-taxable","15":"purchasable","16":"product-type-simple"},"yoast_head":"<!-- This site is optimized with the Yoast SEO plugin v27.5 - https:\/\/yoast.com\/product\/yoast-seo-wordpress\/ -->\n<title>Batterie pour velos Ansmann 36V 14Ah 504Wh SMART - ateliervae.fr<\/title>\n<meta name=\"description\" content=\"Batterie v\u00e9lo \u00e9lectrique 36V haute performance Ansmann 14Ah SMART \u2013 autonomie \u00e9lev\u00e9e, prix estim\u00e9 349\u20ac\u2013499\u20ac, id\u00e9ale pour longues distances et e-bike urbain.\" \/>\n<meta name=\"robots\" content=\"index, follow, max-snippet:-1, max-image-preview:large, max-video-preview:-1\" \/>\n<link rel=\"canonical\" href=\"https:\/\/ateliervae.fr\/?product=ansmann-36v-14ah-smart-batterie-de-velo-compatible\" \/>\n<meta property=\"og:locale\" content=\"fr_FR\" \/>\n<meta property=\"og:type\" content=\"article\" \/>\n<meta property=\"og:title\" content=\"Batterie pour velos Ansmann 36V 14Ah 504Wh SMART - ateliervae.fr\" \/>\n<meta property=\"og:description\" content=\"Batterie v\u00e9lo \u00e9lectrique 36V haute performance Ansmann 14Ah SMART \u2013 autonomie \u00e9lev\u00e9e, prix estim\u00e9 349\u20ac\u2013499\u20ac, id\u00e9ale pour longues distances et e-bike urbain.\" \/>\n<meta property=\"og:url\" content=\"https:\/\/ateliervae.fr\/?product=ansmann-36v-14ah-smart-batterie-de-velo-compatible\" \/>\n<meta property=\"og:site_name\" content=\"ateliervae.fr\" \/>\n<meta property=\"article:modified_time\" content=\"2026-04-22T13:11:46+00:00\" \/>\n<meta property=\"og:image\" content=\"https:\/\/ateliervae.fr\/wp-content\/uploads\/2026\/04\/65846_1_.jpg\" \/>\n\t<meta property=\"og:image:width\" content=\"360\" \/>\n\t<meta property=\"og:image:height\" content=\"360\" \/>\n\t<meta property=\"og:image:type\" content=\"image\/jpeg\" \/>\n<meta name=\"twitter:card\" content=\"summary_large_image\" \/>\n<meta name=\"twitter:label1\" content=\"Dur\u00e9e de lecture estim\u00e9e\" \/>\n\t<meta name=\"twitter:data1\" content=\"3 minutes\" \/>\n<script type=\"application\/ld+json\" class=\"yoast-schema-graph\">{\"@context\":\"https:\\\/\\\/schema.org\",\"@graph\":[{\"@type\":\"WebPage\",\"@id\":\"https:\\\/\\\/ateliervae.fr\\\/?product=ansmann-36v-14ah-smart-batterie-de-velo-compatible\",\"url\":\"https:\\\/\\\/ateliervae.fr\\\/?product=ansmann-36v-14ah-smart-batterie-de-velo-compatible\",\"name\":\"Batterie pour velos Ansmann 36V 14Ah 504Wh SMART - ateliervae.fr\",\"isPartOf\":{\"@id\":\"https:\\\/\\\/ateliervae.fr\\\/#website\"},\"primaryImageOfPage\":{\"@id\":\"https:\\\/\\\/ateliervae.fr\\\/?product=ansmann-36v-14ah-smart-batterie-de-velo-compatible#primaryimage\"},\"image\":{\"@id\":\"https:\\\/\\\/ateliervae.fr\\\/?product=ansmann-36v-14ah-smart-batterie-de-velo-compatible#primaryimage\"},\"thumbnailUrl\":\"https:\\\/\\\/ateliervae.fr\\\/wp-content\\\/uploads\\\/2026\\\/04\\\/65846_1_.jpg\",\"datePublished\":\"2026-04-22T11:21:42+00:00\",\"dateModified\":\"2026-04-22T13:11:46+00:00\",\"description\":\"Batterie v\u00e9lo \u00e9lectrique 36V haute performance Ansmann 14Ah SMART \u2013 autonomie \u00e9lev\u00e9e, prix estim\u00e9 349\u20ac\u2013499\u20ac, id\u00e9ale pour longues distances et e-bike urbain.\",\"breadcrumb\":{\"@id\":\"https:\\\/\\\/ateliervae.fr\\\/?product=ansmann-36v-14ah-smart-batterie-de-velo-compatible#breadcrumb\"},\"inLanguage\":\"fr-FR\",\"potentialAction\":[{\"@type\":\"ReadAction\",\"target\":[\"https:\\\/\\\/ateliervae.fr\\\/?product=ansmann-36v-14ah-smart-batterie-de-velo-compatible\"]}]},{\"@type\":\"ImageObject\",\"inLanguage\":\"fr-FR\",\"@id\":\"https:\\\/\\\/ateliervae.fr\\\/?product=ansmann-36v-14ah-smart-batterie-de-velo-compatible#primaryimage\",\"url\":\"https:\\\/\\\/ateliervae.fr\\\/wp-content\\\/uploads\\\/2026\\\/04\\\/65846_1_.jpg\",\"contentUrl\":\"https:\\\/\\\/ateliervae.fr\\\/wp-content\\\/uploads\\\/2026\\\/04\\\/65846_1_.jpg\",\"width\":360,\"height\":360,\"caption\":\"batterie v\u00e9lo \u00e9lectrique 36V haute performance\"},{\"@type\":\"BreadcrumbList\",\"@id\":\"https:\\\/\\\/ateliervae.fr\\\/?product=ansmann-36v-14ah-smart-batterie-de-velo-compatible#breadcrumb\",\"itemListElement\":[{\"@type\":\"ListItem\",\"position\":1,\"name\":\"Home\",\"item\":\"https:\\\/\\\/ateliervae.fr\\\/\"},{\"@type\":\"ListItem\",\"position\":2,\"name\":\"Produits\",\"item\":\"https:\\\/\\\/ateliervae.fr\\\/shop\\\/\"},{\"@type\":\"ListItem\",\"position\":3,\"name\":\"Batterie pour velos Ansmann 36V 14Ah 504Wh SMART\"}]},{\"@type\":\"WebSite\",\"@id\":\"https:\\\/\\\/ateliervae.fr\\\/#website\",\"url\":\"https:\\\/\\\/ateliervae.fr\\\/\",\"name\":\"ateliervae.fr\",\"description\":\"L\u2019\u00e9nergie au c\u0153ur de vos trajets\",\"publisher\":{\"@id\":\"https:\\\/\\\/ateliervae.fr\\\/#organization\"},\"potentialAction\":[{\"@type\":\"SearchAction\",\"target\":{\"@type\":\"EntryPoint\",\"urlTemplate\":\"https:\\\/\\\/ateliervae.fr\\\/?s={search_term_string}\"},\"query-input\":{\"@type\":\"PropertyValueSpecification\",\"valueRequired\":true,\"valueName\":\"search_term_string\"}}],\"inLanguage\":\"fr-FR\"},{\"@type\":\"Organization\",\"@id\":\"https:\\\/\\\/ateliervae.fr\\\/#organization\",\"name\":\"ateliervae.fr\",\"url\":\"https:\\\/\\\/ateliervae.fr\\\/\",\"logo\":{\"@type\":\"ImageObject\",\"inLanguage\":\"fr-FR\",\"@id\":\"https:\\\/\\\/ateliervae.fr\\\/#\\\/schema\\\/logo\\\/image\\\/\",\"url\":\"https:\\\/\\\/ateliervae.fr\\\/wp-content\\\/uploads\\\/2026\\\/04\\\/ChatGPT-Image-6-avr.-2026-11_58_22.png\",\"contentUrl\":\"https:\\\/\\\/ateliervae.fr\\\/wp-content\\\/uploads\\\/2026\\\/04\\\/ChatGPT-Image-6-avr.-2026-11_58_22.png\",\"width\":1536,\"height\":1024,\"caption\":\"ateliervae.fr\"},\"image\":{\"@id\":\"https:\\\/\\\/ateliervae.fr\\\/#\\\/schema\\\/logo\\\/image\\\/\"}}]}<\/script>\n<!-- \/ Yoast SEO plugin. -->","yoast_head_json":{"title":"Batterie pour velos Ansmann 36V 14Ah 504Wh SMART - ateliervae.fr","description":"Batterie v\u00e9lo \u00e9lectrique 36V haute performance Ansmann 14Ah SMART \u2013 autonomie \u00e9lev\u00e9e, prix estim\u00e9 349\u20ac\u2013499\u20ac, id\u00e9ale pour longues distances et e-bike urbain.","robots":{"index":"index","follow":"follow","max-snippet":"max-snippet:-1","max-image-preview":"max-image-preview:large","max-video-preview":"max-video-preview:-1"},"canonical":"https:\/\/ateliervae.fr\/?product=ansmann-36v-14ah-smart-batterie-de-velo-compatible","og_locale":"fr_FR","og_type":"article","og_title":"Batterie pour velos Ansmann 36V 14Ah 504Wh SMART - ateliervae.fr","og_description":"Batterie v\u00e9lo \u00e9lectrique 36V haute performance Ansmann 14Ah SMART \u2013 autonomie \u00e9lev\u00e9e, prix estim\u00e9 349\u20ac\u2013499\u20ac, id\u00e9ale pour longues distances et e-bike urbain.","og_url":"https:\/\/ateliervae.fr\/?product=ansmann-36v-14ah-smart-batterie-de-velo-compatible","og_site_name":"ateliervae.fr","article_modified_time":"2026-04-22T13:11:46+00:00","og_image":[{"width":360,"height":360,"url":"https:\/\/ateliervae.fr\/wp-content\/uploads\/2026\/04\/65846_1_.jpg","type":"image\/jpeg"}],"twitter_card":"summary_large_image","twitter_misc":{"Dur\u00e9e de lecture estim\u00e9e":"3 minutes"},"schema":{"@context":"https:\/\/schema.org","@graph":[{"@type":"WebPage","@id":"https:\/\/ateliervae.fr\/?product=ansmann-36v-14ah-smart-batterie-de-velo-compatible","url":"https:\/\/ateliervae.fr\/?product=ansmann-36v-14ah-smart-batterie-de-velo-compatible","name":"Batterie pour velos Ansmann 36V 14Ah 504Wh SMART - ateliervae.fr","isPartOf":{"@id":"https:\/\/ateliervae.fr\/#website"},"primaryImageOfPage":{"@id":"https:\/\/ateliervae.fr\/?product=ansmann-36v-14ah-smart-batterie-de-velo-compatible#primaryimage"},"image":{"@id":"https:\/\/ateliervae.fr\/?product=ansmann-36v-14ah-smart-batterie-de-velo-compatible#primaryimage"},"thumbnailUrl":"https:\/\/ateliervae.fr\/wp-content\/uploads\/2026\/04\/65846_1_.jpg","datePublished":"2026-04-22T11:21:42+00:00","dateModified":"2026-04-22T13:11:46+00:00","description":"Batterie v\u00e9lo \u00e9lectrique 36V haute performance Ansmann 14Ah SMART \u2013 autonomie \u00e9lev\u00e9e, prix estim\u00e9 349\u20ac\u2013499\u20ac, id\u00e9ale pour longues distances et e-bike urbain.","breadcrumb":{"@id":"https:\/\/ateliervae.fr\/?product=ansmann-36v-14ah-smart-batterie-de-velo-compatible#breadcrumb"},"inLanguage":"fr-FR","potentialAction":[{"@type":"ReadAction","target":["https:\/\/ateliervae.fr\/?product=ansmann-36v-14ah-smart-batterie-de-velo-compatible"]}]},{"@type":"ImageObject","inLanguage":"fr-FR","@id":"https:\/\/ateliervae.fr\/?product=ansmann-36v-14ah-smart-batterie-de-velo-compatible#primaryimage","url":"https:\/\/ateliervae.fr\/wp-content\/uploads\/2026\/04\/65846_1_.jpg","contentUrl":"https:\/\/ateliervae.fr\/wp-content\/uploads\/2026\/04\/65846_1_.jpg","width":360,"height":360,"caption":"batterie v\u00e9lo \u00e9lectrique 36V haute performance"},{"@type":"BreadcrumbList","@id":"https:\/\/ateliervae.fr\/?product=ansmann-36v-14ah-smart-batterie-de-velo-compatible#breadcrumb","itemListElement":[{"@type":"ListItem","position":1,"name":"Home","item":"https:\/\/ateliervae.fr\/"},{"@type":"ListItem","position":2,"name":"Produits","item":"https:\/\/ateliervae.fr\/shop\/"},{"@type":"ListItem","position":3,"name":"Batterie pour velos Ansmann 36V 14Ah 504Wh SMART"}]},{"@type":"WebSite","@id":"https:\/\/ateliervae.fr\/#website","url":"https:\/\/ateliervae.fr\/","name":"ateliervae.fr","description":"L\u2019\u00e9nergie au c\u0153ur de vos trajets","publisher":{"@id":"https:\/\/ateliervae.fr\/#organization"},"potentialAction":[{"@type":"SearchAction","target":{"@type":"EntryPoint","urlTemplate":"https:\/\/ateliervae.fr\/?s={search_term_string}"},"query-input":{"@type":"PropertyValueSpecification","valueRequired":true,"valueName":"search_term_string"}}],"inLanguage":"fr-FR"},{"@type":"Organization","@id":"https:\/\/ateliervae.fr\/#organization","name":"ateliervae.fr","url":"https:\/\/ateliervae.fr\/","logo":{"@type":"ImageObject","inLanguage":"fr-FR","@id":"https:\/\/ateliervae.fr\/#\/schema\/logo\/image\/","url":"https:\/\/ateliervae.fr\/wp-content\/uploads\/2026\/04\/ChatGPT-Image-6-avr.-2026-11_58_22.png","contentUrl":"https:\/\/ateliervae.fr\/wp-content\/uploads\/2026\/04\/ChatGPT-Image-6-avr.-2026-11_58_22.png","width":1536,"height":1024,"caption":"ateliervae.fr"},"image":{"@id":"https:\/\/ateliervae.fr\/#\/schema\/logo\/image\/"}}]}},"_links":{"self":[{"href":"https:\/\/ateliervae.fr\/index.php?rest_route=\/wp\/v2\/product\/28039","targetHints":{"allow":["GET"]}}],"collection":[{"href":"https:\/\/ateliervae.fr\/index.php?rest_route=\/wp\/v2\/product"}],"about":[{"href":"https:\/\/ateliervae.fr\/index.php?rest_route=\/wp\/v2\/types\/product"}],"replies":[{"embeddable":true,"href":"https:\/\/ateliervae.fr\/index.php?rest_route=%2Fwp%2Fv2%2Fcomments&post=28039"}],"version-history":[{"count":2,"href":"https:\/\/ateliervae.fr\/index.php?rest_route=\/wp\/v2\/product\/28039\/revisions"}],"predecessor-version":[{"id":28073,"href":"https:\/\/ateliervae.fr\/index.php?rest_route=\/wp\/v2\/product\/28039\/revisions\/28073"}],"wp:featuredmedia":[{"embeddable":true,"href":"https:\/\/ateliervae.fr\/index.php?rest_route=\/wp\/v2\/media\/28038"}],"wp:attachment":[{"href":"https:\/\/ateliervae.fr\/index.php?rest_route=%2Fwp%2Fv2%2Fmedia&parent=28039"}],"wp:term":[{"taxonomy":"product_brand","embeddable":true,"href":"https:\/\/ateliervae.fr\/index.php?rest_route=%2Fwp%2Fv2%2Fproduct_brand&post=28039"},{"taxonomy":"product_cat","embeddable":true,"href":"https:\/\/ateliervae.fr\/index.php?rest_route=%2Fwp%2Fv2%2Fproduct_cat&post=28039"},{"taxonomy":"product_tag","embeddable":true,"href":"https:\/\/ateliervae.fr\/index.php?rest_route=%2Fwp%2Fv2%2Fproduct_tag&post=28039"}],"curies":[{"name":"wp","href":"https:\/\/api.w.org\/{rel}","templated":true}]}}