{"id":27977,"date":"2026-04-21T15:36:48","date_gmt":"2026-04-21T15:36:48","guid":{"rendered":"https:\/\/ateliervae.fr\/?product=giant-aspiro-prime-ease-400wh-batterie-velo-electrique"},"modified":"2026-04-21T22:27:00","modified_gmt":"2026-04-21T22:27:00","slug":"giant-aspiro-prime-ease-400wh-batterie-velo-electrique","status":"publish","type":"product","link":"https:\/\/ateliervae.fr\/?product=giant-aspiro-prime-ease-400wh-batterie-velo-electrique","title":{"rendered":"Batterie pour velos Giant Aspiro, Prime, Ease 11Ah \/ 400Wh"},"content":{"rendered":"<h2 data-section-id=\"10qs832\" data-start=\"210\" data-end=\"245\">Description d\u00e9taill\u00e9e du produit<\/h2>\n<p data-start=\"247\" data-end=\"602\">La <strong data-start=\"250\" data-end=\"307\">batterie pour v\u00e9los Giant Aspiro, Prime et Ease 400Wh<\/strong> est con\u00e7ue pour offrir une <strong data-start=\"335\" data-end=\"374\">batterie v\u00e9lo performante autonomie<\/strong> optimale, adapt\u00e9e aussi bien aux trajets urbains qu\u2019aux longues balades. Gr\u00e2ce \u00e0 sa technologie <strong data-start=\"471\" data-end=\"498\">batterie lithium e-bike<\/strong>, elle garantit une excellente densit\u00e9 \u00e9nerg\u00e9tique, une recharge efficace et une dur\u00e9e de vie prolong\u00e9e.<\/p>\n<p data-start=\"604\" data-end=\"947\">Dot\u00e9e d\u2019une capacit\u00e9 de <strong data-start=\"628\" data-end=\"659\">400Wh (environ 11Ah en 36V)<\/strong>, cette batterie assure une <strong data-start=\"687\" data-end=\"725\">autonomie batterie v\u00e9lo \u00e9lectrique<\/strong> pouvant atteindre entre <strong data-start=\"750\" data-end=\"765\">50 et 90 km<\/strong> selon l\u2019usage, le relief et le niveau d\u2019assistance. C\u2019est une solution id\u00e9ale pour les utilisateurs recherchant une <strong data-start=\"882\" data-end=\"923\">batterie longue dur\u00e9e v\u00e9lo \u00e9lectrique<\/strong>, fiable et performante.<\/p>\n<p data-start=\"949\" data-end=\"1244\">Sa conception robuste et s\u00e9curis\u00e9e int\u00e8gre un syst\u00e8me <strong data-start=\"1003\" data-end=\"1038\">BMS (Battery Management System)<\/strong> qui prot\u00e8ge contre les surtensions, la surchauffe et les courts-circuits. Compatible avec les mod\u00e8les Giant Aspiro, Prime et Ease, elle s\u2019int\u00e8gre parfaitement au cadre pour un usage pratique et esth\u00e9tique.<\/p>\n<h2 data-section-id=\"t5bigv\" data-start=\"1673\" data-end=\"1701\">Tableau technique complet<\/h2>\n<div class=\"TyagGW_tableContainer\">\n<div class=\"group TyagGW_tableWrapper flex flex-col-reverse w-fit\" tabindex=\"-1\">\n<table class=\"w-fit min-w-(--thread-content-width)\" data-start=\"1703\" data-end=\"2313\">\n<thead data-start=\"1703\" data-end=\"1731\">\n<tr data-start=\"1703\" data-end=\"1731\">\n<th class=\"\" data-start=\"1703\" data-end=\"1721\" data-col-size=\"sm\">Caract\u00e9ristique<\/th>\n<th class=\"\" data-start=\"1721\" data-end=\"1731\" data-col-size=\"sm\">D\u00e9tail<\/th>\n<\/tr>\n<\/thead>\n<tbody data-start=\"1760\" data-end=\"2313\">\n<tr data-start=\"1760\" data-end=\"1812\">\n<td data-start=\"1760\" data-end=\"1779\" data-col-size=\"sm\">Type de batterie<\/td>\n<td data-start=\"1779\" data-end=\"1812\" data-col-size=\"sm\"><a href=\"https:\/\/ateliervae.fr\/?product=batterie-velo-electrique-occasion-batterie-de-remplacement-pour-velo-giant-energypak-400-36v-13ah\">Batterie pour v\u00e9lo \u00e9lectrique<\/a><\/td>\n<\/tr>\n<tr data-start=\"1813\" data-end=\"1842\">\n<td data-start=\"1813\" data-end=\"1827\" data-col-size=\"sm\">Technologie<\/td>\n<td data-start=\"1827\" data-end=\"1842\" data-col-size=\"sm\">Lithium-ion<\/td>\n<\/tr>\n<tr data-start=\"1843\" data-end=\"1874\">\n<td data-start=\"1843\" data-end=\"1853\" data-col-size=\"sm\">Voltage<\/td>\n<td data-start=\"1853\" data-end=\"1874\" data-col-size=\"sm\">36V batterie v\u00e9lo<\/td>\n<\/tr>\n<tr data-start=\"1875\" data-end=\"1902\">\n<td data-start=\"1875\" data-end=\"1886\" data-col-size=\"sm\">Capacit\u00e9<\/td>\n<td data-start=\"1886\" data-end=\"1902\" data-col-size=\"sm\">11Ah \/ 400Wh<\/td>\n<\/tr>\n<tr data-start=\"1903\" data-end=\"1937\">\n<td data-start=\"1903\" data-end=\"1923\" data-col-size=\"sm\">Autonomie estim\u00e9e<\/td>\n<td data-start=\"1923\" data-end=\"1937\" data-col-size=\"sm\">50 \u00e0 90 km<\/td>\n<\/tr>\n<tr data-start=\"1938\" data-end=\"1972\">\n<td data-start=\"1938\" data-end=\"1956\" data-col-size=\"sm\">Temps de charge<\/td>\n<td data-start=\"1956\" data-end=\"1972\" data-col-size=\"sm\">4 \u00e0 6 heures<\/td>\n<\/tr>\n<tr data-start=\"1973\" data-end=\"2008\">\n<td data-start=\"1973\" data-end=\"1988\" data-col-size=\"sm\">Dur\u00e9e de vie<\/td>\n<td data-start=\"1988\" data-end=\"2008\" data-col-size=\"sm\">600 \u00e0 800 cycles<\/td>\n<\/tr>\n<tr data-start=\"2009\" data-end=\"2054\">\n<td data-start=\"2009\" data-end=\"2025\" data-col-size=\"sm\">Compatibilit\u00e9<\/td>\n<td data-start=\"2025\" data-end=\"2054\" data-col-size=\"sm\">Giant Aspiro, Prime, Ease<\/td>\n<\/tr>\n<tr data-start=\"2055\" data-end=\"2098\">\n<td data-start=\"2055\" data-end=\"2077\" data-col-size=\"sm\">Syst\u00e8me de fixation<\/td>\n<td data-start=\"2077\" data-end=\"2098\" data-col-size=\"sm\">Int\u00e9gr\u00e9e au cadre<\/td>\n<\/tr>\n<tr data-start=\"2099\" data-end=\"2125\">\n<td data-start=\"2099\" data-end=\"2107\" data-col-size=\"sm\">Poids<\/td>\n<td data-start=\"2107\" data-end=\"2125\" data-col-size=\"sm\">Environ 2,5 kg<\/td>\n<\/tr>\n<tr data-start=\"2126\" data-end=\"2160\">\n<td data-start=\"2126\" data-end=\"2140\" data-col-size=\"sm\">Emplacement<\/td>\n<td data-start=\"2140\" data-end=\"2160\" data-col-size=\"sm\">Cadre (downtube)<\/td>\n<\/tr>\n<tr data-start=\"2161\" data-end=\"2194\">\n<td data-start=\"2161\" data-end=\"2168\" data-col-size=\"sm\">Type<\/td>\n<td data-start=\"2168\" data-end=\"2194\" data-col-size=\"sm\">Batterie amovible v\u00e9lo<\/td>\n<\/tr>\n<tr data-start=\"2195\" data-end=\"2221\">\n<td data-start=\"2195\" data-end=\"2206\" data-col-size=\"sm\">S\u00e9curit\u00e9<\/td>\n<td data-start=\"2206\" data-end=\"2221\" data-col-size=\"sm\">BMS int\u00e9gr\u00e9<\/td>\n<\/tr>\n<tr data-start=\"2222\" data-end=\"2266\">\n<td data-start=\"2222\" data-end=\"2250\" data-col-size=\"sm\">Temp\u00e9rature d\u2019utilisation<\/td>\n<td data-start=\"2250\" data-end=\"2266\" data-col-size=\"sm\">-10\u00b0C \u00e0 45\u00b0C<\/td>\n<\/tr>\n<tr data-start=\"2267\" data-end=\"2313\">\n<td data-start=\"2267\" data-end=\"2283\" data-col-size=\"sm\">Ann\u00e9e \/ gamme<\/td>\n<td data-start=\"2283\" data-end=\"2313\" data-col-size=\"sm\">Gamme Giant compatible 36V<\/td>\n<\/tr>\n<\/tbody>\n<\/table>\n<\/div>\n<\/div>\n<div><\/div>\n<h2 data-section-id=\"1mu3gfr\" data-start=\"2387\" data-end=\"2408\">Tableau comparatif<\/h2>\n<div class=\"TyagGW_tableContainer\">\n<div class=\"group TyagGW_tableWrapper flex flex-col-reverse w-fit\" tabindex=\"-1\">\n<table class=\"w-fit min-w-(--thread-content-width)\" data-start=\"2410\" data-end=\"2895\">\n<thead data-start=\"2410\" data-end=\"2507\">\n<tr data-start=\"2410\" data-end=\"2507\">\n<th class=\"\" data-start=\"2410\" data-end=\"2419\" data-col-size=\"sm\">Mod\u00e8le<\/th>\n<th class=\"\" data-start=\"2419\" data-end=\"2438\" data-col-size=\"sm\">Type de batterie<\/th>\n<th class=\"\" data-start=\"2438\" data-end=\"2459\" data-col-size=\"sm\">Voltage \/ capacit\u00e9<\/th>\n<th class=\"\" data-start=\"2459\" data-end=\"2471\" data-col-size=\"sm\">Autonomie<\/th>\n<th class=\"\" data-start=\"2471\" data-end=\"2487\" data-col-size=\"sm\">Compatibilit\u00e9<\/th>\n<th class=\"\" data-start=\"2487\" data-end=\"2495\" data-col-size=\"sm\">Poids<\/th>\n<th class=\"\" data-start=\"2495\" data-end=\"2507\" data-col-size=\"sm\">Prix TTC<\/th>\n<\/tr>\n<\/thead>\n<tbody data-start=\"2603\" data-end=\"2895\">\n<tr data-start=\"2603\" data-end=\"2699\">\n<td data-start=\"2603\" data-end=\"2617\" data-col-size=\"sm\">Giant 400Wh<\/td>\n<td data-start=\"2617\" data-end=\"2631\" data-col-size=\"sm\">Lithium-ion<\/td>\n<td data-start=\"2631\" data-end=\"2644\" data-col-size=\"sm\">36V \/ 11Ah<\/td>\n<td data-start=\"2644\" data-end=\"2655\" data-col-size=\"sm\">50-90 km<\/td>\n<td data-start=\"2655\" data-end=\"2681\" data-col-size=\"sm\">Giant Aspiro\/Prime\/Ease<\/td>\n<td data-start=\"2681\" data-end=\"2690\" data-col-size=\"sm\">2,5 kg<\/td>\n<td data-start=\"2690\" data-end=\"2699\" data-col-size=\"sm\">~399\u20ac<\/td>\n<\/tr>\n<tr data-start=\"2700\" data-end=\"2796\">\n<td data-start=\"2700\" data-end=\"2722\" data-col-size=\"sm\"><a href=\"https:\/\/ateliervae.fr\/?product=bosch-powerpack-400-performance-active-cadre-batterie-velo\">Bosch PowerPack 400<\/a><\/td>\n<td data-start=\"2722\" data-end=\"2736\" data-col-size=\"sm\">Lithium-ion<\/td>\n<td data-start=\"2736\" data-end=\"2749\" data-col-size=\"sm\">36V \/ 11Ah<\/td>\n<td data-start=\"2749\" data-end=\"2761\" data-col-size=\"sm\">50-100 km<\/td>\n<td data-start=\"2761\" data-end=\"2778\" data-col-size=\"sm\">Bosch syst\u00e8mes<\/td>\n<td data-start=\"2778\" data-end=\"2787\" data-col-size=\"sm\">2,6 kg<\/td>\n<td data-start=\"2787\" data-end=\"2796\" data-col-size=\"sm\">~499\u20ac<\/td>\n<\/tr>\n<tr data-start=\"2797\" data-end=\"2895\">\n<td data-start=\"2797\" data-end=\"2818\" data-col-size=\"sm\"><a href=\"https:\/\/ateliervae.fr\/?product=batterie-panasonic-velo-electrique-36v-13ah\">Panasonic 36V 13Ah<\/a><\/td>\n<td data-start=\"2818\" data-end=\"2832\" data-col-size=\"sm\">Lithium-ion<\/td>\n<td data-start=\"2832\" data-end=\"2845\" data-col-size=\"sm\">36V \/ 13Ah<\/td>\n<td data-start=\"2845\" data-end=\"2857\" data-col-size=\"sm\">60-110 km<\/td>\n<td data-start=\"2857\" data-end=\"2877\" data-col-size=\"sm\">Panasonic moteurs<\/td>\n<td data-start=\"2877\" data-end=\"2886\" data-col-size=\"sm\">2,8 kg<\/td>\n<td data-start=\"2886\" data-end=\"2895\" data-col-size=\"sm\">~549\u20ac<\/td>\n<\/tr>\n<\/tbody>\n<\/table>\n<\/div>\n<\/div>\n<div><\/div>\n<div><\/div>\n<h2 data-section-id=\"105r1gu\" data-start=\"3040\" data-end=\"3072\">Conclusion<\/h2>\n<p data-start=\"3074\" data-end=\"3337\">La batterie Giant 400Wh se distingue par sa <strong data-start=\"3118\" data-end=\"3188\">fiabilit\u00e9, sa compatibilit\u00e9 parfaite et sa performance \u00e9nerg\u00e9tique<\/strong>. Gr\u00e2ce \u00e0 sa technologie avanc\u00e9e et \u00e0 sa conception optimis\u00e9e, elle offre une <strong data-start=\"3266\" data-end=\"3307\">autonomie v\u00e9lo \u00e9lectrique performante<\/strong>, id\u00e9ale pour tous les usages.<\/p>\n<p data-start=\"3339\" data-end=\"3532\">Que vous recherchiez une <strong data-start=\"3364\" data-end=\"3400\">batterie lithium v\u00e9lo \u00e9lectrique<\/strong> pour remplacer votre mod\u00e8le actuel ou am\u00e9liorer les performances de votre e-bike, ce mod\u00e8le repr\u00e9sente un excellent investissement.<\/p>\n<h2 data-section-id=\"1hryhf7\" data-start=\"3684\" data-end=\"3690\">FAQ<\/h2>\n<p data-start=\"3692\" data-end=\"3827\"><strong data-start=\"3692\" data-end=\"3737\">1. Quelle autonomie pour cette batterie ?<\/strong><br data-start=\"3737\" data-end=\"3740\" \/>Elle offre entre 50 et 90 km selon l\u2019utilisation, le terrain et le niveau d\u2019assistance.<\/p>\n<p data-start=\"3829\" data-end=\"3939\"><strong data-start=\"3829\" data-end=\"3871\">2. Est-elle compatible avec mon v\u00e9lo ?<\/strong><br data-start=\"3871\" data-end=\"3874\" \/>Elle est compatible avec les mod\u00e8les Giant Aspiro, Prime et Ease.<\/p>\n<p data-start=\"3941\" data-end=\"4038\"><strong data-start=\"3941\" data-end=\"3981\">3. Combien de temps dure la charge ?<\/strong><br data-start=\"3981\" data-end=\"3984\" \/>Le temps de charge complet est d\u2019environ 4 \u00e0 6 heures.<\/p>\n<p data-start=\"4040\" data-end=\"4169\"><strong data-start=\"4040\" data-end=\"4088\">4. Peut-on remplacer une batterie ancienne ?<\/strong><br data-start=\"4088\" data-end=\"4091\" \/>Oui, c\u2019est une excellente option de <strong data-start=\"4127\" data-end=\"4168\">remplacement batterie v\u00e9lo \u00e9lectrique<\/strong>.<\/p>\n<p data-start=\"4171\" data-end=\"4243\"><strong data-start=\"4171\" data-end=\"4206\">5. Quelle est sa dur\u00e9e de vie ?<\/strong><br data-start=\"4206\" data-end=\"4209\" \/>Entre 600 et 800 cycles de charge.<\/p>\n<p data-start=\"4245\" data-end=\"4354\"><strong data-start=\"4245\" data-end=\"4282\">6. Est-ce une batterie amovible ?<\/strong><br data-start=\"4282\" data-end=\"4285\" \/>Oui, c\u2019est une <strong data-start=\"4300\" data-end=\"4326\">batterie amovible v\u00e9lo<\/strong>, pratique pour la recharge.<\/p>\n<p data-start=\"4356\" data-end=\"4460\"><strong data-start=\"4356\" data-end=\"4383\">7. Est-elle s\u00e9curis\u00e9e ?<\/strong><br data-start=\"4383\" data-end=\"4386\" \/>Oui, elle int\u00e8gre un syst\u00e8me BMS contre les surcharges et courts-circuits.<\/p>\n","protected":false},"excerpt":{"rendered":"<ul data-start=\"4490\" data-end=\"4757\">\n<li data-section-id=\"1725t2d\" data-start=\"4490\" data-end=\"4549\"><span style=\"color: #99cc00;\">\u26a1 <strong data-start=\"4494\" data-end=\"4522\">Puissance et autonomie :<\/strong> 400Wh pour jusqu\u2019\u00e0 90 km<\/span><\/li>\n<li data-section-id=\"1cbgeho\" data-start=\"4550\" data-end=\"4619\"><span style=\"color: #99cc00;\">\ud83d\udd0b <strong data-start=\"4555\" data-end=\"4584\">Technologie et s\u00e9curit\u00e9 :<\/strong> batterie lithium e-bike avec BMS<\/span><\/li>\n<li data-section-id=\"1ndjcmv\" data-start=\"4620\" data-end=\"4672\"><span style=\"color: #99cc00;\">\ud83d\udeb4 <strong data-start=\"4625\" data-end=\"4644\">Compatibilit\u00e9 :<\/strong> Giant Aspiro, Prime, Ease<\/span><\/li>\n<li data-section-id=\"1gt3vty\" data-start=\"4673\" data-end=\"4757\"><span style=\"color: #99cc00;\">\u2b50 <strong data-start=\"4677\" data-end=\"4701\">Avantage principal :<\/strong> batterie v\u00e9lo performante autonomie fiable et durable<\/span><\/li>\n<\/ul>\n<p>\ud83d\udc49 Optez d\u00e8s maintenant pour une <strong data-start=\"3567\" data-end=\"3600\">batterie pour v\u00e9lo \u00e9lectrique<\/strong> fiable, performante et durable afin de profiter pleinement de chaque trajet.<\/p>\n","protected":false},"featured_media":27976,"comment_status":"open","ping_status":"closed","template":"","meta":[],"product_brand":[523],"product_cat":[223,227,212,111,113,33,114],"product_tag":[478],"class_list":{"0":"post-27977","1":"product","2":"type-product","3":"status-publish","4":"has-post-thumbnail","6":"product_brand-giant","7":"product_cat-10-15-ah-36v-batterie-integree","8":"product_cat-360-540-wh-10-15-ah-36v-batterie-integree","9":"product_cat-36v-batterie-integree","10":"product_cat-batterie-amovible","11":"product_cat-batterie-integree","12":"product_cat-batteries-de-velos","13":"product_cat-cadre-integre","14":"product_tag-batterie-velo-electrique","16":"first","17":"instock","18":"featured","19":"shipping-taxable","20":"purchasable","21":"product-type-simple"},"yoast_head":"<!-- This site is optimized with the Yoast SEO plugin v27.5 - https:\/\/yoast.com\/product\/yoast-seo-wordpress\/ -->\n<title>Batterie pour velos Giant Aspiro, Prime, Ease 11Ah \/ 400Wh - ateliervae.fr<\/title>\n<meta name=\"description\" content=\"Batterie pour v\u00e9lo performante autonomie 400Wh d\u00e8s ~399\u20ac, id\u00e9ale pour trajets longs, recharge rapide et compatibilit\u00e9 Giant garantie.\" \/>\n<meta name=\"robots\" content=\"index, follow, max-snippet:-1, max-image-preview:large, max-video-preview:-1\" \/>\n<link rel=\"canonical\" href=\"https:\/\/ateliervae.fr\/?product=giant-aspiro-prime-ease-400wh-batterie-velo-electrique\" \/>\n<meta property=\"og:locale\" content=\"fr_FR\" \/>\n<meta property=\"og:type\" content=\"article\" \/>\n<meta property=\"og:title\" content=\"Batterie pour velos Giant Aspiro, Prime, Ease 11Ah \/ 400Wh - ateliervae.fr\" \/>\n<meta property=\"og:description\" content=\"Batterie pour v\u00e9lo performante autonomie 400Wh d\u00e8s ~399\u20ac, id\u00e9ale pour trajets longs, recharge rapide et compatibilit\u00e9 Giant garantie.\" \/>\n<meta property=\"og:url\" content=\"https:\/\/ateliervae.fr\/?product=giant-aspiro-prime-ease-400wh-batterie-velo-electrique\" \/>\n<meta property=\"og:site_name\" content=\"ateliervae.fr\" \/>\n<meta property=\"article:modified_time\" content=\"2026-04-21T22:27:00+00:00\" \/>\n<meta property=\"og:image\" content=\"https:\/\/ateliervae.fr\/wp-content\/uploads\/2026\/04\/gi.003_afb2_1.jpg\" \/>\n\t<meta property=\"og:image:width\" content=\"360\" \/>\n\t<meta property=\"og:image:height\" content=\"360\" \/>\n\t<meta property=\"og:image:type\" content=\"image\/jpeg\" \/>\n<meta name=\"twitter:card\" content=\"summary_large_image\" \/>\n<meta name=\"twitter:label1\" content=\"Dur\u00e9e de lecture estim\u00e9e\" \/>\n\t<meta name=\"twitter:data1\" content=\"3 minutes\" \/>\n<script type=\"application\/ld+json\" class=\"yoast-schema-graph\">{\"@context\":\"https:\\\/\\\/schema.org\",\"@graph\":[{\"@type\":\"WebPage\",\"@id\":\"https:\\\/\\\/ateliervae.fr\\\/?product=giant-aspiro-prime-ease-400wh-batterie-velo-electrique\",\"url\":\"https:\\\/\\\/ateliervae.fr\\\/?product=giant-aspiro-prime-ease-400wh-batterie-velo-electrique\",\"name\":\"Batterie pour velos Giant Aspiro, Prime, Ease 11Ah \\\/ 400Wh - ateliervae.fr\",\"isPartOf\":{\"@id\":\"https:\\\/\\\/ateliervae.fr\\\/#website\"},\"primaryImageOfPage\":{\"@id\":\"https:\\\/\\\/ateliervae.fr\\\/?product=giant-aspiro-prime-ease-400wh-batterie-velo-electrique#primaryimage\"},\"image\":{\"@id\":\"https:\\\/\\\/ateliervae.fr\\\/?product=giant-aspiro-prime-ease-400wh-batterie-velo-electrique#primaryimage\"},\"thumbnailUrl\":\"https:\\\/\\\/ateliervae.fr\\\/wp-content\\\/uploads\\\/2026\\\/04\\\/gi.003_afb2_1.jpg\",\"datePublished\":\"2026-04-21T15:36:48+00:00\",\"dateModified\":\"2026-04-21T22:27:00+00:00\",\"description\":\"Batterie pour v\u00e9lo performante autonomie 400Wh d\u00e8s ~399\u20ac, id\u00e9ale pour trajets longs, recharge rapide et compatibilit\u00e9 Giant garantie.\",\"breadcrumb\":{\"@id\":\"https:\\\/\\\/ateliervae.fr\\\/?product=giant-aspiro-prime-ease-400wh-batterie-velo-electrique#breadcrumb\"},\"inLanguage\":\"fr-FR\",\"potentialAction\":[{\"@type\":\"ReadAction\",\"target\":[\"https:\\\/\\\/ateliervae.fr\\\/?product=giant-aspiro-prime-ease-400wh-batterie-velo-electrique\"]}]},{\"@type\":\"ImageObject\",\"inLanguage\":\"fr-FR\",\"@id\":\"https:\\\/\\\/ateliervae.fr\\\/?product=giant-aspiro-prime-ease-400wh-batterie-velo-electrique#primaryimage\",\"url\":\"https:\\\/\\\/ateliervae.fr\\\/wp-content\\\/uploads\\\/2026\\\/04\\\/gi.003_afb2_1.jpg\",\"contentUrl\":\"https:\\\/\\\/ateliervae.fr\\\/wp-content\\\/uploads\\\/2026\\\/04\\\/gi.003_afb2_1.jpg\",\"width\":360,\"height\":360,\"caption\":\"batterie v\u00e9lo performante autonomie\"},{\"@type\":\"BreadcrumbList\",\"@id\":\"https:\\\/\\\/ateliervae.fr\\\/?product=giant-aspiro-prime-ease-400wh-batterie-velo-electrique#breadcrumb\",\"itemListElement\":[{\"@type\":\"ListItem\",\"position\":1,\"name\":\"Home\",\"item\":\"https:\\\/\\\/ateliervae.fr\\\/\"},{\"@type\":\"ListItem\",\"position\":2,\"name\":\"Produits\",\"item\":\"https:\\\/\\\/ateliervae.fr\\\/shop\\\/\"},{\"@type\":\"ListItem\",\"position\":3,\"name\":\"Batterie pour velos Giant Aspiro, Prime, Ease 11Ah \\\/ 400Wh\"}]},{\"@type\":\"WebSite\",\"@id\":\"https:\\\/\\\/ateliervae.fr\\\/#website\",\"url\":\"https:\\\/\\\/ateliervae.fr\\\/\",\"name\":\"ateliervae.fr\",\"description\":\"L\u2019\u00e9nergie au c\u0153ur de vos trajets\",\"publisher\":{\"@id\":\"https:\\\/\\\/ateliervae.fr\\\/#organization\"},\"potentialAction\":[{\"@type\":\"SearchAction\",\"target\":{\"@type\":\"EntryPoint\",\"urlTemplate\":\"https:\\\/\\\/ateliervae.fr\\\/?s={search_term_string}\"},\"query-input\":{\"@type\":\"PropertyValueSpecification\",\"valueRequired\":true,\"valueName\":\"search_term_string\"}}],\"inLanguage\":\"fr-FR\"},{\"@type\":\"Organization\",\"@id\":\"https:\\\/\\\/ateliervae.fr\\\/#organization\",\"name\":\"ateliervae.fr\",\"url\":\"https:\\\/\\\/ateliervae.fr\\\/\",\"logo\":{\"@type\":\"ImageObject\",\"inLanguage\":\"fr-FR\",\"@id\":\"https:\\\/\\\/ateliervae.fr\\\/#\\\/schema\\\/logo\\\/image\\\/\",\"url\":\"https:\\\/\\\/ateliervae.fr\\\/wp-content\\\/uploads\\\/2026\\\/04\\\/ChatGPT-Image-6-avr.-2026-11_58_22.png\",\"contentUrl\":\"https:\\\/\\\/ateliervae.fr\\\/wp-content\\\/uploads\\\/2026\\\/04\\\/ChatGPT-Image-6-avr.-2026-11_58_22.png\",\"width\":1536,\"height\":1024,\"caption\":\"ateliervae.fr\"},\"image\":{\"@id\":\"https:\\\/\\\/ateliervae.fr\\\/#\\\/schema\\\/logo\\\/image\\\/\"}}]}<\/script>\n<!-- \/ Yoast SEO plugin. -->","yoast_head_json":{"title":"Batterie pour velos Giant Aspiro, Prime, Ease 11Ah \/ 400Wh - ateliervae.fr","description":"Batterie pour v\u00e9lo performante autonomie 400Wh d\u00e8s ~399\u20ac, id\u00e9ale pour trajets longs, recharge rapide et compatibilit\u00e9 Giant garantie.","robots":{"index":"index","follow":"follow","max-snippet":"max-snippet:-1","max-image-preview":"max-image-preview:large","max-video-preview":"max-video-preview:-1"},"canonical":"https:\/\/ateliervae.fr\/?product=giant-aspiro-prime-ease-400wh-batterie-velo-electrique","og_locale":"fr_FR","og_type":"article","og_title":"Batterie pour velos Giant Aspiro, Prime, Ease 11Ah \/ 400Wh - ateliervae.fr","og_description":"Batterie pour v\u00e9lo performante autonomie 400Wh d\u00e8s ~399\u20ac, id\u00e9ale pour trajets longs, recharge rapide et compatibilit\u00e9 Giant garantie.","og_url":"https:\/\/ateliervae.fr\/?product=giant-aspiro-prime-ease-400wh-batterie-velo-electrique","og_site_name":"ateliervae.fr","article_modified_time":"2026-04-21T22:27:00+00:00","og_image":[{"width":360,"height":360,"url":"https:\/\/ateliervae.fr\/wp-content\/uploads\/2026\/04\/gi.003_afb2_1.jpg","type":"image\/jpeg"}],"twitter_card":"summary_large_image","twitter_misc":{"Dur\u00e9e de lecture estim\u00e9e":"3 minutes"},"schema":{"@context":"https:\/\/schema.org","@graph":[{"@type":"WebPage","@id":"https:\/\/ateliervae.fr\/?product=giant-aspiro-prime-ease-400wh-batterie-velo-electrique","url":"https:\/\/ateliervae.fr\/?product=giant-aspiro-prime-ease-400wh-batterie-velo-electrique","name":"Batterie pour velos Giant Aspiro, Prime, Ease 11Ah \/ 400Wh - ateliervae.fr","isPartOf":{"@id":"https:\/\/ateliervae.fr\/#website"},"primaryImageOfPage":{"@id":"https:\/\/ateliervae.fr\/?product=giant-aspiro-prime-ease-400wh-batterie-velo-electrique#primaryimage"},"image":{"@id":"https:\/\/ateliervae.fr\/?product=giant-aspiro-prime-ease-400wh-batterie-velo-electrique#primaryimage"},"thumbnailUrl":"https:\/\/ateliervae.fr\/wp-content\/uploads\/2026\/04\/gi.003_afb2_1.jpg","datePublished":"2026-04-21T15:36:48+00:00","dateModified":"2026-04-21T22:27:00+00:00","description":"Batterie pour v\u00e9lo performante autonomie 400Wh d\u00e8s ~399\u20ac, id\u00e9ale pour trajets longs, recharge rapide et compatibilit\u00e9 Giant garantie.","breadcrumb":{"@id":"https:\/\/ateliervae.fr\/?product=giant-aspiro-prime-ease-400wh-batterie-velo-electrique#breadcrumb"},"inLanguage":"fr-FR","potentialAction":[{"@type":"ReadAction","target":["https:\/\/ateliervae.fr\/?product=giant-aspiro-prime-ease-400wh-batterie-velo-electrique"]}]},{"@type":"ImageObject","inLanguage":"fr-FR","@id":"https:\/\/ateliervae.fr\/?product=giant-aspiro-prime-ease-400wh-batterie-velo-electrique#primaryimage","url":"https:\/\/ateliervae.fr\/wp-content\/uploads\/2026\/04\/gi.003_afb2_1.jpg","contentUrl":"https:\/\/ateliervae.fr\/wp-content\/uploads\/2026\/04\/gi.003_afb2_1.jpg","width":360,"height":360,"caption":"batterie v\u00e9lo performante autonomie"},{"@type":"BreadcrumbList","@id":"https:\/\/ateliervae.fr\/?product=giant-aspiro-prime-ease-400wh-batterie-velo-electrique#breadcrumb","itemListElement":[{"@type":"ListItem","position":1,"name":"Home","item":"https:\/\/ateliervae.fr\/"},{"@type":"ListItem","position":2,"name":"Produits","item":"https:\/\/ateliervae.fr\/shop\/"},{"@type":"ListItem","position":3,"name":"Batterie pour velos Giant Aspiro, Prime, Ease 11Ah \/ 400Wh"}]},{"@type":"WebSite","@id":"https:\/\/ateliervae.fr\/#website","url":"https:\/\/ateliervae.fr\/","name":"ateliervae.fr","description":"L\u2019\u00e9nergie au c\u0153ur de vos trajets","publisher":{"@id":"https:\/\/ateliervae.fr\/#organization"},"potentialAction":[{"@type":"SearchAction","target":{"@type":"EntryPoint","urlTemplate":"https:\/\/ateliervae.fr\/?s={search_term_string}"},"query-input":{"@type":"PropertyValueSpecification","valueRequired":true,"valueName":"search_term_string"}}],"inLanguage":"fr-FR"},{"@type":"Organization","@id":"https:\/\/ateliervae.fr\/#organization","name":"ateliervae.fr","url":"https:\/\/ateliervae.fr\/","logo":{"@type":"ImageObject","inLanguage":"fr-FR","@id":"https:\/\/ateliervae.fr\/#\/schema\/logo\/image\/","url":"https:\/\/ateliervae.fr\/wp-content\/uploads\/2026\/04\/ChatGPT-Image-6-avr.-2026-11_58_22.png","contentUrl":"https:\/\/ateliervae.fr\/wp-content\/uploads\/2026\/04\/ChatGPT-Image-6-avr.-2026-11_58_22.png","width":1536,"height":1024,"caption":"ateliervae.fr"},"image":{"@id":"https:\/\/ateliervae.fr\/#\/schema\/logo\/image\/"}}]}},"_links":{"self":[{"href":"https:\/\/ateliervae.fr\/index.php?rest_route=\/wp\/v2\/product\/27977","targetHints":{"allow":["GET"]}}],"collection":[{"href":"https:\/\/ateliervae.fr\/index.php?rest_route=\/wp\/v2\/product"}],"about":[{"href":"https:\/\/ateliervae.fr\/index.php?rest_route=\/wp\/v2\/types\/product"}],"replies":[{"embeddable":true,"href":"https:\/\/ateliervae.fr\/index.php?rest_route=%2Fwp%2Fv2%2Fcomments&post=27977"}],"version-history":[{"count":3,"href":"https:\/\/ateliervae.fr\/index.php?rest_route=\/wp\/v2\/product\/27977\/revisions"}],"predecessor-version":[{"id":28008,"href":"https:\/\/ateliervae.fr\/index.php?rest_route=\/wp\/v2\/product\/27977\/revisions\/28008"}],"wp:featuredmedia":[{"embeddable":true,"href":"https:\/\/ateliervae.fr\/index.php?rest_route=\/wp\/v2\/media\/27976"}],"wp:attachment":[{"href":"https:\/\/ateliervae.fr\/index.php?rest_route=%2Fwp%2Fv2%2Fmedia&parent=27977"}],"wp:term":[{"taxonomy":"product_brand","embeddable":true,"href":"https:\/\/ateliervae.fr\/index.php?rest_route=%2Fwp%2Fv2%2Fproduct_brand&post=27977"},{"taxonomy":"product_cat","embeddable":true,"href":"https:\/\/ateliervae.fr\/index.php?rest_route=%2Fwp%2Fv2%2Fproduct_cat&post=27977"},{"taxonomy":"product_tag","embeddable":true,"href":"https:\/\/ateliervae.fr\/index.php?rest_route=%2Fwp%2Fv2%2Fproduct_tag&post=27977"}],"curies":[{"name":"wp","href":"https:\/\/api.w.org\/{rel}","templated":true}]}}