{"id":27975,"date":"2026-04-21T15:36:48","date_gmt":"2026-04-21T15:36:48","guid":{"rendered":"https:\/\/ateliervae.fr\/?product=giant-energypak-500wh-batterie-velo-electrique"},"modified":"2026-04-21T22:33:31","modified_gmt":"2026-04-21T22:33:31","slug":"giant-energypak-500wh-batterie-velo-electrique","status":"publish","type":"product","link":"https:\/\/ateliervae.fr\/?product=giant-energypak-500wh-batterie-velo-electrique","title":{"rendered":"Batterie pour velos Giant EnergyPak 13.8 Ah \/ 500 Wh"},"content":{"rendered":"<div class=\"flex max-w-full flex-col gap-4 grow\">\n<div class=\"min-h-8 text-message relative flex w-full flex-col items-end gap-2 text-start break-words whitespace-normal outline-none keyboard-focused:focus-ring [.text-message+&amp;]:mt-1\" dir=\"auto\" tabindex=\"0\" data-message-author-role=\"assistant\" data-message-id=\"18b7c70c-cef7-45f2-b77a-73c1a5809487\" data-message-model-slug=\"gpt-5-3\" data-turn-start-message=\"true\">\n<div class=\"flex w-full flex-col gap-1 empty:hidden\">\n<div class=\"markdown prose dark:prose-invert w-full wrap-break-word light markdown-new-styling\">\n<h2 data-section-id=\"jsdust\" data-start=\"210\" data-end=\"271\">Description d\u00e9taill\u00e9e de la batterie Giant EnergyPak 500Wh<\/h2>\n<p>&nbsp;<\/p>\n<p data-start=\"273\" data-end=\"611\">La <strong data-start=\"276\" data-end=\"331\">batterie pour v\u00e9lo \u00e9lectrique Giant EnergyPak 500Wh<\/strong> est une solution haut de gamme con\u00e7ue pour les cyclistes exigeants recherchant une <strong data-start=\"415\" data-end=\"454\">batterie v\u00e9lo autonomie performante<\/strong>. Gr\u00e2ce \u00e0 sa technologie <strong data-start=\"479\" data-end=\"510\">batterie lithium-ion e-bike<\/strong>, elle offre une excellente densit\u00e9 \u00e9nerg\u00e9tique, une durabilit\u00e9 remarquable et une s\u00e9curit\u00e9 optimale.<\/p>\n<p data-start=\"613\" data-end=\"892\">Pens\u00e9e pour les v\u00e9los \u00e9lectriques de la marque Giant, cette batterie s\u2019int\u00e8gre parfaitement au cadre, garantissant un design \u00e9pur\u00e9 et une r\u00e9partition \u00e9quilibr\u00e9e du poids. Elle convient aussi bien pour un <strong data-start=\"817\" data-end=\"835\">VTT \u00e9lectrique<\/strong> que pour un usage urbain ou des trajets longue distance.<\/p>\n<p data-start=\"894\" data-end=\"1172\">Parmi ses points forts, on retrouve une <strong data-start=\"934\" data-end=\"979\">autonomie batterie v\u00e9lo \u00e9lectrique \u00e9lev\u00e9e<\/strong>, permettant de parcourir entre 80 et 150 km selon les conditions d\u2019utilisation. Son syst\u00e8me intelligent de gestion (BMS) prot\u00e8ge contre la surcharge, la surchauffe et optimise la dur\u00e9e de vie.<\/p>\n<div><\/div>\n<h2 data-section-id=\"vo9ll3\" data-start=\"1520\" data-end=\"1555\">Tableau technique de la batterie<\/h2>\n<div class=\"TyagGW_tableContainer\">\n<div class=\"group TyagGW_tableWrapper flex flex-col-reverse w-fit\" tabindex=\"-1\">\n<table class=\"w-fit min-w-(--thread-content-width)\" data-start=\"1557\" data-end=\"2381\">\n<thead data-start=\"1557\" data-end=\"1602\">\n<tr data-start=\"1557\" data-end=\"1602\">\n<th class=\"\" data-start=\"1557\" data-end=\"1592\" data-col-size=\"sm\">Caract\u00e9ristique<\/th>\n<th class=\"\" data-start=\"1592\" data-end=\"1602\" data-col-size=\"sm\">D\u00e9tail<\/th>\n<\/tr>\n<\/thead>\n<tbody data-start=\"1648\" data-end=\"2381\">\n<tr data-start=\"1648\" data-end=\"1702\">\n<td data-start=\"1648\" data-end=\"1682\" data-col-size=\"sm\">Type de batterie<\/td>\n<td data-start=\"1682\" data-end=\"1702\" data-col-size=\"sm\">Batterie interne<\/td>\n<\/tr>\n<tr data-start=\"1703\" data-end=\"1752\">\n<td data-start=\"1703\" data-end=\"1737\" data-col-size=\"sm\">Technologie<\/td>\n<td data-start=\"1737\" data-end=\"1752\" data-col-size=\"sm\">Lithium-ion<\/td>\n<\/tr>\n<tr data-start=\"1753\" data-end=\"1794\">\n<td data-start=\"1753\" data-end=\"1787\" data-col-size=\"sm\">Voltage<\/td>\n<td data-start=\"1787\" data-end=\"1794\" data-col-size=\"sm\">36V<\/td>\n<\/tr>\n<tr data-start=\"1795\" data-end=\"1849\">\n<td data-start=\"1795\" data-end=\"1829\" data-col-size=\"sm\">Capacit\u00e9<\/td>\n<td data-start=\"1829\" data-end=\"1849\" data-col-size=\"sm\">13.8 Ah \/ 500 Wh<\/td>\n<\/tr>\n<tr data-start=\"1850\" data-end=\"1899\">\n<td data-start=\"1850\" data-end=\"1884\" data-col-size=\"sm\">Autonomie estim\u00e9e<\/td>\n<td data-start=\"1884\" data-end=\"1899\" data-col-size=\"sm\">80 \u00e0 150 km<\/td>\n<\/tr>\n<tr data-start=\"1900\" data-end=\"1950\">\n<td data-start=\"1900\" data-end=\"1934\" data-col-size=\"sm\">Temps de charge<\/td>\n<td data-start=\"1934\" data-end=\"1950\" data-col-size=\"sm\">4 \u00e0 5 heures<\/td>\n<\/tr>\n<tr data-start=\"1951\" data-end=\"2006\">\n<td data-start=\"1951\" data-end=\"1985\" data-col-size=\"sm\">Dur\u00e9e de vie<\/td>\n<td data-start=\"1985\" data-end=\"2006\" data-col-size=\"sm\">700 \u00e0 1000 cycles<\/td>\n<\/tr>\n<tr data-start=\"2007\" data-end=\"2068\">\n<td data-start=\"2007\" data-end=\"2041\" data-col-size=\"sm\">Compatibilit\u00e9<\/td>\n<td data-start=\"2041\" data-end=\"2068\" data-col-size=\"sm\">V\u00e9los \u00e9lectriques Giant<\/td>\n<\/tr>\n<tr data-start=\"2069\" data-end=\"2123\">\n<td data-start=\"2069\" data-end=\"2103\" data-col-size=\"sm\">Syst\u00e8me de fixation<\/td>\n<td data-start=\"2103\" data-end=\"2123\" data-col-size=\"sm\">Int\u00e9gr\u00e9 au cadre<\/td>\n<\/tr>\n<tr data-start=\"2124\" data-end=\"2174\">\n<td data-start=\"2124\" data-end=\"2158\" data-col-size=\"sm\">Poids<\/td>\n<td data-start=\"2158\" data-end=\"2174\" data-col-size=\"sm\">Environ 3 kg<\/td>\n<\/tr>\n<tr data-start=\"2175\" data-end=\"2226\">\n<td data-start=\"2175\" data-end=\"2209\" data-col-size=\"sm\">Emplacement<\/td>\n<td data-start=\"2209\" data-end=\"2226\" data-col-size=\"sm\">Tube diagonal<\/td>\n<\/tr>\n<tr data-start=\"2227\" data-end=\"2276\">\n<td data-start=\"2227\" data-end=\"2261\" data-col-size=\"sm\">S\u00e9curit\u00e9<\/td>\n<td data-start=\"2261\" data-end=\"2276\" data-col-size=\"sm\">BMS int\u00e9gr\u00e9<\/td>\n<\/tr>\n<tr data-start=\"2277\" data-end=\"2327\">\n<td data-start=\"2277\" data-end=\"2311\" data-col-size=\"sm\">Temp\u00e9rature d\u2019utilisation<\/td>\n<td data-start=\"2311\" data-end=\"2327\" data-col-size=\"sm\">-10\u00b0C \u00e0 45\u00b0C<\/td>\n<\/tr>\n<tr data-start=\"2328\" data-end=\"2381\">\n<td data-start=\"2328\" data-end=\"2362\" data-col-size=\"sm\">Ann\u00e9e \/ gamme<\/td>\n<td data-start=\"2362\" data-end=\"2381\" data-col-size=\"sm\">Gamme EnergyPak<\/td>\n<\/tr>\n<\/tbody>\n<\/table>\n<\/div>\n<\/div>\n<div><\/div>\n<h2 data-section-id=\"6fwqs0\" data-start=\"2461\" data-end=\"2510\">Tableau comparatif avec batteries concurrentes<\/h2>\n<div class=\"TyagGW_tableContainer\">\n<div class=\"group TyagGW_tableWrapper flex flex-col-reverse w-fit\" tabindex=\"-1\">\n<table class=\"w-fit min-w-(--thread-content-width)\" data-start=\"2512\" data-end=\"3122\">\n<thead data-start=\"2512\" data-end=\"2634\">\n<tr data-start=\"2512\" data-end=\"2634\">\n<th class=\"\" data-start=\"2512\" data-end=\"2546\" data-col-size=\"sm\">Mod\u00e8le<\/th>\n<th class=\"\" data-start=\"2546\" data-end=\"2565\" data-col-size=\"sm\">Type de batterie<\/th>\n<th class=\"\" data-start=\"2565\" data-end=\"2586\" data-col-size=\"sm\">Voltage \/ capacit\u00e9<\/th>\n<th class=\"\" data-start=\"2586\" data-end=\"2598\" data-col-size=\"sm\">Autonomie<\/th>\n<th class=\"\" data-start=\"2598\" data-end=\"2614\" data-col-size=\"sm\">Compatibilit\u00e9<\/th>\n<th class=\"\" data-start=\"2614\" data-end=\"2622\" data-col-size=\"sm\">Poids<\/th>\n<th class=\"\" data-start=\"2622\" data-end=\"2634\" data-col-size=\"sm\">Prix TTC<\/th>\n<\/tr>\n<\/thead>\n<tbody data-start=\"2757\" data-end=\"3122\">\n<tr data-start=\"2757\" data-end=\"2878\">\n<td data-start=\"2757\" data-end=\"2790\" data-col-size=\"sm\">Giant EnergyPak 500Wh<\/td>\n<td data-start=\"2790\" data-end=\"2809\" data-col-size=\"sm\">Lithium-ion<\/td>\n<td data-start=\"2809\" data-end=\"2830\" data-col-size=\"sm\">36V \/ 500Wh<\/td>\n<td data-start=\"2830\" data-end=\"2842\" data-col-size=\"sm\">80-150 km<\/td>\n<td data-start=\"2842\" data-end=\"2857\" data-col-size=\"sm\">Giant<\/td>\n<td data-start=\"2857\" data-end=\"2866\" data-col-size=\"sm\">3 kg<\/td>\n<td data-start=\"2866\" data-end=\"2878\" data-col-size=\"sm\">699\u20ac<\/td>\n<\/tr>\n<tr data-start=\"2879\" data-end=\"3000\">\n<td data-start=\"2879\" data-end=\"2912\" data-col-size=\"sm\"><a href=\"https:\/\/ateliervae.fr\/?product=bosch-powerpack-500-classic-compatible-cadre\">Bosch PowerPack 500<\/a><\/td>\n<td data-start=\"2912\" data-end=\"2931\" data-col-size=\"sm\">Lithium-ion<\/td>\n<td data-start=\"2931\" data-end=\"2952\" data-col-size=\"sm\">36V \/ 500Wh<\/td>\n<td data-start=\"2952\" data-end=\"2964\" data-col-size=\"sm\">70-140 km<\/td>\n<td data-start=\"2964\" data-end=\"2979\" data-col-size=\"sm\">Bosch<\/td>\n<td data-start=\"2979\" data-end=\"2988\" data-col-size=\"sm\">2.6 kg<\/td>\n<td data-start=\"2988\" data-end=\"3000\" data-col-size=\"sm\">749\u20ac<\/td>\n<\/tr>\n<tr data-start=\"3001\" data-end=\"3122\">\n<td data-start=\"3001\" data-end=\"3034\" data-col-size=\"sm\"><a href=\"https:\/\/ateliervae.fr\/?product=batterie-shimano-steps-bt-e8010-14ah-gris\">Shimano Steps BT-E8010<\/a><\/td>\n<td data-start=\"3034\" data-end=\"3053\" data-col-size=\"sm\">Lithium-ion<\/td>\n<td data-start=\"3053\" data-end=\"3074\" data-col-size=\"sm\">36V \/ 504Wh<\/td>\n<td data-start=\"3074\" data-end=\"3086\" data-col-size=\"sm\">80-140 km<\/td>\n<td data-start=\"3086\" data-end=\"3101\" data-col-size=\"sm\">Shimano<\/td>\n<td data-start=\"3101\" data-end=\"3110\" data-col-size=\"sm\">2.8 kg<\/td>\n<td data-start=\"3110\" data-end=\"3122\" data-col-size=\"sm\">729\u20ac<\/td>\n<\/tr>\n<\/tbody>\n<\/table>\n<\/div>\n<\/div>\n<div><\/div>\n<div><\/div>\n<h2 data-section-id=\"1bvnyjr\" data-start=\"3266\" data-end=\"3315\">Conclusion : pourquoi choisir cette batterie ?<\/h2>\n<p data-start=\"3317\" data-end=\"3605\">La <strong data-start=\"3320\" data-end=\"3375\">batterie pour v\u00e9lo \u00e9lectrique Giant EnergyPak 500Wh<\/strong> se distingue par sa fiabilit\u00e9, sa performance et sa parfaite int\u00e9gration. Elle repr\u00e9sente un excellent choix pour les cyclistes souhaitant une <strong data-start=\"3519\" data-end=\"3556\">batterie rechargeable v\u00e9lo fiable<\/strong>, capable de supporter une utilisation intensive.<\/p>\n<p data-start=\"3607\" data-end=\"3895\">Gr\u00e2ce \u00e0 sa <strong data-start=\"3618\" data-end=\"3653\">capacit\u00e9 batterie e-bike \u00e9lev\u00e9e<\/strong>, son <strong data-start=\"3659\" data-end=\"3699\">temps de charge batterie v\u00e9lo rapide<\/strong> et sa robustesse, elle garantit une exp\u00e9rience de conduite fluide et sans compromis. Si vous recherchez une <strong data-start=\"3808\" data-end=\"3846\">meilleure batterie v\u00e9lo \u00e9lectrique<\/strong>, ce mod\u00e8le r\u00e9pondra parfaitement \u00e0 vos attentes.<\/p>\n<p data-start=\"3897\" data-end=\"4029\">\n<h2 data-section-id=\"1hryhf7\" data-start=\"4036\" data-end=\"4042\">FAQ<\/h2>\n<p data-start=\"4044\" data-end=\"4170\"><strong data-start=\"4044\" data-end=\"4086\">Quelle autonomie pour cette batterie ?<\/strong><br data-start=\"4086\" data-end=\"4089\" \/>Elle offre une autonomie de 80 \u00e0 150 km selon le mode d\u2019assistance et le terrain.<\/p>\n<p data-start=\"4172\" data-end=\"4307\"><strong data-start=\"4172\" data-end=\"4211\">Est-elle compatible avec mon v\u00e9lo ?<\/strong><br data-start=\"4211\" data-end=\"4214\" \/>Elle est compatible uniquement avec les v\u00e9los \u00e9lectriques Giant \u00e9quip\u00e9s du syst\u00e8me EnergyPak.<\/p>\n<p data-start=\"4309\" data-end=\"4395\"><strong data-start=\"4309\" data-end=\"4346\">Combien de temps dure la charge ?<\/strong><br data-start=\"4346\" data-end=\"4349\" \/>Environ 4 \u00e0 5 heures pour une charge compl\u00e8te.<\/p>\n<p data-start=\"4397\" data-end=\"4534\"><strong data-start=\"4397\" data-end=\"4442\">Peut-on remplacer une batterie ancienne ?<\/strong><br data-start=\"4442\" data-end=\"4445\" \/>Oui, cette batterie est id\u00e9ale pour remplacer une batterie us\u00e9e sur un mod\u00e8le compatible.<\/p>\n<p data-start=\"4536\" data-end=\"4606\"><strong data-start=\"4536\" data-end=\"4568\">Quelle est sa dur\u00e9e de vie ?<\/strong><br data-start=\"4568\" data-end=\"4571\" \/>Entre 700 et 1000 cycles de charge.<\/p>\n<p data-start=\"4608\" data-end=\"4708\"><strong data-start=\"4608\" data-end=\"4643\">Est-ce une batterie s\u00e9curis\u00e9e ?<\/strong><br data-start=\"4643\" data-end=\"4646\" \/>Oui, elle int\u00e8gre un syst\u00e8me BMS pour une protection optimale.<\/p>\n<p data-start=\"4710\" data-end=\"4839\"><strong data-start=\"4710\" data-end=\"4756\">Convient-elle pour les longues distances ?<\/strong><br data-start=\"4756\" data-end=\"4759\" \/>Absolument, elle est con\u00e7ue pour une <strong data-start=\"4796\" data-end=\"4838\">autonomie longue dur\u00e9e v\u00e9lo \u00e9lectrique<\/strong>.<\/p>\n<\/div>\n<\/div>\n<\/div>\n<\/div>\n<div class=\"z-0 flex min-h-[46px] justify-start\"><\/div>\n<div class=\"mt-3 w-full empty:hidden\">\n<div class=\"text-center\"><\/div>\n<\/div>\n<div class=\"keyword-surfer\">\n<div class=\"flex items-center gap-[6px]\"><\/div>\n<\/div>\n","protected":false},"excerpt":{"rendered":"<ul data-start=\"4869\" data-end=\"5142\" data-is-last-node=\"\" data-is-only-node=\"\">\n<li data-section-id=\"2cao2h\" data-start=\"4869\" data-end=\"4929\"><span style=\"color: #99cc00;\">\ud83d\udd0b <strong data-start=\"4874\" data-end=\"4901\">Puissance &amp; autonomie :<\/strong> 500Wh pour jusqu\u2019\u00e0 150 km<\/span><\/li>\n<li data-section-id=\"rxp8ju\" data-start=\"4930\" data-end=\"4993\"><span style=\"color: #99cc00;\">\u26a1 <strong data-start=\"4934\" data-end=\"4962\">Technologie &amp; s\u00e9curit\u00e9 :<\/strong> Lithium-ion avec BMS int\u00e9gr\u00e9<\/span><\/li>\n<li data-section-id=\"1c86hi1\" data-start=\"4994\" data-end=\"5054\"><span style=\"color: #99cc00;\">\ud83d\udeb4 <strong data-start=\"4999\" data-end=\"5018\">Compatibilit\u00e9 :<\/strong> V\u00e9los \u00e9lectriques Giant EnergyPak<\/span><\/li>\n<li data-section-id=\"257brh\" data-start=\"5055\" data-end=\"5142\" data-is-last-node=\"\"><span style=\"color: #99cc00;\">\u2b50 <strong data-start=\"5059\" data-end=\"5080\">Atout principal :<\/strong> Batterie fiable, performante et durable pour tous vos trajets<\/span><\/li>\n<\/ul>\n<p><strong>\ud83d\udc49 Passez \u00e0 l\u2019action d\u00e8s maintenant et \u00e9quipez votre v\u00e9lo d\u2019une batterie performante pour des trajets plus longs et plus agr\u00e9ables !<\/strong><\/p>\n","protected":false},"featured_media":27974,"comment_status":"open","ping_status":"closed","template":"","meta":[],"product_brand":[523],"product_cat":[223,227,212,113,33,115],"product_tag":[522,478],"class_list":{"0":"post-27975","1":"product","2":"type-product","3":"status-publish","4":"has-post-thumbnail","6":"product_brand-giant","7":"product_cat-10-15-ah-36v-batterie-integree","8":"product_cat-360-540-wh-10-15-ah-36v-batterie-integree","9":"product_cat-36v-batterie-integree","10":"product_cat-batterie-integree","11":"product_cat-batteries-de-velos","12":"product_cat-tube-diagonal-integre","13":"product_tag-batterie-velo-assistance-electrique-puissante-fiable","14":"product_tag-batterie-velo-electrique","16":"first","17":"outofstock","18":"featured","19":"shipping-taxable","20":"purchasable","21":"product-type-simple"},"yoast_head":"<!-- This site is optimized with the Yoast SEO plugin v27.5 - https:\/\/yoast.com\/product\/yoast-seo-wordpress\/ -->\n<title>Batterie pour velos Giant EnergyPak 13.8 Ah \/ 500 Wh - ateliervae.fr<\/title>\n<meta name=\"description\" content=\"Batterie v\u00e9lo autonomie performante Giant 500Wh \u00e0 596\u20ac \u2013 puissance fiable, longue autonomie et recharge rapide pour e-bike.\" \/>\n<meta name=\"robots\" content=\"index, follow, max-snippet:-1, max-image-preview:large, max-video-preview:-1\" \/>\n<link rel=\"canonical\" href=\"https:\/\/ateliervae.fr\/?product=giant-energypak-500wh-batterie-velo-electrique\" \/>\n<meta property=\"og:locale\" content=\"fr_FR\" \/>\n<meta property=\"og:type\" content=\"article\" \/>\n<meta property=\"og:title\" content=\"Batterie pour velos Giant EnergyPak 13.8 Ah \/ 500 Wh - ateliervae.fr\" \/>\n<meta property=\"og:description\" content=\"Batterie v\u00e9lo autonomie performante Giant 500Wh \u00e0 596\u20ac \u2013 puissance fiable, longue autonomie et recharge rapide pour e-bike.\" \/>\n<meta property=\"og:url\" content=\"https:\/\/ateliervae.fr\/?product=giant-energypak-500wh-batterie-velo-electrique\" \/>\n<meta property=\"og:site_name\" content=\"ateliervae.fr\" \/>\n<meta property=\"article:modified_time\" content=\"2026-04-21T22:33:31+00:00\" \/>\n<meta property=\"og:image\" content=\"https:\/\/ateliervae.fr\/wp-content\/uploads\/2026\/04\/gi.003_afb3_2.jpg\" \/>\n\t<meta property=\"og:image:width\" content=\"360\" \/>\n\t<meta property=\"og:image:height\" content=\"360\" \/>\n\t<meta property=\"og:image:type\" content=\"image\/jpeg\" \/>\n<meta name=\"twitter:card\" content=\"summary_large_image\" \/>\n<meta name=\"twitter:label1\" content=\"Dur\u00e9e de lecture estim\u00e9e\" \/>\n\t<meta name=\"twitter:data1\" content=\"3 minutes\" \/>\n<script type=\"application\/ld+json\" class=\"yoast-schema-graph\">{\"@context\":\"https:\\\/\\\/schema.org\",\"@graph\":[{\"@type\":\"WebPage\",\"@id\":\"https:\\\/\\\/ateliervae.fr\\\/?product=giant-energypak-500wh-batterie-velo-electrique\",\"url\":\"https:\\\/\\\/ateliervae.fr\\\/?product=giant-energypak-500wh-batterie-velo-electrique\",\"name\":\"Batterie pour velos Giant EnergyPak 13.8 Ah \\\/ 500 Wh - ateliervae.fr\",\"isPartOf\":{\"@id\":\"https:\\\/\\\/ateliervae.fr\\\/#website\"},\"primaryImageOfPage\":{\"@id\":\"https:\\\/\\\/ateliervae.fr\\\/?product=giant-energypak-500wh-batterie-velo-electrique#primaryimage\"},\"image\":{\"@id\":\"https:\\\/\\\/ateliervae.fr\\\/?product=giant-energypak-500wh-batterie-velo-electrique#primaryimage\"},\"thumbnailUrl\":\"https:\\\/\\\/ateliervae.fr\\\/wp-content\\\/uploads\\\/2026\\\/04\\\/gi.003_afb3_2.jpg\",\"datePublished\":\"2026-04-21T15:36:48+00:00\",\"dateModified\":\"2026-04-21T22:33:31+00:00\",\"description\":\"Batterie v\u00e9lo autonomie performante Giant 500Wh \u00e0 596\u20ac \u2013 puissance fiable, longue autonomie et recharge rapide pour e-bike.\",\"breadcrumb\":{\"@id\":\"https:\\\/\\\/ateliervae.fr\\\/?product=giant-energypak-500wh-batterie-velo-electrique#breadcrumb\"},\"inLanguage\":\"fr-FR\",\"potentialAction\":[{\"@type\":\"ReadAction\",\"target\":[\"https:\\\/\\\/ateliervae.fr\\\/?product=giant-energypak-500wh-batterie-velo-electrique\"]}]},{\"@type\":\"ImageObject\",\"inLanguage\":\"fr-FR\",\"@id\":\"https:\\\/\\\/ateliervae.fr\\\/?product=giant-energypak-500wh-batterie-velo-electrique#primaryimage\",\"url\":\"https:\\\/\\\/ateliervae.fr\\\/wp-content\\\/uploads\\\/2026\\\/04\\\/gi.003_afb3_2.jpg\",\"contentUrl\":\"https:\\\/\\\/ateliervae.fr\\\/wp-content\\\/uploads\\\/2026\\\/04\\\/gi.003_afb3_2.jpg\",\"width\":360,\"height\":360,\"caption\":\"batterie v\u00e9lo autonomie performante\"},{\"@type\":\"BreadcrumbList\",\"@id\":\"https:\\\/\\\/ateliervae.fr\\\/?product=giant-energypak-500wh-batterie-velo-electrique#breadcrumb\",\"itemListElement\":[{\"@type\":\"ListItem\",\"position\":1,\"name\":\"Home\",\"item\":\"https:\\\/\\\/ateliervae.fr\\\/\"},{\"@type\":\"ListItem\",\"position\":2,\"name\":\"Produits\",\"item\":\"https:\\\/\\\/ateliervae.fr\\\/shop\\\/\"},{\"@type\":\"ListItem\",\"position\":3,\"name\":\"Batterie pour velos Giant EnergyPak 13.8 Ah \\\/ 500 Wh\"}]},{\"@type\":\"WebSite\",\"@id\":\"https:\\\/\\\/ateliervae.fr\\\/#website\",\"url\":\"https:\\\/\\\/ateliervae.fr\\\/\",\"name\":\"ateliervae.fr\",\"description\":\"L\u2019\u00e9nergie au c\u0153ur de vos trajets\",\"publisher\":{\"@id\":\"https:\\\/\\\/ateliervae.fr\\\/#organization\"},\"potentialAction\":[{\"@type\":\"SearchAction\",\"target\":{\"@type\":\"EntryPoint\",\"urlTemplate\":\"https:\\\/\\\/ateliervae.fr\\\/?s={search_term_string}\"},\"query-input\":{\"@type\":\"PropertyValueSpecification\",\"valueRequired\":true,\"valueName\":\"search_term_string\"}}],\"inLanguage\":\"fr-FR\"},{\"@type\":\"Organization\",\"@id\":\"https:\\\/\\\/ateliervae.fr\\\/#organization\",\"name\":\"ateliervae.fr\",\"url\":\"https:\\\/\\\/ateliervae.fr\\\/\",\"logo\":{\"@type\":\"ImageObject\",\"inLanguage\":\"fr-FR\",\"@id\":\"https:\\\/\\\/ateliervae.fr\\\/#\\\/schema\\\/logo\\\/image\\\/\",\"url\":\"https:\\\/\\\/ateliervae.fr\\\/wp-content\\\/uploads\\\/2026\\\/04\\\/ChatGPT-Image-6-avr.-2026-11_58_22.png\",\"contentUrl\":\"https:\\\/\\\/ateliervae.fr\\\/wp-content\\\/uploads\\\/2026\\\/04\\\/ChatGPT-Image-6-avr.-2026-11_58_22.png\",\"width\":1536,\"height\":1024,\"caption\":\"ateliervae.fr\"},\"image\":{\"@id\":\"https:\\\/\\\/ateliervae.fr\\\/#\\\/schema\\\/logo\\\/image\\\/\"}}]}<\/script>\n<!-- \/ Yoast SEO plugin. -->","yoast_head_json":{"title":"Batterie pour velos Giant EnergyPak 13.8 Ah \/ 500 Wh - ateliervae.fr","description":"Batterie v\u00e9lo autonomie performante Giant 500Wh \u00e0 596\u20ac \u2013 puissance fiable, longue autonomie et recharge rapide pour e-bike.","robots":{"index":"index","follow":"follow","max-snippet":"max-snippet:-1","max-image-preview":"max-image-preview:large","max-video-preview":"max-video-preview:-1"},"canonical":"https:\/\/ateliervae.fr\/?product=giant-energypak-500wh-batterie-velo-electrique","og_locale":"fr_FR","og_type":"article","og_title":"Batterie pour velos Giant EnergyPak 13.8 Ah \/ 500 Wh - ateliervae.fr","og_description":"Batterie v\u00e9lo autonomie performante Giant 500Wh \u00e0 596\u20ac \u2013 puissance fiable, longue autonomie et recharge rapide pour e-bike.","og_url":"https:\/\/ateliervae.fr\/?product=giant-energypak-500wh-batterie-velo-electrique","og_site_name":"ateliervae.fr","article_modified_time":"2026-04-21T22:33:31+00:00","og_image":[{"width":360,"height":360,"url":"https:\/\/ateliervae.fr\/wp-content\/uploads\/2026\/04\/gi.003_afb3_2.jpg","type":"image\/jpeg"}],"twitter_card":"summary_large_image","twitter_misc":{"Dur\u00e9e de lecture estim\u00e9e":"3 minutes"},"schema":{"@context":"https:\/\/schema.org","@graph":[{"@type":"WebPage","@id":"https:\/\/ateliervae.fr\/?product=giant-energypak-500wh-batterie-velo-electrique","url":"https:\/\/ateliervae.fr\/?product=giant-energypak-500wh-batterie-velo-electrique","name":"Batterie pour velos Giant EnergyPak 13.8 Ah \/ 500 Wh - ateliervae.fr","isPartOf":{"@id":"https:\/\/ateliervae.fr\/#website"},"primaryImageOfPage":{"@id":"https:\/\/ateliervae.fr\/?product=giant-energypak-500wh-batterie-velo-electrique#primaryimage"},"image":{"@id":"https:\/\/ateliervae.fr\/?product=giant-energypak-500wh-batterie-velo-electrique#primaryimage"},"thumbnailUrl":"https:\/\/ateliervae.fr\/wp-content\/uploads\/2026\/04\/gi.003_afb3_2.jpg","datePublished":"2026-04-21T15:36:48+00:00","dateModified":"2026-04-21T22:33:31+00:00","description":"Batterie v\u00e9lo autonomie performante Giant 500Wh \u00e0 596\u20ac \u2013 puissance fiable, longue autonomie et recharge rapide pour e-bike.","breadcrumb":{"@id":"https:\/\/ateliervae.fr\/?product=giant-energypak-500wh-batterie-velo-electrique#breadcrumb"},"inLanguage":"fr-FR","potentialAction":[{"@type":"ReadAction","target":["https:\/\/ateliervae.fr\/?product=giant-energypak-500wh-batterie-velo-electrique"]}]},{"@type":"ImageObject","inLanguage":"fr-FR","@id":"https:\/\/ateliervae.fr\/?product=giant-energypak-500wh-batterie-velo-electrique#primaryimage","url":"https:\/\/ateliervae.fr\/wp-content\/uploads\/2026\/04\/gi.003_afb3_2.jpg","contentUrl":"https:\/\/ateliervae.fr\/wp-content\/uploads\/2026\/04\/gi.003_afb3_2.jpg","width":360,"height":360,"caption":"batterie v\u00e9lo autonomie performante"},{"@type":"BreadcrumbList","@id":"https:\/\/ateliervae.fr\/?product=giant-energypak-500wh-batterie-velo-electrique#breadcrumb","itemListElement":[{"@type":"ListItem","position":1,"name":"Home","item":"https:\/\/ateliervae.fr\/"},{"@type":"ListItem","position":2,"name":"Produits","item":"https:\/\/ateliervae.fr\/shop\/"},{"@type":"ListItem","position":3,"name":"Batterie pour velos Giant EnergyPak 13.8 Ah \/ 500 Wh"}]},{"@type":"WebSite","@id":"https:\/\/ateliervae.fr\/#website","url":"https:\/\/ateliervae.fr\/","name":"ateliervae.fr","description":"L\u2019\u00e9nergie au c\u0153ur de vos trajets","publisher":{"@id":"https:\/\/ateliervae.fr\/#organization"},"potentialAction":[{"@type":"SearchAction","target":{"@type":"EntryPoint","urlTemplate":"https:\/\/ateliervae.fr\/?s={search_term_string}"},"query-input":{"@type":"PropertyValueSpecification","valueRequired":true,"valueName":"search_term_string"}}],"inLanguage":"fr-FR"},{"@type":"Organization","@id":"https:\/\/ateliervae.fr\/#organization","name":"ateliervae.fr","url":"https:\/\/ateliervae.fr\/","logo":{"@type":"ImageObject","inLanguage":"fr-FR","@id":"https:\/\/ateliervae.fr\/#\/schema\/logo\/image\/","url":"https:\/\/ateliervae.fr\/wp-content\/uploads\/2026\/04\/ChatGPT-Image-6-avr.-2026-11_58_22.png","contentUrl":"https:\/\/ateliervae.fr\/wp-content\/uploads\/2026\/04\/ChatGPT-Image-6-avr.-2026-11_58_22.png","width":1536,"height":1024,"caption":"ateliervae.fr"},"image":{"@id":"https:\/\/ateliervae.fr\/#\/schema\/logo\/image\/"}}]}},"_links":{"self":[{"href":"https:\/\/ateliervae.fr\/index.php?rest_route=\/wp\/v2\/product\/27975","targetHints":{"allow":["GET"]}}],"collection":[{"href":"https:\/\/ateliervae.fr\/index.php?rest_route=\/wp\/v2\/product"}],"about":[{"href":"https:\/\/ateliervae.fr\/index.php?rest_route=\/wp\/v2\/types\/product"}],"replies":[{"embeddable":true,"href":"https:\/\/ateliervae.fr\/index.php?rest_route=%2Fwp%2Fv2%2Fcomments&post=27975"}],"version-history":[{"count":2,"href":"https:\/\/ateliervae.fr\/index.php?rest_route=\/wp\/v2\/product\/27975\/revisions"}],"predecessor-version":[{"id":28010,"href":"https:\/\/ateliervae.fr\/index.php?rest_route=\/wp\/v2\/product\/27975\/revisions\/28010"}],"wp:featuredmedia":[{"embeddable":true,"href":"https:\/\/ateliervae.fr\/index.php?rest_route=\/wp\/v2\/media\/27974"}],"wp:attachment":[{"href":"https:\/\/ateliervae.fr\/index.php?rest_route=%2Fwp%2Fv2%2Fmedia&parent=27975"}],"wp:term":[{"taxonomy":"product_brand","embeddable":true,"href":"https:\/\/ateliervae.fr\/index.php?rest_route=%2Fwp%2Fv2%2Fproduct_brand&post=27975"},{"taxonomy":"product_cat","embeddable":true,"href":"https:\/\/ateliervae.fr\/index.php?rest_route=%2Fwp%2Fv2%2Fproduct_cat&post=27975"},{"taxonomy":"product_tag","embeddable":true,"href":"https:\/\/ateliervae.fr\/index.php?rest_route=%2Fwp%2Fv2%2Fproduct_tag&post=27975"}],"curies":[{"name":"wp","href":"https:\/\/api.w.org\/{rel}","templated":true}]}}