{"id":27971,"date":"2026-04-21T15:36:47","date_gmt":"2026-04-21T15:36:47","guid":{"rendered":"https:\/\/ateliervae.fr\/?product=giant-downtube-energypak-625wh-batterie-de-velo"},"modified":"2026-04-21T22:11:03","modified_gmt":"2026-04-21T22:11:03","slug":"giant-downtube-energypak-625wh-batterie-de-velo","status":"publish","type":"product","link":"https:\/\/ateliervae.fr\/?product=giant-downtube-energypak-625wh-batterie-de-velo","title":{"rendered":"Batterie pour velos Giant Downtube Energypak   17,4 Ah \/ 625 Wh"},"content":{"rendered":"<h3 data-section-id=\"aialdc\" data-start=\"304\" data-end=\"345\">Description d\u00e9taill\u00e9e du produit<\/h3>\n<p data-start=\"347\" data-end=\"692\">La <strong data-start=\"350\" data-end=\"404\">batterie pour v\u00e9los Giant Downtube EnergyPak 625Wh<\/strong> est une solution haut de gamme con\u00e7ue pour offrir une <strong data-start=\"459\" data-end=\"497\">autonomie batterie v\u00e9lo \u00e9lectrique<\/strong> exceptionnelle et une performance durable. Destin\u00e9e aux utilisateurs exigeants, cette batterie v\u00e9lo \u00e9lectrique autonomie performante s\u2019int\u00e8gre parfaitement aux v\u00e9los \u00e9lectriques Giant, notamment les VTT \u00e9lectriques et v\u00e9los urbains.<\/p>\n<p data-start=\"694\" data-end=\"970\">Dot\u00e9e d\u2019une <strong data-start=\"706\" data-end=\"745\">technologie batterie lithium e-bike<\/strong>, cette batterie Lithium-ion garantit une excellente densit\u00e9 \u00e9nerg\u00e9tique, une recharge rapide et une longue dur\u00e9e de vie. Gr\u00e2ce \u00e0 sa capacit\u00e9 de 625Wh, elle permet d\u2019effectuer de longs trajets sans compromis sur la puissance.<\/p>\n<p data-start=\"972\" data-end=\"1257\">Que vous rouliez en ville ou sur des terrains plus techniques, cette <strong data-start=\"1041\" data-end=\"1073\">batterie 36V v\u00e9lo \u00e9lectrique<\/strong> assure une assistance fluide et constante. Elle est id\u00e9ale pour les cyclistes recherchant une <strong data-start=\"1168\" data-end=\"1212\">batterie v\u00e9lo \u00e9lectrique longue distance<\/strong> capable de supporter des parcours intensifs.<\/p>\n<p data-start=\"1259\" data-end=\"1291\">Parmi ses principaux avantages :<\/p>\n<ul data-start=\"1292\" data-end=\"1506\">\n<li data-section-id=\"1v12r2a\" data-start=\"1292\" data-end=\"1347\">Excellente <strong data-start=\"1305\" data-end=\"1347\">autonomie v\u00e9lo \u00e9lectrique longue dur\u00e9e<\/strong><\/li>\n<li data-section-id=\"1uia0iw\" data-start=\"1348\" data-end=\"1417\">Syst\u00e8me de gestion intelligent (BMS batterie v\u00e9lo) pour la s\u00e9curit\u00e9<\/li>\n<li data-section-id=\"1c5lgbp\" data-start=\"1418\" data-end=\"1464\">Compatible avec les syst\u00e8mes Giant SyncDrive<\/li>\n<li data-section-id=\"fr38gr\" data-start=\"1465\" data-end=\"1506\">Recharge optimis\u00e9e avec chargeur rapide<\/li>\n<\/ul>\n<p data-start=\"1508\" data-end=\"1636\">Cette batterie est \u00e9galement con\u00e7ue pour r\u00e9sister aux conditions vari\u00e9es gr\u00e2ce \u00e0 sa robustesse et sa gestion thermique efficace.<\/p>\n<div><\/div>\n<h3 data-section-id=\"dxeohy\" data-start=\"1770\" data-end=\"1804\">4. Tableau technique complet<\/h3>\n<div class=\"TyagGW_tableContainer\">\n<div class=\"group TyagGW_tableWrapper flex flex-col-reverse w-fit\" tabindex=\"-1\">\n<table class=\"w-fit min-w-(--thread-content-width)\" data-start=\"1806\" data-end=\"2363\">\n<thead data-start=\"1806\" data-end=\"1834\">\n<tr data-start=\"1806\" data-end=\"1834\">\n<th class=\"\" data-start=\"1806\" data-end=\"1824\" data-col-size=\"sm\">Caract\u00e9ristique<\/th>\n<th class=\"\" data-start=\"1824\" data-end=\"1834\" data-col-size=\"sm\">D\u00e9tail<\/th>\n<\/tr>\n<\/thead>\n<tbody data-start=\"1863\" data-end=\"2363\">\n<tr data-start=\"1863\" data-end=\"1915\">\n<td data-start=\"1863\" data-end=\"1882\" data-col-size=\"sm\">Type de batterie<\/td>\n<td data-start=\"1882\" data-end=\"1915\" data-col-size=\"sm\"><a href=\"https:\/\/ateliervae.fr\/?product=bosch-powerpack-800-smart-cadre\">Batterie pour v\u00e9lo \u00e9lectrique<\/a><\/td>\n<\/tr>\n<tr data-start=\"1916\" data-end=\"1945\">\n<td data-start=\"1916\" data-end=\"1930\" data-col-size=\"sm\">Technologie<\/td>\n<td data-start=\"1930\" data-end=\"1945\" data-col-size=\"sm\">Lithium-ion<\/td>\n<\/tr>\n<tr data-start=\"1946\" data-end=\"1963\">\n<td data-start=\"1946\" data-end=\"1956\" data-col-size=\"sm\">Voltage<\/td>\n<td data-start=\"1956\" data-end=\"1963\" data-col-size=\"sm\">36V<\/td>\n<\/tr>\n<tr data-start=\"1964\" data-end=\"1995\">\n<td data-start=\"1964\" data-end=\"1975\" data-col-size=\"sm\">Capacit\u00e9<\/td>\n<td data-start=\"1975\" data-end=\"1995\" data-col-size=\"sm\">17,4 Ah \/ 625 Wh<\/td>\n<\/tr>\n<tr data-start=\"1996\" data-end=\"2032\">\n<td data-start=\"1996\" data-end=\"2016\" data-col-size=\"sm\">Autonomie estim\u00e9e<\/td>\n<td data-start=\"2016\" data-end=\"2032\" data-col-size=\"sm\">100 \u00e0 180 km<\/td>\n<\/tr>\n<tr data-start=\"2033\" data-end=\"2067\">\n<td data-start=\"2033\" data-end=\"2051\" data-col-size=\"sm\">Temps de charge<\/td>\n<td data-start=\"2051\" data-end=\"2067\" data-col-size=\"sm\">4 \u00e0 6 heures<\/td>\n<\/tr>\n<tr data-start=\"2068\" data-end=\"2104\">\n<td data-start=\"2068\" data-end=\"2083\" data-col-size=\"sm\">Dur\u00e9e de vie<\/td>\n<td data-start=\"2083\" data-end=\"2104\" data-col-size=\"sm\">800 \u00e0 1000 cycles<\/td>\n<\/tr>\n<tr data-start=\"2105\" data-end=\"2145\">\n<td data-start=\"2105\" data-end=\"2121\" data-col-size=\"sm\">Compatibilit\u00e9<\/td>\n<td data-start=\"2121\" data-end=\"2145\" data-col-size=\"sm\">V\u00e9lo Giant SyncDrive<\/td>\n<\/tr>\n<tr data-start=\"2146\" data-end=\"2189\">\n<td data-start=\"2146\" data-end=\"2168\" data-col-size=\"sm\">Syst\u00e8me de fixation<\/td>\n<td data-start=\"2168\" data-end=\"2189\" data-col-size=\"sm\">Int\u00e9gr\u00e9e Downtube<\/td>\n<\/tr>\n<tr data-start=\"2190\" data-end=\"2209\">\n<td data-start=\"2190\" data-end=\"2198\" data-col-size=\"sm\">Poids<\/td>\n<td data-start=\"2198\" data-end=\"2209\" data-col-size=\"sm\">~3,5 kg<\/td>\n<\/tr>\n<tr data-start=\"2210\" data-end=\"2241\">\n<td data-start=\"2210\" data-end=\"2224\" data-col-size=\"sm\">Emplacement<\/td>\n<td data-start=\"2224\" data-end=\"2241\" data-col-size=\"sm\">Tube diagonal<\/td>\n<\/tr>\n<tr data-start=\"2242\" data-end=\"2268\">\n<td data-start=\"2242\" data-end=\"2253\" data-col-size=\"sm\">S\u00e9curit\u00e9<\/td>\n<td data-start=\"2253\" data-end=\"2268\" data-col-size=\"sm\">BMS int\u00e9gr\u00e9<\/td>\n<\/tr>\n<tr data-start=\"2269\" data-end=\"2313\">\n<td data-start=\"2269\" data-end=\"2297\" data-col-size=\"sm\">Temp\u00e9rature d\u2019utilisation<\/td>\n<td data-start=\"2297\" data-end=\"2313\" data-col-size=\"sm\">-10\u00b0C \u00e0 45\u00b0C<\/td>\n<\/tr>\n<tr data-start=\"2314\" data-end=\"2363\">\n<td data-start=\"2314\" data-end=\"2330\" data-col-size=\"sm\">Ann\u00e9e \/ gamme<\/td>\n<td data-start=\"2330\" data-end=\"2363\" data-col-size=\"sm\">EnergyPak derni\u00e8re g\u00e9n\u00e9ration<\/td>\n<\/tr>\n<\/tbody>\n<\/table>\n<\/div>\n<\/div>\n<div><\/div>\n<h3 data-section-id=\"163dlpr\" data-start=\"2440\" data-end=\"2467\">5. Tableau comparatif<\/h3>\n<div class=\"TyagGW_tableContainer\">\n<div class=\"group TyagGW_tableWrapper flex flex-col-reverse w-fit\" tabindex=\"-1\">\n<table class=\"w-fit min-w-(--thread-content-width)\" data-start=\"2469\" data-end=\"2962\">\n<thead data-start=\"2469\" data-end=\"2566\">\n<tr data-start=\"2469\" data-end=\"2566\">\n<th class=\"\" data-start=\"2469\" data-end=\"2478\" data-col-size=\"sm\">Mod\u00e8le<\/th>\n<th class=\"\" data-start=\"2478\" data-end=\"2497\" data-col-size=\"sm\">Type de batterie<\/th>\n<th class=\"\" data-start=\"2497\" data-end=\"2518\" data-col-size=\"sm\">Voltage \/ capacit\u00e9<\/th>\n<th class=\"\" data-start=\"2518\" data-end=\"2530\" data-col-size=\"sm\">Autonomie<\/th>\n<th class=\"\" data-start=\"2530\" data-end=\"2546\" data-col-size=\"sm\">Compatibilit\u00e9<\/th>\n<th class=\"\" data-start=\"2546\" data-end=\"2554\" data-col-size=\"sm\">Poids<\/th>\n<th class=\"\" data-start=\"2554\" data-end=\"2566\" data-col-size=\"sm\">Prix TTC<\/th>\n<\/tr>\n<\/thead>\n<tbody data-start=\"2665\" data-end=\"2962\">\n<tr data-start=\"2665\" data-end=\"2766\">\n<td data-start=\"2665\" data-end=\"2689\" data-col-size=\"sm\">Giant EnergyPak 625Wh<\/td>\n<td data-start=\"2689\" data-end=\"2703\" data-col-size=\"sm\">Lithium-ion<\/td>\n<td data-start=\"2703\" data-end=\"2717\" data-col-size=\"sm\">36V \/ 625Wh<\/td>\n<td data-start=\"2717\" data-end=\"2730\" data-col-size=\"sm\">100-180 km<\/td>\n<td data-start=\"2730\" data-end=\"2748\" data-col-size=\"sm\">Giant SyncDrive<\/td>\n<td data-start=\"2748\" data-end=\"2757\" data-col-size=\"sm\">3,5 kg<\/td>\n<td data-start=\"2757\" data-end=\"2766\" data-col-size=\"sm\">~899\u20ac<\/td>\n<\/tr>\n<tr data-start=\"2767\" data-end=\"2861\">\n<td data-start=\"2767\" data-end=\"2789\" data-col-size=\"sm\"><a href=\"https:\/\/ateliervae.fr\/?product=bosch-powertube-625-horizontal-compatible-par-e-bike-vision\">Bosch PowerTube 625<\/a><\/td>\n<td data-start=\"2789\" data-end=\"2803\" data-col-size=\"sm\">Lithium-ion<\/td>\n<td data-start=\"2803\" data-end=\"2817\" data-col-size=\"sm\">36V \/ 625Wh<\/td>\n<td data-start=\"2817\" data-end=\"2829\" data-col-size=\"sm\">90-170 km<\/td>\n<td data-start=\"2829\" data-end=\"2843\" data-col-size=\"sm\">Bosch eBike<\/td>\n<td data-start=\"2843\" data-end=\"2852\" data-col-size=\"sm\">3,6 kg<\/td>\n<td data-start=\"2852\" data-end=\"2861\" data-col-size=\"sm\">~949\u20ac<\/td>\n<\/tr>\n<tr data-start=\"2862\" data-end=\"2962\">\n<td data-start=\"2862\" data-end=\"2887\" data-col-size=\"sm\"><a href=\"https:\/\/ateliervae.fr\/?product=batterie-shimano-steps-bt-e8036-17-5ah\">Shimano Steps BT-E8036<\/a><\/td>\n<td data-start=\"2887\" data-end=\"2901\" data-col-size=\"sm\">Lithium-ion<\/td>\n<td data-start=\"2901\" data-end=\"2915\" data-col-size=\"sm\">36V \/ 630Wh<\/td>\n<td data-start=\"2915\" data-end=\"2928\" data-col-size=\"sm\">100-160 km<\/td>\n<td data-start=\"2928\" data-end=\"2944\" data-col-size=\"sm\">Shimano Steps<\/td>\n<td data-start=\"2944\" data-end=\"2953\" data-col-size=\"sm\">3,7 kg<\/td>\n<td data-start=\"2953\" data-end=\"2962\" data-col-size=\"sm\">~920\u20ac<\/td>\n<\/tr>\n<\/tbody>\n<\/table>\n<\/div>\n<\/div>\n<div><\/div>\n<div><\/div>\n<h3 data-section-id=\"1kxg7v9\" data-start=\"3094\" data-end=\"3132\">6. Conclusion<\/h3>\n<p data-start=\"3134\" data-end=\"3403\">La <strong data-start=\"3137\" data-end=\"3182\">batterie pour v\u00e9lo \u00e9lectrique Giant 625Wh<\/strong> se distingue par sa fiabilit\u00e9, sa grande autonomie et sa compatibilit\u00e9 parfaite avec les v\u00e9los Giant. Gr\u00e2ce \u00e0 sa <strong data-start=\"3296\" data-end=\"3339\">technologie lithium-ion v\u00e9lo \u00e9lectrique<\/strong>, elle offre une performance optimale sur tous types de trajets.<\/p>\n<p data-start=\"3405\" data-end=\"3580\">Si vous recherchez une <strong data-start=\"3428\" data-end=\"3478\">batterie v\u00e9lo \u00e9lectrique autonomie performante<\/strong>, capable de r\u00e9pondre \u00e0 vos besoins quotidiens ou sportifs, ce mod\u00e8le est un excellent investissement.<\/p>\n<p data-start=\"3582\" data-end=\"3678\">\n<h3 data-section-id=\"mhkdnt\" data-start=\"3685\" data-end=\"3697\">7. FAQ<\/h3>\n<p data-start=\"3699\" data-end=\"3816\"><strong data-start=\"3699\" data-end=\"3741\">Quelle autonomie pour cette batterie ?<\/strong><br data-start=\"3741\" data-end=\"3744\" \/>Elle offre entre 100 et 180 km selon le mode d\u2019assistance et le terrain.<\/p>\n<p data-start=\"3818\" data-end=\"3926\"><strong data-start=\"3818\" data-end=\"3857\">Est-elle compatible avec mon v\u00e9lo ?<\/strong><br data-start=\"3857\" data-end=\"3860\" \/>Elle est con\u00e7ue pour les v\u00e9los Giant \u00e9quip\u00e9s du syst\u00e8me SyncDrive.<\/p>\n<p data-start=\"3928\" data-end=\"4015\"><strong data-start=\"3928\" data-end=\"3965\">Combien de temps dure la charge ?<\/strong><br data-start=\"3965\" data-end=\"3968\" \/>Environ 4 \u00e0 6 heures avec un chargeur standard.<\/p>\n<p data-start=\"4017\" data-end=\"4123\"><strong data-start=\"4017\" data-end=\"4062\">Peut-on remplacer une batterie ancienne ?<\/strong><br data-start=\"4062\" data-end=\"4065\" \/>Oui, si votre v\u00e9lo est compatible avec la gamme EnergyPak.<\/p>\n<p data-start=\"4125\" data-end=\"4195\"><strong data-start=\"4125\" data-end=\"4157\">Quelle est sa dur\u00e9e de vie ?<\/strong><br data-start=\"4157\" data-end=\"4160\" \/>Entre 800 et 1000 cycles de charge.<\/p>\n<p data-start=\"4197\" data-end=\"4284\"><strong data-start=\"4197\" data-end=\"4233\">La batterie est-elle s\u00e9curis\u00e9e ?<\/strong><br data-start=\"4233\" data-end=\"4236\" \/>Oui, gr\u00e2ce au syst\u00e8me BMS batterie v\u00e9lo int\u00e9gr\u00e9.<\/p>\n<p data-start=\"4286\" data-end=\"4386\"><strong data-start=\"4286\" data-end=\"4325\">Fonctionne-t-elle par temps froid ?<\/strong><br data-start=\"4325\" data-end=\"4328\" \/>Oui, elle est con\u00e7ue pour fonctionner entre -10\u00b0C et 45\u00b0C.<\/p>\n","protected":false},"excerpt":{"rendered":"<ul data-start=\"4422\" data-end=\"4678\">\n<li data-section-id=\"8f0tu8\" data-start=\"4422\" data-end=\"4484\"><span style=\"color: #99cc00;\">\ud83d\udd0b <strong data-start=\"4427\" data-end=\"4453\">Puissance et autonomie<\/strong> : 625Wh pour longue distance<\/span><\/li>\n<li data-section-id=\"17i2ncg\" data-start=\"4485\" data-end=\"4547\"><span style=\"color: #99cc00;\">\u2699\ufe0f <strong data-start=\"4490\" data-end=\"4517\">Technologie et s\u00e9curit\u00e9<\/strong> : Lithium-ion + BMS int\u00e9gr\u00e9<\/span><\/li>\n<li data-section-id=\"u7ye1e\" data-start=\"4548\" data-end=\"4596\"><span style=\"color: #99cc00;\">\ud83d\udeb2 <strong data-start=\"4553\" data-end=\"4570\">Compatibilit\u00e9<\/strong> : v\u00e9los Giant SyncDrive<\/span><\/li>\n<li data-section-id=\"o1joxi\" data-start=\"4597\" data-end=\"4678\"><span style=\"color: #99cc00;\">\u2b50 <strong data-start=\"4601\" data-end=\"4617\">Avantage cl\u00e9<\/strong> : batterie v\u00e9lo \u00e9lectrique autonomie performante et fiable<\/span><\/li>\n<\/ul>\n<p><strong>\ud83d\udc49 Passez \u00e0 l\u2019action d\u00e8s maintenant et profitez d\u2019une exp\u00e9rience de conduite fluide et durable !<\/strong><\/p>\n","protected":false},"featured_media":27970,"comment_status":"open","ping_status":"closed","template":"","meta":[],"product_brand":[523],"product_cat":[224,212,228,113,33],"product_tag":[522,478],"class_list":{"0":"post-27971","1":"product","2":"type-product","3":"status-publish","4":"has-post-thumbnail","6":"product_brand-giant","7":"product_cat-15-20-ah-36v-batterie-integree","8":"product_cat-36v-batterie-integree","9":"product_cat-540-720-wh-15-20-ah-36v-batterie-integree","10":"product_cat-batterie-integree","11":"product_cat-batteries-de-velos","12":"product_tag-batterie-velo-assistance-electrique-puissante-fiable","13":"product_tag-batterie-velo-electrique","15":"first","16":"instock","17":"sale","18":"shipping-taxable","19":"purchasable","20":"product-type-simple"},"yoast_head":"<!-- This site is optimized with the Yoast SEO plugin v27.5 - https:\/\/yoast.com\/product\/yoast-seo-wordpress\/ -->\n<title>Batterie pour velos Giant Downtube Energypak  17,4 Ah \/ 625 Wh - ateliervae.fr<\/title>\n<meta name=\"description\" content=\"Batterie v\u00e9lo \u00e9lectrique autonomie performante 625Wh d\u00e8s ~899\u20ac : puissance, grande autonomie et recharge rapide pour e-bike Giant.\" \/>\n<meta name=\"robots\" content=\"index, follow, max-snippet:-1, max-image-preview:large, max-video-preview:-1\" \/>\n<link rel=\"canonical\" href=\"https:\/\/ateliervae.fr\/?product=giant-downtube-energypak-625wh-batterie-de-velo\" \/>\n<meta property=\"og:locale\" content=\"fr_FR\" \/>\n<meta property=\"og:type\" content=\"article\" \/>\n<meta property=\"og:title\" content=\"Batterie pour velos Giant Downtube Energypak  17,4 Ah \/ 625 Wh - ateliervae.fr\" \/>\n<meta property=\"og:description\" content=\"Batterie v\u00e9lo \u00e9lectrique autonomie performante 625Wh d\u00e8s ~899\u20ac : puissance, grande autonomie et recharge rapide pour e-bike Giant.\" \/>\n<meta property=\"og:url\" content=\"https:\/\/ateliervae.fr\/?product=giant-downtube-energypak-625wh-batterie-de-velo\" \/>\n<meta property=\"og:site_name\" content=\"ateliervae.fr\" \/>\n<meta property=\"article:modified_time\" content=\"2026-04-21T22:11:03+00:00\" \/>\n<meta property=\"og:image\" content=\"https:\/\/ateliervae.fr\/wp-content\/uploads\/2026\/04\/giant-energypak-625wh.png\" \/>\n\t<meta property=\"og:image:width\" content=\"360\" \/>\n\t<meta property=\"og:image:height\" content=\"360\" \/>\n\t<meta property=\"og:image:type\" content=\"image\/png\" \/>\n<meta name=\"twitter:card\" content=\"summary_large_image\" \/>\n<meta name=\"twitter:label1\" content=\"Dur\u00e9e de lecture estim\u00e9e\" \/>\n\t<meta name=\"twitter:data1\" content=\"3 minutes\" \/>\n<script type=\"application\/ld+json\" class=\"yoast-schema-graph\">{\"@context\":\"https:\\\/\\\/schema.org\",\"@graph\":[{\"@type\":\"WebPage\",\"@id\":\"https:\\\/\\\/ateliervae.fr\\\/?product=giant-downtube-energypak-625wh-batterie-de-velo\",\"url\":\"https:\\\/\\\/ateliervae.fr\\\/?product=giant-downtube-energypak-625wh-batterie-de-velo\",\"name\":\"Batterie pour velos Giant Downtube Energypak 17,4 Ah \\\/ 625 Wh - ateliervae.fr\",\"isPartOf\":{\"@id\":\"https:\\\/\\\/ateliervae.fr\\\/#website\"},\"primaryImageOfPage\":{\"@id\":\"https:\\\/\\\/ateliervae.fr\\\/?product=giant-downtube-energypak-625wh-batterie-de-velo#primaryimage\"},\"image\":{\"@id\":\"https:\\\/\\\/ateliervae.fr\\\/?product=giant-downtube-energypak-625wh-batterie-de-velo#primaryimage\"},\"thumbnailUrl\":\"https:\\\/\\\/ateliervae.fr\\\/wp-content\\\/uploads\\\/2026\\\/04\\\/giant-energypak-625wh.png\",\"datePublished\":\"2026-04-21T15:36:47+00:00\",\"dateModified\":\"2026-04-21T22:11:03+00:00\",\"description\":\"Batterie v\u00e9lo \u00e9lectrique autonomie performante 625Wh d\u00e8s ~899\u20ac : puissance, grande autonomie et recharge rapide pour e-bike Giant.\",\"breadcrumb\":{\"@id\":\"https:\\\/\\\/ateliervae.fr\\\/?product=giant-downtube-energypak-625wh-batterie-de-velo#breadcrumb\"},\"inLanguage\":\"fr-FR\",\"potentialAction\":[{\"@type\":\"ReadAction\",\"target\":[\"https:\\\/\\\/ateliervae.fr\\\/?product=giant-downtube-energypak-625wh-batterie-de-velo\"]}]},{\"@type\":\"ImageObject\",\"inLanguage\":\"fr-FR\",\"@id\":\"https:\\\/\\\/ateliervae.fr\\\/?product=giant-downtube-energypak-625wh-batterie-de-velo#primaryimage\",\"url\":\"https:\\\/\\\/ateliervae.fr\\\/wp-content\\\/uploads\\\/2026\\\/04\\\/giant-energypak-625wh.png\",\"contentUrl\":\"https:\\\/\\\/ateliervae.fr\\\/wp-content\\\/uploads\\\/2026\\\/04\\\/giant-energypak-625wh.png\",\"width\":360,\"height\":360,\"caption\":\"batterie v\u00e9lo \u00e9lectrique autonomie performante\"},{\"@type\":\"BreadcrumbList\",\"@id\":\"https:\\\/\\\/ateliervae.fr\\\/?product=giant-downtube-energypak-625wh-batterie-de-velo#breadcrumb\",\"itemListElement\":[{\"@type\":\"ListItem\",\"position\":1,\"name\":\"Home\",\"item\":\"https:\\\/\\\/ateliervae.fr\\\/\"},{\"@type\":\"ListItem\",\"position\":2,\"name\":\"Produits\",\"item\":\"https:\\\/\\\/ateliervae.fr\\\/shop\\\/\"},{\"@type\":\"ListItem\",\"position\":3,\"name\":\"Batterie pour velos Giant Downtube Energypak 17,4 Ah \\\/ 625 Wh\"}]},{\"@type\":\"WebSite\",\"@id\":\"https:\\\/\\\/ateliervae.fr\\\/#website\",\"url\":\"https:\\\/\\\/ateliervae.fr\\\/\",\"name\":\"ateliervae.fr\",\"description\":\"L\u2019\u00e9nergie au c\u0153ur de vos trajets\",\"publisher\":{\"@id\":\"https:\\\/\\\/ateliervae.fr\\\/#organization\"},\"potentialAction\":[{\"@type\":\"SearchAction\",\"target\":{\"@type\":\"EntryPoint\",\"urlTemplate\":\"https:\\\/\\\/ateliervae.fr\\\/?s={search_term_string}\"},\"query-input\":{\"@type\":\"PropertyValueSpecification\",\"valueRequired\":true,\"valueName\":\"search_term_string\"}}],\"inLanguage\":\"fr-FR\"},{\"@type\":\"Organization\",\"@id\":\"https:\\\/\\\/ateliervae.fr\\\/#organization\",\"name\":\"ateliervae.fr\",\"url\":\"https:\\\/\\\/ateliervae.fr\\\/\",\"logo\":{\"@type\":\"ImageObject\",\"inLanguage\":\"fr-FR\",\"@id\":\"https:\\\/\\\/ateliervae.fr\\\/#\\\/schema\\\/logo\\\/image\\\/\",\"url\":\"https:\\\/\\\/ateliervae.fr\\\/wp-content\\\/uploads\\\/2026\\\/04\\\/ChatGPT-Image-6-avr.-2026-11_58_22.png\",\"contentUrl\":\"https:\\\/\\\/ateliervae.fr\\\/wp-content\\\/uploads\\\/2026\\\/04\\\/ChatGPT-Image-6-avr.-2026-11_58_22.png\",\"width\":1536,\"height\":1024,\"caption\":\"ateliervae.fr\"},\"image\":{\"@id\":\"https:\\\/\\\/ateliervae.fr\\\/#\\\/schema\\\/logo\\\/image\\\/\"}}]}<\/script>\n<!-- \/ Yoast SEO plugin. -->","yoast_head_json":{"title":"Batterie pour velos Giant Downtube Energypak  17,4 Ah \/ 625 Wh - ateliervae.fr","description":"Batterie v\u00e9lo \u00e9lectrique autonomie performante 625Wh d\u00e8s ~899\u20ac : puissance, grande autonomie et recharge rapide pour e-bike Giant.","robots":{"index":"index","follow":"follow","max-snippet":"max-snippet:-1","max-image-preview":"max-image-preview:large","max-video-preview":"max-video-preview:-1"},"canonical":"https:\/\/ateliervae.fr\/?product=giant-downtube-energypak-625wh-batterie-de-velo","og_locale":"fr_FR","og_type":"article","og_title":"Batterie pour velos Giant Downtube Energypak  17,4 Ah \/ 625 Wh - ateliervae.fr","og_description":"Batterie v\u00e9lo \u00e9lectrique autonomie performante 625Wh d\u00e8s ~899\u20ac : puissance, grande autonomie et recharge rapide pour e-bike Giant.","og_url":"https:\/\/ateliervae.fr\/?product=giant-downtube-energypak-625wh-batterie-de-velo","og_site_name":"ateliervae.fr","article_modified_time":"2026-04-21T22:11:03+00:00","og_image":[{"width":360,"height":360,"url":"https:\/\/ateliervae.fr\/wp-content\/uploads\/2026\/04\/giant-energypak-625wh.png","type":"image\/png"}],"twitter_card":"summary_large_image","twitter_misc":{"Dur\u00e9e de lecture estim\u00e9e":"3 minutes"},"schema":{"@context":"https:\/\/schema.org","@graph":[{"@type":"WebPage","@id":"https:\/\/ateliervae.fr\/?product=giant-downtube-energypak-625wh-batterie-de-velo","url":"https:\/\/ateliervae.fr\/?product=giant-downtube-energypak-625wh-batterie-de-velo","name":"Batterie pour velos Giant Downtube Energypak 17,4 Ah \/ 625 Wh - ateliervae.fr","isPartOf":{"@id":"https:\/\/ateliervae.fr\/#website"},"primaryImageOfPage":{"@id":"https:\/\/ateliervae.fr\/?product=giant-downtube-energypak-625wh-batterie-de-velo#primaryimage"},"image":{"@id":"https:\/\/ateliervae.fr\/?product=giant-downtube-energypak-625wh-batterie-de-velo#primaryimage"},"thumbnailUrl":"https:\/\/ateliervae.fr\/wp-content\/uploads\/2026\/04\/giant-energypak-625wh.png","datePublished":"2026-04-21T15:36:47+00:00","dateModified":"2026-04-21T22:11:03+00:00","description":"Batterie v\u00e9lo \u00e9lectrique autonomie performante 625Wh d\u00e8s ~899\u20ac : puissance, grande autonomie et recharge rapide pour e-bike Giant.","breadcrumb":{"@id":"https:\/\/ateliervae.fr\/?product=giant-downtube-energypak-625wh-batterie-de-velo#breadcrumb"},"inLanguage":"fr-FR","potentialAction":[{"@type":"ReadAction","target":["https:\/\/ateliervae.fr\/?product=giant-downtube-energypak-625wh-batterie-de-velo"]}]},{"@type":"ImageObject","inLanguage":"fr-FR","@id":"https:\/\/ateliervae.fr\/?product=giant-downtube-energypak-625wh-batterie-de-velo#primaryimage","url":"https:\/\/ateliervae.fr\/wp-content\/uploads\/2026\/04\/giant-energypak-625wh.png","contentUrl":"https:\/\/ateliervae.fr\/wp-content\/uploads\/2026\/04\/giant-energypak-625wh.png","width":360,"height":360,"caption":"batterie v\u00e9lo \u00e9lectrique autonomie performante"},{"@type":"BreadcrumbList","@id":"https:\/\/ateliervae.fr\/?product=giant-downtube-energypak-625wh-batterie-de-velo#breadcrumb","itemListElement":[{"@type":"ListItem","position":1,"name":"Home","item":"https:\/\/ateliervae.fr\/"},{"@type":"ListItem","position":2,"name":"Produits","item":"https:\/\/ateliervae.fr\/shop\/"},{"@type":"ListItem","position":3,"name":"Batterie pour velos Giant Downtube Energypak 17,4 Ah \/ 625 Wh"}]},{"@type":"WebSite","@id":"https:\/\/ateliervae.fr\/#website","url":"https:\/\/ateliervae.fr\/","name":"ateliervae.fr","description":"L\u2019\u00e9nergie au c\u0153ur de vos trajets","publisher":{"@id":"https:\/\/ateliervae.fr\/#organization"},"potentialAction":[{"@type":"SearchAction","target":{"@type":"EntryPoint","urlTemplate":"https:\/\/ateliervae.fr\/?s={search_term_string}"},"query-input":{"@type":"PropertyValueSpecification","valueRequired":true,"valueName":"search_term_string"}}],"inLanguage":"fr-FR"},{"@type":"Organization","@id":"https:\/\/ateliervae.fr\/#organization","name":"ateliervae.fr","url":"https:\/\/ateliervae.fr\/","logo":{"@type":"ImageObject","inLanguage":"fr-FR","@id":"https:\/\/ateliervae.fr\/#\/schema\/logo\/image\/","url":"https:\/\/ateliervae.fr\/wp-content\/uploads\/2026\/04\/ChatGPT-Image-6-avr.-2026-11_58_22.png","contentUrl":"https:\/\/ateliervae.fr\/wp-content\/uploads\/2026\/04\/ChatGPT-Image-6-avr.-2026-11_58_22.png","width":1536,"height":1024,"caption":"ateliervae.fr"},"image":{"@id":"https:\/\/ateliervae.fr\/#\/schema\/logo\/image\/"}}]}},"_links":{"self":[{"href":"https:\/\/ateliervae.fr\/index.php?rest_route=\/wp\/v2\/product\/27971","targetHints":{"allow":["GET"]}}],"collection":[{"href":"https:\/\/ateliervae.fr\/index.php?rest_route=\/wp\/v2\/product"}],"about":[{"href":"https:\/\/ateliervae.fr\/index.php?rest_route=\/wp\/v2\/types\/product"}],"replies":[{"embeddable":true,"href":"https:\/\/ateliervae.fr\/index.php?rest_route=%2Fwp%2Fv2%2Fcomments&post=27971"}],"version-history":[{"count":2,"href":"https:\/\/ateliervae.fr\/index.php?rest_route=\/wp\/v2\/product\/27971\/revisions"}],"predecessor-version":[{"id":28003,"href":"https:\/\/ateliervae.fr\/index.php?rest_route=\/wp\/v2\/product\/27971\/revisions\/28003"}],"wp:featuredmedia":[{"embeddable":true,"href":"https:\/\/ateliervae.fr\/index.php?rest_route=\/wp\/v2\/media\/27970"}],"wp:attachment":[{"href":"https:\/\/ateliervae.fr\/index.php?rest_route=%2Fwp%2Fv2%2Fmedia&parent=27971"}],"wp:term":[{"taxonomy":"product_brand","embeddable":true,"href":"https:\/\/ateliervae.fr\/index.php?rest_route=%2Fwp%2Fv2%2Fproduct_brand&post=27971"},{"taxonomy":"product_cat","embeddable":true,"href":"https:\/\/ateliervae.fr\/index.php?rest_route=%2Fwp%2Fv2%2Fproduct_cat&post=27971"},{"taxonomy":"product_tag","embeddable":true,"href":"https:\/\/ateliervae.fr\/index.php?rest_route=%2Fwp%2Fv2%2Fproduct_tag&post=27971"}],"curies":[{"name":"wp","href":"https:\/\/api.w.org\/{rel}","templated":true}]}}