{"id":27946,"date":"2026-04-21T15:34:18","date_gmt":"2026-04-21T15:34:18","guid":{"rendered":"https:\/\/ateliervae.fr\/?product=giant-energypak-500-36v-15-6ah-batterie-velo-compatible"},"modified":"2026-04-22T10:43:07","modified_gmt":"2026-04-22T10:43:07","slug":"giant-energypak-500-36v-15-6ah-batterie-velo-compatible","status":"publish","type":"product","link":"https:\/\/ateliervae.fr\/?product=giant-energypak-500-36v-15-6ah-batterie-velo-compatible","title":{"rendered":"Batterie pour velos Giant Energypak 500 36V 15.6Ah \u2248500Wh"},"content":{"rendered":"<h2 data-section-id=\"10qs832\" data-start=\"211\" data-end=\"246\">Description d\u00e9taill\u00e9e du produit<\/h2>\n<p data-start=\"248\" data-end=\"558\">La <strong data-start=\"251\" data-end=\"305\">batterie pour v\u00e9los Giant Energypak 500 36V 15.6Ah<\/strong> est une solution haut de gamme con\u00e7ue pour offrir puissance, autonomie et fiabilit\u00e9 aux utilisateurs exigeants. Gr\u00e2ce \u00e0 sa technologie <a href=\"https:\/\/ateliervae.fr\/?product=giant-energypak-400wh-36v-11-4ah-canbus-3-broches-batterie-de-velo\"><strong data-start=\"441\" data-end=\"472\">batterie lithium-ion e-bike<\/strong><\/a>, la <strong data-start=\"603\" data-end=\"650\">batterie 36V v\u00e9lo \u00e9lectrique haute capacit\u00e9<\/strong> garantit une excellente densit\u00e9 \u00e9nerg\u00e9tique tout en restant compacte et l\u00e9g\u00e8re.<\/p>\n<p data-start=\"560\" data-end=\"955\">Adapt\u00e9e aux v\u00e9los \u00e9lectriques Giant, cette <strong data-start=\"603\" data-end=\"650\">batterie 36V v\u00e9lo \u00e9lectrique haute capacit\u00e9<\/strong> est id\u00e9ale pour les trajets quotidiens en ville, les longues randonn\u00e9es ou les parcours VTT exigeants. Avec une capacit\u00e9 de 15.6Ah (environ 500Wh), elle assure une <a href=\"https:\/\/ateliervae.fr\/?product=giant-aspiro-prime-ease-300wh-batterie-velo-electrique\"><strong data-start=\"815\" data-end=\"853\">autonomie batterie v\u00e9lo \u00e9lectrique<\/strong><\/a> pouvant atteindre jusqu\u2019\u00e0 120 km selon le mode d\u2019assistance, le terrain et le poids de l\u2019utilisateur.<\/p>\n<p data-start=\"957\" data-end=\"1225\">Sa conception robuste et intelligente int\u00e8gre un syst\u00e8me de gestion \u00e9lectronique (BMS) prot\u00e9geant contre les surcharges, les courts-circuits et les surchauffes. Cela garantit une <strong data-start=\"1136\" data-end=\"1177\">dur\u00e9e de vie batterie v\u00e9lo \u00e9lectrique<\/strong> optimis\u00e9e et une utilisation en toute s\u00e9curit\u00e9.<\/p>\n<p data-start=\"1227\" data-end=\"1521\">Compatible avec les moteurs Giant SyncDrive, cette batterie s\u2019int\u00e8gre parfaitement dans le cadre du v\u00e9lo pour une meilleure r\u00e9partition du poids et une esth\u00e9tique soign\u00e9e. Elle se recharge rapidement gr\u00e2ce \u00e0 un chargeur d\u00e9di\u00e9, avec un <strong data-start=\"1462\" data-end=\"1497\">temps de charge batterie e-bike<\/strong> d\u2019environ 4 \u00e0 5 heures.<\/p>\n<h3 data-section-id=\"1p08jyr\" data-start=\"1523\" data-end=\"1549\">Avantages principaux :<\/h3>\n<ul data-start=\"1550\" data-end=\"1763\">\n<li data-section-id=\"155pyz6\" data-start=\"1550\" data-end=\"1597\">Excellente autonomie pour les longs trajets<\/li>\n<li data-section-id=\"1qerxjh\" data-start=\"1598\" data-end=\"1647\">Technologie lithium-ion fiable et performante<\/li>\n<li data-section-id=\"1t901lj\" data-start=\"1648\" data-end=\"1679\">Recharge rapide et efficace<\/li>\n<li data-section-id=\"hbovuk\" data-start=\"1680\" data-end=\"1723\">Compatible avec plusieurs mod\u00e8les Giant<\/li>\n<li data-section-id=\"7eigfi\" data-start=\"1724\" data-end=\"1763\">Id\u00e9ale pour usage urbain et sportif<\/li>\n<\/ul>\n<div><\/div>\n<h2 data-section-id=\"t5bigv\" data-start=\"1962\" data-end=\"1990\">Tableau technique complet<\/h2>\n<div class=\"TyagGW_tableContainer\">\n<div class=\"group TyagGW_tableWrapper flex flex-col-reverse w-fit\" tabindex=\"-1\">\n<table class=\"w-fit min-w-(--thread-content-width)\" data-start=\"1992\" data-end=\"2546\">\n<thead data-start=\"1992\" data-end=\"2020\">\n<tr data-start=\"1992\" data-end=\"2020\">\n<th class=\"\" data-start=\"1992\" data-end=\"2010\" data-col-size=\"sm\">Caract\u00e9ristique<\/th>\n<th class=\"\" data-start=\"2010\" data-end=\"2020\" data-col-size=\"sm\">D\u00e9tail<\/th>\n<\/tr>\n<\/thead>\n<tbody data-start=\"2049\" data-end=\"2546\">\n<tr data-start=\"2049\" data-end=\"2093\">\n<td data-start=\"2049\" data-end=\"2068\" data-col-size=\"sm\">Type de batterie<\/td>\n<td data-start=\"2068\" data-end=\"2093\" data-col-size=\"sm\">Batterie rechargeable<\/td>\n<\/tr>\n<tr data-start=\"2094\" data-end=\"2123\">\n<td data-start=\"2094\" data-end=\"2108\" data-col-size=\"sm\">Technologie<\/td>\n<td data-start=\"2108\" data-end=\"2123\" data-col-size=\"sm\">Lithium-ion<\/td>\n<\/tr>\n<tr data-start=\"2124\" data-end=\"2141\">\n<td data-start=\"2124\" data-end=\"2134\" data-col-size=\"sm\">Voltage<\/td>\n<td data-start=\"2134\" data-end=\"2141\" data-col-size=\"sm\">36V<\/td>\n<\/tr>\n<tr data-start=\"2142\" data-end=\"2172\">\n<td data-start=\"2142\" data-end=\"2153\" data-col-size=\"sm\">Capacit\u00e9<\/td>\n<td data-start=\"2153\" data-end=\"2172\" data-col-size=\"sm\">15.6Ah (\u2248500Wh)<\/td>\n<\/tr>\n<tr data-start=\"2173\" data-end=\"2208\">\n<td data-start=\"2173\" data-end=\"2193\" data-col-size=\"sm\">Autonomie estim\u00e9e<\/td>\n<td data-start=\"2193\" data-end=\"2208\" data-col-size=\"sm\">70 \u00e0 120 km<\/td>\n<\/tr>\n<tr data-start=\"2209\" data-end=\"2243\">\n<td data-start=\"2209\" data-end=\"2227\" data-col-size=\"sm\">Temps de charge<\/td>\n<td data-start=\"2227\" data-end=\"2243\" data-col-size=\"sm\">4 \u00e0 5 heures<\/td>\n<\/tr>\n<tr data-start=\"2244\" data-end=\"2280\">\n<td data-start=\"2244\" data-end=\"2259\" data-col-size=\"sm\">Dur\u00e9e de vie<\/td>\n<td data-start=\"2259\" data-end=\"2280\" data-col-size=\"sm\">800 \u00e0 1000 cycles<\/td>\n<\/tr>\n<tr data-start=\"2281\" data-end=\"2333\">\n<td data-start=\"2281\" data-end=\"2297\" data-col-size=\"sm\">Compatibilit\u00e9<\/td>\n<td data-start=\"2297\" data-end=\"2333\" data-col-size=\"sm\">V\u00e9lo Giant Energypak \/ SyncDrive<\/td>\n<\/tr>\n<tr data-start=\"2334\" data-end=\"2376\">\n<td data-start=\"2334\" data-end=\"2356\" data-col-size=\"sm\">Syst\u00e8me de fixation<\/td>\n<td data-start=\"2356\" data-end=\"2376\" data-col-size=\"sm\">Int\u00e9gr\u00e9 au cadre<\/td>\n<\/tr>\n<tr data-start=\"2377\" data-end=\"2401\">\n<td data-start=\"2377\" data-end=\"2385\" data-col-size=\"sm\">Poids<\/td>\n<td data-start=\"2385\" data-end=\"2401\" data-col-size=\"sm\">Environ 3 kg<\/td>\n<\/tr>\n<tr data-start=\"2402\" data-end=\"2433\">\n<td data-start=\"2402\" data-end=\"2416\" data-col-size=\"sm\">Emplacement<\/td>\n<td data-start=\"2416\" data-end=\"2433\" data-col-size=\"sm\">Tube diagonal<\/td>\n<\/tr>\n<tr data-start=\"2434\" data-end=\"2460\">\n<td data-start=\"2434\" data-end=\"2445\" data-col-size=\"sm\">S\u00e9curit\u00e9<\/td>\n<td data-start=\"2445\" data-end=\"2460\" data-col-size=\"sm\">BMS int\u00e9gr\u00e9<\/td>\n<\/tr>\n<tr data-start=\"2461\" data-end=\"2505\">\n<td data-start=\"2461\" data-end=\"2489\" data-col-size=\"sm\">Temp\u00e9rature d\u2019utilisation<\/td>\n<td data-start=\"2489\" data-end=\"2505\" data-col-size=\"sm\">-10\u00b0C \u00e0 45\u00b0C<\/td>\n<\/tr>\n<tr data-start=\"2506\" data-end=\"2546\">\n<td data-start=\"2506\" data-end=\"2522\" data-col-size=\"sm\">Ann\u00e9e \/ gamme<\/td>\n<td data-start=\"2522\" data-end=\"2546\" data-col-size=\"sm\">Gamme moderne e-bike<\/td>\n<\/tr>\n<\/tbody>\n<\/table>\n<\/div>\n<\/div>\n<div><\/div>\n<h2 data-section-id=\"1mu3gfr\" data-start=\"2652\" data-end=\"2673\">Tableau comparatif<\/h2>\n<div class=\"TyagGW_tableContainer\">\n<div class=\"group TyagGW_tableWrapper flex flex-col-reverse w-fit\" tabindex=\"-1\">\n<table class=\"w-fit min-w-(--thread-content-width)\" data-start=\"2675\" data-end=\"3154\">\n<thead data-start=\"2675\" data-end=\"2772\">\n<tr data-start=\"2675\" data-end=\"2772\">\n<th class=\"\" data-start=\"2675\" data-end=\"2684\" data-col-size=\"sm\">Mod\u00e8le<\/th>\n<th class=\"\" data-start=\"2684\" data-end=\"2703\" data-col-size=\"sm\">Type de batterie<\/th>\n<th class=\"\" data-start=\"2703\" data-end=\"2724\" data-col-size=\"sm\">Voltage \/ Capacit\u00e9<\/th>\n<th class=\"\" data-start=\"2724\" data-end=\"2736\" data-col-size=\"sm\">Autonomie<\/th>\n<th class=\"\" data-start=\"2736\" data-end=\"2752\" data-col-size=\"sm\">Compatibilit\u00e9<\/th>\n<th class=\"\" data-start=\"2752\" data-end=\"2760\" data-col-size=\"sm\">Poids<\/th>\n<th class=\"\" data-start=\"2760\" data-end=\"2772\" data-col-size=\"sm\">Prix TTC<\/th>\n<\/tr>\n<\/thead>\n<tbody data-start=\"2872\" data-end=\"3154\">\n<tr data-start=\"2872\" data-end=\"2965\">\n<td data-start=\"2872\" data-end=\"2894\" data-col-size=\"sm\">Giant Energypak 500<\/td>\n<td data-start=\"2894\" data-end=\"2908\" data-col-size=\"sm\">Lithium-ion<\/td>\n<td data-start=\"2908\" data-end=\"2923\" data-col-size=\"sm\">36V \/ 15.6Ah<\/td>\n<td data-start=\"2923\" data-end=\"2932\" data-col-size=\"sm\">120 km<\/td>\n<td data-start=\"2932\" data-end=\"2950\" data-col-size=\"sm\">Giant SyncDrive<\/td>\n<td data-start=\"2950\" data-end=\"2957\" data-col-size=\"sm\">3 kg<\/td>\n<td data-start=\"2957\" data-end=\"2965\" data-col-size=\"sm\">599\u20ac<\/td>\n<\/tr>\n<tr data-start=\"2966\" data-end=\"3059\">\n<td data-start=\"2966\" data-end=\"2988\" data-col-size=\"sm\"><a href=\"https:\/\/ateliervae.fr\/?product=bosch-powerpack-500-classic-batterie-de-remplacement\">Bosch PowerPack 500<\/a><\/td>\n<td data-start=\"2988\" data-end=\"3002\" data-col-size=\"sm\">Lithium-ion<\/td>\n<td data-start=\"3002\" data-end=\"3017\" data-col-size=\"sm\">36V \/ 13.4Ah<\/td>\n<td data-start=\"3017\" data-end=\"3026\" data-col-size=\"sm\">110 km<\/td>\n<td data-start=\"3026\" data-end=\"3042\" data-col-size=\"sm\">Bosch moteurs<\/td>\n<td data-start=\"3042\" data-end=\"3051\" data-col-size=\"sm\">2.7 kg<\/td>\n<td data-start=\"3051\" data-end=\"3059\" data-col-size=\"sm\">649\u20ac<\/td>\n<\/tr>\n<tr data-start=\"3060\" data-end=\"3154\">\n<td data-start=\"3060\" data-end=\"3081\" data-col-size=\"sm\"><a href=\"https:\/\/ateliervae.fr\/?product=panasonic-premium-26v-16ah\">Panasonic 36V 16Ah<\/a><\/td>\n<td data-start=\"3081\" data-end=\"3095\" data-col-size=\"sm\">Lithium-ion<\/td>\n<td data-start=\"3095\" data-end=\"3108\" data-col-size=\"sm\">36V \/ 16Ah<\/td>\n<td data-start=\"3108\" data-end=\"3117\" data-col-size=\"sm\">130 km<\/td>\n<td data-start=\"3117\" data-end=\"3137\" data-col-size=\"sm\">Panasonic syst\u00e8me<\/td>\n<td data-start=\"3137\" data-end=\"3146\" data-col-size=\"sm\">3.2 kg<\/td>\n<td data-start=\"3146\" data-end=\"3154\" data-col-size=\"sm\">629\u20ac<\/td>\n<\/tr>\n<\/tbody>\n<\/table>\n<\/div>\n<\/div>\n<div><\/div>\n<div><\/div>\n<h2 data-section-id=\"105r1gu\" data-start=\"3360\" data-end=\"3392\">Conclusion<\/h2>\n<p data-start=\"3394\" data-end=\"3760\">La <strong data-start=\"3397\" data-end=\"3461\">batterie pour v\u00e9lo \u00e9lectrique Giant Energypak 500 36V 15.6Ah<\/strong> s\u2019impose comme un choix incontournable pour tous ceux qui recherchent une <strong data-start=\"3536\" data-end=\"3584\">batterie lithium v\u00e9lo \u00e9lectrique performante<\/strong>, durable et s\u00e9curis\u00e9e. Sa grande autonomie, sa compatibilit\u00e9 parfaite avec les v\u00e9los Giant et sa fiabilit\u00e9 en font un investissement judicieux pour am\u00e9liorer vos d\u00e9placements.<\/p>\n<p data-start=\"3762\" data-end=\"3916\">Que vous soyez un utilisateur urbain ou amateur de longues balades, cette <strong data-start=\"3836\" data-end=\"3877\">batterie rechargeable v\u00e9lo \u00e9lectrique<\/strong> vous garantit une exp\u00e9rience optimale.<\/p>\n<p data-start=\"3918\" data-end=\"4000\">\n<h2 data-section-id=\"1hryhf7\" data-start=\"4007\" data-end=\"4013\">FAQ<\/h2>\n<p data-start=\"4015\" data-end=\"4125\"><strong data-start=\"4015\" data-end=\"4057\">Quelle autonomie pour cette batterie ?<\/strong><br data-start=\"4057\" data-end=\"4060\" \/>Elle offre entre 70 et 120 km selon les conditions d\u2019utilisation.<\/p>\n<p data-start=\"4127\" data-end=\"4237\"><strong data-start=\"4127\" data-end=\"4166\">Est-elle compatible avec mon v\u00e9lo ?<\/strong><br data-start=\"4166\" data-end=\"4169\" \/>Elle est con\u00e7ue pour les mod\u00e8les Giant \u00e9quip\u00e9s du syst\u00e8me Energypak.<\/p>\n<p data-start=\"4239\" data-end=\"4325\"><strong data-start=\"4239\" data-end=\"4276\">Combien de temps dure la charge ?<\/strong><br data-start=\"4276\" data-end=\"4279\" \/>Environ 4 \u00e0 5 heures pour une charge compl\u00e8te.<\/p>\n<p data-start=\"4327\" data-end=\"4443\"><strong data-start=\"4327\" data-end=\"4372\">Peut-on remplacer une ancienne batterie ?<\/strong><br data-start=\"4372\" data-end=\"4375\" \/>Oui, c\u2019est une excellente <strong data-start=\"4401\" data-end=\"4442\">batterie remplacement v\u00e9lo \u00e9lectrique<\/strong>.<\/p>\n<p data-start=\"4445\" data-end=\"4515\"><strong data-start=\"4445\" data-end=\"4477\">Quelle est sa dur\u00e9e de vie ?<\/strong><br data-start=\"4477\" data-end=\"4480\" \/>Entre 800 et 1000 cycles de charge.<\/p>\n<p data-start=\"4517\" data-end=\"4639\"><strong data-start=\"4517\" data-end=\"4552\">Est-ce une batterie puissante ?<\/strong><br data-start=\"4552\" data-end=\"4555\" \/>Oui, c\u2019est une <strong data-start=\"4570\" data-end=\"4608\">batterie v\u00e9lo \u00e9lectrique puissante<\/strong> adapt\u00e9e aux longues distances.<\/p>\n<p data-start=\"4641\" data-end=\"4740\"><strong data-start=\"4641\" data-end=\"4671\">Est-elle adapt\u00e9e aux VTT ?<\/strong><br data-start=\"4671\" data-end=\"4674\" \/>Oui, elle convient parfaitement comme <strong data-start=\"4712\" data-end=\"4739\">batterie VTT \u00e9lectrique<\/strong>.<\/p>\n","protected":false},"excerpt":{"rendered":"<ul data-start=\"4770\" data-end=\"5033\">\n<li data-section-id=\"17mggnm\" data-start=\"4770\" data-end=\"4835\"><span style=\"color: #99cc00;\">\ud83d\udd0b <strong data-start=\"4775\" data-end=\"4800\">Puissance &amp; autonomie<\/strong> : 36V 15.6Ah pour jusqu\u2019\u00e0 120 km<\/span><\/li>\n<li data-section-id=\"1kn7s0a\" data-start=\"4836\" data-end=\"4899\"><span style=\"color: #99cc00;\">\u26a1 <strong data-start=\"4840\" data-end=\"4866\">Technologie &amp; s\u00e9curit\u00e9<\/strong> : Lithium-ion avec BMS int\u00e9gr\u00e9<\/span><\/li>\n<li data-section-id=\"tzcsrn\" data-start=\"4900\" data-end=\"4959\"><span style=\"color: #99cc00;\">\ud83d\udd27 <strong data-start=\"4905\" data-end=\"4922\">Compatibilit\u00e9<\/strong> : V\u00e9lo Giant Energypak \/ SyncDrive<\/span><\/li>\n<li data-section-id=\"1xzgjnb\" data-start=\"4960\" data-end=\"5033\"><span style=\"color: #99cc00;\">\u2b50 <strong data-start=\"4964\" data-end=\"4983\">Atout principal<\/strong> : Batterie fiable, durable et haute performance<\/span><\/li>\n<\/ul>\n<p><strong>\ud83d\udc49 Commandez d\u00e8s maintenant et profitez d\u2019une mobilit\u00e9 \u00e9lectrique sans compromis !<\/strong><\/p>\n","protected":false},"featured_media":27945,"comment_status":"closed","ping_status":"closed","template":"","meta":[],"product_brand":[523],"product_cat":[224,212,228,113,33,115],"product_tag":[478,479],"class_list":{"0":"post-27946","1":"product","2":"type-product","3":"status-publish","4":"has-post-thumbnail","6":"product_brand-giant","7":"product_cat-15-20-ah-36v-batterie-integree","8":"product_cat-36v-batterie-integree","9":"product_cat-540-720-wh-15-20-ah-36v-batterie-integree","10":"product_cat-batterie-integree","11":"product_cat-batteries-de-velos","12":"product_cat-tube-diagonal-integre","13":"product_tag-batterie-velo-electrique","14":"product_tag-batterie-velo-fiable","16":"first","17":"instock","18":"sale","19":"shipping-taxable","20":"purchasable","21":"product-type-simple"},"yoast_head":"<!-- This site is optimized with the Yoast SEO plugin v27.5 - https:\/\/yoast.com\/product\/yoast-seo-wordpress\/ -->\n<title>Batterie pour velos Giant Energypak 500 36V 15.6Ah \u2248500Wh - ateliervae.fr<\/title>\n<meta name=\"description\" content=\"Batterie 36V v\u00e9lo \u00e9lectrique haute capacit\u00e9 \u00e0 359\u20ac \u2013 autonomie longue dur\u00e9e, performance fiable pour vos trajets urbains et VTT.\" \/>\n<meta name=\"robots\" content=\"index, follow, max-snippet:-1, max-image-preview:large, max-video-preview:-1\" \/>\n<link rel=\"canonical\" href=\"https:\/\/ateliervae.fr\/?product=giant-energypak-500-36v-15-6ah-batterie-velo-compatible\" \/>\n<meta property=\"og:locale\" content=\"fr_FR\" \/>\n<meta property=\"og:type\" content=\"article\" \/>\n<meta property=\"og:title\" content=\"Batterie pour velos Giant Energypak 500 36V 15.6Ah \u2248500Wh - ateliervae.fr\" \/>\n<meta property=\"og:description\" content=\"Batterie 36V v\u00e9lo \u00e9lectrique haute capacit\u00e9 \u00e0 359\u20ac \u2013 autonomie longue dur\u00e9e, performance fiable pour vos trajets urbains et VTT.\" \/>\n<meta property=\"og:url\" content=\"https:\/\/ateliervae.fr\/?product=giant-energypak-500-36v-15-6ah-batterie-velo-compatible\" \/>\n<meta property=\"og:site_name\" content=\"ateliervae.fr\" \/>\n<meta property=\"article:modified_time\" content=\"2026-04-22T10:43:07+00:00\" \/>\n<meta property=\"og:image\" content=\"https:\/\/ateliervae.fr\/wp-content\/uploads\/2026\/04\/ebbe.gi_.007_r035_038_1.jpg\" \/>\n\t<meta property=\"og:image:width\" content=\"360\" \/>\n\t<meta property=\"og:image:height\" content=\"360\" \/>\n\t<meta property=\"og:image:type\" content=\"image\/jpeg\" \/>\n<meta name=\"twitter:card\" content=\"summary_large_image\" \/>\n<meta name=\"twitter:label1\" content=\"Dur\u00e9e de lecture estim\u00e9e\" \/>\n\t<meta name=\"twitter:data1\" content=\"3 minutes\" \/>\n<script type=\"application\/ld+json\" class=\"yoast-schema-graph\">{\"@context\":\"https:\\\/\\\/schema.org\",\"@graph\":[{\"@type\":\"WebPage\",\"@id\":\"https:\\\/\\\/ateliervae.fr\\\/?product=giant-energypak-500-36v-15-6ah-batterie-velo-compatible\",\"url\":\"https:\\\/\\\/ateliervae.fr\\\/?product=giant-energypak-500-36v-15-6ah-batterie-velo-compatible\",\"name\":\"Batterie pour velos Giant Energypak 500 36V 15.6Ah \u2248500Wh - ateliervae.fr\",\"isPartOf\":{\"@id\":\"https:\\\/\\\/ateliervae.fr\\\/#website\"},\"primaryImageOfPage\":{\"@id\":\"https:\\\/\\\/ateliervae.fr\\\/?product=giant-energypak-500-36v-15-6ah-batterie-velo-compatible#primaryimage\"},\"image\":{\"@id\":\"https:\\\/\\\/ateliervae.fr\\\/?product=giant-energypak-500-36v-15-6ah-batterie-velo-compatible#primaryimage\"},\"thumbnailUrl\":\"https:\\\/\\\/ateliervae.fr\\\/wp-content\\\/uploads\\\/2026\\\/04\\\/ebbe.gi_.007_r035_038_1.jpg\",\"datePublished\":\"2026-04-21T15:34:18+00:00\",\"dateModified\":\"2026-04-22T10:43:07+00:00\",\"description\":\"Batterie 36V v\u00e9lo \u00e9lectrique haute capacit\u00e9 \u00e0 359\u20ac \u2013 autonomie longue dur\u00e9e, performance fiable pour vos trajets urbains et VTT.\",\"breadcrumb\":{\"@id\":\"https:\\\/\\\/ateliervae.fr\\\/?product=giant-energypak-500-36v-15-6ah-batterie-velo-compatible#breadcrumb\"},\"inLanguage\":\"fr-FR\",\"potentialAction\":[{\"@type\":\"ReadAction\",\"target\":[\"https:\\\/\\\/ateliervae.fr\\\/?product=giant-energypak-500-36v-15-6ah-batterie-velo-compatible\"]}]},{\"@type\":\"ImageObject\",\"inLanguage\":\"fr-FR\",\"@id\":\"https:\\\/\\\/ateliervae.fr\\\/?product=giant-energypak-500-36v-15-6ah-batterie-velo-compatible#primaryimage\",\"url\":\"https:\\\/\\\/ateliervae.fr\\\/wp-content\\\/uploads\\\/2026\\\/04\\\/ebbe.gi_.007_r035_038_1.jpg\",\"contentUrl\":\"https:\\\/\\\/ateliervae.fr\\\/wp-content\\\/uploads\\\/2026\\\/04\\\/ebbe.gi_.007_r035_038_1.jpg\",\"width\":360,\"height\":360,\"caption\":\"batterie 36V v\u00e9lo \u00e9lectrique haute capacit\u00e9\"},{\"@type\":\"BreadcrumbList\",\"@id\":\"https:\\\/\\\/ateliervae.fr\\\/?product=giant-energypak-500-36v-15-6ah-batterie-velo-compatible#breadcrumb\",\"itemListElement\":[{\"@type\":\"ListItem\",\"position\":1,\"name\":\"Home\",\"item\":\"https:\\\/\\\/ateliervae.fr\\\/\"},{\"@type\":\"ListItem\",\"position\":2,\"name\":\"Produits\",\"item\":\"https:\\\/\\\/ateliervae.fr\\\/shop\\\/\"},{\"@type\":\"ListItem\",\"position\":3,\"name\":\"Batterie pour velos Giant Energypak 500 36V 15.6Ah \u2248500Wh\"}]},{\"@type\":\"WebSite\",\"@id\":\"https:\\\/\\\/ateliervae.fr\\\/#website\",\"url\":\"https:\\\/\\\/ateliervae.fr\\\/\",\"name\":\"ateliervae.fr\",\"description\":\"L\u2019\u00e9nergie au c\u0153ur de vos trajets\",\"publisher\":{\"@id\":\"https:\\\/\\\/ateliervae.fr\\\/#organization\"},\"potentialAction\":[{\"@type\":\"SearchAction\",\"target\":{\"@type\":\"EntryPoint\",\"urlTemplate\":\"https:\\\/\\\/ateliervae.fr\\\/?s={search_term_string}\"},\"query-input\":{\"@type\":\"PropertyValueSpecification\",\"valueRequired\":true,\"valueName\":\"search_term_string\"}}],\"inLanguage\":\"fr-FR\"},{\"@type\":\"Organization\",\"@id\":\"https:\\\/\\\/ateliervae.fr\\\/#organization\",\"name\":\"ateliervae.fr\",\"url\":\"https:\\\/\\\/ateliervae.fr\\\/\",\"logo\":{\"@type\":\"ImageObject\",\"inLanguage\":\"fr-FR\",\"@id\":\"https:\\\/\\\/ateliervae.fr\\\/#\\\/schema\\\/logo\\\/image\\\/\",\"url\":\"https:\\\/\\\/ateliervae.fr\\\/wp-content\\\/uploads\\\/2026\\\/04\\\/ChatGPT-Image-6-avr.-2026-11_58_22.png\",\"contentUrl\":\"https:\\\/\\\/ateliervae.fr\\\/wp-content\\\/uploads\\\/2026\\\/04\\\/ChatGPT-Image-6-avr.-2026-11_58_22.png\",\"width\":1536,\"height\":1024,\"caption\":\"ateliervae.fr\"},\"image\":{\"@id\":\"https:\\\/\\\/ateliervae.fr\\\/#\\\/schema\\\/logo\\\/image\\\/\"}}]}<\/script>\n<!-- \/ Yoast SEO plugin. -->","yoast_head_json":{"title":"Batterie pour velos Giant Energypak 500 36V 15.6Ah \u2248500Wh - ateliervae.fr","description":"Batterie 36V v\u00e9lo \u00e9lectrique haute capacit\u00e9 \u00e0 359\u20ac \u2013 autonomie longue dur\u00e9e, performance fiable pour vos trajets urbains et VTT.","robots":{"index":"index","follow":"follow","max-snippet":"max-snippet:-1","max-image-preview":"max-image-preview:large","max-video-preview":"max-video-preview:-1"},"canonical":"https:\/\/ateliervae.fr\/?product=giant-energypak-500-36v-15-6ah-batterie-velo-compatible","og_locale":"fr_FR","og_type":"article","og_title":"Batterie pour velos Giant Energypak 500 36V 15.6Ah \u2248500Wh - ateliervae.fr","og_description":"Batterie 36V v\u00e9lo \u00e9lectrique haute capacit\u00e9 \u00e0 359\u20ac \u2013 autonomie longue dur\u00e9e, performance fiable pour vos trajets urbains et VTT.","og_url":"https:\/\/ateliervae.fr\/?product=giant-energypak-500-36v-15-6ah-batterie-velo-compatible","og_site_name":"ateliervae.fr","article_modified_time":"2026-04-22T10:43:07+00:00","og_image":[{"width":360,"height":360,"url":"https:\/\/ateliervae.fr\/wp-content\/uploads\/2026\/04\/ebbe.gi_.007_r035_038_1.jpg","type":"image\/jpeg"}],"twitter_card":"summary_large_image","twitter_misc":{"Dur\u00e9e de lecture estim\u00e9e":"3 minutes"},"schema":{"@context":"https:\/\/schema.org","@graph":[{"@type":"WebPage","@id":"https:\/\/ateliervae.fr\/?product=giant-energypak-500-36v-15-6ah-batterie-velo-compatible","url":"https:\/\/ateliervae.fr\/?product=giant-energypak-500-36v-15-6ah-batterie-velo-compatible","name":"Batterie pour velos Giant Energypak 500 36V 15.6Ah \u2248500Wh - ateliervae.fr","isPartOf":{"@id":"https:\/\/ateliervae.fr\/#website"},"primaryImageOfPage":{"@id":"https:\/\/ateliervae.fr\/?product=giant-energypak-500-36v-15-6ah-batterie-velo-compatible#primaryimage"},"image":{"@id":"https:\/\/ateliervae.fr\/?product=giant-energypak-500-36v-15-6ah-batterie-velo-compatible#primaryimage"},"thumbnailUrl":"https:\/\/ateliervae.fr\/wp-content\/uploads\/2026\/04\/ebbe.gi_.007_r035_038_1.jpg","datePublished":"2026-04-21T15:34:18+00:00","dateModified":"2026-04-22T10:43:07+00:00","description":"Batterie 36V v\u00e9lo \u00e9lectrique haute capacit\u00e9 \u00e0 359\u20ac \u2013 autonomie longue dur\u00e9e, performance fiable pour vos trajets urbains et VTT.","breadcrumb":{"@id":"https:\/\/ateliervae.fr\/?product=giant-energypak-500-36v-15-6ah-batterie-velo-compatible#breadcrumb"},"inLanguage":"fr-FR","potentialAction":[{"@type":"ReadAction","target":["https:\/\/ateliervae.fr\/?product=giant-energypak-500-36v-15-6ah-batterie-velo-compatible"]}]},{"@type":"ImageObject","inLanguage":"fr-FR","@id":"https:\/\/ateliervae.fr\/?product=giant-energypak-500-36v-15-6ah-batterie-velo-compatible#primaryimage","url":"https:\/\/ateliervae.fr\/wp-content\/uploads\/2026\/04\/ebbe.gi_.007_r035_038_1.jpg","contentUrl":"https:\/\/ateliervae.fr\/wp-content\/uploads\/2026\/04\/ebbe.gi_.007_r035_038_1.jpg","width":360,"height":360,"caption":"batterie 36V v\u00e9lo \u00e9lectrique haute capacit\u00e9"},{"@type":"BreadcrumbList","@id":"https:\/\/ateliervae.fr\/?product=giant-energypak-500-36v-15-6ah-batterie-velo-compatible#breadcrumb","itemListElement":[{"@type":"ListItem","position":1,"name":"Home","item":"https:\/\/ateliervae.fr\/"},{"@type":"ListItem","position":2,"name":"Produits","item":"https:\/\/ateliervae.fr\/shop\/"},{"@type":"ListItem","position":3,"name":"Batterie pour velos Giant Energypak 500 36V 15.6Ah \u2248500Wh"}]},{"@type":"WebSite","@id":"https:\/\/ateliervae.fr\/#website","url":"https:\/\/ateliervae.fr\/","name":"ateliervae.fr","description":"L\u2019\u00e9nergie au c\u0153ur de vos trajets","publisher":{"@id":"https:\/\/ateliervae.fr\/#organization"},"potentialAction":[{"@type":"SearchAction","target":{"@type":"EntryPoint","urlTemplate":"https:\/\/ateliervae.fr\/?s={search_term_string}"},"query-input":{"@type":"PropertyValueSpecification","valueRequired":true,"valueName":"search_term_string"}}],"inLanguage":"fr-FR"},{"@type":"Organization","@id":"https:\/\/ateliervae.fr\/#organization","name":"ateliervae.fr","url":"https:\/\/ateliervae.fr\/","logo":{"@type":"ImageObject","inLanguage":"fr-FR","@id":"https:\/\/ateliervae.fr\/#\/schema\/logo\/image\/","url":"https:\/\/ateliervae.fr\/wp-content\/uploads\/2026\/04\/ChatGPT-Image-6-avr.-2026-11_58_22.png","contentUrl":"https:\/\/ateliervae.fr\/wp-content\/uploads\/2026\/04\/ChatGPT-Image-6-avr.-2026-11_58_22.png","width":1536,"height":1024,"caption":"ateliervae.fr"},"image":{"@id":"https:\/\/ateliervae.fr\/#\/schema\/logo\/image\/"}}]}},"_links":{"self":[{"href":"https:\/\/ateliervae.fr\/index.php?rest_route=\/wp\/v2\/product\/27946","targetHints":{"allow":["GET"]}}],"collection":[{"href":"https:\/\/ateliervae.fr\/index.php?rest_route=\/wp\/v2\/product"}],"about":[{"href":"https:\/\/ateliervae.fr\/index.php?rest_route=\/wp\/v2\/types\/product"}],"replies":[{"embeddable":true,"href":"https:\/\/ateliervae.fr\/index.php?rest_route=%2Fwp%2Fv2%2Fcomments&post=27946"}],"version-history":[{"count":2,"href":"https:\/\/ateliervae.fr\/index.php?rest_route=\/wp\/v2\/product\/27946\/revisions"}],"predecessor-version":[{"id":28024,"href":"https:\/\/ateliervae.fr\/index.php?rest_route=\/wp\/v2\/product\/27946\/revisions\/28024"}],"wp:featuredmedia":[{"embeddable":true,"href":"https:\/\/ateliervae.fr\/index.php?rest_route=\/wp\/v2\/media\/27945"}],"wp:attachment":[{"href":"https:\/\/ateliervae.fr\/index.php?rest_route=%2Fwp%2Fv2%2Fmedia&parent=27946"}],"wp:term":[{"taxonomy":"product_brand","embeddable":true,"href":"https:\/\/ateliervae.fr\/index.php?rest_route=%2Fwp%2Fv2%2Fproduct_brand&post=27946"},{"taxonomy":"product_cat","embeddable":true,"href":"https:\/\/ateliervae.fr\/index.php?rest_route=%2Fwp%2Fv2%2Fproduct_cat&post=27946"},{"taxonomy":"product_tag","embeddable":true,"href":"https:\/\/ateliervae.fr\/index.php?rest_route=%2Fwp%2Fv2%2Fproduct_tag&post=27946"}],"curies":[{"name":"wp","href":"https:\/\/api.w.org\/{rel}","templated":true}]}}