{"id":27899,"date":"2026-04-21T13:46:03","date_gmt":"2026-04-21T13:46:03","guid":{"rendered":"https:\/\/ateliervae.fr\/?product=yamaha-simplo-batterie-intube-pw-st-630wh-compatible"},"modified":"2026-04-21T15:03:06","modified_gmt":"2026-04-21T15:03:06","slug":"yamaha-simplo-batterie-intube-pw-st-630wh-compatible","status":"publish","type":"product","link":"https:\/\/ateliervae.fr\/?product=yamaha-simplo-batterie-intube-pw-st-630wh-compatible","title":{"rendered":"Batterie pour velos Yamaha SIMPLO Batterie InTube | PW-ST |630Wh \/ ~17.5Ah | Compatible"},"content":{"rendered":"<h2 data-section-id=\"cbnwj5\" data-start=\"239\" data-end=\"277\">1. Description d\u00e9taill\u00e9e du produit<\/h2>\n<p data-start=\"279\" data-end=\"596\">La <strong data-start=\"282\" data-end=\"338\">batterie pour v\u00e9los Yamaha SIMPLO InTube PW-ST 630Wh<\/strong> est une solution haut de gamme con\u00e7ue pour offrir une <strong data-start=\"393\" data-end=\"430\">batterie v\u00e9lo Puissante autonomie<\/strong> et une excellente fiabilit\u00e9 sur tous types de trajets. Elle utilise une technologie <strong data-start=\"515\" data-end=\"538\">Lithium-ion moderne<\/strong>, reconnue pour sa stabilit\u00e9, sa s\u00e9curit\u00e9 et sa long\u00e9vit\u00e9.<\/p>\n<p data-start=\"598\" data-end=\"915\">Cette batterie est sp\u00e9cialement d\u00e9velopp\u00e9e pour les syst\u00e8mes <strong data-start=\"659\" data-end=\"675\">Yamaha PW-ST<\/strong>, assurant une compatibilit\u00e9 parfaite avec les v\u00e9los \u00e9lectriques de la marque \u00e9quip\u00e9s de motorisations performantes. Elle s\u2019int\u00e8gre directement dans le cadre (syst\u00e8me InTube), la <strong data-start=\"393\" data-end=\"430\">batterie v\u00e9lo Puissante autonomie<\/strong> un design discret et une meilleure r\u00e9partition du poids.<\/p>\n<p data-start=\"917\" data-end=\"950\">Elle convient parfaitement pour :<\/p>\n<ul data-start=\"951\" data-end=\"1064\">\n<li data-section-id=\"1k1pa7d\" data-start=\"951\" data-end=\"978\">V\u00e9los \u00e9lectriques urbains<\/li>\n<li data-section-id=\"1wnlzzm\" data-start=\"979\" data-end=\"1004\">VTT \u00e9lectriques (e-MTB)<\/li>\n<li data-section-id=\"1e72dco\" data-start=\"1005\" data-end=\"1033\">Randonn\u00e9es longue distance<\/li>\n<li data-section-id=\"8zcrhv\" data-start=\"1034\" data-end=\"1064\">Trajets quotidiens intensifs<\/li>\n<\/ul>\n<p data-start=\"1066\" data-end=\"1195\">Gr\u00e2ce \u00e0 sa capacit\u00e9 de 630Wh, elle permet une <strong data-start=\"1112\" data-end=\"1150\">autonomie batterie v\u00e9lo \u00e9lectrique<\/strong> \u00e9lev\u00e9e, id\u00e9ale pour les cyclistes exigeants.<\/p>\n<h3 data-section-id=\"1vd5vdx\" data-start=\"1197\" data-end=\"1226\">\ud83d\udd0b Avantages principaux :<\/h3>\n<ul data-start=\"1227\" data-end=\"1448\">\n<li data-section-id=\"19wu5vg\" data-start=\"1227\" data-end=\"1276\">Excellente autonomie jusqu\u2019\u00e0 120 km selon usage<\/li>\n<li data-section-id=\"nzbslr\" data-start=\"1277\" data-end=\"1318\">Technologie lithium fiable et s\u00e9curis\u00e9e<\/li>\n<li data-section-id=\"15w3yl1\" data-start=\"1319\" data-end=\"1356\">Int\u00e9gration cadre InTube esth\u00e9tique<\/li>\n<li data-section-id=\"ff5g3j\" data-start=\"1357\" data-end=\"1395\">Compatibilit\u00e9 Yamaha PW-ST optimis\u00e9e<\/li>\n<li data-section-id=\"b8pxx6\" data-start=\"1396\" data-end=\"1448\">Dur\u00e9e de vie \u00e9lev\u00e9e et cycles de charge importants<\/li>\n<\/ul>\n<h2 data-section-id=\"19oqy77\" data-start=\"1678\" data-end=\"1709\">2. Tableau technique complet<\/h2>\n<div class=\"TyagGW_tableContainer\">\n<div class=\"group TyagGW_tableWrapper flex flex-col-reverse w-fit\" tabindex=\"-1\">\n<table class=\"w-fit min-w-(--thread-content-width)\" data-start=\"1711\" data-end=\"2294\">\n<thead data-start=\"1711\" data-end=\"1739\">\n<tr data-start=\"1711\" data-end=\"1739\">\n<th class=\"\" data-start=\"1711\" data-end=\"1729\" data-col-size=\"sm\">Caract\u00e9ristique<\/th>\n<th class=\"\" data-start=\"1729\" data-end=\"1739\" data-col-size=\"sm\">D\u00e9tail<\/th>\n<\/tr>\n<\/thead>\n<tbody data-start=\"1768\" data-end=\"2294\">\n<tr data-start=\"1768\" data-end=\"1802\">\n<td data-start=\"1768\" data-end=\"1787\" data-col-size=\"sm\">Type de batterie<\/td>\n<td data-start=\"1787\" data-end=\"1802\" data-col-size=\"sm\">Lithium-ion<\/td>\n<\/tr>\n<tr data-start=\"1803\" data-end=\"1841\">\n<td data-start=\"1803\" data-end=\"1817\" data-col-size=\"sm\">Technologie<\/td>\n<td data-start=\"1817\" data-end=\"1841\" data-col-size=\"sm\">Li-ion haute densit\u00e9<\/td>\n<\/tr>\n<tr data-start=\"1842\" data-end=\"1859\">\n<td data-start=\"1842\" data-end=\"1852\" data-col-size=\"sm\">Voltage<\/td>\n<td data-start=\"1852\" data-end=\"1859\" data-col-size=\"sm\">36V<\/td>\n<\/tr>\n<tr data-start=\"1860\" data-end=\"1890\">\n<td data-start=\"1860\" data-end=\"1871\" data-col-size=\"sm\">Capacit\u00e9<\/td>\n<td data-start=\"1871\" data-end=\"1890\" data-col-size=\"sm\">630Wh \/ ~17.5Ah<\/td>\n<\/tr>\n<tr data-start=\"1891\" data-end=\"1926\">\n<td data-start=\"1891\" data-end=\"1911\" data-col-size=\"sm\">Autonomie estim\u00e9e<\/td>\n<td data-start=\"1911\" data-end=\"1926\" data-col-size=\"sm\">80 \u00e0 120 km<\/td>\n<\/tr>\n<tr data-start=\"1927\" data-end=\"1961\">\n<td data-start=\"1927\" data-end=\"1945\" data-col-size=\"sm\">Temps de charge<\/td>\n<td data-start=\"1945\" data-end=\"1961\" data-col-size=\"sm\">4 \u00e0 5 heures<\/td>\n<\/tr>\n<tr data-start=\"1962\" data-end=\"1998\">\n<td data-start=\"1962\" data-end=\"1977\" data-col-size=\"sm\">Dur\u00e9e de vie<\/td>\n<td data-start=\"1977\" data-end=\"1998\" data-col-size=\"sm\">700 \u00e0 1000 cycles<\/td>\n<\/tr>\n<tr data-start=\"1999\" data-end=\"2031\">\n<td data-start=\"1999\" data-end=\"2015\" data-col-size=\"sm\">Compatibilit\u00e9<\/td>\n<td data-start=\"2015\" data-end=\"2031\" data-col-size=\"sm\">Yamaha PW-ST<\/td>\n<\/tr>\n<tr data-start=\"2032\" data-end=\"2070\">\n<td data-start=\"2032\" data-end=\"2054\" data-col-size=\"sm\">Syst\u00e8me de fixation<\/td>\n<td data-start=\"2054\" data-end=\"2070\" data-col-size=\"sm\">Intube cadre<\/td>\n<\/tr>\n<tr data-start=\"2071\" data-end=\"2090\">\n<td data-start=\"2071\" data-end=\"2079\" data-col-size=\"sm\">Poids<\/td>\n<td data-start=\"2079\" data-end=\"2090\" data-col-size=\"sm\">~3.5 kg<\/td>\n<\/tr>\n<tr data-start=\"2091\" data-end=\"2125\">\n<td data-start=\"2091\" data-end=\"2105\" data-col-size=\"sm\">Emplacement<\/td>\n<td data-start=\"2105\" data-end=\"2125\" data-col-size=\"sm\">Int\u00e9gr\u00e9 au cadre<\/td>\n<\/tr>\n<tr data-start=\"2126\" data-end=\"2161\">\n<td data-start=\"2126\" data-end=\"2133\" data-col-size=\"sm\">Type<\/td>\n<td data-start=\"2133\" data-end=\"2161\" data-col-size=\"sm\">Batterie e-bike int\u00e9gr\u00e9e<\/td>\n<\/tr>\n<tr data-start=\"2162\" data-end=\"2214\">\n<td data-start=\"2162\" data-end=\"2173\" data-col-size=\"sm\">S\u00e9curit\u00e9<\/td>\n<td data-start=\"2173\" data-end=\"2214\" data-col-size=\"sm\">BMS int\u00e9gr\u00e9 (protection intelligente)<\/td>\n<\/tr>\n<tr data-start=\"2215\" data-end=\"2260\">\n<td data-start=\"2215\" data-end=\"2243\" data-col-size=\"sm\">Temp\u00e9rature d\u2019utilisation<\/td>\n<td data-start=\"2243\" data-end=\"2260\" data-col-size=\"sm\">-10\u00b0C \u00e0 +50\u00b0C<\/td>\n<\/tr>\n<tr data-start=\"2261\" data-end=\"2294\">\n<td data-start=\"2261\" data-end=\"2269\" data-col-size=\"sm\">Gamme<\/td>\n<td data-start=\"2269\" data-end=\"2294\" data-col-size=\"sm\">Yamaha SIMPLO Premium<\/td>\n<\/tr>\n<\/tbody>\n<\/table>\n<\/div>\n<\/div>\n<div><\/div>\n<h2 data-section-id=\"1sj8b1m\" data-start=\"2429\" data-end=\"2453\">3. Tableau comparatif<\/h2>\n<div class=\"TyagGW_tableContainer\">\n<div class=\"group TyagGW_tableWrapper flex flex-col-reverse w-fit\" tabindex=\"-1\">\n<table class=\"w-fit min-w-(--thread-content-width)\" data-start=\"2455\" data-end=\"2973\">\n<thead data-start=\"2455\" data-end=\"2565\">\n<tr data-start=\"2455\" data-end=\"2565\">\n<th class=\"\" data-start=\"2455\" data-end=\"2464\" data-col-size=\"sm\">Mod\u00e8le<\/th>\n<th class=\"\" data-start=\"2464\" data-end=\"2483\" data-col-size=\"sm\">Type de batterie<\/th>\n<th class=\"\" data-start=\"2483\" data-end=\"2504\" data-col-size=\"sm\">Voltage \/ capacit\u00e9<\/th>\n<th class=\"\" data-start=\"2504\" data-end=\"2516\" data-col-size=\"sm\">Autonomie<\/th>\n<th class=\"\" data-start=\"2516\" data-end=\"2532\" data-col-size=\"sm\">Compatibilit\u00e9<\/th>\n<th class=\"\" data-start=\"2532\" data-end=\"2540\" data-col-size=\"sm\">Poids<\/th>\n<th class=\"\" data-start=\"2540\" data-end=\"2565\" data-col-size=\"sm\">Prix TTC constructeur<\/th>\n<\/tr>\n<\/thead>\n<tbody data-start=\"2675\" data-end=\"2973\">\n<tr data-start=\"2675\" data-end=\"2775\">\n<td data-start=\"2675\" data-end=\"2703\" data-col-size=\"sm\">Yamaha SIMPLO PW-ST 630Wh<\/td>\n<td data-start=\"2703\" data-end=\"2717\" data-col-size=\"sm\">Lithium-ion<\/td>\n<td data-start=\"2717\" data-end=\"2731\" data-col-size=\"sm\">36V \/ 630Wh<\/td>\n<td data-start=\"2731\" data-end=\"2743\" data-col-size=\"sm\">80-120 km<\/td>\n<td data-start=\"2743\" data-end=\"2758\" data-col-size=\"sm\">Yamaha PW-ST<\/td>\n<td data-start=\"2758\" data-end=\"2767\" data-col-size=\"sm\">3.5 kg<\/td>\n<td data-start=\"2767\" data-end=\"2775\" data-col-size=\"sm\">850\u20ac<\/td>\n<\/tr>\n<tr data-start=\"2776\" data-end=\"2880\">\n<td data-start=\"2776\" data-end=\"2798\" data-col-size=\"sm\"><a href=\"https:\/\/ateliervae.fr\/?product=bosch-powertube-625-vertical-compatible-par-e-bike-vision\">Bosch PowerTube 625<\/a><\/td>\n<td data-start=\"2798\" data-end=\"2812\" data-col-size=\"sm\">Lithium-ion<\/td>\n<td data-start=\"2812\" data-end=\"2826\" data-col-size=\"sm\">36V \/ 625Wh<\/td>\n<td data-start=\"2826\" data-end=\"2838\" data-col-size=\"sm\">70-130 km<\/td>\n<td data-start=\"2838\" data-end=\"2863\" data-col-size=\"sm\">Bosch Performance Line<\/td>\n<td data-start=\"2863\" data-end=\"2872\" data-col-size=\"sm\">3.4 kg<\/td>\n<td data-start=\"2872\" data-end=\"2880\" data-col-size=\"sm\">799\u20ac<\/td>\n<\/tr>\n<tr data-start=\"2881\" data-end=\"2973\">\n<td data-start=\"2881\" data-end=\"2900\" data-col-size=\"sm\"><a href=\"https:\/\/ateliervae.fr\/?product=batteries-pour-velos-bosch-powermore-250-range-extender-smart-system-batterie-pour-velo-electrique\">Shimano BT-EN806<\/a><\/td>\n<td data-start=\"2900\" data-end=\"2914\" data-col-size=\"sm\">Lithium-ion<\/td>\n<td data-start=\"2914\" data-end=\"2928\" data-col-size=\"sm\">36V \/ 630Wh<\/td>\n<td data-start=\"2928\" data-end=\"2940\" data-col-size=\"sm\">75-140 km<\/td>\n<td data-start=\"2940\" data-end=\"2956\" data-col-size=\"sm\">Shimano Steps<\/td>\n<td data-start=\"2956\" data-end=\"2965\" data-col-size=\"sm\">3.6 kg<\/td>\n<td data-start=\"2965\" data-end=\"2973\" data-col-size=\"sm\">820\u20ac<\/td>\n<\/tr>\n<\/tbody>\n<\/table>\n<p>&nbsp;<\/p>\n<\/div>\n<\/div>\n<h2 data-section-id=\"a7mwac\" data-start=\"3409\" data-end=\"3444\">4. Conclusion<\/h2>\n<p data-start=\"3446\" data-end=\"3727\">La batterie <strong data-start=\"3458\" data-end=\"3494\">Yamaha SIMPLO InTube PW-ST 630Wh<\/strong> est un choix id\u00e9al pour les cyclistes recherchant performance, fiabilit\u00e9 et autonomie. Gr\u00e2ce \u00e0 sa technologie avanc\u00e9e Lithium-ion et son int\u00e9gration parfaite dans le cadre, elle garantit une exp\u00e9rience de conduite fluide et durable.<\/p>\n<p data-start=\"3729\" data-end=\"3915\">Si vous recherchez une <strong data-start=\"3752\" data-end=\"3789\">batterie v\u00e9lo Puissante autonomie<\/strong>, ce mod\u00e8le repr\u00e9sente un excellent investissement pour am\u00e9liorer significativement les performances de votre v\u00e9lo \u00e9lectrique.<\/p>\n<p data-start=\"3917\" data-end=\"4022\">\n<h2 data-section-id=\"wkklvs\" data-start=\"4029\" data-end=\"4038\">5. FAQ<\/h2>\n<p data-start=\"4040\" data-end=\"4145\"><strong data-start=\"4040\" data-end=\"4082\">Quelle autonomie pour cette batterie ?<\/strong><br data-start=\"4082\" data-end=\"4085\" \/>Entre 80 et 120 km selon le mode d\u2019assistance et le terrain.<\/p>\n<p data-start=\"4147\" data-end=\"4251\"><strong data-start=\"4147\" data-end=\"4186\">Est-elle compatible avec mon v\u00e9lo ?<\/strong><br data-start=\"4186\" data-end=\"4189\" \/>Oui uniquement avec les v\u00e9los Yamaha \u00e9quip\u00e9s du syst\u00e8me PW-ST.<\/p>\n<p data-start=\"4253\" data-end=\"4339\"><strong data-start=\"4253\" data-end=\"4290\">Combien de temps dure la charge ?<\/strong><br data-start=\"4290\" data-end=\"4293\" \/>Environ 4 \u00e0 5 heures pour une charge compl\u00e8te.<\/p>\n<p data-start=\"4341\" data-end=\"4451\"><strong data-start=\"4341\" data-end=\"4386\">Peut-on remplacer une batterie ancienne ?<\/strong><br data-start=\"4386\" data-end=\"4389\" \/>Oui si votre ancien mod\u00e8le est compatible Yamaha InTube PW-ST.<\/p>\n<p data-start=\"4453\" data-end=\"4526\"><strong data-start=\"4453\" data-end=\"4485\">Quelle est sa dur\u00e9e de vie ?<\/strong><br data-start=\"4485\" data-end=\"4488\" \/>Environ 700 \u00e0 1000 cycles de recharge.<\/p>\n<p data-start=\"4528\" data-end=\"4615\"><strong data-start=\"4528\" data-end=\"4565\">Est-ce une batterie lithium-ion ?<\/strong><br data-start=\"4565\" data-end=\"4568\" \/>Oui, technologie Lithium-ion haute performance.<\/p>\n","protected":false},"excerpt":{"rendered":"<ul data-start=\"4648\" data-end=\"4869\">\n<li data-section-id=\"14hheqj\" data-start=\"4648\" data-end=\"4696\"><span style=\"color: #99cc00;\">\ud83d\udd0b <strong data-start=\"4653\" data-end=\"4679\">Puissance et autonomie<\/strong> : jusqu\u2019\u00e0 120 km<\/span><\/li>\n<li data-section-id=\"zwwq7k\" data-start=\"4697\" data-end=\"4757\"><span style=\"color: #99cc00;\">\u2699\ufe0f <strong data-start=\"4702\" data-end=\"4729\">Technologie et s\u00e9curit\u00e9<\/strong> : Lithium-ion + BMS int\u00e9gr\u00e9<\/span><\/li>\n<li data-section-id=\"1hknojr\" data-start=\"4758\" data-end=\"4802\"><span style=\"color: #99cc00;\">\ud83d\udd27 <strong data-start=\"4763\" data-end=\"4780\">Compatibilit\u00e9<\/strong> : Yamaha PW-ST InTube<\/span><\/li>\n<li data-section-id=\"1ebxa7i\" data-start=\"4803\" data-end=\"4869\"><span style=\"color: #99cc00;\">\ud83d\ude80 <strong data-start=\"4808\" data-end=\"4830\">Avantage principal<\/strong> : int\u00e9gration cadre + grande autonomie<\/span><\/li>\n<\/ul>\n<p><strong>\ud83d\udc49 Commandez d\u00e8s maintenant pour retrouver une autonomie maximale et profiter de trajets sans contrainte.<\/strong><\/p>\n","protected":false},"featured_media":27898,"comment_status":"closed","ping_status":"closed","template":"","meta":[],"product_brand":[78],"product_cat":[224,212,228,113,33,114],"product_tag":[522,478,480],"class_list":{"0":"post-27899","1":"product","2":"type-product","3":"status-publish","4":"has-post-thumbnail","6":"product_brand-yamaha","7":"product_cat-15-20-ah-36v-batterie-integree","8":"product_cat-36v-batterie-integree","9":"product_cat-540-720-wh-15-20-ah-36v-batterie-integree","10":"product_cat-batterie-integree","11":"product_cat-batteries-de-velos","12":"product_cat-cadre-integre","13":"product_tag-batterie-velo-assistance-electrique-puissante-fiable","14":"product_tag-batterie-velo-electrique","15":"product_tag-batterie-velo-resistante","17":"first","18":"instock","19":"sale","20":"featured","21":"shipping-taxable","22":"purchasable","23":"product-type-simple"},"yoast_head":"<!-- This site is optimized with the Yoast SEO plugin v27.5 - https:\/\/yoast.com\/product\/yoast-seo-wordpress\/ -->\n<title>Batterie pour velos Yamaha SIMPLO Batterie InTube | PW-ST |630Wh \/ ~17.5Ah | Compatible - ateliervae.fr<\/title>\n<meta name=\"description\" content=\"Batterie v\u00e9lo Puissante autonomie Yamaha 630Wh SIMPLO InTube PW-ST, haute autonomie, \u00e0 689\u20ac, performance et longue dur\u00e9e de vie.\" \/>\n<meta name=\"robots\" content=\"index, follow, max-snippet:-1, max-image-preview:large, max-video-preview:-1\" \/>\n<link rel=\"canonical\" href=\"https:\/\/ateliervae.fr\/?product=yamaha-simplo-batterie-intube-pw-st-630wh-compatible\" \/>\n<meta property=\"og:locale\" content=\"fr_FR\" \/>\n<meta property=\"og:type\" content=\"article\" \/>\n<meta property=\"og:title\" content=\"Batterie pour velos Yamaha SIMPLO Batterie InTube | PW-ST |630Wh \/ ~17.5Ah | Compatible - ateliervae.fr\" \/>\n<meta property=\"og:description\" content=\"Batterie v\u00e9lo Puissante autonomie Yamaha 630Wh SIMPLO InTube PW-ST, haute autonomie, \u00e0 689\u20ac, performance et longue dur\u00e9e de vie.\" \/>\n<meta property=\"og:url\" content=\"https:\/\/ateliervae.fr\/?product=yamaha-simplo-batterie-intube-pw-st-630wh-compatible\" \/>\n<meta property=\"og:site_name\" content=\"ateliervae.fr\" \/>\n<meta property=\"article:modified_time\" content=\"2026-04-21T15:03:06+00:00\" \/>\n<meta property=\"og:image\" content=\"https:\/\/ateliervae.fr\/wp-content\/uploads\/2026\/04\/yamaha_simplo_intube_accu_630wh___driekwartaanzicht.jpg\" \/>\n\t<meta property=\"og:image:width\" content=\"360\" \/>\n\t<meta property=\"og:image:height\" content=\"360\" \/>\n\t<meta property=\"og:image:type\" content=\"image\/jpeg\" \/>\n<meta name=\"twitter:card\" content=\"summary_large_image\" \/>\n<meta name=\"twitter:label1\" content=\"Dur\u00e9e de lecture estim\u00e9e\" \/>\n\t<meta name=\"twitter:data1\" content=\"3 minutes\" \/>\n<script type=\"application\/ld+json\" class=\"yoast-schema-graph\">{\"@context\":\"https:\\\/\\\/schema.org\",\"@graph\":[{\"@type\":\"WebPage\",\"@id\":\"https:\\\/\\\/ateliervae.fr\\\/?product=yamaha-simplo-batterie-intube-pw-st-630wh-compatible\",\"url\":\"https:\\\/\\\/ateliervae.fr\\\/?product=yamaha-simplo-batterie-intube-pw-st-630wh-compatible\",\"name\":\"Batterie pour velos Yamaha SIMPLO Batterie InTube | PW-ST |630Wh \\\/ ~17.5Ah | Compatible - ateliervae.fr\",\"isPartOf\":{\"@id\":\"https:\\\/\\\/ateliervae.fr\\\/#website\"},\"primaryImageOfPage\":{\"@id\":\"https:\\\/\\\/ateliervae.fr\\\/?product=yamaha-simplo-batterie-intube-pw-st-630wh-compatible#primaryimage\"},\"image\":{\"@id\":\"https:\\\/\\\/ateliervae.fr\\\/?product=yamaha-simplo-batterie-intube-pw-st-630wh-compatible#primaryimage\"},\"thumbnailUrl\":\"https:\\\/\\\/ateliervae.fr\\\/wp-content\\\/uploads\\\/2026\\\/04\\\/yamaha_simplo_intube_accu_630wh___driekwartaanzicht.jpg\",\"datePublished\":\"2026-04-21T13:46:03+00:00\",\"dateModified\":\"2026-04-21T15:03:06+00:00\",\"description\":\"Batterie v\u00e9lo Puissante autonomie Yamaha 630Wh SIMPLO InTube PW-ST, haute autonomie, \u00e0 689\u20ac, performance et longue dur\u00e9e de vie.\",\"breadcrumb\":{\"@id\":\"https:\\\/\\\/ateliervae.fr\\\/?product=yamaha-simplo-batterie-intube-pw-st-630wh-compatible#breadcrumb\"},\"inLanguage\":\"fr-FR\",\"potentialAction\":[{\"@type\":\"ReadAction\",\"target\":[\"https:\\\/\\\/ateliervae.fr\\\/?product=yamaha-simplo-batterie-intube-pw-st-630wh-compatible\"]}]},{\"@type\":\"ImageObject\",\"inLanguage\":\"fr-FR\",\"@id\":\"https:\\\/\\\/ateliervae.fr\\\/?product=yamaha-simplo-batterie-intube-pw-st-630wh-compatible#primaryimage\",\"url\":\"https:\\\/\\\/ateliervae.fr\\\/wp-content\\\/uploads\\\/2026\\\/04\\\/yamaha_simplo_intube_accu_630wh___driekwartaanzicht.jpg\",\"contentUrl\":\"https:\\\/\\\/ateliervae.fr\\\/wp-content\\\/uploads\\\/2026\\\/04\\\/yamaha_simplo_intube_accu_630wh___driekwartaanzicht.jpg\",\"width\":360,\"height\":360,\"caption\":\"batterie velo Puissante et autonomie\"},{\"@type\":\"BreadcrumbList\",\"@id\":\"https:\\\/\\\/ateliervae.fr\\\/?product=yamaha-simplo-batterie-intube-pw-st-630wh-compatible#breadcrumb\",\"itemListElement\":[{\"@type\":\"ListItem\",\"position\":1,\"name\":\"Home\",\"item\":\"https:\\\/\\\/ateliervae.fr\\\/\"},{\"@type\":\"ListItem\",\"position\":2,\"name\":\"Produits\",\"item\":\"https:\\\/\\\/ateliervae.fr\\\/shop\\\/\"},{\"@type\":\"ListItem\",\"position\":3,\"name\":\"Batterie pour velos Yamaha SIMPLO Batterie InTube | PW-ST |630Wh \\\/ ~17.5Ah | Compatible\"}]},{\"@type\":\"WebSite\",\"@id\":\"https:\\\/\\\/ateliervae.fr\\\/#website\",\"url\":\"https:\\\/\\\/ateliervae.fr\\\/\",\"name\":\"ateliervae.fr\",\"description\":\"L\u2019\u00e9nergie au c\u0153ur de vos trajets\",\"publisher\":{\"@id\":\"https:\\\/\\\/ateliervae.fr\\\/#organization\"},\"potentialAction\":[{\"@type\":\"SearchAction\",\"target\":{\"@type\":\"EntryPoint\",\"urlTemplate\":\"https:\\\/\\\/ateliervae.fr\\\/?s={search_term_string}\"},\"query-input\":{\"@type\":\"PropertyValueSpecification\",\"valueRequired\":true,\"valueName\":\"search_term_string\"}}],\"inLanguage\":\"fr-FR\"},{\"@type\":\"Organization\",\"@id\":\"https:\\\/\\\/ateliervae.fr\\\/#organization\",\"name\":\"ateliervae.fr\",\"url\":\"https:\\\/\\\/ateliervae.fr\\\/\",\"logo\":{\"@type\":\"ImageObject\",\"inLanguage\":\"fr-FR\",\"@id\":\"https:\\\/\\\/ateliervae.fr\\\/#\\\/schema\\\/logo\\\/image\\\/\",\"url\":\"https:\\\/\\\/ateliervae.fr\\\/wp-content\\\/uploads\\\/2026\\\/04\\\/ChatGPT-Image-6-avr.-2026-11_58_22.png\",\"contentUrl\":\"https:\\\/\\\/ateliervae.fr\\\/wp-content\\\/uploads\\\/2026\\\/04\\\/ChatGPT-Image-6-avr.-2026-11_58_22.png\",\"width\":1536,\"height\":1024,\"caption\":\"ateliervae.fr\"},\"image\":{\"@id\":\"https:\\\/\\\/ateliervae.fr\\\/#\\\/schema\\\/logo\\\/image\\\/\"}}]}<\/script>\n<!-- \/ Yoast SEO plugin. -->","yoast_head_json":{"title":"Batterie pour velos Yamaha SIMPLO Batterie InTube | PW-ST |630Wh \/ ~17.5Ah | Compatible - ateliervae.fr","description":"Batterie v\u00e9lo Puissante autonomie Yamaha 630Wh SIMPLO InTube PW-ST, haute autonomie, \u00e0 689\u20ac, performance et longue dur\u00e9e de vie.","robots":{"index":"index","follow":"follow","max-snippet":"max-snippet:-1","max-image-preview":"max-image-preview:large","max-video-preview":"max-video-preview:-1"},"canonical":"https:\/\/ateliervae.fr\/?product=yamaha-simplo-batterie-intube-pw-st-630wh-compatible","og_locale":"fr_FR","og_type":"article","og_title":"Batterie pour velos Yamaha SIMPLO Batterie InTube | PW-ST |630Wh \/ ~17.5Ah | Compatible - ateliervae.fr","og_description":"Batterie v\u00e9lo Puissante autonomie Yamaha 630Wh SIMPLO InTube PW-ST, haute autonomie, \u00e0 689\u20ac, performance et longue dur\u00e9e de vie.","og_url":"https:\/\/ateliervae.fr\/?product=yamaha-simplo-batterie-intube-pw-st-630wh-compatible","og_site_name":"ateliervae.fr","article_modified_time":"2026-04-21T15:03:06+00:00","og_image":[{"width":360,"height":360,"url":"https:\/\/ateliervae.fr\/wp-content\/uploads\/2026\/04\/yamaha_simplo_intube_accu_630wh___driekwartaanzicht.jpg","type":"image\/jpeg"}],"twitter_card":"summary_large_image","twitter_misc":{"Dur\u00e9e de lecture estim\u00e9e":"3 minutes"},"schema":{"@context":"https:\/\/schema.org","@graph":[{"@type":"WebPage","@id":"https:\/\/ateliervae.fr\/?product=yamaha-simplo-batterie-intube-pw-st-630wh-compatible","url":"https:\/\/ateliervae.fr\/?product=yamaha-simplo-batterie-intube-pw-st-630wh-compatible","name":"Batterie pour velos Yamaha SIMPLO Batterie InTube | PW-ST |630Wh \/ ~17.5Ah | Compatible - ateliervae.fr","isPartOf":{"@id":"https:\/\/ateliervae.fr\/#website"},"primaryImageOfPage":{"@id":"https:\/\/ateliervae.fr\/?product=yamaha-simplo-batterie-intube-pw-st-630wh-compatible#primaryimage"},"image":{"@id":"https:\/\/ateliervae.fr\/?product=yamaha-simplo-batterie-intube-pw-st-630wh-compatible#primaryimage"},"thumbnailUrl":"https:\/\/ateliervae.fr\/wp-content\/uploads\/2026\/04\/yamaha_simplo_intube_accu_630wh___driekwartaanzicht.jpg","datePublished":"2026-04-21T13:46:03+00:00","dateModified":"2026-04-21T15:03:06+00:00","description":"Batterie v\u00e9lo Puissante autonomie Yamaha 630Wh SIMPLO InTube PW-ST, haute autonomie, \u00e0 689\u20ac, performance et longue dur\u00e9e de vie.","breadcrumb":{"@id":"https:\/\/ateliervae.fr\/?product=yamaha-simplo-batterie-intube-pw-st-630wh-compatible#breadcrumb"},"inLanguage":"fr-FR","potentialAction":[{"@type":"ReadAction","target":["https:\/\/ateliervae.fr\/?product=yamaha-simplo-batterie-intube-pw-st-630wh-compatible"]}]},{"@type":"ImageObject","inLanguage":"fr-FR","@id":"https:\/\/ateliervae.fr\/?product=yamaha-simplo-batterie-intube-pw-st-630wh-compatible#primaryimage","url":"https:\/\/ateliervae.fr\/wp-content\/uploads\/2026\/04\/yamaha_simplo_intube_accu_630wh___driekwartaanzicht.jpg","contentUrl":"https:\/\/ateliervae.fr\/wp-content\/uploads\/2026\/04\/yamaha_simplo_intube_accu_630wh___driekwartaanzicht.jpg","width":360,"height":360,"caption":"batterie velo Puissante et autonomie"},{"@type":"BreadcrumbList","@id":"https:\/\/ateliervae.fr\/?product=yamaha-simplo-batterie-intube-pw-st-630wh-compatible#breadcrumb","itemListElement":[{"@type":"ListItem","position":1,"name":"Home","item":"https:\/\/ateliervae.fr\/"},{"@type":"ListItem","position":2,"name":"Produits","item":"https:\/\/ateliervae.fr\/shop\/"},{"@type":"ListItem","position":3,"name":"Batterie pour velos Yamaha SIMPLO Batterie InTube | PW-ST |630Wh \/ ~17.5Ah | Compatible"}]},{"@type":"WebSite","@id":"https:\/\/ateliervae.fr\/#website","url":"https:\/\/ateliervae.fr\/","name":"ateliervae.fr","description":"L\u2019\u00e9nergie au c\u0153ur de vos trajets","publisher":{"@id":"https:\/\/ateliervae.fr\/#organization"},"potentialAction":[{"@type":"SearchAction","target":{"@type":"EntryPoint","urlTemplate":"https:\/\/ateliervae.fr\/?s={search_term_string}"},"query-input":{"@type":"PropertyValueSpecification","valueRequired":true,"valueName":"search_term_string"}}],"inLanguage":"fr-FR"},{"@type":"Organization","@id":"https:\/\/ateliervae.fr\/#organization","name":"ateliervae.fr","url":"https:\/\/ateliervae.fr\/","logo":{"@type":"ImageObject","inLanguage":"fr-FR","@id":"https:\/\/ateliervae.fr\/#\/schema\/logo\/image\/","url":"https:\/\/ateliervae.fr\/wp-content\/uploads\/2026\/04\/ChatGPT-Image-6-avr.-2026-11_58_22.png","contentUrl":"https:\/\/ateliervae.fr\/wp-content\/uploads\/2026\/04\/ChatGPT-Image-6-avr.-2026-11_58_22.png","width":1536,"height":1024,"caption":"ateliervae.fr"},"image":{"@id":"https:\/\/ateliervae.fr\/#\/schema\/logo\/image\/"}}]}},"_links":{"self":[{"href":"https:\/\/ateliervae.fr\/index.php?rest_route=\/wp\/v2\/product\/27899","targetHints":{"allow":["GET"]}}],"collection":[{"href":"https:\/\/ateliervae.fr\/index.php?rest_route=\/wp\/v2\/product"}],"about":[{"href":"https:\/\/ateliervae.fr\/index.php?rest_route=\/wp\/v2\/types\/product"}],"replies":[{"embeddable":true,"href":"https:\/\/ateliervae.fr\/index.php?rest_route=%2Fwp%2Fv2%2Fcomments&post=27899"}],"version-history":[{"count":2,"href":"https:\/\/ateliervae.fr\/index.php?rest_route=\/wp\/v2\/product\/27899\/revisions"}],"predecessor-version":[{"id":27933,"href":"https:\/\/ateliervae.fr\/index.php?rest_route=\/wp\/v2\/product\/27899\/revisions\/27933"}],"wp:featuredmedia":[{"embeddable":true,"href":"https:\/\/ateliervae.fr\/index.php?rest_route=\/wp\/v2\/media\/27898"}],"wp:attachment":[{"href":"https:\/\/ateliervae.fr\/index.php?rest_route=%2Fwp%2Fv2%2Fmedia&parent=27899"}],"wp:term":[{"taxonomy":"product_brand","embeddable":true,"href":"https:\/\/ateliervae.fr\/index.php?rest_route=%2Fwp%2Fv2%2Fproduct_brand&post=27899"},{"taxonomy":"product_cat","embeddable":true,"href":"https:\/\/ateliervae.fr\/index.php?rest_route=%2Fwp%2Fv2%2Fproduct_cat&post=27899"},{"taxonomy":"product_tag","embeddable":true,"href":"https:\/\/ateliervae.fr\/index.php?rest_route=%2Fwp%2Fv2%2Fproduct_tag&post=27899"}],"curies":[{"name":"wp","href":"https:\/\/api.w.org\/{rel}","templated":true}]}}