{"id":27897,"date":"2026-04-21T13:46:03","date_gmt":"2026-04-21T13:46:03","guid":{"rendered":"https:\/\/ateliervae.fr\/?product=yamaha-intube-accu-600wh-pw-x-pw-x2"},"modified":"2026-04-21T15:09:41","modified_gmt":"2026-04-21T15:09:41","slug":"yamaha-intube-accu-600wh-pw-x-pw-x2","status":"publish","type":"product","link":"https:\/\/ateliervae.fr\/?product=yamaha-intube-accu-600wh-pw-x-pw-x2","title":{"rendered":"Batterie pour velos Yamaha Intube Accu 600Wh | PW-X &#038; PW-X2"},"content":{"rendered":"<h2 data-section-id=\"166561b\" data-start=\"339\" data-end=\"376\">Description d\u00e9taill\u00e9e du produit<\/h2>\n<p data-start=\"378\" data-end=\"720\">La <strong data-start=\"381\" data-end=\"442\">batterie pour v\u00e9los Yamaha Intube Accu 600Wh PW-X &amp; PW-X2<\/strong> est une batterie lithium-ion haut de gamme con\u00e7ue pour les v\u00e9los \u00e9lectriques performants. Int\u00e9gr\u00e9e directement dans le cadre (syst\u00e8me <em data-start=\"577\" data-end=\"585\">intube<\/em>), la <strong data-start=\"1168\" data-end=\"1205\">batterie v\u00e9lo puissante autonomie<\/strong> garantit une excellente r\u00e9partition du poids, une esth\u00e9tique \u00e9pur\u00e9e et une protection optimale contre les chocs et intemp\u00e9ries.<\/p>\n<p data-start=\"722\" data-end=\"951\">Gr\u00e2ce \u00e0 sa technologie <strong data-start=\"745\" data-end=\"774\">Lithium-ion haute densit\u00e9<\/strong>, cette batterie offre une <strong data-start=\"801\" data-end=\"839\">autonomie batterie v\u00e9lo \u00e9lectrique<\/strong> sup\u00e9rieure, id\u00e9ale pour les longues sorties, les trajets urbains intensifs ou les randonn\u00e9es en VTT \u00e9lectrique.<\/p>\n<p data-start=\"953\" data-end=\"1092\">Elle est sp\u00e9cialement d\u00e9velopp\u00e9e pour les motorisations Yamaha <strong data-start=\"1016\" data-end=\"1033\">PW-X et PW-X2<\/strong>, connues pour leur puissance et leur fluidit\u00e9 de p\u00e9dalage.<\/p>\n<p data-start=\"1094\" data-end=\"1225\">\ud83d\udc49 Cette batterie est un choix parfait pour les cyclistes recherchant une <strong data-start=\"1168\" data-end=\"1205\">batterie v\u00e9lo puissante autonomie<\/strong>, fiable et durable.<\/p>\n<h2 data-section-id=\"1cr1xol\" data-start=\"1234\" data-end=\"1265\"><\/h2>\n<h2 data-section-id=\"1cr1xol\" data-start=\"1234\" data-end=\"1265\">\ud83d\udd27 Tableau technique complet<\/h2>\n<div class=\"TyagGW_tableContainer\">\n<div class=\"group TyagGW_tableWrapper flex flex-col-reverse w-fit\" tabindex=\"-1\">\n<table class=\"w-fit min-w-(--thread-content-width)\" data-start=\"1267\" data-end=\"1890\">\n<thead data-start=\"1267\" data-end=\"1295\">\n<tr data-start=\"1267\" data-end=\"1295\">\n<th class=\"\" data-start=\"1267\" data-end=\"1285\" data-col-size=\"sm\">Caract\u00e9ristique<\/th>\n<th class=\"\" data-start=\"1285\" data-end=\"1295\" data-col-size=\"sm\">D\u00e9tail<\/th>\n<\/tr>\n<\/thead>\n<tbody data-start=\"1324\" data-end=\"1890\">\n<tr data-start=\"1324\" data-end=\"1380\">\n<td data-start=\"1324\" data-end=\"1343\" data-col-size=\"sm\">Type de batterie<\/td>\n<td data-start=\"1343\" data-end=\"1380\" data-col-size=\"sm\">Batterie v\u00e9lo \u00e9lectrique int\u00e9gr\u00e9e<\/td>\n<\/tr>\n<tr data-start=\"1381\" data-end=\"1410\">\n<td data-start=\"1381\" data-end=\"1395\" data-col-size=\"sm\">Technologie<\/td>\n<td data-start=\"1395\" data-end=\"1410\" data-col-size=\"sm\">Lithium-ion<\/td>\n<\/tr>\n<tr data-start=\"1411\" data-end=\"1428\">\n<td data-start=\"1411\" data-end=\"1421\" data-col-size=\"sm\">Voltage<\/td>\n<td data-start=\"1421\" data-end=\"1428\" data-col-size=\"sm\">36V<\/td>\n<\/tr>\n<tr data-start=\"1429\" data-end=\"1449\">\n<td data-start=\"1429\" data-end=\"1440\" data-col-size=\"sm\">Capacit\u00e9<\/td>\n<td data-start=\"1440\" data-end=\"1449\" data-col-size=\"sm\">600Wh<\/td>\n<\/tr>\n<tr data-start=\"1450\" data-end=\"1497\">\n<td data-start=\"1450\" data-end=\"1470\" data-col-size=\"sm\">Autonomie estim\u00e9e<\/td>\n<td data-start=\"1470\" data-end=\"1497\" data-col-size=\"sm\">80 \u00e0 160 km selon usage<\/td>\n<\/tr>\n<tr data-start=\"1498\" data-end=\"1532\">\n<td data-start=\"1498\" data-end=\"1516\" data-col-size=\"sm\">Temps de charge<\/td>\n<td data-start=\"1516\" data-end=\"1532\" data-col-size=\"sm\">4 \u00e0 5 heures<\/td>\n<\/tr>\n<tr data-start=\"1533\" data-end=\"1569\">\n<td data-start=\"1533\" data-end=\"1548\" data-col-size=\"sm\">Dur\u00e9e de vie<\/td>\n<td data-start=\"1548\" data-end=\"1569\" data-col-size=\"sm\">700 \u00e0 1000 cycles<\/td>\n<\/tr>\n<tr data-start=\"1570\" data-end=\"1617\">\n<td data-start=\"1570\" data-end=\"1594\" data-col-size=\"sm\">Compatibilit\u00e9 moteurs<\/td>\n<td data-start=\"1594\" data-end=\"1617\" data-col-size=\"sm\">Yamaha PW-X \/ PW-X2<\/td>\n<\/tr>\n<tr data-start=\"1618\" data-end=\"1666\">\n<td data-start=\"1618\" data-end=\"1640\" data-col-size=\"sm\">Syst\u00e8me de fixation<\/td>\n<td data-start=\"1640\" data-end=\"1666\" data-col-size=\"sm\">Intube (cadre int\u00e9gr\u00e9)<\/td>\n<\/tr>\n<tr data-start=\"1667\" data-end=\"1693\">\n<td data-start=\"1667\" data-end=\"1675\" data-col-size=\"sm\">Poids<\/td>\n<td data-start=\"1675\" data-end=\"1693\" data-col-size=\"sm\">Environ 3,5 kg<\/td>\n<\/tr>\n<tr data-start=\"1694\" data-end=\"1725\">\n<td data-start=\"1694\" data-end=\"1708\" data-col-size=\"sm\">Emplacement<\/td>\n<td data-start=\"1708\" data-end=\"1725\" data-col-size=\"sm\">Cadre central<\/td>\n<\/tr>\n<tr data-start=\"1726\" data-end=\"1763\">\n<td data-start=\"1726\" data-end=\"1733\" data-col-size=\"sm\">Type<\/td>\n<td data-start=\"1733\" data-end=\"1763\" data-col-size=\"sm\">Batterie amovible int\u00e9gr\u00e9e<\/td>\n<\/tr>\n<tr data-start=\"1764\" data-end=\"1802\">\n<td data-start=\"1764\" data-end=\"1775\" data-col-size=\"sm\">S\u00e9curit\u00e9<\/td>\n<td data-start=\"1775\" data-end=\"1802\" data-col-size=\"sm\">BMS intelligent int\u00e9gr\u00e9<\/td>\n<\/tr>\n<tr data-start=\"1803\" data-end=\"1848\">\n<td data-start=\"1803\" data-end=\"1831\" data-col-size=\"sm\">Temp\u00e9rature d\u2019utilisation<\/td>\n<td data-start=\"1831\" data-end=\"1848\" data-col-size=\"sm\">-10\u00b0C \u00e0 +45\u00b0C<\/td>\n<\/tr>\n<tr data-start=\"1849\" data-end=\"1890\">\n<td data-start=\"1849\" data-end=\"1857\" data-col-size=\"sm\">Gamme<\/td>\n<td data-start=\"1857\" data-end=\"1890\" data-col-size=\"sm\">V\u00e9lo \u00e9lectrique haut de gamme<\/td>\n<\/tr>\n<\/tbody>\n<\/table>\n<\/div>\n<\/div>\n<h2 data-section-id=\"12pdv0u\" data-start=\"1899\" data-end=\"1923\"><\/h2>\n<h2 data-section-id=\"12pdv0u\" data-start=\"1899\" data-end=\"1923\">\ud83d\udd04 Tableau comparatif<\/h2>\n<div class=\"TyagGW_tableContainer\">\n<div class=\"group TyagGW_tableWrapper flex flex-col-reverse w-fit\" tabindex=\"-1\">\n<table class=\"w-fit min-w-(--thread-content-width)\" data-start=\"1925\" data-end=\"2467\">\n<thead data-start=\"1925\" data-end=\"2035\">\n<tr data-start=\"1925\" data-end=\"2035\">\n<th class=\"\" data-start=\"1925\" data-end=\"1934\" data-col-size=\"sm\">Mod\u00e8le<\/th>\n<th class=\"\" data-start=\"1934\" data-end=\"1953\" data-col-size=\"sm\">Type de batterie<\/th>\n<th class=\"\" data-start=\"1953\" data-end=\"1974\" data-col-size=\"sm\">Voltage \/ capacit\u00e9<\/th>\n<th class=\"\" data-start=\"1974\" data-end=\"1986\" data-col-size=\"sm\">Autonomie<\/th>\n<th class=\"\" data-start=\"1986\" data-end=\"2002\" data-col-size=\"sm\">Compatibilit\u00e9<\/th>\n<th class=\"\" data-start=\"2002\" data-end=\"2010\" data-col-size=\"sm\">Poids<\/th>\n<th class=\"\" data-start=\"2010\" data-end=\"2035\" data-col-size=\"sm\">Prix TTC constructeur<\/th>\n<\/tr>\n<\/thead>\n<tbody data-start=\"2149\" data-end=\"2467\">\n<tr data-start=\"2149\" data-end=\"2257\">\n<td data-start=\"2149\" data-end=\"2176\" data-col-size=\"sm\">Yamaha Intube 600Wh PW-X<\/td>\n<td data-start=\"2176\" data-end=\"2190\" data-col-size=\"sm\">Lithium-ion<\/td>\n<td data-start=\"2190\" data-end=\"2204\" data-col-size=\"sm\">36V \/ 600Wh<\/td>\n<td data-start=\"2204\" data-end=\"2216\" data-col-size=\"sm\">80-160 km<\/td>\n<td data-start=\"2216\" data-end=\"2238\" data-col-size=\"sm\">Yamaha PW-X \/ PW-X2<\/td>\n<td data-start=\"2238\" data-end=\"2247\" data-col-size=\"sm\">3,5 kg<\/td>\n<td data-start=\"2247\" data-end=\"2257\" data-col-size=\"sm\">~750 \u20ac<\/td>\n<\/tr>\n<tr data-start=\"2258\" data-end=\"2366\">\n<td data-start=\"2258\" data-end=\"2282\" data-col-size=\"sm\"><a href=\"https:\/\/ateliervae.fr\/?product=bosch-powertube-625-horizontal-compatible-par-e-bike-vision\">Bosch PowerTube 625Wh<\/a><\/td>\n<td data-start=\"2282\" data-end=\"2296\" data-col-size=\"sm\">Lithium-ion<\/td>\n<td data-start=\"2296\" data-end=\"2310\" data-col-size=\"sm\">36V \/ 625Wh<\/td>\n<td data-start=\"2310\" data-end=\"2322\" data-col-size=\"sm\">90-170 km<\/td>\n<td data-start=\"2322\" data-end=\"2347\" data-col-size=\"sm\">Bosch Performance Line<\/td>\n<td data-start=\"2347\" data-end=\"2356\" data-col-size=\"sm\">3,6 kg<\/td>\n<td data-start=\"2356\" data-end=\"2366\" data-col-size=\"sm\">~850 \u20ac<\/td>\n<\/tr>\n<tr data-start=\"2367\" data-end=\"2467\">\n<td data-start=\"2367\" data-end=\"2386\" data-col-size=\"sm\"><a href=\"https:\/\/ateliervae.fr\/?product=bosch-powertube-500-vertical-compatible-par-e-bike-vision\">Shimano BT-EN805<\/a><\/td>\n<td data-start=\"2386\" data-end=\"2400\" data-col-size=\"sm\">Lithium-ion<\/td>\n<td data-start=\"2400\" data-end=\"2414\" data-col-size=\"sm\">36V \/ 630Wh<\/td>\n<td data-start=\"2414\" data-end=\"2426\" data-col-size=\"sm\">85-165 km<\/td>\n<td data-start=\"2426\" data-end=\"2448\" data-col-size=\"sm\">Shimano Steps E8000<\/td>\n<td data-start=\"2448\" data-end=\"2457\" data-col-size=\"sm\">3,7 kg<\/td>\n<td data-start=\"2457\" data-end=\"2467\" data-col-size=\"sm\">~800 \u20ac<\/td>\n<\/tr>\n<\/tbody>\n<\/table>\n<\/div>\n<\/div>\n<h2 data-section-id=\"1ev0jyv\" data-start=\"2476\" data-end=\"2502\">\ud83d\ude80 Avantages principaux<\/h2>\n<p data-start=\"2504\" data-end=\"2742\">Cette batterie se distingue par sa <strong data-start=\"2539\" data-end=\"2568\">haute densit\u00e9 \u00e9nerg\u00e9tique<\/strong>, sa compatibilit\u00e9 Yamaha PW-X\/PW-X2 et sa grande fiabilit\u00e9. Elle garantit une <strong data-start=\"2647\" data-end=\"2674\">batterie lithium e-bike<\/strong> durable, s\u00e9curis\u00e9e et performante, m\u00eame sur des parcours exigeants.<\/p>\n<h2 data-section-id=\"h5hji8\" data-start=\"2878\" data-end=\"2886\">\u2753 FAQ<\/h2>\n<p data-start=\"2888\" data-end=\"2993\"><strong data-start=\"2888\" data-end=\"2930\">Quelle autonomie pour cette batterie ?<\/strong><br data-start=\"2930\" data-end=\"2933\" \/>Entre 80 et 160 km selon le mode d\u2019assistance et le terrain.<\/p>\n<p data-start=\"2995\" data-end=\"3086\"><strong data-start=\"2995\" data-end=\"3034\">Est-elle compatible avec mon v\u00e9lo ?<\/strong><br data-start=\"3034\" data-end=\"3037\" \/>Uniquement avec les moteurs Yamaha PW-X et PW-X2.<\/p>\n<p data-start=\"3088\" data-end=\"3174\"><strong data-start=\"3088\" data-end=\"3125\">Combien de temps dure la charge ?<\/strong><br data-start=\"3125\" data-end=\"3128\" \/>Environ 4 \u00e0 5 heures pour une charge compl\u00e8te.<\/p>\n<p data-start=\"3176\" data-end=\"3278\"><strong data-start=\"3176\" data-end=\"3221\">Peut-on remplacer une ancienne batterie ?<\/strong><br data-start=\"3221\" data-end=\"3224\" \/>Oui, si votre v\u00e9lo est compatible Yamaha Intube 600Wh.<\/p>\n<p data-start=\"3280\" data-end=\"3350\"><strong data-start=\"3280\" data-end=\"3312\">Quelle est sa dur\u00e9e de vie ?<\/strong><br data-start=\"3312\" data-end=\"3315\" \/>Environ 700 \u00e0 1000 cycles complets.<\/p>\n<p data-start=\"3352\" data-end=\"3469\"><strong data-start=\"3352\" data-end=\"3388\">La batterie est-elle s\u00e9curis\u00e9e ?<\/strong><br data-start=\"3388\" data-end=\"3391\" \/>Oui, gr\u00e2ce \u00e0 un syst\u00e8me BMS int\u00e9gr\u00e9 prot\u00e9geant contre surcharge et surchauffe.<\/p>\n","protected":false},"excerpt":{"rendered":"<ul data-start=\"3502\" data-end=\"3776\">\n<li data-section-id=\"1te1ng1\" data-start=\"3502\" data-end=\"3576\"><span style=\"color: #99cc00;\">\ud83d\udd0b <strong data-start=\"3507\" data-end=\"3535\">Puissance et autonomie :<\/strong> batterie 600Wh offrant longue distance<\/span><\/li>\n<li data-section-id=\"omvs0h\" data-start=\"3577\" data-end=\"3643\"><span style=\"color: #99cc00;\">\u2699\ufe0f <strong data-start=\"3582\" data-end=\"3611\">Technologie et s\u00e9curit\u00e9 :<\/strong> Lithium-ion + BMS intelligent<\/span><\/li>\n<li data-section-id=\"1001e2t\" data-start=\"3644\" data-end=\"3690\"><span style=\"color: #99cc00;\">\ud83d\udeb4 <strong data-start=\"3649\" data-end=\"3668\">Compatibilit\u00e9 :<\/strong> Yamaha PW-X \/ PW-X2<\/span><\/li>\n<li data-section-id=\"yhdehh\" data-start=\"3691\" data-end=\"3776\"><span style=\"color: #99cc00;\">\u2b50 <strong data-start=\"3695\" data-end=\"3719\">Avantage principal :<\/strong> autonomie \u00e9lev\u00e9e et int\u00e9gration parfaite dans le cadre<\/span><\/li>\n<\/ul>\n<p><strong>Elle est id\u00e9ale pour les utilisateurs recherchant une batterie 36V v\u00e9lo \u00e9lectrique capable d\u2019offrir puissance et endurance.<\/strong><\/p>\n","protected":false},"featured_media":27896,"comment_status":"closed","ping_status":"closed","template":"","meta":[],"product_brand":[78],"product_cat":[130,118,142,111,33],"product_tag":[479,480],"class_list":{"0":"post-27897","1":"product","2":"type-product","3":"status-publish","4":"has-post-thumbnail","6":"product_brand-yamaha","7":"product_cat-15-20-ah","8":"product_cat-36v","9":"product_cat-540-720-wh","10":"product_cat-batterie-amovible-batterie-36v-velo-electrique-autonomie-performance","11":"product_cat-batteries-de-velos-batterie-pour-velo-electrique-autonomie-longue-duree","12":"product_tag-batterie-velo-fiable","13":"product_tag-batterie-velo-resistante","15":"first","16":"instock","17":"shipping-taxable","18":"purchasable","19":"product-type-simple"},"yoast_head":"<!-- This site is optimized with the Yoast SEO plugin v27.5 - https:\/\/yoast.com\/product\/yoast-seo-wordpress\/ -->\n<title>Batterie pour velos Yamaha Intube Accu 600Wh | PW-X &amp; PW-X2 - ateliervae.fr<\/title>\n<meta name=\"description\" content=\"Batterie v\u00e9lo puissante autonomie Yamaha 600Wh Intube PW-X\/PW-X2, id\u00e9ale longue distance. Prix env. 750\u20ac pour performance maximale.\" \/>\n<meta name=\"robots\" content=\"index, follow, max-snippet:-1, max-image-preview:large, max-video-preview:-1\" \/>\n<link rel=\"canonical\" href=\"https:\/\/ateliervae.fr\/?product=yamaha-intube-accu-600wh-pw-x-pw-x2\" \/>\n<meta property=\"og:locale\" content=\"fr_FR\" \/>\n<meta property=\"og:type\" content=\"article\" \/>\n<meta property=\"og:title\" content=\"Batterie pour velos Yamaha Intube Accu 600Wh | PW-X &amp; PW-X2 - ateliervae.fr\" \/>\n<meta property=\"og:description\" content=\"Batterie v\u00e9lo puissante autonomie Yamaha 600Wh Intube PW-X\/PW-X2, id\u00e9ale longue distance. Prix env. 750\u20ac pour performance maximale.\" \/>\n<meta property=\"og:url\" content=\"https:\/\/ateliervae.fr\/?product=yamaha-intube-accu-600wh-pw-x-pw-x2\" \/>\n<meta property=\"og:site_name\" content=\"ateliervae.fr\" \/>\n<meta property=\"article:modified_time\" content=\"2026-04-21T15:09:41+00:00\" \/>\n<meta property=\"og:image\" content=\"https:\/\/ateliervae.fr\/wp-content\/uploads\/2026\/04\/yamaha_intube_600wh___driekwartaanzicht_2.jpg\" \/>\n\t<meta property=\"og:image:width\" content=\"360\" \/>\n\t<meta property=\"og:image:height\" content=\"360\" \/>\n\t<meta property=\"og:image:type\" content=\"image\/jpeg\" \/>\n<meta name=\"twitter:card\" content=\"summary_large_image\" \/>\n<meta name=\"twitter:label1\" content=\"Dur\u00e9e de lecture estim\u00e9e\" \/>\n\t<meta name=\"twitter:data1\" content=\"3 minutes\" \/>\n<script type=\"application\/ld+json\" class=\"yoast-schema-graph\">{\"@context\":\"https:\\\/\\\/schema.org\",\"@graph\":[{\"@type\":\"WebPage\",\"@id\":\"https:\\\/\\\/ateliervae.fr\\\/?product=yamaha-intube-accu-600wh-pw-x-pw-x2\",\"url\":\"https:\\\/\\\/ateliervae.fr\\\/?product=yamaha-intube-accu-600wh-pw-x-pw-x2\",\"name\":\"Batterie pour velos Yamaha Intube Accu 600Wh | PW-X & PW-X2 - ateliervae.fr\",\"isPartOf\":{\"@id\":\"https:\\\/\\\/ateliervae.fr\\\/#website\"},\"primaryImageOfPage\":{\"@id\":\"https:\\\/\\\/ateliervae.fr\\\/?product=yamaha-intube-accu-600wh-pw-x-pw-x2#primaryimage\"},\"image\":{\"@id\":\"https:\\\/\\\/ateliervae.fr\\\/?product=yamaha-intube-accu-600wh-pw-x-pw-x2#primaryimage\"},\"thumbnailUrl\":\"https:\\\/\\\/ateliervae.fr\\\/wp-content\\\/uploads\\\/2026\\\/04\\\/yamaha_intube_600wh___driekwartaanzicht_2.jpg\",\"datePublished\":\"2026-04-21T13:46:03+00:00\",\"dateModified\":\"2026-04-21T15:09:41+00:00\",\"description\":\"Batterie v\u00e9lo puissante autonomie Yamaha 600Wh Intube PW-X\\\/PW-X2, id\u00e9ale longue distance. Prix env. 750\u20ac pour performance maximale.\",\"breadcrumb\":{\"@id\":\"https:\\\/\\\/ateliervae.fr\\\/?product=yamaha-intube-accu-600wh-pw-x-pw-x2#breadcrumb\"},\"inLanguage\":\"fr-FR\",\"potentialAction\":[{\"@type\":\"ReadAction\",\"target\":[\"https:\\\/\\\/ateliervae.fr\\\/?product=yamaha-intube-accu-600wh-pw-x-pw-x2\"]}]},{\"@type\":\"ImageObject\",\"inLanguage\":\"fr-FR\",\"@id\":\"https:\\\/\\\/ateliervae.fr\\\/?product=yamaha-intube-accu-600wh-pw-x-pw-x2#primaryimage\",\"url\":\"https:\\\/\\\/ateliervae.fr\\\/wp-content\\\/uploads\\\/2026\\\/04\\\/yamaha_intube_600wh___driekwartaanzicht_2.jpg\",\"contentUrl\":\"https:\\\/\\\/ateliervae.fr\\\/wp-content\\\/uploads\\\/2026\\\/04\\\/yamaha_intube_600wh___driekwartaanzicht_2.jpg\",\"width\":360,\"height\":360,\"caption\":\"batterie velo puissante autonomie\"},{\"@type\":\"BreadcrumbList\",\"@id\":\"https:\\\/\\\/ateliervae.fr\\\/?product=yamaha-intube-accu-600wh-pw-x-pw-x2#breadcrumb\",\"itemListElement\":[{\"@type\":\"ListItem\",\"position\":1,\"name\":\"Home\",\"item\":\"https:\\\/\\\/ateliervae.fr\\\/\"},{\"@type\":\"ListItem\",\"position\":2,\"name\":\"Produits\",\"item\":\"https:\\\/\\\/ateliervae.fr\\\/shop\\\/\"},{\"@type\":\"ListItem\",\"position\":3,\"name\":\"Batterie pour velos Yamaha Intube Accu 600Wh | PW-X &#038; PW-X2\"}]},{\"@type\":\"WebSite\",\"@id\":\"https:\\\/\\\/ateliervae.fr\\\/#website\",\"url\":\"https:\\\/\\\/ateliervae.fr\\\/\",\"name\":\"ateliervae.fr\",\"description\":\"L\u2019\u00e9nergie au c\u0153ur de vos trajets\",\"publisher\":{\"@id\":\"https:\\\/\\\/ateliervae.fr\\\/#organization\"},\"potentialAction\":[{\"@type\":\"SearchAction\",\"target\":{\"@type\":\"EntryPoint\",\"urlTemplate\":\"https:\\\/\\\/ateliervae.fr\\\/?s={search_term_string}\"},\"query-input\":{\"@type\":\"PropertyValueSpecification\",\"valueRequired\":true,\"valueName\":\"search_term_string\"}}],\"inLanguage\":\"fr-FR\"},{\"@type\":\"Organization\",\"@id\":\"https:\\\/\\\/ateliervae.fr\\\/#organization\",\"name\":\"ateliervae.fr\",\"url\":\"https:\\\/\\\/ateliervae.fr\\\/\",\"logo\":{\"@type\":\"ImageObject\",\"inLanguage\":\"fr-FR\",\"@id\":\"https:\\\/\\\/ateliervae.fr\\\/#\\\/schema\\\/logo\\\/image\\\/\",\"url\":\"https:\\\/\\\/ateliervae.fr\\\/wp-content\\\/uploads\\\/2026\\\/04\\\/ChatGPT-Image-6-avr.-2026-11_58_22.png\",\"contentUrl\":\"https:\\\/\\\/ateliervae.fr\\\/wp-content\\\/uploads\\\/2026\\\/04\\\/ChatGPT-Image-6-avr.-2026-11_58_22.png\",\"width\":1536,\"height\":1024,\"caption\":\"ateliervae.fr\"},\"image\":{\"@id\":\"https:\\\/\\\/ateliervae.fr\\\/#\\\/schema\\\/logo\\\/image\\\/\"}}]}<\/script>\n<!-- \/ Yoast SEO plugin. -->","yoast_head_json":{"title":"Batterie pour velos Yamaha Intube Accu 600Wh | PW-X & PW-X2 - ateliervae.fr","description":"Batterie v\u00e9lo puissante autonomie Yamaha 600Wh Intube PW-X\/PW-X2, id\u00e9ale longue distance. Prix env. 750\u20ac pour performance maximale.","robots":{"index":"index","follow":"follow","max-snippet":"max-snippet:-1","max-image-preview":"max-image-preview:large","max-video-preview":"max-video-preview:-1"},"canonical":"https:\/\/ateliervae.fr\/?product=yamaha-intube-accu-600wh-pw-x-pw-x2","og_locale":"fr_FR","og_type":"article","og_title":"Batterie pour velos Yamaha Intube Accu 600Wh | PW-X & PW-X2 - ateliervae.fr","og_description":"Batterie v\u00e9lo puissante autonomie Yamaha 600Wh Intube PW-X\/PW-X2, id\u00e9ale longue distance. Prix env. 750\u20ac pour performance maximale.","og_url":"https:\/\/ateliervae.fr\/?product=yamaha-intube-accu-600wh-pw-x-pw-x2","og_site_name":"ateliervae.fr","article_modified_time":"2026-04-21T15:09:41+00:00","og_image":[{"width":360,"height":360,"url":"https:\/\/ateliervae.fr\/wp-content\/uploads\/2026\/04\/yamaha_intube_600wh___driekwartaanzicht_2.jpg","type":"image\/jpeg"}],"twitter_card":"summary_large_image","twitter_misc":{"Dur\u00e9e de lecture estim\u00e9e":"3 minutes"},"schema":{"@context":"https:\/\/schema.org","@graph":[{"@type":"WebPage","@id":"https:\/\/ateliervae.fr\/?product=yamaha-intube-accu-600wh-pw-x-pw-x2","url":"https:\/\/ateliervae.fr\/?product=yamaha-intube-accu-600wh-pw-x-pw-x2","name":"Batterie pour velos Yamaha Intube Accu 600Wh | PW-X & PW-X2 - ateliervae.fr","isPartOf":{"@id":"https:\/\/ateliervae.fr\/#website"},"primaryImageOfPage":{"@id":"https:\/\/ateliervae.fr\/?product=yamaha-intube-accu-600wh-pw-x-pw-x2#primaryimage"},"image":{"@id":"https:\/\/ateliervae.fr\/?product=yamaha-intube-accu-600wh-pw-x-pw-x2#primaryimage"},"thumbnailUrl":"https:\/\/ateliervae.fr\/wp-content\/uploads\/2026\/04\/yamaha_intube_600wh___driekwartaanzicht_2.jpg","datePublished":"2026-04-21T13:46:03+00:00","dateModified":"2026-04-21T15:09:41+00:00","description":"Batterie v\u00e9lo puissante autonomie Yamaha 600Wh Intube PW-X\/PW-X2, id\u00e9ale longue distance. Prix env. 750\u20ac pour performance maximale.","breadcrumb":{"@id":"https:\/\/ateliervae.fr\/?product=yamaha-intube-accu-600wh-pw-x-pw-x2#breadcrumb"},"inLanguage":"fr-FR","potentialAction":[{"@type":"ReadAction","target":["https:\/\/ateliervae.fr\/?product=yamaha-intube-accu-600wh-pw-x-pw-x2"]}]},{"@type":"ImageObject","inLanguage":"fr-FR","@id":"https:\/\/ateliervae.fr\/?product=yamaha-intube-accu-600wh-pw-x-pw-x2#primaryimage","url":"https:\/\/ateliervae.fr\/wp-content\/uploads\/2026\/04\/yamaha_intube_600wh___driekwartaanzicht_2.jpg","contentUrl":"https:\/\/ateliervae.fr\/wp-content\/uploads\/2026\/04\/yamaha_intube_600wh___driekwartaanzicht_2.jpg","width":360,"height":360,"caption":"batterie velo puissante autonomie"},{"@type":"BreadcrumbList","@id":"https:\/\/ateliervae.fr\/?product=yamaha-intube-accu-600wh-pw-x-pw-x2#breadcrumb","itemListElement":[{"@type":"ListItem","position":1,"name":"Home","item":"https:\/\/ateliervae.fr\/"},{"@type":"ListItem","position":2,"name":"Produits","item":"https:\/\/ateliervae.fr\/shop\/"},{"@type":"ListItem","position":3,"name":"Batterie pour velos Yamaha Intube Accu 600Wh | PW-X &#038; PW-X2"}]},{"@type":"WebSite","@id":"https:\/\/ateliervae.fr\/#website","url":"https:\/\/ateliervae.fr\/","name":"ateliervae.fr","description":"L\u2019\u00e9nergie au c\u0153ur de vos trajets","publisher":{"@id":"https:\/\/ateliervae.fr\/#organization"},"potentialAction":[{"@type":"SearchAction","target":{"@type":"EntryPoint","urlTemplate":"https:\/\/ateliervae.fr\/?s={search_term_string}"},"query-input":{"@type":"PropertyValueSpecification","valueRequired":true,"valueName":"search_term_string"}}],"inLanguage":"fr-FR"},{"@type":"Organization","@id":"https:\/\/ateliervae.fr\/#organization","name":"ateliervae.fr","url":"https:\/\/ateliervae.fr\/","logo":{"@type":"ImageObject","inLanguage":"fr-FR","@id":"https:\/\/ateliervae.fr\/#\/schema\/logo\/image\/","url":"https:\/\/ateliervae.fr\/wp-content\/uploads\/2026\/04\/ChatGPT-Image-6-avr.-2026-11_58_22.png","contentUrl":"https:\/\/ateliervae.fr\/wp-content\/uploads\/2026\/04\/ChatGPT-Image-6-avr.-2026-11_58_22.png","width":1536,"height":1024,"caption":"ateliervae.fr"},"image":{"@id":"https:\/\/ateliervae.fr\/#\/schema\/logo\/image\/"}}]}},"_links":{"self":[{"href":"https:\/\/ateliervae.fr\/index.php?rest_route=\/wp\/v2\/product\/27897","targetHints":{"allow":["GET"]}}],"collection":[{"href":"https:\/\/ateliervae.fr\/index.php?rest_route=\/wp\/v2\/product"}],"about":[{"href":"https:\/\/ateliervae.fr\/index.php?rest_route=\/wp\/v2\/types\/product"}],"replies":[{"embeddable":true,"href":"https:\/\/ateliervae.fr\/index.php?rest_route=%2Fwp%2Fv2%2Fcomments&post=27897"}],"version-history":[{"count":2,"href":"https:\/\/ateliervae.fr\/index.php?rest_route=\/wp\/v2\/product\/27897\/revisions"}],"predecessor-version":[{"id":27935,"href":"https:\/\/ateliervae.fr\/index.php?rest_route=\/wp\/v2\/product\/27897\/revisions\/27935"}],"wp:featuredmedia":[{"embeddable":true,"href":"https:\/\/ateliervae.fr\/index.php?rest_route=\/wp\/v2\/media\/27896"}],"wp:attachment":[{"href":"https:\/\/ateliervae.fr\/index.php?rest_route=%2Fwp%2Fv2%2Fmedia&parent=27897"}],"wp:term":[{"taxonomy":"product_brand","embeddable":true,"href":"https:\/\/ateliervae.fr\/index.php?rest_route=%2Fwp%2Fv2%2Fproduct_brand&post=27897"},{"taxonomy":"product_cat","embeddable":true,"href":"https:\/\/ateliervae.fr\/index.php?rest_route=%2Fwp%2Fv2%2Fproduct_cat&post=27897"},{"taxonomy":"product_tag","embeddable":true,"href":"https:\/\/ateliervae.fr\/index.php?rest_route=%2Fwp%2Fv2%2Fproduct_tag&post=27897"}],"curies":[{"name":"wp","href":"https:\/\/api.w.org\/{rel}","templated":true}]}}