{"id":27756,"date":"2026-04-20T18:17:08","date_gmt":"2026-04-20T18:17:08","guid":{"rendered":"https:\/\/ateliervae.fr\/shop\/non%20class\u00e9\/panasonic-26v-24ah\/panasonic-26v-24ah\/"},"modified":"2026-04-20T18:28:50","modified_gmt":"2026-04-20T18:28:50","slug":"panasonic-26v-24ah","status":"publish","type":"product","link":"https:\/\/ateliervae.fr\/?product=panasonic-26v-24ah","title":{"rendered":"Batterie pour velos Panasonic | 26V 24Ah ~624 Wh"},"content":{"rendered":"<h2 data-section-id=\"166561b\" data-start=\"223\" data-end=\"260\">\u26a1 Description d\u00e9taill\u00e9e du produit<\/h2>\n<p>&nbsp;<\/p>\n<p data-start=\"262\" data-end=\"642\">La <strong data-start=\"265\" data-end=\"307\">batterie pour v\u00e9los Panasonic 26V 24Ah<\/strong> est une solution haut de gamme con\u00e7ue pour offrir une <strong data-start=\"362\" data-end=\"411\">excellente autonomie batterie v\u00e9lo \u00e9lectrique<\/strong> et une fiabilit\u00e9 durable pour les cyclistes exigeants. Il s\u2019agit d\u2019une <strong data-start=\"483\" data-end=\"514\">batterie lithium-ion e-bike<\/strong> performante, id\u00e9ale pour remplacer une batterie us\u00e9e ou am\u00e9liorer les performances d\u2019un v\u00e9lo \u00e9lectrique urbain ou tout-terrain.<\/p>\n<p data-start=\"644\" data-end=\"982\">Gr\u00e2ce \u00e0 sa technologie <strong data-start=\"667\" data-end=\"705\">Lithium-ion de derni\u00e8re g\u00e9n\u00e9ration<\/strong>, cette batterie garantit une alimentation stable, une meilleure gestion de l\u2019\u00e9nergie et une r\u00e9duction de l\u2019effet m\u00e9moire. Elle est parfaitement adapt\u00e9e aux trajets quotidiens, aux longues distances et aux utilisateurs recherchant une <strong data-start=\"940\" data-end=\"981\">batterie v\u00e9lo \u00e9lectrique longue dur\u00e9e<\/strong>.<\/p>\n<p data-start=\"984\" data-end=\"1254\">Son format 26V 24Ah lui permet d\u2019assurer une autonomie confortable, g\u00e9n\u00e9ralement comprise entre 60 et 110 km selon le moteur et le terrain. C\u2019est une excellente alternative pour ceux qui recherchent une <strong data-start=\"1187\" data-end=\"1224\">batterie v\u00e9lo \u00e9lectrique pas cher<\/strong> sans compromettre la qualit\u00e9.<\/p>\n<p data-start=\"1256\" data-end=\"1449\">Cette batterie est compatible avec plusieurs mod\u00e8les de v\u00e9los \u00e9quip\u00e9s de syst\u00e8mes Panasonic et constitue un excellent choix pour un <strong data-start=\"1388\" data-end=\"1429\">remplacement batterie v\u00e9lo \u00e9lectrique<\/strong> fiable et s\u00e9curis\u00e9.<\/p>\n<p data-start=\"1456\" data-end=\"1670\">\n<h2 data-section-id=\"jeo48t\" data-start=\"1677\" data-end=\"1723\">\u2699\ufe0f Tableau technique complet de la batterie<\/h2>\n<div class=\"TyagGW_tableContainer\">\n<div class=\"group TyagGW_tableWrapper flex flex-col-reverse w-fit\" tabindex=\"-1\">\n<table class=\"w-fit min-w-(--thread-content-width)\" data-start=\"1725\" data-end=\"2371\">\n<thead data-start=\"1725\" data-end=\"1753\">\n<tr data-start=\"1725\" data-end=\"1753\">\n<th class=\"\" data-start=\"1725\" data-end=\"1743\" data-col-size=\"sm\">Caract\u00e9ristique<\/th>\n<th class=\"\" data-start=\"1743\" data-end=\"1753\" data-col-size=\"sm\">D\u00e9tail<\/th>\n<\/tr>\n<\/thead>\n<tbody data-start=\"1782\" data-end=\"2371\">\n<tr data-start=\"1782\" data-end=\"1834\">\n<td data-start=\"1782\" data-end=\"1801\" data-col-size=\"sm\">Type de batterie<\/td>\n<td data-start=\"1801\" data-end=\"1834\" data-col-size=\"sm\"><a href=\"https:\/\/ateliervae.fr\/shop\/accessories\/batterie-panasonic-velo-electrique-36v-13ah\/batterie-panasonic-velo-electrique-36v-13ah\/\">Batterie pour v\u00e9lo \u00e9lectrique<\/a><\/td>\n<\/tr>\n<tr data-start=\"1835\" data-end=\"1864\">\n<td data-start=\"1835\" data-end=\"1849\" data-col-size=\"sm\">Technologie<\/td>\n<td data-start=\"1849\" data-end=\"1864\" data-col-size=\"sm\">Lithium-ion<\/td>\n<\/tr>\n<tr data-start=\"1865\" data-end=\"1882\">\n<td data-start=\"1865\" data-end=\"1875\" data-col-size=\"sm\">Voltage<\/td>\n<td data-start=\"1875\" data-end=\"1882\" data-col-size=\"sm\">26V<\/td>\n<\/tr>\n<tr data-start=\"1883\" data-end=\"1902\">\n<td data-start=\"1883\" data-end=\"1894\" data-col-size=\"sm\">Capacit\u00e9<\/td>\n<td data-start=\"1894\" data-end=\"1902\" data-col-size=\"sm\">24Ah<\/td>\n<\/tr>\n<tr data-start=\"1903\" data-end=\"1926\">\n<td data-start=\"1903\" data-end=\"1915\" data-col-size=\"sm\">Puissance<\/td>\n<td data-start=\"1915\" data-end=\"1926\" data-col-size=\"sm\">~624 Wh<\/td>\n<\/tr>\n<tr data-start=\"1927\" data-end=\"1962\">\n<td data-start=\"1927\" data-end=\"1947\" data-col-size=\"sm\">Autonomie estim\u00e9e<\/td>\n<td data-start=\"1947\" data-end=\"1962\" data-col-size=\"sm\">60 \u00e0 110 km<\/td>\n<\/tr>\n<tr data-start=\"1963\" data-end=\"1997\">\n<td data-start=\"1963\" data-end=\"1981\" data-col-size=\"sm\">Temps de charge<\/td>\n<td data-start=\"1981\" data-end=\"1997\" data-col-size=\"sm\">5 \u00e0 7 heures<\/td>\n<\/tr>\n<tr data-start=\"1998\" data-end=\"2034\">\n<td data-start=\"1998\" data-end=\"2013\" data-col-size=\"sm\">Dur\u00e9e de vie<\/td>\n<td data-start=\"2013\" data-end=\"2034\" data-col-size=\"sm\">700 \u00e0 1000 cycles<\/td>\n<\/tr>\n<tr data-start=\"2035\" data-end=\"2072\">\n<td data-start=\"2035\" data-end=\"2051\" data-col-size=\"sm\">Compatibilit\u00e9<\/td>\n<td data-start=\"2051\" data-end=\"2072\" data-col-size=\"sm\">Moteurs Panasonic<\/td>\n<\/tr>\n<tr data-start=\"2073\" data-end=\"2119\">\n<td data-start=\"2073\" data-end=\"2095\" data-col-size=\"sm\">Syst\u00e8me de fixation<\/td>\n<td data-start=\"2095\" data-end=\"2119\" data-col-size=\"sm\">Rail \/ support d\u00e9di\u00e9<\/td>\n<\/tr>\n<tr data-start=\"2120\" data-end=\"2146\">\n<td data-start=\"2120\" data-end=\"2128\" data-col-size=\"sm\">Poids<\/td>\n<td data-start=\"2128\" data-end=\"2146\" data-col-size=\"sm\">Environ 3,2 kg<\/td>\n<\/tr>\n<tr data-start=\"2147\" data-end=\"2186\">\n<td data-start=\"2147\" data-end=\"2161\" data-col-size=\"sm\">Emplacement<\/td>\n<td data-start=\"2161\" data-end=\"2186\" data-col-size=\"sm\">Porte-bagage ou cadre<\/td>\n<\/tr>\n<tr data-start=\"2187\" data-end=\"2228\">\n<td data-start=\"2187\" data-end=\"2194\" data-col-size=\"sm\">Type<\/td>\n<td data-start=\"2194\" data-end=\"2228\" data-col-size=\"sm\">Batterie rechargeable amovible<\/td>\n<\/tr>\n<tr data-start=\"2229\" data-end=\"2278\">\n<td data-start=\"2229\" data-end=\"2240\" data-col-size=\"sm\">S\u00e9curit\u00e9<\/td>\n<td data-start=\"2240\" data-end=\"2278\" data-col-size=\"sm\">BMS int\u00e9gr\u00e9 (protection surcharge)<\/td>\n<\/tr>\n<tr data-start=\"2279\" data-end=\"2324\">\n<td data-start=\"2279\" data-end=\"2307\" data-col-size=\"sm\">Temp\u00e9rature d\u2019utilisation<\/td>\n<td data-start=\"2307\" data-end=\"2324\" data-col-size=\"sm\">-10\u00b0C \u00e0 +45\u00b0C<\/td>\n<\/tr>\n<tr data-start=\"2325\" data-end=\"2371\">\n<td data-start=\"2325\" data-end=\"2333\" data-col-size=\"sm\">Gamme<\/td>\n<td data-start=\"2333\" data-end=\"2371\" data-col-size=\"sm\">Batterie v\u00e9lo \u00e9lectrique Panasonic<\/td>\n<\/tr>\n<\/tbody>\n<\/table>\n<\/div>\n<\/div>\n<p data-start=\"2378\" data-end=\"2496\">\n<h2 data-section-id=\"12pdv0u\" data-start=\"2503\" data-end=\"2527\">\ud83d\udd04 Tableau comparatif<\/h2>\n<div class=\"TyagGW_tableContainer\">\n<div class=\"group TyagGW_tableWrapper flex flex-col-reverse w-fit\" tabindex=\"-1\">\n<table class=\"w-fit min-w-(--thread-content-width)\" data-start=\"2529\" data-end=\"3030\">\n<thead data-start=\"2529\" data-end=\"2639\">\n<tr data-start=\"2529\" data-end=\"2639\">\n<th class=\"\" data-start=\"2529\" data-end=\"2538\" data-col-size=\"sm\">Mod\u00e8le<\/th>\n<th class=\"\" data-start=\"2538\" data-end=\"2557\" data-col-size=\"sm\">Type de batterie<\/th>\n<th class=\"\" data-start=\"2557\" data-end=\"2578\" data-col-size=\"sm\">Voltage \/ capacit\u00e9<\/th>\n<th class=\"\" data-start=\"2578\" data-end=\"2590\" data-col-size=\"sm\">Autonomie<\/th>\n<th class=\"\" data-start=\"2590\" data-end=\"2606\" data-col-size=\"sm\">Compatibilit\u00e9<\/th>\n<th class=\"\" data-start=\"2606\" data-end=\"2614\" data-col-size=\"sm\">Poids<\/th>\n<th class=\"\" data-start=\"2614\" data-end=\"2639\" data-col-size=\"sm\">Prix TTC constructeur<\/th>\n<\/tr>\n<\/thead>\n<tbody data-start=\"2750\" data-end=\"3030\">\n<tr data-start=\"2750\" data-end=\"2847\">\n<td data-start=\"2750\" data-end=\"2771\" data-col-size=\"sm\">Panasonic 26V 24Ah<\/td>\n<td data-start=\"2771\" data-end=\"2785\" data-col-size=\"sm\">Lithium-ion<\/td>\n<td data-start=\"2785\" data-end=\"2798\" data-col-size=\"sm\">26V \/ 24Ah<\/td>\n<td data-start=\"2798\" data-end=\"2810\" data-col-size=\"sm\">60\u2013110 km<\/td>\n<td data-start=\"2810\" data-end=\"2829\" data-col-size=\"sm\">Panasonic e-bike<\/td>\n<td data-start=\"2829\" data-end=\"2838\" data-col-size=\"sm\">3,2 kg<\/td>\n<td data-start=\"2838\" data-end=\"2847\" data-col-size=\"sm\">~329\u20ac<\/td>\n<\/tr>\n<tr data-start=\"2848\" data-end=\"2937\">\n<td data-start=\"2848\" data-end=\"2869\" data-col-size=\"sm\">GreenCell 36V 13Ah<\/td>\n<td data-start=\"2869\" data-end=\"2883\" data-col-size=\"sm\">Lithium-ion<\/td>\n<td data-start=\"2883\" data-end=\"2896\" data-col-size=\"sm\">36V \/ 13Ah<\/td>\n<td data-start=\"2896\" data-end=\"2907\" data-col-size=\"sm\">50\u201380 km<\/td>\n<td data-start=\"2907\" data-end=\"2919\" data-col-size=\"sm\">Universel<\/td>\n<td data-start=\"2919\" data-end=\"2928\" data-col-size=\"sm\">3,0 kg<\/td>\n<td data-start=\"2928\" data-end=\"2937\" data-col-size=\"sm\">~299\u20ac<\/td>\n<\/tr>\n<tr data-start=\"2938\" data-end=\"3030\">\n<td data-start=\"2938\" data-end=\"2957\" data-col-size=\"sm\">Samsung 48V 20Ah<\/td>\n<td data-start=\"2957\" data-end=\"2971\" data-col-size=\"sm\">Lithium-ion<\/td>\n<td data-start=\"2971\" data-end=\"2984\" data-col-size=\"sm\">48V \/ 20Ah<\/td>\n<td data-start=\"2984\" data-end=\"2996\" data-col-size=\"sm\">70\u2013120 km<\/td>\n<td data-start=\"2996\" data-end=\"3012\" data-col-size=\"sm\">VAE puissants<\/td>\n<td data-start=\"3012\" data-end=\"3021\" data-col-size=\"sm\">4,5 kg<\/td>\n<td data-start=\"3021\" data-end=\"3030\" data-col-size=\"sm\">~449\u20ac<\/td>\n<\/tr>\n<\/tbody>\n<\/table>\n<\/div>\n<\/div>\n<p data-start=\"3037\" data-end=\"3263\">\n<h2 data-section-id=\"nrp9\" data-start=\"3270\" data-end=\"3306\">\ud83d\udeb4 Conclusion et appel \u00e0 l\u2019action<\/h2>\n<p data-start=\"3308\" data-end=\"3591\">La <strong data-start=\"3311\" data-end=\"3358\">batterie v\u00e9lo \u00e9lectrique Panasonic 26V 24Ah<\/strong> est un excellent choix pour tous ceux qui souhaitent am\u00e9liorer ou remplacer leur source d\u2019\u00e9nergie avec un produit fiable, durable et performant. Elle combine autonomie, s\u00e9curit\u00e9 et compatibilit\u00e9 optimale avec les syst\u00e8mes Panasonic.<\/p>\n<p data-start=\"3593\" data-end=\"3788\">Si vous recherchez une <strong data-start=\"3616\" data-end=\"3653\">batterie v\u00e9lo \u00e9lectrique pas cher<\/strong>, robuste et con\u00e7ue pour durer, ce mod\u00e8le repr\u00e9sente un investissement intelligent pour vos d\u00e9placements quotidiens ou longues balades.<\/p>\n<p data-start=\"3790\" data-end=\"3880\">\n<h2 data-section-id=\"xsk3yo\" data-start=\"3887\" data-end=\"3925\">\u2753 FAQ \u2013 Batterie Panasonic 26V 24Ah<\/h2>\n<p data-start=\"3927\" data-end=\"4032\"><strong data-start=\"3927\" data-end=\"3970\">Quelle autonomie offre cette batterie ?<\/strong><br data-start=\"3970\" data-end=\"3973\" \/>Entre 60 et 110 km selon le moteur, le poids et le terrain.<\/p>\n<p data-start=\"4034\" data-end=\"4154\"><strong data-start=\"4034\" data-end=\"4079\">Est-elle compatible avec tous les v\u00e9los ?<\/strong><br data-start=\"4079\" data-end=\"4082\" \/>Non, elle est principalement compatible avec les syst\u00e8mes Panasonic 26V.<\/p>\n<p data-start=\"4156\" data-end=\"4242\"><strong data-start=\"4156\" data-end=\"4193\">Combien de temps dure la charge ?<\/strong><br data-start=\"4193\" data-end=\"4196\" \/>Environ 5 \u00e0 7 heures pour une charge compl\u00e8te.<\/p>\n<p data-start=\"4244\" data-end=\"4368\"><strong data-start=\"4244\" data-end=\"4289\">Peut-on remplacer une ancienne batterie ?<\/strong><br data-start=\"4289\" data-end=\"4292\" \/>Oui, c\u2019est une excellente solution de remplacement batterie v\u00e9lo \u00e9lectrique.<\/p>\n<p data-start=\"4370\" data-end=\"4441\"><strong data-start=\"4370\" data-end=\"4402\">Quelle est sa dur\u00e9e de vie ?<\/strong><br data-start=\"4402\" data-end=\"4405\" \/>Environ 700 \u00e0 1000 cycles de charge.<\/p>\n<p data-start=\"4443\" data-end=\"4525\"><strong data-start=\"4443\" data-end=\"4467\">Est-elle s\u00e9curis\u00e9e ?<\/strong><br data-start=\"4467\" data-end=\"4470\" \/>Oui, elle poss\u00e8de un syst\u00e8me BMS de protection int\u00e9gr\u00e9.<\/p>\n<p data-start=\"4527\" data-end=\"4624\"><strong data-start=\"4527\" data-end=\"4564\">Est-ce une batterie lithium-ion ?<\/strong><br data-start=\"4564\" data-end=\"4567\" \/>Oui, il s\u2019agit d\u2019une batterie lithium-ion e-bike moderne.<\/p>\n","protected":false},"excerpt":{"rendered":"<ul data-start=\"4657\" data-end=\"4949\" data-is-last-node=\"\" data-is-only-node=\"\">\n<li data-section-id=\"csgdqd\" data-start=\"4657\" data-end=\"4712\"><span style=\"color: #99cc00;\">\ud83d\udd0b Puissance et autonomie : 26V 24Ah jusqu\u2019\u00e0 110 km<\/span><\/li>\n<li data-section-id=\"f63fl6\" data-start=\"4713\" data-end=\"4774\"><span style=\"color: #99cc00;\">\u2699\ufe0f Technologie et s\u00e9curit\u00e9 : Lithium-ion avec BMS int\u00e9gr\u00e9<\/span><\/li>\n<li data-section-id=\"1f2o55u\" data-start=\"4775\" data-end=\"4825\"><span style=\"color: #99cc00;\">\ud83d\udd04 Compatibilit\u00e9 : v\u00e9los \u00e9lectriques Panasonic<\/span><\/li>\n<li data-section-id=\"18u4nnr\" data-start=\"4826\" data-end=\"4949\" data-is-last-node=\"\"><span style=\"color: #99cc00;\">\ud83d\udcb0 Avantage principal : excellente <strong data-start=\"4863\" data-end=\"4905\">batterie pour v\u00e9lo \u00e9lectrique pas cher<\/strong> avec forte autonomie et<\/span><span style=\"color: #99cc00;\"> longue dur\u00e9e de vie<\/span><\/li>\n<\/ul>\n<p><strong>\ud83d\udc49 Passez \u00e0 l\u2019action d\u00e8s maintenant et redonnez une nouvelle vie \u00e0 votre v\u00e9lo \u00e9lectrique !<\/strong><\/p>\n","protected":false},"featured_media":27755,"comment_status":"closed","ping_status":"closed","template":"","meta":[],"product_brand":[81],"product_cat":[255,109,33],"product_tag":[478,480],"class_list":{"0":"post-27756","1":"product","2":"type-product","3":"status-publish","4":"has-post-thumbnail","6":"product_brand-panasonic","7":"product_cat-24v-batterie-porte-bagage","8":"product_cat-batterie-porte-bagage","9":"product_cat-batteries-de-velos","10":"product_tag-batterie-velo-electrique","11":"product_tag-batterie-velo-resistante","13":"first","14":"instock","15":"shipping-taxable","16":"purchasable","17":"product-type-simple"},"yoast_head":"<!-- This site is optimized with the Yoast SEO plugin v27.5 - https:\/\/yoast.com\/product\/yoast-seo-wordpress\/ -->\n<title>Batterie pour velos Panasonic | 26V 24Ah ~624 Wh - ateliervae.fr<\/title>\n<meta name=\"description\" content=\"Batterie v\u00e9lo \u00e9lectrique pas cher Panasonic 26V 24Ah \u2013 autonomie \u00e9lev\u00e9e, longue dur\u00e9e de vie et performance fiable \u00e0 429\u20ac environ.\" \/>\n<meta name=\"robots\" content=\"index, follow, max-snippet:-1, max-image-preview:large, max-video-preview:-1\" \/>\n<link rel=\"canonical\" href=\"https:\/\/ateliervae.fr\/?product=panasonic-26v-24ah\" \/>\n<meta property=\"og:locale\" content=\"fr_FR\" \/>\n<meta property=\"og:type\" content=\"article\" \/>\n<meta property=\"og:title\" content=\"Batterie pour velos Panasonic | 26V 24Ah ~624 Wh - ateliervae.fr\" \/>\n<meta property=\"og:description\" content=\"Batterie v\u00e9lo \u00e9lectrique pas cher Panasonic 26V 24Ah \u2013 autonomie \u00e9lev\u00e9e, longue dur\u00e9e de vie et performance fiable \u00e0 429\u20ac environ.\" \/>\n<meta property=\"og:url\" content=\"https:\/\/ateliervae.fr\/?product=panasonic-26v-24ah\" \/>\n<meta property=\"og:site_name\" content=\"ateliervae.fr\" \/>\n<meta property=\"article:modified_time\" content=\"2026-04-20T18:28:50+00:00\" \/>\n<meta property=\"og:image\" content=\"https:\/\/ateliervae.fr\/wp-content\/uploads\/2026\/04\/panasonic-26v-24ah.png\" \/>\n\t<meta property=\"og:image:width\" content=\"360\" \/>\n\t<meta property=\"og:image:height\" content=\"360\" \/>\n\t<meta property=\"og:image:type\" content=\"image\/png\" \/>\n<meta name=\"twitter:card\" content=\"summary_large_image\" \/>\n<meta name=\"twitter:label1\" content=\"Dur\u00e9e de lecture estim\u00e9e\" \/>\n\t<meta name=\"twitter:data1\" content=\"3 minutes\" \/>\n<script type=\"application\/ld+json\" class=\"yoast-schema-graph\">{\"@context\":\"https:\\\/\\\/schema.org\",\"@graph\":[{\"@type\":\"WebPage\",\"@id\":\"https:\\\/\\\/ateliervae.fr\\\/?product=panasonic-26v-24ah\",\"url\":\"https:\\\/\\\/ateliervae.fr\\\/?product=panasonic-26v-24ah\",\"name\":\"Batterie pour velos Panasonic | 26V 24Ah ~624 Wh - ateliervae.fr\",\"isPartOf\":{\"@id\":\"https:\\\/\\\/ateliervae.fr\\\/#website\"},\"primaryImageOfPage\":{\"@id\":\"https:\\\/\\\/ateliervae.fr\\\/?product=panasonic-26v-24ah#primaryimage\"},\"image\":{\"@id\":\"https:\\\/\\\/ateliervae.fr\\\/?product=panasonic-26v-24ah#primaryimage\"},\"thumbnailUrl\":\"https:\\\/\\\/ateliervae.fr\\\/wp-content\\\/uploads\\\/2026\\\/04\\\/panasonic-26v-24ah.png\",\"datePublished\":\"2026-04-20T18:17:08+00:00\",\"dateModified\":\"2026-04-20T18:28:50+00:00\",\"description\":\"Batterie v\u00e9lo \u00e9lectrique pas cher Panasonic 26V 24Ah \u2013 autonomie \u00e9lev\u00e9e, longue dur\u00e9e de vie et performance fiable \u00e0 429\u20ac environ.\",\"breadcrumb\":{\"@id\":\"https:\\\/\\\/ateliervae.fr\\\/?product=panasonic-26v-24ah#breadcrumb\"},\"inLanguage\":\"fr-FR\",\"potentialAction\":[{\"@type\":\"ReadAction\",\"target\":[\"https:\\\/\\\/ateliervae.fr\\\/?product=panasonic-26v-24ah\"]}]},{\"@type\":\"ImageObject\",\"inLanguage\":\"fr-FR\",\"@id\":\"https:\\\/\\\/ateliervae.fr\\\/?product=panasonic-26v-24ah#primaryimage\",\"url\":\"https:\\\/\\\/ateliervae.fr\\\/wp-content\\\/uploads\\\/2026\\\/04\\\/panasonic-26v-24ah.png\",\"contentUrl\":\"https:\\\/\\\/ateliervae.fr\\\/wp-content\\\/uploads\\\/2026\\\/04\\\/panasonic-26v-24ah.png\",\"width\":360,\"height\":360,\"caption\":\"batterie v\u00e9lo \u00e9lectrique pas cher\"},{\"@type\":\"BreadcrumbList\",\"@id\":\"https:\\\/\\\/ateliervae.fr\\\/?product=panasonic-26v-24ah#breadcrumb\",\"itemListElement\":[{\"@type\":\"ListItem\",\"position\":1,\"name\":\"Home\",\"item\":\"https:\\\/\\\/ateliervae.fr\\\/\"},{\"@type\":\"ListItem\",\"position\":2,\"name\":\"Produits\",\"item\":\"https:\\\/\\\/ateliervae.fr\\\/shop\\\/\"},{\"@type\":\"ListItem\",\"position\":3,\"name\":\"Batterie pour velos Panasonic | 26V 24Ah ~624 Wh\"}]},{\"@type\":\"WebSite\",\"@id\":\"https:\\\/\\\/ateliervae.fr\\\/#website\",\"url\":\"https:\\\/\\\/ateliervae.fr\\\/\",\"name\":\"ateliervae.fr\",\"description\":\"L\u2019\u00e9nergie au c\u0153ur de vos trajets\",\"publisher\":{\"@id\":\"https:\\\/\\\/ateliervae.fr\\\/#organization\"},\"potentialAction\":[{\"@type\":\"SearchAction\",\"target\":{\"@type\":\"EntryPoint\",\"urlTemplate\":\"https:\\\/\\\/ateliervae.fr\\\/?s={search_term_string}\"},\"query-input\":{\"@type\":\"PropertyValueSpecification\",\"valueRequired\":true,\"valueName\":\"search_term_string\"}}],\"inLanguage\":\"fr-FR\"},{\"@type\":\"Organization\",\"@id\":\"https:\\\/\\\/ateliervae.fr\\\/#organization\",\"name\":\"ateliervae.fr\",\"url\":\"https:\\\/\\\/ateliervae.fr\\\/\",\"logo\":{\"@type\":\"ImageObject\",\"inLanguage\":\"fr-FR\",\"@id\":\"https:\\\/\\\/ateliervae.fr\\\/#\\\/schema\\\/logo\\\/image\\\/\",\"url\":\"https:\\\/\\\/ateliervae.fr\\\/wp-content\\\/uploads\\\/2026\\\/04\\\/ChatGPT-Image-6-avr.-2026-11_58_22.png\",\"contentUrl\":\"https:\\\/\\\/ateliervae.fr\\\/wp-content\\\/uploads\\\/2026\\\/04\\\/ChatGPT-Image-6-avr.-2026-11_58_22.png\",\"width\":1536,\"height\":1024,\"caption\":\"ateliervae.fr\"},\"image\":{\"@id\":\"https:\\\/\\\/ateliervae.fr\\\/#\\\/schema\\\/logo\\\/image\\\/\"}}]}<\/script>\n<!-- \/ Yoast SEO plugin. -->","yoast_head_json":{"title":"Batterie pour velos Panasonic | 26V 24Ah ~624 Wh - ateliervae.fr","description":"Batterie v\u00e9lo \u00e9lectrique pas cher Panasonic 26V 24Ah \u2013 autonomie \u00e9lev\u00e9e, longue dur\u00e9e de vie et performance fiable \u00e0 429\u20ac environ.","robots":{"index":"index","follow":"follow","max-snippet":"max-snippet:-1","max-image-preview":"max-image-preview:large","max-video-preview":"max-video-preview:-1"},"canonical":"https:\/\/ateliervae.fr\/?product=panasonic-26v-24ah","og_locale":"fr_FR","og_type":"article","og_title":"Batterie pour velos Panasonic | 26V 24Ah ~624 Wh - ateliervae.fr","og_description":"Batterie v\u00e9lo \u00e9lectrique pas cher Panasonic 26V 24Ah \u2013 autonomie \u00e9lev\u00e9e, longue dur\u00e9e de vie et performance fiable \u00e0 429\u20ac environ.","og_url":"https:\/\/ateliervae.fr\/?product=panasonic-26v-24ah","og_site_name":"ateliervae.fr","article_modified_time":"2026-04-20T18:28:50+00:00","og_image":[{"width":360,"height":360,"url":"https:\/\/ateliervae.fr\/wp-content\/uploads\/2026\/04\/panasonic-26v-24ah.png","type":"image\/png"}],"twitter_card":"summary_large_image","twitter_misc":{"Dur\u00e9e de lecture estim\u00e9e":"3 minutes"},"schema":{"@context":"https:\/\/schema.org","@graph":[{"@type":"WebPage","@id":"https:\/\/ateliervae.fr\/?product=panasonic-26v-24ah","url":"https:\/\/ateliervae.fr\/?product=panasonic-26v-24ah","name":"Batterie pour velos Panasonic | 26V 24Ah ~624 Wh - ateliervae.fr","isPartOf":{"@id":"https:\/\/ateliervae.fr\/#website"},"primaryImageOfPage":{"@id":"https:\/\/ateliervae.fr\/?product=panasonic-26v-24ah#primaryimage"},"image":{"@id":"https:\/\/ateliervae.fr\/?product=panasonic-26v-24ah#primaryimage"},"thumbnailUrl":"https:\/\/ateliervae.fr\/wp-content\/uploads\/2026\/04\/panasonic-26v-24ah.png","datePublished":"2026-04-20T18:17:08+00:00","dateModified":"2026-04-20T18:28:50+00:00","description":"Batterie v\u00e9lo \u00e9lectrique pas cher Panasonic 26V 24Ah \u2013 autonomie \u00e9lev\u00e9e, longue dur\u00e9e de vie et performance fiable \u00e0 429\u20ac environ.","breadcrumb":{"@id":"https:\/\/ateliervae.fr\/?product=panasonic-26v-24ah#breadcrumb"},"inLanguage":"fr-FR","potentialAction":[{"@type":"ReadAction","target":["https:\/\/ateliervae.fr\/?product=panasonic-26v-24ah"]}]},{"@type":"ImageObject","inLanguage":"fr-FR","@id":"https:\/\/ateliervae.fr\/?product=panasonic-26v-24ah#primaryimage","url":"https:\/\/ateliervae.fr\/wp-content\/uploads\/2026\/04\/panasonic-26v-24ah.png","contentUrl":"https:\/\/ateliervae.fr\/wp-content\/uploads\/2026\/04\/panasonic-26v-24ah.png","width":360,"height":360,"caption":"batterie v\u00e9lo \u00e9lectrique pas cher"},{"@type":"BreadcrumbList","@id":"https:\/\/ateliervae.fr\/?product=panasonic-26v-24ah#breadcrumb","itemListElement":[{"@type":"ListItem","position":1,"name":"Home","item":"https:\/\/ateliervae.fr\/"},{"@type":"ListItem","position":2,"name":"Produits","item":"https:\/\/ateliervae.fr\/shop\/"},{"@type":"ListItem","position":3,"name":"Batterie pour velos Panasonic | 26V 24Ah ~624 Wh"}]},{"@type":"WebSite","@id":"https:\/\/ateliervae.fr\/#website","url":"https:\/\/ateliervae.fr\/","name":"ateliervae.fr","description":"L\u2019\u00e9nergie au c\u0153ur de vos trajets","publisher":{"@id":"https:\/\/ateliervae.fr\/#organization"},"potentialAction":[{"@type":"SearchAction","target":{"@type":"EntryPoint","urlTemplate":"https:\/\/ateliervae.fr\/?s={search_term_string}"},"query-input":{"@type":"PropertyValueSpecification","valueRequired":true,"valueName":"search_term_string"}}],"inLanguage":"fr-FR"},{"@type":"Organization","@id":"https:\/\/ateliervae.fr\/#organization","name":"ateliervae.fr","url":"https:\/\/ateliervae.fr\/","logo":{"@type":"ImageObject","inLanguage":"fr-FR","@id":"https:\/\/ateliervae.fr\/#\/schema\/logo\/image\/","url":"https:\/\/ateliervae.fr\/wp-content\/uploads\/2026\/04\/ChatGPT-Image-6-avr.-2026-11_58_22.png","contentUrl":"https:\/\/ateliervae.fr\/wp-content\/uploads\/2026\/04\/ChatGPT-Image-6-avr.-2026-11_58_22.png","width":1536,"height":1024,"caption":"ateliervae.fr"},"image":{"@id":"https:\/\/ateliervae.fr\/#\/schema\/logo\/image\/"}}]}},"_links":{"self":[{"href":"https:\/\/ateliervae.fr\/index.php?rest_route=\/wp\/v2\/product\/27756","targetHints":{"allow":["GET"]}}],"collection":[{"href":"https:\/\/ateliervae.fr\/index.php?rest_route=\/wp\/v2\/product"}],"about":[{"href":"https:\/\/ateliervae.fr\/index.php?rest_route=\/wp\/v2\/types\/product"}],"replies":[{"embeddable":true,"href":"https:\/\/ateliervae.fr\/index.php?rest_route=%2Fwp%2Fv2%2Fcomments&post=27756"}],"version-history":[{"count":3,"href":"https:\/\/ateliervae.fr\/index.php?rest_route=\/wp\/v2\/product\/27756\/revisions"}],"predecessor-version":[{"id":27765,"href":"https:\/\/ateliervae.fr\/index.php?rest_route=\/wp\/v2\/product\/27756\/revisions\/27765"}],"wp:featuredmedia":[{"embeddable":true,"href":"https:\/\/ateliervae.fr\/index.php?rest_route=\/wp\/v2\/media\/27755"}],"wp:attachment":[{"href":"https:\/\/ateliervae.fr\/index.php?rest_route=%2Fwp%2Fv2%2Fmedia&parent=27756"}],"wp:term":[{"taxonomy":"product_brand","embeddable":true,"href":"https:\/\/ateliervae.fr\/index.php?rest_route=%2Fwp%2Fv2%2Fproduct_brand&post=27756"},{"taxonomy":"product_cat","embeddable":true,"href":"https:\/\/ateliervae.fr\/index.php?rest_route=%2Fwp%2Fv2%2Fproduct_cat&post=27756"},{"taxonomy":"product_tag","embeddable":true,"href":"https:\/\/ateliervae.fr\/index.php?rest_route=%2Fwp%2Fv2%2Fproduct_tag&post=27756"}],"curies":[{"name":"wp","href":"https:\/\/api.w.org\/{rel}","templated":true}]}}