{"id":27748,"date":"2026-04-20T18:17:07","date_gmt":"2026-04-20T18:17:07","guid":{"rendered":"https:\/\/ateliervae.fr\/shop\/non%20class\u00e9\/panasonic-deluxe-15-4ah-36v\/panasonic-deluxe-15-4ah-36v\/"},"modified":"2026-04-20T19:48:22","modified_gmt":"2026-04-20T19:48:22","slug":"panasonic-deluxe-15-4ah-36v","status":"publish","type":"product","link":"https:\/\/ateliervae.fr\/?product=panasonic-deluxe-15-4ah-36v","title":{"rendered":"Batterie pour velos  Panasonic Deluxe |15.4Ah 36V ~554 Wh"},"content":{"rendered":"<h2 data-section-id=\"16sn4z7\" data-start=\"242\" data-end=\"280\">Description d\u00e9taill\u00e9e du produit<\/h2>\n<p data-start=\"282\" data-end=\"649\">La <strong data-start=\"285\" data-end=\"346\">batterie pour v\u00e9lo \u00e9lectrique Panasonic Deluxe 36V 15.4Ah<\/strong> est une solution haut de gamme con\u00e7ue pour offrir puissance, fiabilit\u00e9 et autonomie longue dur\u00e9e. Bas\u00e9e sur la technologie <strong data-start=\"470\" data-end=\"485\">Lithium-ion<\/strong>, elle garantit une excellente stabilit\u00e9 \u00e9nerg\u00e9tique et une dur\u00e9e de vie prolong\u00e9e, id\u00e9ale pour les cyclistes urbains comme pour les amateurs de longues randonn\u00e9es.<\/p>\n<p data-start=\"651\" data-end=\"852\">Cette <strong data-start=\"657\" data-end=\"701\">batterie v\u00e9lo durable et fiable pas cher<\/strong> est sp\u00e9cialement adapt\u00e9e aux v\u00e9los \u00e9lectriques \u00e9quip\u00e9s de moteurs 36V. Elle assure une alimentation constante, m\u00eame en mont\u00e9e ou sur terrain exigeant.<\/p>\n<p data-start=\"854\" data-end=\"1164\">Gr\u00e2ce \u00e0 sa capacit\u00e9 de <strong data-start=\"877\" data-end=\"887\">15.4Ah<\/strong>, elle offre une autonomie confortable, id\u00e9ale pour les trajets quotidiens, les d\u00e9placements professionnels ou les balades longue distance. C\u2019est une excellente alternative pour ceux qui recherchent une <strong data-start=\"1090\" data-end=\"1128\">autonomie batterie v\u00e9lo \u00e9lectrique<\/strong> optimis\u00e9e sans sacrifier le budget.<\/p>\n<p data-start=\"1166\" data-end=\"1336\">Elle est \u00e9galement compatible avec de nombreux mod\u00e8les de VTT et v\u00e9los urbains, ce qui en fait une solution polyvalente pour le <strong data-start=\"1294\" data-end=\"1335\">remplacement batterie v\u00e9lo \u00e9lectrique<\/strong>.<\/p>\n<h3 data-section-id=\"1vd5vdx\" data-start=\"1338\" data-end=\"1367\">\ud83d\udd0b Avantages principaux :<\/h3>\n<ul data-start=\"1368\" data-end=\"1571\">\n<li data-section-id=\"b6nwyt\" data-start=\"1368\" data-end=\"1408\">Grande autonomie et puissance stable<\/li>\n<li data-section-id=\"1h5upge\" data-start=\"1409\" data-end=\"1446\">Technologie Lithium-ion s\u00e9curis\u00e9e<\/li>\n<li data-section-id=\"1wapyle\" data-start=\"1447\" data-end=\"1500\">Compatibilit\u00e9 large (v\u00e9lo urbain, VTT \u00e9lectrique)<\/li>\n<li data-section-id=\"1lmcwxl\" data-start=\"1501\" data-end=\"1539\">Long cycle de vie batterie lithium<\/li>\n<li data-section-id=\"1t901lj\" data-start=\"1540\" data-end=\"1571\">Recharge rapide et efficace<\/li>\n<\/ul>\n<h2 data-section-id=\"1kq4v9t\" data-start=\"1580\" data-end=\"1626\"><\/h2>\n<h2 data-section-id=\"1kq4v9t\" data-start=\"1580\" data-end=\"1626\">4. Tableau technique complet de la batterie<\/h2>\n<div class=\"TyagGW_tableContainer\">\n<div class=\"group TyagGW_tableWrapper flex flex-col-reverse w-fit\" tabindex=\"-1\">\n<table class=\"w-fit min-w-(--thread-content-width)\" data-start=\"1628\" data-end=\"2268\">\n<thead data-start=\"1628\" data-end=\"1656\">\n<tr data-start=\"1628\" data-end=\"1656\">\n<th class=\"\" data-start=\"1628\" data-end=\"1646\" data-col-size=\"sm\">Caract\u00e9ristique<\/th>\n<th class=\"\" data-start=\"1646\" data-end=\"1656\" data-col-size=\"sm\">D\u00e9tail<\/th>\n<\/tr>\n<\/thead>\n<tbody data-start=\"1685\" data-end=\"2268\">\n<tr data-start=\"1685\" data-end=\"1737\">\n<td data-start=\"1685\" data-end=\"1704\" data-col-size=\"sm\">Type de batterie<\/td>\n<td data-start=\"1704\" data-end=\"1737\" data-col-size=\"sm\">Batterie pour v\u00e9lo \u00e9lectrique<\/td>\n<\/tr>\n<tr data-start=\"1738\" data-end=\"1767\">\n<td data-start=\"1738\" data-end=\"1752\" data-col-size=\"sm\">Technologie<\/td>\n<td data-start=\"1752\" data-end=\"1767\" data-col-size=\"sm\">Lithium-ion<\/td>\n<\/tr>\n<tr data-start=\"1768\" data-end=\"1785\">\n<td data-start=\"1768\" data-end=\"1778\" data-col-size=\"sm\">Voltage<\/td>\n<td data-start=\"1778\" data-end=\"1785\" data-col-size=\"sm\">36V<\/td>\n<\/tr>\n<tr data-start=\"1786\" data-end=\"1807\">\n<td data-start=\"1786\" data-end=\"1797\" data-col-size=\"sm\">Capacit\u00e9<\/td>\n<td data-start=\"1797\" data-end=\"1807\" data-col-size=\"sm\">15.4Ah<\/td>\n<\/tr>\n<tr data-start=\"1808\" data-end=\"1829\">\n<td data-start=\"1808\" data-end=\"1818\" data-col-size=\"sm\">\u00c9nergie<\/td>\n<td data-start=\"1818\" data-end=\"1829\" data-col-size=\"sm\">~554 Wh<\/td>\n<\/tr>\n<tr data-start=\"1830\" data-end=\"1865\">\n<td data-start=\"1830\" data-end=\"1850\" data-col-size=\"sm\">Autonomie estim\u00e9e<\/td>\n<td data-start=\"1850\" data-end=\"1865\" data-col-size=\"sm\">60 \u00e0 120 km<\/td>\n<\/tr>\n<tr data-start=\"1866\" data-end=\"1900\">\n<td data-start=\"1866\" data-end=\"1884\" data-col-size=\"sm\">Temps de charge<\/td>\n<td data-start=\"1884\" data-end=\"1900\" data-col-size=\"sm\">4 \u00e0 6 heures<\/td>\n<\/tr>\n<tr data-start=\"1901\" data-end=\"1937\">\n<td data-start=\"1901\" data-end=\"1916\" data-col-size=\"sm\">Dur\u00e9e de vie<\/td>\n<td data-start=\"1916\" data-end=\"1937\" data-col-size=\"sm\">800 \u00e0 1000 cycles<\/td>\n<\/tr>\n<tr data-start=\"1938\" data-end=\"1985\">\n<td data-start=\"1938\" data-end=\"1954\" data-col-size=\"sm\">Compatibilit\u00e9<\/td>\n<td data-start=\"1954\" data-end=\"1985\" data-col-size=\"sm\">Moteurs 36V v\u00e9lo \u00e9lectrique<\/td>\n<\/tr>\n<tr data-start=\"1986\" data-end=\"2045\">\n<td data-start=\"1986\" data-end=\"2008\" data-col-size=\"sm\">Syst\u00e8me de fixation<\/td>\n<td data-start=\"2008\" data-end=\"2045\" data-col-size=\"sm\">Batterie int\u00e9gr\u00e9e ou porte-bagage<\/td>\n<\/tr>\n<tr data-start=\"2046\" data-end=\"2069\">\n<td data-start=\"2046\" data-end=\"2054\" data-col-size=\"sm\">Poids<\/td>\n<td data-start=\"2054\" data-end=\"2069\" data-col-size=\"sm\">~3 \u00e0 3.5 kg<\/td>\n<\/tr>\n<tr data-start=\"2070\" data-end=\"2108\">\n<td data-start=\"2070\" data-end=\"2084\" data-col-size=\"sm\">Emplacement<\/td>\n<td data-start=\"2084\" data-end=\"2108\" data-col-size=\"sm\">Cadre \/ porte-bagage<\/td>\n<\/tr>\n<tr data-start=\"2109\" data-end=\"2143\">\n<td data-start=\"2109\" data-end=\"2116\" data-col-size=\"sm\">Type<\/td>\n<td data-start=\"2116\" data-end=\"2143\" data-col-size=\"sm\">Batterie lithium e-bike<\/td>\n<\/tr>\n<tr data-start=\"2144\" data-end=\"2193\">\n<td data-start=\"2144\" data-end=\"2155\" data-col-size=\"sm\">S\u00e9curit\u00e9<\/td>\n<td data-start=\"2155\" data-end=\"2193\" data-col-size=\"sm\">BMS int\u00e9gr\u00e9 (protection surcharge)<\/td>\n<\/tr>\n<tr data-start=\"2194\" data-end=\"2239\">\n<td data-start=\"2194\" data-end=\"2222\" data-col-size=\"sm\">Temp\u00e9rature d\u2019utilisation<\/td>\n<td data-start=\"2222\" data-end=\"2239\" data-col-size=\"sm\">-10\u00b0C \u00e0 +45\u00b0C<\/td>\n<\/tr>\n<tr data-start=\"2240\" data-end=\"2268\">\n<td data-start=\"2240\" data-end=\"2248\" data-col-size=\"sm\">Gamme<\/td>\n<td data-start=\"2248\" data-end=\"2268\" data-col-size=\"sm\">Panasonic Deluxe<\/td>\n<\/tr>\n<\/tbody>\n<\/table>\n<\/div>\n<\/div>\n<h2 data-section-id=\"aj7k93\" data-start=\"2277\" data-end=\"2317\"><\/h2>\n<h2 data-section-id=\"aj7k93\" data-start=\"2277\" data-end=\"2317\">5. Tableau comparatif (2 concurrents)<\/h2>\n<div class=\"TyagGW_tableContainer\">\n<div class=\"group TyagGW_tableWrapper flex flex-col-reverse w-fit\" tabindex=\"-1\">\n<table class=\"w-fit min-w-(--thread-content-width)\" data-start=\"2319\" data-end=\"2840\">\n<thead data-start=\"2319\" data-end=\"2429\">\n<tr data-start=\"2319\" data-end=\"2429\">\n<th class=\"\" data-start=\"2319\" data-end=\"2328\" data-col-size=\"sm\">Mod\u00e8le<\/th>\n<th class=\"\" data-start=\"2328\" data-end=\"2347\" data-col-size=\"sm\">Type de batterie<\/th>\n<th class=\"\" data-start=\"2347\" data-end=\"2368\" data-col-size=\"sm\">Voltage \/ capacit\u00e9<\/th>\n<th class=\"\" data-start=\"2368\" data-end=\"2380\" data-col-size=\"sm\">Autonomie<\/th>\n<th class=\"\" data-start=\"2380\" data-end=\"2396\" data-col-size=\"sm\">Compatibilit\u00e9<\/th>\n<th class=\"\" data-start=\"2396\" data-end=\"2404\" data-col-size=\"sm\">Poids<\/th>\n<th class=\"\" data-start=\"2404\" data-end=\"2429\" data-col-size=\"sm\">Prix TTC constructeur<\/th>\n<\/tr>\n<\/thead>\n<tbody data-start=\"2540\" data-end=\"2840\">\n<tr data-start=\"2540\" data-end=\"2644\">\n<td data-start=\"2540\" data-end=\"2570\" data-col-size=\"sm\">Panasonic Deluxe 36V 15.4Ah<\/td>\n<td data-start=\"2570\" data-end=\"2584\" data-col-size=\"sm\">Lithium-ion<\/td>\n<td data-start=\"2584\" data-end=\"2599\" data-col-size=\"sm\">36V \/ 15.4Ah<\/td>\n<td data-start=\"2599\" data-end=\"2611\" data-col-size=\"sm\">60\u2013120 km<\/td>\n<td data-start=\"2611\" data-end=\"2621\" data-col-size=\"sm\">VAE 36V<\/td>\n<td data-start=\"2621\" data-end=\"2630\" data-col-size=\"sm\">3.2 kg<\/td>\n<td data-start=\"2630\" data-end=\"2644\" data-col-size=\"sm\">~450\u2013550 \u20ac<\/td>\n<\/tr>\n<tr data-start=\"2645\" data-end=\"2741\">\n<td data-start=\"2645\" data-end=\"2667\" data-col-size=\"sm\"><a href=\"https:\/\/ateliervae.fr\/shop\/batteries-de-velos\/batterie-porte-bagage\/36v-batterie-porte-bagage\/10-15-ah-36v-batterie-porte-bagage\/360-540-wh-10-15-ah-36v-batterie-porte-bagage\/bosch-powerpack-400-smart-porte-bagages\/bosch-powerpack-400-smart-porte-bagages\/\">Bosch PowerPack 400<\/a><\/td>\n<td data-start=\"2667\" data-end=\"2681\" data-col-size=\"sm\">Lithium-ion<\/td>\n<td data-start=\"2681\" data-end=\"2694\" data-col-size=\"sm\">36V \/ 11Ah<\/td>\n<td data-start=\"2694\" data-end=\"2706\" data-col-size=\"sm\">50\u2013100 km<\/td>\n<td data-start=\"2706\" data-end=\"2718\" data-col-size=\"sm\">VAE Bosch<\/td>\n<td data-start=\"2718\" data-end=\"2727\" data-col-size=\"sm\">2.6 kg<\/td>\n<td data-start=\"2727\" data-end=\"2741\" data-col-size=\"sm\">~500\u2013650 \u20ac<\/td>\n<\/tr>\n<tr data-start=\"2742\" data-end=\"2840\">\n<td data-start=\"2742\" data-end=\"2761\" data-col-size=\"sm\">Shimano BT-E8010<\/td>\n<td data-start=\"2761\" data-end=\"2775\" data-col-size=\"sm\">Lithium-ion<\/td>\n<td data-start=\"2775\" data-end=\"2788\" data-col-size=\"sm\">36V \/ 14Ah<\/td>\n<td data-start=\"2788\" data-end=\"2800\" data-col-size=\"sm\">55\u2013110 km<\/td>\n<td data-start=\"2800\" data-end=\"2817\" data-col-size=\"sm\">VTT \u00e9lectrique<\/td>\n<td data-start=\"2817\" data-end=\"2826\" data-col-size=\"sm\">3.0 kg<\/td>\n<td data-start=\"2826\" data-end=\"2840\" data-col-size=\"sm\">~550\u2013700 \u20ac<\/td>\n<\/tr>\n<\/tbody>\n<\/table>\n<\/div>\n<\/div>\n<h2 data-section-id=\"yeup86\" data-start=\"2849\" data-end=\"2884\"><\/h2>\n<h2 data-section-id=\"yeup86\" data-start=\"2849\" data-end=\"2884\">6. Conclusion<\/h2>\n<p data-start=\"2886\" data-end=\"3150\">La <strong data-start=\"2889\" data-end=\"2961\">batterie v\u00e9lo durable et fiable pas cher Panasonic Deluxe 36V 15.4Ah<\/strong> repr\u00e9sente un excellent compromis entre performance, autonomie et prix. Gr\u00e2ce \u00e0 sa technologie Lithium-ion avanc\u00e9e, elle assure une conduite fluide et s\u00e9curis\u00e9e sur tous types de parcours.<\/p>\n<p data-start=\"3152\" data-end=\"3316\">Que vous cherchiez une <strong data-start=\"3175\" data-end=\"3202\">batterie lithium e-bike<\/strong> pour remplacer une ancienne unit\u00e9 ou am\u00e9liorer votre autonomie, ce mod\u00e8le est un choix strat\u00e9gique et \u00e9conomique.<\/p>\n<p data-start=\"3318\" data-end=\"3423\">\n<h2 data-section-id=\"xsfmkq\" data-start=\"3430\" data-end=\"3439\">7. FAQ<\/h2>\n<p data-start=\"3441\" data-end=\"3536\"><strong data-start=\"3441\" data-end=\"3487\">1. Quelle autonomie offre cette batterie ?<\/strong><br data-start=\"3487\" data-end=\"3490\" \/>Entre 60 et 120 km selon le mode d\u2019assistance.<\/p>\n<p data-start=\"3538\" data-end=\"3625\"><strong data-start=\"3538\" data-end=\"3580\">2. Est-elle compatible avec mon v\u00e9lo ?<\/strong><br data-start=\"3580\" data-end=\"3583\" \/>Oui, si votre v\u00e9lo utilise un syst\u00e8me 36V.<\/p>\n<p data-start=\"3627\" data-end=\"3691\"><strong data-start=\"3627\" data-end=\"3667\">3. Combien de temps dure la charge ?<\/strong><br data-start=\"3667\" data-end=\"3670\" \/>Environ 4 \u00e0 6 heures.<\/p>\n<p data-start=\"3693\" data-end=\"3827\"><strong data-start=\"3693\" data-end=\"3752\">4. Peut-on remplacer facilement une ancienne batterie ?<\/strong><br data-start=\"3752\" data-end=\"3755\" \/>Oui, c\u2019est une solution id\u00e9ale de remplacement batterie v\u00e9lo \u00e9lectrique.<\/p>\n<p data-start=\"3829\" data-end=\"3903\"><strong data-start=\"3829\" data-end=\"3864\">5. Quelle est sa dur\u00e9e de vie ?<\/strong><br data-start=\"3864\" data-end=\"3867\" \/>Environ 800 \u00e0 1000 cycles de charge.<\/p>\n<p data-start=\"3905\" data-end=\"4013\"><strong data-start=\"3905\" data-end=\"3950\">6. Est-elle adapt\u00e9e aux VTT \u00e9lectriques ?<\/strong><br data-start=\"3950\" data-end=\"3953\" \/>Oui, elle convient aussi comme batterie pour VTT \u00e9lectrique.<\/p>\n<p data-start=\"4015\" data-end=\"4079\"><strong data-start=\"4015\" data-end=\"4042\">7. Est-elle s\u00e9curis\u00e9e ?<\/strong><br data-start=\"4042\" data-end=\"4045\" \/>Oui, gr\u00e2ce au syst\u00e8me BMS int\u00e9gr\u00e9.<\/p>\n","protected":false},"excerpt":{"rendered":"<ul data-start=\"4112\" data-end=\"4365\" data-is-last-node=\"\" data-is-only-node=\"\">\n<li data-section-id=\"1m7oapg\" data-start=\"4112\" data-end=\"4166\"><span style=\"color: #99cc00;\">\u26a1 Puissance et autonomie : 15.4Ah \/ jusqu\u2019\u00e0 120 km<\/span><\/li>\n<li data-section-id=\"1hyh912\" data-start=\"4167\" data-end=\"4217\"><span style=\"color: #99cc00;\">\ud83d\udd0b Technologie et s\u00e9curit\u00e9 : Lithium-ion + BMS<\/span><\/li>\n<li data-section-id=\"12azri9\" data-start=\"4218\" data-end=\"4262\"><span style=\"color: #99cc00;\">\ud83d\udeb2 Compatibilit\u00e9 : v\u00e9los \u00e9lectriques 36V<\/span><\/li>\n<li data-section-id=\"1rkrhcb\" data-start=\"4263\" data-end=\"4365\" data-is-last-node=\"\"><span style=\"color: #99cc00;\">\ud83d\udcb0 Avantage principal : batterie v\u00e9lo durable et fiable pas cher avec excellent rapport qualit\u00e9\/prix<\/span><\/li>\n<\/ul>\n<p><strong>\ud83d\udc49 Offrez une nouvelle vie \u00e0 votre v\u00e9lo \u00e9lectrique et profitez d\u2019une autonomie renforc\u00e9e d\u00e8s aujourd\u2019hui.<\/strong><\/p>\n","protected":false},"featured_media":27747,"comment_status":"closed","ping_status":"closed","template":"","meta":[],"product_brand":[81],"product_cat":[268,256,272,113,109,33],"product_tag":[479,480],"class_list":{"0":"post-27748","1":"product","2":"type-product","3":"status-publish","4":"has-post-thumbnail","6":"product_brand-panasonic","7":"product_cat-15-20-ah-36v-batterie-porte-bagage","8":"product_cat-36v-batterie-porte-bagage","9":"product_cat-540-720-wh-15-20-ah-36v-batterie-porte-bagage","10":"product_cat-batterie-integree-batterie-velo-electrique-36v-autonomie-et-performance","11":"product_cat-batterie-porte-bagage-batteries-de-velo-electrique-batteries-velo-electrique-autonomie-longue-duree","12":"product_cat-batteries-de-velos-batterie-pour-velo-electrique-autonomie-longue-duree","13":"product_tag-batterie-velo-fiable","14":"product_tag-batterie-velo-resistante","16":"first","17":"instock","18":"sale","19":"shipping-taxable","20":"purchasable","21":"product-type-simple"},"yoast_head":"<!-- This site is optimized with the Yoast SEO plugin v27.5 - https:\/\/yoast.com\/product\/yoast-seo-wordpress\/ -->\n<title>Batterie pour velos Panasonic Deluxe |15.4Ah 36V ~554 Wh - ateliervae.fr<\/title>\n<meta name=\"description\" content=\"Batterie v\u00e9lo durable et fiable pas cher Panasonic Deluxe 36V 15.4Ah, autonomie \u00e9lev\u00e9e, performance optimale et prix comp\u00e9titif pour v\u00e9lo \u00e9lectrique.\" \/>\n<meta name=\"robots\" content=\"index, follow, max-snippet:-1, max-image-preview:large, max-video-preview:-1\" \/>\n<link rel=\"canonical\" href=\"https:\/\/ateliervae.fr\/?product=panasonic-deluxe-15-4ah-36v\" \/>\n<meta property=\"og:locale\" content=\"fr_FR\" \/>\n<meta property=\"og:type\" content=\"article\" \/>\n<meta property=\"og:title\" content=\"Batterie pour velos Panasonic Deluxe |15.4Ah 36V ~554 Wh - ateliervae.fr\" \/>\n<meta property=\"og:description\" content=\"Batterie v\u00e9lo durable et fiable pas cher Panasonic Deluxe 36V 15.4Ah, autonomie \u00e9lev\u00e9e, performance optimale et prix comp\u00e9titif pour v\u00e9lo \u00e9lectrique.\" \/>\n<meta property=\"og:url\" content=\"https:\/\/ateliervae.fr\/?product=panasonic-deluxe-15-4ah-36v\" \/>\n<meta property=\"og:site_name\" content=\"ateliervae.fr\" \/>\n<meta property=\"article:modified_time\" content=\"2026-04-20T19:48:22+00:00\" \/>\n<meta property=\"og:image\" content=\"https:\/\/ateliervae.fr\/wp-content\/uploads\/2026\/04\/panasonic_deluxe_15ah_36v.jpeg\" \/>\n\t<meta property=\"og:image:width\" content=\"360\" \/>\n\t<meta property=\"og:image:height\" content=\"360\" \/>\n\t<meta property=\"og:image:type\" content=\"image\/jpeg\" \/>\n<meta name=\"twitter:card\" content=\"summary_large_image\" \/>\n<meta name=\"twitter:label1\" content=\"Dur\u00e9e de lecture estim\u00e9e\" \/>\n\t<meta name=\"twitter:data1\" content=\"3 minutes\" \/>\n<script type=\"application\/ld+json\" class=\"yoast-schema-graph\">{\"@context\":\"https:\\\/\\\/schema.org\",\"@graph\":[{\"@type\":\"WebPage\",\"@id\":\"https:\\\/\\\/ateliervae.fr\\\/?product=panasonic-deluxe-15-4ah-36v\",\"url\":\"https:\\\/\\\/ateliervae.fr\\\/?product=panasonic-deluxe-15-4ah-36v\",\"name\":\"Batterie pour velos Panasonic Deluxe |15.4Ah 36V ~554 Wh - ateliervae.fr\",\"isPartOf\":{\"@id\":\"https:\\\/\\\/ateliervae.fr\\\/#website\"},\"primaryImageOfPage\":{\"@id\":\"https:\\\/\\\/ateliervae.fr\\\/?product=panasonic-deluxe-15-4ah-36v#primaryimage\"},\"image\":{\"@id\":\"https:\\\/\\\/ateliervae.fr\\\/?product=panasonic-deluxe-15-4ah-36v#primaryimage\"},\"thumbnailUrl\":\"https:\\\/\\\/ateliervae.fr\\\/wp-content\\\/uploads\\\/2026\\\/04\\\/panasonic_deluxe_15ah_36v.jpeg\",\"datePublished\":\"2026-04-20T18:17:07+00:00\",\"dateModified\":\"2026-04-20T19:48:22+00:00\",\"description\":\"Batterie v\u00e9lo durable et fiable pas cher Panasonic Deluxe 36V 15.4Ah, autonomie \u00e9lev\u00e9e, performance optimale et prix comp\u00e9titif pour v\u00e9lo \u00e9lectrique.\",\"breadcrumb\":{\"@id\":\"https:\\\/\\\/ateliervae.fr\\\/?product=panasonic-deluxe-15-4ah-36v#breadcrumb\"},\"inLanguage\":\"fr-FR\",\"potentialAction\":[{\"@type\":\"ReadAction\",\"target\":[\"https:\\\/\\\/ateliervae.fr\\\/?product=panasonic-deluxe-15-4ah-36v\"]}]},{\"@type\":\"ImageObject\",\"inLanguage\":\"fr-FR\",\"@id\":\"https:\\\/\\\/ateliervae.fr\\\/?product=panasonic-deluxe-15-4ah-36v#primaryimage\",\"url\":\"https:\\\/\\\/ateliervae.fr\\\/wp-content\\\/uploads\\\/2026\\\/04\\\/panasonic_deluxe_15ah_36v.jpeg\",\"contentUrl\":\"https:\\\/\\\/ateliervae.fr\\\/wp-content\\\/uploads\\\/2026\\\/04\\\/panasonic_deluxe_15ah_36v.jpeg\",\"width\":360,\"height\":360,\"caption\":\"batterie v\u00e9lo durable et fiable pas cher\"},{\"@type\":\"BreadcrumbList\",\"@id\":\"https:\\\/\\\/ateliervae.fr\\\/?product=panasonic-deluxe-15-4ah-36v#breadcrumb\",\"itemListElement\":[{\"@type\":\"ListItem\",\"position\":1,\"name\":\"Home\",\"item\":\"https:\\\/\\\/ateliervae.fr\\\/\"},{\"@type\":\"ListItem\",\"position\":2,\"name\":\"Produits\",\"item\":\"https:\\\/\\\/ateliervae.fr\\\/shop\\\/\"},{\"@type\":\"ListItem\",\"position\":3,\"name\":\"Batterie pour velos Panasonic Deluxe |15.4Ah 36V ~554 Wh\"}]},{\"@type\":\"WebSite\",\"@id\":\"https:\\\/\\\/ateliervae.fr\\\/#website\",\"url\":\"https:\\\/\\\/ateliervae.fr\\\/\",\"name\":\"ateliervae.fr\",\"description\":\"L\u2019\u00e9nergie au c\u0153ur de vos trajets\",\"publisher\":{\"@id\":\"https:\\\/\\\/ateliervae.fr\\\/#organization\"},\"potentialAction\":[{\"@type\":\"SearchAction\",\"target\":{\"@type\":\"EntryPoint\",\"urlTemplate\":\"https:\\\/\\\/ateliervae.fr\\\/?s={search_term_string}\"},\"query-input\":{\"@type\":\"PropertyValueSpecification\",\"valueRequired\":true,\"valueName\":\"search_term_string\"}}],\"inLanguage\":\"fr-FR\"},{\"@type\":\"Organization\",\"@id\":\"https:\\\/\\\/ateliervae.fr\\\/#organization\",\"name\":\"ateliervae.fr\",\"url\":\"https:\\\/\\\/ateliervae.fr\\\/\",\"logo\":{\"@type\":\"ImageObject\",\"inLanguage\":\"fr-FR\",\"@id\":\"https:\\\/\\\/ateliervae.fr\\\/#\\\/schema\\\/logo\\\/image\\\/\",\"url\":\"https:\\\/\\\/ateliervae.fr\\\/wp-content\\\/uploads\\\/2026\\\/04\\\/ChatGPT-Image-6-avr.-2026-11_58_22.png\",\"contentUrl\":\"https:\\\/\\\/ateliervae.fr\\\/wp-content\\\/uploads\\\/2026\\\/04\\\/ChatGPT-Image-6-avr.-2026-11_58_22.png\",\"width\":1536,\"height\":1024,\"caption\":\"ateliervae.fr\"},\"image\":{\"@id\":\"https:\\\/\\\/ateliervae.fr\\\/#\\\/schema\\\/logo\\\/image\\\/\"}}]}<\/script>\n<!-- \/ Yoast SEO plugin. -->","yoast_head_json":{"title":"Batterie pour velos Panasonic Deluxe |15.4Ah 36V ~554 Wh - ateliervae.fr","description":"Batterie v\u00e9lo durable et fiable pas cher Panasonic Deluxe 36V 15.4Ah, autonomie \u00e9lev\u00e9e, performance optimale et prix comp\u00e9titif pour v\u00e9lo \u00e9lectrique.","robots":{"index":"index","follow":"follow","max-snippet":"max-snippet:-1","max-image-preview":"max-image-preview:large","max-video-preview":"max-video-preview:-1"},"canonical":"https:\/\/ateliervae.fr\/?product=panasonic-deluxe-15-4ah-36v","og_locale":"fr_FR","og_type":"article","og_title":"Batterie pour velos Panasonic Deluxe |15.4Ah 36V ~554 Wh - ateliervae.fr","og_description":"Batterie v\u00e9lo durable et fiable pas cher Panasonic Deluxe 36V 15.4Ah, autonomie \u00e9lev\u00e9e, performance optimale et prix comp\u00e9titif pour v\u00e9lo \u00e9lectrique.","og_url":"https:\/\/ateliervae.fr\/?product=panasonic-deluxe-15-4ah-36v","og_site_name":"ateliervae.fr","article_modified_time":"2026-04-20T19:48:22+00:00","og_image":[{"width":360,"height":360,"url":"https:\/\/ateliervae.fr\/wp-content\/uploads\/2026\/04\/panasonic_deluxe_15ah_36v.jpeg","type":"image\/jpeg"}],"twitter_card":"summary_large_image","twitter_misc":{"Dur\u00e9e de lecture estim\u00e9e":"3 minutes"},"schema":{"@context":"https:\/\/schema.org","@graph":[{"@type":"WebPage","@id":"https:\/\/ateliervae.fr\/?product=panasonic-deluxe-15-4ah-36v","url":"https:\/\/ateliervae.fr\/?product=panasonic-deluxe-15-4ah-36v","name":"Batterie pour velos Panasonic Deluxe |15.4Ah 36V ~554 Wh - ateliervae.fr","isPartOf":{"@id":"https:\/\/ateliervae.fr\/#website"},"primaryImageOfPage":{"@id":"https:\/\/ateliervae.fr\/?product=panasonic-deluxe-15-4ah-36v#primaryimage"},"image":{"@id":"https:\/\/ateliervae.fr\/?product=panasonic-deluxe-15-4ah-36v#primaryimage"},"thumbnailUrl":"https:\/\/ateliervae.fr\/wp-content\/uploads\/2026\/04\/panasonic_deluxe_15ah_36v.jpeg","datePublished":"2026-04-20T18:17:07+00:00","dateModified":"2026-04-20T19:48:22+00:00","description":"Batterie v\u00e9lo durable et fiable pas cher Panasonic Deluxe 36V 15.4Ah, autonomie \u00e9lev\u00e9e, performance optimale et prix comp\u00e9titif pour v\u00e9lo \u00e9lectrique.","breadcrumb":{"@id":"https:\/\/ateliervae.fr\/?product=panasonic-deluxe-15-4ah-36v#breadcrumb"},"inLanguage":"fr-FR","potentialAction":[{"@type":"ReadAction","target":["https:\/\/ateliervae.fr\/?product=panasonic-deluxe-15-4ah-36v"]}]},{"@type":"ImageObject","inLanguage":"fr-FR","@id":"https:\/\/ateliervae.fr\/?product=panasonic-deluxe-15-4ah-36v#primaryimage","url":"https:\/\/ateliervae.fr\/wp-content\/uploads\/2026\/04\/panasonic_deluxe_15ah_36v.jpeg","contentUrl":"https:\/\/ateliervae.fr\/wp-content\/uploads\/2026\/04\/panasonic_deluxe_15ah_36v.jpeg","width":360,"height":360,"caption":"batterie v\u00e9lo durable et fiable pas cher"},{"@type":"BreadcrumbList","@id":"https:\/\/ateliervae.fr\/?product=panasonic-deluxe-15-4ah-36v#breadcrumb","itemListElement":[{"@type":"ListItem","position":1,"name":"Home","item":"https:\/\/ateliervae.fr\/"},{"@type":"ListItem","position":2,"name":"Produits","item":"https:\/\/ateliervae.fr\/shop\/"},{"@type":"ListItem","position":3,"name":"Batterie pour velos Panasonic Deluxe |15.4Ah 36V ~554 Wh"}]},{"@type":"WebSite","@id":"https:\/\/ateliervae.fr\/#website","url":"https:\/\/ateliervae.fr\/","name":"ateliervae.fr","description":"L\u2019\u00e9nergie au c\u0153ur de vos trajets","publisher":{"@id":"https:\/\/ateliervae.fr\/#organization"},"potentialAction":[{"@type":"SearchAction","target":{"@type":"EntryPoint","urlTemplate":"https:\/\/ateliervae.fr\/?s={search_term_string}"},"query-input":{"@type":"PropertyValueSpecification","valueRequired":true,"valueName":"search_term_string"}}],"inLanguage":"fr-FR"},{"@type":"Organization","@id":"https:\/\/ateliervae.fr\/#organization","name":"ateliervae.fr","url":"https:\/\/ateliervae.fr\/","logo":{"@type":"ImageObject","inLanguage":"fr-FR","@id":"https:\/\/ateliervae.fr\/#\/schema\/logo\/image\/","url":"https:\/\/ateliervae.fr\/wp-content\/uploads\/2026\/04\/ChatGPT-Image-6-avr.-2026-11_58_22.png","contentUrl":"https:\/\/ateliervae.fr\/wp-content\/uploads\/2026\/04\/ChatGPT-Image-6-avr.-2026-11_58_22.png","width":1536,"height":1024,"caption":"ateliervae.fr"},"image":{"@id":"https:\/\/ateliervae.fr\/#\/schema\/logo\/image\/"}}]}},"_links":{"self":[{"href":"https:\/\/ateliervae.fr\/index.php?rest_route=\/wp\/v2\/product\/27748","targetHints":{"allow":["GET"]}}],"collection":[{"href":"https:\/\/ateliervae.fr\/index.php?rest_route=\/wp\/v2\/product"}],"about":[{"href":"https:\/\/ateliervae.fr\/index.php?rest_route=\/wp\/v2\/types\/product"}],"replies":[{"embeddable":true,"href":"https:\/\/ateliervae.fr\/index.php?rest_route=%2Fwp%2Fv2%2Fcomments&post=27748"}],"version-history":[{"count":2,"href":"https:\/\/ateliervae.fr\/index.php?rest_route=\/wp\/v2\/product\/27748\/revisions"}],"predecessor-version":[{"id":27786,"href":"https:\/\/ateliervae.fr\/index.php?rest_route=\/wp\/v2\/product\/27748\/revisions\/27786"}],"wp:featuredmedia":[{"embeddable":true,"href":"https:\/\/ateliervae.fr\/index.php?rest_route=\/wp\/v2\/media\/27747"}],"wp:attachment":[{"href":"https:\/\/ateliervae.fr\/index.php?rest_route=%2Fwp%2Fv2%2Fmedia&parent=27748"}],"wp:term":[{"taxonomy":"product_brand","embeddable":true,"href":"https:\/\/ateliervae.fr\/index.php?rest_route=%2Fwp%2Fv2%2Fproduct_brand&post=27748"},{"taxonomy":"product_cat","embeddable":true,"href":"https:\/\/ateliervae.fr\/index.php?rest_route=%2Fwp%2Fv2%2Fproduct_cat&post=27748"},{"taxonomy":"product_tag","embeddable":true,"href":"https:\/\/ateliervae.fr\/index.php?rest_route=%2Fwp%2Fv2%2Fproduct_tag&post=27748"}],"curies":[{"name":"wp","href":"https:\/\/api.w.org\/{rel}","templated":true}]}}