{"id":27671,"date":"2026-04-17T20:46:20","date_gmt":"2026-04-17T20:46:20","guid":{"rendered":"https:\/\/ateliervae.fr\/shop\/non%20class\u00e9\/kalkhoff-impulse-36v-15ah-batterie-velo-electrique\/"},"modified":"2026-04-17T21:27:22","modified_gmt":"2026-04-17T21:27:22","slug":"kalkhoff-impulse-36v-15ah-batterie-velo-electrique","status":"publish","type":"product","link":"https:\/\/ateliervae.fr\/?product=kalkhoff-impulse-36v-15ah-batterie-velo-electrique","title":{"rendered":"Batterie pour velos Kalkhoff Impulse 36V 15Ah  540Wh"},"content":{"rendered":"<h2 data-section-id=\"10qs832\" data-start=\"218\" data-end=\"253\">Description d\u00e9taill\u00e9e du produit<\/h2>\n<p data-start=\"255\" data-end=\"736\">La <strong data-start=\"258\" data-end=\"317\">batterie pour v\u00e9lo \u00e9lectrique Kalkhoff Impulse 36V 15Ah<\/strong> est con\u00e7ue pour offrir une performance optimale aux cyclistes exigeants. Gr\u00e2ce \u00e0 sa technologie <strong data-start=\"414\" data-end=\"436\">Lithium-ion e-bike<\/strong>, elle garantit une excellente densit\u00e9 \u00e9nerg\u00e9tique, une dur\u00e9e de vie prolong\u00e9e et une s\u00e9curit\u00e9 renforc\u00e9e. Id\u00e9ale pour les d\u00e9placements urbains comme pour les longues randonn\u00e9es, cette batterie r\u00e9pond parfaitement aux besoins des utilisateurs recherchant une <strong data-start=\"694\" data-end=\"728\">batterie v\u00e9lo autonomie 100 km<\/strong> fiable.<\/p>\n<p data-start=\"738\" data-end=\"1090\">Avec une capacit\u00e9 de <strong data-start=\"759\" data-end=\"775\">15Ah (540Wh)<\/strong>, elle assure une <strong data-start=\"793\" data-end=\"831\">autonomie batterie v\u00e9lo \u00e9lectrique<\/strong> pouvant atteindre jusqu\u2019\u00e0 100 km selon le mode d\u2019assistance, le terrain et le poids du cycliste. Elle est parfaitement adapt\u00e9e aux v\u00e9los \u00e9lectriques Kalkhoff \u00e9quip\u00e9s du syst\u00e8me Impulse, offrant ainsi une compatibilit\u00e9 optimale et une int\u00e9gration sans faille.<\/p>\n<p data-start=\"1092\" data-end=\"1386\">Sa conception robuste permet une utilisation intensive, que ce soit pour un <strong data-start=\"1168\" data-end=\"1208\">VTT \u00e9lectrique batterie longue dur\u00e9e<\/strong> ou un v\u00e9lo de ville. De plus, son syst\u00e8me de gestion \u00e9lectronique (BMS) prot\u00e8ge contre les surtensions, la surchauffe et les courts-circuits, garantissant une s\u00e9curit\u00e9 maximale.<\/p>\n<h3 data-section-id=\"1p08jyr\" data-start=\"1388\" data-end=\"1414\">Avantages principaux :<\/h3>\n<ul data-start=\"1415\" data-end=\"1609\">\n<li data-section-id=\"69ehm0\" data-start=\"1415\" data-end=\"1458\">Grande autonomie pour les longs trajets<\/li>\n<li data-section-id=\"7tt20a\" data-start=\"1459\" data-end=\"1492\">Recharge rapide batterie v\u00e9lo<\/li>\n<li data-section-id=\"1yda83c\" data-start=\"1493\" data-end=\"1526\">Haute fiabilit\u00e9 et durabilit\u00e9<\/li>\n<li data-section-id=\"mp3g73\" data-start=\"1527\" data-end=\"1558\">Compatible Kalkhoff Impulse<\/li>\n<li data-section-id=\"1anp5cc\" data-start=\"1559\" data-end=\"1609\">Batterie lithium v\u00e9lo rechargeable performante<\/li>\n<\/ul>\n<div><\/div>\n<div><\/div>\n<h2 data-section-id=\"t5bigv\" data-start=\"1721\" data-end=\"1749\">Tableau technique complet<\/h2>\n<div class=\"TyagGW_tableContainer\">\n<div class=\"group TyagGW_tableWrapper flex flex-col-reverse w-fit\" tabindex=\"-1\">\n<table class=\"w-fit min-w-(--thread-content-width)\" data-start=\"1751\" data-end=\"2569\">\n<thead data-start=\"1751\" data-end=\"1796\">\n<tr data-start=\"1751\" data-end=\"1796\">\n<th class=\"\" data-start=\"1751\" data-end=\"1786\" data-col-size=\"sm\">Caract\u00e9ristique<\/th>\n<th class=\"\" data-start=\"1786\" data-end=\"1796\" data-col-size=\"sm\">D\u00e9tail<\/th>\n<\/tr>\n<\/thead>\n<tbody data-start=\"1841\" data-end=\"2569\">\n<tr data-start=\"1841\" data-end=\"1907\">\n<td data-start=\"1841\" data-end=\"1874\" data-col-size=\"sm\">Type de batterie<\/td>\n<td data-start=\"1874\" data-end=\"1907\" data-col-size=\"sm\">Batterie pour v\u00e9lo \u00e9lectrique<\/td>\n<\/tr>\n<tr data-start=\"1908\" data-end=\"1956\">\n<td data-start=\"1908\" data-end=\"1941\" data-col-size=\"sm\">Technologie<\/td>\n<td data-start=\"1941\" data-end=\"1956\" data-col-size=\"sm\">Lithium-ion<\/td>\n<\/tr>\n<tr data-start=\"1957\" data-end=\"1997\">\n<td data-start=\"1957\" data-end=\"1990\" data-col-size=\"sm\">Voltage<\/td>\n<td data-start=\"1990\" data-end=\"1997\" data-col-size=\"sm\">36V<\/td>\n<\/tr>\n<tr data-start=\"1998\" data-end=\"2047\">\n<td data-start=\"1998\" data-end=\"2031\" data-col-size=\"sm\">Capacit\u00e9<\/td>\n<td data-start=\"2031\" data-end=\"2047\" data-col-size=\"sm\">15Ah (540Wh)<\/td>\n<\/tr>\n<tr data-start=\"2048\" data-end=\"2099\">\n<td data-start=\"2048\" data-end=\"2081\" data-col-size=\"sm\">Autonomie estim\u00e9e<\/td>\n<td data-start=\"2081\" data-end=\"2099\" data-col-size=\"sm\">Jusqu\u2019\u00e0 100 km<\/td>\n<\/tr>\n<tr data-start=\"2100\" data-end=\"2149\">\n<td data-start=\"2100\" data-end=\"2133\" data-col-size=\"sm\">Temps de charge<\/td>\n<td data-start=\"2133\" data-end=\"2149\" data-col-size=\"sm\">4 \u00e0 6 heures<\/td>\n<\/tr>\n<tr data-start=\"2150\" data-end=\"2204\">\n<td data-start=\"2150\" data-end=\"2183\" data-col-size=\"sm\">Dur\u00e9e de vie<\/td>\n<td data-start=\"2183\" data-end=\"2204\" data-col-size=\"sm\">800 \u00e0 1000 cycles<\/td>\n<\/tr>\n<tr data-start=\"2205\" data-end=\"2258\">\n<td data-start=\"2205\" data-end=\"2238\" data-col-size=\"sm\">Compatibilit\u00e9<\/td>\n<td data-start=\"2238\" data-end=\"2258\" data-col-size=\"sm\">Kalkhoff Impulse<\/td>\n<\/tr>\n<tr data-start=\"2259\" data-end=\"2309\">\n<td data-start=\"2259\" data-end=\"2292\" data-col-size=\"sm\">Syst\u00e8me de fixation<\/td>\n<td data-start=\"2292\" data-end=\"2309\" data-col-size=\"sm\">Int\u00e9gr\u00e9 cadre<\/td>\n<\/tr>\n<tr data-start=\"2310\" data-end=\"2359\">\n<td data-start=\"2310\" data-end=\"2343\" data-col-size=\"sm\">Poids<\/td>\n<td data-start=\"2343\" data-end=\"2359\" data-col-size=\"sm\">Environ 3 kg<\/td>\n<\/tr>\n<tr data-start=\"2360\" data-end=\"2419\">\n<td data-start=\"2360\" data-end=\"2393\" data-col-size=\"sm\">Emplacement<\/td>\n<td data-start=\"2393\" data-end=\"2419\" data-col-size=\"sm\">Cadre ou porte-bagages<\/td>\n<\/tr>\n<tr data-start=\"2420\" data-end=\"2468\">\n<td data-start=\"2420\" data-end=\"2453\" data-col-size=\"sm\">S\u00e9curit\u00e9<\/td>\n<td data-start=\"2453\" data-end=\"2468\" data-col-size=\"sm\">BMS int\u00e9gr\u00e9<\/td>\n<\/tr>\n<tr data-start=\"2469\" data-end=\"2518\">\n<td data-start=\"2469\" data-end=\"2502\" data-col-size=\"sm\">Temp\u00e9rature d\u2019utilisation<\/td>\n<td data-start=\"2502\" data-end=\"2518\" data-col-size=\"sm\">-10\u00b0C \u00e0 45\u00b0C<\/td>\n<\/tr>\n<tr data-start=\"2519\" data-end=\"2569\">\n<td data-start=\"2519\" data-end=\"2552\" data-col-size=\"sm\">Ann\u00e9e \/ gamme<\/td>\n<td data-start=\"2552\" data-end=\"2569\" data-col-size=\"sm\">Gamme Impulse<\/td>\n<\/tr>\n<\/tbody>\n<\/table>\n<\/div>\n<\/div>\n<div><\/div>\n<h2 data-section-id=\"1mu3gfr\" data-start=\"2629\" data-end=\"2650\">Tableau comparatif<\/h2>\n<div class=\"TyagGW_tableContainer\">\n<div class=\"group TyagGW_tableWrapper flex flex-col-reverse w-fit\" tabindex=\"-1\">\n<table class=\"w-fit min-w-(--thread-content-width)\" data-start=\"2652\" data-end=\"3344\">\n<thead data-start=\"2652\" data-end=\"2792\">\n<tr data-start=\"2652\" data-end=\"2792\">\n<th class=\"\" data-start=\"2652\" data-end=\"2690\" data-col-size=\"sm\">Mod\u00e8le<\/th>\n<th class=\"\" data-start=\"2690\" data-end=\"2716\" data-col-size=\"sm\">Type de batterie<\/th>\n<th class=\"\" data-start=\"2716\" data-end=\"2737\" data-col-size=\"sm\">Voltage \/ capacit\u00e9<\/th>\n<th class=\"\" data-start=\"2737\" data-end=\"2749\" data-col-size=\"sm\">Autonomie<\/th>\n<th class=\"\" data-start=\"2749\" data-end=\"2772\" data-col-size=\"sm\">Compatibilit\u00e9<\/th>\n<th class=\"\" data-start=\"2772\" data-end=\"2780\" data-col-size=\"sm\">Poids<\/th>\n<th class=\"\" data-start=\"2780\" data-end=\"2792\" data-col-size=\"sm\">Prix TTC<\/th>\n<\/tr>\n<\/thead>\n<tbody data-start=\"2931\" data-end=\"3344\">\n<tr data-start=\"2931\" data-end=\"3068\">\n<td data-start=\"2931\" data-end=\"2968\" data-col-size=\"sm\">Kalkhoff Impulse 36V 15Ah<\/td>\n<td data-start=\"2968\" data-end=\"2993\" data-col-size=\"sm\">Lithium-ion<\/td>\n<td data-start=\"2993\" data-end=\"3013\" data-col-size=\"sm\">36V \/ 15Ah<\/td>\n<td data-start=\"3013\" data-end=\"3025\" data-col-size=\"sm\">100 km<\/td>\n<td data-start=\"3025\" data-end=\"3048\" data-col-size=\"sm\">Kalkhoff Impulse<\/td>\n<td data-start=\"3048\" data-end=\"3056\" data-col-size=\"sm\">3 kg<\/td>\n<td data-start=\"3056\" data-end=\"3068\" data-col-size=\"sm\">599\u20ac<\/td>\n<\/tr>\n<tr data-start=\"3069\" data-end=\"3206\">\n<td data-start=\"3069\" data-end=\"3106\" data-col-size=\"sm\"><a href=\"https:\/\/ateliervae.fr\/shop\/batteries-de-velos\/batterie-integree\/36v-batterie-integree\/10-15-ah-36v-batterie-integree\/360-540-wh-10-15-ah-36v-batterie-integree\/bosch-powerpack-500-classic-batterie-de-remplacement\/bosch-powerpack-500-classic-batterie-de-remplacement\/\">Bosch PowerPack 500<\/a><\/td>\n<td data-start=\"3106\" data-end=\"3131\" data-col-size=\"sm\">Lithium-ion<\/td>\n<td data-start=\"3131\" data-end=\"3151\" data-col-size=\"sm\">36V \/ 13.4Ah<\/td>\n<td data-start=\"3151\" data-end=\"3163\" data-col-size=\"sm\">90 km<\/td>\n<td data-start=\"3163\" data-end=\"3186\" data-col-size=\"sm\">Bosch moteurs<\/td>\n<td data-start=\"3186\" data-end=\"3194\" data-col-size=\"sm\">2.6 kg<\/td>\n<td data-start=\"3194\" data-end=\"3206\" data-col-size=\"sm\">699\u20ac<\/td>\n<\/tr>\n<tr data-start=\"3207\" data-end=\"3344\">\n<td data-start=\"3207\" data-end=\"3244\" data-col-size=\"sm\">Shimano Steps BT-E8010<\/td>\n<td data-start=\"3244\" data-end=\"3269\" data-col-size=\"sm\">Lithium-ion<\/td>\n<td data-start=\"3269\" data-end=\"3289\" data-col-size=\"sm\">36V \/ 14Ah<\/td>\n<td data-start=\"3289\" data-end=\"3301\" data-col-size=\"sm\">95 km<\/td>\n<td data-start=\"3301\" data-end=\"3324\" data-col-size=\"sm\">Shimano Steps<\/td>\n<td data-start=\"3324\" data-end=\"3332\" data-col-size=\"sm\">2.8 kg<\/td>\n<td data-start=\"3332\" data-end=\"3344\" data-col-size=\"sm\">650\u20ac<\/td>\n<\/tr>\n<\/tbody>\n<\/table>\n<\/div>\n<\/div>\n<div><\/div>\n<div><\/div>\n<h2 data-section-id=\"105r1gu\" data-start=\"3459\" data-end=\"3491\">Conclusion<\/h2>\n<p data-start=\"3493\" data-end=\"3753\">La <strong data-start=\"3496\" data-end=\"3547\">batterie pour v\u00e9lo \u00e9lectrique Kalkhoff 36V 15Ah<\/strong> se distingue par sa puissance, sa fiabilit\u00e9 et son excellente autonomie. Que vous soyez un utilisateur quotidien ou un passionn\u00e9 de longues balades, elle vous garantit une exp\u00e9rience fluide et performante.<\/p>\n<p data-start=\"3755\" data-end=\"4021\">Avec sa technologie avanc\u00e9e, sa compatibilit\u00e9 parfaite et sa capacit\u00e9 \u00e9lev\u00e9e, elle repr\u00e9sente un investissement durable pour votre v\u00e9lo \u00e9lectrique. Ne laissez plus votre autonomie limiter vos trajets : optez d\u00e8s maintenant pour une batterie performante et s\u00e9curis\u00e9e.<\/p>\n<p data-start=\"4023\" data-end=\"4091\">\n<h2 data-section-id=\"1hryhf7\" data-start=\"4098\" data-end=\"4104\">FAQ<\/h2>\n<p data-start=\"4106\" data-end=\"4221\"><strong data-start=\"4106\" data-end=\"4148\">Quelle autonomie pour cette batterie ?<\/strong><br data-start=\"4148\" data-end=\"4151\" \/>Elle peut atteindre jusqu\u2019\u00e0 100 km selon les conditions d\u2019utilisation.<\/p>\n<p data-start=\"4223\" data-end=\"4326\"><strong data-start=\"4223\" data-end=\"4262\">Est-elle compatible avec mon v\u00e9lo ?<\/strong><br data-start=\"4262\" data-end=\"4265\" \/>Elle est con\u00e7ue pour les v\u00e9los Kalkhoff avec syst\u00e8me Impulse.<\/p>\n<p data-start=\"4328\" data-end=\"4414\"><strong data-start=\"4328\" data-end=\"4365\">Combien de temps dure la charge ?<\/strong><br data-start=\"4365\" data-end=\"4368\" \/>Environ 4 \u00e0 6 heures pour une charge compl\u00e8te.<\/p>\n<p data-start=\"4416\" data-end=\"4518\"><strong data-start=\"4416\" data-end=\"4461\">Peut-on remplacer une batterie ancienne ?<\/strong><br data-start=\"4461\" data-end=\"4464\" \/>Oui, elle est id\u00e9ale pour remplacer une batterie us\u00e9e.<\/p>\n<p data-start=\"4520\" data-end=\"4590\"><strong data-start=\"4520\" data-end=\"4552\">Quelle est sa dur\u00e9e de vie ?<\/strong><br data-start=\"4552\" data-end=\"4555\" \/>Entre 800 et 1000 cycles de charge.<\/p>\n<p data-start=\"4592\" data-end=\"4673\"><strong data-start=\"4592\" data-end=\"4627\">Est-ce une batterie s\u00e9curis\u00e9e ?<\/strong><br data-start=\"4627\" data-end=\"4630\" \/>Oui, elle dispose d\u2019un syst\u00e8me BMS int\u00e9gr\u00e9.<\/p>\n<p data-start=\"4675\" data-end=\"4792\"><strong data-start=\"4675\" data-end=\"4717\">Convient-elle pour un usage intensif ?<\/strong><br data-start=\"4717\" data-end=\"4720\" \/>Absolument, elle est con\u00e7ue pour une utilisation r\u00e9guli\u00e8re et prolong\u00e9e.<\/p>\n","protected":false},"excerpt":{"rendered":"<ul data-start=\"4822\" data-end=\"5067\">\n<li data-section-id=\"9xikqu\" data-start=\"4822\" data-end=\"4883\"><span style=\"color: #99cc00;\">\ud83d\udd0b <strong data-start=\"4827\" data-end=\"4853\">Puissance et autonomie<\/strong> : jusqu\u2019\u00e0 100 km avec 540Wh<\/span><\/li>\n<li data-section-id=\"thkvrx\" data-start=\"4884\" data-end=\"4948\"><span style=\"color: #99cc00;\">\u26a1 <strong data-start=\"4888\" data-end=\"4915\">Technologie et s\u00e9curit\u00e9<\/strong> : Lithium-ion avec BMS int\u00e9gr\u00e9<\/span><\/li>\n<li data-section-id=\"1h0d5wn\" data-start=\"4949\" data-end=\"4992\"><span style=\"color: #99cc00;\">\ud83d\udd27 <strong data-start=\"4954\" data-end=\"4971\">Compatibilit\u00e9<\/strong> : Kalkhoff Impulse<\/span><\/li>\n<li data-section-id=\"xl2hrn\" data-start=\"4993\" data-end=\"5067\"><span style=\"color: #99cc00;\">\ud83d\udeb4 <strong data-start=\"4998\" data-end=\"5014\">Avantage cl\u00e9<\/strong> : batterie v\u00e9lo autonomie 100 km fiable et durable<\/span><\/li>\n<\/ul>\n<p><strong>\ud83d\udc49 Commandez aujourd\u2019hui et profitez d\u2019une mobilit\u00e9 sans compromis !<\/strong><\/p>\n","protected":false},"featured_media":27670,"comment_status":"open","ping_status":"closed","template":"","meta":[],"product_brand":[519],"product_cat":[268,256,272,109,33],"product_tag":[478,521],"class_list":{"0":"post-27671","1":"product","2":"type-product","3":"status-publish","4":"has-post-thumbnail","6":"product_brand-impulse","7":"product_cat-15-20-ah-36v-batterie-porte-bagage","8":"product_cat-36v-batterie-porte-bagage","9":"product_cat-540-720-wh-15-20-ah-36v-batterie-porte-bagage","10":"product_cat-batterie-porte-bagage","11":"product_cat-batteries-de-velos","12":"product_tag-batterie-velo-electrique","13":"product_tag-batterie-velo-electrique-haute-capacite","15":"first","16":"instock","17":"sale","18":"shipping-taxable","19":"purchasable","20":"product-type-simple"},"yoast_head":"<!-- This site is optimized with the Yoast SEO plugin v27.5 - https:\/\/yoast.com\/product\/yoast-seo-wordpress\/ -->\n<title>Batterie pour velos Kalkhoff Impulse 36V 15Ah 540Wh - ateliervae.fr<\/title>\n<meta name=\"description\" content=\"Batterie v\u00e9lo autonomie 100 km Kalkhoff 36V 15Ah \u00e0 339\u20ac \u2013 performance fiable, recharge rapide et longue dur\u00e9e pour vos trajets quotidiens.\" \/>\n<meta name=\"robots\" content=\"index, follow, max-snippet:-1, max-image-preview:large, max-video-preview:-1\" \/>\n<link rel=\"canonical\" href=\"https:\/\/ateliervae.fr\/?product=kalkhoff-impulse-36v-15ah-batterie-velo-electrique\" \/>\n<meta property=\"og:locale\" content=\"fr_FR\" \/>\n<meta property=\"og:type\" content=\"article\" \/>\n<meta property=\"og:title\" content=\"Batterie pour velos Kalkhoff Impulse 36V 15Ah 540Wh - ateliervae.fr\" \/>\n<meta property=\"og:description\" content=\"Batterie v\u00e9lo autonomie 100 km Kalkhoff 36V 15Ah \u00e0 339\u20ac \u2013 performance fiable, recharge rapide et longue dur\u00e9e pour vos trajets quotidiens.\" \/>\n<meta property=\"og:url\" content=\"https:\/\/ateliervae.fr\/?product=kalkhoff-impulse-36v-15ah-batterie-velo-electrique\" \/>\n<meta property=\"og:site_name\" content=\"ateliervae.fr\" \/>\n<meta property=\"article:modified_time\" content=\"2026-04-17T21:27:22+00:00\" \/>\n<meta property=\"og:image\" content=\"https:\/\/ateliervae.fr\/wp-content\/uploads\/2026\/04\/ebbe.dc_.002_r035_039.jpg\" \/>\n\t<meta property=\"og:image:width\" content=\"360\" \/>\n\t<meta property=\"og:image:height\" content=\"360\" \/>\n\t<meta property=\"og:image:type\" content=\"image\/jpeg\" \/>\n<meta name=\"twitter:card\" content=\"summary_large_image\" \/>\n<meta name=\"twitter:label1\" content=\"Dur\u00e9e de lecture estim\u00e9e\" \/>\n\t<meta name=\"twitter:data1\" content=\"3 minutes\" \/>\n<script type=\"application\/ld+json\" class=\"yoast-schema-graph\">{\"@context\":\"https:\\\/\\\/schema.org\",\"@graph\":[{\"@type\":\"WebPage\",\"@id\":\"https:\\\/\\\/ateliervae.fr\\\/?product=kalkhoff-impulse-36v-15ah-batterie-velo-electrique\",\"url\":\"https:\\\/\\\/ateliervae.fr\\\/?product=kalkhoff-impulse-36v-15ah-batterie-velo-electrique\",\"name\":\"Batterie pour velos Kalkhoff Impulse 36V 15Ah 540Wh - ateliervae.fr\",\"isPartOf\":{\"@id\":\"https:\\\/\\\/ateliervae.fr\\\/#website\"},\"primaryImageOfPage\":{\"@id\":\"https:\\\/\\\/ateliervae.fr\\\/?product=kalkhoff-impulse-36v-15ah-batterie-velo-electrique#primaryimage\"},\"image\":{\"@id\":\"https:\\\/\\\/ateliervae.fr\\\/?product=kalkhoff-impulse-36v-15ah-batterie-velo-electrique#primaryimage\"},\"thumbnailUrl\":\"https:\\\/\\\/ateliervae.fr\\\/wp-content\\\/uploads\\\/2026\\\/04\\\/ebbe.dc_.002_r035_039.jpg\",\"datePublished\":\"2026-04-17T20:46:20+00:00\",\"dateModified\":\"2026-04-17T21:27:22+00:00\",\"description\":\"Batterie v\u00e9lo autonomie 100 km Kalkhoff 36V 15Ah \u00e0 339\u20ac \u2013 performance fiable, recharge rapide et longue dur\u00e9e pour vos trajets quotidiens.\",\"breadcrumb\":{\"@id\":\"https:\\\/\\\/ateliervae.fr\\\/?product=kalkhoff-impulse-36v-15ah-batterie-velo-electrique#breadcrumb\"},\"inLanguage\":\"fr-FR\",\"potentialAction\":[{\"@type\":\"ReadAction\",\"target\":[\"https:\\\/\\\/ateliervae.fr\\\/?product=kalkhoff-impulse-36v-15ah-batterie-velo-electrique\"]}]},{\"@type\":\"ImageObject\",\"inLanguage\":\"fr-FR\",\"@id\":\"https:\\\/\\\/ateliervae.fr\\\/?product=kalkhoff-impulse-36v-15ah-batterie-velo-electrique#primaryimage\",\"url\":\"https:\\\/\\\/ateliervae.fr\\\/wp-content\\\/uploads\\\/2026\\\/04\\\/ebbe.dc_.002_r035_039.jpg\",\"contentUrl\":\"https:\\\/\\\/ateliervae.fr\\\/wp-content\\\/uploads\\\/2026\\\/04\\\/ebbe.dc_.002_r035_039.jpg\",\"width\":360,\"height\":360,\"caption\":\"batterie v\u00e9lo autonomie 100 km\"},{\"@type\":\"BreadcrumbList\",\"@id\":\"https:\\\/\\\/ateliervae.fr\\\/?product=kalkhoff-impulse-36v-15ah-batterie-velo-electrique#breadcrumb\",\"itemListElement\":[{\"@type\":\"ListItem\",\"position\":1,\"name\":\"Home\",\"item\":\"https:\\\/\\\/ateliervae.fr\\\/\"},{\"@type\":\"ListItem\",\"position\":2,\"name\":\"Produits\",\"item\":\"https:\\\/\\\/ateliervae.fr\\\/shop\\\/\"},{\"@type\":\"ListItem\",\"position\":3,\"name\":\"Batterie pour velos Kalkhoff Impulse 36V 15Ah 540Wh\"}]},{\"@type\":\"WebSite\",\"@id\":\"https:\\\/\\\/ateliervae.fr\\\/#website\",\"url\":\"https:\\\/\\\/ateliervae.fr\\\/\",\"name\":\"ateliervae.fr\",\"description\":\"L\u2019\u00e9nergie au c\u0153ur de vos trajets\",\"publisher\":{\"@id\":\"https:\\\/\\\/ateliervae.fr\\\/#organization\"},\"potentialAction\":[{\"@type\":\"SearchAction\",\"target\":{\"@type\":\"EntryPoint\",\"urlTemplate\":\"https:\\\/\\\/ateliervae.fr\\\/?s={search_term_string}\"},\"query-input\":{\"@type\":\"PropertyValueSpecification\",\"valueRequired\":true,\"valueName\":\"search_term_string\"}}],\"inLanguage\":\"fr-FR\"},{\"@type\":\"Organization\",\"@id\":\"https:\\\/\\\/ateliervae.fr\\\/#organization\",\"name\":\"ateliervae.fr\",\"url\":\"https:\\\/\\\/ateliervae.fr\\\/\",\"logo\":{\"@type\":\"ImageObject\",\"inLanguage\":\"fr-FR\",\"@id\":\"https:\\\/\\\/ateliervae.fr\\\/#\\\/schema\\\/logo\\\/image\\\/\",\"url\":\"https:\\\/\\\/ateliervae.fr\\\/wp-content\\\/uploads\\\/2026\\\/04\\\/ChatGPT-Image-6-avr.-2026-11_58_22.png\",\"contentUrl\":\"https:\\\/\\\/ateliervae.fr\\\/wp-content\\\/uploads\\\/2026\\\/04\\\/ChatGPT-Image-6-avr.-2026-11_58_22.png\",\"width\":1536,\"height\":1024,\"caption\":\"ateliervae.fr\"},\"image\":{\"@id\":\"https:\\\/\\\/ateliervae.fr\\\/#\\\/schema\\\/logo\\\/image\\\/\"}}]}<\/script>\n<!-- \/ Yoast SEO plugin. -->","yoast_head_json":{"title":"Batterie pour velos Kalkhoff Impulse 36V 15Ah 540Wh - ateliervae.fr","description":"Batterie v\u00e9lo autonomie 100 km Kalkhoff 36V 15Ah \u00e0 339\u20ac \u2013 performance fiable, recharge rapide et longue dur\u00e9e pour vos trajets quotidiens.","robots":{"index":"index","follow":"follow","max-snippet":"max-snippet:-1","max-image-preview":"max-image-preview:large","max-video-preview":"max-video-preview:-1"},"canonical":"https:\/\/ateliervae.fr\/?product=kalkhoff-impulse-36v-15ah-batterie-velo-electrique","og_locale":"fr_FR","og_type":"article","og_title":"Batterie pour velos Kalkhoff Impulse 36V 15Ah 540Wh - ateliervae.fr","og_description":"Batterie v\u00e9lo autonomie 100 km Kalkhoff 36V 15Ah \u00e0 339\u20ac \u2013 performance fiable, recharge rapide et longue dur\u00e9e pour vos trajets quotidiens.","og_url":"https:\/\/ateliervae.fr\/?product=kalkhoff-impulse-36v-15ah-batterie-velo-electrique","og_site_name":"ateliervae.fr","article_modified_time":"2026-04-17T21:27:22+00:00","og_image":[{"width":360,"height":360,"url":"https:\/\/ateliervae.fr\/wp-content\/uploads\/2026\/04\/ebbe.dc_.002_r035_039.jpg","type":"image\/jpeg"}],"twitter_card":"summary_large_image","twitter_misc":{"Dur\u00e9e de lecture estim\u00e9e":"3 minutes"},"schema":{"@context":"https:\/\/schema.org","@graph":[{"@type":"WebPage","@id":"https:\/\/ateliervae.fr\/?product=kalkhoff-impulse-36v-15ah-batterie-velo-electrique","url":"https:\/\/ateliervae.fr\/?product=kalkhoff-impulse-36v-15ah-batterie-velo-electrique","name":"Batterie pour velos Kalkhoff Impulse 36V 15Ah 540Wh - ateliervae.fr","isPartOf":{"@id":"https:\/\/ateliervae.fr\/#website"},"primaryImageOfPage":{"@id":"https:\/\/ateliervae.fr\/?product=kalkhoff-impulse-36v-15ah-batterie-velo-electrique#primaryimage"},"image":{"@id":"https:\/\/ateliervae.fr\/?product=kalkhoff-impulse-36v-15ah-batterie-velo-electrique#primaryimage"},"thumbnailUrl":"https:\/\/ateliervae.fr\/wp-content\/uploads\/2026\/04\/ebbe.dc_.002_r035_039.jpg","datePublished":"2026-04-17T20:46:20+00:00","dateModified":"2026-04-17T21:27:22+00:00","description":"Batterie v\u00e9lo autonomie 100 km Kalkhoff 36V 15Ah \u00e0 339\u20ac \u2013 performance fiable, recharge rapide et longue dur\u00e9e pour vos trajets quotidiens.","breadcrumb":{"@id":"https:\/\/ateliervae.fr\/?product=kalkhoff-impulse-36v-15ah-batterie-velo-electrique#breadcrumb"},"inLanguage":"fr-FR","potentialAction":[{"@type":"ReadAction","target":["https:\/\/ateliervae.fr\/?product=kalkhoff-impulse-36v-15ah-batterie-velo-electrique"]}]},{"@type":"ImageObject","inLanguage":"fr-FR","@id":"https:\/\/ateliervae.fr\/?product=kalkhoff-impulse-36v-15ah-batterie-velo-electrique#primaryimage","url":"https:\/\/ateliervae.fr\/wp-content\/uploads\/2026\/04\/ebbe.dc_.002_r035_039.jpg","contentUrl":"https:\/\/ateliervae.fr\/wp-content\/uploads\/2026\/04\/ebbe.dc_.002_r035_039.jpg","width":360,"height":360,"caption":"batterie v\u00e9lo autonomie 100 km"},{"@type":"BreadcrumbList","@id":"https:\/\/ateliervae.fr\/?product=kalkhoff-impulse-36v-15ah-batterie-velo-electrique#breadcrumb","itemListElement":[{"@type":"ListItem","position":1,"name":"Home","item":"https:\/\/ateliervae.fr\/"},{"@type":"ListItem","position":2,"name":"Produits","item":"https:\/\/ateliervae.fr\/shop\/"},{"@type":"ListItem","position":3,"name":"Batterie pour velos Kalkhoff Impulse 36V 15Ah 540Wh"}]},{"@type":"WebSite","@id":"https:\/\/ateliervae.fr\/#website","url":"https:\/\/ateliervae.fr\/","name":"ateliervae.fr","description":"L\u2019\u00e9nergie au c\u0153ur de vos trajets","publisher":{"@id":"https:\/\/ateliervae.fr\/#organization"},"potentialAction":[{"@type":"SearchAction","target":{"@type":"EntryPoint","urlTemplate":"https:\/\/ateliervae.fr\/?s={search_term_string}"},"query-input":{"@type":"PropertyValueSpecification","valueRequired":true,"valueName":"search_term_string"}}],"inLanguage":"fr-FR"},{"@type":"Organization","@id":"https:\/\/ateliervae.fr\/#organization","name":"ateliervae.fr","url":"https:\/\/ateliervae.fr\/","logo":{"@type":"ImageObject","inLanguage":"fr-FR","@id":"https:\/\/ateliervae.fr\/#\/schema\/logo\/image\/","url":"https:\/\/ateliervae.fr\/wp-content\/uploads\/2026\/04\/ChatGPT-Image-6-avr.-2026-11_58_22.png","contentUrl":"https:\/\/ateliervae.fr\/wp-content\/uploads\/2026\/04\/ChatGPT-Image-6-avr.-2026-11_58_22.png","width":1536,"height":1024,"caption":"ateliervae.fr"},"image":{"@id":"https:\/\/ateliervae.fr\/#\/schema\/logo\/image\/"}}]}},"_links":{"self":[{"href":"https:\/\/ateliervae.fr\/index.php?rest_route=\/wp\/v2\/product\/27671","targetHints":{"allow":["GET"]}}],"collection":[{"href":"https:\/\/ateliervae.fr\/index.php?rest_route=\/wp\/v2\/product"}],"about":[{"href":"https:\/\/ateliervae.fr\/index.php?rest_route=\/wp\/v2\/types\/product"}],"replies":[{"embeddable":true,"href":"https:\/\/ateliervae.fr\/index.php?rest_route=%2Fwp%2Fv2%2Fcomments&post=27671"}],"version-history":[{"count":2,"href":"https:\/\/ateliervae.fr\/index.php?rest_route=\/wp\/v2\/product\/27671\/revisions"}],"predecessor-version":[{"id":27678,"href":"https:\/\/ateliervae.fr\/index.php?rest_route=\/wp\/v2\/product\/27671\/revisions\/27678"}],"wp:featuredmedia":[{"embeddable":true,"href":"https:\/\/ateliervae.fr\/index.php?rest_route=\/wp\/v2\/media\/27670"}],"wp:attachment":[{"href":"https:\/\/ateliervae.fr\/index.php?rest_route=%2Fwp%2Fv2%2Fmedia&parent=27671"}],"wp:term":[{"taxonomy":"product_brand","embeddable":true,"href":"https:\/\/ateliervae.fr\/index.php?rest_route=%2Fwp%2Fv2%2Fproduct_brand&post=27671"},{"taxonomy":"product_cat","embeddable":true,"href":"https:\/\/ateliervae.fr\/index.php?rest_route=%2Fwp%2Fv2%2Fproduct_cat&post=27671"},{"taxonomy":"product_tag","embeddable":true,"href":"https:\/\/ateliervae.fr\/index.php?rest_route=%2Fwp%2Fv2%2Fproduct_tag&post=27671"}],"curies":[{"name":"wp","href":"https:\/\/api.w.org\/{rel}","templated":true}]}}