{"id":27633,"date":"2026-04-17T13:07:01","date_gmt":"2026-04-17T13:07:01","guid":{"rendered":"https:\/\/ateliervae.fr\/shop\/non%20class\u00e9\/impulse-evo-seat-tube-13ah-36v-batterie-de-velo\/"},"modified":"2026-04-17T13:46:52","modified_gmt":"2026-04-17T13:46:52","slug":"impulse-evo-seat-tube-13ah-36v-batterie-de-velo","status":"publish","type":"product","link":"https:\/\/ateliervae.fr\/?product=impulse-evo-seat-tube-13ah-36v-batterie-de-velo","title":{"rendered":"Batterie pour velos Impulse Evo Seat Tube  36V 13Ah \/ 468 Wh"},"content":{"rendered":"<h2 data-section-id=\"10qs832\" data-start=\"219\" data-end=\"254\">Description d\u00e9taill\u00e9e du produit<\/h2>\n<p data-start=\"256\" data-end=\"560\">La <strong data-start=\"259\" data-end=\"337\">batterie pour v\u00e9lo grande capacit\u00e9 pas cher Impulse Evo Seat Tube 13Ah 36V<\/strong> est une solution id\u00e9ale pour les cyclistes recherchant performance, autonomie et fiabilit\u00e9. Con\u00e7ue avec une technologie <strong data-start=\"458\" data-end=\"473\">Lithium-ion<\/strong>, elle garantit une excellente densit\u00e9 \u00e9nerg\u00e9tique tout en restant l\u00e9g\u00e8re et durable.<\/p>\n<p data-start=\"562\" data-end=\"853\">Adapt\u00e9e aux v\u00e9los \u00e9lectriques urbains comme aux VTT \u00e9lectriques, cette <strong data-start=\"633\" data-end=\"660\">batterie lithium e-bike<\/strong> offre une exp\u00e9rience de conduite fluide et s\u00e9curis\u00e9e. Gr\u00e2ce \u00e0 sa capacit\u00e9 de 13Ah et son voltage de 36V, elle permet de parcourir de longues distances sans compromettre la puissance du moteur.<\/p>\n<div><\/div>\n<div><\/div>\n<h3 data-section-id=\"1p08jyr\" data-start=\"1545\" data-end=\"1571\">Avantages principaux :<\/h3>\n<ul data-start=\"1572\" data-end=\"1764\">\n<li data-section-id=\"1ij3fsk\" data-start=\"1572\" data-end=\"1626\">Excellente <strong data-start=\"1585\" data-end=\"1626\">dur\u00e9e de vie batterie v\u00e9lo \u00e9lectrique<\/strong><\/li>\n<li data-section-id=\"zva2s7\" data-start=\"1627\" data-end=\"1656\">Recharge rapide et efficace<\/li>\n<li data-section-id=\"1rz9bqi\" data-start=\"1657\" data-end=\"1703\">Compatibilit\u00e9 avec plusieurs mod\u00e8les Impulse<\/li>\n<li data-section-id=\"t8ewfq\" data-start=\"1704\" data-end=\"1764\">Solution fiable pour remplacement batterie v\u00e9lo \u00e9lectrique<\/li>\n<\/ul>\n<h2 data-section-id=\"t5bigv\" data-start=\"1771\" data-end=\"1799\">Tableau technique complet<\/h2>\n<div class=\"TyagGW_tableContainer\">\n<div class=\"group TyagGW_tableWrapper flex flex-col-reverse w-fit\" tabindex=\"-1\">\n<table class=\"w-fit min-w-(--thread-content-width)\" data-start=\"1801\" data-end=\"2351\">\n<thead data-start=\"1801\" data-end=\"1829\">\n<tr data-start=\"1801\" data-end=\"1829\">\n<th class=\"\" data-start=\"1801\" data-end=\"1819\" data-col-size=\"sm\">Caract\u00e9ristique<\/th>\n<th class=\"\" data-start=\"1819\" data-end=\"1829\" data-col-size=\"sm\">D\u00e9tail<\/th>\n<\/tr>\n<\/thead>\n<tbody data-start=\"1858\" data-end=\"2351\">\n<tr data-start=\"1858\" data-end=\"1902\">\n<td data-start=\"1858\" data-end=\"1877\" data-col-size=\"sm\">Type de batterie<\/td>\n<td data-start=\"1877\" data-end=\"1902\" data-col-size=\"sm\">Batterie rechargeable<\/td>\n<\/tr>\n<tr data-start=\"1903\" data-end=\"1932\">\n<td data-start=\"1903\" data-end=\"1917\" data-col-size=\"sm\">Technologie<\/td>\n<td data-start=\"1917\" data-end=\"1932\" data-col-size=\"sm\">Lithium-ion<\/td>\n<\/tr>\n<tr data-start=\"1933\" data-end=\"1950\">\n<td data-start=\"1933\" data-end=\"1943\" data-col-size=\"sm\">Voltage<\/td>\n<td data-start=\"1943\" data-end=\"1950\" data-col-size=\"sm\">36V<\/td>\n<\/tr>\n<tr data-start=\"1951\" data-end=\"1979\">\n<td data-start=\"1951\" data-end=\"1962\" data-col-size=\"sm\">Capacit\u00e9<\/td>\n<td data-start=\"1962\" data-end=\"1979\" data-col-size=\"sm\">13Ah (468 Wh)<\/td>\n<\/tr>\n<tr data-start=\"1980\" data-end=\"2015\">\n<td data-start=\"1980\" data-end=\"2000\" data-col-size=\"sm\">Autonomie estim\u00e9e<\/td>\n<td data-start=\"2000\" data-end=\"2015\" data-col-size=\"sm\">60 \u00e0 120 km<\/td>\n<\/tr>\n<tr data-start=\"2016\" data-end=\"2050\">\n<td data-start=\"2016\" data-end=\"2034\" data-col-size=\"sm\">Temps de charge<\/td>\n<td data-start=\"2034\" data-end=\"2050\" data-col-size=\"sm\">4 \u00e0 6 heures<\/td>\n<\/tr>\n<tr data-start=\"2051\" data-end=\"2087\">\n<td data-start=\"2051\" data-end=\"2066\" data-col-size=\"sm\">Dur\u00e9e de vie<\/td>\n<td data-start=\"2066\" data-end=\"2087\" data-col-size=\"sm\">800 \u00e0 1000 cycles<\/td>\n<\/tr>\n<tr data-start=\"2088\" data-end=\"2128\">\n<td data-start=\"2088\" data-end=\"2104\" data-col-size=\"sm\">Compatibilit\u00e9<\/td>\n<td data-start=\"2104\" data-end=\"2128\" data-col-size=\"sm\">Syst\u00e8mes Impulse Evo<\/td>\n<\/tr>\n<tr data-start=\"2129\" data-end=\"2168\">\n<td data-start=\"2129\" data-end=\"2151\" data-col-size=\"sm\">Syst\u00e8me de fixation<\/td>\n<td data-start=\"2151\" data-end=\"2168\" data-col-size=\"sm\">Tube de selle<\/td>\n<\/tr>\n<tr data-start=\"2169\" data-end=\"2193\">\n<td data-start=\"2169\" data-end=\"2177\" data-col-size=\"sm\">Poids<\/td>\n<td data-start=\"2177\" data-end=\"2193\" data-col-size=\"sm\">Environ 3 kg<\/td>\n<\/tr>\n<tr data-start=\"2194\" data-end=\"2221\">\n<td data-start=\"2194\" data-end=\"2208\" data-col-size=\"sm\">Emplacement<\/td>\n<td data-start=\"2208\" data-end=\"2221\" data-col-size=\"sm\">Seat Tube<\/td>\n<\/tr>\n<tr data-start=\"2222\" data-end=\"2249\">\n<td data-start=\"2222\" data-end=\"2229\" data-col-size=\"sm\">Type<\/td>\n<td data-start=\"2229\" data-end=\"2249\" data-col-size=\"sm\">Batterie externe<\/td>\n<\/tr>\n<tr data-start=\"2250\" data-end=\"2276\">\n<td data-start=\"2250\" data-end=\"2261\" data-col-size=\"sm\">S\u00e9curit\u00e9<\/td>\n<td data-start=\"2261\" data-end=\"2276\" data-col-size=\"sm\">BMS int\u00e9gr\u00e9<\/td>\n<\/tr>\n<tr data-start=\"2277\" data-end=\"2321\">\n<td data-start=\"2277\" data-end=\"2305\" data-col-size=\"sm\">Temp\u00e9rature d\u2019utilisation<\/td>\n<td data-start=\"2305\" data-end=\"2321\" data-col-size=\"sm\">-10\u00b0C \u00e0 45\u00b0C<\/td>\n<\/tr>\n<tr data-start=\"2322\" data-end=\"2351\">\n<td data-start=\"2322\" data-end=\"2338\" data-col-size=\"sm\">Ann\u00e9e \/ gamme<\/td>\n<td data-start=\"2338\" data-end=\"2351\" data-col-size=\"sm\">Gamme Evo<\/td>\n<\/tr>\n<\/tbody>\n<\/table>\n<\/div>\n<\/div>\n<div><\/div>\n<h2 data-section-id=\"1mu3gfr\" data-start=\"2429\" data-end=\"2450\">Tableau comparatif<\/h2>\n<div class=\"TyagGW_tableContainer\">\n<div class=\"group TyagGW_tableWrapper flex flex-col-reverse w-fit\" tabindex=\"-1\">\n<table class=\"w-fit min-w-(--thread-content-width)\" data-start=\"2452\" data-end=\"2912\">\n<thead data-start=\"2452\" data-end=\"2549\">\n<tr data-start=\"2452\" data-end=\"2549\">\n<th class=\"\" data-start=\"2452\" data-end=\"2461\" data-col-size=\"sm\">Mod\u00e8le<\/th>\n<th class=\"\" data-start=\"2461\" data-end=\"2480\" data-col-size=\"sm\">Type de batterie<\/th>\n<th class=\"\" data-start=\"2480\" data-end=\"2501\" data-col-size=\"sm\">Voltage \/ capacit\u00e9<\/th>\n<th class=\"\" data-start=\"2501\" data-end=\"2513\" data-col-size=\"sm\">Autonomie<\/th>\n<th class=\"\" data-start=\"2513\" data-end=\"2529\" data-col-size=\"sm\">Compatibilit\u00e9<\/th>\n<th class=\"\" data-start=\"2529\" data-end=\"2537\" data-col-size=\"sm\">Poids<\/th>\n<th class=\"\" data-start=\"2537\" data-end=\"2549\" data-col-size=\"sm\">Prix TTC<\/th>\n<\/tr>\n<\/thead>\n<tbody data-start=\"2645\" data-end=\"2912\">\n<tr data-start=\"2645\" data-end=\"2732\">\n<td data-start=\"2645\" data-end=\"2664\" data-col-size=\"sm\">Impulse Evo 13Ah<\/td>\n<td data-start=\"2664\" data-end=\"2678\" data-col-size=\"sm\">Lithium-ion<\/td>\n<td data-start=\"2678\" data-end=\"2691\" data-col-size=\"sm\">36V \/ 13Ah<\/td>\n<td data-start=\"2691\" data-end=\"2703\" data-col-size=\"sm\">60-120 km<\/td>\n<td data-start=\"2703\" data-end=\"2717\" data-col-size=\"sm\">Impulse Evo<\/td>\n<td data-start=\"2717\" data-end=\"2724\" data-col-size=\"sm\">3 kg<\/td>\n<td data-start=\"2724\" data-end=\"2732\" data-col-size=\"sm\">499\u20ac<\/td>\n<\/tr>\n<tr data-start=\"2733\" data-end=\"2818\">\n<td data-start=\"2733\" data-end=\"2755\" data-col-size=\"sm\"><a href=\"https:\/\/ateliervae.fr\/shop\/batteries-de-velos\/batterie-amovible\/36v\/10-15-ah\/360-540-wh\/batterie-velo-electrique-occasion-bosch-powerpack-400-cadre-36v-11ah\/\">Bosch PowerPack 400<\/a><\/td>\n<td data-start=\"2755\" data-end=\"2769\" data-col-size=\"sm\">Lithium-ion<\/td>\n<td data-start=\"2769\" data-end=\"2782\" data-col-size=\"sm\">36V \/ 11Ah<\/td>\n<td data-start=\"2782\" data-end=\"2793\" data-col-size=\"sm\">50-90 km<\/td>\n<td data-start=\"2793\" data-end=\"2801\" data-col-size=\"sm\">Bosch<\/td>\n<td data-start=\"2801\" data-end=\"2810\" data-col-size=\"sm\">2.5 kg<\/td>\n<td data-start=\"2810\" data-end=\"2818\" data-col-size=\"sm\">650\u20ac<\/td>\n<\/tr>\n<tr data-start=\"2819\" data-end=\"2912\">\n<td data-start=\"2819\" data-end=\"2844\" data-col-size=\"sm\">Shimano Steps BT-E6010<\/td>\n<td data-start=\"2844\" data-end=\"2858\" data-col-size=\"sm\">Lithium-ion<\/td>\n<td data-start=\"2858\" data-end=\"2873\" data-col-size=\"sm\">36V \/ 11.6Ah<\/td>\n<td data-start=\"2873\" data-end=\"2885\" data-col-size=\"sm\">60-100 km<\/td>\n<td data-start=\"2885\" data-end=\"2895\" data-col-size=\"sm\">Shimano<\/td>\n<td data-start=\"2895\" data-end=\"2904\" data-col-size=\"sm\">2.8 kg<\/td>\n<td data-start=\"2904\" data-end=\"2912\" data-col-size=\"sm\">700\u20ac<\/td>\n<\/tr>\n<\/tbody>\n<\/table>\n<\/div>\n<\/div>\n<div><\/div>\n<div><\/div>\n<h2 data-section-id=\"105r1gu\" data-start=\"3045\" data-end=\"3077\">Conclusion<\/h2>\n<p data-start=\"3079\" data-end=\"3285\">La <strong data-start=\"3082\" data-end=\"3150\">batterie pour v\u00e9lo grande capacit\u00e9 pas cher Impulse Evo 36V 13Ah<\/strong> est un excellent choix pour tous ceux qui souhaitent am\u00e9liorer l\u2019autonomie et la performance de leur v\u00e9lo \u00e9lectrique sans se ruiner.<\/p>\n<p data-start=\"3287\" data-end=\"3490\">Gr\u00e2ce \u00e0 sa <strong data-start=\"3298\" data-end=\"3325\">technologie lithium-ion<\/strong>, sa grande capacit\u00e9 et sa compatibilit\u00e9 \u00e9tendue, elle s\u2019impose comme une solution fiable et durable pour vos d\u00e9placements quotidiens ou vos sorties longue distance.<\/p>\n<p data-start=\"3492\" data-end=\"3667\">\n<h2 data-section-id=\"1hryhf7\" data-start=\"3674\" data-end=\"3680\"><\/h2>\n<h2 data-section-id=\"1hryhf7\" data-start=\"3674\" data-end=\"3680\">FAQ<\/h2>\n<p data-start=\"3682\" data-end=\"3818\"><strong data-start=\"3682\" data-end=\"3724\">Quelle autonomie pour cette batterie ?<\/strong><br data-start=\"3724\" data-end=\"3727\" \/>Elle offre entre 60 et 120 km selon les conditions d\u2019utilisation et le niveau d\u2019assistance.<\/p>\n<p data-start=\"3820\" data-end=\"3947\"><strong data-start=\"3820\" data-end=\"3859\">Est-elle compatible avec mon v\u00e9lo ?<\/strong><br data-start=\"3859\" data-end=\"3862\" \/>Elle est compatible avec les syst\u00e8mes Impulse Evo. V\u00e9rifiez votre mod\u00e8le avant achat.<\/p>\n<p data-start=\"3949\" data-end=\"4043\"><strong data-start=\"3949\" data-end=\"3986\">Combien de temps dure la charge ?<\/strong><br data-start=\"3986\" data-end=\"3989\" \/>Le temps de charge complet est d\u2019environ 4 \u00e0 6 heures.<\/p>\n<p data-start=\"4045\" data-end=\"4172\"><strong data-start=\"4045\" data-end=\"4090\">Peut-on remplacer une batterie ancienne ?<\/strong><br data-start=\"4090\" data-end=\"4093\" \/>Oui, c\u2019est une excellente option pour un remplacement batterie v\u00e9lo \u00e9lectrique.<\/p>\n<p data-start=\"4174\" data-end=\"4281\"><strong data-start=\"4174\" data-end=\"4206\">Quelle est sa dur\u00e9e de vie ?<\/strong><br data-start=\"4206\" data-end=\"4209\" \/>Entre 800 et 1000 cycles de charge, soit plusieurs ann\u00e9es d\u2019utilisation.<\/p>\n<p data-start=\"4283\" data-end=\"4383\"><strong data-start=\"4283\" data-end=\"4318\">Est-ce une batterie s\u00e9curis\u00e9e ?<\/strong><br data-start=\"4318\" data-end=\"4321\" \/>Oui, elle int\u00e8gre un syst\u00e8me BMS pour une protection optimale.<\/p>\n<p data-start=\"4385\" data-end=\"4493\"><strong data-start=\"4385\" data-end=\"4419\">Peut-on rouler sous la pluie ?<\/strong><br data-start=\"4419\" data-end=\"4422\" \/>Oui, elle est con\u00e7ue pour r\u00e9sister aux conditions ext\u00e9rieures mod\u00e9r\u00e9es.<\/p>\n","protected":false},"excerpt":{"rendered":"<ul data-start=\"4523\" data-end=\"4786\">\n<li data-section-id=\"1utpcd7\" data-start=\"4523\" data-end=\"4587\"><span style=\"color: #99cc00;\">\ud83d\udd0b <strong data-start=\"4528\" data-end=\"4554\">Puissance et autonomie<\/strong> : 36V 13Ah pour jusqu\u2019\u00e0 120 km<\/span><\/li>\n<li data-section-id=\"thkvrx\" data-start=\"4588\" data-end=\"4652\"><span style=\"color: #99cc00;\">\u26a1 <strong data-start=\"4592\" data-end=\"4619\">Technologie et s\u00e9curit\u00e9<\/strong> : Lithium-ion avec BMS int\u00e9gr\u00e9<\/span><\/li>\n<li data-section-id=\"4g6clr\" data-start=\"4653\" data-end=\"4700\"><span style=\"color: #99cc00;\">\ud83d\udd27 <strong data-start=\"4658\" data-end=\"4675\">Compatibilit\u00e9<\/strong> : Syst\u00e8mes Impulse Evo<\/span><\/li>\n<li data-section-id=\"1sossyz\" data-start=\"4701\" data-end=\"4786\"><span style=\"color: #99cc00;\">\ud83d\udcb0 <strong data-start=\"4706\" data-end=\"4728\">Avantage principal<\/strong> : batterie pour v\u00e9lo grande capacit\u00e9 pas cher et fiable<\/span><\/li>\n<\/ul>\n<p><strong>\ud83d\udc49 Ne laissez plus votre autonomie limiter vos trajets : optez d\u00e8s maintenant pour une batterie v\u00e9lo \u00e9lectrique performante et profitez d\u2019une libert\u00e9 totale sur la route !<\/strong><\/p>\n","protected":false},"featured_media":27632,"comment_status":"open","ping_status":"closed","template":"","meta":[],"product_brand":[519],"product_cat":[310,314,299,108,33],"product_tag":[478,521,479],"class_list":{"0":"post-27633","1":"product","2":"type-product","3":"status-publish","4":"has-post-thumbnail","6":"product_brand-impulse","7":"product_cat-10-15-ah-36v-batterie-tube-de-selle","8":"product_cat-360-540-wh-10-15-ah-36v-batterie-tube-de-selle","9":"product_cat-36v-batterie-tube-de-selle","10":"product_cat-batterie-tube-de-selle-batterie-velo-electrique-48v-puissance-et-autonomie","11":"product_cat-batteries-de-velos-batterie-pour-velo-electrique-autonomie-longue-duree","12":"product_tag-batterie-velo-electrique","13":"product_tag-batterie-velo-electrique-haute-capacite","14":"product_tag-batterie-velo-fiable","16":"first","17":"instock","18":"sale","19":"shipping-taxable","20":"purchasable","21":"product-type-simple"},"yoast_head":"<!-- This site is optimized with the Yoast SEO plugin v27.5 - https:\/\/yoast.com\/product\/yoast-seo-wordpress\/ -->\n<title>Batterie pour velos Impulse Evo Seat Tube 36V 13Ah \/ 468 Wh - ateliervae.fr<\/title>\n<meta name=\"description\" content=\"Batterie pour v\u00e9lo grande capacit\u00e9 pas cher, 36V 13Ah en promo 389 \u20ac : autonomie longue dur\u00e9e, performance fiable pour vos trajets quotidiens.\" \/>\n<meta name=\"robots\" content=\"index, follow, max-snippet:-1, max-image-preview:large, max-video-preview:-1\" \/>\n<link rel=\"canonical\" href=\"https:\/\/ateliervae.fr\/?product=impulse-evo-seat-tube-13ah-36v-batterie-de-velo\" \/>\n<meta property=\"og:locale\" content=\"fr_FR\" \/>\n<meta property=\"og:type\" content=\"article\" \/>\n<meta property=\"og:title\" content=\"Batterie pour velos Impulse Evo Seat Tube 36V 13Ah \/ 468 Wh - ateliervae.fr\" \/>\n<meta property=\"og:description\" content=\"Batterie pour v\u00e9lo grande capacit\u00e9 pas cher, 36V 13Ah en promo 389 \u20ac : autonomie longue dur\u00e9e, performance fiable pour vos trajets quotidiens.\" \/>\n<meta property=\"og:url\" content=\"https:\/\/ateliervae.fr\/?product=impulse-evo-seat-tube-13ah-36v-batterie-de-velo\" \/>\n<meta property=\"og:site_name\" content=\"ateliervae.fr\" \/>\n<meta property=\"article:modified_time\" content=\"2026-04-17T13:46:52+00:00\" \/>\n<meta property=\"og:image\" content=\"https:\/\/ateliervae.fr\/wp-content\/uploads\/2026\/04\/impulse_evo_17.25_seat_tube_1__1.jpg\" \/>\n\t<meta property=\"og:image:width\" content=\"360\" \/>\n\t<meta property=\"og:image:height\" content=\"360\" \/>\n\t<meta property=\"og:image:type\" content=\"image\/jpeg\" \/>\n<meta name=\"twitter:card\" content=\"summary_large_image\" \/>\n<meta name=\"twitter:label1\" content=\"Dur\u00e9e de lecture estim\u00e9e\" \/>\n\t<meta name=\"twitter:data1\" content=\"3 minutes\" \/>\n<script type=\"application\/ld+json\" class=\"yoast-schema-graph\">{\"@context\":\"https:\\\/\\\/schema.org\",\"@graph\":[{\"@type\":\"WebPage\",\"@id\":\"https:\\\/\\\/ateliervae.fr\\\/?product=impulse-evo-seat-tube-13ah-36v-batterie-de-velo\",\"url\":\"https:\\\/\\\/ateliervae.fr\\\/?product=impulse-evo-seat-tube-13ah-36v-batterie-de-velo\",\"name\":\"Batterie pour velos Impulse Evo Seat Tube 36V 13Ah \\\/ 468 Wh - ateliervae.fr\",\"isPartOf\":{\"@id\":\"https:\\\/\\\/ateliervae.fr\\\/#website\"},\"primaryImageOfPage\":{\"@id\":\"https:\\\/\\\/ateliervae.fr\\\/?product=impulse-evo-seat-tube-13ah-36v-batterie-de-velo#primaryimage\"},\"image\":{\"@id\":\"https:\\\/\\\/ateliervae.fr\\\/?product=impulse-evo-seat-tube-13ah-36v-batterie-de-velo#primaryimage\"},\"thumbnailUrl\":\"https:\\\/\\\/ateliervae.fr\\\/wp-content\\\/uploads\\\/2026\\\/04\\\/impulse_evo_17.25_seat_tube_1__1.jpg\",\"datePublished\":\"2026-04-17T13:07:01+00:00\",\"dateModified\":\"2026-04-17T13:46:52+00:00\",\"description\":\"Batterie pour v\u00e9lo grande capacit\u00e9 pas cher, 36V 13Ah en promo 389 \u20ac : autonomie longue dur\u00e9e, performance fiable pour vos trajets quotidiens.\",\"breadcrumb\":{\"@id\":\"https:\\\/\\\/ateliervae.fr\\\/?product=impulse-evo-seat-tube-13ah-36v-batterie-de-velo#breadcrumb\"},\"inLanguage\":\"fr-FR\",\"potentialAction\":[{\"@type\":\"ReadAction\",\"target\":[\"https:\\\/\\\/ateliervae.fr\\\/?product=impulse-evo-seat-tube-13ah-36v-batterie-de-velo\"]}]},{\"@type\":\"ImageObject\",\"inLanguage\":\"fr-FR\",\"@id\":\"https:\\\/\\\/ateliervae.fr\\\/?product=impulse-evo-seat-tube-13ah-36v-batterie-de-velo#primaryimage\",\"url\":\"https:\\\/\\\/ateliervae.fr\\\/wp-content\\\/uploads\\\/2026\\\/04\\\/impulse_evo_17.25_seat_tube_1__1.jpg\",\"contentUrl\":\"https:\\\/\\\/ateliervae.fr\\\/wp-content\\\/uploads\\\/2026\\\/04\\\/impulse_evo_17.25_seat_tube_1__1.jpg\",\"width\":360,\"height\":360,\"caption\":\"batterie pour v\u00e9lo grande capacit\u00e9 pas cher\"},{\"@type\":\"BreadcrumbList\",\"@id\":\"https:\\\/\\\/ateliervae.fr\\\/?product=impulse-evo-seat-tube-13ah-36v-batterie-de-velo#breadcrumb\",\"itemListElement\":[{\"@type\":\"ListItem\",\"position\":1,\"name\":\"Home\",\"item\":\"https:\\\/\\\/ateliervae.fr\\\/\"},{\"@type\":\"ListItem\",\"position\":2,\"name\":\"Produits\",\"item\":\"https:\\\/\\\/ateliervae.fr\\\/shop\\\/\"},{\"@type\":\"ListItem\",\"position\":3,\"name\":\"Batterie pour velos Impulse Evo Seat Tube 36V 13Ah \\\/ 468 Wh\"}]},{\"@type\":\"WebSite\",\"@id\":\"https:\\\/\\\/ateliervae.fr\\\/#website\",\"url\":\"https:\\\/\\\/ateliervae.fr\\\/\",\"name\":\"ateliervae.fr\",\"description\":\"L\u2019\u00e9nergie au c\u0153ur de vos trajets\",\"publisher\":{\"@id\":\"https:\\\/\\\/ateliervae.fr\\\/#organization\"},\"potentialAction\":[{\"@type\":\"SearchAction\",\"target\":{\"@type\":\"EntryPoint\",\"urlTemplate\":\"https:\\\/\\\/ateliervae.fr\\\/?s={search_term_string}\"},\"query-input\":{\"@type\":\"PropertyValueSpecification\",\"valueRequired\":true,\"valueName\":\"search_term_string\"}}],\"inLanguage\":\"fr-FR\"},{\"@type\":\"Organization\",\"@id\":\"https:\\\/\\\/ateliervae.fr\\\/#organization\",\"name\":\"ateliervae.fr\",\"url\":\"https:\\\/\\\/ateliervae.fr\\\/\",\"logo\":{\"@type\":\"ImageObject\",\"inLanguage\":\"fr-FR\",\"@id\":\"https:\\\/\\\/ateliervae.fr\\\/#\\\/schema\\\/logo\\\/image\\\/\",\"url\":\"https:\\\/\\\/ateliervae.fr\\\/wp-content\\\/uploads\\\/2026\\\/04\\\/ChatGPT-Image-6-avr.-2026-11_58_22.png\",\"contentUrl\":\"https:\\\/\\\/ateliervae.fr\\\/wp-content\\\/uploads\\\/2026\\\/04\\\/ChatGPT-Image-6-avr.-2026-11_58_22.png\",\"width\":1536,\"height\":1024,\"caption\":\"ateliervae.fr\"},\"image\":{\"@id\":\"https:\\\/\\\/ateliervae.fr\\\/#\\\/schema\\\/logo\\\/image\\\/\"}}]}<\/script>\n<!-- \/ Yoast SEO plugin. -->","yoast_head_json":{"title":"Batterie pour velos Impulse Evo Seat Tube 36V 13Ah \/ 468 Wh - ateliervae.fr","description":"Batterie pour v\u00e9lo grande capacit\u00e9 pas cher, 36V 13Ah en promo 389 \u20ac : autonomie longue dur\u00e9e, performance fiable pour vos trajets quotidiens.","robots":{"index":"index","follow":"follow","max-snippet":"max-snippet:-1","max-image-preview":"max-image-preview:large","max-video-preview":"max-video-preview:-1"},"canonical":"https:\/\/ateliervae.fr\/?product=impulse-evo-seat-tube-13ah-36v-batterie-de-velo","og_locale":"fr_FR","og_type":"article","og_title":"Batterie pour velos Impulse Evo Seat Tube 36V 13Ah \/ 468 Wh - ateliervae.fr","og_description":"Batterie pour v\u00e9lo grande capacit\u00e9 pas cher, 36V 13Ah en promo 389 \u20ac : autonomie longue dur\u00e9e, performance fiable pour vos trajets quotidiens.","og_url":"https:\/\/ateliervae.fr\/?product=impulse-evo-seat-tube-13ah-36v-batterie-de-velo","og_site_name":"ateliervae.fr","article_modified_time":"2026-04-17T13:46:52+00:00","og_image":[{"width":360,"height":360,"url":"https:\/\/ateliervae.fr\/wp-content\/uploads\/2026\/04\/impulse_evo_17.25_seat_tube_1__1.jpg","type":"image\/jpeg"}],"twitter_card":"summary_large_image","twitter_misc":{"Dur\u00e9e de lecture estim\u00e9e":"3 minutes"},"schema":{"@context":"https:\/\/schema.org","@graph":[{"@type":"WebPage","@id":"https:\/\/ateliervae.fr\/?product=impulse-evo-seat-tube-13ah-36v-batterie-de-velo","url":"https:\/\/ateliervae.fr\/?product=impulse-evo-seat-tube-13ah-36v-batterie-de-velo","name":"Batterie pour velos Impulse Evo Seat Tube 36V 13Ah \/ 468 Wh - ateliervae.fr","isPartOf":{"@id":"https:\/\/ateliervae.fr\/#website"},"primaryImageOfPage":{"@id":"https:\/\/ateliervae.fr\/?product=impulse-evo-seat-tube-13ah-36v-batterie-de-velo#primaryimage"},"image":{"@id":"https:\/\/ateliervae.fr\/?product=impulse-evo-seat-tube-13ah-36v-batterie-de-velo#primaryimage"},"thumbnailUrl":"https:\/\/ateliervae.fr\/wp-content\/uploads\/2026\/04\/impulse_evo_17.25_seat_tube_1__1.jpg","datePublished":"2026-04-17T13:07:01+00:00","dateModified":"2026-04-17T13:46:52+00:00","description":"Batterie pour v\u00e9lo grande capacit\u00e9 pas cher, 36V 13Ah en promo 389 \u20ac : autonomie longue dur\u00e9e, performance fiable pour vos trajets quotidiens.","breadcrumb":{"@id":"https:\/\/ateliervae.fr\/?product=impulse-evo-seat-tube-13ah-36v-batterie-de-velo#breadcrumb"},"inLanguage":"fr-FR","potentialAction":[{"@type":"ReadAction","target":["https:\/\/ateliervae.fr\/?product=impulse-evo-seat-tube-13ah-36v-batterie-de-velo"]}]},{"@type":"ImageObject","inLanguage":"fr-FR","@id":"https:\/\/ateliervae.fr\/?product=impulse-evo-seat-tube-13ah-36v-batterie-de-velo#primaryimage","url":"https:\/\/ateliervae.fr\/wp-content\/uploads\/2026\/04\/impulse_evo_17.25_seat_tube_1__1.jpg","contentUrl":"https:\/\/ateliervae.fr\/wp-content\/uploads\/2026\/04\/impulse_evo_17.25_seat_tube_1__1.jpg","width":360,"height":360,"caption":"batterie pour v\u00e9lo grande capacit\u00e9 pas cher"},{"@type":"BreadcrumbList","@id":"https:\/\/ateliervae.fr\/?product=impulse-evo-seat-tube-13ah-36v-batterie-de-velo#breadcrumb","itemListElement":[{"@type":"ListItem","position":1,"name":"Home","item":"https:\/\/ateliervae.fr\/"},{"@type":"ListItem","position":2,"name":"Produits","item":"https:\/\/ateliervae.fr\/shop\/"},{"@type":"ListItem","position":3,"name":"Batterie pour velos Impulse Evo Seat Tube 36V 13Ah \/ 468 Wh"}]},{"@type":"WebSite","@id":"https:\/\/ateliervae.fr\/#website","url":"https:\/\/ateliervae.fr\/","name":"ateliervae.fr","description":"L\u2019\u00e9nergie au c\u0153ur de vos trajets","publisher":{"@id":"https:\/\/ateliervae.fr\/#organization"},"potentialAction":[{"@type":"SearchAction","target":{"@type":"EntryPoint","urlTemplate":"https:\/\/ateliervae.fr\/?s={search_term_string}"},"query-input":{"@type":"PropertyValueSpecification","valueRequired":true,"valueName":"search_term_string"}}],"inLanguage":"fr-FR"},{"@type":"Organization","@id":"https:\/\/ateliervae.fr\/#organization","name":"ateliervae.fr","url":"https:\/\/ateliervae.fr\/","logo":{"@type":"ImageObject","inLanguage":"fr-FR","@id":"https:\/\/ateliervae.fr\/#\/schema\/logo\/image\/","url":"https:\/\/ateliervae.fr\/wp-content\/uploads\/2026\/04\/ChatGPT-Image-6-avr.-2026-11_58_22.png","contentUrl":"https:\/\/ateliervae.fr\/wp-content\/uploads\/2026\/04\/ChatGPT-Image-6-avr.-2026-11_58_22.png","width":1536,"height":1024,"caption":"ateliervae.fr"},"image":{"@id":"https:\/\/ateliervae.fr\/#\/schema\/logo\/image\/"}}]}},"_links":{"self":[{"href":"https:\/\/ateliervae.fr\/index.php?rest_route=\/wp\/v2\/product\/27633","targetHints":{"allow":["GET"]}}],"collection":[{"href":"https:\/\/ateliervae.fr\/index.php?rest_route=\/wp\/v2\/product"}],"about":[{"href":"https:\/\/ateliervae.fr\/index.php?rest_route=\/wp\/v2\/types\/product"}],"replies":[{"embeddable":true,"href":"https:\/\/ateliervae.fr\/index.php?rest_route=%2Fwp%2Fv2%2Fcomments&post=27633"}],"version-history":[{"count":2,"href":"https:\/\/ateliervae.fr\/index.php?rest_route=\/wp\/v2\/product\/27633\/revisions"}],"predecessor-version":[{"id":27643,"href":"https:\/\/ateliervae.fr\/index.php?rest_route=\/wp\/v2\/product\/27633\/revisions\/27643"}],"wp:featuredmedia":[{"embeddable":true,"href":"https:\/\/ateliervae.fr\/index.php?rest_route=\/wp\/v2\/media\/27632"}],"wp:attachment":[{"href":"https:\/\/ateliervae.fr\/index.php?rest_route=%2Fwp%2Fv2%2Fmedia&parent=27633"}],"wp:term":[{"taxonomy":"product_brand","embeddable":true,"href":"https:\/\/ateliervae.fr\/index.php?rest_route=%2Fwp%2Fv2%2Fproduct_brand&post=27633"},{"taxonomy":"product_cat","embeddable":true,"href":"https:\/\/ateliervae.fr\/index.php?rest_route=%2Fwp%2Fv2%2Fproduct_cat&post=27633"},{"taxonomy":"product_tag","embeddable":true,"href":"https:\/\/ateliervae.fr\/index.php?rest_route=%2Fwp%2Fv2%2Fproduct_tag&post=27633"}],"curies":[{"name":"wp","href":"https:\/\/api.w.org\/{rel}","templated":true}]}}