{"id":27631,"date":"2026-04-17T13:07:01","date_gmt":"2026-04-17T13:07:01","guid":{"rendered":"https:\/\/ateliervae.fr\/shop\/non%20class\u00e9\/impulse-evo-down-tube-11-25ah-36v-batterie-de-velo\/"},"modified":"2026-04-17T13:56:32","modified_gmt":"2026-04-17T13:56:32","slug":"impulse-evo-down-tube-11-25ah-36v-batterie-de-velo","status":"publish","type":"product","link":"https:\/\/ateliervae.fr\/?product=impulse-evo-down-tube-11-25ah-36v-batterie-de-velo","title":{"rendered":"Batterie pour velos Impulse Evo Down Tube  36V 11.25Ah \/ 405Wh"},"content":{"rendered":"<h2 data-section-id=\"861lo3\" data-start=\"248\" data-end=\"288\">3. Description d\u00e9taill\u00e9e du produit<\/h2>\n<p data-start=\"290\" data-end=\"619\">La <strong data-start=\"293\" data-end=\"375\">batterie pour v\u00e9lo grande autonomie pas cher Impulse Evo Down Tube 11.25Ah 36V<\/strong> est la solution id\u00e9ale pour les cyclistes exigeants recherchant performance, fiabilit\u00e9 et long\u00e9vit\u00e9. Con\u00e7ue avec une technologie <strong data-start=\"505\" data-end=\"536\">batterie lithium-ion e-bike<\/strong>, elle offre une excellente densit\u00e9 \u00e9nerg\u00e9tique tout en restant l\u00e9g\u00e8re et compacte.<\/p>\n<p data-start=\"621\" data-end=\"977\">Cette <strong data-start=\"627\" data-end=\"659\">batterie 36V v\u00e9lo \u00e9lectrique<\/strong> est parfaitement adapt\u00e9e aux trajets urbains, aux balades longues distances et m\u00eame aux sorties en <strong data-start=\"759\" data-end=\"786\">VTT \u00e9lectrique batterie<\/strong>. Gr\u00e2ce \u00e0 sa capacit\u00e9 de <strong data-start=\"811\" data-end=\"822\">11.25Ah<\/strong>, elle garantit une <strong data-start=\"842\" data-end=\"880\">autonomie batterie v\u00e9lo \u00e9lectrique<\/strong> pouvant atteindre jusqu\u2019\u00e0 90 km selon les conditions d\u2019utilisation (terrain, poids, assistance).<\/p>\n<p data-start=\"979\" data-end=\"1261\">Sa conception en <strong data-start=\"996\" data-end=\"1026\">batterie rechargeable v\u00e9lo<\/strong> assure une recharge rapide et s\u00e9curis\u00e9e. Le syst\u00e8me int\u00e9gr\u00e9 de gestion \u00e9lectronique (BMS) prot\u00e8ge contre les surcharges, les courts-circuits et les variations de temp\u00e9rature, assurant ainsi une <strong data-start=\"1221\" data-end=\"1251\">dur\u00e9e de vie batterie v\u00e9lo<\/strong> optimale.<\/p>\n<p data-start=\"1263\" data-end=\"1477\">Compatible avec plusieurs mod\u00e8les de v\u00e9los \u00e9quip\u00e9s du syst\u00e8me Impulse Evo, cette <strong data-start=\"1344\" data-end=\"1381\">batterie amovible v\u00e9lo \u00e9lectrique<\/strong> se fixe facilement sur le cadre (down tube), offrant un \u00e9quilibre parfait et un design discret.<\/p>\n<h3 data-section-id=\"1f9fvp1\" data-start=\"1479\" data-end=\"1499\">Avantages cl\u00e9s :<\/h3>\n<ul data-start=\"1500\" data-end=\"1700\">\n<li data-section-id=\"u18w0i\" data-start=\"1500\" data-end=\"1539\">Grande autonomie pour longs trajets<\/li>\n<li data-section-id=\"8okw1n\" data-start=\"1540\" data-end=\"1586\">Haute performance et stabilit\u00e9 \u00e9nerg\u00e9tique<\/li>\n<li data-section-id=\"1d61gmc\" data-start=\"1587\" data-end=\"1626\">S\u00e9curit\u00e9 renforc\u00e9e avec BMS int\u00e9gr\u00e9<\/li>\n<li data-section-id=\"jfi3fk\" data-start=\"1627\" data-end=\"1660\">Installation simple et rapide<\/li>\n<li data-section-id=\"7eigfi\" data-start=\"1661\" data-end=\"1700\">Id\u00e9ale pour usage urbain et sportif<\/li>\n<\/ul>\n<div><\/div>\n<h2 data-section-id=\"141w4px\" data-start=\"1829\" data-end=\"1862\">4. Tableau technique complet<\/h2>\n<div class=\"TyagGW_tableContainer\">\n<div class=\"group TyagGW_tableWrapper flex flex-col-reverse w-fit\" tabindex=\"-1\">\n<table class=\"w-fit min-w-(--thread-content-width)\" data-start=\"1864\" data-end=\"2376\">\n<thead data-start=\"1864\" data-end=\"1892\">\n<tr data-start=\"1864\" data-end=\"1892\">\n<th class=\"\" data-start=\"1864\" data-end=\"1882\" data-col-size=\"sm\">Caract\u00e9ristique<\/th>\n<th class=\"\" data-start=\"1882\" data-end=\"1892\" data-col-size=\"sm\">D\u00e9tail<\/th>\n<\/tr>\n<\/thead>\n<tbody data-start=\"1921\" data-end=\"2376\">\n<tr data-start=\"1921\" data-end=\"1968\">\n<td data-start=\"1921\" data-end=\"1940\" data-col-size=\"sm\">Type de batterie<\/td>\n<td data-start=\"1940\" data-end=\"1968\" data-col-size=\"sm\"><a href=\"https:\/\/ateliervae.fr\/shop\/batteries-de-velos\/batterie-integree\/36v-batterie-integree\/20-ah-36v-batterie-integree\/720-wh-20-ah-36v-batterie-integree\/bosch-powerpack-800-smart-cadre\/\">Batterie v\u00e9lo \u00e9lectrique<\/a><\/td>\n<\/tr>\n<tr data-start=\"1969\" data-end=\"1998\">\n<td data-start=\"1969\" data-end=\"1983\" data-col-size=\"sm\">Technologie<\/td>\n<td data-start=\"1983\" data-end=\"1998\" data-col-size=\"sm\">Lithium-ion<\/td>\n<\/tr>\n<tr data-start=\"1999\" data-end=\"2016\">\n<td data-start=\"1999\" data-end=\"2009\" data-col-size=\"sm\">Voltage<\/td>\n<td data-start=\"2009\" data-end=\"2016\" data-col-size=\"sm\">36V<\/td>\n<\/tr>\n<tr data-start=\"2017\" data-end=\"2047\">\n<td data-start=\"2017\" data-end=\"2028\" data-col-size=\"sm\">Capacit\u00e9<\/td>\n<td data-start=\"2028\" data-end=\"2047\" data-col-size=\"sm\">11.25Ah (405Wh)<\/td>\n<\/tr>\n<tr data-start=\"2048\" data-end=\"2082\">\n<td data-start=\"2048\" data-end=\"2068\" data-col-size=\"sm\">Autonomie estim\u00e9e<\/td>\n<td data-start=\"2068\" data-end=\"2082\" data-col-size=\"sm\">60 \u00e0 90 km<\/td>\n<\/tr>\n<tr data-start=\"2083\" data-end=\"2117\">\n<td data-start=\"2083\" data-end=\"2101\" data-col-size=\"sm\">Temps de charge<\/td>\n<td data-start=\"2101\" data-end=\"2117\" data-col-size=\"sm\">4 \u00e0 6 heures<\/td>\n<\/tr>\n<tr data-start=\"2118\" data-end=\"2154\">\n<td data-start=\"2118\" data-end=\"2133\" data-col-size=\"sm\">Dur\u00e9e de vie<\/td>\n<td data-start=\"2133\" data-end=\"2154\" data-col-size=\"sm\">800 \u00e0 1000 cycles<\/td>\n<\/tr>\n<tr data-start=\"2155\" data-end=\"2194\">\n<td data-start=\"2155\" data-end=\"2171\" data-col-size=\"sm\">Compatibilit\u00e9<\/td>\n<td data-start=\"2171\" data-end=\"2194\" data-col-size=\"sm\">Syst\u00e8me Impulse Evo<\/td>\n<\/tr>\n<tr data-start=\"2195\" data-end=\"2227\">\n<td data-start=\"2195\" data-end=\"2206\" data-col-size=\"sm\">Fixation<\/td>\n<td data-start=\"2206\" data-end=\"2227\" data-col-size=\"sm\">Down Tube (cadre)<\/td>\n<\/tr>\n<tr data-start=\"2228\" data-end=\"2252\">\n<td data-start=\"2228\" data-end=\"2236\" data-col-size=\"sm\">Poids<\/td>\n<td data-start=\"2236\" data-end=\"2252\" data-col-size=\"sm\">Environ 3 kg<\/td>\n<\/tr>\n<tr data-start=\"2253\" data-end=\"2284\">\n<td data-start=\"2253\" data-end=\"2267\" data-col-size=\"sm\">Emplacement<\/td>\n<td data-start=\"2267\" data-end=\"2284\" data-col-size=\"sm\">Tube diagonal<\/td>\n<\/tr>\n<tr data-start=\"2285\" data-end=\"2311\">\n<td data-start=\"2285\" data-end=\"2296\" data-col-size=\"sm\">S\u00e9curit\u00e9<\/td>\n<td data-start=\"2296\" data-end=\"2311\" data-col-size=\"sm\">BMS int\u00e9gr\u00e9<\/td>\n<\/tr>\n<tr data-start=\"2312\" data-end=\"2356\">\n<td data-start=\"2312\" data-end=\"2340\" data-col-size=\"sm\">Temp\u00e9rature d\u2019utilisation<\/td>\n<td data-start=\"2340\" data-end=\"2356\" data-col-size=\"sm\">-10\u00b0C \u00e0 45\u00b0C<\/td>\n<\/tr>\n<tr data-start=\"2357\" data-end=\"2376\">\n<td data-start=\"2357\" data-end=\"2365\" data-col-size=\"sm\">Gamme<\/td>\n<td data-start=\"2365\" data-end=\"2376\" data-col-size=\"sm\">Premium<\/td>\n<\/tr>\n<\/tbody>\n<\/table>\n<\/div>\n<\/div>\n<div><\/div>\n<h2 data-section-id=\"1mijje4\" data-start=\"2441\" data-end=\"2467\">5. Tableau comparatif<\/h2>\n<div class=\"TyagGW_tableContainer\">\n<div class=\"group TyagGW_tableWrapper flex flex-col-reverse w-fit\" tabindex=\"-1\">\n<table class=\"w-fit min-w-(--thread-content-width)\" data-start=\"2469\" data-end=\"2908\">\n<thead data-start=\"2469\" data-end=\"2554\">\n<tr data-start=\"2469\" data-end=\"2554\">\n<th class=\"\" data-start=\"2469\" data-end=\"2478\" data-col-size=\"sm\">Mod\u00e8le<\/th>\n<th class=\"\" data-start=\"2478\" data-end=\"2485\" data-col-size=\"sm\">Type<\/th>\n<th class=\"\" data-start=\"2485\" data-end=\"2506\" data-col-size=\"sm\">Voltage \/ Capacit\u00e9<\/th>\n<th class=\"\" data-start=\"2506\" data-end=\"2518\" data-col-size=\"sm\">Autonomie<\/th>\n<th class=\"\" data-start=\"2518\" data-end=\"2534\" data-col-size=\"sm\">Compatibilit\u00e9<\/th>\n<th class=\"\" data-start=\"2534\" data-end=\"2542\" data-col-size=\"sm\">Poids<\/th>\n<th class=\"\" data-start=\"2542\" data-end=\"2554\" data-col-size=\"sm\">Prix TTC<\/th>\n<\/tr>\n<\/thead>\n<tbody data-start=\"2641\" data-end=\"2908\">\n<tr data-start=\"2641\" data-end=\"2733\">\n<td data-start=\"2641\" data-end=\"2663\" data-col-size=\"sm\">Impulse Evo 11.25Ah<\/td>\n<td data-start=\"2663\" data-end=\"2677\" data-col-size=\"sm\">Lithium-ion<\/td>\n<td data-start=\"2677\" data-end=\"2693\" data-col-size=\"sm\">36V \/ 11.25Ah<\/td>\n<td data-start=\"2693\" data-end=\"2704\" data-col-size=\"sm\">60\u201390 km<\/td>\n<td data-start=\"2704\" data-end=\"2718\" data-col-size=\"sm\">Impulse Evo<\/td>\n<td data-start=\"2718\" data-end=\"2725\" data-col-size=\"sm\">3 kg<\/td>\n<td data-start=\"2725\" data-end=\"2733\" data-col-size=\"sm\">399\u20ac<\/td>\n<\/tr>\n<tr data-start=\"2734\" data-end=\"2819\">\n<td data-start=\"2734\" data-end=\"2756\" data-col-size=\"sm\"><a href=\"https:\/\/ateliervae.fr\/shop\/batteries-de-velos\/batterie-amovible\/36v\/10-15-ah\/360-540-wh\/batterie-velo-electrique-occasion-bosch-powerpack-400-cadre-36v-11ah\/\">Bosch PowerPack 400<\/a><\/td>\n<td data-start=\"2756\" data-end=\"2770\" data-col-size=\"sm\">Lithium-ion<\/td>\n<td data-start=\"2770\" data-end=\"2783\" data-col-size=\"sm\">36V \/ 11Ah<\/td>\n<td data-start=\"2783\" data-end=\"2794\" data-col-size=\"sm\">50\u201380 km<\/td>\n<td data-start=\"2794\" data-end=\"2802\" data-col-size=\"sm\">Bosch<\/td>\n<td data-start=\"2802\" data-end=\"2811\" data-col-size=\"sm\">2.8 kg<\/td>\n<td data-start=\"2811\" data-end=\"2819\" data-col-size=\"sm\">599\u20ac<\/td>\n<\/tr>\n<tr data-start=\"2820\" data-end=\"2908\">\n<td data-start=\"2820\" data-end=\"2842\" data-col-size=\"sm\">Shimano Steps E8010<\/td>\n<td data-start=\"2842\" data-end=\"2856\" data-col-size=\"sm\">Lithium-ion<\/td>\n<td data-start=\"2856\" data-end=\"2869\" data-col-size=\"sm\">36V \/ 14Ah<\/td>\n<td data-start=\"2869\" data-end=\"2881\" data-col-size=\"sm\">70\u2013100 km<\/td>\n<td data-start=\"2881\" data-end=\"2891\" data-col-size=\"sm\">Shimano<\/td>\n<td data-start=\"2891\" data-end=\"2900\" data-col-size=\"sm\">3.1 kg<\/td>\n<td data-start=\"2900\" data-end=\"2908\" data-col-size=\"sm\">699\u20ac<\/td>\n<\/tr>\n<\/tbody>\n<\/table>\n<\/div>\n<\/div>\n<div><\/div>\n<div><\/div>\n<h2 data-section-id=\"160c69i\" data-start=\"3032\" data-end=\"3069\">6. Conclusion<\/h2>\n<p data-start=\"3071\" data-end=\"3293\">La <strong data-start=\"3074\" data-end=\"3146\">batterie pour v\u00e9lo grande autonomie pas cher Impulse Evo 36V 11.25Ah<\/strong> se distingue par son excellent rapport qualit\u00e9\/prix. Elle combine <strong data-start=\"3213\" data-end=\"3233\">autonomie \u00e9lev\u00e9e<\/strong>, <strong data-start=\"3235\" data-end=\"3248\">fiabilit\u00e9<\/strong> et <strong data-start=\"3252\" data-end=\"3264\">s\u00e9curit\u00e9<\/strong>, tout en restant accessible.<\/p>\n<p data-start=\"3295\" data-end=\"3463\">Que vous soyez un utilisateur quotidien ou un amateur de longues balades, cette <strong data-start=\"3375\" data-end=\"3406\">batterie lithium-ion e-bike<\/strong> vous garantit une exp\u00e9rience fluide et sans compromis.<\/p>\n<p data-start=\"3465\" data-end=\"3574\">\n<h2 data-section-id=\"34dife\" data-start=\"3581\" data-end=\"3592\">7. FAQ<\/h2>\n<p data-start=\"3594\" data-end=\"3712\"><strong data-start=\"3594\" data-end=\"3636\">Quelle autonomie pour cette batterie ?<\/strong><br data-start=\"3636\" data-end=\"3639\" \/>Elle offre entre 60 et 90 km selon l\u2019utilisation et le mode d\u2019assistance.<\/p>\n<p data-start=\"3714\" data-end=\"3822\"><strong data-start=\"3714\" data-end=\"3753\">Est-elle compatible avec mon v\u00e9lo ?<\/strong><br data-start=\"3753\" data-end=\"3756\" \/>Elle est compatible avec les v\u00e9los \u00e9quip\u00e9s du syst\u00e8me Impulse Evo.<\/p>\n<p data-start=\"3824\" data-end=\"3915\"><strong data-start=\"3824\" data-end=\"3861\">Combien de temps dure la charge ?<\/strong><br data-start=\"3861\" data-end=\"3864\" \/>Le temps de charge est compris entre 4 et 6 heures.<\/p>\n<p data-start=\"3917\" data-end=\"4033\"><strong data-start=\"3917\" data-end=\"3962\">Peut-on remplacer une batterie ancienne ?<\/strong><br data-start=\"3962\" data-end=\"3965\" \/>Oui, c\u2019est une excellente solution pour remplacer une batterie us\u00e9e.<\/p>\n<p data-start=\"4035\" data-end=\"4106\"><strong data-start=\"4035\" data-end=\"4067\">Quelle est sa dur\u00e9e de vie ?<\/strong><br data-start=\"4067\" data-end=\"4070\" \/>Environ 800 \u00e0 1000 cycles de charge.<\/p>\n<p data-start=\"4108\" data-end=\"4208\"><strong data-start=\"4108\" data-end=\"4143\">Est-ce une batterie s\u00e9curis\u00e9e ?<\/strong><br data-start=\"4143\" data-end=\"4146\" \/>Oui, elle int\u00e8gre un syst\u00e8me BMS pour une protection compl\u00e8te.<\/p>\n<p data-start=\"4210\" data-end=\"4319\"><strong data-start=\"4210\" data-end=\"4250\">Est-elle adapt\u00e9e aux longs trajets ?<\/strong><br data-start=\"4250\" data-end=\"4253\" \/>Oui, sa grande capacit\u00e9 la rend id\u00e9ale pour les longues distances.<\/p>\n","protected":false},"excerpt":{"rendered":"<ul data-start=\"4354\" data-end=\"4660\">\n<li data-section-id=\"mt63ta\" data-start=\"4354\" data-end=\"4421\"><span style=\"color: #99cc00;\">\ud83d\udd0b <strong data-start=\"4359\" data-end=\"4384\">Puissance &amp; autonomie<\/strong> : 36V \u2013 11.25Ah pour jusqu\u2019\u00e0 90 km<\/span><\/li>\n<li data-section-id=\"1kn7s0a\" data-start=\"4422\" data-end=\"4485\"><span style=\"color: #99cc00;\">\u26a1 <strong data-start=\"4426\" data-end=\"4452\">Technologie &amp; s\u00e9curit\u00e9<\/strong> : Lithium-ion avec BMS int\u00e9gr\u00e9<\/span><\/li>\n<li data-section-id=\"bdk6x4\" data-start=\"4486\" data-end=\"4553\"><span style=\"color: #99cc00;\">\ud83d\udd27 <strong data-start=\"4491\" data-end=\"4508\">Compatibilit\u00e9<\/strong> : Syst\u00e8me Impulse Evo, installation facile<\/span><\/li>\n<li data-section-id=\"d21966\" data-start=\"4554\" data-end=\"4660\"><span style=\"color: #99cc00;\">\ud83d\udcb0 <strong data-start=\"4559\" data-end=\"4575\">Avantage cl\u00e9<\/strong> : batterie pour v\u00e9lo grande autonomie pas cher avec excellent rapport qualit\u00e9\/prix<\/span><\/li>\n<\/ul>\n<p><strong>\ud83d\udc49 Optez d\u00e8s maintenant pour une batterie pour v\u00e9lo \u00e9lectrique performante et redonnez vie \u00e0 votre v\u00e9lo !<\/strong><\/p>\n","protected":false},"featured_media":27630,"comment_status":"open","ping_status":"closed","template":"","meta":[],"product_brand":[519],"product_cat":[223,227,212,113,33,114,115],"product_tag":[478,479],"class_list":{"0":"post-27631","1":"product","2":"type-product","3":"status-publish","4":"has-post-thumbnail","6":"product_brand-impulse","7":"product_cat-10-15-ah-36v-batterie-integree","8":"product_cat-360-540-wh-10-15-ah-36v-batterie-integree","9":"product_cat-36v-batterie-integree","10":"product_cat-batterie-integree","11":"product_cat-batteries-de-velos","12":"product_cat-cadre-integre","13":"product_cat-tube-diagonal-integre","14":"product_tag-batterie-velo-electrique","15":"product_tag-batterie-velo-fiable","17":"first","18":"instock","19":"shipping-taxable","20":"purchasable","21":"product-type-simple"},"yoast_head":"<!-- This site is optimized with the Yoast SEO plugin v27.5 - https:\/\/yoast.com\/product\/yoast-seo-wordpress\/ -->\n<title>Batterie pour velos Impulse Evo Down Tube 36V 11.25Ah \/ 405Wh - ateliervae.fr<\/title>\n<meta name=\"description\" content=\"Batterie pour v\u00e9lo grande autonomie pas cher en promo \u00e0 429\u20ac : 36V 11.25Ah, performance fiable, recharge rapide et longue dur\u00e9e de vie.\" \/>\n<meta name=\"robots\" content=\"index, follow, max-snippet:-1, max-image-preview:large, max-video-preview:-1\" \/>\n<link rel=\"canonical\" href=\"https:\/\/ateliervae.fr\/?product=impulse-evo-down-tube-11-25ah-36v-batterie-de-velo\" \/>\n<meta property=\"og:locale\" content=\"fr_FR\" \/>\n<meta property=\"og:type\" content=\"article\" \/>\n<meta property=\"og:title\" content=\"Batterie pour velos Impulse Evo Down Tube 36V 11.25Ah \/ 405Wh - ateliervae.fr\" \/>\n<meta property=\"og:description\" content=\"Batterie pour v\u00e9lo grande autonomie pas cher en promo \u00e0 429\u20ac : 36V 11.25Ah, performance fiable, recharge rapide et longue dur\u00e9e de vie.\" \/>\n<meta property=\"og:url\" content=\"https:\/\/ateliervae.fr\/?product=impulse-evo-down-tube-11-25ah-36v-batterie-de-velo\" \/>\n<meta property=\"og:site_name\" content=\"ateliervae.fr\" \/>\n<meta property=\"article:modified_time\" content=\"2026-04-17T13:56:32+00:00\" \/>\n<meta property=\"og:image\" content=\"https:\/\/ateliervae.fr\/wp-content\/uploads\/2026\/04\/impulse_evo_down_tube_11.25ah_fietsaccu_voorkant_.jpg\" \/>\n\t<meta property=\"og:image:width\" content=\"360\" \/>\n\t<meta property=\"og:image:height\" content=\"360\" \/>\n\t<meta property=\"og:image:type\" content=\"image\/jpeg\" \/>\n<meta name=\"twitter:card\" content=\"summary_large_image\" \/>\n<meta name=\"twitter:label1\" content=\"Dur\u00e9e de lecture estim\u00e9e\" \/>\n\t<meta name=\"twitter:data1\" content=\"3 minutes\" \/>\n<script type=\"application\/ld+json\" class=\"yoast-schema-graph\">{\"@context\":\"https:\\\/\\\/schema.org\",\"@graph\":[{\"@type\":\"WebPage\",\"@id\":\"https:\\\/\\\/ateliervae.fr\\\/?product=impulse-evo-down-tube-11-25ah-36v-batterie-de-velo\",\"url\":\"https:\\\/\\\/ateliervae.fr\\\/?product=impulse-evo-down-tube-11-25ah-36v-batterie-de-velo\",\"name\":\"Batterie pour velos Impulse Evo Down Tube 36V 11.25Ah \\\/ 405Wh - ateliervae.fr\",\"isPartOf\":{\"@id\":\"https:\\\/\\\/ateliervae.fr\\\/#website\"},\"primaryImageOfPage\":{\"@id\":\"https:\\\/\\\/ateliervae.fr\\\/?product=impulse-evo-down-tube-11-25ah-36v-batterie-de-velo#primaryimage\"},\"image\":{\"@id\":\"https:\\\/\\\/ateliervae.fr\\\/?product=impulse-evo-down-tube-11-25ah-36v-batterie-de-velo#primaryimage\"},\"thumbnailUrl\":\"https:\\\/\\\/ateliervae.fr\\\/wp-content\\\/uploads\\\/2026\\\/04\\\/impulse_evo_down_tube_11.25ah_fietsaccu_voorkant_.jpg\",\"datePublished\":\"2026-04-17T13:07:01+00:00\",\"dateModified\":\"2026-04-17T13:56:32+00:00\",\"description\":\"Batterie pour v\u00e9lo grande autonomie pas cher en promo \u00e0 429\u20ac : 36V 11.25Ah, performance fiable, recharge rapide et longue dur\u00e9e de vie.\",\"breadcrumb\":{\"@id\":\"https:\\\/\\\/ateliervae.fr\\\/?product=impulse-evo-down-tube-11-25ah-36v-batterie-de-velo#breadcrumb\"},\"inLanguage\":\"fr-FR\",\"potentialAction\":[{\"@type\":\"ReadAction\",\"target\":[\"https:\\\/\\\/ateliervae.fr\\\/?product=impulse-evo-down-tube-11-25ah-36v-batterie-de-velo\"]}]},{\"@type\":\"ImageObject\",\"inLanguage\":\"fr-FR\",\"@id\":\"https:\\\/\\\/ateliervae.fr\\\/?product=impulse-evo-down-tube-11-25ah-36v-batterie-de-velo#primaryimage\",\"url\":\"https:\\\/\\\/ateliervae.fr\\\/wp-content\\\/uploads\\\/2026\\\/04\\\/impulse_evo_down_tube_11.25ah_fietsaccu_voorkant_.jpg\",\"contentUrl\":\"https:\\\/\\\/ateliervae.fr\\\/wp-content\\\/uploads\\\/2026\\\/04\\\/impulse_evo_down_tube_11.25ah_fietsaccu_voorkant_.jpg\",\"width\":360,\"height\":360,\"caption\":\"batterie pour v\u00e9lo grande autonomie pas cher\"},{\"@type\":\"BreadcrumbList\",\"@id\":\"https:\\\/\\\/ateliervae.fr\\\/?product=impulse-evo-down-tube-11-25ah-36v-batterie-de-velo#breadcrumb\",\"itemListElement\":[{\"@type\":\"ListItem\",\"position\":1,\"name\":\"Home\",\"item\":\"https:\\\/\\\/ateliervae.fr\\\/\"},{\"@type\":\"ListItem\",\"position\":2,\"name\":\"Produits\",\"item\":\"https:\\\/\\\/ateliervae.fr\\\/shop\\\/\"},{\"@type\":\"ListItem\",\"position\":3,\"name\":\"Batterie pour velos Impulse Evo Down Tube 36V 11.25Ah \\\/ 405Wh\"}]},{\"@type\":\"WebSite\",\"@id\":\"https:\\\/\\\/ateliervae.fr\\\/#website\",\"url\":\"https:\\\/\\\/ateliervae.fr\\\/\",\"name\":\"ateliervae.fr\",\"description\":\"L\u2019\u00e9nergie au c\u0153ur de vos trajets\",\"publisher\":{\"@id\":\"https:\\\/\\\/ateliervae.fr\\\/#organization\"},\"potentialAction\":[{\"@type\":\"SearchAction\",\"target\":{\"@type\":\"EntryPoint\",\"urlTemplate\":\"https:\\\/\\\/ateliervae.fr\\\/?s={search_term_string}\"},\"query-input\":{\"@type\":\"PropertyValueSpecification\",\"valueRequired\":true,\"valueName\":\"search_term_string\"}}],\"inLanguage\":\"fr-FR\"},{\"@type\":\"Organization\",\"@id\":\"https:\\\/\\\/ateliervae.fr\\\/#organization\",\"name\":\"ateliervae.fr\",\"url\":\"https:\\\/\\\/ateliervae.fr\\\/\",\"logo\":{\"@type\":\"ImageObject\",\"inLanguage\":\"fr-FR\",\"@id\":\"https:\\\/\\\/ateliervae.fr\\\/#\\\/schema\\\/logo\\\/image\\\/\",\"url\":\"https:\\\/\\\/ateliervae.fr\\\/wp-content\\\/uploads\\\/2026\\\/04\\\/ChatGPT-Image-6-avr.-2026-11_58_22.png\",\"contentUrl\":\"https:\\\/\\\/ateliervae.fr\\\/wp-content\\\/uploads\\\/2026\\\/04\\\/ChatGPT-Image-6-avr.-2026-11_58_22.png\",\"width\":1536,\"height\":1024,\"caption\":\"ateliervae.fr\"},\"image\":{\"@id\":\"https:\\\/\\\/ateliervae.fr\\\/#\\\/schema\\\/logo\\\/image\\\/\"}}]}<\/script>\n<!-- \/ Yoast SEO plugin. -->","yoast_head_json":{"title":"Batterie pour velos Impulse Evo Down Tube 36V 11.25Ah \/ 405Wh - ateliervae.fr","description":"Batterie pour v\u00e9lo grande autonomie pas cher en promo \u00e0 429\u20ac : 36V 11.25Ah, performance fiable, recharge rapide et longue dur\u00e9e de vie.","robots":{"index":"index","follow":"follow","max-snippet":"max-snippet:-1","max-image-preview":"max-image-preview:large","max-video-preview":"max-video-preview:-1"},"canonical":"https:\/\/ateliervae.fr\/?product=impulse-evo-down-tube-11-25ah-36v-batterie-de-velo","og_locale":"fr_FR","og_type":"article","og_title":"Batterie pour velos Impulse Evo Down Tube 36V 11.25Ah \/ 405Wh - ateliervae.fr","og_description":"Batterie pour v\u00e9lo grande autonomie pas cher en promo \u00e0 429\u20ac : 36V 11.25Ah, performance fiable, recharge rapide et longue dur\u00e9e de vie.","og_url":"https:\/\/ateliervae.fr\/?product=impulse-evo-down-tube-11-25ah-36v-batterie-de-velo","og_site_name":"ateliervae.fr","article_modified_time":"2026-04-17T13:56:32+00:00","og_image":[{"width":360,"height":360,"url":"https:\/\/ateliervae.fr\/wp-content\/uploads\/2026\/04\/impulse_evo_down_tube_11.25ah_fietsaccu_voorkant_.jpg","type":"image\/jpeg"}],"twitter_card":"summary_large_image","twitter_misc":{"Dur\u00e9e de lecture estim\u00e9e":"3 minutes"},"schema":{"@context":"https:\/\/schema.org","@graph":[{"@type":"WebPage","@id":"https:\/\/ateliervae.fr\/?product=impulse-evo-down-tube-11-25ah-36v-batterie-de-velo","url":"https:\/\/ateliervae.fr\/?product=impulse-evo-down-tube-11-25ah-36v-batterie-de-velo","name":"Batterie pour velos Impulse Evo Down Tube 36V 11.25Ah \/ 405Wh - ateliervae.fr","isPartOf":{"@id":"https:\/\/ateliervae.fr\/#website"},"primaryImageOfPage":{"@id":"https:\/\/ateliervae.fr\/?product=impulse-evo-down-tube-11-25ah-36v-batterie-de-velo#primaryimage"},"image":{"@id":"https:\/\/ateliervae.fr\/?product=impulse-evo-down-tube-11-25ah-36v-batterie-de-velo#primaryimage"},"thumbnailUrl":"https:\/\/ateliervae.fr\/wp-content\/uploads\/2026\/04\/impulse_evo_down_tube_11.25ah_fietsaccu_voorkant_.jpg","datePublished":"2026-04-17T13:07:01+00:00","dateModified":"2026-04-17T13:56:32+00:00","description":"Batterie pour v\u00e9lo grande autonomie pas cher en promo \u00e0 429\u20ac : 36V 11.25Ah, performance fiable, recharge rapide et longue dur\u00e9e de vie.","breadcrumb":{"@id":"https:\/\/ateliervae.fr\/?product=impulse-evo-down-tube-11-25ah-36v-batterie-de-velo#breadcrumb"},"inLanguage":"fr-FR","potentialAction":[{"@type":"ReadAction","target":["https:\/\/ateliervae.fr\/?product=impulse-evo-down-tube-11-25ah-36v-batterie-de-velo"]}]},{"@type":"ImageObject","inLanguage":"fr-FR","@id":"https:\/\/ateliervae.fr\/?product=impulse-evo-down-tube-11-25ah-36v-batterie-de-velo#primaryimage","url":"https:\/\/ateliervae.fr\/wp-content\/uploads\/2026\/04\/impulse_evo_down_tube_11.25ah_fietsaccu_voorkant_.jpg","contentUrl":"https:\/\/ateliervae.fr\/wp-content\/uploads\/2026\/04\/impulse_evo_down_tube_11.25ah_fietsaccu_voorkant_.jpg","width":360,"height":360,"caption":"batterie pour v\u00e9lo grande autonomie pas cher"},{"@type":"BreadcrumbList","@id":"https:\/\/ateliervae.fr\/?product=impulse-evo-down-tube-11-25ah-36v-batterie-de-velo#breadcrumb","itemListElement":[{"@type":"ListItem","position":1,"name":"Home","item":"https:\/\/ateliervae.fr\/"},{"@type":"ListItem","position":2,"name":"Produits","item":"https:\/\/ateliervae.fr\/shop\/"},{"@type":"ListItem","position":3,"name":"Batterie pour velos Impulse Evo Down Tube 36V 11.25Ah \/ 405Wh"}]},{"@type":"WebSite","@id":"https:\/\/ateliervae.fr\/#website","url":"https:\/\/ateliervae.fr\/","name":"ateliervae.fr","description":"L\u2019\u00e9nergie au c\u0153ur de vos trajets","publisher":{"@id":"https:\/\/ateliervae.fr\/#organization"},"potentialAction":[{"@type":"SearchAction","target":{"@type":"EntryPoint","urlTemplate":"https:\/\/ateliervae.fr\/?s={search_term_string}"},"query-input":{"@type":"PropertyValueSpecification","valueRequired":true,"valueName":"search_term_string"}}],"inLanguage":"fr-FR"},{"@type":"Organization","@id":"https:\/\/ateliervae.fr\/#organization","name":"ateliervae.fr","url":"https:\/\/ateliervae.fr\/","logo":{"@type":"ImageObject","inLanguage":"fr-FR","@id":"https:\/\/ateliervae.fr\/#\/schema\/logo\/image\/","url":"https:\/\/ateliervae.fr\/wp-content\/uploads\/2026\/04\/ChatGPT-Image-6-avr.-2026-11_58_22.png","contentUrl":"https:\/\/ateliervae.fr\/wp-content\/uploads\/2026\/04\/ChatGPT-Image-6-avr.-2026-11_58_22.png","width":1536,"height":1024,"caption":"ateliervae.fr"},"image":{"@id":"https:\/\/ateliervae.fr\/#\/schema\/logo\/image\/"}}]}},"_links":{"self":[{"href":"https:\/\/ateliervae.fr\/index.php?rest_route=\/wp\/v2\/product\/27631","targetHints":{"allow":["GET"]}}],"collection":[{"href":"https:\/\/ateliervae.fr\/index.php?rest_route=\/wp\/v2\/product"}],"about":[{"href":"https:\/\/ateliervae.fr\/index.php?rest_route=\/wp\/v2\/types\/product"}],"replies":[{"embeddable":true,"href":"https:\/\/ateliervae.fr\/index.php?rest_route=%2Fwp%2Fv2%2Fcomments&post=27631"}],"version-history":[{"count":2,"href":"https:\/\/ateliervae.fr\/index.php?rest_route=\/wp\/v2\/product\/27631\/revisions"}],"predecessor-version":[{"id":27645,"href":"https:\/\/ateliervae.fr\/index.php?rest_route=\/wp\/v2\/product\/27631\/revisions\/27645"}],"wp:featuredmedia":[{"embeddable":true,"href":"https:\/\/ateliervae.fr\/index.php?rest_route=\/wp\/v2\/media\/27630"}],"wp:attachment":[{"href":"https:\/\/ateliervae.fr\/index.php?rest_route=%2Fwp%2Fv2%2Fmedia&parent=27631"}],"wp:term":[{"taxonomy":"product_brand","embeddable":true,"href":"https:\/\/ateliervae.fr\/index.php?rest_route=%2Fwp%2Fv2%2Fproduct_brand&post=27631"},{"taxonomy":"product_cat","embeddable":true,"href":"https:\/\/ateliervae.fr\/index.php?rest_route=%2Fwp%2Fv2%2Fproduct_cat&post=27631"},{"taxonomy":"product_tag","embeddable":true,"href":"https:\/\/ateliervae.fr\/index.php?rest_route=%2Fwp%2Fv2%2Fproduct_tag&post=27631"}],"curies":[{"name":"wp","href":"https:\/\/api.w.org\/{rel}","templated":true}]}}