{"id":27627,"date":"2026-04-17T13:07:00","date_gmt":"2026-04-17T13:07:00","guid":{"rendered":"https:\/\/ateliervae.fr\/shop\/non%20class\u00e9\/impulse-evo-down-tube-13-8ah-36v-batterie-de-velo\/"},"modified":"2026-04-17T14:45:16","modified_gmt":"2026-04-17T14:45:16","slug":"impulse-evo-down-tube-13-8ah-36v-batterie-de-velo","status":"publish","type":"product","link":"https:\/\/ateliervae.fr\/?product=impulse-evo-down-tube-13-8ah-36v-batterie-de-velo","title":{"rendered":"Batterie pour velos Impulse Evo Down Tube  36V  13.8Ah ~500 Wh"},"content":{"rendered":"<h2 data-section-id=\"16sn4z7\" data-start=\"284\" data-end=\"322\">3. Description d\u00e9taill\u00e9e du produit<\/h2>\n<p data-start=\"324\" data-end=\"727\">La <strong data-start=\"327\" data-end=\"368\">batterie pour v\u00e9lo 36V haute capacit\u00e9<\/strong> Impulse Evo Down Tube 13.8Ah est une batterie Lithium-ion con\u00e7ue pour offrir une alimentation stable, puissante et durable aux v\u00e9los \u00e9lectriques de nouvelle g\u00e9n\u00e9ration. Elle s\u2019adresse aux utilisateurs exigeants recherchant une excellente <strong data-start=\"607\" data-end=\"645\">autonomie batterie v\u00e9lo \u00e9lectrique<\/strong>, une compatibilit\u00e9 fiable et une performance constante sur tous types de trajets.<\/p>\n<p data-start=\"729\" data-end=\"1031\">Gr\u00e2ce \u00e0 sa technologie <strong data-start=\"752\" data-end=\"779\">batterie lithium e-bike<\/strong>, cette batterie garantit une excellente densit\u00e9 \u00e9nerg\u00e9tique, une recharge optimis\u00e9e et une dur\u00e9e de vie prolong\u00e9e. Elle est id\u00e9ale pour les v\u00e9los urbains, VTT \u00e9lectriques et v\u00e9los de randonn\u00e9e n\u00e9cessitant une alimentation fiable sur longues distances.<\/p>\n<p data-start=\"1033\" data-end=\"1409\">\n<div><\/div>\n<div><\/div>\n<h2 data-section-id=\"1kq4v9t\" data-start=\"1994\" data-end=\"2040\">4. Tableau technique complet de la batterie<\/h2>\n<div class=\"TyagGW_tableContainer\">\n<div class=\"group TyagGW_tableWrapper flex flex-col-reverse w-fit\" tabindex=\"-1\">\n<table class=\"w-fit min-w-(--thread-content-width)\" data-start=\"2042\" data-end=\"2731\">\n<thead data-start=\"2042\" data-end=\"2070\">\n<tr data-start=\"2042\" data-end=\"2070\">\n<th class=\"\" data-start=\"2042\" data-end=\"2060\" data-col-size=\"sm\">Caract\u00e9ristique<\/th>\n<th class=\"\" data-start=\"2060\" data-end=\"2070\" data-col-size=\"md\">D\u00e9tail<\/th>\n<\/tr>\n<\/thead>\n<tbody data-start=\"2099\" data-end=\"2731\">\n<tr data-start=\"2099\" data-end=\"2151\">\n<td data-start=\"2099\" data-end=\"2118\" data-col-size=\"sm\">Type de batterie<\/td>\n<td data-start=\"2118\" data-end=\"2151\" data-col-size=\"md\">Batterie pour v\u00e9lo \u00e9lectrique<\/td>\n<\/tr>\n<tr data-start=\"2152\" data-end=\"2181\">\n<td data-start=\"2152\" data-end=\"2166\" data-col-size=\"sm\">Technologie<\/td>\n<td data-start=\"2166\" data-end=\"2181\" data-col-size=\"md\">Lithium-ion<\/td>\n<\/tr>\n<tr data-start=\"2182\" data-end=\"2199\">\n<td data-start=\"2182\" data-end=\"2192\" data-col-size=\"sm\">Voltage<\/td>\n<td data-start=\"2192\" data-end=\"2199\" data-col-size=\"md\">36V<\/td>\n<\/tr>\n<tr data-start=\"2200\" data-end=\"2231\">\n<td data-start=\"2200\" data-end=\"2211\" data-col-size=\"sm\">Capacit\u00e9<\/td>\n<td data-start=\"2211\" data-end=\"2231\" data-col-size=\"md\">13.8Ah (~500 Wh)<\/td>\n<\/tr>\n<tr data-start=\"2232\" data-end=\"2279\">\n<td data-start=\"2232\" data-end=\"2252\" data-col-size=\"sm\">Autonomie estim\u00e9e<\/td>\n<td data-start=\"2252\" data-end=\"2279\" data-col-size=\"md\">60 \u00e0 120 km selon usage<\/td>\n<\/tr>\n<tr data-start=\"2280\" data-end=\"2314\">\n<td data-start=\"2280\" data-end=\"2298\" data-col-size=\"sm\">Temps de charge<\/td>\n<td data-start=\"2298\" data-end=\"2314\" data-col-size=\"md\">4 \u00e0 6 heures<\/td>\n<\/tr>\n<tr data-start=\"2315\" data-end=\"2351\">\n<td data-start=\"2315\" data-end=\"2330\" data-col-size=\"sm\">Dur\u00e9e de vie<\/td>\n<td data-start=\"2330\" data-end=\"2351\" data-col-size=\"md\">700 \u00e0 1000 cycles<\/td>\n<\/tr>\n<tr data-start=\"2352\" data-end=\"2428\">\n<td data-start=\"2352\" data-end=\"2376\" data-col-size=\"sm\">Compatibilit\u00e9 moteurs<\/td>\n<td data-start=\"2376\" data-end=\"2428\" data-col-size=\"md\">Moteurs 36V (Bosch, Yamaha, Bafang selon mod\u00e8le)<\/td>\n<\/tr>\n<tr data-start=\"2429\" data-end=\"2482\">\n<td data-start=\"2429\" data-end=\"2451\" data-col-size=\"sm\">Syst\u00e8me de fixation<\/td>\n<td data-start=\"2451\" data-end=\"2482\" data-col-size=\"md\">Down Tube (cadre inf\u00e9rieur)<\/td>\n<\/tr>\n<tr data-start=\"2483\" data-end=\"2513\">\n<td data-start=\"2483\" data-end=\"2491\" data-col-size=\"sm\">Poids<\/td>\n<td data-start=\"2491\" data-end=\"2513\" data-col-size=\"md\">Environ 3 \u00e0 3.5 kg<\/td>\n<\/tr>\n<tr data-start=\"2514\" data-end=\"2545\">\n<td data-start=\"2514\" data-end=\"2528\" data-col-size=\"sm\">Emplacement<\/td>\n<td data-start=\"2528\" data-end=\"2545\" data-col-size=\"md\">Cadre de v\u00e9lo<\/td>\n<\/tr>\n<tr data-start=\"2546\" data-end=\"2574\">\n<td data-start=\"2546\" data-end=\"2553\" data-col-size=\"sm\">Type<\/td>\n<td data-start=\"2553\" data-end=\"2574\" data-col-size=\"md\">Batterie amovible<\/td>\n<\/tr>\n<tr data-start=\"2575\" data-end=\"2639\">\n<td data-start=\"2575\" data-end=\"2586\" data-col-size=\"sm\">S\u00e9curit\u00e9<\/td>\n<td data-start=\"2586\" data-end=\"2639\" data-col-size=\"md\">BMS int\u00e9gr\u00e9 (protection surcharge, court-circuit)<\/td>\n<\/tr>\n<tr data-start=\"2640\" data-end=\"2685\">\n<td data-start=\"2640\" data-end=\"2668\" data-col-size=\"sm\">Temp\u00e9rature d\u2019utilisation<\/td>\n<td data-start=\"2668\" data-end=\"2685\" data-col-size=\"md\">-10\u00b0C \u00e0 +45\u00b0C<\/td>\n<\/tr>\n<tr data-start=\"2686\" data-end=\"2731\">\n<td data-start=\"2686\" data-end=\"2702\" data-col-size=\"sm\">Ann\u00e9e \/ gamme<\/td>\n<td data-start=\"2702\" data-end=\"2731\" data-col-size=\"md\">G\u00e9n\u00e9ration r\u00e9cente e-bike<\/td>\n<\/tr>\n<\/tbody>\n<\/table>\n<\/div>\n<\/div>\n<h3 data-section-id=\"1jrc3me\" data-start=\"2733\" data-end=\"2759\"><\/h3>\n<div><\/div>\n<h2 data-section-id=\"aj7k93\" data-start=\"2856\" data-end=\"2896\">5. Tableau comparatif (2 concurrents)<\/h2>\n<div class=\"TyagGW_tableContainer\">\n<div class=\"group TyagGW_tableWrapper flex flex-col-reverse w-fit\" tabindex=\"-1\">\n<table class=\"w-fit min-w-(--thread-content-width)\" data-start=\"2898\" data-end=\"3426\">\n<thead data-start=\"2898\" data-end=\"3008\">\n<tr data-start=\"2898\" data-end=\"3008\">\n<th class=\"\" data-start=\"2898\" data-end=\"2907\" data-col-size=\"sm\">Mod\u00e8le<\/th>\n<th class=\"\" data-start=\"2907\" data-end=\"2926\" data-col-size=\"sm\">Type de batterie<\/th>\n<th class=\"\" data-start=\"2926\" data-end=\"2947\" data-col-size=\"sm\">Voltage \/ capacit\u00e9<\/th>\n<th class=\"\" data-start=\"2947\" data-end=\"2959\" data-col-size=\"sm\">Autonomie<\/th>\n<th class=\"\" data-start=\"2959\" data-end=\"2975\" data-col-size=\"sm\">Compatibilit\u00e9<\/th>\n<th class=\"\" data-start=\"2975\" data-end=\"2983\" data-col-size=\"sm\">Poids<\/th>\n<th class=\"\" data-start=\"2983\" data-end=\"3008\" data-col-size=\"sm\">Prix TTC constructeur<\/th>\n<\/tr>\n<\/thead>\n<tbody data-start=\"3122\" data-end=\"3426\">\n<tr data-start=\"3122\" data-end=\"3231\">\n<td data-start=\"3122\" data-end=\"3153\" data-col-size=\"sm\">Impulse Evo Down Tube 13.8Ah<\/td>\n<td data-start=\"3153\" data-end=\"3167\" data-col-size=\"sm\">Lithium-ion<\/td>\n<td data-start=\"3167\" data-end=\"3182\" data-col-size=\"sm\">36V \/ 13.8Ah<\/td>\n<td data-start=\"3182\" data-end=\"3194\" data-col-size=\"sm\">60\u2013120 km<\/td>\n<td data-start=\"3194\" data-end=\"3213\" data-col-size=\"sm\">VAE 36V standard<\/td>\n<td data-start=\"3213\" data-end=\"3222\" data-col-size=\"sm\">3.2 kg<\/td>\n<td data-start=\"3222\" data-end=\"3231\" data-col-size=\"sm\">399 \u20ac<\/td>\n<\/tr>\n<tr data-start=\"3232\" data-end=\"3323\">\n<td data-start=\"3232\" data-end=\"3253\" data-col-size=\"sm\">GreenCell 36V 14Ah<\/td>\n<td data-start=\"3253\" data-end=\"3267\" data-col-size=\"sm\">Lithium-ion<\/td>\n<td data-start=\"3267\" data-end=\"3280\" data-col-size=\"sm\">36V \/ 14Ah<\/td>\n<td data-start=\"3280\" data-end=\"3292\" data-col-size=\"sm\">70\u2013130 km<\/td>\n<td data-start=\"3292\" data-end=\"3305\" data-col-size=\"sm\">VAE urbain<\/td>\n<td data-start=\"3305\" data-end=\"3314\" data-col-size=\"sm\">3.3 kg<\/td>\n<td data-start=\"3314\" data-end=\"3323\" data-col-size=\"sm\">429 \u20ac<\/td>\n<\/tr>\n<tr data-start=\"3324\" data-end=\"3426\">\n<td data-start=\"3324\" data-end=\"3350\" data-col-size=\"sm\">Samsung E-Bike Pack 36V<\/td>\n<td data-start=\"3350\" data-end=\"3364\" data-col-size=\"sm\">Lithium-ion<\/td>\n<td data-start=\"3364\" data-end=\"3379\" data-col-size=\"sm\">36V \/ 12.8Ah<\/td>\n<td data-start=\"3379\" data-end=\"3391\" data-col-size=\"sm\">55\u2013110 km<\/td>\n<td data-start=\"3391\" data-end=\"3408\" data-col-size=\"sm\">VTT \/ trekking<\/td>\n<td data-start=\"3408\" data-end=\"3417\" data-col-size=\"sm\">3.1 kg<\/td>\n<td data-start=\"3417\" data-end=\"3426\" data-col-size=\"sm\">459 \u20ac<\/td>\n<\/tr>\n<\/tbody>\n<\/table>\n<\/div>\n<\/div>\n<h3 data-section-id=\"15oxejh\" data-start=\"3428\" data-end=\"3468\"><\/h3>\n<div><\/div>\n<div><\/div>\n<h2 data-section-id=\"yeup86\" data-start=\"3667\" data-end=\"3702\">6. Conclusion<\/h2>\n<p data-start=\"3704\" data-end=\"4047\">La batterie Impulse Evo Down Tube 13.8Ah est une solution id\u00e9ale pour tous les cyclistes recherchant une <strong data-start=\"3809\" data-end=\"3842\">batterie pour v\u00e9lo \u00e9lectrique<\/strong> performante, fiable et durable. Gr\u00e2ce \u00e0 sa technologie Lithium-ion avanc\u00e9e, elle assure une excellente autonomie, une recharge rapide et une compatibilit\u00e9 \u00e9tendue avec les principaux syst\u00e8mes moteurs 36V.<\/p>\n<p data-start=\"4049\" data-end=\"4170\">C\u2019est un choix strat\u00e9gique pour am\u00e9liorer la puissance de votre v\u00e9lo \u00e9lectrique et prolonger vos trajets sans contrainte.<\/p>\n<h2 data-section-id=\"xsfmkq\" data-start=\"4291\" data-end=\"4300\">7. FAQ<\/h2>\n<p data-start=\"4302\" data-end=\"4411\"><strong data-start=\"4302\" data-end=\"4348\">1. Quelle autonomie offre cette batterie ?<\/strong><br data-start=\"4348\" data-end=\"4351\" \/>Entre 60 et 120 km selon le terrain et le mode d\u2019assistance.<\/p>\n<p data-start=\"4413\" data-end=\"4532\"><strong data-start=\"4413\" data-end=\"4466\">2. Est-elle compatible avec mon v\u00e9lo \u00e9lectrique ?<\/strong><br data-start=\"4466\" data-end=\"4469\" \/>Oui, si votre v\u00e9lo utilise un syst\u00e8me 36V compatible down tube.<\/p>\n<p data-start=\"4534\" data-end=\"4623\"><strong data-start=\"4534\" data-end=\"4574\">3. Combien de temps dure la charge ?<\/strong><br data-start=\"4574\" data-end=\"4577\" \/>Environ 4 \u00e0 6 heures pour une charge compl\u00e8te.<\/p>\n<p data-start=\"4625\" data-end=\"4741\"><strong data-start=\"4625\" data-end=\"4673\">4. Peut-on remplacer une ancienne batterie ?<\/strong><br data-start=\"4673\" data-end=\"4676\" \/>Oui, elle est con\u00e7ue pour remplacer une batterie 36V \u00e9quivalente.<\/p>\n<p data-start=\"4743\" data-end=\"4816\"><strong data-start=\"4743\" data-end=\"4778\">5. Quelle est sa dur\u00e9e de vie ?<\/strong><br data-start=\"4778\" data-end=\"4781\" \/>Environ 700 \u00e0 1000 cycles complets.<\/p>\n<p data-start=\"4818\" data-end=\"4919\"><strong data-start=\"4818\" data-end=\"4845\">6. Est-elle s\u00e9curis\u00e9e ?<\/strong><br data-start=\"4845\" data-end=\"4848\" \/>Oui, elle int\u00e8gre un BMS contre surcharge, surchauffe et court-circuit.<\/p>\n<p data-start=\"4921\" data-end=\"5024\"><strong data-start=\"4921\" data-end=\"4964\">7. Est-elle adapt\u00e9e aux longs trajets ?<\/strong><br data-start=\"4964\" data-end=\"4967\" \/>Oui, elle est optimis\u00e9e pour l\u2019autonomie longue distance.<\/p>\n<h2 data-section-id=\"ea9z05\" data-start=\"5031\" data-end=\"5055\"><\/h2>\n","protected":false},"excerpt":{"rendered":"<ul data-start=\"5057\" data-end=\"5360\" data-is-last-node=\"\" data-is-only-node=\"\">\n<li data-section-id=\"15hd50e\" data-start=\"5057\" data-end=\"5119\"><span style=\"color: #99cc00;\">\ud83d\udd0b <strong data-start=\"5062\" data-end=\"5088\">Puissance et autonomie<\/strong> : 13.8Ah pour jusqu\u2019\u00e0 120 km<\/span><\/li>\n<li data-section-id=\"r5f3t7\" data-start=\"5120\" data-end=\"5189\"><span style=\"color: #99cc00;\">\u2699\ufe0f <strong data-start=\"5125\" data-end=\"5152\">Technologie et s\u00e9curit\u00e9<\/strong> : Lithium-ion avec BMS intelligent<\/span><\/li>\n<li data-section-id=\"1r5ilcz\" data-start=\"5190\" data-end=\"5248\"><span style=\"color: #99cc00;\">\ud83d\udd04 <strong data-start=\"5195\" data-end=\"5212\">Compatibilit\u00e9<\/strong> : V\u00e9los \u00e9lectriques 36V down tube<\/span><\/li>\n<li data-section-id=\"1pwb3qp\" data-start=\"5249\" data-end=\"5360\" data-is-last-node=\"\"><span style=\"color: #99cc00;\">\ud83d\ude80 <strong data-start=\"5254\" data-end=\"5276\">Avantage principal<\/strong> : excellent rapport autonomie \/ performance pour usage quotidien et longue distance<\/span><\/li>\n<\/ul>\n<p>\ud83d\udc49 <strong data-start=\"4175\" data-end=\"4284\">Passez \u00e0 la performance sup\u00e9rieure d\u00e8s maintenant et \u00e9quipez votre v\u00e9lo d\u2019une batterie fiable et durable.<\/strong><\/p>\n","protected":false},"featured_media":27626,"comment_status":"open","ping_status":"closed","template":"","meta":[],"product_brand":[519],"product_cat":[129,141,118,111,33],"product_tag":[478,480],"class_list":{"0":"post-27627","1":"product","2":"type-product","3":"status-publish","4":"has-post-thumbnail","6":"product_brand-impulse","7":"product_cat-10-15-ah","8":"product_cat-360-540-wh","9":"product_cat-36v","10":"product_cat-batterie-amovible","11":"product_cat-batteries-de-velos","12":"product_tag-batterie-velo-electrique","13":"product_tag-batterie-velo-resistante","15":"first","16":"instock","17":"shipping-taxable","18":"purchasable","19":"product-type-simple"},"yoast_head":"<!-- This site is optimized with the Yoast SEO plugin v27.5 - https:\/\/yoast.com\/product\/yoast-seo-wordpress\/ -->\n<title>Batterie pour velos Impulse Evo Down Tube 36V 13.8Ah ~500 Wh - ateliervae.fr<\/title>\n<meta name=\"description\" content=\"Batterie pour v\u00e9lo 36V haute capacit\u00e9 Impulse Evo 13.8Ah, \u00e0. 529\u20ac, autonomie \u00e9lev\u00e9e, performance durable pour v\u00e9lo \u00e9lectrique.\" \/>\n<meta name=\"robots\" content=\"index, follow, max-snippet:-1, max-image-preview:large, max-video-preview:-1\" \/>\n<link rel=\"canonical\" href=\"https:\/\/ateliervae.fr\/?product=impulse-evo-down-tube-13-8ah-36v-batterie-de-velo\" \/>\n<meta property=\"og:locale\" content=\"fr_FR\" \/>\n<meta property=\"og:type\" content=\"article\" \/>\n<meta property=\"og:title\" content=\"Batterie pour velos Impulse Evo Down Tube 36V 13.8Ah ~500 Wh - ateliervae.fr\" \/>\n<meta property=\"og:description\" content=\"Batterie pour v\u00e9lo 36V haute capacit\u00e9 Impulse Evo 13.8Ah, \u00e0. 529\u20ac, autonomie \u00e9lev\u00e9e, performance durable pour v\u00e9lo \u00e9lectrique.\" \/>\n<meta property=\"og:url\" content=\"https:\/\/ateliervae.fr\/?product=impulse-evo-down-tube-13-8ah-36v-batterie-de-velo\" \/>\n<meta property=\"og:site_name\" content=\"ateliervae.fr\" \/>\n<meta property=\"article:modified_time\" content=\"2026-04-17T14:45:16+00:00\" \/>\n<meta property=\"og:image\" content=\"https:\/\/ateliervae.fr\/wp-content\/uploads\/2026\/04\/impulse_evo_accu_semi_intergal_down_tube_13_8ah_voorkant.jpg\" \/>\n\t<meta property=\"og:image:width\" content=\"360\" \/>\n\t<meta property=\"og:image:height\" content=\"360\" \/>\n\t<meta property=\"og:image:type\" content=\"image\/jpeg\" \/>\n<meta name=\"twitter:card\" content=\"summary_large_image\" \/>\n<meta name=\"twitter:label1\" content=\"Dur\u00e9e de lecture estim\u00e9e\" \/>\n\t<meta name=\"twitter:data1\" content=\"3 minutes\" \/>\n<script type=\"application\/ld+json\" class=\"yoast-schema-graph\">{\"@context\":\"https:\\\/\\\/schema.org\",\"@graph\":[{\"@type\":\"WebPage\",\"@id\":\"https:\\\/\\\/ateliervae.fr\\\/?product=impulse-evo-down-tube-13-8ah-36v-batterie-de-velo\",\"url\":\"https:\\\/\\\/ateliervae.fr\\\/?product=impulse-evo-down-tube-13-8ah-36v-batterie-de-velo\",\"name\":\"Batterie pour velos Impulse Evo Down Tube 36V 13.8Ah ~500 Wh - ateliervae.fr\",\"isPartOf\":{\"@id\":\"https:\\\/\\\/ateliervae.fr\\\/#website\"},\"primaryImageOfPage\":{\"@id\":\"https:\\\/\\\/ateliervae.fr\\\/?product=impulse-evo-down-tube-13-8ah-36v-batterie-de-velo#primaryimage\"},\"image\":{\"@id\":\"https:\\\/\\\/ateliervae.fr\\\/?product=impulse-evo-down-tube-13-8ah-36v-batterie-de-velo#primaryimage\"},\"thumbnailUrl\":\"https:\\\/\\\/ateliervae.fr\\\/wp-content\\\/uploads\\\/2026\\\/04\\\/impulse_evo_accu_semi_intergal_down_tube_13_8ah_voorkant.jpg\",\"datePublished\":\"2026-04-17T13:07:00+00:00\",\"dateModified\":\"2026-04-17T14:45:16+00:00\",\"description\":\"Batterie pour v\u00e9lo 36V haute capacit\u00e9 Impulse Evo 13.8Ah, \u00e0. 529\u20ac, autonomie \u00e9lev\u00e9e, performance durable pour v\u00e9lo \u00e9lectrique.\",\"breadcrumb\":{\"@id\":\"https:\\\/\\\/ateliervae.fr\\\/?product=impulse-evo-down-tube-13-8ah-36v-batterie-de-velo#breadcrumb\"},\"inLanguage\":\"fr-FR\",\"potentialAction\":[{\"@type\":\"ReadAction\",\"target\":[\"https:\\\/\\\/ateliervae.fr\\\/?product=impulse-evo-down-tube-13-8ah-36v-batterie-de-velo\"]}]},{\"@type\":\"ImageObject\",\"inLanguage\":\"fr-FR\",\"@id\":\"https:\\\/\\\/ateliervae.fr\\\/?product=impulse-evo-down-tube-13-8ah-36v-batterie-de-velo#primaryimage\",\"url\":\"https:\\\/\\\/ateliervae.fr\\\/wp-content\\\/uploads\\\/2026\\\/04\\\/impulse_evo_accu_semi_intergal_down_tube_13_8ah_voorkant.jpg\",\"contentUrl\":\"https:\\\/\\\/ateliervae.fr\\\/wp-content\\\/uploads\\\/2026\\\/04\\\/impulse_evo_accu_semi_intergal_down_tube_13_8ah_voorkant.jpg\",\"width\":360,\"height\":360,\"caption\":\"batterie pour v\u00e9lo 36v haute capacit\u00e9\"},{\"@type\":\"BreadcrumbList\",\"@id\":\"https:\\\/\\\/ateliervae.fr\\\/?product=impulse-evo-down-tube-13-8ah-36v-batterie-de-velo#breadcrumb\",\"itemListElement\":[{\"@type\":\"ListItem\",\"position\":1,\"name\":\"Home\",\"item\":\"https:\\\/\\\/ateliervae.fr\\\/\"},{\"@type\":\"ListItem\",\"position\":2,\"name\":\"Produits\",\"item\":\"https:\\\/\\\/ateliervae.fr\\\/shop\\\/\"},{\"@type\":\"ListItem\",\"position\":3,\"name\":\"Batterie pour velos Impulse Evo Down Tube 36V 13.8Ah ~500 Wh\"}]},{\"@type\":\"WebSite\",\"@id\":\"https:\\\/\\\/ateliervae.fr\\\/#website\",\"url\":\"https:\\\/\\\/ateliervae.fr\\\/\",\"name\":\"ateliervae.fr\",\"description\":\"L\u2019\u00e9nergie au c\u0153ur de vos trajets\",\"publisher\":{\"@id\":\"https:\\\/\\\/ateliervae.fr\\\/#organization\"},\"potentialAction\":[{\"@type\":\"SearchAction\",\"target\":{\"@type\":\"EntryPoint\",\"urlTemplate\":\"https:\\\/\\\/ateliervae.fr\\\/?s={search_term_string}\"},\"query-input\":{\"@type\":\"PropertyValueSpecification\",\"valueRequired\":true,\"valueName\":\"search_term_string\"}}],\"inLanguage\":\"fr-FR\"},{\"@type\":\"Organization\",\"@id\":\"https:\\\/\\\/ateliervae.fr\\\/#organization\",\"name\":\"ateliervae.fr\",\"url\":\"https:\\\/\\\/ateliervae.fr\\\/\",\"logo\":{\"@type\":\"ImageObject\",\"inLanguage\":\"fr-FR\",\"@id\":\"https:\\\/\\\/ateliervae.fr\\\/#\\\/schema\\\/logo\\\/image\\\/\",\"url\":\"https:\\\/\\\/ateliervae.fr\\\/wp-content\\\/uploads\\\/2026\\\/04\\\/ChatGPT-Image-6-avr.-2026-11_58_22.png\",\"contentUrl\":\"https:\\\/\\\/ateliervae.fr\\\/wp-content\\\/uploads\\\/2026\\\/04\\\/ChatGPT-Image-6-avr.-2026-11_58_22.png\",\"width\":1536,\"height\":1024,\"caption\":\"ateliervae.fr\"},\"image\":{\"@id\":\"https:\\\/\\\/ateliervae.fr\\\/#\\\/schema\\\/logo\\\/image\\\/\"}}]}<\/script>\n<!-- \/ Yoast SEO plugin. -->","yoast_head_json":{"title":"Batterie pour velos Impulse Evo Down Tube 36V 13.8Ah ~500 Wh - ateliervae.fr","description":"Batterie pour v\u00e9lo 36V haute capacit\u00e9 Impulse Evo 13.8Ah, \u00e0. 529\u20ac, autonomie \u00e9lev\u00e9e, performance durable pour v\u00e9lo \u00e9lectrique.","robots":{"index":"index","follow":"follow","max-snippet":"max-snippet:-1","max-image-preview":"max-image-preview:large","max-video-preview":"max-video-preview:-1"},"canonical":"https:\/\/ateliervae.fr\/?product=impulse-evo-down-tube-13-8ah-36v-batterie-de-velo","og_locale":"fr_FR","og_type":"article","og_title":"Batterie pour velos Impulse Evo Down Tube 36V 13.8Ah ~500 Wh - ateliervae.fr","og_description":"Batterie pour v\u00e9lo 36V haute capacit\u00e9 Impulse Evo 13.8Ah, \u00e0. 529\u20ac, autonomie \u00e9lev\u00e9e, performance durable pour v\u00e9lo \u00e9lectrique.","og_url":"https:\/\/ateliervae.fr\/?product=impulse-evo-down-tube-13-8ah-36v-batterie-de-velo","og_site_name":"ateliervae.fr","article_modified_time":"2026-04-17T14:45:16+00:00","og_image":[{"width":360,"height":360,"url":"https:\/\/ateliervae.fr\/wp-content\/uploads\/2026\/04\/impulse_evo_accu_semi_intergal_down_tube_13_8ah_voorkant.jpg","type":"image\/jpeg"}],"twitter_card":"summary_large_image","twitter_misc":{"Dur\u00e9e de lecture estim\u00e9e":"3 minutes"},"schema":{"@context":"https:\/\/schema.org","@graph":[{"@type":"WebPage","@id":"https:\/\/ateliervae.fr\/?product=impulse-evo-down-tube-13-8ah-36v-batterie-de-velo","url":"https:\/\/ateliervae.fr\/?product=impulse-evo-down-tube-13-8ah-36v-batterie-de-velo","name":"Batterie pour velos Impulse Evo Down Tube 36V 13.8Ah ~500 Wh - ateliervae.fr","isPartOf":{"@id":"https:\/\/ateliervae.fr\/#website"},"primaryImageOfPage":{"@id":"https:\/\/ateliervae.fr\/?product=impulse-evo-down-tube-13-8ah-36v-batterie-de-velo#primaryimage"},"image":{"@id":"https:\/\/ateliervae.fr\/?product=impulse-evo-down-tube-13-8ah-36v-batterie-de-velo#primaryimage"},"thumbnailUrl":"https:\/\/ateliervae.fr\/wp-content\/uploads\/2026\/04\/impulse_evo_accu_semi_intergal_down_tube_13_8ah_voorkant.jpg","datePublished":"2026-04-17T13:07:00+00:00","dateModified":"2026-04-17T14:45:16+00:00","description":"Batterie pour v\u00e9lo 36V haute capacit\u00e9 Impulse Evo 13.8Ah, \u00e0. 529\u20ac, autonomie \u00e9lev\u00e9e, performance durable pour v\u00e9lo \u00e9lectrique.","breadcrumb":{"@id":"https:\/\/ateliervae.fr\/?product=impulse-evo-down-tube-13-8ah-36v-batterie-de-velo#breadcrumb"},"inLanguage":"fr-FR","potentialAction":[{"@type":"ReadAction","target":["https:\/\/ateliervae.fr\/?product=impulse-evo-down-tube-13-8ah-36v-batterie-de-velo"]}]},{"@type":"ImageObject","inLanguage":"fr-FR","@id":"https:\/\/ateliervae.fr\/?product=impulse-evo-down-tube-13-8ah-36v-batterie-de-velo#primaryimage","url":"https:\/\/ateliervae.fr\/wp-content\/uploads\/2026\/04\/impulse_evo_accu_semi_intergal_down_tube_13_8ah_voorkant.jpg","contentUrl":"https:\/\/ateliervae.fr\/wp-content\/uploads\/2026\/04\/impulse_evo_accu_semi_intergal_down_tube_13_8ah_voorkant.jpg","width":360,"height":360,"caption":"batterie pour v\u00e9lo 36v haute capacit\u00e9"},{"@type":"BreadcrumbList","@id":"https:\/\/ateliervae.fr\/?product=impulse-evo-down-tube-13-8ah-36v-batterie-de-velo#breadcrumb","itemListElement":[{"@type":"ListItem","position":1,"name":"Home","item":"https:\/\/ateliervae.fr\/"},{"@type":"ListItem","position":2,"name":"Produits","item":"https:\/\/ateliervae.fr\/shop\/"},{"@type":"ListItem","position":3,"name":"Batterie pour velos Impulse Evo Down Tube 36V 13.8Ah ~500 Wh"}]},{"@type":"WebSite","@id":"https:\/\/ateliervae.fr\/#website","url":"https:\/\/ateliervae.fr\/","name":"ateliervae.fr","description":"L\u2019\u00e9nergie au c\u0153ur de vos trajets","publisher":{"@id":"https:\/\/ateliervae.fr\/#organization"},"potentialAction":[{"@type":"SearchAction","target":{"@type":"EntryPoint","urlTemplate":"https:\/\/ateliervae.fr\/?s={search_term_string}"},"query-input":{"@type":"PropertyValueSpecification","valueRequired":true,"valueName":"search_term_string"}}],"inLanguage":"fr-FR"},{"@type":"Organization","@id":"https:\/\/ateliervae.fr\/#organization","name":"ateliervae.fr","url":"https:\/\/ateliervae.fr\/","logo":{"@type":"ImageObject","inLanguage":"fr-FR","@id":"https:\/\/ateliervae.fr\/#\/schema\/logo\/image\/","url":"https:\/\/ateliervae.fr\/wp-content\/uploads\/2026\/04\/ChatGPT-Image-6-avr.-2026-11_58_22.png","contentUrl":"https:\/\/ateliervae.fr\/wp-content\/uploads\/2026\/04\/ChatGPT-Image-6-avr.-2026-11_58_22.png","width":1536,"height":1024,"caption":"ateliervae.fr"},"image":{"@id":"https:\/\/ateliervae.fr\/#\/schema\/logo\/image\/"}}]}},"_links":{"self":[{"href":"https:\/\/ateliervae.fr\/index.php?rest_route=\/wp\/v2\/product\/27627","targetHints":{"allow":["GET"]}}],"collection":[{"href":"https:\/\/ateliervae.fr\/index.php?rest_route=\/wp\/v2\/product"}],"about":[{"href":"https:\/\/ateliervae.fr\/index.php?rest_route=\/wp\/v2\/types\/product"}],"replies":[{"embeddable":true,"href":"https:\/\/ateliervae.fr\/index.php?rest_route=%2Fwp%2Fv2%2Fcomments&post=27627"}],"version-history":[{"count":2,"href":"https:\/\/ateliervae.fr\/index.php?rest_route=\/wp\/v2\/product\/27627\/revisions"}],"predecessor-version":[{"id":27656,"href":"https:\/\/ateliervae.fr\/index.php?rest_route=\/wp\/v2\/product\/27627\/revisions\/27656"}],"wp:featuredmedia":[{"embeddable":true,"href":"https:\/\/ateliervae.fr\/index.php?rest_route=\/wp\/v2\/media\/27626"}],"wp:attachment":[{"href":"https:\/\/ateliervae.fr\/index.php?rest_route=%2Fwp%2Fv2%2Fmedia&parent=27627"}],"wp:term":[{"taxonomy":"product_brand","embeddable":true,"href":"https:\/\/ateliervae.fr\/index.php?rest_route=%2Fwp%2Fv2%2Fproduct_brand&post=27627"},{"taxonomy":"product_cat","embeddable":true,"href":"https:\/\/ateliervae.fr\/index.php?rest_route=%2Fwp%2Fv2%2Fproduct_cat&post=27627"},{"taxonomy":"product_tag","embeddable":true,"href":"https:\/\/ateliervae.fr\/index.php?rest_route=%2Fwp%2Fv2%2Fproduct_tag&post=27627"}],"curies":[{"name":"wp","href":"https:\/\/api.w.org\/{rel}","templated":true}]}}