{"id":27541,"date":"2026-04-16T18:13:01","date_gmt":"2026-04-16T18:13:01","guid":{"rendered":"https:\/\/ateliervae.fr\/shop\/non%20class\u00e9\/phylion-xh370-13j-dauphin-37v-13ah-batterie-de-remplacement\/"},"modified":"2026-04-17T07:32:14","modified_gmt":"2026-04-17T07:32:14","slug":"phylion-xh370-13j-dauphin-37v-13ah-batterie-de-remplacement","status":"publish","type":"product","link":"https:\/\/ateliervae.fr\/?product=phylion-xh370-13j-dauphin-37v-13ah-batterie-de-remplacement","title":{"rendered":"Batterie pour velos Phylion XH370-13J Dauphin 37V 13Ah batterie de remplacement"},"content":{"rendered":"<h2 data-section-id=\"10qs832\" data-start=\"207\" data-end=\"242\">Description d\u00e9taill\u00e9e du produit<\/h2>\n<p data-start=\"244\" data-end=\"600\">La <strong data-start=\"247\" data-end=\"305\">batterie pour v\u00e9los Phylion XH370-13J Dauphin 37V 13Ah<\/strong> est une solution id\u00e9ale pour les cyclistes exigeants recherchant une <strong data-start=\"375\" data-end=\"407\">batterie haute capacit\u00e9 v\u00e9lo<\/strong> performante et durable. Con\u00e7ue avec une technologie <strong data-start=\"460\" data-end=\"491\">batterie lithium-ion e-bike<\/strong>, elle garantit une excellente autonomie, une recharge rapide et une s\u00e9curit\u00e9 optimale pour tous vos trajets.<\/p>\n<p data-start=\"602\" data-end=\"899\">Cette batterie de remplacement est particuli\u00e8rement adapt\u00e9e aux v\u00e9los \u00e9lectriques urbains, VTC et VTT \u00e9lectriques. Gr\u00e2ce \u00e0 sa capacit\u00e9 de <strong data-start=\"740\" data-end=\"748\">13Ah<\/strong> et son voltage de <strong data-start=\"767\" data-end=\"774\">37V<\/strong>, elle offre une <strong data-start=\"791\" data-end=\"829\">autonomie batterie v\u00e9lo \u00e9lectrique<\/strong> remarquable, permettant de parcourir de longues distances sans souci.<\/p>\n<p data-start=\"901\" data-end=\"1186\">Fabriqu\u00e9e avec des cellules lithium-ion de haute qualit\u00e9, elle assure une excellente stabilit\u00e9 \u00e9nerg\u00e9tique et une dur\u00e9e de vie prolong\u00e9e. Elle int\u00e8gre \u00e9galement un syst\u00e8me de gestion intelligent (<strong data-start=\"1097\" data-end=\"1118\">BMS batterie v\u00e9lo<\/strong>) qui prot\u00e8ge contre les surcharges, surtensions et courts-circuits.<\/p>\n<h3 data-section-id=\"1p08jyr\" data-start=\"1188\" data-end=\"1214\">Avantages principaux :<\/h3>\n<ul data-start=\"1215\" data-end=\"1437\">\n<li data-section-id=\"tdqvma\" data-start=\"1215\" data-end=\"1264\">Grande autonomie pour trajets longue distance<\/li>\n<li data-section-id=\"1t901lj\" data-start=\"1265\" data-end=\"1296\">Recharge rapide et efficace<\/li>\n<li data-section-id=\"10qcacb\" data-start=\"1297\" data-end=\"1344\">Compatible avec de nombreux mod\u00e8les Phylion<\/li>\n<li data-section-id=\"1jk92sr\" data-start=\"1345\" data-end=\"1397\">Performance stable m\u00eame en utilisation intensive<\/li>\n<li data-section-id=\"1yvmlu7\" data-start=\"1398\" data-end=\"1437\">S\u00e9curit\u00e9 renforc\u00e9e avec syst\u00e8me BMS<\/li>\n<\/ul>\n<div><\/div>\n<div><\/div>\n<hr data-start=\"1569\" data-end=\"1572\" \/>\n<h2 data-section-id=\"t5bigv\" data-start=\"1574\" data-end=\"1602\">Tableau technique complet<\/h2>\n<div class=\"TyagGW_tableContainer\">\n<div class=\"group TyagGW_tableWrapper flex flex-col-reverse w-fit\" tabindex=\"-1\">\n<table class=\"w-fit min-w-(--thread-content-width)\" data-start=\"1604\" data-end=\"2214\">\n<thead data-start=\"1604\" data-end=\"1632\">\n<tr data-start=\"1604\" data-end=\"1632\">\n<th class=\"\" data-start=\"1604\" data-end=\"1622\" data-col-size=\"sm\">Caract\u00e9ristique<\/th>\n<th class=\"\" data-start=\"1622\" data-end=\"1632\" data-col-size=\"md\">D\u00e9tail<\/th>\n<\/tr>\n<\/thead>\n<tbody data-start=\"1661\" data-end=\"2214\">\n<tr data-start=\"1661\" data-end=\"1721\">\n<td data-start=\"1661\" data-end=\"1680\" data-col-size=\"sm\">Type de batterie<\/td>\n<td data-start=\"1680\" data-end=\"1721\" data-col-size=\"md\">Batterie externe pour v\u00e9lo \u00e9lectrique<\/td>\n<\/tr>\n<tr data-start=\"1722\" data-end=\"1751\">\n<td data-start=\"1722\" data-end=\"1736\" data-col-size=\"sm\">Technologie<\/td>\n<td data-start=\"1736\" data-end=\"1751\" data-col-size=\"md\">Lithium-ion<\/td>\n<\/tr>\n<tr data-start=\"1752\" data-end=\"1769\">\n<td data-start=\"1752\" data-end=\"1762\" data-col-size=\"sm\">Voltage<\/td>\n<td data-start=\"1762\" data-end=\"1769\" data-col-size=\"md\">37V<\/td>\n<\/tr>\n<tr data-start=\"1770\" data-end=\"1798\">\n<td data-start=\"1770\" data-end=\"1781\" data-col-size=\"sm\">Capacit\u00e9<\/td>\n<td data-start=\"1781\" data-end=\"1798\" data-col-size=\"md\">13Ah (481 Wh)<\/td>\n<\/tr>\n<tr data-start=\"1799\" data-end=\"1834\">\n<td data-start=\"1799\" data-end=\"1819\" data-col-size=\"sm\">Autonomie estim\u00e9e<\/td>\n<td data-start=\"1819\" data-end=\"1834\" data-col-size=\"md\">60 \u00e0 120 km<\/td>\n<\/tr>\n<tr data-start=\"1835\" data-end=\"1869\">\n<td data-start=\"1835\" data-end=\"1853\" data-col-size=\"sm\">Temps de charge<\/td>\n<td data-start=\"1853\" data-end=\"1869\" data-col-size=\"md\">4 \u00e0 6 heures<\/td>\n<\/tr>\n<tr data-start=\"1870\" data-end=\"1906\">\n<td data-start=\"1870\" data-end=\"1885\" data-col-size=\"sm\">Dur\u00e9e de vie<\/td>\n<td data-start=\"1885\" data-end=\"1906\" data-col-size=\"md\">800 \u00e0 1000 cycles<\/td>\n<\/tr>\n<tr data-start=\"1907\" data-end=\"1970\">\n<td data-start=\"1907\" data-end=\"1923\" data-col-size=\"sm\">Compatibilit\u00e9<\/td>\n<td data-start=\"1923\" data-end=\"1970\" data-col-size=\"md\">V\u00e9lo \u00e9lectrique Phylion \/ e-bike compatible<\/td>\n<\/tr>\n<tr data-start=\"1971\" data-end=\"2009\">\n<td data-start=\"1971\" data-end=\"1993\" data-col-size=\"sm\">Syst\u00e8me de fixation<\/td>\n<td data-start=\"1993\" data-end=\"2009\" data-col-size=\"md\">Rail Dauphin<\/td>\n<\/tr>\n<tr data-start=\"2010\" data-end=\"2036\">\n<td data-start=\"2010\" data-end=\"2018\" data-col-size=\"sm\">Poids<\/td>\n<td data-start=\"2018\" data-end=\"2036\" data-col-size=\"md\">Environ 3,5 kg<\/td>\n<\/tr>\n<tr data-start=\"2037\" data-end=\"2068\">\n<td data-start=\"2037\" data-end=\"2051\" data-col-size=\"sm\">Emplacement<\/td>\n<td data-start=\"2051\" data-end=\"2068\" data-col-size=\"md\">Porte-bagages<\/td>\n<\/tr>\n<tr data-start=\"2069\" data-end=\"2101\">\n<td data-start=\"2069\" data-end=\"2076\" data-col-size=\"sm\">Type<\/td>\n<td data-start=\"2076\" data-end=\"2101\" data-col-size=\"md\">Batterie rechargeable<\/td>\n<\/tr>\n<tr data-start=\"2102\" data-end=\"2128\">\n<td data-start=\"2102\" data-end=\"2113\" data-col-size=\"sm\">S\u00e9curit\u00e9<\/td>\n<td data-start=\"2113\" data-end=\"2128\" data-col-size=\"md\">BMS int\u00e9gr\u00e9<\/td>\n<\/tr>\n<tr data-start=\"2129\" data-end=\"2173\">\n<td data-start=\"2129\" data-end=\"2157\" data-col-size=\"sm\">Temp\u00e9rature d\u2019utilisation<\/td>\n<td data-start=\"2157\" data-end=\"2173\" data-col-size=\"md\">-10\u00b0C \u00e0 45\u00b0C<\/td>\n<\/tr>\n<tr data-start=\"2174\" data-end=\"2214\">\n<td data-start=\"2174\" data-end=\"2190\" data-col-size=\"sm\">Ann\u00e9e \/ gamme<\/td>\n<td data-start=\"2190\" data-end=\"2214\" data-col-size=\"md\">Gamme haute capacit\u00e9<\/td>\n<\/tr>\n<\/tbody>\n<\/table>\n<\/div>\n<\/div>\n<div><\/div>\n<hr data-start=\"2275\" data-end=\"2278\" \/>\n<h2 data-section-id=\"1mu3gfr\" data-start=\"2280\" data-end=\"2301\">Tableau comparatif<\/h2>\n<div class=\"TyagGW_tableContainer\">\n<div class=\"group TyagGW_tableWrapper flex flex-col-reverse w-fit\" tabindex=\"-1\">\n<table class=\"w-fit min-w-(--thread-content-width)\" data-start=\"2303\" data-end=\"2781\">\n<thead data-start=\"2303\" data-end=\"2400\">\n<tr data-start=\"2303\" data-end=\"2400\">\n<th class=\"\" data-start=\"2303\" data-end=\"2312\" data-col-size=\"sm\">Mod\u00e8le<\/th>\n<th class=\"\" data-start=\"2312\" data-end=\"2331\" data-col-size=\"sm\">Type de batterie<\/th>\n<th class=\"\" data-start=\"2331\" data-end=\"2352\" data-col-size=\"sm\">Voltage \/ Capacit\u00e9<\/th>\n<th class=\"\" data-start=\"2352\" data-end=\"2364\" data-col-size=\"sm\">Autonomie<\/th>\n<th class=\"\" data-start=\"2364\" data-end=\"2380\" data-col-size=\"sm\">Compatibilit\u00e9<\/th>\n<th class=\"\" data-start=\"2380\" data-end=\"2388\" data-col-size=\"sm\">Poids<\/th>\n<th class=\"\" data-start=\"2388\" data-end=\"2400\" data-col-size=\"sm\">Prix TTC<\/th>\n<\/tr>\n<\/thead>\n<tbody data-start=\"2501\" data-end=\"2781\">\n<tr data-start=\"2501\" data-end=\"2598\">\n<td data-start=\"2501\" data-end=\"2521\" data-col-size=\"sm\">Phylion XH370-13J<\/td>\n<td data-start=\"2521\" data-end=\"2535\" data-col-size=\"sm\">Lithium-ion<\/td>\n<td data-start=\"2535\" data-end=\"2548\" data-col-size=\"sm\">37V \/ 13Ah<\/td>\n<td data-start=\"2548\" data-end=\"2560\" data-col-size=\"sm\">60-120 km<\/td>\n<td data-start=\"2560\" data-end=\"2581\" data-col-size=\"sm\">Large gamme e-bike<\/td>\n<td data-start=\"2581\" data-end=\"2590\" data-col-size=\"sm\">3,5 kg<\/td>\n<td data-start=\"2590\" data-end=\"2598\" data-col-size=\"sm\">399\u20ac<\/td>\n<\/tr>\n<tr data-start=\"2599\" data-end=\"2693\">\n<td data-start=\"2599\" data-end=\"2621\" data-col-size=\"sm\"><a href=\"https:\/\/ateliervae.fr\/shop\/batteries-de-velos\/batterie-integree\/36v-batterie-integree\/10-15-ah-36v-batterie-integree\/360-540-wh-10-15-ah-36v-batterie-integree\/bosch-powerpack-400-classic-cadre-36v-11ah\/\">Bosch PowerPack 400<\/a><\/td>\n<td data-start=\"2621\" data-end=\"2635\" data-col-size=\"sm\">Lithium-ion<\/td>\n<td data-start=\"2635\" data-end=\"2648\" data-col-size=\"sm\">36V \/ 11Ah<\/td>\n<td data-start=\"2648\" data-end=\"2660\" data-col-size=\"sm\">50-100 km<\/td>\n<td data-start=\"2660\" data-end=\"2676\" data-col-size=\"sm\">Bosch moteurs<\/td>\n<td data-start=\"2676\" data-end=\"2685\" data-col-size=\"sm\">2,6 kg<\/td>\n<td data-start=\"2685\" data-end=\"2693\" data-col-size=\"sm\">549\u20ac<\/td>\n<\/tr>\n<tr data-start=\"2694\" data-end=\"2781\">\n<td data-start=\"2694\" data-end=\"2713\" data-col-size=\"sm\">Samsung 48V 13Ah<\/td>\n<td data-start=\"2713\" data-end=\"2727\" data-col-size=\"sm\">Lithium-ion<\/td>\n<td data-start=\"2727\" data-end=\"2740\" data-col-size=\"sm\">48V \/ 13Ah<\/td>\n<td data-start=\"2740\" data-end=\"2752\" data-col-size=\"sm\">70-130 km<\/td>\n<td data-start=\"2752\" data-end=\"2766\" data-col-size=\"sm\">Universelle<\/td>\n<td data-start=\"2766\" data-end=\"2773\" data-col-size=\"sm\">4 kg<\/td>\n<td data-start=\"2773\" data-end=\"2781\" data-col-size=\"sm\">459\u20ac<\/td>\n<\/tr>\n<\/tbody>\n<\/table>\n<\/div>\n<\/div>\n<div><\/div>\n<div><\/div>\n<hr data-start=\"2909\" data-end=\"2912\" \/>\n<h2 data-section-id=\"105r1gu\" data-start=\"2914\" data-end=\"2946\">Conclusion + appel \u00e0 l\u2019action<\/h2>\n<p data-start=\"2948\" data-end=\"3269\">La <strong data-start=\"2951\" data-end=\"3000\">batterie haute capacit\u00e9 v\u00e9lo Phylion 37V 13Ah<\/strong> est un excellent choix pour am\u00e9liorer les performances de votre v\u00e9lo \u00e9lectrique. Elle combine <strong data-start=\"3095\" data-end=\"3115\">autonomie \u00e9lev\u00e9e<\/strong>, <strong data-start=\"3117\" data-end=\"3130\">fiabilit\u00e9<\/strong>, <strong data-start=\"3132\" data-end=\"3144\">s\u00e9curit\u00e9<\/strong> et <strong data-start=\"3148\" data-end=\"3173\">compatibilit\u00e9 \u00e9tendue<\/strong>, ce qui en fait une batterie id\u00e9ale pour les trajets quotidiens comme pour les longues balades.<\/p>\n<p data-start=\"3426\" data-end=\"3536\">\n<h2 data-section-id=\"1hryhf7\" data-start=\"3543\" data-end=\"3549\">FAQ<\/h2>\n<p data-start=\"3551\" data-end=\"3677\"><strong data-start=\"3551\" data-end=\"3593\">Quelle autonomie pour cette batterie ?<\/strong><br data-start=\"3593\" data-end=\"3596\" \/>Elle offre une autonomie de 60 \u00e0 120 km selon le mode d\u2019assistance et le terrain.<\/p>\n<p data-start=\"3679\" data-end=\"3792\"><strong data-start=\"3679\" data-end=\"3718\">Est-elle compatible avec mon v\u00e9lo ?<\/strong><br data-start=\"3718\" data-end=\"3721\" \/>Elle est compatible avec les v\u00e9los \u00e9quip\u00e9s de syst\u00e8mes Phylion Dauphin.<\/p>\n<p data-start=\"3794\" data-end=\"3880\"><strong data-start=\"3794\" data-end=\"3831\">Combien de temps dure la charge ?<\/strong><br data-start=\"3831\" data-end=\"3834\" \/>Le temps de charge est d\u2019environ 4 \u00e0 6 heures.<\/p>\n<p data-start=\"3882\" data-end=\"4010\"><strong data-start=\"3882\" data-end=\"3927\">Peut-on remplacer une batterie ancienne ?<\/strong><br data-start=\"3927\" data-end=\"3930\" \/>Oui, c\u2019est une batterie de remplacement id\u00e9ale pour remplacer une batterie us\u00e9e.<\/p>\n<p data-start=\"4012\" data-end=\"4082\"><strong data-start=\"4012\" data-end=\"4044\">Quelle est sa dur\u00e9e de vie ?<\/strong><br data-start=\"4044\" data-end=\"4047\" \/>Entre 800 et 1000 cycles de charge.<\/p>\n<p data-start=\"4084\" data-end=\"4184\"><strong data-start=\"4084\" data-end=\"4119\">Est-ce une batterie s\u00e9curis\u00e9e ?<\/strong><br data-start=\"4119\" data-end=\"4122\" \/>Oui, elle int\u00e8gre un syst\u00e8me BMS pour une protection maximale.<\/p>\n<p data-start=\"4186\" data-end=\"4270\"><strong data-start=\"4186\" data-end=\"4226\">Peut-on l\u2019utiliser par temps froid ?<\/strong><br data-start=\"4226\" data-end=\"4229\" \/>Oui, elle fonctionne entre -10\u00b0C et 45\u00b0C.<\/p>\n","protected":false},"excerpt":{"rendered":"<ul data-start=\"4300\" data-end=\"4570\">\n<li data-section-id=\"12d2abx\" data-start=\"4300\" data-end=\"4363\"><span style=\"color: #99cc00;\">\ud83d\udd0b <strong data-start=\"4305\" data-end=\"4330\">Puissance &amp; autonomie<\/strong> : 37V 13Ah pour jusqu\u2019\u00e0 120 km<\/span><\/li>\n<li data-section-id=\"17a3g7m\" data-start=\"4364\" data-end=\"4436\"><span style=\"color: #99cc00;\">\u26a1 <strong data-start=\"4368\" data-end=\"4394\">Technologie &amp; s\u00e9curit\u00e9<\/strong> : batterie lithium-ion avec BMS int\u00e9gr\u00e9<\/span><\/li>\n<li data-section-id=\"178mpsy\" data-start=\"4437\" data-end=\"4501\"><span style=\"color: #99cc00;\">\ud83d\udd27 <strong data-start=\"4442\" data-end=\"4459\">Compatibilit\u00e9<\/strong> : adapt\u00e9e aux v\u00e9los \u00e9lectriques Phylion<\/span><\/li>\n<li data-section-id=\"1nmkjnn\" data-start=\"4502\" data-end=\"4570\"><span style=\"color: #99cc00;\">\ud83d\udeb4 <strong data-start=\"4507\" data-end=\"4523\">Avantage cl\u00e9<\/strong> : solution fiable pour prolonger vos trajets<\/span><\/li>\n<\/ul>\n<p data-start=\"3271\" data-end=\"3424\">Si vous cherchez une <strong data-start=\"3292\" data-end=\"3333\">batterie v\u00e9lo \u00e9lectrique longue dur\u00e9e<\/strong>, performante et facile \u00e0 installer, ce mod\u00e8le Phylion r\u00e9pond parfaitement \u00e0 vos besoins.<\/p>\n<p data-start=\"3426\" data-end=\"3536\">\ud83d\udc49 Commandez d\u00e8s maintenant et redonnez une seconde vie \u00e0 votre e-bike avec une batterie puissante et fiable !<\/p>\n","protected":false},"featured_media":27540,"comment_status":"open","ping_status":"closed","template":"","meta":[],"product_brand":[86],"product_cat":[267,271,256,109,33],"product_tag":[478,479,480],"class_list":{"0":"post-27541","1":"product","2":"type-product","3":"status-publish","4":"has-post-thumbnail","6":"product_brand-phylion","7":"product_cat-10-15-ah-36v-batterie-porte-bagage","8":"product_cat-360-540-wh-10-15-ah-36v-batterie-porte-bagage","9":"product_cat-36v-batterie-porte-bagage","10":"product_cat-batterie-porte-bagage","11":"product_cat-batteries-de-velos","12":"product_tag-batterie-velo-electrique","13":"product_tag-batterie-velo-fiable","14":"product_tag-batterie-velo-resistante","16":"first","17":"outofstock","18":"sale","19":"shipping-taxable","20":"purchasable","21":"product-type-simple"},"yoast_head":"<!-- This site is optimized with the Yoast SEO plugin v27.5 - https:\/\/yoast.com\/product\/yoast-seo-wordpress\/ -->\n<title>Batterie pour velos Phylion XH370-13J Dauphin 37V 13Ah batterie de remplacement - ateliervae.fr<\/title>\n<meta name=\"description\" content=\"Batterie haute capacit\u00e9 v\u00e9lo Phylion 37V 13Ah \u00e0 296\u20ac au lieu de 399\u20ac : autonomie prolong\u00e9e, performance fiable et recharge rapide pour e-bike.\" \/>\n<meta name=\"robots\" content=\"index, follow, max-snippet:-1, max-image-preview:large, max-video-preview:-1\" \/>\n<link rel=\"canonical\" href=\"https:\/\/ateliervae.fr\/?product=phylion-xh370-13j-dauphin-37v-13ah-batterie-de-remplacement\" \/>\n<meta property=\"og:locale\" content=\"fr_FR\" \/>\n<meta property=\"og:type\" content=\"article\" \/>\n<meta property=\"og:title\" content=\"Batterie pour velos Phylion XH370-13J Dauphin 37V 13Ah batterie de remplacement - ateliervae.fr\" \/>\n<meta property=\"og:description\" content=\"Batterie haute capacit\u00e9 v\u00e9lo Phylion 37V 13Ah \u00e0 296\u20ac au lieu de 399\u20ac : autonomie prolong\u00e9e, performance fiable et recharge rapide pour e-bike.\" \/>\n<meta property=\"og:url\" content=\"https:\/\/ateliervae.fr\/?product=phylion-xh370-13j-dauphin-37v-13ah-batterie-de-remplacement\" \/>\n<meta property=\"og:site_name\" content=\"ateliervae.fr\" \/>\n<meta property=\"article:modified_time\" content=\"2026-04-17T07:32:14+00:00\" \/>\n<meta property=\"og:image\" content=\"https:\/\/ateliervae.fr\/wp-content\/uploads\/2026\/04\/dolfijn-13ah-fietsaccu.jpg\" \/>\n\t<meta property=\"og:image:width\" content=\"360\" \/>\n\t<meta property=\"og:image:height\" content=\"360\" \/>\n\t<meta property=\"og:image:type\" content=\"image\/jpeg\" \/>\n<meta name=\"twitter:card\" content=\"summary_large_image\" \/>\n<meta name=\"twitter:label1\" content=\"Dur\u00e9e de lecture estim\u00e9e\" \/>\n\t<meta name=\"twitter:data1\" content=\"3 minutes\" \/>\n<script type=\"application\/ld+json\" class=\"yoast-schema-graph\">{\"@context\":\"https:\\\/\\\/schema.org\",\"@graph\":[{\"@type\":\"WebPage\",\"@id\":\"https:\\\/\\\/ateliervae.fr\\\/?product=phylion-xh370-13j-dauphin-37v-13ah-batterie-de-remplacement\",\"url\":\"https:\\\/\\\/ateliervae.fr\\\/?product=phylion-xh370-13j-dauphin-37v-13ah-batterie-de-remplacement\",\"name\":\"Batterie pour velos Phylion XH370-13J Dauphin 37V 13Ah batterie de remplacement - ateliervae.fr\",\"isPartOf\":{\"@id\":\"https:\\\/\\\/ateliervae.fr\\\/#website\"},\"primaryImageOfPage\":{\"@id\":\"https:\\\/\\\/ateliervae.fr\\\/?product=phylion-xh370-13j-dauphin-37v-13ah-batterie-de-remplacement#primaryimage\"},\"image\":{\"@id\":\"https:\\\/\\\/ateliervae.fr\\\/?product=phylion-xh370-13j-dauphin-37v-13ah-batterie-de-remplacement#primaryimage\"},\"thumbnailUrl\":\"https:\\\/\\\/ateliervae.fr\\\/wp-content\\\/uploads\\\/2026\\\/04\\\/dolfijn-13ah-fietsaccu.jpg\",\"datePublished\":\"2026-04-16T18:13:01+00:00\",\"dateModified\":\"2026-04-17T07:32:14+00:00\",\"description\":\"Batterie haute capacit\u00e9 v\u00e9lo Phylion 37V 13Ah \u00e0 296\u20ac au lieu de 399\u20ac : autonomie prolong\u00e9e, performance fiable et recharge rapide pour e-bike.\",\"breadcrumb\":{\"@id\":\"https:\\\/\\\/ateliervae.fr\\\/?product=phylion-xh370-13j-dauphin-37v-13ah-batterie-de-remplacement#breadcrumb\"},\"inLanguage\":\"fr-FR\",\"potentialAction\":[{\"@type\":\"ReadAction\",\"target\":[\"https:\\\/\\\/ateliervae.fr\\\/?product=phylion-xh370-13j-dauphin-37v-13ah-batterie-de-remplacement\"]}]},{\"@type\":\"ImageObject\",\"inLanguage\":\"fr-FR\",\"@id\":\"https:\\\/\\\/ateliervae.fr\\\/?product=phylion-xh370-13j-dauphin-37v-13ah-batterie-de-remplacement#primaryimage\",\"url\":\"https:\\\/\\\/ateliervae.fr\\\/wp-content\\\/uploads\\\/2026\\\/04\\\/dolfijn-13ah-fietsaccu.jpg\",\"contentUrl\":\"https:\\\/\\\/ateliervae.fr\\\/wp-content\\\/uploads\\\/2026\\\/04\\\/dolfijn-13ah-fietsaccu.jpg\",\"width\":360,\"height\":360},{\"@type\":\"BreadcrumbList\",\"@id\":\"https:\\\/\\\/ateliervae.fr\\\/?product=phylion-xh370-13j-dauphin-37v-13ah-batterie-de-remplacement#breadcrumb\",\"itemListElement\":[{\"@type\":\"ListItem\",\"position\":1,\"name\":\"Home\",\"item\":\"https:\\\/\\\/ateliervae.fr\\\/\"},{\"@type\":\"ListItem\",\"position\":2,\"name\":\"Produits\",\"item\":\"https:\\\/\\\/ateliervae.fr\\\/shop\\\/\"},{\"@type\":\"ListItem\",\"position\":3,\"name\":\"Batterie pour velos Phylion XH370-13J Dauphin 37V 13Ah batterie de remplacement\"}]},{\"@type\":\"WebSite\",\"@id\":\"https:\\\/\\\/ateliervae.fr\\\/#website\",\"url\":\"https:\\\/\\\/ateliervae.fr\\\/\",\"name\":\"ateliervae.fr\",\"description\":\"L\u2019\u00e9nergie au c\u0153ur de vos trajets\",\"publisher\":{\"@id\":\"https:\\\/\\\/ateliervae.fr\\\/#organization\"},\"potentialAction\":[{\"@type\":\"SearchAction\",\"target\":{\"@type\":\"EntryPoint\",\"urlTemplate\":\"https:\\\/\\\/ateliervae.fr\\\/?s={search_term_string}\"},\"query-input\":{\"@type\":\"PropertyValueSpecification\",\"valueRequired\":true,\"valueName\":\"search_term_string\"}}],\"inLanguage\":\"fr-FR\"},{\"@type\":\"Organization\",\"@id\":\"https:\\\/\\\/ateliervae.fr\\\/#organization\",\"name\":\"ateliervae.fr\",\"url\":\"https:\\\/\\\/ateliervae.fr\\\/\",\"logo\":{\"@type\":\"ImageObject\",\"inLanguage\":\"fr-FR\",\"@id\":\"https:\\\/\\\/ateliervae.fr\\\/#\\\/schema\\\/logo\\\/image\\\/\",\"url\":\"https:\\\/\\\/ateliervae.fr\\\/wp-content\\\/uploads\\\/2026\\\/04\\\/ChatGPT-Image-6-avr.-2026-11_58_22.png\",\"contentUrl\":\"https:\\\/\\\/ateliervae.fr\\\/wp-content\\\/uploads\\\/2026\\\/04\\\/ChatGPT-Image-6-avr.-2026-11_58_22.png\",\"width\":1536,\"height\":1024,\"caption\":\"ateliervae.fr\"},\"image\":{\"@id\":\"https:\\\/\\\/ateliervae.fr\\\/#\\\/schema\\\/logo\\\/image\\\/\"}}]}<\/script>\n<!-- \/ Yoast SEO plugin. -->","yoast_head_json":{"title":"Batterie pour velos Phylion XH370-13J Dauphin 37V 13Ah batterie de remplacement - ateliervae.fr","description":"Batterie haute capacit\u00e9 v\u00e9lo Phylion 37V 13Ah \u00e0 296\u20ac au lieu de 399\u20ac : autonomie prolong\u00e9e, performance fiable et recharge rapide pour e-bike.","robots":{"index":"index","follow":"follow","max-snippet":"max-snippet:-1","max-image-preview":"max-image-preview:large","max-video-preview":"max-video-preview:-1"},"canonical":"https:\/\/ateliervae.fr\/?product=phylion-xh370-13j-dauphin-37v-13ah-batterie-de-remplacement","og_locale":"fr_FR","og_type":"article","og_title":"Batterie pour velos Phylion XH370-13J Dauphin 37V 13Ah batterie de remplacement - ateliervae.fr","og_description":"Batterie haute capacit\u00e9 v\u00e9lo Phylion 37V 13Ah \u00e0 296\u20ac au lieu de 399\u20ac : autonomie prolong\u00e9e, performance fiable et recharge rapide pour e-bike.","og_url":"https:\/\/ateliervae.fr\/?product=phylion-xh370-13j-dauphin-37v-13ah-batterie-de-remplacement","og_site_name":"ateliervae.fr","article_modified_time":"2026-04-17T07:32:14+00:00","og_image":[{"width":360,"height":360,"url":"https:\/\/ateliervae.fr\/wp-content\/uploads\/2026\/04\/dolfijn-13ah-fietsaccu.jpg","type":"image\/jpeg"}],"twitter_card":"summary_large_image","twitter_misc":{"Dur\u00e9e de lecture estim\u00e9e":"3 minutes"},"schema":{"@context":"https:\/\/schema.org","@graph":[{"@type":"WebPage","@id":"https:\/\/ateliervae.fr\/?product=phylion-xh370-13j-dauphin-37v-13ah-batterie-de-remplacement","url":"https:\/\/ateliervae.fr\/?product=phylion-xh370-13j-dauphin-37v-13ah-batterie-de-remplacement","name":"Batterie pour velos Phylion XH370-13J Dauphin 37V 13Ah batterie de remplacement - ateliervae.fr","isPartOf":{"@id":"https:\/\/ateliervae.fr\/#website"},"primaryImageOfPage":{"@id":"https:\/\/ateliervae.fr\/?product=phylion-xh370-13j-dauphin-37v-13ah-batterie-de-remplacement#primaryimage"},"image":{"@id":"https:\/\/ateliervae.fr\/?product=phylion-xh370-13j-dauphin-37v-13ah-batterie-de-remplacement#primaryimage"},"thumbnailUrl":"https:\/\/ateliervae.fr\/wp-content\/uploads\/2026\/04\/dolfijn-13ah-fietsaccu.jpg","datePublished":"2026-04-16T18:13:01+00:00","dateModified":"2026-04-17T07:32:14+00:00","description":"Batterie haute capacit\u00e9 v\u00e9lo Phylion 37V 13Ah \u00e0 296\u20ac au lieu de 399\u20ac : autonomie prolong\u00e9e, performance fiable et recharge rapide pour e-bike.","breadcrumb":{"@id":"https:\/\/ateliervae.fr\/?product=phylion-xh370-13j-dauphin-37v-13ah-batterie-de-remplacement#breadcrumb"},"inLanguage":"fr-FR","potentialAction":[{"@type":"ReadAction","target":["https:\/\/ateliervae.fr\/?product=phylion-xh370-13j-dauphin-37v-13ah-batterie-de-remplacement"]}]},{"@type":"ImageObject","inLanguage":"fr-FR","@id":"https:\/\/ateliervae.fr\/?product=phylion-xh370-13j-dauphin-37v-13ah-batterie-de-remplacement#primaryimage","url":"https:\/\/ateliervae.fr\/wp-content\/uploads\/2026\/04\/dolfijn-13ah-fietsaccu.jpg","contentUrl":"https:\/\/ateliervae.fr\/wp-content\/uploads\/2026\/04\/dolfijn-13ah-fietsaccu.jpg","width":360,"height":360},{"@type":"BreadcrumbList","@id":"https:\/\/ateliervae.fr\/?product=phylion-xh370-13j-dauphin-37v-13ah-batterie-de-remplacement#breadcrumb","itemListElement":[{"@type":"ListItem","position":1,"name":"Home","item":"https:\/\/ateliervae.fr\/"},{"@type":"ListItem","position":2,"name":"Produits","item":"https:\/\/ateliervae.fr\/shop\/"},{"@type":"ListItem","position":3,"name":"Batterie pour velos Phylion XH370-13J Dauphin 37V 13Ah batterie de remplacement"}]},{"@type":"WebSite","@id":"https:\/\/ateliervae.fr\/#website","url":"https:\/\/ateliervae.fr\/","name":"ateliervae.fr","description":"L\u2019\u00e9nergie au c\u0153ur de vos trajets","publisher":{"@id":"https:\/\/ateliervae.fr\/#organization"},"potentialAction":[{"@type":"SearchAction","target":{"@type":"EntryPoint","urlTemplate":"https:\/\/ateliervae.fr\/?s={search_term_string}"},"query-input":{"@type":"PropertyValueSpecification","valueRequired":true,"valueName":"search_term_string"}}],"inLanguage":"fr-FR"},{"@type":"Organization","@id":"https:\/\/ateliervae.fr\/#organization","name":"ateliervae.fr","url":"https:\/\/ateliervae.fr\/","logo":{"@type":"ImageObject","inLanguage":"fr-FR","@id":"https:\/\/ateliervae.fr\/#\/schema\/logo\/image\/","url":"https:\/\/ateliervae.fr\/wp-content\/uploads\/2026\/04\/ChatGPT-Image-6-avr.-2026-11_58_22.png","contentUrl":"https:\/\/ateliervae.fr\/wp-content\/uploads\/2026\/04\/ChatGPT-Image-6-avr.-2026-11_58_22.png","width":1536,"height":1024,"caption":"ateliervae.fr"},"image":{"@id":"https:\/\/ateliervae.fr\/#\/schema\/logo\/image\/"}}]}},"_links":{"self":[{"href":"https:\/\/ateliervae.fr\/index.php?rest_route=\/wp\/v2\/product\/27541","targetHints":{"allow":["GET"]}}],"collection":[{"href":"https:\/\/ateliervae.fr\/index.php?rest_route=\/wp\/v2\/product"}],"about":[{"href":"https:\/\/ateliervae.fr\/index.php?rest_route=\/wp\/v2\/types\/product"}],"replies":[{"embeddable":true,"href":"https:\/\/ateliervae.fr\/index.php?rest_route=%2Fwp%2Fv2%2Fcomments&post=27541"}],"version-history":[{"count":2,"href":"https:\/\/ateliervae.fr\/index.php?rest_route=\/wp\/v2\/product\/27541\/revisions"}],"predecessor-version":[{"id":27549,"href":"https:\/\/ateliervae.fr\/index.php?rest_route=\/wp\/v2\/product\/27541\/revisions\/27549"}],"wp:featuredmedia":[{"embeddable":true,"href":"https:\/\/ateliervae.fr\/index.php?rest_route=\/wp\/v2\/media\/27540"}],"wp:attachment":[{"href":"https:\/\/ateliervae.fr\/index.php?rest_route=%2Fwp%2Fv2%2Fmedia&parent=27541"}],"wp:term":[{"taxonomy":"product_brand","embeddable":true,"href":"https:\/\/ateliervae.fr\/index.php?rest_route=%2Fwp%2Fv2%2Fproduct_brand&post=27541"},{"taxonomy":"product_cat","embeddable":true,"href":"https:\/\/ateliervae.fr\/index.php?rest_route=%2Fwp%2Fv2%2Fproduct_cat&post=27541"},{"taxonomy":"product_tag","embeddable":true,"href":"https:\/\/ateliervae.fr\/index.php?rest_route=%2Fwp%2Fv2%2Fproduct_tag&post=27541"}],"curies":[{"name":"wp","href":"https:\/\/api.w.org\/{rel}","templated":true}]}}