{"id":27537,"date":"2026-04-16T18:13:01","date_gmt":"2026-04-16T18:13:01","guid":{"rendered":"https:\/\/ateliervae.fr\/shop\/non%20class\u00e9\/phylion-sf-03-37v-8-8ah-batterie-de-velo\/"},"modified":"2026-04-17T08:07:48","modified_gmt":"2026-04-17T08:07:48","slug":"phylion-sf-03-37v-8-8ah-batterie-de-velo","status":"publish","type":"product","link":"https:\/\/ateliervae.fr\/?product=phylion-sf-03-37v-8-8ah-batterie-de-velo","title":{"rendered":"Batterie pour velos Phylion SF-03 37V 325 Wh 8.8Ah"},"content":{"rendered":"<h2 data-section-id=\"861lo3\" data-start=\"255\" data-end=\"295\">Description d\u00e9taill\u00e9e du produit<\/h2>\n<p data-start=\"297\" data-end=\"627\">La batterie pour v\u00e9los Phylion SF-03 37V 8.8Ah est une solution id\u00e9ale pour les cyclistes \u00e0 la recherche de la <strong data-start=\"408\" data-end=\"449\">meilleure batterie de v\u00e9lo electrique<\/strong> alliant performance, fiabilit\u00e9 et durabilit\u00e9. Con\u00e7ue avec une technologie <strong data-start=\"524\" data-end=\"555\">batterie lithium-ion e-bike<\/strong>, elle offre un excellent compromis entre autonomie, poids et long\u00e9vit\u00e9.<\/p>\n<p data-start=\"629\" data-end=\"978\">Adapt\u00e9e aussi bien pour un <strong data-start=\"656\" data-end=\"674\">VTT \u00e9lectrique<\/strong> que pour un v\u00e9lo urbain, cette batterie garantit une <strong data-start=\"728\" data-end=\"766\">autonomie batterie v\u00e9lo \u00e9lectrique<\/strong> optimis\u00e9e pour les trajets quotidiens comme pour les longues distances. Avec sa capacit\u00e9 de 8.8Ah et son voltage de 37V, elle fournit une puissance stable et efficace pour accompagner votre p\u00e9dalage sans effort.<\/p>\n<p data-start=\"980\" data-end=\"1301\">Son syst\u00e8me intelligent de gestion (BMS) prot\u00e8ge contre la surcharge, la surchauffe et les courts-circuits, assurant une <strong data-start=\"1101\" data-end=\"1138\">s\u00e9curit\u00e9 batterie v\u00e9lo \u00e9lectrique<\/strong> maximale. Cette batterie s\u2019int\u00e8gre facilement gr\u00e2ce \u00e0 un syst\u00e8me de fixation ergonomique, compatible avec plusieurs mod\u00e8les de v\u00e9los \u00e9quip\u00e9s de batteries Phylion.<\/p>\n<p data-start=\"1303\" data-end=\"1575\">Parfaite alternative dans la cat\u00e9gorie <strong data-start=\"1342\" data-end=\"1378\">batterie 36V 48V v\u00e9lo \u00e9lectrique<\/strong>, elle se distingue par sa l\u00e9g\u00e8ret\u00e9 et son temps de charge rapide. C\u2019est un excellent choix pour ceux qui souhaitent remplacer ou am\u00e9liorer leur <strong data-start=\"1523\" data-end=\"1564\">batterie rechargeable v\u00e9lo \u00e9lectrique<\/strong> existante.<\/p>\n<h2 data-section-id=\"1cqea8h\" data-start=\"1584\" data-end=\"1632\"><\/h2>\n<h2 data-section-id=\"1cqea8h\" data-start=\"1584\" data-end=\"1632\">4. Tableau technique complet de la batterie<\/h2>\n<div class=\"TyagGW_tableContainer\">\n<div class=\"group TyagGW_tableWrapper flex flex-col-reverse w-fit\" tabindex=\"-1\">\n<table class=\"w-fit min-w-(--thread-content-width)\" data-start=\"1634\" data-end=\"2211\">\n<thead data-start=\"1634\" data-end=\"1662\">\n<tr data-start=\"1634\" data-end=\"1662\">\n<th class=\"\" data-start=\"1634\" data-end=\"1652\" data-col-size=\"sm\">Caract\u00e9ristique<\/th>\n<th class=\"\" data-start=\"1652\" data-end=\"1662\" data-col-size=\"sm\">D\u00e9tail<\/th>\n<\/tr>\n<\/thead>\n<tbody data-start=\"1691\" data-end=\"2211\">\n<tr data-start=\"1691\" data-end=\"1743\">\n<td data-start=\"1691\" data-end=\"1710\" data-col-size=\"sm\">Type de batterie<\/td>\n<td data-start=\"1710\" data-end=\"1743\" data-col-size=\"sm\">Batterie pour v\u00e9lo \u00e9lectrique<\/td>\n<\/tr>\n<tr data-start=\"1744\" data-end=\"1773\">\n<td data-start=\"1744\" data-end=\"1758\" data-col-size=\"sm\">Technologie<\/td>\n<td data-start=\"1758\" data-end=\"1773\" data-col-size=\"sm\">Lithium-ion<\/td>\n<\/tr>\n<tr data-start=\"1774\" data-end=\"1791\">\n<td data-start=\"1774\" data-end=\"1784\" data-col-size=\"sm\">Voltage<\/td>\n<td data-start=\"1784\" data-end=\"1791\" data-col-size=\"sm\">37V<\/td>\n<\/tr>\n<tr data-start=\"1792\" data-end=\"1823\">\n<td data-start=\"1792\" data-end=\"1803\" data-col-size=\"sm\">Capacit\u00e9<\/td>\n<td data-start=\"1803\" data-end=\"1823\" data-col-size=\"sm\">8.8Ah (\u2248 325 Wh)<\/td>\n<\/tr>\n<tr data-start=\"1824\" data-end=\"1858\">\n<td data-start=\"1824\" data-end=\"1844\" data-col-size=\"sm\">Autonomie estim\u00e9e<\/td>\n<td data-start=\"1844\" data-end=\"1858\" data-col-size=\"sm\">40 \u00e0 70 km<\/td>\n<\/tr>\n<tr data-start=\"1859\" data-end=\"1893\">\n<td data-start=\"1859\" data-end=\"1877\" data-col-size=\"sm\">Temps de charge<\/td>\n<td data-start=\"1877\" data-end=\"1893\" data-col-size=\"sm\">4 \u00e0 6 heures<\/td>\n<\/tr>\n<tr data-start=\"1894\" data-end=\"1930\">\n<td data-start=\"1894\" data-end=\"1909\" data-col-size=\"sm\">Dur\u00e9e de vie<\/td>\n<td data-start=\"1909\" data-end=\"1930\" data-col-size=\"sm\">700 \u00e0 1000 cycles<\/td>\n<\/tr>\n<tr data-start=\"1931\" data-end=\"1986\">\n<td data-start=\"1931\" data-end=\"1947\" data-col-size=\"sm\">Compatibilit\u00e9<\/td>\n<td data-start=\"1947\" data-end=\"1986\" data-col-size=\"sm\">V\u00e9los \u00e9quip\u00e9s syst\u00e8me Phylion SF-03<\/td>\n<\/tr>\n<tr data-start=\"1987\" data-end=\"2025\">\n<td data-start=\"1987\" data-end=\"2009\" data-col-size=\"sm\">Syst\u00e8me de fixation<\/td>\n<td data-start=\"2009\" data-end=\"2025\" data-col-size=\"sm\">Rail int\u00e9gr\u00e9<\/td>\n<\/tr>\n<tr data-start=\"2026\" data-end=\"2046\">\n<td data-start=\"2026\" data-end=\"2034\" data-col-size=\"sm\">Poids<\/td>\n<td data-start=\"2034\" data-end=\"2046\" data-col-size=\"sm\">\u2248 2.5 kg<\/td>\n<\/tr>\n<tr data-start=\"2047\" data-end=\"2099\">\n<td data-start=\"2047\" data-end=\"2061\" data-col-size=\"sm\">Emplacement<\/td>\n<td data-start=\"2061\" data-end=\"2099\" data-col-size=\"sm\">Porte-bagages \/ cadre selon mod\u00e8le<\/td>\n<\/tr>\n<tr data-start=\"2100\" data-end=\"2126\">\n<td data-start=\"2100\" data-end=\"2111\" data-col-size=\"sm\">S\u00e9curit\u00e9<\/td>\n<td data-start=\"2111\" data-end=\"2126\" data-col-size=\"sm\">BMS int\u00e9gr\u00e9<\/td>\n<\/tr>\n<tr data-start=\"2127\" data-end=\"2169\">\n<td data-start=\"2127\" data-end=\"2155\" data-col-size=\"sm\">Temp\u00e9rature d\u2019utilisation<\/td>\n<td data-start=\"2155\" data-end=\"2169\" data-col-size=\"sm\">0\u00b0C \u00e0 45\u00b0C<\/td>\n<\/tr>\n<tr data-start=\"2170\" data-end=\"2211\">\n<td data-start=\"2170\" data-end=\"2186\" data-col-size=\"sm\">Ann\u00e9e \/ gamme<\/td>\n<td data-start=\"2186\" data-end=\"2211\" data-col-size=\"sm\">Gamme standard e-bike<\/td>\n<\/tr>\n<\/tbody>\n<\/table>\n<\/div>\n<\/div>\n<h2 data-section-id=\"z4mrwn\" data-start=\"2220\" data-end=\"2262\"><\/h2>\n<h2 data-section-id=\"z4mrwn\" data-start=\"2220\" data-end=\"2262\">5. Tableau comparatif (2 concurrents)<\/h2>\n<div class=\"TyagGW_tableContainer\">\n<div class=\"group TyagGW_tableWrapper flex flex-col-reverse w-fit\" tabindex=\"-1\">\n<table class=\"w-fit min-w-(--thread-content-width)\" data-start=\"2264\" data-end=\"2720\">\n<thead data-start=\"2264\" data-end=\"2361\">\n<tr data-start=\"2264\" data-end=\"2361\">\n<th class=\"\" data-start=\"2264\" data-end=\"2273\" data-col-size=\"sm\">Mod\u00e8le<\/th>\n<th class=\"\" data-start=\"2273\" data-end=\"2292\" data-col-size=\"sm\">Type de batterie<\/th>\n<th class=\"\" data-start=\"2292\" data-end=\"2313\" data-col-size=\"sm\">Voltage \/ capacit\u00e9<\/th>\n<th class=\"\" data-start=\"2313\" data-end=\"2325\" data-col-size=\"sm\">Autonomie<\/th>\n<th class=\"\" data-start=\"2325\" data-end=\"2341\" data-col-size=\"sm\">Compatibilit\u00e9<\/th>\n<th class=\"\" data-start=\"2341\" data-end=\"2349\" data-col-size=\"sm\">Poids<\/th>\n<th class=\"\" data-start=\"2349\" data-end=\"2361\" data-col-size=\"sm\">Prix TTC<\/th>\n<\/tr>\n<\/thead>\n<tbody data-start=\"2459\" data-end=\"2720\">\n<tr data-start=\"2459\" data-end=\"2541\">\n<td data-start=\"2459\" data-end=\"2475\" data-col-size=\"sm\">Phylion SF-03<\/td>\n<td data-start=\"2475\" data-end=\"2489\" data-col-size=\"sm\">Lithium-ion<\/td>\n<td data-start=\"2489\" data-end=\"2503\" data-col-size=\"sm\">37V \/ 8.8Ah<\/td>\n<td data-start=\"2503\" data-end=\"2514\" data-col-size=\"sm\">40-70 km<\/td>\n<td data-start=\"2514\" data-end=\"2524\" data-col-size=\"sm\">Phylion<\/td>\n<td data-start=\"2524\" data-end=\"2533\" data-col-size=\"sm\">2.5 kg<\/td>\n<td data-start=\"2533\" data-end=\"2541\" data-col-size=\"sm\">249\u20ac<\/td>\n<\/tr>\n<tr data-start=\"2542\" data-end=\"2627\">\n<td data-start=\"2542\" data-end=\"2564\" data-col-size=\"sm\"><a href=\"https:\/\/ateliervae.fr\/shop\/batteries-de-velos\/batterie-integree\/36v-batterie-integree\/10-15-ah-36v-batterie-integree\/360-540-wh-10-15-ah-36v-batterie-integree\/bosch-powerpack-400-classic-cadre-36v-11ah\/\">Bosch PowerPack 400<\/a><\/td>\n<td data-start=\"2564\" data-end=\"2578\" data-col-size=\"sm\">Lithium-ion<\/td>\n<td data-start=\"2578\" data-end=\"2591\" data-col-size=\"sm\">36V \/ 11Ah<\/td>\n<td data-start=\"2591\" data-end=\"2602\" data-col-size=\"sm\">60-90 km<\/td>\n<td data-start=\"2602\" data-end=\"2610\" data-col-size=\"sm\">Bosch<\/td>\n<td data-start=\"2610\" data-end=\"2619\" data-col-size=\"sm\">2.6 kg<\/td>\n<td data-start=\"2619\" data-end=\"2627\" data-col-size=\"sm\">499\u20ac<\/td>\n<\/tr>\n<tr data-start=\"2628\" data-end=\"2720\">\n<td data-start=\"2628\" data-end=\"2649\" data-col-size=\"sm\">Samsung E-bike 36V<\/td>\n<td data-start=\"2649\" data-end=\"2663\" data-col-size=\"sm\">Lithium-ion<\/td>\n<td data-start=\"2663\" data-end=\"2678\" data-col-size=\"sm\">36V \/ 10.4Ah<\/td>\n<td data-start=\"2678\" data-end=\"2689\" data-col-size=\"sm\">50-80 km<\/td>\n<td data-start=\"2689\" data-end=\"2703\" data-col-size=\"sm\">Universelle<\/td>\n<td data-start=\"2703\" data-end=\"2712\" data-col-size=\"sm\">2.8 kg<\/td>\n<td data-start=\"2712\" data-end=\"2720\" data-col-size=\"sm\">349\u20ac<\/td>\n<\/tr>\n<\/tbody>\n<\/table>\n<\/div>\n<\/div>\n<h2 data-section-id=\"160c69i\" data-start=\"2729\" data-end=\"2766\">6. Conclusion<\/h2>\n<p data-start=\"2768\" data-end=\"3103\">La batterie pour v\u00e9los Phylion SF-03 37V 8.8Ah repr\u00e9sente un excellent choix pour tous les utilisateurs recherchant une <strong data-start=\"2888\" data-end=\"2941\">batterie lithium-ion e-bike fiable et performante<\/strong>. Gr\u00e2ce \u00e0 son autonomie \u00e9quilibr\u00e9e, son temps de charge rapide et sa grande durabilit\u00e9, elle s\u2019impose comme une solution efficace pour optimiser vos d\u00e9placements.<\/p>\n<p data-start=\"3300\" data-end=\"3441\">\n<h2 data-section-id=\"34dife\" data-start=\"3448\" data-end=\"3459\">7. FAQ<\/h2>\n<p data-start=\"3461\" data-end=\"3605\"><strong data-start=\"3461\" data-end=\"3503\">Quelle autonomie pour cette batterie ?<\/strong><br data-start=\"3503\" data-end=\"3506\" \/>Elle offre entre 40 et 70 km selon le niveau d\u2019assistance, le terrain et le poids de l\u2019utilisateur.<\/p>\n<p data-start=\"3607\" data-end=\"3752\"><strong data-start=\"3607\" data-end=\"3646\">Est-elle compatible avec mon v\u00e9lo ?<\/strong><br data-start=\"3646\" data-end=\"3649\" \/>Elle est compatible avec les v\u00e9los \u00e9quip\u00e9s du syst\u00e8me Phylion SF-03. V\u00e9rifiez votre mod\u00e8le avant achat.<\/p>\n<p data-start=\"3754\" data-end=\"3840\"><strong data-start=\"3754\" data-end=\"3791\">Combien de temps dure la charge ?<\/strong><br data-start=\"3791\" data-end=\"3794\" \/>Le temps de charge est d\u2019environ 4 \u00e0 6 heures.<\/p>\n<p data-start=\"3842\" data-end=\"3994\"><strong data-start=\"3842\" data-end=\"3887\">Peut-on remplacer une batterie ancienne ?<\/strong><br data-start=\"3887\" data-end=\"3890\" \/>Oui, cette batterie est id\u00e9ale comme <strong data-start=\"3927\" data-end=\"3968\">remplacement batterie v\u00e9lo \u00e9lectrique<\/strong> pour mod\u00e8les compatibles.<\/p>\n<p data-start=\"3996\" data-end=\"4086\"><strong data-start=\"3996\" data-end=\"4028\">Quelle est sa dur\u00e9e de vie ?<\/strong><br data-start=\"4028\" data-end=\"4031\" \/>Elle peut atteindre entre 700 et 1000 cycles de charge.<\/p>\n<p data-start=\"4088\" data-end=\"4195\"><strong data-start=\"4088\" data-end=\"4112\">Est-elle s\u00e9curis\u00e9e ?<\/strong><br data-start=\"4112\" data-end=\"4115\" \/>Oui, elle dispose d\u2019un syst\u00e8me BMS pour \u00e9viter les surtensions et la surchauffe.<\/p>\n<p data-start=\"4197\" data-end=\"4338\"><strong data-start=\"4197\" data-end=\"4252\">Est-ce une batterie adapt\u00e9e aux longues distances ?<\/strong><br data-start=\"4252\" data-end=\"4255\" \/>Oui, elle convient parfaitement pour les trajets quotidiens et les longues balades.<\/p>\n","protected":false},"excerpt":{"rendered":"<ul data-start=\"4373\" data-end=\"4633\" data-is-last-node=\"\" data-is-only-node=\"\">\n<li data-section-id=\"oo7j5u\" data-start=\"4373\" data-end=\"4437\"><span style=\"color: #99cc00;\">\ud83d\udd0b <strong data-start=\"4378\" data-end=\"4404\">Puissance et autonomie<\/strong> : 37V 8.8Ah pour jusqu\u2019\u00e0 70 km<\/span><\/li>\n<li data-section-id=\"thkvrx\" data-start=\"4438\" data-end=\"4502\"><span style=\"color: #99cc00;\">\u26a1 <strong data-start=\"4442\" data-end=\"4469\">Technologie et s\u00e9curit\u00e9<\/strong> : Lithium-ion avec BMS int\u00e9gr\u00e9<\/span><\/li>\n<li data-section-id=\"qwk3s5\" data-start=\"4503\" data-end=\"4551\"><span style=\"color: #99cc00;\">\ud83d\udd27 <strong data-start=\"4508\" data-end=\"4525\">Compatibilit\u00e9<\/strong> : Syst\u00e8me Phylion SF-03<\/span><\/li>\n<li data-section-id=\"18e4vyg\" data-start=\"4552\" data-end=\"4633\" data-is-last-node=\"\"><span style=\"color: #99cc00;\">\ud83d\ude80 <strong data-start=\"4557\" data-end=\"4579\">Avantage principal<\/strong> : Excellent rapport qualit\u00e9\/prix et fiabilit\u00e9 durable<\/span><\/li>\n<li data-section-id=\"18e4vyg\" data-start=\"4552\" data-end=\"4633\" data-is-last-node=\"\">\n<p data-start=\"3105\" data-end=\"3298\">Que vous soyez un cycliste urbain ou amateur de longues balades, cette batterie r\u00e9pond parfaitement aux exigences modernes en mati\u00e8re de <strong data-start=\"3242\" data-end=\"3282\">performance batterie v\u00e9lo \u00e9lectrique<\/strong> et de s\u00e9curit\u00e9.<\/p>\n<p data-start=\"3300\" data-end=\"3441\">\ud83d\udc49 Ne laissez pas votre v\u00e9lo manquer d\u2019\u00e9nergie : optez d\u00e8s maintenant pour une batterie performante et profitez pleinement de chaque trajet !<\/p>\n<\/li>\n<\/ul>\n","protected":false},"featured_media":27536,"comment_status":"open","ping_status":"closed","template":"","meta":[],"product_brand":[86],"product_cat":[270,256,266,109,33],"product_tag":[478,479,480],"class_list":{"0":"post-27537","1":"product","2":"type-product","3":"status-publish","4":"has-post-thumbnail","6":"product_brand-phylion","7":"product_cat-180-360-wh-5-10-ah-36v-batterie-porte-bagage","8":"product_cat-36v-batterie-porte-bagage","9":"product_cat-5-10-ah-36v-batterie-porte-bagage","10":"product_cat-batterie-porte-bagage","11":"product_cat-batteries-de-velos","12":"product_tag-batterie-velo-electrique","13":"product_tag-batterie-velo-fiable","14":"product_tag-batterie-velo-resistante","16":"first","17":"instock","18":"sale","19":"shipping-taxable","20":"purchasable","21":"product-type-simple"},"yoast_head":"<!-- This site is optimized with the Yoast SEO plugin v27.5 - https:\/\/yoast.com\/product\/yoast-seo-wordpress\/ -->\n<title>Batterie pour velos Phylion SF-03 37V 325 Wh 8.8Ah - ateliervae.fr<\/title>\n<meta name=\"description\" content=\"Meilleure batterie de v\u00e9lo electrique Phylion SF-03 37V 8.8Ah \u00e0 249\u20ac au lieu de 339 : autonomie fiable, recharge rapide et longue dur\u00e9e de vie.\" \/>\n<meta name=\"robots\" content=\"index, follow, max-snippet:-1, max-image-preview:large, max-video-preview:-1\" \/>\n<link rel=\"canonical\" href=\"https:\/\/ateliervae.fr\/?product=phylion-sf-03-37v-8-8ah-batterie-de-velo\" \/>\n<meta property=\"og:locale\" content=\"fr_FR\" \/>\n<meta property=\"og:type\" content=\"article\" \/>\n<meta property=\"og:title\" content=\"Batterie pour velos Phylion SF-03 37V 325 Wh 8.8Ah - ateliervae.fr\" \/>\n<meta property=\"og:description\" content=\"Meilleure batterie de v\u00e9lo electrique Phylion SF-03 37V 8.8Ah \u00e0 249\u20ac au lieu de 339 : autonomie fiable, recharge rapide et longue dur\u00e9e de vie.\" \/>\n<meta property=\"og:url\" content=\"https:\/\/ateliervae.fr\/?product=phylion-sf-03-37v-8-8ah-batterie-de-velo\" \/>\n<meta property=\"og:site_name\" content=\"ateliervae.fr\" \/>\n<meta property=\"article:modified_time\" content=\"2026-04-17T08:07:48+00:00\" \/>\n<meta property=\"og:image\" content=\"https:\/\/ateliervae.fr\/wp-content\/uploads\/2026\/04\/phylion_sf-03_14.5ah_-_driekwartaanzicht_1_.jpg\" \/>\n\t<meta property=\"og:image:width\" content=\"360\" \/>\n\t<meta property=\"og:image:height\" content=\"360\" \/>\n\t<meta property=\"og:image:type\" content=\"image\/jpeg\" \/>\n<meta name=\"twitter:card\" content=\"summary_large_image\" \/>\n<meta name=\"twitter:label1\" content=\"Dur\u00e9e de lecture estim\u00e9e\" \/>\n\t<meta name=\"twitter:data1\" content=\"3 minutes\" \/>\n<script type=\"application\/ld+json\" class=\"yoast-schema-graph\">{\"@context\":\"https:\\\/\\\/schema.org\",\"@graph\":[{\"@type\":\"WebPage\",\"@id\":\"https:\\\/\\\/ateliervae.fr\\\/?product=phylion-sf-03-37v-8-8ah-batterie-de-velo\",\"url\":\"https:\\\/\\\/ateliervae.fr\\\/?product=phylion-sf-03-37v-8-8ah-batterie-de-velo\",\"name\":\"Batterie pour velos Phylion SF-03 37V 325 Wh 8.8Ah - ateliervae.fr\",\"isPartOf\":{\"@id\":\"https:\\\/\\\/ateliervae.fr\\\/#website\"},\"primaryImageOfPage\":{\"@id\":\"https:\\\/\\\/ateliervae.fr\\\/?product=phylion-sf-03-37v-8-8ah-batterie-de-velo#primaryimage\"},\"image\":{\"@id\":\"https:\\\/\\\/ateliervae.fr\\\/?product=phylion-sf-03-37v-8-8ah-batterie-de-velo#primaryimage\"},\"thumbnailUrl\":\"https:\\\/\\\/ateliervae.fr\\\/wp-content\\\/uploads\\\/2026\\\/04\\\/phylion_sf-03_14.5ah_-_driekwartaanzicht_1_.jpg\",\"datePublished\":\"2026-04-16T18:13:01+00:00\",\"dateModified\":\"2026-04-17T08:07:48+00:00\",\"description\":\"Meilleure batterie de v\u00e9lo electrique Phylion SF-03 37V 8.8Ah \u00e0 249\u20ac au lieu de 339 : autonomie fiable, recharge rapide et longue dur\u00e9e de vie.\",\"breadcrumb\":{\"@id\":\"https:\\\/\\\/ateliervae.fr\\\/?product=phylion-sf-03-37v-8-8ah-batterie-de-velo#breadcrumb\"},\"inLanguage\":\"fr-FR\",\"potentialAction\":[{\"@type\":\"ReadAction\",\"target\":[\"https:\\\/\\\/ateliervae.fr\\\/?product=phylion-sf-03-37v-8-8ah-batterie-de-velo\"]}]},{\"@type\":\"ImageObject\",\"inLanguage\":\"fr-FR\",\"@id\":\"https:\\\/\\\/ateliervae.fr\\\/?product=phylion-sf-03-37v-8-8ah-batterie-de-velo#primaryimage\",\"url\":\"https:\\\/\\\/ateliervae.fr\\\/wp-content\\\/uploads\\\/2026\\\/04\\\/phylion_sf-03_14.5ah_-_driekwartaanzicht_1_.jpg\",\"contentUrl\":\"https:\\\/\\\/ateliervae.fr\\\/wp-content\\\/uploads\\\/2026\\\/04\\\/phylion_sf-03_14.5ah_-_driekwartaanzicht_1_.jpg\",\"width\":360,\"height\":360,\"caption\":\"meilleure batterie de v\u00e9lo electrique batterie v\u00e9lo charge rapide\"},{\"@type\":\"BreadcrumbList\",\"@id\":\"https:\\\/\\\/ateliervae.fr\\\/?product=phylion-sf-03-37v-8-8ah-batterie-de-velo#breadcrumb\",\"itemListElement\":[{\"@type\":\"ListItem\",\"position\":1,\"name\":\"Home\",\"item\":\"https:\\\/\\\/ateliervae.fr\\\/\"},{\"@type\":\"ListItem\",\"position\":2,\"name\":\"Produits\",\"item\":\"https:\\\/\\\/ateliervae.fr\\\/shop\\\/\"},{\"@type\":\"ListItem\",\"position\":3,\"name\":\"Batterie pour velos Phylion SF-03 37V 325 Wh 8.8Ah\"}]},{\"@type\":\"WebSite\",\"@id\":\"https:\\\/\\\/ateliervae.fr\\\/#website\",\"url\":\"https:\\\/\\\/ateliervae.fr\\\/\",\"name\":\"ateliervae.fr\",\"description\":\"L\u2019\u00e9nergie au c\u0153ur de vos trajets\",\"publisher\":{\"@id\":\"https:\\\/\\\/ateliervae.fr\\\/#organization\"},\"potentialAction\":[{\"@type\":\"SearchAction\",\"target\":{\"@type\":\"EntryPoint\",\"urlTemplate\":\"https:\\\/\\\/ateliervae.fr\\\/?s={search_term_string}\"},\"query-input\":{\"@type\":\"PropertyValueSpecification\",\"valueRequired\":true,\"valueName\":\"search_term_string\"}}],\"inLanguage\":\"fr-FR\"},{\"@type\":\"Organization\",\"@id\":\"https:\\\/\\\/ateliervae.fr\\\/#organization\",\"name\":\"ateliervae.fr\",\"url\":\"https:\\\/\\\/ateliervae.fr\\\/\",\"logo\":{\"@type\":\"ImageObject\",\"inLanguage\":\"fr-FR\",\"@id\":\"https:\\\/\\\/ateliervae.fr\\\/#\\\/schema\\\/logo\\\/image\\\/\",\"url\":\"https:\\\/\\\/ateliervae.fr\\\/wp-content\\\/uploads\\\/2026\\\/04\\\/ChatGPT-Image-6-avr.-2026-11_58_22.png\",\"contentUrl\":\"https:\\\/\\\/ateliervae.fr\\\/wp-content\\\/uploads\\\/2026\\\/04\\\/ChatGPT-Image-6-avr.-2026-11_58_22.png\",\"width\":1536,\"height\":1024,\"caption\":\"ateliervae.fr\"},\"image\":{\"@id\":\"https:\\\/\\\/ateliervae.fr\\\/#\\\/schema\\\/logo\\\/image\\\/\"}}]}<\/script>\n<!-- \/ Yoast SEO plugin. -->","yoast_head_json":{"title":"Batterie pour velos Phylion SF-03 37V 325 Wh 8.8Ah - ateliervae.fr","description":"Meilleure batterie de v\u00e9lo electrique Phylion SF-03 37V 8.8Ah \u00e0 249\u20ac au lieu de 339 : autonomie fiable, recharge rapide et longue dur\u00e9e de vie.","robots":{"index":"index","follow":"follow","max-snippet":"max-snippet:-1","max-image-preview":"max-image-preview:large","max-video-preview":"max-video-preview:-1"},"canonical":"https:\/\/ateliervae.fr\/?product=phylion-sf-03-37v-8-8ah-batterie-de-velo","og_locale":"fr_FR","og_type":"article","og_title":"Batterie pour velos Phylion SF-03 37V 325 Wh 8.8Ah - ateliervae.fr","og_description":"Meilleure batterie de v\u00e9lo electrique Phylion SF-03 37V 8.8Ah \u00e0 249\u20ac au lieu de 339 : autonomie fiable, recharge rapide et longue dur\u00e9e de vie.","og_url":"https:\/\/ateliervae.fr\/?product=phylion-sf-03-37v-8-8ah-batterie-de-velo","og_site_name":"ateliervae.fr","article_modified_time":"2026-04-17T08:07:48+00:00","og_image":[{"width":360,"height":360,"url":"https:\/\/ateliervae.fr\/wp-content\/uploads\/2026\/04\/phylion_sf-03_14.5ah_-_driekwartaanzicht_1_.jpg","type":"image\/jpeg"}],"twitter_card":"summary_large_image","twitter_misc":{"Dur\u00e9e de lecture estim\u00e9e":"3 minutes"},"schema":{"@context":"https:\/\/schema.org","@graph":[{"@type":"WebPage","@id":"https:\/\/ateliervae.fr\/?product=phylion-sf-03-37v-8-8ah-batterie-de-velo","url":"https:\/\/ateliervae.fr\/?product=phylion-sf-03-37v-8-8ah-batterie-de-velo","name":"Batterie pour velos Phylion SF-03 37V 325 Wh 8.8Ah - ateliervae.fr","isPartOf":{"@id":"https:\/\/ateliervae.fr\/#website"},"primaryImageOfPage":{"@id":"https:\/\/ateliervae.fr\/?product=phylion-sf-03-37v-8-8ah-batterie-de-velo#primaryimage"},"image":{"@id":"https:\/\/ateliervae.fr\/?product=phylion-sf-03-37v-8-8ah-batterie-de-velo#primaryimage"},"thumbnailUrl":"https:\/\/ateliervae.fr\/wp-content\/uploads\/2026\/04\/phylion_sf-03_14.5ah_-_driekwartaanzicht_1_.jpg","datePublished":"2026-04-16T18:13:01+00:00","dateModified":"2026-04-17T08:07:48+00:00","description":"Meilleure batterie de v\u00e9lo electrique Phylion SF-03 37V 8.8Ah \u00e0 249\u20ac au lieu de 339 : autonomie fiable, recharge rapide et longue dur\u00e9e de vie.","breadcrumb":{"@id":"https:\/\/ateliervae.fr\/?product=phylion-sf-03-37v-8-8ah-batterie-de-velo#breadcrumb"},"inLanguage":"fr-FR","potentialAction":[{"@type":"ReadAction","target":["https:\/\/ateliervae.fr\/?product=phylion-sf-03-37v-8-8ah-batterie-de-velo"]}]},{"@type":"ImageObject","inLanguage":"fr-FR","@id":"https:\/\/ateliervae.fr\/?product=phylion-sf-03-37v-8-8ah-batterie-de-velo#primaryimage","url":"https:\/\/ateliervae.fr\/wp-content\/uploads\/2026\/04\/phylion_sf-03_14.5ah_-_driekwartaanzicht_1_.jpg","contentUrl":"https:\/\/ateliervae.fr\/wp-content\/uploads\/2026\/04\/phylion_sf-03_14.5ah_-_driekwartaanzicht_1_.jpg","width":360,"height":360,"caption":"meilleure batterie de v\u00e9lo electrique batterie v\u00e9lo charge rapide"},{"@type":"BreadcrumbList","@id":"https:\/\/ateliervae.fr\/?product=phylion-sf-03-37v-8-8ah-batterie-de-velo#breadcrumb","itemListElement":[{"@type":"ListItem","position":1,"name":"Home","item":"https:\/\/ateliervae.fr\/"},{"@type":"ListItem","position":2,"name":"Produits","item":"https:\/\/ateliervae.fr\/shop\/"},{"@type":"ListItem","position":3,"name":"Batterie pour velos Phylion SF-03 37V 325 Wh 8.8Ah"}]},{"@type":"WebSite","@id":"https:\/\/ateliervae.fr\/#website","url":"https:\/\/ateliervae.fr\/","name":"ateliervae.fr","description":"L\u2019\u00e9nergie au c\u0153ur de vos trajets","publisher":{"@id":"https:\/\/ateliervae.fr\/#organization"},"potentialAction":[{"@type":"SearchAction","target":{"@type":"EntryPoint","urlTemplate":"https:\/\/ateliervae.fr\/?s={search_term_string}"},"query-input":{"@type":"PropertyValueSpecification","valueRequired":true,"valueName":"search_term_string"}}],"inLanguage":"fr-FR"},{"@type":"Organization","@id":"https:\/\/ateliervae.fr\/#organization","name":"ateliervae.fr","url":"https:\/\/ateliervae.fr\/","logo":{"@type":"ImageObject","inLanguage":"fr-FR","@id":"https:\/\/ateliervae.fr\/#\/schema\/logo\/image\/","url":"https:\/\/ateliervae.fr\/wp-content\/uploads\/2026\/04\/ChatGPT-Image-6-avr.-2026-11_58_22.png","contentUrl":"https:\/\/ateliervae.fr\/wp-content\/uploads\/2026\/04\/ChatGPT-Image-6-avr.-2026-11_58_22.png","width":1536,"height":1024,"caption":"ateliervae.fr"},"image":{"@id":"https:\/\/ateliervae.fr\/#\/schema\/logo\/image\/"}}]}},"_links":{"self":[{"href":"https:\/\/ateliervae.fr\/index.php?rest_route=\/wp\/v2\/product\/27537","targetHints":{"allow":["GET"]}}],"collection":[{"href":"https:\/\/ateliervae.fr\/index.php?rest_route=\/wp\/v2\/product"}],"about":[{"href":"https:\/\/ateliervae.fr\/index.php?rest_route=\/wp\/v2\/types\/product"}],"replies":[{"embeddable":true,"href":"https:\/\/ateliervae.fr\/index.php?rest_route=%2Fwp%2Fv2%2Fcomments&post=27537"}],"version-history":[{"count":2,"href":"https:\/\/ateliervae.fr\/index.php?rest_route=\/wp\/v2\/product\/27537\/revisions"}],"predecessor-version":[{"id":27553,"href":"https:\/\/ateliervae.fr\/index.php?rest_route=\/wp\/v2\/product\/27537\/revisions\/27553"}],"wp:featuredmedia":[{"embeddable":true,"href":"https:\/\/ateliervae.fr\/index.php?rest_route=\/wp\/v2\/media\/27536"}],"wp:attachment":[{"href":"https:\/\/ateliervae.fr\/index.php?rest_route=%2Fwp%2Fv2%2Fmedia&parent=27537"}],"wp:term":[{"taxonomy":"product_brand","embeddable":true,"href":"https:\/\/ateliervae.fr\/index.php?rest_route=%2Fwp%2Fv2%2Fproduct_brand&post=27537"},{"taxonomy":"product_cat","embeddable":true,"href":"https:\/\/ateliervae.fr\/index.php?rest_route=%2Fwp%2Fv2%2Fproduct_cat&post=27537"},{"taxonomy":"product_tag","embeddable":true,"href":"https:\/\/ateliervae.fr\/index.php?rest_route=%2Fwp%2Fv2%2Fproduct_tag&post=27537"}],"curies":[{"name":"wp","href":"https:\/\/api.w.org\/{rel}","templated":true}]}}