{"id":27524,"date":"2026-04-16T18:11:36","date_gmt":"2026-04-16T18:11:36","guid":{"rendered":"https:\/\/ateliervae.fr\/shop\/non%20class\u00e9\/maratron-xh370-10j-36v-20ah-dauphin-batterie-velo-electrique\/"},"modified":"2026-04-17T08:49:47","modified_gmt":"2026-04-17T08:49:47","slug":"maratron-xh370-10j-36v-20ah-dauphin-batterie-velo-electrique","status":"publish","type":"product","link":"https:\/\/ateliervae.fr\/?product=maratron-xh370-10j-36v-20ah-dauphin-batterie-velo-electrique","title":{"rendered":"Batterie pour velos Maratron XH370-10J 36V 20Ah (720Wh) Dauphin"},"content":{"rendered":"<h2 data-start=\"304\" data-end=\"567\">\ud83d\udeb4 Description d\u00e9taill\u00e9e<\/h2>\n<p data-start=\"1213\" data-end=\"1480\">La batterie Maratron XH370-10J 36V 20Ah est pens\u00e9e pour offrir une exp\u00e9rience de conduite fluide et endurante. Gr\u00e2ce \u00e0 sa capacit\u00e9 \u00e9lev\u00e9e de 20Ah, la <strong>batterie v\u00e9lo \u00e9lectrique puissance maximale<\/strong> permet d\u2019atteindre une autonomie importante, id\u00e9ale pour les longues distances ou les trajets quotidiens intensifs.<\/p>\n<p data-start=\"1482\" data-end=\"1678\">Cette <strong data-start=\"1488\" data-end=\"1515\">batterie lithium e-bike<\/strong> est adapt\u00e9e aux utilisateurs recherchant une solution fiable pour le remplacement batterie v\u00e9lo \u00e9lectrique ou pour am\u00e9liorer les performances de leur v\u00e9lo actuel.<\/p>\n<p data-start=\"1680\" data-end=\"1703\">Elle se distingue par :<\/p>\n<ul data-start=\"1704\" data-end=\"1907\">\n<li data-section-id=\"1i4dkmy\" data-start=\"1704\" data-end=\"1738\">Une grande stabilit\u00e9 \u00e9nerg\u00e9tique<\/li>\n<li data-section-id=\"1iccwuk\" data-start=\"1739\" data-end=\"1787\">Une excellente r\u00e9sistance aux cycles de charge<\/li>\n<li data-section-id=\"1wvgibl\" data-start=\"1788\" data-end=\"1849\">Une s\u00e9curit\u00e9 renforc\u00e9e contre la surcharge et la surchauffe<\/li>\n<li data-section-id=\"1w9lun\" data-start=\"1850\" data-end=\"1907\">Une compatibilit\u00e9 large avec plusieurs syst\u00e8mes moteurs<\/li>\n<\/ul>\n<p data-start=\"1909\" data-end=\"2029\">\ud83d\udc49 Gr\u00e2ce \u00e0 sa conception avanc\u00e9e, elle r\u00e9pond parfaitement aux besoins de <strong data-start=\"1983\" data-end=\"2028\">batterie v\u00e9lo \u00e9lectrique longue autonomie<\/strong>.<\/p>\n<h2 data-section-id=\"1blks2w\" data-start=\"2036\" data-end=\"2067\"><\/h2>\n<h2 data-section-id=\"1blks2w\" data-start=\"2036\" data-end=\"2067\">\ud83d\udcca Tableau technique complet<\/h2>\n<div class=\"TyagGW_tableContainer\">\n<div class=\"group TyagGW_tableWrapper flex flex-col-reverse w-fit\" tabindex=\"-1\">\n<table class=\"w-fit min-w-(--thread-content-width)\" data-start=\"2069\" data-end=\"2640\">\n<thead data-start=\"2069\" data-end=\"2097\">\n<tr data-start=\"2069\" data-end=\"2097\">\n<th class=\"\" data-start=\"2069\" data-end=\"2087\" data-col-size=\"sm\">Caract\u00e9ristique<\/th>\n<th class=\"\" data-start=\"2087\" data-end=\"2097\" data-col-size=\"sm\">D\u00e9tail<\/th>\n<\/tr>\n<\/thead>\n<tbody data-start=\"2126\" data-end=\"2640\">\n<tr data-start=\"2126\" data-end=\"2170\">\n<td data-start=\"2126\" data-end=\"2145\" data-col-size=\"sm\">Type de batterie<\/td>\n<td data-start=\"2145\" data-end=\"2170\" data-col-size=\"sm\">Batterie rechargeable<\/td>\n<\/tr>\n<tr data-start=\"2171\" data-end=\"2200\">\n<td data-start=\"2171\" data-end=\"2185\" data-col-size=\"sm\">Technologie<\/td>\n<td data-start=\"2185\" data-end=\"2200\" data-col-size=\"sm\">Lithium-ion<\/td>\n<\/tr>\n<tr data-start=\"2201\" data-end=\"2218\">\n<td data-start=\"2201\" data-end=\"2211\" data-col-size=\"sm\">Voltage<\/td>\n<td data-start=\"2211\" data-end=\"2218\" data-col-size=\"sm\">36V<\/td>\n<\/tr>\n<tr data-start=\"2219\" data-end=\"2246\">\n<td data-start=\"2219\" data-end=\"2230\" data-col-size=\"sm\">Capacit\u00e9<\/td>\n<td data-start=\"2230\" data-end=\"2246\" data-col-size=\"sm\">20Ah (720Wh)<\/td>\n<\/tr>\n<tr data-start=\"2247\" data-end=\"2282\">\n<td data-start=\"2247\" data-end=\"2267\" data-col-size=\"sm\">Autonomie estim\u00e9e<\/td>\n<td data-start=\"2267\" data-end=\"2282\" data-col-size=\"sm\">60 \u00e0 120 km<\/td>\n<\/tr>\n<tr data-start=\"2283\" data-end=\"2317\">\n<td data-start=\"2283\" data-end=\"2301\" data-col-size=\"sm\">Temps de charge<\/td>\n<td data-start=\"2301\" data-end=\"2317\" data-col-size=\"sm\">5 \u00e0 7 heures<\/td>\n<\/tr>\n<tr data-start=\"2318\" data-end=\"2354\">\n<td data-start=\"2318\" data-end=\"2333\" data-col-size=\"sm\">Dur\u00e9e de vie<\/td>\n<td data-start=\"2333\" data-end=\"2354\" data-col-size=\"sm\">700 \u00e0 1000 cycles<\/td>\n<\/tr>\n<tr data-start=\"2355\" data-end=\"2403\">\n<td data-start=\"2355\" data-end=\"2379\" data-col-size=\"sm\">Compatibilit\u00e9 moteurs<\/td>\n<td data-start=\"2379\" data-end=\"2403\" data-col-size=\"sm\">36V e-bike universel<\/td>\n<\/tr>\n<tr data-start=\"2404\" data-end=\"2447\">\n<td data-start=\"2404\" data-end=\"2426\" data-col-size=\"sm\">Syst\u00e8me de fixation<\/td>\n<td data-start=\"2426\" data-end=\"2447\" data-col-size=\"sm\">Rail type Dauphin<\/td>\n<\/tr>\n<tr data-start=\"2448\" data-end=\"2465\">\n<td data-start=\"2448\" data-end=\"2456\" data-col-size=\"sm\">Poids<\/td>\n<td data-start=\"2456\" data-end=\"2465\" data-col-size=\"sm\">~4 kg<\/td>\n<\/tr>\n<tr data-start=\"2466\" data-end=\"2497\">\n<td data-start=\"2466\" data-end=\"2480\" data-col-size=\"sm\">Emplacement<\/td>\n<td data-start=\"2480\" data-end=\"2497\" data-col-size=\"sm\">Tube de cadre<\/td>\n<\/tr>\n<tr data-start=\"2498\" data-end=\"2526\">\n<td data-start=\"2498\" data-end=\"2505\" data-col-size=\"sm\">Type<\/td>\n<td data-start=\"2505\" data-end=\"2526\" data-col-size=\"sm\">Batterie amovible<\/td>\n<\/tr>\n<tr data-start=\"2527\" data-end=\"2565\">\n<td data-start=\"2527\" data-end=\"2538\" data-col-size=\"sm\">S\u00e9curit\u00e9<\/td>\n<td data-start=\"2538\" data-end=\"2565\" data-col-size=\"sm\">BMS intelligent int\u00e9gr\u00e9<\/td>\n<\/tr>\n<tr data-start=\"2566\" data-end=\"2610\">\n<td data-start=\"2566\" data-end=\"2594\" data-col-size=\"sm\">Temp\u00e9rature d\u2019utilisation<\/td>\n<td data-start=\"2594\" data-end=\"2610\" data-col-size=\"sm\">-10\u00b0C \u00e0 45\u00b0C<\/td>\n<\/tr>\n<tr data-start=\"2611\" data-end=\"2640\">\n<td data-start=\"2611\" data-end=\"2619\" data-col-size=\"sm\">Gamme<\/td>\n<td data-start=\"2619\" data-end=\"2640\" data-col-size=\"sm\">Haute performance<\/td>\n<\/tr>\n<\/tbody>\n<\/table>\n<\/div>\n<\/div>\n<h2 data-section-id=\"alhpce\" data-start=\"2782\" data-end=\"2806\"><\/h2>\n<h2 data-section-id=\"alhpce\" data-start=\"2782\" data-end=\"2806\">\u2696\ufe0f Tableau comparatif<\/h2>\n<div class=\"TyagGW_tableContainer\">\n<div class=\"group TyagGW_tableWrapper flex flex-col-reverse w-fit\" tabindex=\"-1\">\n<table class=\"w-fit min-w-(--thread-content-width)\" data-start=\"2808\" data-end=\"3309\">\n<thead data-start=\"2808\" data-end=\"2918\">\n<tr data-start=\"2808\" data-end=\"2918\">\n<th class=\"\" data-start=\"2808\" data-end=\"2817\" data-col-size=\"sm\">Mod\u00e8le<\/th>\n<th class=\"\" data-start=\"2817\" data-end=\"2836\" data-col-size=\"sm\">Type de batterie<\/th>\n<th class=\"\" data-start=\"2836\" data-end=\"2857\" data-col-size=\"sm\">Voltage \/ capacit\u00e9<\/th>\n<th class=\"\" data-start=\"2857\" data-end=\"2869\" data-col-size=\"sm\">Autonomie<\/th>\n<th class=\"\" data-start=\"2869\" data-end=\"2885\" data-col-size=\"sm\">Compatibilit\u00e9<\/th>\n<th class=\"\" data-start=\"2885\" data-end=\"2893\" data-col-size=\"sm\">Poids<\/th>\n<th class=\"\" data-start=\"2893\" data-end=\"2918\" data-col-size=\"sm\">Prix TTC constructeur<\/th>\n<\/tr>\n<\/thead>\n<tbody data-start=\"3033\" data-end=\"3309\">\n<tr data-start=\"3033\" data-end=\"3124\">\n<td data-start=\"3033\" data-end=\"3054\" data-col-size=\"sm\">Maratron XH370-10J<\/td>\n<td data-start=\"3054\" data-end=\"3068\" data-col-size=\"sm\">Lithium-ion<\/td>\n<td data-start=\"3068\" data-end=\"3081\" data-col-size=\"sm\">36V \/ 20Ah<\/td>\n<td data-start=\"3081\" data-end=\"3093\" data-col-size=\"sm\">60-120 km<\/td>\n<td data-start=\"3093\" data-end=\"3109\" data-col-size=\"sm\">Universel 36V<\/td>\n<td data-start=\"3109\" data-end=\"3116\" data-col-size=\"sm\">4 kg<\/td>\n<td data-start=\"3116\" data-end=\"3124\" data-col-size=\"sm\">749\u20ac<\/td>\n<\/tr>\n<tr data-start=\"3125\" data-end=\"3216\">\n<td data-start=\"3125\" data-end=\"3146\" data-col-size=\"sm\">GreenCell 36V 17Ah<\/td>\n<td data-start=\"3146\" data-end=\"3160\" data-col-size=\"sm\">Lithium-ion<\/td>\n<td data-start=\"3160\" data-end=\"3173\" data-col-size=\"sm\">36V \/ 17Ah<\/td>\n<td data-start=\"3173\" data-end=\"3184\" data-col-size=\"sm\">50-90 km<\/td>\n<td data-start=\"3184\" data-end=\"3199\" data-col-size=\"sm\">VAE standard<\/td>\n<td data-start=\"3199\" data-end=\"3208\" data-col-size=\"sm\">3.5 kg<\/td>\n<td data-start=\"3208\" data-end=\"3216\" data-col-size=\"sm\">599\u20ac<\/td>\n<\/tr>\n<tr data-start=\"3217\" data-end=\"3309\">\n<td data-start=\"3217\" data-end=\"3241\" data-col-size=\"sm\">Samsung Pack 36V 15Ah<\/td>\n<td data-start=\"3241\" data-end=\"3255\" data-col-size=\"sm\">Lithium-ion<\/td>\n<td data-start=\"3255\" data-end=\"3268\" data-col-size=\"sm\">36V \/ 15Ah<\/td>\n<td data-start=\"3268\" data-end=\"3279\" data-col-size=\"sm\">40-80 km<\/td>\n<td data-start=\"3279\" data-end=\"3292\" data-col-size=\"sm\">VAE urbain<\/td>\n<td data-start=\"3292\" data-end=\"3301\" data-col-size=\"sm\">3.2 kg<\/td>\n<td data-start=\"3301\" data-end=\"3309\" data-col-size=\"sm\">549\u20ac<\/td>\n<\/tr>\n<\/tbody>\n<\/table>\n<\/div>\n<\/div>\n<h2 data-section-id=\"1ixr685\" data-start=\"3316\" data-end=\"3341\"><\/h2>\n<h2 data-section-id=\"1jmpubt\" data-start=\"3559\" data-end=\"3595\">\u00a0Conclusion et appel \u00e0 l\u2019action<\/h2>\n<p data-start=\"3597\" data-end=\"3782\">La batterie Maratron XH370-10J 36V 20Ah est un choix id\u00e9al pour tous ceux qui recherchent une <strong data-start=\"3691\" data-end=\"3737\">batterie v\u00e9lo \u00e9lectrique haute performance<\/strong> combinant puissance, autonomie et fiabilit\u00e9.<\/p>\n<p data-start=\"3784\" data-end=\"3950\">Gr\u00e2ce \u00e0 sa technologie lithium-ion avanc\u00e9e et sa grande capacit\u00e9, la batterie v\u00e9lo \u00e9lectrique puissance maximale assure une exp\u00e9rience de conduite plus longue et plus confortable, m\u00eame sur terrains exigeants.<\/p>\n<h2 data-section-id=\"h5hji8\" data-start=\"4147\" data-end=\"4155\">\u2753 FAQ<\/h2>\n<p data-start=\"4157\" data-end=\"4258\"><strong data-start=\"4157\" data-end=\"4203\">1. Quelle autonomie offre cette batterie ?<\/strong><br data-start=\"4203\" data-end=\"4206\" \/>Entre 60 et 120 km selon le terrain et l\u2019assistance.<\/p>\n<p data-start=\"4260\" data-end=\"4376\"><strong data-start=\"4260\" data-end=\"4313\">2. Est-elle compatible avec mon v\u00e9lo \u00e9lectrique ?<\/strong><br data-start=\"4313\" data-end=\"4316\" \/>Oui, si votre syst\u00e8me est en 36V avec fixation type Dauphin.<\/p>\n<p data-start=\"4378\" data-end=\"4452\"><strong data-start=\"4378\" data-end=\"4428\">3. Combien de temps pour une charge compl\u00e8te ?<\/strong><br data-start=\"4428\" data-end=\"4431\" \/>Environ 5 \u00e0 7 heures.<\/p>\n<p data-start=\"4454\" data-end=\"4577\"><strong data-start=\"4454\" data-end=\"4502\">4. Peut-on remplacer une ancienne batterie ?<\/strong><br data-start=\"4502\" data-end=\"4505\" \/>Oui, c\u2019est une solution id\u00e9ale de remplacement batterie v\u00e9lo \u00e9lectrique.<\/p>\n<p data-start=\"4579\" data-end=\"4647\"><strong data-start=\"4579\" data-end=\"4614\">5. Quelle est sa dur\u00e9e de vie ?<\/strong><br data-start=\"4614\" data-end=\"4617\" \/>Jusqu\u2019\u00e0 1000 cycles de charge.<\/p>\n<p data-start=\"4649\" data-end=\"4756\"><strong data-start=\"4649\" data-end=\"4696\">6. Est-elle adapt\u00e9e aux longues distances ?<\/strong><br data-start=\"4696\" data-end=\"4699\" \/>Oui, c\u2019est une batterie v\u00e9lo \u00e9lectrique longue autonomie.<\/p>\n<p data-start=\"4758\" data-end=\"4845\"><strong data-start=\"4758\" data-end=\"4785\">7. Est-elle s\u00e9curis\u00e9e ?<\/strong><br data-start=\"4785\" data-end=\"4788\" \/>Oui, gr\u00e2ce au BMS int\u00e9gr\u00e9 contre surcharge et surchauffe.<\/p>\n","protected":false},"excerpt":{"rendered":"<ul data-start=\"4878\" data-end=\"5090\">\n<li data-section-id=\"19a1idi\" data-start=\"4878\" data-end=\"4934\"><span style=\"color: #99cc00;\">\ud83d\udd0b Puissance et autonomie \u00e9lev\u00e9e pour usage intensif<\/span><\/li>\n<li data-section-id=\"1alz9yo\" data-start=\"4935\" data-end=\"4986\"><span style=\"color: #99cc00;\">\u2699\ufe0f Technologie lithium-ion s\u00e9curis\u00e9e et durable<\/span><\/li>\n<li data-section-id=\"1lm9e7\" data-start=\"4987\" data-end=\"5028\"><span style=\"color: #99cc00;\">\ud83d\udeb4 Compatibilit\u00e9 large avec v\u00e9los 36V<\/span><\/li>\n<li data-section-id=\"o3vrm5\" data-start=\"5029\" data-end=\"5090\"><span style=\"color: #99cc00;\">\ud83d\udca1 Avantage principal : autonomie et performance maximale<\/span><\/li>\n<\/ul>\n<p>\ud83d\udc49 Si vous cherchez une solution fiable pour am\u00e9liorer votre v\u00e9lo, cette batterie repr\u00e9sente un excellent investissement pour booster votre <strong data-start=\"4092\" data-end=\"4139\">batterie v\u00e9lo \u00e9lectrique puissance maximale<\/strong>.<\/p>\n","protected":false},"featured_media":27523,"comment_status":"open","ping_status":"closed","template":"","meta":[],"product_brand":[517],"product_cat":[131,118,143,111,33],"product_tag":[480],"class_list":{"0":"post-27524","1":"product","2":"type-product","3":"status-publish","4":"has-post-thumbnail","6":"product_brand-maratron","7":"product_cat-20-ah","8":"product_cat-36v","9":"product_cat-720-wh","10":"product_cat-batterie-amovible","11":"product_cat-batteries-de-velos","12":"product_tag-batterie-velo-resistante","14":"first","15":"instock","16":"sale","17":"shipping-taxable","18":"purchasable","19":"product-type-simple"},"yoast_head":"<!-- This site is optimized with the Yoast SEO plugin v27.5 - https:\/\/yoast.com\/product\/yoast-seo-wordpress\/ -->\n<title>Batterie pour velos Maratron XH370-10J 36V 20Ah (720Wh) Dauphin - ateliervae.fr<\/title>\n<meta name=\"description\" content=\"Batterie v\u00e9lo \u00e9lectrique puissance maximale Maratron 36V 20Ah \u00e0 749\u20ac. Autonomie \u00e9lev\u00e9e, fiabilit\u00e9 et performance pour e-bike longue distance.\" \/>\n<meta name=\"robots\" content=\"index, follow, max-snippet:-1, max-image-preview:large, max-video-preview:-1\" \/>\n<link rel=\"canonical\" href=\"https:\/\/ateliervae.fr\/?product=maratron-xh370-10j-36v-20ah-dauphin-batterie-velo-electrique\" \/>\n<meta property=\"og:locale\" content=\"fr_FR\" \/>\n<meta property=\"og:type\" content=\"article\" \/>\n<meta property=\"og:title\" content=\"Batterie pour velos Maratron XH370-10J 36V 20Ah (720Wh) Dauphin - ateliervae.fr\" \/>\n<meta property=\"og:description\" content=\"Batterie v\u00e9lo \u00e9lectrique puissance maximale Maratron 36V 20Ah \u00e0 749\u20ac. Autonomie \u00e9lev\u00e9e, fiabilit\u00e9 et performance pour e-bike longue distance.\" \/>\n<meta property=\"og:url\" content=\"https:\/\/ateliervae.fr\/?product=maratron-xh370-10j-36v-20ah-dauphin-batterie-velo-electrique\" \/>\n<meta property=\"og:site_name\" content=\"ateliervae.fr\" \/>\n<meta property=\"article:modified_time\" content=\"2026-04-17T08:49:47+00:00\" \/>\n<meta property=\"og:image\" content=\"https:\/\/ateliervae.fr\/wp-content\/uploads\/2026\/04\/maratron_xh370-10j_20ah.jpg\" \/>\n\t<meta property=\"og:image:width\" content=\"360\" \/>\n\t<meta property=\"og:image:height\" content=\"360\" \/>\n\t<meta property=\"og:image:type\" content=\"image\/jpeg\" \/>\n<meta name=\"twitter:card\" content=\"summary_large_image\" \/>\n<meta name=\"twitter:label1\" content=\"Dur\u00e9e de lecture estim\u00e9e\" \/>\n\t<meta name=\"twitter:data1\" content=\"3 minutes\" \/>\n<script type=\"application\/ld+json\" class=\"yoast-schema-graph\">{\"@context\":\"https:\\\/\\\/schema.org\",\"@graph\":[{\"@type\":\"WebPage\",\"@id\":\"https:\\\/\\\/ateliervae.fr\\\/?product=maratron-xh370-10j-36v-20ah-dauphin-batterie-velo-electrique\",\"url\":\"https:\\\/\\\/ateliervae.fr\\\/?product=maratron-xh370-10j-36v-20ah-dauphin-batterie-velo-electrique\",\"name\":\"Batterie pour velos Maratron XH370-10J 36V 20Ah (720Wh) Dauphin - ateliervae.fr\",\"isPartOf\":{\"@id\":\"https:\\\/\\\/ateliervae.fr\\\/#website\"},\"primaryImageOfPage\":{\"@id\":\"https:\\\/\\\/ateliervae.fr\\\/?product=maratron-xh370-10j-36v-20ah-dauphin-batterie-velo-electrique#primaryimage\"},\"image\":{\"@id\":\"https:\\\/\\\/ateliervae.fr\\\/?product=maratron-xh370-10j-36v-20ah-dauphin-batterie-velo-electrique#primaryimage\"},\"thumbnailUrl\":\"https:\\\/\\\/ateliervae.fr\\\/wp-content\\\/uploads\\\/2026\\\/04\\\/maratron_xh370-10j_20ah.jpg\",\"datePublished\":\"2026-04-16T18:11:36+00:00\",\"dateModified\":\"2026-04-17T08:49:47+00:00\",\"description\":\"Batterie v\u00e9lo \u00e9lectrique puissance maximale Maratron 36V 20Ah \u00e0 749\u20ac. Autonomie \u00e9lev\u00e9e, fiabilit\u00e9 et performance pour e-bike longue distance.\",\"breadcrumb\":{\"@id\":\"https:\\\/\\\/ateliervae.fr\\\/?product=maratron-xh370-10j-36v-20ah-dauphin-batterie-velo-electrique#breadcrumb\"},\"inLanguage\":\"fr-FR\",\"potentialAction\":[{\"@type\":\"ReadAction\",\"target\":[\"https:\\\/\\\/ateliervae.fr\\\/?product=maratron-xh370-10j-36v-20ah-dauphin-batterie-velo-electrique\"]}]},{\"@type\":\"ImageObject\",\"inLanguage\":\"fr-FR\",\"@id\":\"https:\\\/\\\/ateliervae.fr\\\/?product=maratron-xh370-10j-36v-20ah-dauphin-batterie-velo-electrique#primaryimage\",\"url\":\"https:\\\/\\\/ateliervae.fr\\\/wp-content\\\/uploads\\\/2026\\\/04\\\/maratron_xh370-10j_20ah.jpg\",\"contentUrl\":\"https:\\\/\\\/ateliervae.fr\\\/wp-content\\\/uploads\\\/2026\\\/04\\\/maratron_xh370-10j_20ah.jpg\",\"width\":360,\"height\":360,\"caption\":\"batterie v\u00e9lo \u00e9lectrique puissance maximale\"},{\"@type\":\"BreadcrumbList\",\"@id\":\"https:\\\/\\\/ateliervae.fr\\\/?product=maratron-xh370-10j-36v-20ah-dauphin-batterie-velo-electrique#breadcrumb\",\"itemListElement\":[{\"@type\":\"ListItem\",\"position\":1,\"name\":\"Home\",\"item\":\"https:\\\/\\\/ateliervae.fr\\\/\"},{\"@type\":\"ListItem\",\"position\":2,\"name\":\"Produits\",\"item\":\"https:\\\/\\\/ateliervae.fr\\\/shop\\\/\"},{\"@type\":\"ListItem\",\"position\":3,\"name\":\"Batterie pour velos Maratron XH370-10J 36V 20Ah (720Wh) Dauphin\"}]},{\"@type\":\"WebSite\",\"@id\":\"https:\\\/\\\/ateliervae.fr\\\/#website\",\"url\":\"https:\\\/\\\/ateliervae.fr\\\/\",\"name\":\"ateliervae.fr\",\"description\":\"L\u2019\u00e9nergie au c\u0153ur de vos trajets\",\"publisher\":{\"@id\":\"https:\\\/\\\/ateliervae.fr\\\/#organization\"},\"potentialAction\":[{\"@type\":\"SearchAction\",\"target\":{\"@type\":\"EntryPoint\",\"urlTemplate\":\"https:\\\/\\\/ateliervae.fr\\\/?s={search_term_string}\"},\"query-input\":{\"@type\":\"PropertyValueSpecification\",\"valueRequired\":true,\"valueName\":\"search_term_string\"}}],\"inLanguage\":\"fr-FR\"},{\"@type\":\"Organization\",\"@id\":\"https:\\\/\\\/ateliervae.fr\\\/#organization\",\"name\":\"ateliervae.fr\",\"url\":\"https:\\\/\\\/ateliervae.fr\\\/\",\"logo\":{\"@type\":\"ImageObject\",\"inLanguage\":\"fr-FR\",\"@id\":\"https:\\\/\\\/ateliervae.fr\\\/#\\\/schema\\\/logo\\\/image\\\/\",\"url\":\"https:\\\/\\\/ateliervae.fr\\\/wp-content\\\/uploads\\\/2026\\\/04\\\/ChatGPT-Image-6-avr.-2026-11_58_22.png\",\"contentUrl\":\"https:\\\/\\\/ateliervae.fr\\\/wp-content\\\/uploads\\\/2026\\\/04\\\/ChatGPT-Image-6-avr.-2026-11_58_22.png\",\"width\":1536,\"height\":1024,\"caption\":\"ateliervae.fr\"},\"image\":{\"@id\":\"https:\\\/\\\/ateliervae.fr\\\/#\\\/schema\\\/logo\\\/image\\\/\"}}]}<\/script>\n<!-- \/ Yoast SEO plugin. -->","yoast_head_json":{"title":"Batterie pour velos Maratron XH370-10J 36V 20Ah (720Wh) Dauphin - ateliervae.fr","description":"Batterie v\u00e9lo \u00e9lectrique puissance maximale Maratron 36V 20Ah \u00e0 749\u20ac. Autonomie \u00e9lev\u00e9e, fiabilit\u00e9 et performance pour e-bike longue distance.","robots":{"index":"index","follow":"follow","max-snippet":"max-snippet:-1","max-image-preview":"max-image-preview:large","max-video-preview":"max-video-preview:-1"},"canonical":"https:\/\/ateliervae.fr\/?product=maratron-xh370-10j-36v-20ah-dauphin-batterie-velo-electrique","og_locale":"fr_FR","og_type":"article","og_title":"Batterie pour velos Maratron XH370-10J 36V 20Ah (720Wh) Dauphin - ateliervae.fr","og_description":"Batterie v\u00e9lo \u00e9lectrique puissance maximale Maratron 36V 20Ah \u00e0 749\u20ac. Autonomie \u00e9lev\u00e9e, fiabilit\u00e9 et performance pour e-bike longue distance.","og_url":"https:\/\/ateliervae.fr\/?product=maratron-xh370-10j-36v-20ah-dauphin-batterie-velo-electrique","og_site_name":"ateliervae.fr","article_modified_time":"2026-04-17T08:49:47+00:00","og_image":[{"width":360,"height":360,"url":"https:\/\/ateliervae.fr\/wp-content\/uploads\/2026\/04\/maratron_xh370-10j_20ah.jpg","type":"image\/jpeg"}],"twitter_card":"summary_large_image","twitter_misc":{"Dur\u00e9e de lecture estim\u00e9e":"3 minutes"},"schema":{"@context":"https:\/\/schema.org","@graph":[{"@type":"WebPage","@id":"https:\/\/ateliervae.fr\/?product=maratron-xh370-10j-36v-20ah-dauphin-batterie-velo-electrique","url":"https:\/\/ateliervae.fr\/?product=maratron-xh370-10j-36v-20ah-dauphin-batterie-velo-electrique","name":"Batterie pour velos Maratron XH370-10J 36V 20Ah (720Wh) Dauphin - ateliervae.fr","isPartOf":{"@id":"https:\/\/ateliervae.fr\/#website"},"primaryImageOfPage":{"@id":"https:\/\/ateliervae.fr\/?product=maratron-xh370-10j-36v-20ah-dauphin-batterie-velo-electrique#primaryimage"},"image":{"@id":"https:\/\/ateliervae.fr\/?product=maratron-xh370-10j-36v-20ah-dauphin-batterie-velo-electrique#primaryimage"},"thumbnailUrl":"https:\/\/ateliervae.fr\/wp-content\/uploads\/2026\/04\/maratron_xh370-10j_20ah.jpg","datePublished":"2026-04-16T18:11:36+00:00","dateModified":"2026-04-17T08:49:47+00:00","description":"Batterie v\u00e9lo \u00e9lectrique puissance maximale Maratron 36V 20Ah \u00e0 749\u20ac. Autonomie \u00e9lev\u00e9e, fiabilit\u00e9 et performance pour e-bike longue distance.","breadcrumb":{"@id":"https:\/\/ateliervae.fr\/?product=maratron-xh370-10j-36v-20ah-dauphin-batterie-velo-electrique#breadcrumb"},"inLanguage":"fr-FR","potentialAction":[{"@type":"ReadAction","target":["https:\/\/ateliervae.fr\/?product=maratron-xh370-10j-36v-20ah-dauphin-batterie-velo-electrique"]}]},{"@type":"ImageObject","inLanguage":"fr-FR","@id":"https:\/\/ateliervae.fr\/?product=maratron-xh370-10j-36v-20ah-dauphin-batterie-velo-electrique#primaryimage","url":"https:\/\/ateliervae.fr\/wp-content\/uploads\/2026\/04\/maratron_xh370-10j_20ah.jpg","contentUrl":"https:\/\/ateliervae.fr\/wp-content\/uploads\/2026\/04\/maratron_xh370-10j_20ah.jpg","width":360,"height":360,"caption":"batterie v\u00e9lo \u00e9lectrique puissance maximale"},{"@type":"BreadcrumbList","@id":"https:\/\/ateliervae.fr\/?product=maratron-xh370-10j-36v-20ah-dauphin-batterie-velo-electrique#breadcrumb","itemListElement":[{"@type":"ListItem","position":1,"name":"Home","item":"https:\/\/ateliervae.fr\/"},{"@type":"ListItem","position":2,"name":"Produits","item":"https:\/\/ateliervae.fr\/shop\/"},{"@type":"ListItem","position":3,"name":"Batterie pour velos Maratron XH370-10J 36V 20Ah (720Wh) Dauphin"}]},{"@type":"WebSite","@id":"https:\/\/ateliervae.fr\/#website","url":"https:\/\/ateliervae.fr\/","name":"ateliervae.fr","description":"L\u2019\u00e9nergie au c\u0153ur de vos trajets","publisher":{"@id":"https:\/\/ateliervae.fr\/#organization"},"potentialAction":[{"@type":"SearchAction","target":{"@type":"EntryPoint","urlTemplate":"https:\/\/ateliervae.fr\/?s={search_term_string}"},"query-input":{"@type":"PropertyValueSpecification","valueRequired":true,"valueName":"search_term_string"}}],"inLanguage":"fr-FR"},{"@type":"Organization","@id":"https:\/\/ateliervae.fr\/#organization","name":"ateliervae.fr","url":"https:\/\/ateliervae.fr\/","logo":{"@type":"ImageObject","inLanguage":"fr-FR","@id":"https:\/\/ateliervae.fr\/#\/schema\/logo\/image\/","url":"https:\/\/ateliervae.fr\/wp-content\/uploads\/2026\/04\/ChatGPT-Image-6-avr.-2026-11_58_22.png","contentUrl":"https:\/\/ateliervae.fr\/wp-content\/uploads\/2026\/04\/ChatGPT-Image-6-avr.-2026-11_58_22.png","width":1536,"height":1024,"caption":"ateliervae.fr"},"image":{"@id":"https:\/\/ateliervae.fr\/#\/schema\/logo\/image\/"}}]}},"_links":{"self":[{"href":"https:\/\/ateliervae.fr\/index.php?rest_route=\/wp\/v2\/product\/27524","targetHints":{"allow":["GET"]}}],"collection":[{"href":"https:\/\/ateliervae.fr\/index.php?rest_route=\/wp\/v2\/product"}],"about":[{"href":"https:\/\/ateliervae.fr\/index.php?rest_route=\/wp\/v2\/types\/product"}],"replies":[{"embeddable":true,"href":"https:\/\/ateliervae.fr\/index.php?rest_route=%2Fwp%2Fv2%2Fcomments&post=27524"}],"version-history":[{"count":3,"href":"https:\/\/ateliervae.fr\/index.php?rest_route=\/wp\/v2\/product\/27524\/revisions"}],"predecessor-version":[{"id":27566,"href":"https:\/\/ateliervae.fr\/index.php?rest_route=\/wp\/v2\/product\/27524\/revisions\/27566"}],"wp:featuredmedia":[{"embeddable":true,"href":"https:\/\/ateliervae.fr\/index.php?rest_route=\/wp\/v2\/media\/27523"}],"wp:attachment":[{"href":"https:\/\/ateliervae.fr\/index.php?rest_route=%2Fwp%2Fv2%2Fmedia&parent=27524"}],"wp:term":[{"taxonomy":"product_brand","embeddable":true,"href":"https:\/\/ateliervae.fr\/index.php?rest_route=%2Fwp%2Fv2%2Fproduct_brand&post=27524"},{"taxonomy":"product_cat","embeddable":true,"href":"https:\/\/ateliervae.fr\/index.php?rest_route=%2Fwp%2Fv2%2Fproduct_cat&post=27524"},{"taxonomy":"product_tag","embeddable":true,"href":"https:\/\/ateliervae.fr\/index.php?rest_route=%2Fwp%2Fv2%2Fproduct_tag&post=27524"}],"curies":[{"name":"wp","href":"https:\/\/api.w.org\/{rel}","templated":true}]}}