{"id":27451,"date":"2026-04-15T08:02:26","date_gmt":"2026-04-15T08:02:26","guid":{"rendered":"https:\/\/ateliervae.fr\/shop\/non%20class\u00e9\/phylion-xh259-10j-silverfish-24v-12ah-noir-batterie-de-remplacement\/"},"modified":"2026-04-17T10:21:52","modified_gmt":"2026-04-17T10:21:52","slug":"phylion-xh259-10j-silverfish-24v-12ah-noir-batterie-de-remplacement","status":"publish","type":"product","link":"https:\/\/ateliervae.fr\/?product=phylion-xh259-10j-silverfish-24v-12ah-noir-batterie-de-remplacement","title":{"rendered":"Batterie pour velos Batterie pour velos Phylion XH259-10J Silverfish 24V 12Ah (noir) batterie de remplacement"},"content":{"rendered":"<h2 data-section-id=\"16sn4z7\" data-start=\"236\" data-end=\"274\">Description d\u00e9taill\u00e9e du produit<\/h2>\n<p data-start=\"276\" data-end=\"615\">La <strong data-start=\"279\" data-end=\"350\">batterie pour v\u00e9lo \u00e9lectrique Phylion XH259-10J Silverfish 24V 12Ah<\/strong> est une batterie de remplacement performante con\u00e7ue pour redonner une seconde vie \u00e0 votre v\u00e9lo \u00e0 assistance \u00e9lectrique. Bas\u00e9e sur une technologie <strong data-start=\"497\" data-end=\"512\">Lithium-ion<\/strong>, elle garantit une excellente stabilit\u00e9 \u00e9nerg\u00e9tique, une recharge efficace et une longue dur\u00e9e de vie.<\/p>\n<p data-start=\"617\" data-end=\"853\">Id\u00e9ale pour les utilisateurs urbains ou les trajets quotidiens, cette batterie s\u2019adapte parfaitement aux v\u00e9los \u00e9lectriques \u00e9quip\u00e9s de syst\u00e8mes 24V. Elle est reconnue pour sa fiabilit\u00e9 et sa compatibilit\u00e9 avec de nombreux mod\u00e8les de VAE.<\/p>\n<p data-start=\"855\" data-end=\"1140\">Gr\u00e2ce \u00e0 sa capacit\u00e9 de 12Ah, elle offre une autonomie batterie v\u00e9lo \u00e9lectrique optimis\u00e9e permettant de parcourir de longues distances sans recharge fr\u00e9quente. Elle est particuli\u00e8rement appr\u00e9ci\u00e9e pour sa robustesse et sa s\u00e9curit\u00e9 int\u00e9gr\u00e9e via un syst\u00e8me BMS (Battery Management System).<\/p>\n<h2 data-section-id=\"vh4ehx\" data-start=\"1696\" data-end=\"1727\">4. Tableau technique complet<\/h2>\n<div class=\"TyagGW_tableContainer\">\n<div class=\"group TyagGW_tableWrapper flex flex-col-reverse w-fit\" tabindex=\"-1\">\n<table class=\"w-fit min-w-(--thread-content-width)\" data-start=\"1729\" data-end=\"2290\">\n<thead data-start=\"1729\" data-end=\"1757\">\n<tr data-start=\"1729\" data-end=\"1757\">\n<th class=\"\" data-start=\"1729\" data-end=\"1747\" data-col-size=\"sm\">Caract\u00e9ristique<\/th>\n<th class=\"\" data-start=\"1747\" data-end=\"1757\" data-col-size=\"sm\">D\u00e9tail<\/th>\n<\/tr>\n<\/thead>\n<tbody data-start=\"1786\" data-end=\"2290\">\n<tr data-start=\"1786\" data-end=\"1849\">\n<td data-start=\"1786\" data-end=\"1805\" data-col-size=\"sm\">Type de batterie<\/td>\n<td data-col-size=\"sm\" data-start=\"1805\" data-end=\"1849\">Batterie de remplacement v\u00e9lo \u00e9lectrique<\/td>\n<\/tr>\n<tr data-start=\"1850\" data-end=\"1879\">\n<td data-start=\"1850\" data-end=\"1864\" data-col-size=\"sm\">Technologie<\/td>\n<td data-start=\"1864\" data-end=\"1879\" data-col-size=\"sm\">Lithium-ion<\/td>\n<\/tr>\n<tr data-start=\"1880\" data-end=\"1897\">\n<td data-start=\"1880\" data-end=\"1890\" data-col-size=\"sm\">Voltage<\/td>\n<td data-start=\"1890\" data-end=\"1897\" data-col-size=\"sm\">24V<\/td>\n<\/tr>\n<tr data-start=\"1898\" data-end=\"1927\">\n<td data-start=\"1898\" data-end=\"1909\" data-col-size=\"sm\">Capacit\u00e9<\/td>\n<td data-start=\"1909\" data-end=\"1927\" data-col-size=\"sm\">12Ah (\u2248 288Wh)<\/td>\n<\/tr>\n<tr data-start=\"1928\" data-end=\"1974\">\n<td data-start=\"1928\" data-end=\"1948\" data-col-size=\"sm\">Autonomie estim\u00e9e<\/td>\n<td data-col-size=\"sm\" data-start=\"1948\" data-end=\"1974\">35 \u00e0 70 km selon usage<\/td>\n<\/tr>\n<tr data-start=\"1975\" data-end=\"2009\">\n<td data-start=\"1975\" data-end=\"1993\" data-col-size=\"sm\">Temps de charge<\/td>\n<td data-col-size=\"sm\" data-start=\"1993\" data-end=\"2009\">4 \u00e0 6 heures<\/td>\n<\/tr>\n<tr data-start=\"2010\" data-end=\"2046\">\n<td data-start=\"2010\" data-end=\"2025\" data-col-size=\"sm\">Dur\u00e9e de vie<\/td>\n<td data-start=\"2025\" data-end=\"2046\" data-col-size=\"sm\">600 \u00e0 1000 cycles<\/td>\n<\/tr>\n<tr data-start=\"2047\" data-end=\"2082\">\n<td data-start=\"2047\" data-end=\"2063\" data-col-size=\"sm\">Compatibilit\u00e9<\/td>\n<td data-col-size=\"sm\" data-start=\"2063\" data-end=\"2082\">Moteurs 24V VAE<\/td>\n<\/tr>\n<tr data-start=\"2083\" data-end=\"2129\">\n<td data-start=\"2083\" data-end=\"2105\" data-col-size=\"sm\">Syst\u00e8me de fixation<\/td>\n<td data-col-size=\"sm\" data-start=\"2105\" data-end=\"2129\">Type rail Silverfish<\/td>\n<\/tr>\n<tr data-start=\"2130\" data-end=\"2147\">\n<td data-start=\"2130\" data-end=\"2138\" data-col-size=\"sm\">Poids<\/td>\n<td data-start=\"2138\" data-end=\"2147\" data-col-size=\"sm\">~3 kg<\/td>\n<\/tr>\n<tr data-start=\"2148\" data-end=\"2187\">\n<td data-start=\"2148\" data-end=\"2162\" data-col-size=\"sm\">Emplacement<\/td>\n<td data-col-size=\"sm\" data-start=\"2162\" data-end=\"2187\">Porte-bagages \/ cadre<\/td>\n<\/tr>\n<tr data-start=\"2188\" data-end=\"2214\">\n<td data-start=\"2188\" data-end=\"2199\" data-col-size=\"sm\">S\u00e9curit\u00e9<\/td>\n<td data-start=\"2199\" data-end=\"2214\" data-col-size=\"sm\">BMS int\u00e9gr\u00e9<\/td>\n<\/tr>\n<tr data-start=\"2215\" data-end=\"2260\">\n<td data-start=\"2215\" data-end=\"2243\" data-col-size=\"sm\">Temp\u00e9rature d\u2019utilisation<\/td>\n<td data-col-size=\"sm\" data-start=\"2243\" data-end=\"2260\">-10\u00b0C \u00e0 +45\u00b0C<\/td>\n<\/tr>\n<tr data-start=\"2261\" data-end=\"2290\">\n<td data-start=\"2261\" data-end=\"2269\" data-col-size=\"sm\">Gamme<\/td>\n<td data-start=\"2269\" data-end=\"2290\" data-col-size=\"sm\">Phylion XH259-10J<\/td>\n<\/tr>\n<\/tbody>\n<\/table>\n<\/div>\n<\/div>\n<div><\/div>\n<h2 data-section-id=\"l2lu6t\" data-start=\"2393\" data-end=\"2431\"><\/h2>\n<h2 data-section-id=\"l2lu6t\" data-start=\"2393\" data-end=\"2431\">5. Tableau comparatif (concurrents)<\/h2>\n<div class=\"TyagGW_tableContainer\">\n<div class=\"group TyagGW_tableWrapper flex flex-col-reverse w-fit\" tabindex=\"-1\">\n<table class=\"w-fit min-w-(--thread-content-width)\" data-start=\"2433\" data-end=\"2932\">\n<thead data-start=\"2433\" data-end=\"2543\">\n<tr data-start=\"2433\" data-end=\"2543\">\n<th class=\"\" data-start=\"2433\" data-end=\"2442\" data-col-size=\"sm\">Mod\u00e8le<\/th>\n<th class=\"\" data-start=\"2442\" data-end=\"2461\" data-col-size=\"sm\">Type de batterie<\/th>\n<th class=\"\" data-start=\"2461\" data-end=\"2482\" data-col-size=\"sm\">Voltage \/ capacit\u00e9<\/th>\n<th class=\"\" data-start=\"2482\" data-end=\"2494\" data-col-size=\"sm\">Autonomie<\/th>\n<th class=\"\" data-start=\"2494\" data-end=\"2510\" data-col-size=\"sm\">Compatibilit\u00e9<\/th>\n<th class=\"\" data-start=\"2510\" data-end=\"2518\" data-col-size=\"sm\">Poids<\/th>\n<th class=\"\" data-start=\"2518\" data-end=\"2543\" data-col-size=\"sm\">Prix TTC constructeur<\/th>\n<\/tr>\n<\/thead>\n<tbody data-start=\"2658\" data-end=\"2932\">\n<tr data-start=\"2658\" data-end=\"2741\">\n<td data-start=\"2658\" data-end=\"2678\" data-col-size=\"sm\">Phylion XH259-10J<\/td>\n<td data-col-size=\"sm\" data-start=\"2678\" data-end=\"2692\">Lithium-ion<\/td>\n<td data-col-size=\"sm\" data-start=\"2692\" data-end=\"2705\">24V \/ 12Ah<\/td>\n<td data-col-size=\"sm\" data-start=\"2705\" data-end=\"2716\">35\u201370 km<\/td>\n<td data-col-size=\"sm\" data-start=\"2716\" data-end=\"2726\">VAE 24V<\/td>\n<td data-col-size=\"sm\" data-start=\"2726\" data-end=\"2733\">3 kg<\/td>\n<td data-col-size=\"sm\" data-start=\"2733\" data-end=\"2741\">149\u20ac<\/td>\n<\/tr>\n<tr data-start=\"2742\" data-end=\"2839\">\n<td data-start=\"2742\" data-end=\"2764\" data-col-size=\"sm\">GreenCell eBike 24V<\/td>\n<td data-col-size=\"sm\" data-start=\"2764\" data-end=\"2778\">Lithium-ion<\/td>\n<td data-col-size=\"sm\" data-start=\"2778\" data-end=\"2791\">24V \/ 10Ah<\/td>\n<td data-col-size=\"sm\" data-start=\"2791\" data-end=\"2802\">30\u201360 km<\/td>\n<td data-col-size=\"sm\" data-start=\"2802\" data-end=\"2822\">VAE universel 24V<\/td>\n<td data-col-size=\"sm\" data-start=\"2822\" data-end=\"2831\">2.8 kg<\/td>\n<td data-col-size=\"sm\" data-start=\"2831\" data-end=\"2839\">139\u20ac<\/td>\n<\/tr>\n<tr data-start=\"2840\" data-end=\"2932\">\n<td data-start=\"2840\" data-end=\"2859\" data-col-size=\"sm\">Samsung Pack 24V<\/td>\n<td data-start=\"2859\" data-end=\"2873\" data-col-size=\"sm\">Lithium-ion<\/td>\n<td data-start=\"2873\" data-end=\"2886\" data-col-size=\"sm\">24V \/ 13Ah<\/td>\n<td data-col-size=\"sm\" data-start=\"2886\" data-end=\"2897\">40\u201375 km<\/td>\n<td data-col-size=\"sm\" data-start=\"2897\" data-end=\"2915\">VAE premium 24V<\/td>\n<td data-col-size=\"sm\" data-start=\"2915\" data-end=\"2924\">3.2 kg<\/td>\n<td data-col-size=\"sm\" data-start=\"2924\" data-end=\"2932\">179\u20ac<\/td>\n<\/tr>\n<\/tbody>\n<\/table>\n<\/div>\n<\/div>\n<div><\/div>\n<h2 data-section-id=\"yeup86\" data-start=\"3280\" data-end=\"3315\">6. Conclusion<\/h2>\n<p data-start=\"3317\" data-end=\"3666\">La <strong data-start=\"3320\" data-end=\"3380\">batterie pour v\u00e9lo \u00e9lectrique Phylion XH259-10J 24V 12Ah<\/strong> est une solution id\u00e9ale pour remplacer efficacement une batterie us\u00e9e et retrouver toute la performance de votre v\u00e9lo \u00e9lectrique. Gr\u00e2ce \u00e0 sa technologie Lithium-ion avanc\u00e9e, elle garantit une excellente autonomie batterie v\u00e9lo \u00e9lectrique, une recharge rapide et une s\u00e9curit\u00e9 renforc\u00e9e.<\/p>\n<p data-start=\"3668\" data-end=\"3912\">C\u2019est le choix parfait pour les utilisateurs recherchant une batterie de remplacement v\u00e9lo \u00e9lectrique fiable, durable et compatible avec de nombreux mod\u00e8les 24V. Son rapport qualit\u00e9\/prix en fait une r\u00e9f\u00e9rence sur le march\u00e9 des batteries e-bike.<\/p>\n<h2 data-section-id=\"xsfmkq\" data-start=\"4156\" data-end=\"4165\">7. FAQ<\/h2>\n<p data-start=\"4167\" data-end=\"4277\"><strong data-start=\"4167\" data-end=\"4210\">Quelle autonomie offre cette batterie ?<\/strong><br data-start=\"4210\" data-end=\"4213\" \/>Elle permet entre 35 et 70 km selon le terrain et l\u2019utilisation.<\/p>\n<p data-start=\"4279\" data-end=\"4409\"><strong data-start=\"4279\" data-end=\"4329\">Est-elle compatible avec mon v\u00e9lo \u00e9lectrique ?<\/strong><br data-start=\"4329\" data-end=\"4332\" \/>Oui, si votre syst\u00e8me est en 24V avec fixation Silverfish compatible Phylion.<\/p>\n<p data-start=\"4411\" data-end=\"4497\"><strong data-start=\"4411\" data-end=\"4448\">Combien de temps dure la charge ?<\/strong><br data-start=\"4448\" data-end=\"4451\" \/>Environ 4 \u00e0 6 heures pour une charge compl\u00e8te.<\/p>\n<p data-start=\"4499\" data-end=\"4649\"><strong data-start=\"4499\" data-end=\"4555\">Peut-on remplacer une ancienne batterie facilement ?<\/strong><br data-start=\"4555\" data-end=\"4558\" \/>Oui, elle est con\u00e7ue comme une batterie de remplacement v\u00e9lo \u00e9lectrique simple \u00e0 installer.<\/p>\n<p data-start=\"4651\" data-end=\"4721\"><strong data-start=\"4651\" data-end=\"4683\">Quelle est sa dur\u00e9e de vie ?<\/strong><br data-start=\"4683\" data-end=\"4686\" \/>Entre 600 et 1000 cycles de charge.<\/p>\n<p data-start=\"4723\" data-end=\"4830\"><strong data-start=\"4723\" data-end=\"4747\">Est-elle s\u00e9curis\u00e9e ?<\/strong><br data-start=\"4747\" data-end=\"4750\" \/>Oui, gr\u00e2ce \u00e0 son syst\u00e8me BMS int\u00e9gr\u00e9 qui prot\u00e8ge contre surcharge et surchauffe.<\/p>\n","protected":false},"excerpt":{"rendered":"<ul data-start=\"4863\" data-end=\"5139\">\n<li data-section-id=\"1buthdz\" data-start=\"4863\" data-end=\"4927\"><span style=\"color: #99cc00;\">\u26a1 Puissance et autonomie optimis\u00e9es pour usage quotidien VAE<\/span><\/li>\n<li data-section-id=\"1s4r1no\" data-start=\"4928\" data-end=\"4985\"><span style=\"color: #99cc00;\">\ud83d\udd0b Technologie Lithium-ion avec s\u00e9curit\u00e9 BMS int\u00e9gr\u00e9e<\/span><\/li>\n<li data-section-id=\"svcyf6\" data-start=\"4986\" data-end=\"5050\"><span style=\"color: #99cc00;\">\ud83d\udd27 Compatibilit\u00e9 large avec v\u00e9los \u00e9lectriques 24V Silverfish<\/span><\/li>\n<li data-section-id=\"69nyz9\" data-start=\"5051\" data-end=\"5139\"><span style=\"color: #99cc00;\">\ud83d\udeb4 Solution id\u00e9ale pour remplacer une batterie Phylion us\u00e9e et retrouver performance<\/span><\/li>\n<li data-section-id=\"69nyz9\" data-start=\"5051\" data-end=\"5139\">\n<p data-start=\"3914\" data-end=\"4061\"><strong>Si vous souhaitez prolonger la dur\u00e9e de vie batterie lithium de votre v\u00e9lo et am\u00e9liorer vos trajets quotidiens, cette batterie est une valeur s\u00fbre.<\/strong><\/p>\n<p data-start=\"4063\" data-end=\"4149\"><strong>\ud83d\udc49 Passez \u00e0 l\u2019action et redonnez puissance et autonomie \u00e0 votre v\u00e9lo d\u00e8s aujourd\u2019hui !<\/strong><\/p>\n<\/li>\n<\/ul>\n","protected":false},"featured_media":27450,"comment_status":"open","ping_status":"closed","template":"","meta":[],"product_brand":[86],"product_cat":[264,255,261,109,33],"product_tag":[478,479,480],"class_list":{"0":"post-27451","1":"product","2":"type-product","3":"status-publish","4":"has-post-thumbnail","6":"product_brand-phylion","7":"product_cat-200-300-wh-8-12-ah-24v-batterie-porte-bagage","8":"product_cat-24v-batterie-porte-bagage","9":"product_cat-8-12-ah-24v-batterie-porte-bagage","10":"product_cat-batterie-porte-bagage","11":"product_cat-batteries-de-velos","12":"product_tag-batterie-velo-electrique","13":"product_tag-batterie-velo-fiable","14":"product_tag-batterie-velo-resistante","16":"first","17":"instock","18":"featured","19":"shipping-taxable","20":"purchasable","21":"product-type-simple"},"yoast_head":"<!-- This site is optimized with the Yoast SEO plugin v27.5 - https:\/\/yoast.com\/product\/yoast-seo-wordpress\/ -->\n<title>Batterie pour velos Batterie pour velos Phylion XH259-10J Silverfish 24V 12Ah (noir) batterie de remplacement - ateliervae.fr<\/title>\n<meta name=\"description\" content=\"Remplacement batterie v\u00e9lo \u00e9lectrique Phylion 24V 12Ah Silverfish, \u00e0 189\u20ac. Autonomie fiable, performance durable et compatibilit\u00e9 e-bike universelle.\" \/>\n<meta name=\"robots\" content=\"index, follow, max-snippet:-1, max-image-preview:large, max-video-preview:-1\" \/>\n<link rel=\"canonical\" href=\"https:\/\/ateliervae.fr\/?product=phylion-xh259-10j-silverfish-24v-12ah-noir-batterie-de-remplacement\" \/>\n<meta property=\"og:locale\" content=\"fr_FR\" \/>\n<meta property=\"og:type\" content=\"article\" \/>\n<meta property=\"og:title\" content=\"Batterie pour velos Batterie pour velos Phylion XH259-10J Silverfish 24V 12Ah (noir) batterie de remplacement - ateliervae.fr\" \/>\n<meta property=\"og:description\" content=\"Remplacement batterie v\u00e9lo \u00e9lectrique Phylion 24V 12Ah Silverfish, \u00e0 189\u20ac. Autonomie fiable, performance durable et compatibilit\u00e9 e-bike universelle.\" \/>\n<meta property=\"og:url\" content=\"https:\/\/ateliervae.fr\/?product=phylion-xh259-10j-silverfish-24v-12ah-noir-batterie-de-remplacement\" \/>\n<meta property=\"og:site_name\" content=\"ateliervae.fr\" \/>\n<meta property=\"article:modified_time\" content=\"2026-04-17T10:21:52+00:00\" \/>\n<meta property=\"og:image\" content=\"https:\/\/ateliervae.fr\/wp-content\/uploads\/2026\/04\/ebbe.ph_.008_r015_00317d3490800dfa8780f458e1f89c866b8ed2f0a38a7d0d1184f42b76a9774d72b.jpg\" \/>\n\t<meta property=\"og:image:width\" content=\"360\" \/>\n\t<meta property=\"og:image:height\" content=\"360\" \/>\n\t<meta property=\"og:image:type\" content=\"image\/jpeg\" \/>\n<meta name=\"twitter:card\" content=\"summary_large_image\" \/>\n<meta name=\"twitter:label1\" content=\"Dur\u00e9e de lecture estim\u00e9e\" \/>\n\t<meta name=\"twitter:data1\" content=\"3 minutes\" \/>\n<script type=\"application\/ld+json\" class=\"yoast-schema-graph\">{\"@context\":\"https:\\\/\\\/schema.org\",\"@graph\":[{\"@type\":\"WebPage\",\"@id\":\"https:\\\/\\\/ateliervae.fr\\\/?product=phylion-xh259-10j-silverfish-24v-12ah-noir-batterie-de-remplacement\",\"url\":\"https:\\\/\\\/ateliervae.fr\\\/?product=phylion-xh259-10j-silverfish-24v-12ah-noir-batterie-de-remplacement\",\"name\":\"Batterie pour velos Batterie pour velos Phylion XH259-10J Silverfish 24V 12Ah (noir) batterie de remplacement - ateliervae.fr\",\"isPartOf\":{\"@id\":\"https:\\\/\\\/ateliervae.fr\\\/#website\"},\"primaryImageOfPage\":{\"@id\":\"https:\\\/\\\/ateliervae.fr\\\/?product=phylion-xh259-10j-silverfish-24v-12ah-noir-batterie-de-remplacement#primaryimage\"},\"image\":{\"@id\":\"https:\\\/\\\/ateliervae.fr\\\/?product=phylion-xh259-10j-silverfish-24v-12ah-noir-batterie-de-remplacement#primaryimage\"},\"thumbnailUrl\":\"https:\\\/\\\/ateliervae.fr\\\/wp-content\\\/uploads\\\/2026\\\/04\\\/ebbe.ph_.008_r015_00317d3490800dfa8780f458e1f89c866b8ed2f0a38a7d0d1184f42b76a9774d72b.jpg\",\"datePublished\":\"2026-04-15T08:02:26+00:00\",\"dateModified\":\"2026-04-17T10:21:52+00:00\",\"description\":\"Remplacement batterie v\u00e9lo \u00e9lectrique Phylion 24V 12Ah Silverfish, \u00e0 189\u20ac. Autonomie fiable, performance durable et compatibilit\u00e9 e-bike universelle.\",\"breadcrumb\":{\"@id\":\"https:\\\/\\\/ateliervae.fr\\\/?product=phylion-xh259-10j-silverfish-24v-12ah-noir-batterie-de-remplacement#breadcrumb\"},\"inLanguage\":\"fr-FR\",\"potentialAction\":[{\"@type\":\"ReadAction\",\"target\":[\"https:\\\/\\\/ateliervae.fr\\\/?product=phylion-xh259-10j-silverfish-24v-12ah-noir-batterie-de-remplacement\"]}]},{\"@type\":\"ImageObject\",\"inLanguage\":\"fr-FR\",\"@id\":\"https:\\\/\\\/ateliervae.fr\\\/?product=phylion-xh259-10j-silverfish-24v-12ah-noir-batterie-de-remplacement#primaryimage\",\"url\":\"https:\\\/\\\/ateliervae.fr\\\/wp-content\\\/uploads\\\/2026\\\/04\\\/ebbe.ph_.008_r015_00317d3490800dfa8780f458e1f89c866b8ed2f0a38a7d0d1184f42b76a9774d72b.jpg\",\"contentUrl\":\"https:\\\/\\\/ateliervae.fr\\\/wp-content\\\/uploads\\\/2026\\\/04\\\/ebbe.ph_.008_r015_00317d3490800dfa8780f458e1f89c866b8ed2f0a38a7d0d1184f42b76a9774d72b.jpg\",\"width\":360,\"height\":360,\"caption\":\"remplacement batterie v\u00e9lo \u00e9lectrique Phylion\"},{\"@type\":\"BreadcrumbList\",\"@id\":\"https:\\\/\\\/ateliervae.fr\\\/?product=phylion-xh259-10j-silverfish-24v-12ah-noir-batterie-de-remplacement#breadcrumb\",\"itemListElement\":[{\"@type\":\"ListItem\",\"position\":1,\"name\":\"Home\",\"item\":\"https:\\\/\\\/ateliervae.fr\\\/\"},{\"@type\":\"ListItem\",\"position\":2,\"name\":\"Produits\",\"item\":\"https:\\\/\\\/ateliervae.fr\\\/shop\\\/\"},{\"@type\":\"ListItem\",\"position\":3,\"name\":\"Batterie pour velos Batterie pour velos Phylion XH259-10J Silverfish 24V 12Ah (noir) batterie de remplacement\"}]},{\"@type\":\"WebSite\",\"@id\":\"https:\\\/\\\/ateliervae.fr\\\/#website\",\"url\":\"https:\\\/\\\/ateliervae.fr\\\/\",\"name\":\"ateliervae.fr\",\"description\":\"L\u2019\u00e9nergie au c\u0153ur de vos trajets\",\"publisher\":{\"@id\":\"https:\\\/\\\/ateliervae.fr\\\/#organization\"},\"potentialAction\":[{\"@type\":\"SearchAction\",\"target\":{\"@type\":\"EntryPoint\",\"urlTemplate\":\"https:\\\/\\\/ateliervae.fr\\\/?s={search_term_string}\"},\"query-input\":{\"@type\":\"PropertyValueSpecification\",\"valueRequired\":true,\"valueName\":\"search_term_string\"}}],\"inLanguage\":\"fr-FR\"},{\"@type\":\"Organization\",\"@id\":\"https:\\\/\\\/ateliervae.fr\\\/#organization\",\"name\":\"ateliervae.fr\",\"url\":\"https:\\\/\\\/ateliervae.fr\\\/\",\"logo\":{\"@type\":\"ImageObject\",\"inLanguage\":\"fr-FR\",\"@id\":\"https:\\\/\\\/ateliervae.fr\\\/#\\\/schema\\\/logo\\\/image\\\/\",\"url\":\"https:\\\/\\\/ateliervae.fr\\\/wp-content\\\/uploads\\\/2026\\\/04\\\/ChatGPT-Image-6-avr.-2026-11_58_22.png\",\"contentUrl\":\"https:\\\/\\\/ateliervae.fr\\\/wp-content\\\/uploads\\\/2026\\\/04\\\/ChatGPT-Image-6-avr.-2026-11_58_22.png\",\"width\":1536,\"height\":1024,\"caption\":\"ateliervae.fr\"},\"image\":{\"@id\":\"https:\\\/\\\/ateliervae.fr\\\/#\\\/schema\\\/logo\\\/image\\\/\"}}]}<\/script>\n<!-- \/ Yoast SEO plugin. -->","yoast_head_json":{"title":"Batterie pour velos Batterie pour velos Phylion XH259-10J Silverfish 24V 12Ah (noir) batterie de remplacement - ateliervae.fr","description":"Remplacement batterie v\u00e9lo \u00e9lectrique Phylion 24V 12Ah Silverfish, \u00e0 189\u20ac. Autonomie fiable, performance durable et compatibilit\u00e9 e-bike universelle.","robots":{"index":"index","follow":"follow","max-snippet":"max-snippet:-1","max-image-preview":"max-image-preview:large","max-video-preview":"max-video-preview:-1"},"canonical":"https:\/\/ateliervae.fr\/?product=phylion-xh259-10j-silverfish-24v-12ah-noir-batterie-de-remplacement","og_locale":"fr_FR","og_type":"article","og_title":"Batterie pour velos Batterie pour velos Phylion XH259-10J Silverfish 24V 12Ah (noir) batterie de remplacement - ateliervae.fr","og_description":"Remplacement batterie v\u00e9lo \u00e9lectrique Phylion 24V 12Ah Silverfish, \u00e0 189\u20ac. Autonomie fiable, performance durable et compatibilit\u00e9 e-bike universelle.","og_url":"https:\/\/ateliervae.fr\/?product=phylion-xh259-10j-silverfish-24v-12ah-noir-batterie-de-remplacement","og_site_name":"ateliervae.fr","article_modified_time":"2026-04-17T10:21:52+00:00","og_image":[{"width":360,"height":360,"url":"https:\/\/ateliervae.fr\/wp-content\/uploads\/2026\/04\/ebbe.ph_.008_r015_00317d3490800dfa8780f458e1f89c866b8ed2f0a38a7d0d1184f42b76a9774d72b.jpg","type":"image\/jpeg"}],"twitter_card":"summary_large_image","twitter_misc":{"Dur\u00e9e de lecture estim\u00e9e":"3 minutes"},"schema":{"@context":"https:\/\/schema.org","@graph":[{"@type":"WebPage","@id":"https:\/\/ateliervae.fr\/?product=phylion-xh259-10j-silverfish-24v-12ah-noir-batterie-de-remplacement","url":"https:\/\/ateliervae.fr\/?product=phylion-xh259-10j-silverfish-24v-12ah-noir-batterie-de-remplacement","name":"Batterie pour velos Batterie pour velos Phylion XH259-10J Silverfish 24V 12Ah (noir) batterie de remplacement - ateliervae.fr","isPartOf":{"@id":"https:\/\/ateliervae.fr\/#website"},"primaryImageOfPage":{"@id":"https:\/\/ateliervae.fr\/?product=phylion-xh259-10j-silverfish-24v-12ah-noir-batterie-de-remplacement#primaryimage"},"image":{"@id":"https:\/\/ateliervae.fr\/?product=phylion-xh259-10j-silverfish-24v-12ah-noir-batterie-de-remplacement#primaryimage"},"thumbnailUrl":"https:\/\/ateliervae.fr\/wp-content\/uploads\/2026\/04\/ebbe.ph_.008_r015_00317d3490800dfa8780f458e1f89c866b8ed2f0a38a7d0d1184f42b76a9774d72b.jpg","datePublished":"2026-04-15T08:02:26+00:00","dateModified":"2026-04-17T10:21:52+00:00","description":"Remplacement batterie v\u00e9lo \u00e9lectrique Phylion 24V 12Ah Silverfish, \u00e0 189\u20ac. Autonomie fiable, performance durable et compatibilit\u00e9 e-bike universelle.","breadcrumb":{"@id":"https:\/\/ateliervae.fr\/?product=phylion-xh259-10j-silverfish-24v-12ah-noir-batterie-de-remplacement#breadcrumb"},"inLanguage":"fr-FR","potentialAction":[{"@type":"ReadAction","target":["https:\/\/ateliervae.fr\/?product=phylion-xh259-10j-silverfish-24v-12ah-noir-batterie-de-remplacement"]}]},{"@type":"ImageObject","inLanguage":"fr-FR","@id":"https:\/\/ateliervae.fr\/?product=phylion-xh259-10j-silverfish-24v-12ah-noir-batterie-de-remplacement#primaryimage","url":"https:\/\/ateliervae.fr\/wp-content\/uploads\/2026\/04\/ebbe.ph_.008_r015_00317d3490800dfa8780f458e1f89c866b8ed2f0a38a7d0d1184f42b76a9774d72b.jpg","contentUrl":"https:\/\/ateliervae.fr\/wp-content\/uploads\/2026\/04\/ebbe.ph_.008_r015_00317d3490800dfa8780f458e1f89c866b8ed2f0a38a7d0d1184f42b76a9774d72b.jpg","width":360,"height":360,"caption":"remplacement batterie v\u00e9lo \u00e9lectrique Phylion"},{"@type":"BreadcrumbList","@id":"https:\/\/ateliervae.fr\/?product=phylion-xh259-10j-silverfish-24v-12ah-noir-batterie-de-remplacement#breadcrumb","itemListElement":[{"@type":"ListItem","position":1,"name":"Home","item":"https:\/\/ateliervae.fr\/"},{"@type":"ListItem","position":2,"name":"Produits","item":"https:\/\/ateliervae.fr\/shop\/"},{"@type":"ListItem","position":3,"name":"Batterie pour velos Batterie pour velos Phylion XH259-10J Silverfish 24V 12Ah (noir) batterie de remplacement"}]},{"@type":"WebSite","@id":"https:\/\/ateliervae.fr\/#website","url":"https:\/\/ateliervae.fr\/","name":"ateliervae.fr","description":"L\u2019\u00e9nergie au c\u0153ur de vos trajets","publisher":{"@id":"https:\/\/ateliervae.fr\/#organization"},"potentialAction":[{"@type":"SearchAction","target":{"@type":"EntryPoint","urlTemplate":"https:\/\/ateliervae.fr\/?s={search_term_string}"},"query-input":{"@type":"PropertyValueSpecification","valueRequired":true,"valueName":"search_term_string"}}],"inLanguage":"fr-FR"},{"@type":"Organization","@id":"https:\/\/ateliervae.fr\/#organization","name":"ateliervae.fr","url":"https:\/\/ateliervae.fr\/","logo":{"@type":"ImageObject","inLanguage":"fr-FR","@id":"https:\/\/ateliervae.fr\/#\/schema\/logo\/image\/","url":"https:\/\/ateliervae.fr\/wp-content\/uploads\/2026\/04\/ChatGPT-Image-6-avr.-2026-11_58_22.png","contentUrl":"https:\/\/ateliervae.fr\/wp-content\/uploads\/2026\/04\/ChatGPT-Image-6-avr.-2026-11_58_22.png","width":1536,"height":1024,"caption":"ateliervae.fr"},"image":{"@id":"https:\/\/ateliervae.fr\/#\/schema\/logo\/image\/"}}]}},"_links":{"self":[{"href":"https:\/\/ateliervae.fr\/index.php?rest_route=\/wp\/v2\/product\/27451","targetHints":{"allow":["GET"]}}],"collection":[{"href":"https:\/\/ateliervae.fr\/index.php?rest_route=\/wp\/v2\/product"}],"about":[{"href":"https:\/\/ateliervae.fr\/index.php?rest_route=\/wp\/v2\/types\/product"}],"replies":[{"embeddable":true,"href":"https:\/\/ateliervae.fr\/index.php?rest_route=%2Fwp%2Fv2%2Fcomments&post=27451"}],"version-history":[{"count":3,"href":"https:\/\/ateliervae.fr\/index.php?rest_route=\/wp\/v2\/product\/27451\/revisions"}],"predecessor-version":[{"id":27485,"href":"https:\/\/ateliervae.fr\/index.php?rest_route=\/wp\/v2\/product\/27451\/revisions\/27485"}],"wp:featuredmedia":[{"embeddable":true,"href":"https:\/\/ateliervae.fr\/index.php?rest_route=\/wp\/v2\/media\/27450"}],"wp:attachment":[{"href":"https:\/\/ateliervae.fr\/index.php?rest_route=%2Fwp%2Fv2%2Fmedia&parent=27451"}],"wp:term":[{"taxonomy":"product_brand","embeddable":true,"href":"https:\/\/ateliervae.fr\/index.php?rest_route=%2Fwp%2Fv2%2Fproduct_brand&post=27451"},{"taxonomy":"product_cat","embeddable":true,"href":"https:\/\/ateliervae.fr\/index.php?rest_route=%2Fwp%2Fv2%2Fproduct_cat&post=27451"},{"taxonomy":"product_tag","embeddable":true,"href":"https:\/\/ateliervae.fr\/index.php?rest_route=%2Fwp%2Fv2%2Fproduct_tag&post=27451"}],"curies":[{"name":"wp","href":"https:\/\/api.w.org\/{rel}","templated":true}]}}