{"id":27326,"date":"2026-04-13T10:32:05","date_gmt":"2026-04-13T10:32:05","guid":{"rendered":"https:\/\/ateliervae.fr\/product\/bosch-compacttube-400-smart-system-vertical\/"},"modified":"2026-04-13T14:18:26","modified_gmt":"2026-04-13T14:18:26","slug":"bosch-compacttube-400-smart-system-vertical","status":"publish","type":"product","link":"https:\/\/ateliervae.fr\/?product=bosch-compacttube-400-smart-system-vertical","title":{"rendered":"Batterie pour velos Bosch Compact Tube 400 | Smart System | Vertical"},"content":{"rendered":"<h2 data-section-id=\"cbnwj5\" data-start=\"225\" data-end=\"263\">Description d\u00e9taill\u00e9e du produit<\/h2>\n<p data-start=\"265\" data-end=\"636\">La <strong data-start=\"268\" data-end=\"346\">batterie pour v\u00e9lo \u00e9lectrique Bosch Compact Tube 400 Smart System Vertical<\/strong> est une batterie lithium-ion haut de gamme con\u00e7ue pour offrir un excellent compromis entre l\u00e9g\u00e8ret\u00e9, autonomie et puissance. Int\u00e9gr\u00e9e dans le cadre du v\u00e9lo (format vertical Compact Tube), elle garantit une esth\u00e9tique discr\u00e8te et une protection optimale contre les chocs et les intemp\u00e9ries.<\/p>\n<p data-start=\"638\" data-end=\"845\">Gr\u00e2ce \u00e0 la technologie <strong data-start=\"661\" data-end=\"695\">Lithium-ion Bosch Smart System<\/strong>, cette batterie assure une gestion intelligente de l\u2019\u00e9nergie, une meilleure long\u00e9vit\u00e9 et une communication avanc\u00e9e avec le moteur du v\u00e9lo \u00e9lectrique.<\/p>\n<p data-start=\"847\" data-end=\"869\">Elle est id\u00e9ale pour :<\/p>\n<ul data-start=\"870\" data-end=\"1010\">\n<li data-section-id=\"18aqhlf\" data-start=\"870\" data-end=\"901\">Les v\u00e9los \u00e9lectriques urbains<\/li>\n<li data-section-id=\"i0pfrb\" data-start=\"902\" data-end=\"935\">Les VTT \u00e9lectriques polyvalents<\/li>\n<li data-section-id=\"1vkfmcq\" data-start=\"936\" data-end=\"977\">Les trajets quotidiens domicile-travail<\/li>\n<li data-section-id=\"pw3ste\" data-start=\"978\" data-end=\"1010\">Les randonn\u00e9es longue distance<\/li>\n<\/ul>\n<p data-start=\"1012\" data-end=\"1173\">Cette <strong data-start=\"1018\" data-end=\"1047\">batterie pour v\u00e9lo fiable<\/strong> se distingue par sa stabilit\u00e9 \u00e9nerg\u00e9tique et sa capacit\u00e9 \u00e0 maintenir une autonomie constante m\u00eame sur des terrains exigeants.<\/p>\n<p data-start=\"1175\" data-end=\"1348\">\n<div><\/div>\n<div><\/div>\n<hr data-start=\"1539\" data-end=\"1542\" \/>\n<h2 data-section-id=\"te5idz\" data-start=\"1544\" data-end=\"1590\">2. Tableau technique complet de la batterie<\/h2>\n<div class=\"TyagGW_tableContainer\">\n<div class=\"group TyagGW_tableWrapper flex flex-col-reverse w-fit\" tabindex=\"-1\">\n<table class=\"w-fit min-w-(--thread-content-width)\" data-start=\"1592\" data-end=\"2240\">\n<thead data-start=\"1592\" data-end=\"1620\">\n<tr data-start=\"1592\" data-end=\"1620\">\n<th class=\"\" data-start=\"1592\" data-end=\"1610\" data-col-size=\"sm\">Caract\u00e9ristique<\/th>\n<th class=\"\" data-start=\"1610\" data-end=\"1620\" data-col-size=\"sm\">D\u00e9tail<\/th>\n<\/tr>\n<\/thead>\n<tbody data-start=\"1649\" data-end=\"2240\">\n<tr data-start=\"1649\" data-end=\"1695\">\n<td data-start=\"1649\" data-end=\"1668\" data-col-size=\"sm\">Type de batterie<\/td>\n<td data-start=\"1668\" data-end=\"1695\" data-col-size=\"sm\">Batterie int\u00e9gr\u00e9e cadre<\/td>\n<\/tr>\n<tr data-start=\"1696\" data-end=\"1738\">\n<td data-start=\"1696\" data-end=\"1710\" data-col-size=\"sm\">Technologie<\/td>\n<td data-start=\"1710\" data-end=\"1738\" data-col-size=\"sm\">Lithium-ion Smart System<\/td>\n<\/tr>\n<tr data-start=\"1739\" data-end=\"1756\">\n<td data-start=\"1739\" data-end=\"1749\" data-col-size=\"sm\">Voltage<\/td>\n<td data-start=\"1749\" data-end=\"1756\" data-col-size=\"sm\">36V<\/td>\n<\/tr>\n<tr data-start=\"1757\" data-end=\"1778\">\n<td data-start=\"1757\" data-end=\"1768\" data-col-size=\"sm\">Capacit\u00e9<\/td>\n<td data-start=\"1768\" data-end=\"1778\" data-col-size=\"sm\">400 Wh<\/td>\n<\/tr>\n<tr data-start=\"1779\" data-end=\"1826\">\n<td data-start=\"1779\" data-end=\"1799\" data-col-size=\"sm\">Autonomie estim\u00e9e<\/td>\n<td data-start=\"1799\" data-end=\"1826\" data-col-size=\"sm\">50 \u00e0 110 km selon usage<\/td>\n<\/tr>\n<tr data-start=\"1827\" data-end=\"1865\">\n<td data-start=\"1827\" data-end=\"1845\" data-col-size=\"sm\">Temps de charge<\/td>\n<td data-start=\"1845\" data-end=\"1865\" data-col-size=\"sm\">3,5 \u00e0 4,5 heures<\/td>\n<\/tr>\n<tr data-start=\"1866\" data-end=\"1904\">\n<td data-start=\"1866\" data-end=\"1881\" data-col-size=\"sm\">Dur\u00e9e de vie<\/td>\n<td data-start=\"1881\" data-end=\"1904\" data-col-size=\"sm\">Jusqu\u2019\u00e0 1000 cycles<\/td>\n<\/tr>\n<tr data-start=\"1905\" data-end=\"1973\">\n<td data-start=\"1905\" data-end=\"1929\" data-col-size=\"sm\">Compatibilit\u00e9 moteurs<\/td>\n<td data-start=\"1929\" data-end=\"1973\" data-col-size=\"sm\">Bosch Performance Line \/ CX Smart System<\/td>\n<\/tr>\n<tr data-start=\"1974\" data-end=\"2029\">\n<td data-start=\"1974\" data-end=\"1996\" data-col-size=\"sm\">Syst\u00e8me de fixation<\/td>\n<td data-start=\"1996\" data-end=\"2029\" data-col-size=\"sm\">Int\u00e9gr\u00e9 vertical Compact Tube<\/td>\n<\/tr>\n<tr data-start=\"2030\" data-end=\"2056\">\n<td data-start=\"2030\" data-end=\"2038\" data-col-size=\"sm\">Poids<\/td>\n<td data-start=\"2038\" data-end=\"2056\" data-col-size=\"sm\">Environ 2,0 kg<\/td>\n<\/tr>\n<tr data-start=\"2057\" data-end=\"2096\">\n<td data-start=\"2057\" data-end=\"2071\" data-col-size=\"sm\">Emplacement<\/td>\n<td data-start=\"2071\" data-end=\"2096\" data-col-size=\"sm\">Cadre (tube vertical)<\/td>\n<\/tr>\n<tr data-start=\"2097\" data-end=\"2135\">\n<td data-start=\"2097\" data-end=\"2108\" data-col-size=\"sm\">S\u00e9curit\u00e9<\/td>\n<td data-start=\"2108\" data-end=\"2135\" data-col-size=\"sm\">BMS intelligent int\u00e9gr\u00e9<\/td>\n<\/tr>\n<tr data-start=\"2136\" data-end=\"2181\">\n<td data-start=\"2136\" data-end=\"2164\" data-col-size=\"sm\">Temp\u00e9rature d\u2019utilisation<\/td>\n<td data-start=\"2164\" data-end=\"2181\" data-col-size=\"sm\">-10\u00b0C \u00e0 +40\u00b0C<\/td>\n<\/tr>\n<tr data-start=\"2182\" data-end=\"2240\">\n<td data-start=\"2182\" data-end=\"2198\" data-col-size=\"sm\">Ann\u00e9e \/ gamme<\/td>\n<td data-start=\"2198\" data-end=\"2240\" data-col-size=\"sm\">Bosch Smart System nouvelle g\u00e9n\u00e9ration<\/td>\n<\/tr>\n<\/tbody>\n<\/table>\n<\/div>\n<\/div>\n<p data-start=\"2242\" data-end=\"2358\">\ud83d\udc49 Cette batterie optimise la performance globale du v\u00e9lo tout en garantissant une excellente s\u00e9curit\u00e9 \u00e9lectronique.<\/p>\n<div><\/div>\n<h2 data-section-id=\"1ky9fl\" data-start=\"2459\" data-end=\"2499\">3. Tableau comparatif (2 concurrents)<\/h2>\n<div class=\"TyagGW_tableContainer\">\n<div class=\"group TyagGW_tableWrapper flex flex-col-reverse w-fit\" tabindex=\"-1\">\n<table class=\"w-fit min-w-(--thread-content-width)\" data-start=\"2501\" data-end=\"3072\">\n<thead data-start=\"2501\" data-end=\"2611\">\n<tr data-start=\"2501\" data-end=\"2611\">\n<th class=\"\" data-start=\"2501\" data-end=\"2510\" data-col-size=\"sm\">Mod\u00e8le<\/th>\n<th class=\"\" data-start=\"2510\" data-end=\"2529\" data-col-size=\"sm\">Type de batterie<\/th>\n<th class=\"\" data-start=\"2529\" data-end=\"2550\" data-col-size=\"sm\">Voltage \/ capacit\u00e9<\/th>\n<th class=\"\" data-start=\"2550\" data-end=\"2562\" data-col-size=\"sm\">Autonomie<\/th>\n<th class=\"\" data-start=\"2562\" data-end=\"2578\" data-col-size=\"sm\">Compatibilit\u00e9<\/th>\n<th class=\"\" data-start=\"2578\" data-end=\"2586\" data-col-size=\"sm\">Poids<\/th>\n<th class=\"\" data-start=\"2586\" data-end=\"2611\" data-col-size=\"sm\">Prix TTC constructeur<\/th>\n<\/tr>\n<\/thead>\n<tbody data-start=\"2725\" data-end=\"3072\">\n<tr data-start=\"2725\" data-end=\"2844\">\n<td data-start=\"2725\" data-end=\"2756\" data-col-size=\"sm\">Bosch Compact Tube 400 Smart<\/td>\n<td data-start=\"2756\" data-end=\"2779\" data-col-size=\"sm\">Lithium-ion int\u00e9gr\u00e9e<\/td>\n<td data-start=\"2779\" data-end=\"2793\" data-col-size=\"sm\">36V \/ 400Wh<\/td>\n<td data-start=\"2793\" data-end=\"2805\" data-col-size=\"sm\">50\u2013110 km<\/td>\n<td data-start=\"2805\" data-end=\"2826\" data-col-size=\"sm\">Bosch Smart System<\/td>\n<td data-start=\"2826\" data-end=\"2835\" data-col-size=\"sm\">2,0 kg<\/td>\n<td data-start=\"2835\" data-end=\"2844\" data-col-size=\"sm\">~549\u20ac<\/td>\n<\/tr>\n<tr data-start=\"2845\" data-end=\"2970\">\n<td data-start=\"2845\" data-end=\"2878\" data-col-size=\"sm\">Bosch PowerTube 500 Horizontal<\/td>\n<td data-start=\"2878\" data-end=\"2901\" data-col-size=\"sm\">Lithium-ion int\u00e9gr\u00e9e<\/td>\n<td data-start=\"2901\" data-end=\"2915\" data-col-size=\"sm\">36V \/ 500Wh<\/td>\n<td data-start=\"2915\" data-end=\"2927\" data-col-size=\"sm\">70\u2013130 km<\/td>\n<td data-start=\"2927\" data-end=\"2952\" data-col-size=\"sm\">Bosch Performance Line<\/td>\n<td data-start=\"2952\" data-end=\"2961\" data-col-size=\"sm\">2,8 kg<\/td>\n<td data-start=\"2961\" data-end=\"2970\" data-col-size=\"sm\">~699\u20ac<\/td>\n<\/tr>\n<tr data-start=\"2971\" data-end=\"3072\">\n<td data-start=\"2971\" data-end=\"2990\" data-col-size=\"sm\">Shimano BT-EN806<\/td>\n<td data-start=\"2990\" data-end=\"3012\" data-col-size=\"sm\">Lithium-ion externe<\/td>\n<td data-start=\"3012\" data-end=\"3026\" data-col-size=\"sm\">36V \/ 630Wh<\/td>\n<td data-start=\"3026\" data-end=\"3038\" data-col-size=\"sm\">80\u2013150 km<\/td>\n<td data-start=\"3038\" data-end=\"3054\" data-col-size=\"sm\">Shimano STEPS<\/td>\n<td data-start=\"3054\" data-end=\"3063\" data-col-size=\"sm\">3,0 kg<\/td>\n<td data-start=\"3063\" data-end=\"3072\" data-col-size=\"sm\">~799\u20ac<\/td>\n<\/tr>\n<\/tbody>\n<\/table>\n<\/div>\n<\/div>\n<p data-start=\"3074\" data-end=\"3263\">\n<div><\/div>\n<div><\/div>\n<h2 data-section-id=\"1c3a1ps\" data-start=\"3480\" data-end=\"3506\">4. Avantages principaux<\/h2>\n<p data-start=\"3508\" data-end=\"3597\">La <strong data-start=\"3511\" data-end=\"3567\">batterie pour v\u00e9lo \u00e9lectrique Bosch Compact Tube 400<\/strong> offre de nombreux avantages :<\/p>\n<ul data-start=\"3599\" data-end=\"3859\">\n<li data-section-id=\"1pgxvpa\" data-start=\"3599\" data-end=\"3653\">Autonomie optimis\u00e9e pour trajets urbains et sportifs<\/li>\n<li data-section-id=\"1le2v9p\" data-start=\"3654\" data-end=\"3705\">Technologie Lithium-ion intelligente et s\u00e9curis\u00e9e<\/li>\n<li data-section-id=\"135fjfv\" data-start=\"3706\" data-end=\"3750\">Int\u00e9gration parfaite dans le cadre du v\u00e9lo<\/li>\n<li data-section-id=\"1844i9x\" data-start=\"3751\" data-end=\"3810\">Gestion thermique avanc\u00e9e pour une dur\u00e9e de vie prolong\u00e9e<\/li>\n<li data-section-id=\"uqzls7\" data-start=\"3811\" data-end=\"3859\">Compatibilit\u00e9 Smart System derni\u00e8re g\u00e9n\u00e9ration<\/li>\n<\/ul>\n<p data-start=\"3861\" data-end=\"3977\">Elle repr\u00e9sente une solution id\u00e9ale pour tous ceux qui recherchent une <strong data-start=\"3932\" data-end=\"3961\">batterie pour v\u00e9lo fiable<\/strong> et performante.<\/p>\n<h2 data-section-id=\"ff1aj9\" data-start=\"3984\" data-end=\"4019\">5. Conclusion + appel \u00e0 l\u2019action<\/h2>\n<p data-start=\"4021\" data-end=\"4305\">La batterie Bosch Compact Tube 400 Smart System est une solution premium pour tous les cyclistes exigeants. Sa conception compacte, sa fiabilit\u00e9 et sa gestion intelligente de l\u2019\u00e9nergie en font un choix strat\u00e9gique pour am\u00e9liorer l\u2019autonomie et la performance de votre v\u00e9lo \u00e9lectrique.<\/p>\n<p data-start=\"4446\" data-end=\"4565\">\n<h2 data-section-id=\"zou4rv\" data-start=\"4572\" data-end=\"4581\">6. FAQ<\/h2>\n<p data-start=\"4583\" data-end=\"4711\"><strong data-start=\"4583\" data-end=\"4626\">Quelle autonomie offre cette batterie ?<\/strong><br data-start=\"4626\" data-end=\"4629\" \/>Entre 50 et 110 km selon le terrain, le mode d\u2019assistance et le poids du cycliste.<\/p>\n<p data-start=\"4713\" data-end=\"4846\"><strong data-start=\"4713\" data-end=\"4770\">Est-elle compatible avec tous les v\u00e9los \u00e9lectriques ?<\/strong><br data-start=\"4770\" data-end=\"4773\" \/>Non, elle est compatible uniquement avec les syst\u00e8mes Bosch Smart System.<\/p>\n<p data-start=\"4848\" data-end=\"4955\"><strong data-start=\"4848\" data-end=\"4895\">Combien de temps pour une charge compl\u00e8te ?<\/strong><br data-start=\"4895\" data-end=\"4898\" \/>Environ 3,5 \u00e0 4,5 heures avec un chargeur Bosch standard.<\/p>\n<p data-start=\"4957\" data-end=\"5080\"><strong data-start=\"4957\" data-end=\"5002\">Peut-on remplacer une ancienne batterie ?<\/strong><br data-start=\"5002\" data-end=\"5005\" \/>Oui, si votre v\u00e9lo est compatible avec le format Compact Tube Smart System.<\/p>\n<p data-start=\"5082\" data-end=\"5171\"><strong data-start=\"5082\" data-end=\"5129\">Quelle est la dur\u00e9e de vie de la batterie ?<\/strong><br data-start=\"5129\" data-end=\"5132\" \/>Jusqu\u2019\u00e0 1000 cycles de charge complets.<\/p>\n<p data-start=\"5173\" data-end=\"5289\"><strong data-start=\"5173\" data-end=\"5209\">La batterie est-elle s\u00e9curis\u00e9e ?<\/strong><br data-start=\"5209\" data-end=\"5212\" \/>Oui, elle dispose d\u2019un BMS int\u00e9gr\u00e9 prot\u00e9geant contre surcharge et surchauffe.<\/p>\n<p data-start=\"5291\" data-end=\"5370\"><strong data-start=\"5291\" data-end=\"5329\">Peut-elle \u00eatre utilis\u00e9e en hiver ?<\/strong><br data-start=\"5329\" data-end=\"5332\" \/>Oui, elle fonctionne de -10\u00b0C \u00e0 +40\u00b0C.<\/p>\n","protected":false},"excerpt":{"rendered":"<ul data-start=\"5403\" data-end=\"5682\">\n<li data-section-id=\"z7ifeu\" data-start=\"5403\" data-end=\"5467\"><strong><span style=\"color: #808000;\">\u26a1 Puissance et autonomie : jusqu\u2019\u00e0 110 km d\u2019autonomie r\u00e9elle<\/span><\/strong><\/li>\n<li data-section-id=\"1rz443s\" data-start=\"5468\" data-end=\"5531\"><strong><span style=\"color: #808000;\">\ud83d\udd0b Technologie et s\u00e9curit\u00e9 : Lithium-ion Bosch Smart System<\/span><\/strong><\/li>\n<li data-section-id=\"1nyqzp7\" data-start=\"5532\" data-end=\"5591\"><strong><span style=\"color: #808000;\">\ud83d\udeb2 Compatibilit\u00e9 : v\u00e9los \u00e9lectriques Bosch Smart System<\/span><\/strong><\/li>\n<li data-section-id=\"1inbspa\" data-start=\"5592\" data-end=\"5682\"><strong><span style=\"color: #808000;\">\u2b50 Avantage principal : int\u00e9gration compacte et performance fiable pour usage quotidien<\/span><\/strong><\/li>\n<li data-section-id=\"1inbspa\" data-start=\"5592\" data-end=\"5682\">\n<p data-start=\"4307\" data-end=\"4444\">\ud83d\udc49 Si vous recherchez une <strong data-start=\"4333\" data-end=\"4366\">batterie pour v\u00e9lo \u00e9lectrique<\/strong> durable, performante et s\u00e9curis\u00e9e, ce mod\u00e8le est un excellent investissement.<\/p>\n<p data-start=\"4446\" data-end=\"4565\">Commandez d\u00e8s maintenant et profitez d\u2019une autonomie optimis\u00e9e pour tous vos trajets quotidiens et aventures sportives.<\/p>\n<\/li>\n<\/ul>\n","protected":false},"featured_media":27325,"comment_status":"closed","ping_status":"closed","template":"","meta":[],"product_brand":[76],"product_cat":[223,227,212,113,33,116],"product_tag":[],"class_list":{"0":"post-27326","1":"product","2":"type-product","3":"status-publish","4":"has-post-thumbnail","6":"product_brand-bosch","7":"product_cat-10-15-ah-36v-batterie-integree","8":"product_cat-360-540-wh-10-15-ah-36v-batterie-integree","9":"product_cat-36v-batterie-integree","10":"product_cat-batterie-integree","11":"product_cat-batteries-de-velos","12":"product_cat-tube-superieur-integre","14":"first","15":"instock","16":"sale","17":"shipping-taxable","18":"purchasable","19":"product-type-simple"},"yoast_head":"<!-- This site is optimized with the Yoast SEO plugin v27.5 - https:\/\/yoast.com\/product\/yoast-seo-wordpress\/ -->\n<title>Batterie pour velos Bosch Compact Tube 400 | Smart System | Vertical - ateliervae.fr<\/title>\n<meta name=\"description\" content=\"Batterie pour v\u00e9lo \u00e9lectrique Bosch fiable \u2013 \u00e0 449\u20ac \u2013 autonomie longue dur\u00e9e, performance et s\u00e9curit\u00e9 Smart System pour VAE urbain et VTT.\" \/>\n<meta name=\"robots\" content=\"index, follow, max-snippet:-1, max-image-preview:large, max-video-preview:-1\" \/>\n<link rel=\"canonical\" href=\"https:\/\/ateliervae.fr\/?product=bosch-compacttube-400-smart-system-vertical\" \/>\n<meta property=\"og:locale\" content=\"fr_FR\" \/>\n<meta property=\"og:type\" content=\"article\" \/>\n<meta property=\"og:title\" content=\"Batterie pour velos Bosch Compact Tube 400 | Smart System | Vertical - ateliervae.fr\" \/>\n<meta property=\"og:description\" content=\"Batterie pour v\u00e9lo \u00e9lectrique Bosch fiable \u2013 \u00e0 449\u20ac \u2013 autonomie longue dur\u00e9e, performance et s\u00e9curit\u00e9 Smart System pour VAE urbain et VTT.\" \/>\n<meta property=\"og:url\" content=\"https:\/\/ateliervae.fr\/?product=bosch-compacttube-400-smart-system-vertical\" \/>\n<meta property=\"og:site_name\" content=\"ateliervae.fr\" \/>\n<meta property=\"article:modified_time\" content=\"2026-04-13T14:18:26+00:00\" \/>\n<meta property=\"og:image\" content=\"https:\/\/ateliervae.fr\/wp-content\/uploads\/2026\/04\/compacttube_smart_logo.jpg\" \/>\n\t<meta property=\"og:image:width\" content=\"360\" \/>\n\t<meta property=\"og:image:height\" content=\"360\" \/>\n\t<meta property=\"og:image:type\" content=\"image\/jpeg\" \/>\n<meta name=\"twitter:card\" content=\"summary_large_image\" \/>\n<meta name=\"twitter:label1\" content=\"Dur\u00e9e de lecture estim\u00e9e\" \/>\n\t<meta name=\"twitter:data1\" content=\"3 minutes\" \/>\n<script type=\"application\/ld+json\" class=\"yoast-schema-graph\">{\"@context\":\"https:\\\/\\\/schema.org\",\"@graph\":[{\"@type\":\"WebPage\",\"@id\":\"https:\\\/\\\/ateliervae.fr\\\/?product=bosch-compacttube-400-smart-system-vertical\",\"url\":\"https:\\\/\\\/ateliervae.fr\\\/?product=bosch-compacttube-400-smart-system-vertical\",\"name\":\"Batterie pour velos Bosch Compact Tube 400 | Smart System | Vertical - ateliervae.fr\",\"isPartOf\":{\"@id\":\"https:\\\/\\\/ateliervae.fr\\\/#website\"},\"primaryImageOfPage\":{\"@id\":\"https:\\\/\\\/ateliervae.fr\\\/?product=bosch-compacttube-400-smart-system-vertical#primaryimage\"},\"image\":{\"@id\":\"https:\\\/\\\/ateliervae.fr\\\/?product=bosch-compacttube-400-smart-system-vertical#primaryimage\"},\"thumbnailUrl\":\"https:\\\/\\\/ateliervae.fr\\\/wp-content\\\/uploads\\\/2026\\\/04\\\/compacttube_smart_logo.jpg\",\"datePublished\":\"2026-04-13T10:32:05+00:00\",\"dateModified\":\"2026-04-13T14:18:26+00:00\",\"description\":\"Batterie pour v\u00e9lo \u00e9lectrique Bosch fiable \u2013 \u00e0 449\u20ac \u2013 autonomie longue dur\u00e9e, performance et s\u00e9curit\u00e9 Smart System pour VAE urbain et VTT.\",\"breadcrumb\":{\"@id\":\"https:\\\/\\\/ateliervae.fr\\\/?product=bosch-compacttube-400-smart-system-vertical#breadcrumb\"},\"inLanguage\":\"fr-FR\",\"potentialAction\":[{\"@type\":\"ReadAction\",\"target\":[\"https:\\\/\\\/ateliervae.fr\\\/?product=bosch-compacttube-400-smart-system-vertical\"]}]},{\"@type\":\"ImageObject\",\"inLanguage\":\"fr-FR\",\"@id\":\"https:\\\/\\\/ateliervae.fr\\\/?product=bosch-compacttube-400-smart-system-vertical#primaryimage\",\"url\":\"https:\\\/\\\/ateliervae.fr\\\/wp-content\\\/uploads\\\/2026\\\/04\\\/compacttube_smart_logo.jpg\",\"contentUrl\":\"https:\\\/\\\/ateliervae.fr\\\/wp-content\\\/uploads\\\/2026\\\/04\\\/compacttube_smart_logo.jpg\",\"width\":360,\"height\":360,\"caption\":\"batterie pour v\u00e9lo fiable\"},{\"@type\":\"BreadcrumbList\",\"@id\":\"https:\\\/\\\/ateliervae.fr\\\/?product=bosch-compacttube-400-smart-system-vertical#breadcrumb\",\"itemListElement\":[{\"@type\":\"ListItem\",\"position\":1,\"name\":\"Home\",\"item\":\"https:\\\/\\\/ateliervae.fr\\\/\"},{\"@type\":\"ListItem\",\"position\":2,\"name\":\"Produits\",\"item\":\"https:\\\/\\\/ateliervae.fr\\\/shop\\\/\"},{\"@type\":\"ListItem\",\"position\":3,\"name\":\"Batterie pour velos Bosch Compact Tube 400 | Smart System | Vertical\"}]},{\"@type\":\"WebSite\",\"@id\":\"https:\\\/\\\/ateliervae.fr\\\/#website\",\"url\":\"https:\\\/\\\/ateliervae.fr\\\/\",\"name\":\"ateliervae.fr\",\"description\":\"L\u2019\u00e9nergie au c\u0153ur de vos trajets\",\"publisher\":{\"@id\":\"https:\\\/\\\/ateliervae.fr\\\/#organization\"},\"potentialAction\":[{\"@type\":\"SearchAction\",\"target\":{\"@type\":\"EntryPoint\",\"urlTemplate\":\"https:\\\/\\\/ateliervae.fr\\\/?s={search_term_string}\"},\"query-input\":{\"@type\":\"PropertyValueSpecification\",\"valueRequired\":true,\"valueName\":\"search_term_string\"}}],\"inLanguage\":\"fr-FR\"},{\"@type\":\"Organization\",\"@id\":\"https:\\\/\\\/ateliervae.fr\\\/#organization\",\"name\":\"ateliervae.fr\",\"url\":\"https:\\\/\\\/ateliervae.fr\\\/\",\"logo\":{\"@type\":\"ImageObject\",\"inLanguage\":\"fr-FR\",\"@id\":\"https:\\\/\\\/ateliervae.fr\\\/#\\\/schema\\\/logo\\\/image\\\/\",\"url\":\"https:\\\/\\\/ateliervae.fr\\\/wp-content\\\/uploads\\\/2026\\\/04\\\/ChatGPT-Image-6-avr.-2026-11_58_22.png\",\"contentUrl\":\"https:\\\/\\\/ateliervae.fr\\\/wp-content\\\/uploads\\\/2026\\\/04\\\/ChatGPT-Image-6-avr.-2026-11_58_22.png\",\"width\":1536,\"height\":1024,\"caption\":\"ateliervae.fr\"},\"image\":{\"@id\":\"https:\\\/\\\/ateliervae.fr\\\/#\\\/schema\\\/logo\\\/image\\\/\"}}]}<\/script>\n<!-- \/ Yoast SEO plugin. -->","yoast_head_json":{"title":"Batterie pour velos Bosch Compact Tube 400 | Smart System | Vertical - ateliervae.fr","description":"Batterie pour v\u00e9lo \u00e9lectrique Bosch fiable \u2013 \u00e0 449\u20ac \u2013 autonomie longue dur\u00e9e, performance et s\u00e9curit\u00e9 Smart System pour VAE urbain et VTT.","robots":{"index":"index","follow":"follow","max-snippet":"max-snippet:-1","max-image-preview":"max-image-preview:large","max-video-preview":"max-video-preview:-1"},"canonical":"https:\/\/ateliervae.fr\/?product=bosch-compacttube-400-smart-system-vertical","og_locale":"fr_FR","og_type":"article","og_title":"Batterie pour velos Bosch Compact Tube 400 | Smart System | Vertical - ateliervae.fr","og_description":"Batterie pour v\u00e9lo \u00e9lectrique Bosch fiable \u2013 \u00e0 449\u20ac \u2013 autonomie longue dur\u00e9e, performance et s\u00e9curit\u00e9 Smart System pour VAE urbain et VTT.","og_url":"https:\/\/ateliervae.fr\/?product=bosch-compacttube-400-smart-system-vertical","og_site_name":"ateliervae.fr","article_modified_time":"2026-04-13T14:18:26+00:00","og_image":[{"width":360,"height":360,"url":"https:\/\/ateliervae.fr\/wp-content\/uploads\/2026\/04\/compacttube_smart_logo.jpg","type":"image\/jpeg"}],"twitter_card":"summary_large_image","twitter_misc":{"Dur\u00e9e de lecture estim\u00e9e":"3 minutes"},"schema":{"@context":"https:\/\/schema.org","@graph":[{"@type":"WebPage","@id":"https:\/\/ateliervae.fr\/?product=bosch-compacttube-400-smart-system-vertical","url":"https:\/\/ateliervae.fr\/?product=bosch-compacttube-400-smart-system-vertical","name":"Batterie pour velos Bosch Compact Tube 400 | Smart System | Vertical - ateliervae.fr","isPartOf":{"@id":"https:\/\/ateliervae.fr\/#website"},"primaryImageOfPage":{"@id":"https:\/\/ateliervae.fr\/?product=bosch-compacttube-400-smart-system-vertical#primaryimage"},"image":{"@id":"https:\/\/ateliervae.fr\/?product=bosch-compacttube-400-smart-system-vertical#primaryimage"},"thumbnailUrl":"https:\/\/ateliervae.fr\/wp-content\/uploads\/2026\/04\/compacttube_smart_logo.jpg","datePublished":"2026-04-13T10:32:05+00:00","dateModified":"2026-04-13T14:18:26+00:00","description":"Batterie pour v\u00e9lo \u00e9lectrique Bosch fiable \u2013 \u00e0 449\u20ac \u2013 autonomie longue dur\u00e9e, performance et s\u00e9curit\u00e9 Smart System pour VAE urbain et VTT.","breadcrumb":{"@id":"https:\/\/ateliervae.fr\/?product=bosch-compacttube-400-smart-system-vertical#breadcrumb"},"inLanguage":"fr-FR","potentialAction":[{"@type":"ReadAction","target":["https:\/\/ateliervae.fr\/?product=bosch-compacttube-400-smart-system-vertical"]}]},{"@type":"ImageObject","inLanguage":"fr-FR","@id":"https:\/\/ateliervae.fr\/?product=bosch-compacttube-400-smart-system-vertical#primaryimage","url":"https:\/\/ateliervae.fr\/wp-content\/uploads\/2026\/04\/compacttube_smart_logo.jpg","contentUrl":"https:\/\/ateliervae.fr\/wp-content\/uploads\/2026\/04\/compacttube_smart_logo.jpg","width":360,"height":360,"caption":"batterie pour v\u00e9lo fiable"},{"@type":"BreadcrumbList","@id":"https:\/\/ateliervae.fr\/?product=bosch-compacttube-400-smart-system-vertical#breadcrumb","itemListElement":[{"@type":"ListItem","position":1,"name":"Home","item":"https:\/\/ateliervae.fr\/"},{"@type":"ListItem","position":2,"name":"Produits","item":"https:\/\/ateliervae.fr\/shop\/"},{"@type":"ListItem","position":3,"name":"Batterie pour velos Bosch Compact Tube 400 | Smart System | Vertical"}]},{"@type":"WebSite","@id":"https:\/\/ateliervae.fr\/#website","url":"https:\/\/ateliervae.fr\/","name":"ateliervae.fr","description":"L\u2019\u00e9nergie au c\u0153ur de vos trajets","publisher":{"@id":"https:\/\/ateliervae.fr\/#organization"},"potentialAction":[{"@type":"SearchAction","target":{"@type":"EntryPoint","urlTemplate":"https:\/\/ateliervae.fr\/?s={search_term_string}"},"query-input":{"@type":"PropertyValueSpecification","valueRequired":true,"valueName":"search_term_string"}}],"inLanguage":"fr-FR"},{"@type":"Organization","@id":"https:\/\/ateliervae.fr\/#organization","name":"ateliervae.fr","url":"https:\/\/ateliervae.fr\/","logo":{"@type":"ImageObject","inLanguage":"fr-FR","@id":"https:\/\/ateliervae.fr\/#\/schema\/logo\/image\/","url":"https:\/\/ateliervae.fr\/wp-content\/uploads\/2026\/04\/ChatGPT-Image-6-avr.-2026-11_58_22.png","contentUrl":"https:\/\/ateliervae.fr\/wp-content\/uploads\/2026\/04\/ChatGPT-Image-6-avr.-2026-11_58_22.png","width":1536,"height":1024,"caption":"ateliervae.fr"},"image":{"@id":"https:\/\/ateliervae.fr\/#\/schema\/logo\/image\/"}}]}},"_links":{"self":[{"href":"https:\/\/ateliervae.fr\/index.php?rest_route=\/wp\/v2\/product\/27326","targetHints":{"allow":["GET"]}}],"collection":[{"href":"https:\/\/ateliervae.fr\/index.php?rest_route=\/wp\/v2\/product"}],"about":[{"href":"https:\/\/ateliervae.fr\/index.php?rest_route=\/wp\/v2\/types\/product"}],"replies":[{"embeddable":true,"href":"https:\/\/ateliervae.fr\/index.php?rest_route=%2Fwp%2Fv2%2Fcomments&post=27326"}],"version-history":[{"count":2,"href":"https:\/\/ateliervae.fr\/index.php?rest_route=\/wp\/v2\/product\/27326\/revisions"}],"predecessor-version":[{"id":27345,"href":"https:\/\/ateliervae.fr\/index.php?rest_route=\/wp\/v2\/product\/27326\/revisions\/27345"}],"wp:featuredmedia":[{"embeddable":true,"href":"https:\/\/ateliervae.fr\/index.php?rest_route=\/wp\/v2\/media\/27325"}],"wp:attachment":[{"href":"https:\/\/ateliervae.fr\/index.php?rest_route=%2Fwp%2Fv2%2Fmedia&parent=27326"}],"wp:term":[{"taxonomy":"product_brand","embeddable":true,"href":"https:\/\/ateliervae.fr\/index.php?rest_route=%2Fwp%2Fv2%2Fproduct_brand&post=27326"},{"taxonomy":"product_cat","embeddable":true,"href":"https:\/\/ateliervae.fr\/index.php?rest_route=%2Fwp%2Fv2%2Fproduct_cat&post=27326"},{"taxonomy":"product_tag","embeddable":true,"href":"https:\/\/ateliervae.fr\/index.php?rest_route=%2Fwp%2Fv2%2Fproduct_tag&post=27326"}],"curies":[{"name":"wp","href":"https:\/\/api.w.org\/{rel}","templated":true}]}}