{"id":27252,"date":"2026-04-13T10:10:07","date_gmt":"2026-04-13T10:10:07","guid":{"rendered":"https:\/\/ateliervae.fr\/product\/bosch-powertube-750-smart-system-vertical\/"},"modified":"2026-04-14T23:58:55","modified_gmt":"2026-04-14T23:58:55","slug":"bosch-powertube-750-smart-system-vertical","status":"publish","type":"product","link":"https:\/\/ateliervae.fr\/?product=bosch-powertube-750-smart-system-vertical","title":{"rendered":"Batterie pour velos Bosch PowerTube 750 | Smart System | Vertical"},"content":{"rendered":"<h2 data-section-id=\"ntdnji\" data-start=\"229\" data-end=\"266\">Description d\u00e9taill\u00e9e du produit<\/h2>\n<p data-start=\"268\" data-end=\"621\">La <strong data-start=\"271\" data-end=\"346\">batterie pour v\u00e9lo \u00e9lectrique Bosch PowerTube 750 Smart System Vertical<\/strong> repr\u00e9sente l\u2019une des solutions les plus avanc\u00e9es du march\u00e9 pour les cyclistes exigeants. Con\u00e7ue par Bosch, leader mondial des syst\u00e8mes pour e-bike, cette batterie lithium-ion haut de gamme offre une autonomie exceptionnelle et une int\u00e9gration parfaite dans le cadre du v\u00e9lo.<\/p>\n<p data-start=\"623\" data-end=\"962\">Pens\u00e9e pour les utilisateurs de <strong data-start=\"655\" data-end=\"673\">VTT \u00e9lectrique<\/strong>, v\u00e9los trekking ou v\u00e9los urbains, elle garantit des performances constantes m\u00eame sur les longues distances et les terrains exigeants. Gr\u00e2ce \u00e0 sa capacit\u00e9 \u00e9lev\u00e9e de 750 Wh, elle r\u00e9pond parfaitement aux besoins des cyclistes recherchant une <strong data-start=\"913\" data-end=\"951\">autonomie batterie v\u00e9lo \u00e9lectrique<\/strong> prolong\u00e9e.<\/p>\n<h3 data-section-id=\"e2hea7\" data-start=\"964\" data-end=\"1001\">Technologie avanc\u00e9e Lithium-ion<\/h3>\n<p data-start=\"1002\" data-end=\"1338\">Cette <strong data-start=\"1008\" data-end=\"1035\">batterie lithium e-bike<\/strong> utilise une technologie Lithium-ion de derni\u00e8re g\u00e9n\u00e9ration, assurant une densit\u00e9 \u00e9nerg\u00e9tique \u00e9lev\u00e9e, une recharge optimis\u00e9e et une dur\u00e9e de vie prolong\u00e9e. Elle int\u00e8gre un syst\u00e8me intelligent Smart System Bosch permettant une gestion fine de l\u2019\u00e9nergie et une communication avec l\u2019application eBike Flow.<\/p>\n<h3 data-section-id=\"ovep28\" data-start=\"1340\" data-end=\"1370\">Performance et autonomie<\/h3>\n<p data-start=\"1371\" data-end=\"1636\">Avec ses 750 Wh, cette <strong data-start=\"1394\" data-end=\"1426\">batterie 36V v\u00e9lo \u00e9lectrique<\/strong> offre une autonomie pouvant atteindre jusqu\u2019\u00e0 150 km selon les conditions (mode d\u2019assistance, poids, terrain). Elle est id\u00e9ale pour les longues randonn\u00e9es, les trajets quotidiens et les aventures tout-terrain.<\/p>\n<h3 data-section-id=\"1f9fvov\" data-start=\"1638\" data-end=\"1658\">Avantages cl\u00e9s<\/h3>\n<ul data-start=\"1659\" data-end=\"1898\">\n<li data-section-id=\"1vr7i0v\" data-start=\"1659\" data-end=\"1738\">Excellente <strong data-start=\"1672\" data-end=\"1709\">capacit\u00e9 batterie v\u00e9lo \u00e9lectrique<\/strong> pour les longues distances<\/li>\n<li data-section-id=\"ar41c6\" data-start=\"1739\" data-end=\"1771\">Recharge rapide et optimis\u00e9e<\/li>\n<li data-section-id=\"p6n5p3\" data-start=\"1772\" data-end=\"1816\">Grande <strong data-start=\"1781\" data-end=\"1814\">dur\u00e9e de vie batterie lithium<\/strong><\/li>\n<li data-section-id=\"133u939\" data-start=\"1817\" data-end=\"1859\">S\u00e9curit\u00e9 maximale gr\u00e2ce au BMS int\u00e9gr\u00e9<\/li>\n<li data-section-id=\"8hr9jj\" data-start=\"1860\" data-end=\"1898\">Int\u00e9gration \u00e9l\u00e9gante dans le cadre<\/li>\n<\/ul>\n<hr data-start=\"1902\" data-end=\"1905\" \/>\n<h2 data-section-id=\"1q517wf\" data-start=\"1907\" data-end=\"1937\">Tableau technique complet<\/h2>\n<div class=\"TyagGW_tableContainer\">\n<div class=\"group TyagGW_tableWrapper flex flex-col-reverse w-fit\" tabindex=\"-1\">\n<table class=\"w-fit min-w-(--thread-content-width)\" data-start=\"1939\" data-end=\"2530\">\n<thead data-start=\"1939\" data-end=\"1967\">\n<tr data-start=\"1939\" data-end=\"1967\">\n<th class=\"\" data-start=\"1939\" data-end=\"1957\" data-col-size=\"sm\">Caract\u00e9ristique<\/th>\n<th class=\"\" data-start=\"1957\" data-end=\"1967\" data-col-size=\"sm\">D\u00e9tail<\/th>\n<\/tr>\n<\/thead>\n<tbody data-start=\"1996\" data-end=\"2530\">\n<tr data-start=\"1996\" data-end=\"2039\">\n<td data-start=\"1996\" data-end=\"2015\" data-col-size=\"sm\">Type de batterie<\/td>\n<td data-start=\"2015\" data-end=\"2039\" data-col-size=\"sm\">Int\u00e9gr\u00e9e (PowerTube)<\/td>\n<\/tr>\n<tr data-start=\"2040\" data-end=\"2069\">\n<td data-start=\"2040\" data-end=\"2054\" data-col-size=\"sm\">Technologie<\/td>\n<td data-start=\"2054\" data-end=\"2069\" data-col-size=\"sm\">Lithium-ion<\/td>\n<\/tr>\n<tr data-start=\"2070\" data-end=\"2087\">\n<td data-start=\"2070\" data-end=\"2080\" data-col-size=\"sm\">Voltage<\/td>\n<td data-start=\"2080\" data-end=\"2087\" data-col-size=\"sm\">36V<\/td>\n<\/tr>\n<tr data-start=\"2088\" data-end=\"2119\">\n<td data-start=\"2088\" data-end=\"2099\" data-col-size=\"sm\">Capacit\u00e9<\/td>\n<td data-start=\"2099\" data-end=\"2119\" data-col-size=\"sm\">20.8 Ah \/ 750 Wh<\/td>\n<\/tr>\n<tr data-start=\"2120\" data-end=\"2155\">\n<td data-start=\"2120\" data-end=\"2140\" data-col-size=\"sm\">Autonomie estim\u00e9e<\/td>\n<td data-start=\"2140\" data-end=\"2155\" data-col-size=\"sm\">80 \u00e0 150 km<\/td>\n<\/tr>\n<tr data-start=\"2156\" data-end=\"2193\">\n<td data-start=\"2156\" data-end=\"2174\" data-col-size=\"sm\">Temps de charge<\/td>\n<td data-start=\"2174\" data-end=\"2193\" data-col-size=\"sm\">6 heures (100%)<\/td>\n<\/tr>\n<tr data-start=\"2194\" data-end=\"2230\">\n<td data-start=\"2194\" data-end=\"2209\" data-col-size=\"sm\">Dur\u00e9e de vie<\/td>\n<td data-start=\"2209\" data-end=\"2230\" data-col-size=\"sm\">500 \u00e0 1000 cycles<\/td>\n<\/tr>\n<tr data-start=\"2231\" data-end=\"2280\">\n<td data-start=\"2231\" data-end=\"2247\" data-col-size=\"sm\">Compatibilit\u00e9<\/td>\n<td data-start=\"2247\" data-end=\"2280\" data-col-size=\"sm\">Smart System Bosch uniquement<\/td>\n<\/tr>\n<tr data-start=\"2281\" data-end=\"2323\">\n<td data-start=\"2281\" data-end=\"2303\" data-col-size=\"sm\">Syst\u00e8me de fixation<\/td>\n<td data-start=\"2303\" data-end=\"2323\" data-col-size=\"sm\">Int\u00e9gr\u00e9 vertical<\/td>\n<\/tr>\n<tr data-start=\"2324\" data-end=\"2350\">\n<td data-start=\"2324\" data-end=\"2332\" data-col-size=\"sm\">Poids<\/td>\n<td data-start=\"2332\" data-end=\"2350\" data-col-size=\"sm\">Environ 4.4 kg<\/td>\n<\/tr>\n<tr data-start=\"2351\" data-end=\"2384\">\n<td data-start=\"2351\" data-end=\"2365\" data-col-size=\"sm\">Emplacement<\/td>\n<td data-start=\"2365\" data-end=\"2384\" data-col-size=\"sm\">Cadre (int\u00e9gr\u00e9)<\/td>\n<\/tr>\n<tr data-start=\"2385\" data-end=\"2412\">\n<td data-start=\"2385\" data-end=\"2392\" data-col-size=\"sm\">Type<\/td>\n<td data-start=\"2392\" data-end=\"2412\" data-col-size=\"sm\">Batterie interne<\/td>\n<\/tr>\n<tr data-start=\"2413\" data-end=\"2439\">\n<td data-start=\"2413\" data-end=\"2424\" data-col-size=\"sm\">S\u00e9curit\u00e9<\/td>\n<td data-start=\"2424\" data-end=\"2439\" data-col-size=\"sm\">BMS int\u00e9gr\u00e9<\/td>\n<\/tr>\n<tr data-start=\"2440\" data-end=\"2483\">\n<td data-start=\"2440\" data-end=\"2468\" data-col-size=\"sm\">Temp\u00e9rature d\u2019utilisation<\/td>\n<td data-start=\"2468\" data-end=\"2483\" data-col-size=\"sm\">-5\u00b0C \u00e0 40\u00b0C<\/td>\n<\/tr>\n<tr data-start=\"2484\" data-end=\"2530\">\n<td data-start=\"2484\" data-end=\"2500\" data-col-size=\"sm\">Ann\u00e9e \/ gamme<\/td>\n<td data-start=\"2500\" data-end=\"2530\" data-col-size=\"sm\">Bosch Smart System (2022+)<\/td>\n<\/tr>\n<\/tbody>\n<\/table>\n<\/div>\n<\/div>\n<hr data-start=\"2534\" data-end=\"2537\" \/>\n<h2 data-section-id=\"qb1b5r\" data-start=\"2539\" data-end=\"2579\">Tableau comparatif (avec concurrents)<\/h2>\n<div class=\"TyagGW_tableContainer\">\n<div class=\"group TyagGW_tableWrapper flex flex-col-reverse w-fit\" tabindex=\"-1\">\n<table class=\"w-fit min-w-(--thread-content-width)\" data-start=\"2581\" data-end=\"3051\">\n<thead data-start=\"2581\" data-end=\"2678\">\n<tr data-start=\"2581\" data-end=\"2678\">\n<th class=\"\" data-start=\"2581\" data-end=\"2590\" data-col-size=\"sm\">Mod\u00e8le<\/th>\n<th class=\"\" data-start=\"2590\" data-end=\"2609\" data-col-size=\"sm\">Type de batterie<\/th>\n<th class=\"\" data-start=\"2609\" data-end=\"2630\" data-col-size=\"sm\">Voltage \/ capacit\u00e9<\/th>\n<th class=\"\" data-start=\"2630\" data-end=\"2642\" data-col-size=\"sm\">Autonomie<\/th>\n<th class=\"\" data-start=\"2642\" data-end=\"2658\" data-col-size=\"sm\">Compatibilit\u00e9<\/th>\n<th class=\"\" data-start=\"2658\" data-end=\"2666\" data-col-size=\"sm\">Poids<\/th>\n<th class=\"\" data-start=\"2666\" data-end=\"2678\" data-col-size=\"sm\">Prix TTC<\/th>\n<\/tr>\n<\/thead>\n<tbody data-start=\"2770\" data-end=\"3051\">\n<tr data-start=\"2770\" data-end=\"2868\">\n<td data-start=\"2770\" data-end=\"2792\" data-col-size=\"sm\">Bosch PowerTube 750<\/td>\n<td data-start=\"2792\" data-end=\"2806\" data-col-size=\"sm\">Lithium-ion<\/td>\n<td data-start=\"2806\" data-end=\"2821\" data-col-size=\"sm\">36V \/ 750 Wh<\/td>\n<td data-start=\"2821\" data-end=\"2830\" data-col-size=\"sm\">150 km<\/td>\n<td data-start=\"2830\" data-end=\"2851\" data-col-size=\"sm\">Bosch Smart System<\/td>\n<td data-start=\"2851\" data-end=\"2860\" data-col-size=\"sm\">4.4 kg<\/td>\n<td data-start=\"2860\" data-end=\"2868\" data-col-size=\"sm\">899\u20ac<\/td>\n<\/tr>\n<tr data-start=\"2869\" data-end=\"2959\">\n<td data-start=\"2869\" data-end=\"2888\" data-col-size=\"sm\">Shimano BT-E8036<\/td>\n<td data-start=\"2888\" data-end=\"2902\" data-col-size=\"sm\">Lithium-ion<\/td>\n<td data-start=\"2902\" data-end=\"2917\" data-col-size=\"sm\">36V \/ 630 Wh<\/td>\n<td data-start=\"2917\" data-end=\"2926\" data-col-size=\"sm\">120 km<\/td>\n<td data-start=\"2926\" data-end=\"2942\" data-col-size=\"sm\">Shimano Steps<\/td>\n<td data-start=\"2942\" data-end=\"2951\" data-col-size=\"sm\">3.7 kg<\/td>\n<td data-start=\"2951\" data-end=\"2959\" data-col-size=\"sm\">799\u20ac<\/td>\n<\/tr>\n<tr data-start=\"2960\" data-end=\"3051\">\n<td data-start=\"2960\" data-end=\"2979\" data-col-size=\"sm\">Yamaha PW-X3 720<\/td>\n<td data-start=\"2979\" data-end=\"2993\" data-col-size=\"sm\">Lithium-ion<\/td>\n<td data-start=\"2993\" data-end=\"3008\" data-col-size=\"sm\">36V \/ 720 Wh<\/td>\n<td data-start=\"3008\" data-end=\"3017\" data-col-size=\"sm\">140 km<\/td>\n<td data-start=\"3017\" data-end=\"3034\" data-col-size=\"sm\">Yamaha moteurs<\/td>\n<td data-start=\"3034\" data-end=\"3043\" data-col-size=\"sm\">3.8 kg<\/td>\n<td data-start=\"3043\" data-end=\"3051\" data-col-size=\"sm\">850\u20ac<\/td>\n<\/tr>\n<\/tbody>\n<\/table>\n<\/div>\n<\/div>\n<h2 data-section-id=\"qukz3i\" data-start=\"3060\" data-end=\"3094\"><\/h2>\n<h2 data-section-id=\"qukz3i\" data-start=\"3060\" data-end=\"3094\">Conclusion<\/h2>\n<p data-start=\"3096\" data-end=\"3410\">La <strong data-start=\"3099\" data-end=\"3147\">batterie v\u00e9lo \u00e9lectrique Bosch PowerTube 750<\/strong> est un choix incontournable pour les cyclistes recherchant puissance, autonomie et fiabilit\u00e9. Sa technologie avanc\u00e9e, sa grande capacit\u00e9 et sa compatibilit\u00e9 avec le Smart System en font une r\u00e9f\u00e9rence sur le march\u00e9 des <strong data-start=\"3366\" data-end=\"3409\">batteries rechargeables v\u00e9lo \u00e9lectrique<\/strong>.<\/p>\n<p data-start=\"3562\" data-end=\"3679\">\n<h2 data-section-id=\"x9bttf\" data-start=\"3686\" data-end=\"3694\">FAQ<\/h2>\n<h3 data-section-id=\"fysbtd\" data-start=\"3696\" data-end=\"3740\">Quelle autonomie pour cette batterie ?<\/h3>\n<p data-start=\"3741\" data-end=\"3846\">L\u2019autonomie peut atteindre jusqu\u2019\u00e0 150 km selon le mode d\u2019assistance, le terrain et le poids du cycliste.<\/p>\n<h3 data-section-id=\"5nh8dt\" data-start=\"3848\" data-end=\"3889\">Est-elle compatible avec mon v\u00e9lo ?<\/h3>\n<p data-start=\"3890\" data-end=\"3970\">Elle est compatible uniquement avec les v\u00e9los \u00e9quip\u00e9s du <strong data-start=\"3947\" data-end=\"3969\">Bosch Smart System<\/strong>.<\/p>\n<h3 data-section-id=\"m36iwn\" data-start=\"3972\" data-end=\"4011\">Combien de temps dure la charge ?<\/h3>\n<p data-start=\"4012\" data-end=\"4087\">Une charge compl\u00e8te prend environ 6 heures avec un chargeur standard Bosch.<\/p>\n<h3 data-section-id=\"yeh51t\" data-start=\"4089\" data-end=\"4136\">Peut-on remplacer une batterie ancienne ?<\/h3>\n<p data-start=\"4137\" data-end=\"4236\">Oui, si votre v\u00e9lo est compatible Smart System, cette batterie peut remplacer un mod\u00e8le \u00e9quivalent.<\/p>\n<h3 data-section-id=\"1bxmk8p\" data-start=\"4238\" data-end=\"4272\">Quelle est sa dur\u00e9e de vie ?<\/h3>\n<p data-start=\"4273\" data-end=\"4356\">Elle offre entre 500 et 1000 cycles de charge, soit plusieurs ann\u00e9es d\u2019utilisation.<\/p>\n<h3 data-section-id=\"1p1mv9a\" data-start=\"4358\" data-end=\"4395\">Est-ce une batterie s\u00e9curis\u00e9e ?<\/h3>\n<p data-start=\"4396\" data-end=\"4497\">Oui, elle dispose d\u2019un syst\u00e8me BMS int\u00e9gr\u00e9 contre la surcharge, la surchauffe et les courts-circuits.<\/p>\n<h3 data-section-id=\"12gzrls\" data-start=\"4499\" data-end=\"4535\">Peut-on rouler sous la pluie ?<\/h3>\n<p data-start=\"4536\" data-end=\"4607\">Oui, elle est con\u00e7ue pour r\u00e9sister aux conditions climatiques normales.<\/p>\n","protected":false},"excerpt":{"rendered":"<ul data-start=\"4639\" data-end=\"4895\">\n<li data-section-id=\"rorwim\" data-start=\"4639\" data-end=\"4700\"><span style=\"color: #008000;\">\ud83d\udd0b <strong data-start=\"4644\" data-end=\"4669\">Puissance &amp; autonomie<\/strong> : 750 Wh pour jusqu\u2019\u00e0 150 km<\/span><\/li>\n<li data-section-id=\"1kn7s0a\" data-start=\"4701\" data-end=\"4764\"><span style=\"color: #008000;\">\u26a1 <strong data-start=\"4705\" data-end=\"4731\">Technologie &amp; s\u00e9curit\u00e9<\/strong> : Lithium-ion avec BMS int\u00e9gr\u00e9<\/span><\/li>\n<li data-section-id=\"e40iml\" data-start=\"4765\" data-end=\"4821\"><span style=\"color: #008000;\">\ud83d\udeb4 <strong data-start=\"4770\" data-end=\"4787\">Compatibilit\u00e9<\/strong> : Bosch Smart System uniquement<\/span><\/li>\n<li data-section-id=\"19y55yb\" data-start=\"4822\" data-end=\"4895\"><span style=\"color: #008000;\">\u2b50 <strong data-start=\"4826\" data-end=\"4845\">Atout principal<\/strong> : autonomie longue dur\u00e9e et performance premium<\/span><\/li>\n<li data-section-id=\"19y55yb\" data-start=\"4822\" data-end=\"4895\">\n<p data-start=\"3412\" data-end=\"3560\">Que vous soyez amateur de longues randonn\u00e9es ou utilisateur quotidien, cette batterie vous garantit une exp\u00e9rience fluide, performante et s\u00e9curis\u00e9e.<\/p>\n<p data-start=\"3562\" data-end=\"3679\">\ud83d\udc49 <strong data-start=\"3565\" data-end=\"3679\">Passez \u00e0 la puissance sup\u00e9rieure d\u00e8s aujourd\u2019hui et \u00e9quipez votre v\u00e9lo avec une batterie Bosch haut de gamme !<\/strong><\/p>\n<\/li>\n<\/ul>\n","protected":false},"featured_media":27251,"comment_status":"open","ping_status":"closed","template":"","meta":[],"product_brand":[76],"product_cat":[225,212,229,113,33,114],"product_tag":[478,479],"class_list":{"0":"post-27252","1":"product","2":"type-product","3":"status-publish","4":"has-post-thumbnail","6":"product_brand-bosch","7":"product_cat-20-ah-36v-batterie-integree","8":"product_cat-36v-batterie-integree","9":"product_cat-720-wh-20-ah-36v-batterie-integree","10":"product_cat-batterie-integree","11":"product_cat-batteries-de-velos","12":"product_cat-cadre-integre","13":"product_tag-batterie-velo-electrique","14":"product_tag-batterie-velo-fiable","16":"first","17":"instock","18":"sale","19":"shipping-taxable","20":"purchasable","21":"product-type-simple"},"yoast_head":"<!-- This site is optimized with the Yoast SEO plugin v27.5 - https:\/\/yoast.com\/product\/yoast-seo-wordpress\/ -->\n<title>Batterie pour velos Bosch PowerTube 750 | Smart System | Vertical - ateliervae.fr<\/title>\n<meta name=\"description\" content=\"Batterie v\u00e9lo \u00e9lectrique Bosch PowerTube 750 \u00e0 659 au lieur de 899\u20ac : autonomie maximale, performance fiable et recharge rapide pour vos trajets longue distance.\" \/>\n<meta name=\"robots\" content=\"index, follow, max-snippet:-1, max-image-preview:large, max-video-preview:-1\" \/>\n<link rel=\"canonical\" href=\"https:\/\/ateliervae.fr\/?product=bosch-powertube-750-smart-system-vertical\" \/>\n<meta property=\"og:locale\" content=\"fr_FR\" \/>\n<meta property=\"og:type\" content=\"article\" \/>\n<meta property=\"og:title\" content=\"Batterie pour velos Bosch PowerTube 750 | Smart System | Vertical - ateliervae.fr\" \/>\n<meta property=\"og:description\" content=\"Batterie v\u00e9lo \u00e9lectrique Bosch PowerTube 750 \u00e0 659 au lieur de 899\u20ac : autonomie maximale, performance fiable et recharge rapide pour vos trajets longue distance.\" \/>\n<meta property=\"og:url\" content=\"https:\/\/ateliervae.fr\/?product=bosch-powertube-750-smart-system-vertical\" \/>\n<meta property=\"og:site_name\" content=\"ateliervae.fr\" \/>\n<meta property=\"article:modified_time\" content=\"2026-04-14T23:58:55+00:00\" \/>\n<meta property=\"og:image\" content=\"https:\/\/ateliervae.fr\/wp-content\/uploads\/2026\/04\/750_vert_smart_logo.jpg\" \/>\n\t<meta property=\"og:image:width\" content=\"360\" \/>\n\t<meta property=\"og:image:height\" content=\"360\" \/>\n\t<meta property=\"og:image:type\" content=\"image\/jpeg\" \/>\n<meta name=\"twitter:card\" content=\"summary_large_image\" \/>\n<meta name=\"twitter:label1\" content=\"Dur\u00e9e de lecture estim\u00e9e\" \/>\n\t<meta name=\"twitter:data1\" content=\"3 minutes\" \/>\n<script type=\"application\/ld+json\" class=\"yoast-schema-graph\">{\"@context\":\"https:\\\/\\\/schema.org\",\"@graph\":[{\"@type\":\"WebPage\",\"@id\":\"https:\\\/\\\/ateliervae.fr\\\/?product=bosch-powertube-750-smart-system-vertical\",\"url\":\"https:\\\/\\\/ateliervae.fr\\\/?product=bosch-powertube-750-smart-system-vertical\",\"name\":\"Batterie pour velos Bosch PowerTube 750 | Smart System | Vertical - ateliervae.fr\",\"isPartOf\":{\"@id\":\"https:\\\/\\\/ateliervae.fr\\\/#website\"},\"primaryImageOfPage\":{\"@id\":\"https:\\\/\\\/ateliervae.fr\\\/?product=bosch-powertube-750-smart-system-vertical#primaryimage\"},\"image\":{\"@id\":\"https:\\\/\\\/ateliervae.fr\\\/?product=bosch-powertube-750-smart-system-vertical#primaryimage\"},\"thumbnailUrl\":\"https:\\\/\\\/ateliervae.fr\\\/wp-content\\\/uploads\\\/2026\\\/04\\\/750_vert_smart_logo.jpg\",\"datePublished\":\"2026-04-13T10:10:07+00:00\",\"dateModified\":\"2026-04-14T23:58:55+00:00\",\"description\":\"Batterie v\u00e9lo \u00e9lectrique Bosch PowerTube 750 \u00e0 659 au lieur de 899\u20ac : autonomie maximale, performance fiable et recharge rapide pour vos trajets longue distance.\",\"breadcrumb\":{\"@id\":\"https:\\\/\\\/ateliervae.fr\\\/?product=bosch-powertube-750-smart-system-vertical#breadcrumb\"},\"inLanguage\":\"fr-FR\",\"potentialAction\":[{\"@type\":\"ReadAction\",\"target\":[\"https:\\\/\\\/ateliervae.fr\\\/?product=bosch-powertube-750-smart-system-vertical\"]}]},{\"@type\":\"ImageObject\",\"inLanguage\":\"fr-FR\",\"@id\":\"https:\\\/\\\/ateliervae.fr\\\/?product=bosch-powertube-750-smart-system-vertical#primaryimage\",\"url\":\"https:\\\/\\\/ateliervae.fr\\\/wp-content\\\/uploads\\\/2026\\\/04\\\/750_vert_smart_logo.jpg\",\"contentUrl\":\"https:\\\/\\\/ateliervae.fr\\\/wp-content\\\/uploads\\\/2026\\\/04\\\/750_vert_smart_logo.jpg\",\"width\":360,\"height\":360,\"caption\":\"batterie v\u00e9lo \u00e9lectrique bosch\"},{\"@type\":\"BreadcrumbList\",\"@id\":\"https:\\\/\\\/ateliervae.fr\\\/?product=bosch-powertube-750-smart-system-vertical#breadcrumb\",\"itemListElement\":[{\"@type\":\"ListItem\",\"position\":1,\"name\":\"Home\",\"item\":\"https:\\\/\\\/ateliervae.fr\\\/\"},{\"@type\":\"ListItem\",\"position\":2,\"name\":\"Produits\",\"item\":\"https:\\\/\\\/ateliervae.fr\\\/shop\\\/\"},{\"@type\":\"ListItem\",\"position\":3,\"name\":\"Batterie pour velos Bosch PowerTube 750 | Smart System | Vertical\"}]},{\"@type\":\"WebSite\",\"@id\":\"https:\\\/\\\/ateliervae.fr\\\/#website\",\"url\":\"https:\\\/\\\/ateliervae.fr\\\/\",\"name\":\"ateliervae.fr\",\"description\":\"L\u2019\u00e9nergie au c\u0153ur de vos trajets\",\"publisher\":{\"@id\":\"https:\\\/\\\/ateliervae.fr\\\/#organization\"},\"potentialAction\":[{\"@type\":\"SearchAction\",\"target\":{\"@type\":\"EntryPoint\",\"urlTemplate\":\"https:\\\/\\\/ateliervae.fr\\\/?s={search_term_string}\"},\"query-input\":{\"@type\":\"PropertyValueSpecification\",\"valueRequired\":true,\"valueName\":\"search_term_string\"}}],\"inLanguage\":\"fr-FR\"},{\"@type\":\"Organization\",\"@id\":\"https:\\\/\\\/ateliervae.fr\\\/#organization\",\"name\":\"ateliervae.fr\",\"url\":\"https:\\\/\\\/ateliervae.fr\\\/\",\"logo\":{\"@type\":\"ImageObject\",\"inLanguage\":\"fr-FR\",\"@id\":\"https:\\\/\\\/ateliervae.fr\\\/#\\\/schema\\\/logo\\\/image\\\/\",\"url\":\"https:\\\/\\\/ateliervae.fr\\\/wp-content\\\/uploads\\\/2026\\\/04\\\/ChatGPT-Image-6-avr.-2026-11_58_22.png\",\"contentUrl\":\"https:\\\/\\\/ateliervae.fr\\\/wp-content\\\/uploads\\\/2026\\\/04\\\/ChatGPT-Image-6-avr.-2026-11_58_22.png\",\"width\":1536,\"height\":1024,\"caption\":\"ateliervae.fr\"},\"image\":{\"@id\":\"https:\\\/\\\/ateliervae.fr\\\/#\\\/schema\\\/logo\\\/image\\\/\"}}]}<\/script>\n<!-- \/ Yoast SEO plugin. -->","yoast_head_json":{"title":"Batterie pour velos Bosch PowerTube 750 | Smart System | Vertical - ateliervae.fr","description":"Batterie v\u00e9lo \u00e9lectrique Bosch PowerTube 750 \u00e0 659 au lieur de 899\u20ac : autonomie maximale, performance fiable et recharge rapide pour vos trajets longue distance.","robots":{"index":"index","follow":"follow","max-snippet":"max-snippet:-1","max-image-preview":"max-image-preview:large","max-video-preview":"max-video-preview:-1"},"canonical":"https:\/\/ateliervae.fr\/?product=bosch-powertube-750-smart-system-vertical","og_locale":"fr_FR","og_type":"article","og_title":"Batterie pour velos Bosch PowerTube 750 | Smart System | Vertical - ateliervae.fr","og_description":"Batterie v\u00e9lo \u00e9lectrique Bosch PowerTube 750 \u00e0 659 au lieur de 899\u20ac : autonomie maximale, performance fiable et recharge rapide pour vos trajets longue distance.","og_url":"https:\/\/ateliervae.fr\/?product=bosch-powertube-750-smart-system-vertical","og_site_name":"ateliervae.fr","article_modified_time":"2026-04-14T23:58:55+00:00","og_image":[{"width":360,"height":360,"url":"https:\/\/ateliervae.fr\/wp-content\/uploads\/2026\/04\/750_vert_smart_logo.jpg","type":"image\/jpeg"}],"twitter_card":"summary_large_image","twitter_misc":{"Dur\u00e9e de lecture estim\u00e9e":"3 minutes"},"schema":{"@context":"https:\/\/schema.org","@graph":[{"@type":"WebPage","@id":"https:\/\/ateliervae.fr\/?product=bosch-powertube-750-smart-system-vertical","url":"https:\/\/ateliervae.fr\/?product=bosch-powertube-750-smart-system-vertical","name":"Batterie pour velos Bosch PowerTube 750 | Smart System | Vertical - ateliervae.fr","isPartOf":{"@id":"https:\/\/ateliervae.fr\/#website"},"primaryImageOfPage":{"@id":"https:\/\/ateliervae.fr\/?product=bosch-powertube-750-smart-system-vertical#primaryimage"},"image":{"@id":"https:\/\/ateliervae.fr\/?product=bosch-powertube-750-smart-system-vertical#primaryimage"},"thumbnailUrl":"https:\/\/ateliervae.fr\/wp-content\/uploads\/2026\/04\/750_vert_smart_logo.jpg","datePublished":"2026-04-13T10:10:07+00:00","dateModified":"2026-04-14T23:58:55+00:00","description":"Batterie v\u00e9lo \u00e9lectrique Bosch PowerTube 750 \u00e0 659 au lieur de 899\u20ac : autonomie maximale, performance fiable et recharge rapide pour vos trajets longue distance.","breadcrumb":{"@id":"https:\/\/ateliervae.fr\/?product=bosch-powertube-750-smart-system-vertical#breadcrumb"},"inLanguage":"fr-FR","potentialAction":[{"@type":"ReadAction","target":["https:\/\/ateliervae.fr\/?product=bosch-powertube-750-smart-system-vertical"]}]},{"@type":"ImageObject","inLanguage":"fr-FR","@id":"https:\/\/ateliervae.fr\/?product=bosch-powertube-750-smart-system-vertical#primaryimage","url":"https:\/\/ateliervae.fr\/wp-content\/uploads\/2026\/04\/750_vert_smart_logo.jpg","contentUrl":"https:\/\/ateliervae.fr\/wp-content\/uploads\/2026\/04\/750_vert_smart_logo.jpg","width":360,"height":360,"caption":"batterie v\u00e9lo \u00e9lectrique bosch"},{"@type":"BreadcrumbList","@id":"https:\/\/ateliervae.fr\/?product=bosch-powertube-750-smart-system-vertical#breadcrumb","itemListElement":[{"@type":"ListItem","position":1,"name":"Home","item":"https:\/\/ateliervae.fr\/"},{"@type":"ListItem","position":2,"name":"Produits","item":"https:\/\/ateliervae.fr\/shop\/"},{"@type":"ListItem","position":3,"name":"Batterie pour velos Bosch PowerTube 750 | Smart System | Vertical"}]},{"@type":"WebSite","@id":"https:\/\/ateliervae.fr\/#website","url":"https:\/\/ateliervae.fr\/","name":"ateliervae.fr","description":"L\u2019\u00e9nergie au c\u0153ur de vos trajets","publisher":{"@id":"https:\/\/ateliervae.fr\/#organization"},"potentialAction":[{"@type":"SearchAction","target":{"@type":"EntryPoint","urlTemplate":"https:\/\/ateliervae.fr\/?s={search_term_string}"},"query-input":{"@type":"PropertyValueSpecification","valueRequired":true,"valueName":"search_term_string"}}],"inLanguage":"fr-FR"},{"@type":"Organization","@id":"https:\/\/ateliervae.fr\/#organization","name":"ateliervae.fr","url":"https:\/\/ateliervae.fr\/","logo":{"@type":"ImageObject","inLanguage":"fr-FR","@id":"https:\/\/ateliervae.fr\/#\/schema\/logo\/image\/","url":"https:\/\/ateliervae.fr\/wp-content\/uploads\/2026\/04\/ChatGPT-Image-6-avr.-2026-11_58_22.png","contentUrl":"https:\/\/ateliervae.fr\/wp-content\/uploads\/2026\/04\/ChatGPT-Image-6-avr.-2026-11_58_22.png","width":1536,"height":1024,"caption":"ateliervae.fr"},"image":{"@id":"https:\/\/ateliervae.fr\/#\/schema\/logo\/image\/"}}]}},"_links":{"self":[{"href":"https:\/\/ateliervae.fr\/index.php?rest_route=\/wp\/v2\/product\/27252","targetHints":{"allow":["GET"]}}],"collection":[{"href":"https:\/\/ateliervae.fr\/index.php?rest_route=\/wp\/v2\/product"}],"about":[{"href":"https:\/\/ateliervae.fr\/index.php?rest_route=\/wp\/v2\/types\/product"}],"replies":[{"embeddable":true,"href":"https:\/\/ateliervae.fr\/index.php?rest_route=%2Fwp%2Fv2%2Fcomments&post=27252"}],"version-history":[{"count":2,"href":"https:\/\/ateliervae.fr\/index.php?rest_route=\/wp\/v2\/product\/27252\/revisions"}],"predecessor-version":[{"id":27427,"href":"https:\/\/ateliervae.fr\/index.php?rest_route=\/wp\/v2\/product\/27252\/revisions\/27427"}],"wp:featuredmedia":[{"embeddable":true,"href":"https:\/\/ateliervae.fr\/index.php?rest_route=\/wp\/v2\/media\/27251"}],"wp:attachment":[{"href":"https:\/\/ateliervae.fr\/index.php?rest_route=%2Fwp%2Fv2%2Fmedia&parent=27252"}],"wp:term":[{"taxonomy":"product_brand","embeddable":true,"href":"https:\/\/ateliervae.fr\/index.php?rest_route=%2Fwp%2Fv2%2Fproduct_brand&post=27252"},{"taxonomy":"product_cat","embeddable":true,"href":"https:\/\/ateliervae.fr\/index.php?rest_route=%2Fwp%2Fv2%2Fproduct_cat&post=27252"},{"taxonomy":"product_tag","embeddable":true,"href":"https:\/\/ateliervae.fr\/index.php?rest_route=%2Fwp%2Fv2%2Fproduct_tag&post=27252"}],"curies":[{"name":"wp","href":"https:\/\/api.w.org\/{rel}","templated":true}]}}