{"id":28934,"date":"2026-05-07T09:27:29","date_gmt":"2026-05-07T09:27:29","guid":{"rendered":"https:\/\/ateliervae.fr\/?page_id=28934"},"modified":"2026-05-07T09:34:28","modified_gmt":"2026-05-07T09:34:28","slug":"conditions-generales-de-vente-cgv","status":"publish","type":"page","link":"https:\/\/ateliervae.fr\/?page_id=28934","title":{"rendered":"Conditions G\u00e9n\u00e9rales de Vente (CGV)"},"content":{"rendered":"\t\t<div data-elementor-type=\"wp-page\" data-elementor-id=\"28934\" class=\"elementor elementor-28934\">\n\t\t\t\t<div class=\"wd-negative-gap elementor-element elementor-element-bbaadf3 e-flex e-con-boxed e-con e-parent\" data-id=\"bbaadf3\" data-element_type=\"container\" data-e-type=\"container\">\n\t\t\t\t\t<div class=\"e-con-inner\">\n\t\t<div class=\"elementor-element elementor-element-0638b9f e-con-full e-flex e-con e-child\" data-id=\"0638b9f\" data-element_type=\"container\" data-e-type=\"container\">\n\t\t\t\t<div class=\"elementor-element elementor-element-c7f7704 color-scheme-inherit text-left elementor-widget elementor-widget-text-editor\" data-id=\"c7f7704\" data-element_type=\"widget\" data-e-type=\"widget\" data-widget_type=\"text-editor.default\">\n\t\t\t\t\t\t\t\t\t<p data-start=\"334\" data-end=\"349\"><strong data-start=\"334\" data-end=\"349\">Atelier VAE<\/strong><\/p><h2 data-section-id=\"1shvm4j\" data-start=\"351\" data-end=\"366\">1. Pr\u00e9ambule<\/h2><p data-start=\"368\" data-end=\"527\">Les pr\u00e9sentes Conditions G\u00e9n\u00e9rales de Vente (CGV) r\u00e9gissent les ventes r\u00e9alis\u00e9es sur le site internet <strong data-start=\"470\" data-end=\"496\"><a class=\"decorated-link\" href=\"https:\/\/ateliervae.fr\/\" target=\"_new\" rel=\"noopener\" data-start=\"472\" data-end=\"494\">https:\/\/ateliervae.fr\/<\/a><\/strong>, exploit\u00e9 par <strong data-start=\"511\" data-end=\"526\">Atelier VAE<\/strong>.<\/p><p data-start=\"529\" data-end=\"617\">Toute commande pass\u00e9e sur le site implique l\u2019acceptation sans r\u00e9serve des pr\u00e9sentes CGV.<\/p><hr data-start=\"619\" data-end=\"622\" \/><h2 data-section-id=\"c4sm4r\" data-start=\"624\" data-end=\"638\">2. Produits<\/h2><p data-start=\"640\" data-end=\"684\">Le site <strong data-start=\"648\" data-end=\"663\">Atelier VAE<\/strong> propose \u00e0 la vente :<\/p><ul data-start=\"686\" data-end=\"807\"><li data-section-id=\"174e24p\" data-start=\"686\" data-end=\"729\">pi\u00e8ces d\u00e9tach\u00e9es pour v\u00e9los \u00e9lectriques<\/li><li data-section-id=\"1vrc553\" data-start=\"730\" data-end=\"768\">accessoires pour v\u00e9los \u00e9lectriques<\/li><li data-section-id=\"etohl2\" data-start=\"769\" data-end=\"807\">composants et \u00e9quipements pour VAE<\/li><\/ul><p data-start=\"809\" data-end=\"919\">Les produits sont pr\u00e9sent\u00e9s avec la plus grande pr\u00e9cision possible. Toutefois, des variations peuvent exister.<\/p><hr data-start=\"921\" data-end=\"924\" \/><h2 data-section-id=\"1mtctwr\" data-start=\"926\" data-end=\"936\">3. Prix<\/h2><p data-start=\"938\" data-end=\"1030\">Les prix sont indiqu\u00e9s en <strong data-start=\"964\" data-end=\"977\">euros (\u20ac)<\/strong> toutes taxes comprises (TTC) sauf mention contraire.<\/p><p data-start=\"1032\" data-end=\"1189\">Atelier VAE se r\u00e9serve le droit de modifier ses prix \u00e0 tout moment, mais les produits sont factur\u00e9s sur la base du tarif en vigueur au moment de la commande.<\/p><hr data-start=\"1191\" data-end=\"1194\" \/><h2 data-section-id=\"1i0shkt\" data-start=\"1196\" data-end=\"1210\">4. Commande<\/h2><p data-start=\"1212\" data-end=\"1256\">Toute commande pass\u00e9e sur le site implique :<\/p><ul data-start=\"1258\" data-end=\"1389\"><li data-section-id=\"s6zc9q\" data-start=\"1258\" data-end=\"1285\">la validation du panier<\/li><li data-section-id=\"rfyurg\" data-start=\"1286\" data-end=\"1353\">la fourniture des informations n\u00e9cessaires (nom, adresse, etc.)<\/li><li data-section-id=\"11lptzl\" data-start=\"1354\" data-end=\"1389\">l\u2019acceptation des pr\u00e9sentes CGV<\/li><\/ul><p data-start=\"1391\" data-end=\"1491\">Atelier VAE se r\u00e9serve le droit d\u2019annuler toute commande en cas de litige ou de suspicion de fraude.<\/p><hr data-start=\"1493\" data-end=\"1496\" \/><h2 data-section-id=\"1tamya9\" data-start=\"1498\" data-end=\"1512\">5. Paiement<\/h2><p data-start=\"1514\" data-end=\"1567\">Le paiement est exigible imm\u00e9diatement \u00e0 la commande.<\/p><p data-start=\"1569\" data-end=\"1607\">Les moyens de paiement accept\u00e9s sont :<\/p><ul data-start=\"1609\" data-end=\"1695\"><li data-section-id=\"11n6ffc\" data-start=\"1609\" data-end=\"1627\">carte bancaire<\/li><li data-section-id=\"y49qc7\" data-start=\"1628\" data-end=\"1695\">autres moyens disponibles sur le site <em data-start=\"1668\" data-end=\"1693\">(\u00e0 compl\u00e9ter si besoin)<\/em><\/li><\/ul><p data-start=\"1697\" data-end=\"1759\">Les paiements sont s\u00e9curis\u00e9s via des prestataires sp\u00e9cialis\u00e9s.<\/p><hr data-start=\"1761\" data-end=\"1764\" \/><h2 data-section-id=\"bpjnqe\" data-start=\"1766\" data-end=\"1781\">6. Livraison<\/h2><p data-start=\"1783\" data-end=\"1863\">Les produits sont livr\u00e9s \u00e0 l\u2019adresse indiqu\u00e9e par le client lors de la commande.<\/p><p data-start=\"1865\" data-end=\"1884\">D\u00e9lais indicatifs :<\/p><ul data-start=\"1886\" data-end=\"1973\"><li data-section-id=\"bj83pz\" data-start=\"1886\" data-end=\"1923\">traitement de commande : 24 \u00e0 72h<\/li><li data-section-id=\"1i3ygzi\" data-start=\"1924\" data-end=\"1973\">livraison : selon transporteur et destination<\/li><\/ul><p data-start=\"1975\" data-end=\"2050\">Atelier VAE ne peut \u00eatre tenu responsable des retards li\u00e9s au transporteur.<\/p><hr data-start=\"2052\" data-end=\"2055\" \/><h2 data-section-id=\"1llwwvh\" data-start=\"2057\" data-end=\"2085\">7. R\u00e9ception des produits<\/h2><p data-start=\"2087\" data-end=\"2149\">Le client est tenu de v\u00e9rifier l\u2019\u00e9tat du colis \u00e0 la r\u00e9ception.<\/p><p data-start=\"2151\" data-end=\"2259\">En cas de produit endommag\u00e9 ou manquant, il doit contacter le service client dans un d\u00e9lai de <strong data-start=\"2245\" data-end=\"2258\">48 heures<\/strong>.<\/p><hr data-start=\"2261\" data-end=\"2264\" \/><h2 data-section-id=\"j09lfk\" data-start=\"2266\" data-end=\"2293\">8. Droit de r\u00e9tractation<\/h2><p data-start=\"2295\" data-end=\"2428\">Conform\u00e9ment \u00e0 la loi, le client dispose d\u2019un d\u00e9lai de <strong data-start=\"2350\" data-end=\"2362\">14 jours<\/strong> \u00e0 compter de la r\u00e9ception pour exercer son droit de r\u00e9tractation.<\/p><p data-start=\"2430\" data-end=\"2442\">Conditions :<\/p><ul data-start=\"2444\" data-end=\"2533\"><li data-section-id=\"3q7qcn\" data-start=\"2444\" data-end=\"2480\">le produit doit \u00eatre non utilis\u00e9<\/li><li data-section-id=\"1t0sava\" data-start=\"2481\" data-end=\"2513\">dans son emballage d\u2019origine<\/li><li data-section-id=\"1smxzg2\" data-start=\"2514\" data-end=\"2533\">en parfait \u00e9tat<\/li><\/ul><p data-start=\"2535\" data-end=\"2608\">Les frais de retour sont \u00e0 la charge du client sauf erreur de notre part.<\/p><hr data-start=\"2610\" data-end=\"2613\" \/><h2 data-section-id=\"1ph6rs6\" data-start=\"2615\" data-end=\"2634\">9. Remboursement<\/h2><p data-start=\"2636\" data-end=\"2803\">Apr\u00e8s r\u00e9ception et v\u00e9rification des produits retourn\u00e9s, le remboursement sera effectu\u00e9 sous <strong data-start=\"2728\" data-end=\"2748\">14 jours maximum<\/strong> via le m\u00eame moyen de paiement utilis\u00e9 lors de l\u2019achat.<\/p><hr data-start=\"2805\" data-end=\"2808\" \/><h2 data-section-id=\"1q1dd6i\" data-start=\"2810\" data-end=\"2826\">10. Garanties<\/h2><p data-start=\"2828\" data-end=\"2876\">Les produits b\u00e9n\u00e9ficient des garanties l\u00e9gales :<\/p><ul data-start=\"2878\" data-end=\"2948\"><li data-section-id=\"68jrr4\" data-start=\"2878\" data-end=\"2911\">garantie l\u00e9gale de conformit\u00e9<\/li><li data-section-id=\"ds86sp\" data-start=\"2912\" data-end=\"2948\">garantie contre les vices cach\u00e9s<\/li><\/ul><p data-start=\"2950\" data-end=\"3013\">En cas de probl\u00e8me, le client peut contacter le service client.<\/p><hr data-start=\"3015\" data-end=\"3018\" \/><h2 data-section-id=\"qijdwf\" data-start=\"3020\" data-end=\"3041\">11. Responsabilit\u00e9<\/h2><p data-start=\"3043\" data-end=\"3086\">Atelier VAE ne peut \u00eatre tenu responsable :<\/p><ul data-start=\"3088\" data-end=\"3211\"><li data-section-id=\"ose9fd\" data-start=\"3088\" data-end=\"3131\">d\u2019une mauvaise utilisation des produits<\/li><li data-section-id=\"15pm8a4\" data-start=\"3132\" data-end=\"3158\">d\u2019un montage incorrect<\/li><li data-section-id=\"1jbswv0\" data-start=\"3159\" data-end=\"3211\">d\u2019une incompatibilit\u00e9 non signal\u00e9e par le client<\/li><\/ul><hr data-start=\"3213\" data-end=\"3216\" \/><h2 data-section-id=\"1agg5kk\" data-start=\"3218\" data-end=\"3245\">12. Donn\u00e9es personnelles<\/h2><p data-start=\"3247\" data-end=\"3307\">Les informations collect\u00e9es sont utilis\u00e9es uniquement pour :<\/p><ul data-start=\"3309\" data-end=\"3380\"><li data-section-id=\"1p7aj8v\" data-start=\"3309\" data-end=\"3340\">le traitement des commandes<\/li><li data-section-id=\"137dzvi\" data-start=\"3341\" data-end=\"3357\">la livraison<\/li><li data-section-id=\"t9487u\" data-start=\"3358\" data-end=\"3380\">la relation client<\/li><\/ul><p data-start=\"3382\" data-end=\"3491\">Conform\u00e9ment au RGPD, le client dispose d\u2019un droit d\u2019acc\u00e8s, de modification et de suppression de ses donn\u00e9es.<\/p><hr data-start=\"3493\" data-end=\"3496\" \/><h2 data-section-id=\"tuvmy2\" data-start=\"3498\" data-end=\"3529\">13. Propri\u00e9t\u00e9 intellectuelle<\/h2><p data-start=\"3531\" data-end=\"3640\">Tous les \u00e9l\u00e9ments du site <strong data-start=\"3557\" data-end=\"3572\">Atelier VAE<\/strong> (textes, images, logo, design) sont prot\u00e9g\u00e9s par le droit d\u2019auteur.<\/p><p data-start=\"3642\" data-end=\"3693\">Toute reproduction est interdite sans autorisation.<\/p><hr data-start=\"3695\" data-end=\"3698\" \/><h2 data-section-id=\"wwxk7e\" data-start=\"3700\" data-end=\"3721\">14. Service client<\/h2><p data-start=\"3723\" data-end=\"3759\">Pour toute question ou r\u00e9clamation :<\/p><p data-start=\"3761\" data-end=\"3824\">\ud83d\udce9 Email :<strong>atelier@ateliervae.fr<\/strong><\/p><p data-start=\"3761\" data-end=\"3824\"><br data-start=\"3789\" data-end=\"3792\" \/>\ud83c\udf10 Site : <a class=\"decorated-link\" href=\"https:\/\/ateliervae.fr\/\" target=\"_new\" rel=\"noopener\" data-start=\"3802\" data-end=\"3824\">https:\/\/ateliervae.fr\/<\/a><\/p><hr data-start=\"3826\" data-end=\"3829\" \/><h2 data-section-id=\"5g8p5y\" data-start=\"3831\" data-end=\"3854\">15. Droit applicable<\/h2><p data-start=\"3856\" data-end=\"3944\">Les pr\u00e9sentes CGV sont soumises au droit en vigueur dans le pays d\u2019exploitation du site.<\/p><p data-start=\"3946\" data-end=\"4031\">En cas de litige, une solution amiable sera recherch\u00e9e avant toute action judiciaire.<\/p>\t\t\t\t\t\t\t\t<\/div>\n\t\t\t\t<\/div>\n\t\t\t\t\t<\/div>\n\t\t\t\t<\/div>\n\t\t\t\t<\/div>\n\t\t","protected":false},"excerpt":{"rendered":"<p>Atelier VAE 1. Pr\u00e9ambule Les pr\u00e9sentes Conditions G\u00e9n\u00e9rales de Vente (CGV) r\u00e9gissent les ventes r\u00e9alis\u00e9es sur le site internet https:\/\/ateliervae.fr\/,<\/p>\n","protected":false},"author":1,"featured_media":28846,"parent":0,"menu_order":0,"comment_status":"closed","ping_status":"closed","template":"elementor_header_footer","meta":{"footnotes":""},"class_list":["post-28934","page","type-page","status-publish","has-post-thumbnail","hentry"],"yoast_head":"<!-- This site is optimized with the Yoast SEO plugin v27.5 - https:\/\/yoast.com\/product\/yoast-seo-wordpress\/ -->\n<title>Conditions G\u00e9n\u00e9rales de Vente (CGV) - ateliervae.fr<\/title>\n<meta name=\"robots\" content=\"index, follow, max-snippet:-1, max-image-preview:large, max-video-preview:-1\" \/>\n<link rel=\"canonical\" href=\"https:\/\/ateliervae.fr\/?page_id=28934\" \/>\n<meta property=\"og:locale\" content=\"fr_FR\" \/>\n<meta property=\"og:type\" content=\"article\" \/>\n<meta property=\"og:title\" content=\"Conditions G\u00e9n\u00e9rales de Vente (CGV) - ateliervae.fr\" \/>\n<meta property=\"og:description\" content=\"Atelier VAE 1. Pr\u00e9ambule Les pr\u00e9sentes Conditions G\u00e9n\u00e9rales de Vente (CGV) r\u00e9gissent les ventes r\u00e9alis\u00e9es sur le site internet https:\/\/ateliervae.fr\/,\" \/>\n<meta property=\"og:url\" content=\"https:\/\/ateliervae.fr\/?page_id=28934\" \/>\n<meta property=\"og:site_name\" content=\"ateliervae.fr\" \/>\n<meta property=\"article:modified_time\" content=\"2026-05-07T09:34:28+00:00\" \/>\n<meta property=\"og:image\" content=\"https:\/\/ateliervae.fr\/wp-content\/uploads\/2026\/05\/ChatGPT-Image-6-avr.-2026-12_05_48.png\" \/>\n\t<meta property=\"og:image:width\" content=\"1536\" \/>\n\t<meta property=\"og:image:height\" content=\"1024\" \/>\n\t<meta property=\"og:image:type\" content=\"image\/png\" \/>\n<meta name=\"twitter:card\" content=\"summary_large_image\" \/>\n<meta name=\"twitter:label1\" content=\"Dur\u00e9e de lecture estim\u00e9e\" \/>\n\t<meta name=\"twitter:data1\" content=\"3 minutes\" \/>\n<script type=\"application\/ld+json\" class=\"yoast-schema-graph\">{\"@context\":\"https:\\\/\\\/schema.org\",\"@graph\":[{\"@type\":\"WebPage\",\"@id\":\"https:\\\/\\\/ateliervae.fr\\\/?page_id=28934\",\"url\":\"https:\\\/\\\/ateliervae.fr\\\/?page_id=28934\",\"name\":\"Conditions G\u00e9n\u00e9rales de Vente (CGV) - ateliervae.fr\",\"isPartOf\":{\"@id\":\"https:\\\/\\\/ateliervae.fr\\\/#website\"},\"primaryImageOfPage\":{\"@id\":\"https:\\\/\\\/ateliervae.fr\\\/?page_id=28934#primaryimage\"},\"image\":{\"@id\":\"https:\\\/\\\/ateliervae.fr\\\/?page_id=28934#primaryimage\"},\"thumbnailUrl\":\"https:\\\/\\\/ateliervae.fr\\\/wp-content\\\/uploads\\\/2026\\\/05\\\/ChatGPT-Image-6-avr.-2026-12_05_48.png\",\"datePublished\":\"2026-05-07T09:27:29+00:00\",\"dateModified\":\"2026-05-07T09:34:28+00:00\",\"breadcrumb\":{\"@id\":\"https:\\\/\\\/ateliervae.fr\\\/?page_id=28934#breadcrumb\"},\"inLanguage\":\"fr-FR\",\"potentialAction\":[{\"@type\":\"ReadAction\",\"target\":[\"https:\\\/\\\/ateliervae.fr\\\/?page_id=28934\"]}]},{\"@type\":\"ImageObject\",\"inLanguage\":\"fr-FR\",\"@id\":\"https:\\\/\\\/ateliervae.fr\\\/?page_id=28934#primaryimage\",\"url\":\"https:\\\/\\\/ateliervae.fr\\\/wp-content\\\/uploads\\\/2026\\\/05\\\/ChatGPT-Image-6-avr.-2026-12_05_48.png\",\"contentUrl\":\"https:\\\/\\\/ateliervae.fr\\\/wp-content\\\/uploads\\\/2026\\\/05\\\/ChatGPT-Image-6-avr.-2026-12_05_48.png\",\"width\":1536,\"height\":1024,\"caption\":\"boutique v\u00e9lo \u00e9lectrique France contact\"},{\"@type\":\"BreadcrumbList\",\"@id\":\"https:\\\/\\\/ateliervae.fr\\\/?page_id=28934#breadcrumb\",\"itemListElement\":[{\"@type\":\"ListItem\",\"position\":1,\"name\":\"Home\",\"item\":\"https:\\\/\\\/ateliervae.fr\\\/\"},{\"@type\":\"ListItem\",\"position\":2,\"name\":\"Conditions G\u00e9n\u00e9rales de Vente (CGV)\"}]},{\"@type\":\"WebSite\",\"@id\":\"https:\\\/\\\/ateliervae.fr\\\/#website\",\"url\":\"https:\\\/\\\/ateliervae.fr\\\/\",\"name\":\"ateliervae.fr\",\"description\":\"L\u2019\u00e9nergie au c\u0153ur de vos trajets\",\"publisher\":{\"@id\":\"https:\\\/\\\/ateliervae.fr\\\/#organization\"},\"potentialAction\":[{\"@type\":\"SearchAction\",\"target\":{\"@type\":\"EntryPoint\",\"urlTemplate\":\"https:\\\/\\\/ateliervae.fr\\\/?s={search_term_string}\"},\"query-input\":{\"@type\":\"PropertyValueSpecification\",\"valueRequired\":true,\"valueName\":\"search_term_string\"}}],\"inLanguage\":\"fr-FR\"},{\"@type\":\"Organization\",\"@id\":\"https:\\\/\\\/ateliervae.fr\\\/#organization\",\"name\":\"ateliervae.fr\",\"url\":\"https:\\\/\\\/ateliervae.fr\\\/\",\"logo\":{\"@type\":\"ImageObject\",\"inLanguage\":\"fr-FR\",\"@id\":\"https:\\\/\\\/ateliervae.fr\\\/#\\\/schema\\\/logo\\\/image\\\/\",\"url\":\"https:\\\/\\\/ateliervae.fr\\\/wp-content\\\/uploads\\\/2026\\\/04\\\/ChatGPT-Image-6-avr.-2026-11_58_22.png\",\"contentUrl\":\"https:\\\/\\\/ateliervae.fr\\\/wp-content\\\/uploads\\\/2026\\\/04\\\/ChatGPT-Image-6-avr.-2026-11_58_22.png\",\"width\":1536,\"height\":1024,\"caption\":\"ateliervae.fr\"},\"image\":{\"@id\":\"https:\\\/\\\/ateliervae.fr\\\/#\\\/schema\\\/logo\\\/image\\\/\"}}]}<\/script>\n<!-- \/ Yoast SEO plugin. -->","yoast_head_json":{"title":"Conditions G\u00e9n\u00e9rales de Vente (CGV) - ateliervae.fr","robots":{"index":"index","follow":"follow","max-snippet":"max-snippet:-1","max-image-preview":"max-image-preview:large","max-video-preview":"max-video-preview:-1"},"canonical":"https:\/\/ateliervae.fr\/?page_id=28934","og_locale":"fr_FR","og_type":"article","og_title":"Conditions G\u00e9n\u00e9rales de Vente (CGV) - ateliervae.fr","og_description":"Atelier VAE 1. Pr\u00e9ambule Les pr\u00e9sentes Conditions G\u00e9n\u00e9rales de Vente (CGV) r\u00e9gissent les ventes r\u00e9alis\u00e9es sur le site internet https:\/\/ateliervae.fr\/,","og_url":"https:\/\/ateliervae.fr\/?page_id=28934","og_site_name":"ateliervae.fr","article_modified_time":"2026-05-07T09:34:28+00:00","og_image":[{"width":1536,"height":1024,"url":"https:\/\/ateliervae.fr\/wp-content\/uploads\/2026\/05\/ChatGPT-Image-6-avr.-2026-12_05_48.png","type":"image\/png"}],"twitter_card":"summary_large_image","twitter_misc":{"Dur\u00e9e de lecture estim\u00e9e":"3 minutes"},"schema":{"@context":"https:\/\/schema.org","@graph":[{"@type":"WebPage","@id":"https:\/\/ateliervae.fr\/?page_id=28934","url":"https:\/\/ateliervae.fr\/?page_id=28934","name":"Conditions G\u00e9n\u00e9rales de Vente (CGV) - ateliervae.fr","isPartOf":{"@id":"https:\/\/ateliervae.fr\/#website"},"primaryImageOfPage":{"@id":"https:\/\/ateliervae.fr\/?page_id=28934#primaryimage"},"image":{"@id":"https:\/\/ateliervae.fr\/?page_id=28934#primaryimage"},"thumbnailUrl":"https:\/\/ateliervae.fr\/wp-content\/uploads\/2026\/05\/ChatGPT-Image-6-avr.-2026-12_05_48.png","datePublished":"2026-05-07T09:27:29+00:00","dateModified":"2026-05-07T09:34:28+00:00","breadcrumb":{"@id":"https:\/\/ateliervae.fr\/?page_id=28934#breadcrumb"},"inLanguage":"fr-FR","potentialAction":[{"@type":"ReadAction","target":["https:\/\/ateliervae.fr\/?page_id=28934"]}]},{"@type":"ImageObject","inLanguage":"fr-FR","@id":"https:\/\/ateliervae.fr\/?page_id=28934#primaryimage","url":"https:\/\/ateliervae.fr\/wp-content\/uploads\/2026\/05\/ChatGPT-Image-6-avr.-2026-12_05_48.png","contentUrl":"https:\/\/ateliervae.fr\/wp-content\/uploads\/2026\/05\/ChatGPT-Image-6-avr.-2026-12_05_48.png","width":1536,"height":1024,"caption":"boutique v\u00e9lo \u00e9lectrique France contact"},{"@type":"BreadcrumbList","@id":"https:\/\/ateliervae.fr\/?page_id=28934#breadcrumb","itemListElement":[{"@type":"ListItem","position":1,"name":"Home","item":"https:\/\/ateliervae.fr\/"},{"@type":"ListItem","position":2,"name":"Conditions G\u00e9n\u00e9rales de Vente (CGV)"}]},{"@type":"WebSite","@id":"https:\/\/ateliervae.fr\/#website","url":"https:\/\/ateliervae.fr\/","name":"ateliervae.fr","description":"L\u2019\u00e9nergie au c\u0153ur de vos trajets","publisher":{"@id":"https:\/\/ateliervae.fr\/#organization"},"potentialAction":[{"@type":"SearchAction","target":{"@type":"EntryPoint","urlTemplate":"https:\/\/ateliervae.fr\/?s={search_term_string}"},"query-input":{"@type":"PropertyValueSpecification","valueRequired":true,"valueName":"search_term_string"}}],"inLanguage":"fr-FR"},{"@type":"Organization","@id":"https:\/\/ateliervae.fr\/#organization","name":"ateliervae.fr","url":"https:\/\/ateliervae.fr\/","logo":{"@type":"ImageObject","inLanguage":"fr-FR","@id":"https:\/\/ateliervae.fr\/#\/schema\/logo\/image\/","url":"https:\/\/ateliervae.fr\/wp-content\/uploads\/2026\/04\/ChatGPT-Image-6-avr.-2026-11_58_22.png","contentUrl":"https:\/\/ateliervae.fr\/wp-content\/uploads\/2026\/04\/ChatGPT-Image-6-avr.-2026-11_58_22.png","width":1536,"height":1024,"caption":"ateliervae.fr"},"image":{"@id":"https:\/\/ateliervae.fr\/#\/schema\/logo\/image\/"}}]}},"_links":{"self":[{"href":"https:\/\/ateliervae.fr\/index.php?rest_route=\/wp\/v2\/pages\/28934","targetHints":{"allow":["GET"]}}],"collection":[{"href":"https:\/\/ateliervae.fr\/index.php?rest_route=\/wp\/v2\/pages"}],"about":[{"href":"https:\/\/ateliervae.fr\/index.php?rest_route=\/wp\/v2\/types\/page"}],"author":[{"embeddable":true,"href":"https:\/\/ateliervae.fr\/index.php?rest_route=\/wp\/v2\/users\/1"}],"replies":[{"embeddable":true,"href":"https:\/\/ateliervae.fr\/index.php?rest_route=%2Fwp%2Fv2%2Fcomments&post=28934"}],"version-history":[{"count":4,"href":"https:\/\/ateliervae.fr\/index.php?rest_route=\/wp\/v2\/pages\/28934\/revisions"}],"predecessor-version":[{"id":28940,"href":"https:\/\/ateliervae.fr\/index.php?rest_route=\/wp\/v2\/pages\/28934\/revisions\/28940"}],"wp:featuredmedia":[{"embeddable":true,"href":"https:\/\/ateliervae.fr\/index.php?rest_route=\/wp\/v2\/media\/28846"}],"wp:attachment":[{"href":"https:\/\/ateliervae.fr\/index.php?rest_route=%2Fwp%2Fv2%2Fmedia&parent=28934"}],"curies":[{"name":"wp","href":"https:\/\/api.w.org\/{rel}","templated":true}]}}